{"id":16664,"date":"2021-10-19T09:32:54","date_gmt":"2021-10-19T07:32:54","guid":{"rendered":"https:\/\/www.electroluxprofessional.com\/?page_id=36796"},"modified":"2026-03-23T14:41:35","modified_gmt":"2026-03-23T14:41:35","slug":"gamme-detergents-ecologiques-line6000","status":"publish","type":"page","link":"https:\/\/www.electroluxprofessional.com\/fr\/accessoires-consommables-blanchisserie\/gamme-detergents-ecologiques-line6000\/","title":{"rendered":"Gamme Detergentes Ecologiques line 6000"},"content":{"rendered":"<p>[vc_row full_width=&#8221;electroluxpro-full-width-no-padding&#8221;][vc_column][elx_image_block background_image=&#8221;16646&#8243; minimum_height=&#8221;350px&#8221;][vc_empty_space][\/vc_column][\/vc_row][vc_row][vc_column][vc_column_text]<\/p>\n<h1 style=\"text-align: center;\">D\u00e9tergents \u00e9cologiques Line 6000 pour blanchisseries professionnelles<\/h1>\n<p>[\/vc_column_text][vc_empty_space][\/vc_column][\/vc_row][vc_row disable_element=&#8221;yes&#8221;][vc_column width=&#8221;1\/2&#8243;][vc_column_text]<\/p>\n<p style=\"text-align: center; font-size: 40px;\">Expand the sustainability of your business<br \/>\nby choosing the right workmates<\/p>\n<p>[\/vc_column_text][\/vc_column][vc_column width=&#8221;1\/2&#8243;][elx_download_block background_color=&#8221;electrolux-blue&#8221;][\/vc_column][\/vc_row][vc_row][vc_column][vc_empty_space][\/vc_column][\/vc_row][vc_row equal_height=&#8221;yes&#8221; content_placement=&#8221;middle&#8221;][vc_column width=&#8221;1\/2&#8243; css=&#8221;.vc_custom_1634290239036{padding-right: 0px !important;padding-left: 0px !important;}&#8221;][elx_image_block background_image=&#8221;16645&#8243; minimum_height=&#8221;500px&#8221;][\/vc_column][vc_column width=&#8221;1\/2&#8243; css=&#8221;.vc_custom_1634290612414{padding-left: 0px !important;background-color: #e8eff5 !important;}&#8221;][vc_column_text css=&#8221;.vc_custom_1649944180295{padding-top: 160px !important;padding-right: 50px !important;padding-bottom: 160px !important;padding-left: 50px !important;}&#8221;]<\/p>\n<h3>Une expertise certifi\u00e9e vous garantissant des performances exceptionnelles et des r\u00e9sultats in\u00e9gal\u00e9s au quotidien.<\/h3>\n<p>[\/vc_column_text][\/vc_column][\/vc_row][vc_row][vc_column][vc_empty_space][elx_download_block text=&#8221;T\u00e9l\u00e9charger la brochure&#8221; document_type=&#8221;brochures&#8221; background_color=&#8221;electrolux-blue&#8221; br_document_number=&#8221;A0123&#8243;][vc_column_text]<\/p>\n<h2 style=\"text-align: center;\">Am\u00e9liorez votre impact sur l&#8217;environnement<br \/>\nen choisissant des produits \u00e9co-responsables.<\/h2>\n<p>[\/vc_column_text][vc_empty_space][\/vc_column][\/vc_row][vc_row css=&#8221;.vc_custom_1634290625159{background-color: #e8eff5 !important;}&#8221;][vc_column][vc_empty_space height=&#8221;60px&#8221;][vc_row_inner][vc_column_inner width=&#8221;1\/4&#8243;][vc_empty_space][\/vc_column_inner][vc_column_inner width=&#8221;1\/2&#8243;][vc_single_image image=&#8221;16647&#8243; img_size=&#8221;medium&#8221; alignment=&#8221;center&#8221;][\/vc_column_inner][vc_column_inner width=&#8221;1\/4&#8243;][vc_empty_space][\/vc_column_inner][\/vc_row_inner][vc_empty_space][vc_column_text]<\/p>\n<h3 style=\"text-align: center;\">Conforme aux exigences de l&#8217;ECOLABEL EUROP\u00c9EN<\/h3>\n<p style=\"text-align: center;\">comprenant le strict respect du cahier des charges sur les mati\u00e8res premi\u00e8res, les crit\u00e8res de performance et sur une d\u00e9marche environnementale rigoureuse.<\/p>\n<p>[\/vc_column_text][vc_empty_space][vc_row_inner][vc_column_inner width=&#8221;1\/4&#8243;][vc_empty_space][\/vc_column_inner][vc_column_inner width=&#8221;1\/4&#8243;][vc_single_image image=&#8221;16648&#8243; img_size=&#8221;medium&#8221; alignment=&#8221;center&#8221;][\/vc_column_inner][vc_column_inner width=&#8221;1\/4&#8243;][vc_single_image image=&#8221;16649&#8243; img_size=&#8221;medium&#8221; alignment=&#8221;center&#8221;][\/vc_column_inner][vc_column_inner width=&#8221;1\/4&#8243;][vc_empty_space][\/vc_column_inner][\/vc_row_inner][vc_empty_space][vc_column_text]<\/p>\n<h3 style=\"text-align: center;\">Certifi\u00e9 Ecolabel, test\u00e9 dermatologiquement et hypoallerg\u00e9nique.<\/h3>\n<p style=\"text-align: center;\">Les d\u00e9tergents de la gamme \u00e9cologique Line 6000 ont \u00e9t\u00e9 d\u00e9velopp\u00e9s pour offrir des r\u00e9sultats de haute qualit\u00e9,<br \/>\nune s\u00e9curit\u00e9 et une efficacit\u00e9 \u00e9lev\u00e9es avec un faible impact environnemental.<\/p>\n<p>&nbsp;<\/p>\n<p>[\/vc_column_text][vc_empty_space][vc_row_inner][vc_column_inner width=&#8221;1\/3&#8243;][vc_single_image image=&#8221;16650&#8243; img_size=&#8221;medium&#8221; alignment=&#8221;center&#8221;][vc_column_text]<\/p>\n<h4 style=\"text-align: center;\">L02 &#8211; Lessive liquide<\/h4>\n<p>[\/vc_column_text][\/vc_column_inner][vc_column_inner width=&#8221;1\/3&#8243;][vc_single_image image=&#8221;16651&#8243; img_size=&#8221;medium&#8221; alignment=&#8221;center&#8221;][vc_column_text]<\/p>\n<h4 style=\"text-align: center;\">L01 &#8211; Lessive en poudre<\/h4>\n<p>[\/vc_column_text][\/vc_column_inner][vc_column_inner width=&#8221;1\/3&#8243;][vc_single_image image=&#8221;18702&#8243; img_size=&#8221;medium&#8221; alignment=&#8221;center&#8221;][vc_column_text]<\/p>\n<h4 style=\"text-align: center;\">L06 \u2013 D\u00e9graissant<\/h4>\n<p>[\/vc_column_text][\/vc_column_inner][\/vc_row_inner][vc_empty_space][vc_row_inner][vc_column_inner width=&#8221;1\/3&#8243;][vc_single_image image=&#8221;16653&#8243; img_size=&#8221;medium&#8221; alignment=&#8221;center&#8221;][vc_column_text]<\/p>\n<h4 style=\"text-align: center;\">L05 &#8211; Adoucissant<\/h4>\n<p>[\/vc_column_text][\/vc_column_inner][vc_column_inner width=&#8221;1\/3&#8243;][vc_single_image image=&#8221;16654&#8243; img_size=&#8221;medium&#8221; alignment=&#8221;center&#8221;][vc_column_text]<\/p>\n<h4 style=\"text-align: center;\">L04 &#8211; Blanchissant<\/h4>\n<p>[\/vc_column_text][\/vc_column_inner][vc_column_inner width=&#8221;1\/3&#8243;][vc_single_image image=&#8221;16655&#8243; img_size=&#8221;medium&#8221; alignment=&#8221;center&#8221;][vc_column_text]<\/p>\n<h4 style=\"text-align: center;\">L03 &#8211; Booster<\/h4>\n<p>[\/vc_column_text][\/vc_column_inner][\/vc_row_inner][vc_empty_space][\/vc_column][\/vc_row][vc_row disable_element=&#8221;yes&#8221;][vc_column][vc_empty_space height=&#8221;80px&#8221;][elx_shop_now button_text=&#8221;Commander maintenant&#8221; button_display_block=&#8221;display_block_on&#8221; button_alignment=&#8221;align_center&#8221; button_link=&#8221;url:https%3A%2F%2Fbuy.electroluxprofessional.com%2F||target:%20_blank|&#8221;][vc_empty_space height=&#8221;100px&#8221;][\/vc_column][\/vc_row][vc_row disable_element=&#8221;yes&#8221; css=&#8221;.vc_custom_1772012720126{background-color: #f9f9f9 !important;}&#8221;][vc_column][vc_empty_space height=&#8221;50px&#8221;][vc_row_inner][vc_column_inner width=&#8221;1\/5&#8243;][vc_empty_space][\/vc_column_inner][vc_column_inner width=&#8221;1\/5&#8243;][vc_single_image image=&#8221;16657&#8243; img_size=&#8221;full&#8221; alignment=&#8221;center&#8221;][\/vc_column_inner][vc_column_inner width=&#8221;1\/5&#8243;][vc_single_image image=&#8221;16648&#8243; img_size=&#8221;full&#8221; alignment=&#8221;center&#8221;][\/vc_column_inner][vc_column_inner width=&#8221;1\/5&#8243;][vc_single_image image=&#8221;16649&#8243; img_size=&#8221;full&#8221; alignment=&#8221;center&#8221;][\/vc_column_inner][vc_column_inner width=&#8221;1\/5&#8243;][vc_empty_space][\/vc_column_inner][\/vc_row_inner][vc_empty_space height=&#8221;50px&#8221;][vc_column_text]<\/p>\n<h3 style=\"text-align: center;\">Certifi\u00e9 Ecolabel, test\u00e9 dermatologiquement et hypoallerg\u00e9nique.<\/h3>\n<p style=\"text-align: center;\">Les d\u00e9tergents de la gamme \u00e9cologique Line 6000 ont \u00e9t\u00e9 d\u00e9velopp\u00e9s pour offrir des r\u00e9sultats de haute qualit\u00e9,<br \/>\nune s\u00e9curit\u00e9 et une efficacit\u00e9 \u00e9lev\u00e9es avec un faible impact environnemental.<\/p>\n<p>&nbsp;<\/p>\n<p>[\/vc_column_text][vc_empty_space height=&#8221;50px&#8221;][\/vc_column][\/vc_row][vc_row disable_element=&#8221;yes&#8221;][vc_column][vc_empty_space height=&#8221;80px&#8221;][elx_shop_now button_text=&#8221;Commander maintenant&#8221; button_display_block=&#8221;display_block_on&#8221; button_alignment=&#8221;align_center&#8221; button_link=&#8221;url:https%3A%2F%2Fbuy.electroluxprofessional.com%2F||target:%20_blank|&#8221;][vc_empty_space height=&#8221;100px&#8221;][\/vc_column][\/vc_row][vc_row][vc_column][vc_column_text]<\/p>\n<h2 style=\"text-align: center;\">Pour parfaire vos op\u00e9rations de blanchisserie<\/h2>\n<p>[\/vc_column_text][vc_empty_space height=&#8221;50px&#8221;][vc_row_inner][vc_column_inner width=&#8221;1\/2&#8243;][vc_single_image image=&#8221;16661&#8243; img_size=&#8221;large&#8221; alignment=&#8221;center&#8221;][vc_column_text]<\/p>\n<h5 style=\"text-align: center;\">Agents de pr\u00e9d\u00e9tachage et de pr\u00e9brossage<\/h5>\n<p>[\/vc_column_text][\/vc_column_inner][vc_column_inner width=&#8221;1\/2&#8243;][vc_single_image image=&#8221;16662&#8243; img_size=&#8221;large&#8221; alignment=&#8221;center&#8221;][vc_column_text]<\/p>\n<h5 style=\"text-align: center;\">D\u00e9tartrant<\/h5>\n<p>[\/vc_column_text][\/vc_column_inner][\/vc_row_inner][vc_empty_space][\/vc_column][\/vc_row][vc_row disable_element=&#8221;yes&#8221;][vc_column][vc_empty_space height=&#8221;50px&#8221;][elx_shop_now button_text=&#8221;Commander maintenant&#8221; button_display_block=&#8221;display_block_on&#8221; button_alignment=&#8221;align_center&#8221; button_link=&#8221;url:https%3A%2F%2Fbuy.electroluxprofessional.com%2Felectrolux-professional%2Felx0s2394%3Fprofile%3Delectrolux||target:%20_blank|&#8221;][vc_empty_space height=&#8221;50px&#8221;][\/vc_column][\/vc_row][vc_row css=&#8221;.vc_custom_1634628370087{background-color: #f9f9f9 !important;}&#8221;][vc_column][vc_empty_space height=&#8221;50px&#8221;][vc_column_text]<\/p>\n<h2 style=\"text-align: center;\">Plus \u00e9cologique<\/h2>\n<p style=\"text-align: center;\">Communiquez votre choix \u00e0 vos clients et gagnez en confiance.<\/p>\n<p>[\/vc_column_text][vc_empty_space height=&#8221;50px&#8221;][vc_single_image image=&#8221;18703&#8243; img_size=&#8221;full&#8221; alignment=&#8221;center&#8221;][vc_empty_space height=&#8221;50px&#8221;][\/vc_column][\/vc_row][vc_row][vc_column][elx_heading text_color=&#8221;inherit&#8221; text_align=&#8221;text-left&#8221;]Contactez-nous pour en savoir plus sur la gamme de d\u00e9tergents Line 6000[\/elx_heading][elx_o2000_contact_us s=&#8221;Demande d&#8217;informations gamme de d\u00e9tergents Line 6000&#8243; request_type=&#8221;Parts and consumables&#8221; country=&#8221;France&#8221; b=&#8221;laundry&#8221; r=&#8221;Je souhaiterais plus d&#8217;informations sur les d\u00e9tergents Line 6000&#8243;][\/vc_column][\/vc_row]<\/p>\n","protected":false},"excerpt":{"rendered":"<p>[vc_row full_width=&#8221;electroluxpro-full-width-no-padding&#8221;][vc_column][elx_image_block background_image=&#8221;16646&#8243; minimum_height=&#8221;350px&#8221;][vc_empty_space][\/vc_column][\/vc_row][vc_row][vc_column][vc_column_text] D\u00e9tergents \u00e9cologiques Line 6000 pour blanchisseries professionnelles [\/vc_column_text][vc_empty_space][\/vc_column][\/vc_row][vc_row disable_element=&#8221;yes&#8221;][vc_column width=&#8221;1\/2&#8243;][vc_column_text] Expand the sustainability of your business by choosing the right workmates [\/vc_column_text][\/vc_column][vc_column width=&#8221;1\/2&#8243;][elx_download_block background_color=&#8221;electrolux-blue&#8221;][\/vc_column][\/vc_row][vc_row][vc_column][vc_empty_space][\/vc_column][\/vc_row][vc_row equal_height=&#8221;yes&#8221; content_placement=&#8221;middle&#8221;][vc_column width=&#8221;1\/2&#8243; css=&#8221;.vc_custom_1634290239036{padding-right: 0px !important;padding-left: 0px !important;}&#8221;][elx_image_block background_image=&#8221;16645&#8243; minimum_height=&#8221;500px&#8221;][\/vc_column][vc_column width=&#8221;1\/2&#8243; css=&#8221;.vc_custom_1634290612414{padding-left: 0px !important;background-color: #e8eff5 !important;}&#8221;][vc_column_text css=&#8221;.vc_custom_1649944180295{padding-top: 160px !important;padding-right: 50px !important;padding-bottom: 160px !important;padding-left: 50px !important;}&#8221;] Une expertise [&hellip;]<\/p>\n","protected":false},"author":93,"featured_media":16645,"parent":27760,"menu_order":0,"comment_status":"closed","ping_status":"closed","template":"","meta":{"footnotes":""},"class_list":["post-16664","page","type-page","status-publish","has-post-thumbnail","hentry"],"acf":[],"yoast_head":"<!-- This site is optimized with the Yoast SEO plugin v23.3 - https:\/\/yoast.com\/wordpress\/plugins\/seo\/ -->\n<title>D\u00e9tergents \u00e9cologiques Line 6000 | Electrolux Professional<\/title>\n<meta name=\"description\" content=\"D\u00e9couvrez nos d\u00e9tergents Line 6000 : certifi\u00e9s Ecolabel, hypoallerg\u00e9niques et test\u00e9s dermatologiquement pour vos blanchisseries professionnelles.\" \/>\n<meta name=\"robots\" content=\"index, follow, max-snippet:-1, max-image-preview:large, max-video-preview:-1\" \/>\n<link rel=\"canonical\" href=\"https:\/\/www.electroluxprofessional.com\/fr\/accessoires-consommables-blanchisserie\/gamme-detergents-ecologiques-line6000\/\" \/>\n<meta property=\"og:locale\" content=\"fr_FR\" \/>\n<meta property=\"og:type\" content=\"article\" \/>\n<meta property=\"og:title\" content=\"D\u00e9tergents \u00e9cologiques Line 6000 | Electrolux Professional\" \/>\n<meta property=\"og:description\" content=\"D\u00e9couvrez nos d\u00e9tergents Line 6000 : certifi\u00e9s Ecolabel, hypoallerg\u00e9niques et test\u00e9s dermatologiquement pour vos blanchisseries professionnelles.\" \/>\n<meta property=\"og:url\" content=\"https:\/\/www.electroluxprofessional.com\/fr\/accessoires-consommables-blanchisserie\/gamme-detergents-ecologiques-line6000\/\" \/>\n<meta property=\"og:site_name\" content=\"Electrolux Professional France\" \/>\n<meta property=\"article:modified_time\" content=\"2026-03-23T14:41:35+00:00\" \/>\n<meta property=\"og:image\" content=\"https:\/\/www.electroluxprofessional.com\/fr\/wp-content\/uploads\/2021\/10\/Calla.jpg\" \/>\n\t<meta property=\"og:image:width\" content=\"500\" \/>\n\t<meta property=\"og:image:height\" content=\"500\" \/>\n\t<meta property=\"og:image:type\" content=\"image\/jpeg\" \/>\n<meta name=\"twitter:card\" content=\"summary_large_image\" \/>\n<meta name=\"twitter:label1\" content=\"Dur\u00e9e de lecture estim\u00e9e\" \/>\n\t<meta name=\"twitter:data1\" content=\"3 minutes\" \/>\n<script type=\"application\/ld+json\" class=\"yoast-schema-graph\">{\"@context\":\"https:\/\/schema.org\",\"@graph\":[{\"@type\":\"WebPage\",\"@id\":\"https:\/\/www.electroluxprofessional.com\/fr\/accessoires-consommables-blanchisserie\/gamme-detergents-ecologiques-line6000\/\",\"url\":\"https:\/\/www.electroluxprofessional.com\/fr\/accessoires-consommables-blanchisserie\/gamme-detergents-ecologiques-line6000\/\",\"name\":\"D\u00e9tergents \u00e9cologiques Line 6000 | Electrolux Professional\",\"isPartOf\":{\"@id\":\"https:\/\/www.electroluxprofessional.com\/fr\/#website\"},\"primaryImageOfPage\":{\"@id\":\"https:\/\/www.electroluxprofessional.com\/fr\/accessoires-consommables-blanchisserie\/gamme-detergents-ecologiques-line6000\/#primaryimage\"},\"image\":{\"@id\":\"https:\/\/www.electroluxprofessional.com\/fr\/accessoires-consommables-blanchisserie\/gamme-detergents-ecologiques-line6000\/#primaryimage\"},\"thumbnailUrl\":\"https:\/\/www.electroluxprofessional.com\/fr\/wp-content\/uploads\/2021\/10\/Calla.jpg\",\"datePublished\":\"2021-10-19T07:32:54+00:00\",\"dateModified\":\"2026-03-23T14:41:35+00:00\",\"description\":\"D\u00e9couvrez nos d\u00e9tergents Line 6000 : certifi\u00e9s Ecolabel, hypoallerg\u00e9niques et test\u00e9s dermatologiquement pour vos blanchisseries professionnelles.\",\"breadcrumb\":{\"@id\":\"https:\/\/www.electroluxprofessional.com\/fr\/accessoires-consommables-blanchisserie\/gamme-detergents-ecologiques-line6000\/#breadcrumb\"},\"inLanguage\":\"fr-FR\",\"potentialAction\":[{\"@type\":\"ReadAction\",\"target\":[\"https:\/\/www.electroluxprofessional.com\/fr\/accessoires-consommables-blanchisserie\/gamme-detergents-ecologiques-line6000\/\"]}]},{\"@type\":\"ImageObject\",\"inLanguage\":\"fr-FR\",\"@id\":\"https:\/\/www.electroluxprofessional.com\/fr\/accessoires-consommables-blanchisserie\/gamme-detergents-ecologiques-line6000\/#primaryimage\",\"url\":\"https:\/\/www.electroluxprofessional.com\/fr\/wp-content\/uploads\/2021\/10\/Calla.jpg\",\"contentUrl\":\"https:\/\/www.electroluxprofessional.com\/fr\/wp-content\/uploads\/2021\/10\/Calla.jpg\",\"width\":500,\"height\":500,\"caption\":\"Calla\"},{\"@type\":\"BreadcrumbList\",\"@id\":\"https:\/\/www.electroluxprofessional.com\/fr\/accessoires-consommables-blanchisserie\/gamme-detergents-ecologiques-line6000\/#breadcrumb\",\"itemListElement\":[{\"@type\":\"ListItem\",\"position\":1,\"name\":\"Home\",\"item\":\"https:\/\/www.electroluxprofessional.com\/fr\/\"},{\"@type\":\"ListItem\",\"position\":2,\"name\":\"Accessoires &#038; consommables blanchisserie\",\"item\":\"https:\/\/www.electroluxprofessional.com\/fr\/accessoires-consommables-blanchisserie\/\"},{\"@type\":\"ListItem\",\"position\":3,\"name\":\"Gamme Detergentes Ecologiques line 6000\"}]},{\"@type\":\"WebSite\",\"@id\":\"https:\/\/www.electroluxprofessional.com\/fr\/#website\",\"url\":\"https:\/\/www.electroluxprofessional.com\/fr\/\",\"name\":\"Electrolux Professional France\",\"description\":\"\",\"potentialAction\":[{\"@type\":\"SearchAction\",\"target\":{\"@type\":\"EntryPoint\",\"urlTemplate\":\"https:\/\/www.electroluxprofessional.com\/fr\/?src={search_term_string}\"},\"query-input\":\"required name=search_term_string\"}],\"inLanguage\":\"fr-FR\"}]}<\/script>\n<!-- \/ Yoast SEO plugin. -->","yoast_head_json":{"title":"D\u00e9tergents \u00e9cologiques Line 6000 | Electrolux Professional","description":"D\u00e9couvrez nos d\u00e9tergents Line 6000 : certifi\u00e9s Ecolabel, hypoallerg\u00e9niques et test\u00e9s dermatologiquement pour vos blanchisseries professionnelles.","robots":{"index":"index","follow":"follow","max-snippet":"max-snippet:-1","max-image-preview":"max-image-preview:large","max-video-preview":"max-video-preview:-1"},"canonical":"https:\/\/www.electroluxprofessional.com\/fr\/accessoires-consommables-blanchisserie\/gamme-detergents-ecologiques-line6000\/","og_locale":"fr_FR","og_type":"article","og_title":"D\u00e9tergents \u00e9cologiques Line 6000 | Electrolux Professional","og_description":"D\u00e9couvrez nos d\u00e9tergents Line 6000 : certifi\u00e9s Ecolabel, hypoallerg\u00e9niques et test\u00e9s dermatologiquement pour vos blanchisseries professionnelles.","og_url":"https:\/\/www.electroluxprofessional.com\/fr\/accessoires-consommables-blanchisserie\/gamme-detergents-ecologiques-line6000\/","og_site_name":"Electrolux Professional France","article_modified_time":"2026-03-23T14:41:35+00:00","og_image":[{"width":500,"height":500,"url":"https:\/\/www.electroluxprofessional.com\/fr\/wp-content\/uploads\/2021\/10\/Calla.jpg","type":"image\/jpeg"}],"twitter_card":"summary_large_image","twitter_misc":{"Dur\u00e9e de lecture estim\u00e9e":"3 minutes"},"schema":{"@context":"https:\/\/schema.org","@graph":[{"@type":"WebPage","@id":"https:\/\/www.electroluxprofessional.com\/fr\/accessoires-consommables-blanchisserie\/gamme-detergents-ecologiques-line6000\/","url":"https:\/\/www.electroluxprofessional.com\/fr\/accessoires-consommables-blanchisserie\/gamme-detergents-ecologiques-line6000\/","name":"D\u00e9tergents \u00e9cologiques Line 6000 | Electrolux Professional","isPartOf":{"@id":"https:\/\/www.electroluxprofessional.com\/fr\/#website"},"primaryImageOfPage":{"@id":"https:\/\/www.electroluxprofessional.com\/fr\/accessoires-consommables-blanchisserie\/gamme-detergents-ecologiques-line6000\/#primaryimage"},"image":{"@id":"https:\/\/www.electroluxprofessional.com\/fr\/accessoires-consommables-blanchisserie\/gamme-detergents-ecologiques-line6000\/#primaryimage"},"thumbnailUrl":"https:\/\/www.electroluxprofessional.com\/fr\/wp-content\/uploads\/2021\/10\/Calla.jpg","datePublished":"2021-10-19T07:32:54+00:00","dateModified":"2026-03-23T14:41:35+00:00","description":"D\u00e9couvrez nos d\u00e9tergents Line 6000 : certifi\u00e9s Ecolabel, hypoallerg\u00e9niques et test\u00e9s dermatologiquement pour vos blanchisseries professionnelles.","breadcrumb":{"@id":"https:\/\/www.electroluxprofessional.com\/fr\/accessoires-consommables-blanchisserie\/gamme-detergents-ecologiques-line6000\/#breadcrumb"},"inLanguage":"fr-FR","potentialAction":[{"@type":"ReadAction","target":["https:\/\/www.electroluxprofessional.com\/fr\/accessoires-consommables-blanchisserie\/gamme-detergents-ecologiques-line6000\/"]}]},{"@type":"ImageObject","inLanguage":"fr-FR","@id":"https:\/\/www.electroluxprofessional.com\/fr\/accessoires-consommables-blanchisserie\/gamme-detergents-ecologiques-line6000\/#primaryimage","url":"https:\/\/www.electroluxprofessional.com\/fr\/wp-content\/uploads\/2021\/10\/Calla.jpg","contentUrl":"https:\/\/www.electroluxprofessional.com\/fr\/wp-content\/uploads\/2021\/10\/Calla.jpg","width":500,"height":500,"caption":"Calla"},{"@type":"BreadcrumbList","@id":"https:\/\/www.electroluxprofessional.com\/fr\/accessoires-consommables-blanchisserie\/gamme-detergents-ecologiques-line6000\/#breadcrumb","itemListElement":[{"@type":"ListItem","position":1,"name":"Home","item":"https:\/\/www.electroluxprofessional.com\/fr\/"},{"@type":"ListItem","position":2,"name":"Accessoires &#038; consommables blanchisserie","item":"https:\/\/www.electroluxprofessional.com\/fr\/accessoires-consommables-blanchisserie\/"},{"@type":"ListItem","position":3,"name":"Gamme Detergentes Ecologiques line 6000"}]},{"@type":"WebSite","@id":"https:\/\/www.electroluxprofessional.com\/fr\/#website","url":"https:\/\/www.electroluxprofessional.com\/fr\/","name":"Electrolux Professional France","description":"","potentialAction":[{"@type":"SearchAction","target":{"@type":"EntryPoint","urlTemplate":"https:\/\/www.electroluxprofessional.com\/fr\/?src={search_term_string}"},"query-input":"required name=search_term_string"}],"inLanguage":"fr-FR"}]}},"_links":{"self":[{"href":"https:\/\/www.electroluxprofessional.com\/fr\/wp-json\/wp\/v2\/pages\/16664"}],"collection":[{"href":"https:\/\/www.electroluxprofessional.com\/fr\/wp-json\/wp\/v2\/pages"}],"about":[{"href":"https:\/\/www.electroluxprofessional.com\/fr\/wp-json\/wp\/v2\/types\/page"}],"author":[{"embeddable":true,"href":"https:\/\/www.electroluxprofessional.com\/fr\/wp-json\/wp\/v2\/users\/93"}],"replies":[{"embeddable":true,"href":"https:\/\/www.electroluxprofessional.com\/fr\/wp-json\/wp\/v2\/comments?post=16664"}],"version-history":[{"count":20,"href":"https:\/\/www.electroluxprofessional.com\/fr\/wp-json\/wp\/v2\/pages\/16664\/revisions"}],"predecessor-version":[{"id":31353,"href":"https:\/\/www.electroluxprofessional.com\/fr\/wp-json\/wp\/v2\/pages\/16664\/revisions\/31353"}],"up":[{"embeddable":true,"href":"https:\/\/www.electroluxprofessional.com\/fr\/wp-json\/wp\/v2\/pages\/27760"}],"wp:featuredmedia":[{"embeddable":true,"href":"https:\/\/www.electroluxprofessional.com\/fr\/wp-json\/wp\/v2\/media\/16645"}],"wp:attachment":[{"href":"https:\/\/www.electroluxprofessional.com\/fr\/wp-json\/wp\/v2\/media?parent=16664"}],"curies":[{"name":"wp","href":"https:\/\/api.w.org\/{rel}","templated":true}]}}