{"id":12385,"date":"2019-03-28T16:48:06","date_gmt":"2019-03-28T15:48:06","guid":{"rendered":"https:\/\/www.electroluxprofessional.com\/?page_id=22294"},"modified":"2025-10-15T09:30:12","modified_gmt":"2025-10-15T09:30:12","slug":"distributeurs-glaces-italiennes","status":"publish","type":"page","link":"https:\/\/www.electroluxprofessional.com\/fr\/distributeurs-glaces-italiennes\/","title":{"rendered":"Distributeurs de glace \u00e0 l&#8217;italienne"},"content":{"rendered":"<p>[vc_row full_width=&#8221;electroluxpro-full-width-no-padding&#8221;][vc_column][elx_image_block background_image=&#8221;12375&#8243; minimum_height=&#8221;350px&#8221;][vc_empty_space][\/vc_column][\/vc_row][vc_row][vc_column][elx_heading font_container=&#8221;h1&#8243; text_color=&#8221;electrolux-blue&#8221; text_align=&#8221;text-left&#8221;]Distributeurs de glaces \u00e0 l&#8217;italienne[\/elx_heading][vc_column_text]Petits, silencieux et puissants, les distributeurs de glace \u00e0 l&#8217;italienne vont booster votre activit\u00e9.[\/vc_column_text][vc_empty_space][\/vc_column][\/vc_row][vc_row][vc_column width=&#8221;1\/3&#8243;][vc_single_image image=&#8221;12377&#8243; img_size=&#8221;&#8221; alignment=&#8221;center&#8221;][elx_heading font_container=&#8221;h3&#8243; font_size=&#8221;h3&#8243; text_color=&#8221;inherit&#8221; text_align=&#8221;text-center&#8221;]Performances de distribution[\/elx_heading][vc_column_text]<\/p>\n<p style=\"text-align: center;\">Un produit parfait, \u00e0 chaque fois.<\/p>\n<p>[\/vc_column_text][\/vc_column][vc_column width=&#8221;1\/3&#8243;][vc_single_image image=&#8221;12378&#8243; img_size=&#8221;120&#215;120&#8243; alignment=&#8221;center&#8221;][elx_heading font_container=&#8221;h3&#8243; font_size=&#8221;h3&#8243; text_color=&#8221;inherit&#8221; text_align=&#8221;text-center&#8221;]Silencieux et compacts[\/elx_heading][vc_column_text]<\/p>\n<p style=\"text-align: center;\">Id\u00e9als pour les petits espaces.<\/p>\n<p>[\/vc_column_text][\/vc_column][vc_column width=&#8221;1\/3&#8243;][vc_empty_space][elx_download_block text=&#8221;T\u00e9l\u00e9charger la brochure<br \/>\nboissons&#8221; file_picker=&#8221;20750&#8243; background_color=&#8221;electrolux-blue&#8221; background_image=&#8221;12376&#8243;][\/vc_column][\/vc_row][vc_row][vc_column][vc_empty_space height=&#8221;15px&#8221;][vc_empty_space height=&#8221;15px&#8221;][\/vc_column][\/vc_row][vc_row css=&#8221;.vc_custom_1589897511672{background-color: #e8f0f7 !important;}&#8221;][vc_column css=&#8221;.vc_custom_1589897429056{border-radius: 1px !important;}&#8221;][vc_empty_space height=&#8221;12px&#8221;][elx_heading font_size=&#8221;h1&#8243; text_color=&#8221;inherit&#8221; text_align=&#8221;text-center&#8221;]Solutions compactes[\/elx_heading][vc_empty_space][\/vc_column][\/vc_row][vc_row][vc_column][vc_empty_space height=&#8221;15px&#8221;][vc_empty_space height=&#8221;15px&#8221;][\/vc_column][\/vc_row][vc_row][vc_column width=&#8221;1\/2&#8243;][elx_heading font_size=&#8221;h1&#8243; text_color=&#8221;electrolux-blue&#8221; text_align=&#8221;text-left&#8221;]Distributeurs de glaces \u00e0 l&#8217;italienne,<br \/>\njusqu&#8217;\u00e0 85 c\u00f4nes\/heure[\/elx_heading][elx_heading font_container=&#8221;h3&#8243; font_size=&#8221;h5&#8243; text_color=&#8221;electrolux-blue&#8221; text_align=&#8221;text-left&#8221;]Solution professionnelle peu encombrante[\/elx_heading][vc_column_text]En d\u00e9veloppant ces nouvelles solutions pour glaces et yaourts glac\u00e9s, Electrolux Professional a cr\u00e9\u00e9 une gamme compacte, id\u00e9ale pour les petits espaces. Facile \u00e0 utiliser, pratique et fiable, notre distributeur de cr\u00e8me glac\u00e9e est silencieux et facile \u00e0 nettoyer. Version \u00e0 gravit\u00e9 ou \u00e0 pompe disponible.[\/vc_column_text][vc_empty_space height=&#8221;50px&#8221;][\/vc_column][vc_column width=&#8221;1\/2&#8243;][vc_empty_space][vc_single_image image=&#8221;12379&#8243; img_size=&#8221;&#8221; alignment=&#8221;center&#8221;][vc_empty_space][\/vc_column][\/vc_row][vc_row][vc_column width=&#8221;1\/2&#8243;][elx_heading font_size=&#8221;h1&#8243; text_color=&#8221;electrolux-blue&#8221; text_align=&#8221;text-left&#8221;]Distributeurs de glaces \u00e0 l&#8217;italienne,<br \/>\njusqu&#8217;\u00e0 150 c\u00f4nes\/heure[\/elx_heading][elx_heading font_container=&#8221;h3&#8243; font_size=&#8221;h5&#8243; text_color=&#8221;electrolux-blue&#8221; text_align=&#8221;text-left&#8221;]Cr\u00e8me glac\u00e9e soyeuse pour volumes importants[\/elx_heading][vc_column_text]Cette gamme est l&#8217;une des solutions les plus petites et les plus \u00e9conomiques du march\u00e9. <span class=\"TextRun SCXP128118611 BCX0\" lang=\"FR-FR\" xml:lang=\"FR-FR\" data-usefontface=\"true\" data-contrast=\"none\"><span class=\"NormalTextRun SCXP128118611 BCX0\">La tr\u00e9mie innovante refroidie assure\u00a0<\/span><\/span><span class=\"TextRun SCXP128118611 BCX0\" lang=\"FR-FR\" xml:lang=\"FR-FR\" data-usefontface=\"true\" data-contrast=\"none\"><span class=\"NormalTextRun SCXP128118611 BCX0\">une production \u00e9lev\u00e9e tout en maintenant la qualit\u00e9. Choisissez entre deux syst\u00e8mes d\u2019alimentation: gravit\u00e9 ou aliment\u00e9 par\u00a0<\/span><\/span><span class=\"TextRun SCXP128118611 BCX0\" lang=\"FR-FR\" xml:lang=\"FR-FR\" data-usefontface=\"true\" data-contrast=\"none\"><span class=\"NormalTextRun SCXP128118611 BCX0\">pompe.<\/span><\/span>[\/vc_column_text][vc_empty_space height=&#8221;50px&#8221;][\/vc_column][vc_column width=&#8221;1\/2&#8243;][vc_empty_space][vc_single_image image=&#8221;12380&#8243; img_size=&#8221;medium&#8221; alignment=&#8221;center&#8221;][vc_empty_space][\/vc_column][\/vc_row][vc_row css=&#8221;.vc_custom_1589897577643{background-color: #e8f0f7 !important;}&#8221;][vc_column][vc_empty_space height=&#8221;12px&#8221;][elx_heading font_size=&#8221;h1&#8243; text_color=&#8221;inherit&#8221; text_align=&#8221;text-center&#8221;]Solutions haute capacit\u00e9[\/elx_heading][vc_empty_space][\/vc_column][\/vc_row][vc_row][vc_column width=&#8221;1\/2&#8243;][elx_heading font_size=&#8221;h3&#8243; text_color=&#8221;electrolux-blue&#8221; text_align=&#8221;text-left&#8221;]Distributeur de glace \u00e0 l&#8217;italienne et yaourt glac\u00e9 &#8211; jusqu&#8217;\u00e0 290 c\u00f4nes*\/heure[\/elx_heading][elx_heading text_color=&#8221;inherit&#8221;]Unit\u00e9 de comptoir \u00e0 saveur unique pour servir la glace pr\u00e9f\u00e9r\u00e9e de vos clients[\/elx_heading][vc_empty_space][vc_column_text]La gamme de solutions Capri \u00e0 grand volume est la solution parfaite pour offrir un service rapide, facile et rentable.[\/vc_column_text][vc_empty_space height=&#8221;50px&#8221;][\/vc_column][vc_column width=&#8221;1\/2&#8243;][vc_empty_space][vc_single_image image=&#8221;12381&#8243; img_size=&#8221;&#8221; alignment=&#8221;center&#8221;][elx_heading font_container=&#8221;h3&#8243; font_size=&#8221;h5&#8243; text_color=&#8221;electrolux-blue&#8221; text_align=&#8221;text-center&#8221;]Capri[\/elx_heading][\/vc_column][\/vc_row][vc_row][vc_column width=&#8221;1\/2&#8243;][elx_heading font_size=&#8221;h3&#8243; text_color=&#8221;electrolux-blue&#8221; text_align=&#8221;text-left&#8221;]Distributeurs de glaces \u00e0 l&#8217;italienne,<br \/>\njusqu&#8217;\u00e0 380 c\u00f4nes*\/heure[\/elx_heading][elx_heading text_color=&#8221;inherit&#8221;]Unit\u00e9 sur pied \u00e0 saveur unique, pour plus de volume[\/elx_heading][vc_empty_space][vc_column_text]La gamme de solutions Firenze est notre distributeur \u00e0 saveur unique le plus grand. Le r\u00e9servoir de 13 litres et la cylindr\u00e9e de 1,95 vous garantissent une r\u00e9activit\u00e9 unique face \u00e0 la demande de vos clients.[\/vc_column_text][vc_empty_space height=&#8221;50px&#8221;][\/vc_column][vc_column width=&#8221;1\/2&#8243;][vc_empty_space][vc_single_image image=&#8221;12382&#8243; img_size=&#8221;&#8221; alignment=&#8221;center&#8221;][elx_heading font_container=&#8221;h3&#8243; font_size=&#8221;h5&#8243; text_color=&#8221;electrolux-blue&#8221; text_align=&#8221;text-center&#8221;]Firenze[\/elx_heading][\/vc_column][\/vc_row][vc_row][vc_column width=&#8221;1\/2&#8243;][elx_heading font_size=&#8221;h3&#8243; text_color=&#8221;electrolux-blue&#8221; text_align=&#8221;text-left&#8221;]Distributeurs de glaces \u00e0 l&#8217;italienne,<br \/>\njusqu&#8217;\u00e0 600 c\u00f4nes*\/heure[\/elx_heading][elx_heading text_color=&#8221;inherit&#8221;]Unit\u00e9 de comptoir \u00e0 deux saveurs pour stimuler votre cr\u00e9ativit\u00e9[\/elx_heading][vc_empty_space][vc_column_text]La gamme de solutions Portofino pour volumes importants vous permet de servir deux saveurs et m\u00eame de m\u00e9langer les saveurs ensemble pour une troisi\u00e8me option cr\u00e9ative. Les commandes digitales \u00e0 \u00e9cran tactile sont conviviales et facilitent la configuration et la surveillance de l&#8217;\u00e9quipement.[\/vc_column_text][vc_empty_space height=&#8221;50px&#8221;][\/vc_column][vc_column width=&#8221;1\/2&#8243;][vc_empty_space][vc_single_image image=&#8221;12383&#8243; img_size=&#8221;&#8221; alignment=&#8221;center&#8221;][elx_heading font_container=&#8221;h3&#8243; font_size=&#8221;h5&#8243; text_color=&#8221;electrolux-blue&#8221; text_align=&#8221;text-center&#8221;]Portofino[\/elx_heading][\/vc_column][\/vc_row][vc_row][vc_column width=&#8221;1\/2&#8243;][elx_heading font_size=&#8221;h3&#8243; text_color=&#8221;electrolux-blue&#8221; text_align=&#8221;text-left&#8221;]Distributeurs de glaces \u00e0 l&#8217;italienne,<br \/>\njusqu&#8217;\u00e0 650 c\u00f4nes*\/heure[\/elx_heading][elx_heading text_color=&#8221;inherit&#8221;]Unit\u00e9 sur pied \u00e0 deux saveurs, pour maximiser le potentiel de votre service [\/elx_heading][vc_empty_space][vc_column_text]La gamme de solutions Roma est notre distributeur de service le plus important, offrant une distribution \u00e0 deux saveurs et la possibilit\u00e9 de les m\u00e9langer. Les deux r\u00e9servoirs de 13 litres et deux cylindres de 1,95 vous offrent la capacit\u00e9 de stockage et de service dont vous avez besoin, m\u00eame pour les jours les plus charg\u00e9s.[\/vc_column_text][vc_empty_space height=&#8221;50px&#8221;][\/vc_column][vc_column width=&#8221;1\/2&#8243;][vc_empty_space][vc_single_image image=&#8221;12384&#8243; img_size=&#8221;&#8221; alignment=&#8221;center&#8221;][elx_heading font_container=&#8221;h3&#8243; font_size=&#8221;h5&#8243; text_color=&#8221;electrolux-blue&#8221; text_align=&#8221;text-center&#8221;]Roma[\/elx_heading][\/vc_column][\/vc_row][vc_row][vc_column][vc_empty_space height=&#8221;15px&#8221;][\/vc_column][\/vc_row][vc_row][vc_column width=&#8221;1\/5&#8243; css=&#8221;.vc_custom_1589901831710{background-color: #e8f0f7 !important;}&#8221;][\/vc_column][vc_column width=&#8221;3\/5&#8243; css=&#8221;.vc_custom_1589901822131{background-color: #e8f0f7 !important;}&#8221;][vc_empty_space height=&#8221;15px&#8221;][elx_heading text_color=&#8221;inherit&#8221; text_align=&#8221;text-center&#8221;]Tous les distributeurs Soft Serve \u00e0 grande capacit\u00e9 sont disponibles avec un syst\u00e8me d&#8217;alimentation par gravit\u00e9 ou par pompe.<br \/>\nChoisissez le syst\u00e8me qui vous convient.[\/elx_heading][vc_column_text]<\/p>\n<p style=\"text-align: center;\">L&#8217;utilisation du syst\u00e8me de pompe vous permet d&#8217;obtenir un d\u00e9passement \u00e9lev\u00e9, l&#8217;incorporation de plus d&#8217;air dans le produit congel\u00e9, pour cr\u00e9er une texture plus l\u00e9g\u00e8re et plus douce qui maximise la rentabilit\u00e9. Le syst\u00e8me efficace refroidi par air ne n\u00e9cessite pas de raccordement d&#8217;eau, ce qui rend l&#8217;installation et l&#8217;utilisation simples et rentables.<\/p>\n<p>[\/vc_column_text][vc_empty_space height=&#8221;15px&#8221;][\/vc_column][vc_column width=&#8221;1\/5&#8243; css=&#8221;.vc_custom_1589901841201{background-color: #e8f0f7 !important;}&#8221;][\/vc_column][\/vc_row][vc_row][vc_column][vc_empty_space height=&#8221;42px&#8221;]<div class=\"com21-product-filter-container 135\">[\/vc_column][\/vc_row][vc_row css=&#8221;.vc_custom_1516904946877{border-top-width: 1px !important;background-color: #ffffff !important;border-top-color: #eeeeee !important;border-top-style: solid !important;}&#8221;][vc_column reveal_effect=&#8221;&#8221;][vc_empty_space height=&#8221;80px&#8221;][elx_heading font_size=&#8221;h3&#8243; text_color=&#8221;inherit&#8221; text_align=&#8221;text-left&#8221;]En savoir plus sur les distributeurs de glaces \u00e0 l&#8217;italienne[\/elx_heading][elx_o2000_contact_us r=&#8221;Je souhaiterais en savoir plus sur les distributeurs de cr\u00e8me glac\u00e9e.&#8221; s=&#8221;Demande d&#8217;informations sur les distributeurs de cr\u00e8mes glac\u00e9es&#8221; country=&#8221;France&#8221; b=&#8221;beverage&#8221; l=&#8221;fr&#8221;][\/vc_column][\/vc_row][vc_row disable_element=&#8221;yes&#8221;][vc_column][vc_empty_space height=&#8221;100px&#8221;][elx_heading font_size=&#8221;h3&#8243; text_color=&#8221;inherit&#8221; text_align=&#8221;text-left&#8221;]Find your complete solution[\/elx_heading][\/vc_column][\/vc_row][vc_row disable_element=&#8221;yes&#8221;][vc_column width=&#8221;1\/3&#8243;][elx_maylike_box id_box=&#8221;8511&#8243;][\/vc_column][vc_column width=&#8221;1\/3&#8243;][elx_maylike_box id_box=&#8221;5587&#8243;][\/vc_column][vc_column width=&#8221;1\/3&#8243;][elx_maylike_box id_box=&#8221;5588&#8243;][\/vc_column][\/vc_row]<\/p>\n","protected":false},"excerpt":{"rendered":"<p>[vc_row full_width=&#8221;electroluxpro-full-width-no-padding&#8221;][vc_column][elx_image_block background_image=&#8221;12375&#8243; minimum_height=&#8221;350px&#8221;][vc_empty_space][\/vc_column][\/vc_row][vc_row][vc_column][elx_heading font_container=&#8221;h1&#8243; text_color=&#8221;electrolux-blue&#8221; text_align=&#8221;text-left&#8221;]Distributeurs de glaces \u00e0 l&#8217;italienne[\/elx_heading][vc_column_text]Petits, silencieux et puissants, les distributeurs de glace \u00e0 l&#8217;italienne vont booster votre activit\u00e9.[\/vc_column_text][vc_empty_space][\/vc_column][\/vc_row][vc_row][vc_column width=&#8221;1\/3&#8243;][vc_single_image image=&#8221;12377&#8243; img_size=&#8221;&#8221; alignment=&#8221;center&#8221;][elx_heading font_container=&#8221;h3&#8243; font_size=&#8221;h3&#8243; text_color=&#8221;inherit&#8221; text_align=&#8221;text-center&#8221;]Performances de distribution[\/elx_heading][vc_column_text] Un produit parfait, \u00e0 chaque fois. [\/vc_column_text][\/vc_column][vc_column width=&#8221;1\/3&#8243;][vc_single_image image=&#8221;12378&#8243; img_size=&#8221;120&#215;120&#8243; alignment=&#8221;center&#8221;][elx_heading font_container=&#8221;h3&#8243; font_size=&#8221;h3&#8243; text_color=&#8221;inherit&#8221; text_align=&#8221;text-center&#8221;]Silencieux et compacts[\/elx_heading][vc_column_text] Id\u00e9als pour les petits [&hellip;]<\/p>\n","protected":false},"author":93,"featured_media":12375,"parent":0,"menu_order":0,"comment_status":"closed","ping_status":"closed","template":"","meta":{"footnotes":""},"class_list":["post-12385","page","type-page","status-publish","has-post-thumbnail","hentry"],"acf":[],"yoast_head":"<!-- This site is optimized with the Yoast SEO plugin v23.3 - https:\/\/yoast.com\/wordpress\/plugins\/seo\/ -->\n<title>Distributeurs de glace \u00e0 l&#039;italienne | Electrolux Professional France<\/title>\n<meta name=\"description\" content=\"Small, silent and powerful Soft Ice Cream Dispensers will make your business boom. Discover Electrolux Professional range of compact counter-top ice cream and frozen yogurt dispensers.\" \/>\n<meta name=\"robots\" content=\"index, follow, max-snippet:-1, max-image-preview:large, max-video-preview:-1\" \/>\n<link rel=\"canonical\" href=\"https:\/\/www.electroluxprofessional.com\/fr\/distributeurs-glaces-italiennes\/\" \/>\n<meta property=\"og:locale\" content=\"fr_FR\" \/>\n<meta property=\"og:type\" content=\"article\" \/>\n<meta property=\"og:title\" content=\"Distributeurs de glace \u00e0 l&#039;italienne | Electrolux Professional France\" \/>\n<meta property=\"og:description\" content=\"Small, silent and powerful Soft Ice Cream Dispensers will make your business boom. Discover Electrolux Professional range of compact counter-top ice cream and frozen yogurt dispensers.\" \/>\n<meta property=\"og:url\" content=\"https:\/\/www.electroluxprofessional.com\/fr\/distributeurs-glaces-italiennes\/\" \/>\n<meta property=\"og:site_name\" content=\"Electrolux Professional France\" \/>\n<meta property=\"article:modified_time\" content=\"2025-10-15T09:30:12+00:00\" \/>\n<meta property=\"og:image\" content=\"https:\/\/www.electroluxprofessional.com\/fr\/wp-content\/uploads\/2019\/03\/fruity-frozen-yogurt-banner-2000x350-1.jpg\" \/>\n\t<meta property=\"og:image:width\" content=\"2000\" \/>\n\t<meta property=\"og:image:height\" content=\"350\" \/>\n\t<meta property=\"og:image:type\" content=\"image\/jpeg\" \/>\n<meta name=\"twitter:card\" content=\"summary_large_image\" \/>\n<meta name=\"twitter:label1\" content=\"Dur\u00e9e de lecture estim\u00e9e\" \/>\n\t<meta name=\"twitter:data1\" content=\"4 minutes\" \/>\n<script type=\"application\/ld+json\" class=\"yoast-schema-graph\">{\"@context\":\"https:\/\/schema.org\",\"@graph\":[{\"@type\":\"WebPage\",\"@id\":\"https:\/\/www.electroluxprofessional.com\/fr\/distributeurs-glaces-italiennes\/\",\"url\":\"https:\/\/www.electroluxprofessional.com\/fr\/distributeurs-glaces-italiennes\/\",\"name\":\"Distributeurs de glace \u00e0 l'italienne | Electrolux Professional France\",\"isPartOf\":{\"@id\":\"https:\/\/www.electroluxprofessional.com\/fr\/#website\"},\"primaryImageOfPage\":{\"@id\":\"https:\/\/www.electroluxprofessional.com\/fr\/distributeurs-glaces-italiennes\/#primaryimage\"},\"image\":{\"@id\":\"https:\/\/www.electroluxprofessional.com\/fr\/distributeurs-glaces-italiennes\/#primaryimage\"},\"thumbnailUrl\":\"https:\/\/www.electroluxprofessional.com\/fr\/wp-content\/uploads\/2019\/03\/fruity-frozen-yogurt-banner-2000x350-1.jpg\",\"datePublished\":\"2019-03-28T15:48:06+00:00\",\"dateModified\":\"2025-10-15T09:30:12+00:00\",\"description\":\"Small, silent and powerful Soft Ice Cream Dispensers will make your business boom. Discover Electrolux Professional range of compact counter-top ice cream and frozen yogurt dispensers.\",\"breadcrumb\":{\"@id\":\"https:\/\/www.electroluxprofessional.com\/fr\/distributeurs-glaces-italiennes\/#breadcrumb\"},\"inLanguage\":\"fr-FR\",\"potentialAction\":[{\"@type\":\"ReadAction\",\"target\":[\"https:\/\/www.electroluxprofessional.com\/fr\/distributeurs-glaces-italiennes\/\"]}]},{\"@type\":\"ImageObject\",\"inLanguage\":\"fr-FR\",\"@id\":\"https:\/\/www.electroluxprofessional.com\/fr\/distributeurs-glaces-italiennes\/#primaryimage\",\"url\":\"https:\/\/www.electroluxprofessional.com\/fr\/wp-content\/uploads\/2019\/03\/fruity-frozen-yogurt-banner-2000x350-1.jpg\",\"contentUrl\":\"https:\/\/www.electroluxprofessional.com\/fr\/wp-content\/uploads\/2019\/03\/fruity-frozen-yogurt-banner-2000x350-1.jpg\",\"width\":2000,\"height\":350,\"caption\":\"Fruity Frozen Yogurt Dessert with redcurrants and blueberries in a glass;\"},{\"@type\":\"BreadcrumbList\",\"@id\":\"https:\/\/www.electroluxprofessional.com\/fr\/distributeurs-glaces-italiennes\/#breadcrumb\",\"itemListElement\":[{\"@type\":\"ListItem\",\"position\":1,\"name\":\"Home\",\"item\":\"https:\/\/www.electroluxprofessional.com\/fr\/\"},{\"@type\":\"ListItem\",\"position\":2,\"name\":\"Distributeurs de glace \u00e0 l&#8217;italienne\"}]},{\"@type\":\"WebSite\",\"@id\":\"https:\/\/www.electroluxprofessional.com\/fr\/#website\",\"url\":\"https:\/\/www.electroluxprofessional.com\/fr\/\",\"name\":\"Electrolux Professional France\",\"description\":\"\",\"potentialAction\":[{\"@type\":\"SearchAction\",\"target\":{\"@type\":\"EntryPoint\",\"urlTemplate\":\"https:\/\/www.electroluxprofessional.com\/fr\/?src={search_term_string}\"},\"query-input\":\"required name=search_term_string\"}],\"inLanguage\":\"fr-FR\"}]}<\/script>\n<!-- \/ Yoast SEO plugin. -->","yoast_head_json":{"title":"Distributeurs de glace \u00e0 l'italienne | Electrolux Professional France","description":"Small, silent and powerful Soft Ice Cream Dispensers will make your business boom. Discover Electrolux Professional range of compact counter-top ice cream and frozen yogurt dispensers.","robots":{"index":"index","follow":"follow","max-snippet":"max-snippet:-1","max-image-preview":"max-image-preview:large","max-video-preview":"max-video-preview:-1"},"canonical":"https:\/\/www.electroluxprofessional.com\/fr\/distributeurs-glaces-italiennes\/","og_locale":"fr_FR","og_type":"article","og_title":"Distributeurs de glace \u00e0 l'italienne | Electrolux Professional France","og_description":"Small, silent and powerful Soft Ice Cream Dispensers will make your business boom. Discover Electrolux Professional range of compact counter-top ice cream and frozen yogurt dispensers.","og_url":"https:\/\/www.electroluxprofessional.com\/fr\/distributeurs-glaces-italiennes\/","og_site_name":"Electrolux Professional France","article_modified_time":"2025-10-15T09:30:12+00:00","og_image":[{"width":2000,"height":350,"url":"https:\/\/www.electroluxprofessional.com\/fr\/wp-content\/uploads\/2019\/03\/fruity-frozen-yogurt-banner-2000x350-1.jpg","type":"image\/jpeg"}],"twitter_card":"summary_large_image","twitter_misc":{"Dur\u00e9e de lecture estim\u00e9e":"4 minutes"},"schema":{"@context":"https:\/\/schema.org","@graph":[{"@type":"WebPage","@id":"https:\/\/www.electroluxprofessional.com\/fr\/distributeurs-glaces-italiennes\/","url":"https:\/\/www.electroluxprofessional.com\/fr\/distributeurs-glaces-italiennes\/","name":"Distributeurs de glace \u00e0 l'italienne | Electrolux Professional France","isPartOf":{"@id":"https:\/\/www.electroluxprofessional.com\/fr\/#website"},"primaryImageOfPage":{"@id":"https:\/\/www.electroluxprofessional.com\/fr\/distributeurs-glaces-italiennes\/#primaryimage"},"image":{"@id":"https:\/\/www.electroluxprofessional.com\/fr\/distributeurs-glaces-italiennes\/#primaryimage"},"thumbnailUrl":"https:\/\/www.electroluxprofessional.com\/fr\/wp-content\/uploads\/2019\/03\/fruity-frozen-yogurt-banner-2000x350-1.jpg","datePublished":"2019-03-28T15:48:06+00:00","dateModified":"2025-10-15T09:30:12+00:00","description":"Small, silent and powerful Soft Ice Cream Dispensers will make your business boom. Discover Electrolux Professional range of compact counter-top ice cream and frozen yogurt dispensers.","breadcrumb":{"@id":"https:\/\/www.electroluxprofessional.com\/fr\/distributeurs-glaces-italiennes\/#breadcrumb"},"inLanguage":"fr-FR","potentialAction":[{"@type":"ReadAction","target":["https:\/\/www.electroluxprofessional.com\/fr\/distributeurs-glaces-italiennes\/"]}]},{"@type":"ImageObject","inLanguage":"fr-FR","@id":"https:\/\/www.electroluxprofessional.com\/fr\/distributeurs-glaces-italiennes\/#primaryimage","url":"https:\/\/www.electroluxprofessional.com\/fr\/wp-content\/uploads\/2019\/03\/fruity-frozen-yogurt-banner-2000x350-1.jpg","contentUrl":"https:\/\/www.electroluxprofessional.com\/fr\/wp-content\/uploads\/2019\/03\/fruity-frozen-yogurt-banner-2000x350-1.jpg","width":2000,"height":350,"caption":"Fruity Frozen Yogurt Dessert with redcurrants and blueberries in a glass;"},{"@type":"BreadcrumbList","@id":"https:\/\/www.electroluxprofessional.com\/fr\/distributeurs-glaces-italiennes\/#breadcrumb","itemListElement":[{"@type":"ListItem","position":1,"name":"Home","item":"https:\/\/www.electroluxprofessional.com\/fr\/"},{"@type":"ListItem","position":2,"name":"Distributeurs de glace \u00e0 l&#8217;italienne"}]},{"@type":"WebSite","@id":"https:\/\/www.electroluxprofessional.com\/fr\/#website","url":"https:\/\/www.electroluxprofessional.com\/fr\/","name":"Electrolux Professional France","description":"","potentialAction":[{"@type":"SearchAction","target":{"@type":"EntryPoint","urlTemplate":"https:\/\/www.electroluxprofessional.com\/fr\/?src={search_term_string}"},"query-input":"required name=search_term_string"}],"inLanguage":"fr-FR"}]}},"_links":{"self":[{"href":"https:\/\/www.electroluxprofessional.com\/fr\/wp-json\/wp\/v2\/pages\/12385"}],"collection":[{"href":"https:\/\/www.electroluxprofessional.com\/fr\/wp-json\/wp\/v2\/pages"}],"about":[{"href":"https:\/\/www.electroluxprofessional.com\/fr\/wp-json\/wp\/v2\/types\/page"}],"author":[{"embeddable":true,"href":"https:\/\/www.electroluxprofessional.com\/fr\/wp-json\/wp\/v2\/users\/93"}],"replies":[{"embeddable":true,"href":"https:\/\/www.electroluxprofessional.com\/fr\/wp-json\/wp\/v2\/comments?post=12385"}],"version-history":[{"count":9,"href":"https:\/\/www.electroluxprofessional.com\/fr\/wp-json\/wp\/v2\/pages\/12385\/revisions"}],"predecessor-version":[{"id":28731,"href":"https:\/\/www.electroluxprofessional.com\/fr\/wp-json\/wp\/v2\/pages\/12385\/revisions\/28731"}],"wp:featuredmedia":[{"embeddable":true,"href":"https:\/\/www.electroluxprofessional.com\/fr\/wp-json\/wp\/v2\/media\/12375"}],"wp:attachment":[{"href":"https:\/\/www.electroluxprofessional.com\/fr\/wp-json\/wp\/v2\/media?parent=12385"}],"curies":[{"name":"wp","href":"https:\/\/api.w.org\/{rel}","templated":true}]}}