{"id":12342,"date":"2017-03-01T09:09:58","date_gmt":"2017-03-01T08:09:58","guid":{"rendered":"https:\/\/www.electroluxprofessional.com\/?page_id=9950"},"modified":"2022-07-18T10:18:22","modified_gmt":"2022-07-18T10:18:22","slug":"environnement-lave-vaisselle","status":"publish","type":"page","link":"https:\/\/www.electroluxprofessional.com\/fr\/environnement-lave-vaisselle\/","title":{"rendered":"Environnement lave-vaisselle"},"content":{"rendered":"<p>[vc_row full_width=&#8221;electroluxpro-full-width-no-padding&#8221;][vc_column][elx_hero_slider text_position=&#8221;hero_slider_text_align_right&#8221; label_text_color=&#8221;inherit&#8221; images=&#8221;5567&#8243;][elx_heading font_container=&#8221;h1&#8243; font_size=&#8221;h3&#8243; text_color=&#8221;inherit&#8221;]L&#8217;environnement lave-vaisselle[\/elx_heading][elx_heading font_size=&#8221;h4&#8243; text_color=&#8221;inherit&#8221;]Optimisez votre zone de lavage[\/elx_heading][\/elx_hero_slider][\/vc_column][\/vc_row][vc_row][vc_column][vc_empty_space][elx_heading font_size=&#8221;h2&#8243; text_color=&#8221;inherit&#8221; text_align=&#8221;text-center&#8221;]Cr\u00e9ez votre <strong> combinaison sur-mesure de syst\u00e8mes de manutention <\/strong> \u00e0 partir des nombreuses options disponibles[\/elx_heading][vc_empty_space][\/vc_column][\/vc_row][vc_row][vc_column width=&#8221;1\/4&#8243;][vc_single_image image=&#8221;12336&#8243; img_size=&#8221;full&#8221;][\/vc_column][vc_column width=&#8221;1\/4&#8243;][vc_empty_space][vc_column_text]<\/p>\n<h5>18 options de tables de pr\u00e9lavage, disponibles jusqu&#8217;\u00e0 1,6 m de longueur<\/h5>\n<p>[\/vc_column_text][\/vc_column][vc_column width=&#8221;1\/4&#8243;][vc_single_image image=&#8221;12337&#8243; img_size=&#8221;full&#8221;][\/vc_column][vc_column width=&#8221;1\/4&#8243;][vc_empty_space][vc_column_text]<\/p>\n<h5>3 options de tables de chargement\/d\u00e9chargement, disponibles jusqu&#8217;\u00e0 1,6 m de longueur<\/h5>\n<p>[\/vc_column_text][\/vc_column][\/vc_row][vc_row][vc_column width=&#8221;1\/4&#8243;][vc_single_image image=&#8221;12338&#8243; img_size=&#8221;full&#8221;][\/vc_column][vc_column width=&#8221;1\/4&#8243;][vc_empty_space][vc_column_text]<\/p>\n<h5>12 options de convoyeurs \u00e0 rouleaux, disponibles jusqu&#8217;\u00e0 2,6 m de longueur<\/h5>\n<p>[\/vc_column_text][\/vc_column][vc_column width=&#8221;1\/4&#8243;][vc_single_image image=&#8221;12339&#8243; img_size=&#8221;full&#8221;][\/vc_column][vc_column width=&#8221;1\/4&#8243;][vc_empty_space][vc_column_text]<\/p>\n<h5>6 courbes m\u00e9canis\u00e9es, disponibles en 90 \u00b0 et 180 \u00b0<\/h5>\n<p>[\/vc_column_text][\/vc_column][\/vc_row][vc_row][vc_column width=&#8221;1\/4&#8243;][vc_single_image image=&#8221;12340&#8243; img_size=&#8221;full&#8221;][\/vc_column][vc_column width=&#8221;1\/4&#8243;][vc_empty_space][vc_column_text]<\/p>\n<h5>50 options de tables de tri, disponibles pour le tri manuel et le tri automatique pour jusqu&#8217;\u00e0 6 casiers<\/h5>\n<p>[\/vc_column_text][\/vc_column][vc_column width=&#8221;1\/4&#8243;][vc_single_image image=&#8221;12341&#8243; img_size=&#8221;full&#8221;][\/vc_column][vc_column width=&#8221;1\/4&#8243;][vc_empty_space][vc_column_text]<\/p>\n<h5>28 \u00e9l\u00e9ments de convoyeurs \u00e0 cordes complets pour plateaux et casiers, pour disposition \u00e0 votre convenance<\/h5>\n<p>[\/vc_column_text][\/vc_column][\/vc_row][vc_row][vc_column width=&#8221;1\/3&#8243;][elx_download_block text=&#8221;T\u00e9l\u00e9charger la brochure<br \/>\nlave-vaisselle \u00e0 avancement automatique&#8221; file_picker=&#8221;12344&#8243; link=&#8221;https:\/\/www.electroluxprofessional.com\/fr\/wp-content\/uploads\/2017\/03\/greenclean-Rack-Type-Dishwasher-brochure_LR.pdf&#8221; background_color=&#8221;cat-clean&#8221;][\/vc_column][vc_column width=&#8221;1\/3&#8243;][elx_button button_text=&#8221;Lave-vaisselle \u00e0 avancement automatique&#8221; button_style=&#8221;icon&#8221; button_link=&#8221;url:https%3A%2F%2Fwww.electroluxprofessional.com%2Ffr%2Fequipement-cuisine%2Fequipement-lavage%2Fgamme-lave-vaisselle-avancement-automatique%2F|title:rack%20type%20dishwashers||&#8221;][\/vc_column][vc_column width=&#8221;1\/3&#8243;][\/vc_column][\/vc_row][vc_row][vc_column][vc_empty_space][elx_heading text_color=&#8221;inherit&#8221;]Contactez-nous pour en savoir plus sur la gamme de lave-vaisselle Green&amp;Clean[\/elx_heading][elx_o2000_contact_us r=&#8221;Je souhaiterais recevoir plus d&#8217;informations sur le syst\u00e8me de gestion des lave-vaisselle Green&amp;Clean&#8221; s=&#8221;Demande d&#8217;informations pour le syst\u00e8me de gestion Green&amp;Clean&#8221; country=&#8221;France&#8221; l=&#8221;fr&#8221; b=&#8221;food&#8221; container=&#8221;elxcontactus1488377821&#8243;][vc_empty_space][\/vc_column][\/vc_row]<\/p>\n","protected":false},"excerpt":{"rendered":"<p>[vc_row full_width=&#8221;electroluxpro-full-width-no-padding&#8221;][vc_column][elx_hero_slider text_position=&#8221;hero_slider_text_align_right&#8221; label_text_color=&#8221;inherit&#8221; images=&#8221;5567&#8243;][elx_heading font_container=&#8221;h1&#8243; font_size=&#8221;h3&#8243; text_color=&#8221;inherit&#8221;]L&#8217;environnement lave-vaisselle[\/elx_heading][elx_heading font_size=&#8221;h4&#8243; text_color=&#8221;inherit&#8221;]Optimisez votre zone de lavage[\/elx_heading][\/elx_hero_slider][\/vc_column][\/vc_row][vc_row][vc_column][vc_empty_space][elx_heading font_size=&#8221;h2&#8243; text_color=&#8221;inherit&#8221; text_align=&#8221;text-center&#8221;]Cr\u00e9ez votre combinaison sur-mesure de syst\u00e8mes de manutention \u00e0 partir des nombreuses options disponibles[\/elx_heading][vc_empty_space][\/vc_column][\/vc_row][vc_row][vc_column width=&#8221;1\/4&#8243;][vc_single_image image=&#8221;12336&#8243; img_size=&#8221;full&#8221;][\/vc_column][vc_column width=&#8221;1\/4&#8243;][vc_empty_space][vc_column_text] 18 options de tables de pr\u00e9lavage, disponibles jusqu&#8217;\u00e0 1,6 m de longueur [\/vc_column_text][\/vc_column][vc_column width=&#8221;1\/4&#8243;][vc_single_image image=&#8221;12337&#8243; img_size=&#8221;full&#8221;][\/vc_column][vc_column width=&#8221;1\/4&#8243;][vc_empty_space][vc_column_text] 3 options de [&hellip;]<\/p>\n","protected":false},"author":93,"featured_media":0,"parent":0,"menu_order":0,"comment_status":"closed","ping_status":"closed","template":"","meta":{"footnotes":""},"class_list":["post-12342","page","type-page","status-publish","hentry"],"acf":[],"yoast_head":"<!-- This site is optimized with the Yoast SEO plugin v23.3 - https:\/\/yoast.com\/wordpress\/plugins\/seo\/ -->\n<title>Environnement lave-vaisselle | Electrolux Professional France<\/title>\n<meta name=\"description\" content=\"Streamline your dishwashing area. Build your made to measure handling system combination from the numerous options available for your rack type dishwasher.\" \/>\n<meta name=\"robots\" content=\"index, follow, max-snippet:-1, max-image-preview:large, max-video-preview:-1\" \/>\n<link rel=\"canonical\" href=\"https:\/\/www.electroluxprofessional.com\/fr\/environnement-lave-vaisselle\/\" \/>\n<meta property=\"og:locale\" content=\"fr_FR\" \/>\n<meta property=\"og:type\" content=\"article\" \/>\n<meta property=\"og:title\" content=\"Environnement lave-vaisselle | Electrolux Professional France\" \/>\n<meta property=\"og:description\" content=\"Streamline your dishwashing area. Build your made to measure handling system combination from the numerous options available for your rack type dishwasher.\" \/>\n<meta property=\"og:url\" content=\"https:\/\/www.electroluxprofessional.com\/fr\/environnement-lave-vaisselle\/\" \/>\n<meta property=\"og:site_name\" content=\"Electrolux Professional France\" \/>\n<meta property=\"article:modified_time\" content=\"2022-07-18T10:18:22+00:00\" \/>\n<meta name=\"twitter:card\" content=\"summary_large_image\" \/>\n<meta name=\"twitter:label1\" content=\"Dur\u00e9e de lecture estim\u00e9e\" \/>\n\t<meta name=\"twitter:data1\" content=\"2 minutes\" \/>\n<script type=\"application\/ld+json\" class=\"yoast-schema-graph\">{\"@context\":\"https:\/\/schema.org\",\"@graph\":[{\"@type\":\"WebPage\",\"@id\":\"https:\/\/www.electroluxprofessional.com\/fr\/environnement-lave-vaisselle\/\",\"url\":\"https:\/\/www.electroluxprofessional.com\/fr\/environnement-lave-vaisselle\/\",\"name\":\"Environnement lave-vaisselle | Electrolux Professional France\",\"isPartOf\":{\"@id\":\"https:\/\/www.electroluxprofessional.com\/fr\/#website\"},\"datePublished\":\"2017-03-01T08:09:58+00:00\",\"dateModified\":\"2022-07-18T10:18:22+00:00\",\"description\":\"Streamline your dishwashing area. Build your made to measure handling system combination from the numerous options available for your rack type dishwasher.\",\"breadcrumb\":{\"@id\":\"https:\/\/www.electroluxprofessional.com\/fr\/environnement-lave-vaisselle\/#breadcrumb\"},\"inLanguage\":\"fr-FR\",\"potentialAction\":[{\"@type\":\"ReadAction\",\"target\":[\"https:\/\/www.electroluxprofessional.com\/fr\/environnement-lave-vaisselle\/\"]}]},{\"@type\":\"BreadcrumbList\",\"@id\":\"https:\/\/www.electroluxprofessional.com\/fr\/environnement-lave-vaisselle\/#breadcrumb\",\"itemListElement\":[{\"@type\":\"ListItem\",\"position\":1,\"name\":\"Home\",\"item\":\"https:\/\/www.electroluxprofessional.com\/fr\/\"},{\"@type\":\"ListItem\",\"position\":2,\"name\":\"Environnement lave-vaisselle\"}]},{\"@type\":\"WebSite\",\"@id\":\"https:\/\/www.electroluxprofessional.com\/fr\/#website\",\"url\":\"https:\/\/www.electroluxprofessional.com\/fr\/\",\"name\":\"Electrolux Professional France\",\"description\":\"\",\"potentialAction\":[{\"@type\":\"SearchAction\",\"target\":{\"@type\":\"EntryPoint\",\"urlTemplate\":\"https:\/\/www.electroluxprofessional.com\/fr\/?src={search_term_string}\"},\"query-input\":\"required name=search_term_string\"}],\"inLanguage\":\"fr-FR\"}]}<\/script>\n<!-- \/ Yoast SEO plugin. -->","yoast_head_json":{"title":"Environnement lave-vaisselle | Electrolux Professional France","description":"Streamline your dishwashing area. Build your made to measure handling system combination from the numerous options available for your rack type dishwasher.","robots":{"index":"index","follow":"follow","max-snippet":"max-snippet:-1","max-image-preview":"max-image-preview:large","max-video-preview":"max-video-preview:-1"},"canonical":"https:\/\/www.electroluxprofessional.com\/fr\/environnement-lave-vaisselle\/","og_locale":"fr_FR","og_type":"article","og_title":"Environnement lave-vaisselle | Electrolux Professional France","og_description":"Streamline your dishwashing area. Build your made to measure handling system combination from the numerous options available for your rack type dishwasher.","og_url":"https:\/\/www.electroluxprofessional.com\/fr\/environnement-lave-vaisselle\/","og_site_name":"Electrolux Professional France","article_modified_time":"2022-07-18T10:18:22+00:00","twitter_card":"summary_large_image","twitter_misc":{"Dur\u00e9e de lecture estim\u00e9e":"2 minutes"},"schema":{"@context":"https:\/\/schema.org","@graph":[{"@type":"WebPage","@id":"https:\/\/www.electroluxprofessional.com\/fr\/environnement-lave-vaisselle\/","url":"https:\/\/www.electroluxprofessional.com\/fr\/environnement-lave-vaisselle\/","name":"Environnement lave-vaisselle | Electrolux Professional France","isPartOf":{"@id":"https:\/\/www.electroluxprofessional.com\/fr\/#website"},"datePublished":"2017-03-01T08:09:58+00:00","dateModified":"2022-07-18T10:18:22+00:00","description":"Streamline your dishwashing area. Build your made to measure handling system combination from the numerous options available for your rack type dishwasher.","breadcrumb":{"@id":"https:\/\/www.electroluxprofessional.com\/fr\/environnement-lave-vaisselle\/#breadcrumb"},"inLanguage":"fr-FR","potentialAction":[{"@type":"ReadAction","target":["https:\/\/www.electroluxprofessional.com\/fr\/environnement-lave-vaisselle\/"]}]},{"@type":"BreadcrumbList","@id":"https:\/\/www.electroluxprofessional.com\/fr\/environnement-lave-vaisselle\/#breadcrumb","itemListElement":[{"@type":"ListItem","position":1,"name":"Home","item":"https:\/\/www.electroluxprofessional.com\/fr\/"},{"@type":"ListItem","position":2,"name":"Environnement lave-vaisselle"}]},{"@type":"WebSite","@id":"https:\/\/www.electroluxprofessional.com\/fr\/#website","url":"https:\/\/www.electroluxprofessional.com\/fr\/","name":"Electrolux Professional France","description":"","potentialAction":[{"@type":"SearchAction","target":{"@type":"EntryPoint","urlTemplate":"https:\/\/www.electroluxprofessional.com\/fr\/?src={search_term_string}"},"query-input":"required name=search_term_string"}],"inLanguage":"fr-FR"}]}},"_links":{"self":[{"href":"https:\/\/www.electroluxprofessional.com\/fr\/wp-json\/wp\/v2\/pages\/12342"}],"collection":[{"href":"https:\/\/www.electroluxprofessional.com\/fr\/wp-json\/wp\/v2\/pages"}],"about":[{"href":"https:\/\/www.electroluxprofessional.com\/fr\/wp-json\/wp\/v2\/types\/page"}],"author":[{"embeddable":true,"href":"https:\/\/www.electroluxprofessional.com\/fr\/wp-json\/wp\/v2\/users\/93"}],"replies":[{"embeddable":true,"href":"https:\/\/www.electroluxprofessional.com\/fr\/wp-json\/wp\/v2\/comments?post=12342"}],"version-history":[{"count":4,"href":"https:\/\/www.electroluxprofessional.com\/fr\/wp-json\/wp\/v2\/pages\/12342\/revisions"}],"predecessor-version":[{"id":28638,"href":"https:\/\/www.electroluxprofessional.com\/fr\/wp-json\/wp\/v2\/pages\/12342\/revisions\/28638"}],"wp:attachment":[{"href":"https:\/\/www.electroluxprofessional.com\/fr\/wp-json\/wp\/v2\/media?parent=12342"}],"curies":[{"name":"wp","href":"https:\/\/api.w.org\/{rel}","templated":true}]}}