{"id":12152,"date":"2020-07-08T14:36:56","date_gmt":"2020-07-08T12:36:56","guid":{"rendered":"https:\/\/www.electroluxprofessional.com\/?page_id=31231"},"modified":"2026-03-30T09:21:45","modified_gmt":"2026-03-30T09:21:45","slug":"thank-you","status":"publish","type":"page","link":"https:\/\/www.electroluxprofessional.com\/fr\/thank-you\/","title":{"rendered":"Merci"},"content":{"rendered":"<p>[vc_row][vc_column][vc_empty_space height=&#8221;132px&#8221;][elx_heading font_container=&#8221;h1&#8243; text_color=&#8221;inherit&#8221;]Merci de l\u2019int\u00e9r\u00eat port\u00e9 \u00e0 nos solutions Electrolux Professional.<br \/>\nUn conseiller commercial prendra contact avec vous dans les plus brefs d\u00e9lais.[\/elx_heading][vc_empty_space height=&#8221;132px&#8221;][\/vc_column][\/vc_row]<\/p>\n","protected":false},"excerpt":{"rendered":"<p>[vc_row][vc_column][vc_empty_space height=&#8221;132px&#8221;][elx_heading font_container=&#8221;h1&#8243; text_color=&#8221;inherit&#8221;]Merci de l\u2019int\u00e9r\u00eat port\u00e9 \u00e0 nos solutions Electrolux Professional. Un conseiller commercial prendra contact avec vous dans les plus brefs d\u00e9lais.[\/elx_heading][vc_empty_space height=&#8221;132px&#8221;][\/vc_column][\/vc_row]<\/p>\n","protected":false},"author":6,"featured_media":0,"parent":0,"menu_order":0,"comment_status":"closed","ping_status":"closed","template":"","meta":{"footnotes":""},"class_list":["post-12152","page","type-page","status-publish","hentry"],"acf":[],"yoast_head":"<!-- This site is optimized with the Yoast SEO plugin v23.3 - https:\/\/yoast.com\/wordpress\/plugins\/seo\/ -->\n<title>Merci | Electrolux Professional<\/title>\n<meta name=\"description\" content=\"you\/Merci pour votre message ! Votre demande de contact ou d&#039;information a \u00e9t\u00e9 transmise \u00e0 notre \u00e9quipe. Nous vous recontacterons dans les plus brefs d\u00e9lais.\" \/>\n<meta name=\"robots\" content=\"index, follow, max-snippet:-1, max-image-preview:large, max-video-preview:-1\" \/>\n<link rel=\"canonical\" href=\"https:\/\/www.electroluxprofessional.com\/fr\/thank-you\/\" \/>\n<meta property=\"og:locale\" content=\"fr_FR\" \/>\n<meta property=\"og:type\" content=\"article\" \/>\n<meta property=\"og:title\" content=\"Merci | Electrolux Professional\" \/>\n<meta property=\"og:description\" content=\"you\/Merci pour votre message ! Votre demande de contact ou d&#039;information a \u00e9t\u00e9 transmise \u00e0 notre \u00e9quipe. Nous vous recontacterons dans les plus brefs d\u00e9lais.\" \/>\n<meta property=\"og:url\" content=\"https:\/\/www.electroluxprofessional.com\/fr\/thank-you\/\" \/>\n<meta property=\"og:site_name\" content=\"Electrolux Professional France\" \/>\n<meta property=\"article:modified_time\" content=\"2026-03-30T09:21:45+00:00\" \/>\n<meta name=\"twitter:card\" content=\"summary_large_image\" \/>\n<meta name=\"twitter:label1\" content=\"Dur\u00e9e de lecture estim\u00e9e\" \/>\n\t<meta name=\"twitter:data1\" content=\"1 minute\" \/>\n<script type=\"application\/ld+json\" class=\"yoast-schema-graph\">{\"@context\":\"https:\/\/schema.org\",\"@graph\":[{\"@type\":\"WebPage\",\"@id\":\"https:\/\/www.electroluxprofessional.com\/fr\/thank-you\/\",\"url\":\"https:\/\/www.electroluxprofessional.com\/fr\/thank-you\/\",\"name\":\"Merci | Electrolux Professional\",\"isPartOf\":{\"@id\":\"https:\/\/www.electroluxprofessional.com\/fr\/#website\"},\"datePublished\":\"2020-07-08T12:36:56+00:00\",\"dateModified\":\"2026-03-30T09:21:45+00:00\",\"description\":\"you\/Merci pour votre message ! Votre demande de contact ou d'information a \u00e9t\u00e9 transmise \u00e0 notre \u00e9quipe. Nous vous recontacterons dans les plus brefs d\u00e9lais.\",\"breadcrumb\":{\"@id\":\"https:\/\/www.electroluxprofessional.com\/fr\/thank-you\/#breadcrumb\"},\"inLanguage\":\"fr-FR\",\"potentialAction\":[{\"@type\":\"ReadAction\",\"target\":[\"https:\/\/www.electroluxprofessional.com\/fr\/thank-you\/\"]}]},{\"@type\":\"BreadcrumbList\",\"@id\":\"https:\/\/www.electroluxprofessional.com\/fr\/thank-you\/#breadcrumb\",\"itemListElement\":[{\"@type\":\"ListItem\",\"position\":1,\"name\":\"Home\",\"item\":\"https:\/\/www.electroluxprofessional.com\/fr\/\"},{\"@type\":\"ListItem\",\"position\":2,\"name\":\"Merci\"}]},{\"@type\":\"WebSite\",\"@id\":\"https:\/\/www.electroluxprofessional.com\/fr\/#website\",\"url\":\"https:\/\/www.electroluxprofessional.com\/fr\/\",\"name\":\"Electrolux Professional France\",\"description\":\"\",\"potentialAction\":[{\"@type\":\"SearchAction\",\"target\":{\"@type\":\"EntryPoint\",\"urlTemplate\":\"https:\/\/www.electroluxprofessional.com\/fr\/?src={search_term_string}\"},\"query-input\":\"required name=search_term_string\"}],\"inLanguage\":\"fr-FR\"}]}<\/script>\n<!-- \/ Yoast SEO plugin. -->","yoast_head_json":{"title":"Merci | Electrolux Professional","description":"you\/Merci pour votre message ! Votre demande de contact ou d'information a \u00e9t\u00e9 transmise \u00e0 notre \u00e9quipe. Nous vous recontacterons dans les plus brefs d\u00e9lais.","robots":{"index":"index","follow":"follow","max-snippet":"max-snippet:-1","max-image-preview":"max-image-preview:large","max-video-preview":"max-video-preview:-1"},"canonical":"https:\/\/www.electroluxprofessional.com\/fr\/thank-you\/","og_locale":"fr_FR","og_type":"article","og_title":"Merci | Electrolux Professional","og_description":"you\/Merci pour votre message ! Votre demande de contact ou d'information a \u00e9t\u00e9 transmise \u00e0 notre \u00e9quipe. Nous vous recontacterons dans les plus brefs d\u00e9lais.","og_url":"https:\/\/www.electroluxprofessional.com\/fr\/thank-you\/","og_site_name":"Electrolux Professional France","article_modified_time":"2026-03-30T09:21:45+00:00","twitter_card":"summary_large_image","twitter_misc":{"Dur\u00e9e de lecture estim\u00e9e":"1 minute"},"schema":{"@context":"https:\/\/schema.org","@graph":[{"@type":"WebPage","@id":"https:\/\/www.electroluxprofessional.com\/fr\/thank-you\/","url":"https:\/\/www.electroluxprofessional.com\/fr\/thank-you\/","name":"Merci | Electrolux Professional","isPartOf":{"@id":"https:\/\/www.electroluxprofessional.com\/fr\/#website"},"datePublished":"2020-07-08T12:36:56+00:00","dateModified":"2026-03-30T09:21:45+00:00","description":"you\/Merci pour votre message ! Votre demande de contact ou d'information a \u00e9t\u00e9 transmise \u00e0 notre \u00e9quipe. Nous vous recontacterons dans les plus brefs d\u00e9lais.","breadcrumb":{"@id":"https:\/\/www.electroluxprofessional.com\/fr\/thank-you\/#breadcrumb"},"inLanguage":"fr-FR","potentialAction":[{"@type":"ReadAction","target":["https:\/\/www.electroluxprofessional.com\/fr\/thank-you\/"]}]},{"@type":"BreadcrumbList","@id":"https:\/\/www.electroluxprofessional.com\/fr\/thank-you\/#breadcrumb","itemListElement":[{"@type":"ListItem","position":1,"name":"Home","item":"https:\/\/www.electroluxprofessional.com\/fr\/"},{"@type":"ListItem","position":2,"name":"Merci"}]},{"@type":"WebSite","@id":"https:\/\/www.electroluxprofessional.com\/fr\/#website","url":"https:\/\/www.electroluxprofessional.com\/fr\/","name":"Electrolux Professional France","description":"","potentialAction":[{"@type":"SearchAction","target":{"@type":"EntryPoint","urlTemplate":"https:\/\/www.electroluxprofessional.com\/fr\/?src={search_term_string}"},"query-input":"required name=search_term_string"}],"inLanguage":"fr-FR"}]}},"_links":{"self":[{"href":"https:\/\/www.electroluxprofessional.com\/fr\/wp-json\/wp\/v2\/pages\/12152"}],"collection":[{"href":"https:\/\/www.electroluxprofessional.com\/fr\/wp-json\/wp\/v2\/pages"}],"about":[{"href":"https:\/\/www.electroluxprofessional.com\/fr\/wp-json\/wp\/v2\/types\/page"}],"author":[{"embeddable":true,"href":"https:\/\/www.electroluxprofessional.com\/fr\/wp-json\/wp\/v2\/users\/6"}],"replies":[{"embeddable":true,"href":"https:\/\/www.electroluxprofessional.com\/fr\/wp-json\/wp\/v2\/comments?post=12152"}],"version-history":[{"count":6,"href":"https:\/\/www.electroluxprofessional.com\/fr\/wp-json\/wp\/v2\/pages\/12152\/revisions"}],"predecessor-version":[{"id":31658,"href":"https:\/\/www.electroluxprofessional.com\/fr\/wp-json\/wp\/v2\/pages\/12152\/revisions\/31658"}],"wp:attachment":[{"href":"https:\/\/www.electroluxprofessional.com\/fr\/wp-json\/wp\/v2\/media?parent=12152"}],"curies":[{"name":"wp","href":"https:\/\/api.w.org\/{rel}","templated":true}]}}