{"id":12006,"date":"2020-08-20T14:05:15","date_gmt":"2020-08-20T14:05:15","guid":{"rendered":"https:\/\/www.electroluxprofessional.com\/fr\/?page_id=12006"},"modified":"2026-04-13T16:10:47","modified_gmt":"2026-04-13T16:10:47","slug":"accessoires-protection-desinfection-nettoyage","status":"publish","type":"page","link":"https:\/\/www.electroluxprofessional.com\/fr\/accessoires-consommables\/accessoires-protection-desinfection-nettoyage\/","title":{"rendered":"Accessoires de protection, d\u00e9sinfection et nettoyage"},"content":{"rendered":"<p>[vc_row full_width=&#8221;electroluxpro-full-width-no-padding&#8221;][vc_column][elx_image_block background_image=&#8221;12010&#8243; minimum_height=&#8221;400px&#8221;][vc_empty_space height=&#8221;35px&#8221;][\/vc_column][\/vc_row][vc_row matched_labels=&#8221;&#8221; css=&#8221;.vc_custom_1597932076956{padding-bottom: 25px !important;}&#8221;][vc_column][elx_heading font_container=&#8221;h1&#8243; font_size=&#8221;h3&#8243; text_color=&#8221;inherit&#8221;]Accessoires de protection, d\u00e9sinfection et nettoyage[\/elx_heading][\/vc_column][\/vc_row][vc_row gap=&#8221;35&#8243; equal_height=&#8221;yes&#8221; content_placement=&#8221;middle&#8221;][vc_column width=&#8221;2\/3&#8243;][vc_column_text css=&#8221;.vc_custom_1597932107584{padding-bottom: 20px !important;}&#8221;]<\/p>\n<div>Electrolux Professional conna\u00eet bien votre activit\u00e9 &#8211; nous sommes partenaires des \u00e9tablissements de sant\u00e9 et de l&#8217;univers du CHR depuis de longues ann\u00e9es<b>\u00a0: <\/b>nous menons plus sp\u00e9cialement des actions pour le respect de l\u2019hygi\u00e8ne depuis plus de 20 ans.<\/div>\n<div><\/div>\n<p>[\/vc_column_text][vc_column_text css=&#8221;.vc_custom_1597932097018{padding-bottom: 20px !important;}&#8221;]<\/p>\n<div><strong>Nous avons toujours \u00e0 l\u2019esprit vos priorit\u00e9s : ma\u00eetriser votre budget et garantir confort et s\u00e9curit\u00e9.<\/strong><\/div>\n<p>[\/vc_column_text][vc_column_text css=&#8221;.vc_custom_1597932114834{padding-bottom: 20px !important;}&#8221;]<\/p>\n<div>Dans ce contexte actuel o\u00f9 l&#8217;hygi\u00e8ne et la d\u00e9sinfection sont au c\u0153ur de vos pr\u00e9occupations, nous avons d\u00e9velopp\u00e9 un ensemble d&#8217;accessoires vous permettant d&#8217;assurer la protection de vos clients et de vos employ\u00e9s comprenant :<\/div>\n<ul>\n<li>Accessoires de protection individuelle et de pr\u00e9vention<\/li>\n<li>Produits de d\u00e9sinfection et nettoyage<\/li>\n<li>Produits chimiques pour le nettoyage des \u00e9vaporateurs de groupes r\u00e9frig\u00e9r\u00e9s et les syst\u00e8mes de climatisation<\/li>\n<li>Accessoire de bureau<\/li>\n<li>Accessoires pour v\u00e9hicules techniques<\/li>\n<\/ul>\n<p>[\/vc_column_text][\/vc_column][vc_column width=&#8221;1\/3&#8243;][elx_download_block text=&#8221;T\u00e9l\u00e9charger la brochure&#8221; document_type=&#8221;brochures&#8221; file_picker=&#8221;12012&#8243; background_color=&#8221;inherit&#8221; background_image=&#8221;12010&#8243;][\/vc_column][\/vc_row]<\/p>\n","protected":false},"excerpt":{"rendered":"<p>[vc_row full_width=&#8221;electroluxpro-full-width-no-padding&#8221;][vc_column][elx_image_block background_image=&#8221;12010&#8243; minimum_height=&#8221;400px&#8221;][vc_empty_space height=&#8221;35px&#8221;][\/vc_column][\/vc_row][vc_row matched_labels=&#8221;&#8221; css=&#8221;.vc_custom_1597932076956{padding-bottom: 25px !important;}&#8221;][vc_column][elx_heading font_container=&#8221;h1&#8243; font_size=&#8221;h3&#8243; text_color=&#8221;inherit&#8221;]Accessoires de protection, d\u00e9sinfection et nettoyage[\/elx_heading][\/vc_column][\/vc_row][vc_row gap=&#8221;35&#8243; equal_height=&#8221;yes&#8221; content_placement=&#8221;middle&#8221;][vc_column width=&#8221;2\/3&#8243;][vc_column_text css=&#8221;.vc_custom_1597932107584{padding-bottom: 20px !important;}&#8221;] Electrolux Professional conna\u00eet bien votre activit\u00e9 &#8211; nous sommes partenaires des \u00e9tablissements de sant\u00e9 et de l&#8217;univers du CHR depuis de longues ann\u00e9es\u00a0: nous menons plus sp\u00e9cialement des actions pour le [&hellip;]<\/p>\n","protected":false},"author":4,"featured_media":0,"parent":6298,"menu_order":0,"comment_status":"closed","ping_status":"closed","template":"","meta":{"footnotes":""},"class_list":["post-12006","page","type-page","status-publish","hentry"],"acf":[],"yoast_head":"<!-- This site is optimized with the Yoast SEO plugin v23.3 - https:\/\/yoast.com\/wordpress\/plugins\/seo\/ -->\n<title>Accessoires de protection, d\u00e9sinfection et nettoyage | Electrolux Professional<\/title>\n<meta name=\"description\" content=\"D\u00e9couvrez nos accessoires de protection individuelle et produits de d\u00e9sinfection. Solutions compl\u00e8tes pour le nettoyage professionnel de vos \u00e9quipements.\" \/>\n<meta name=\"robots\" content=\"index, follow, max-snippet:-1, max-image-preview:large, max-video-preview:-1\" \/>\n<link rel=\"canonical\" href=\"https:\/\/www.electroluxprofessional.com\/fr\/accessoires-consommables\/accessoires-protection-desinfection-nettoyage\/\" \/>\n<meta property=\"og:locale\" content=\"fr_FR\" \/>\n<meta property=\"og:type\" content=\"article\" \/>\n<meta property=\"og:title\" content=\"Accessoires de protection, d\u00e9sinfection et nettoyage | Electrolux Professional\" \/>\n<meta property=\"og:description\" content=\"D\u00e9couvrez nos accessoires de protection individuelle et produits de d\u00e9sinfection. Solutions compl\u00e8tes pour le nettoyage professionnel de vos \u00e9quipements.\" \/>\n<meta property=\"og:url\" content=\"https:\/\/www.electroluxprofessional.com\/fr\/accessoires-consommables\/accessoires-protection-desinfection-nettoyage\/\" \/>\n<meta property=\"og:site_name\" content=\"Electrolux Professional France\" \/>\n<meta property=\"article:modified_time\" content=\"2026-04-13T16:10:47+00:00\" \/>\n<meta name=\"twitter:card\" content=\"summary_large_image\" \/>\n<meta name=\"twitter:label1\" content=\"Dur\u00e9e de lecture estim\u00e9e\" \/>\n\t<meta name=\"twitter:data1\" content=\"2 minutes\" \/>\n<script type=\"application\/ld+json\" class=\"yoast-schema-graph\">{\"@context\":\"https:\/\/schema.org\",\"@graph\":[{\"@type\":\"WebPage\",\"@id\":\"https:\/\/www.electroluxprofessional.com\/fr\/accessoires-consommables\/accessoires-protection-desinfection-nettoyage\/\",\"url\":\"https:\/\/www.electroluxprofessional.com\/fr\/accessoires-consommables\/accessoires-protection-desinfection-nettoyage\/\",\"name\":\"Accessoires de protection, d\u00e9sinfection et nettoyage | Electrolux Professional\",\"isPartOf\":{\"@id\":\"https:\/\/www.electroluxprofessional.com\/fr\/#website\"},\"datePublished\":\"2020-08-20T14:05:15+00:00\",\"dateModified\":\"2026-04-13T16:10:47+00:00\",\"description\":\"D\u00e9couvrez nos accessoires de protection individuelle et produits de d\u00e9sinfection. Solutions compl\u00e8tes pour le nettoyage professionnel de vos \u00e9quipements.\",\"breadcrumb\":{\"@id\":\"https:\/\/www.electroluxprofessional.com\/fr\/accessoires-consommables\/accessoires-protection-desinfection-nettoyage\/#breadcrumb\"},\"inLanguage\":\"fr-FR\",\"potentialAction\":[{\"@type\":\"ReadAction\",\"target\":[\"https:\/\/www.electroluxprofessional.com\/fr\/accessoires-consommables\/accessoires-protection-desinfection-nettoyage\/\"]}]},{\"@type\":\"BreadcrumbList\",\"@id\":\"https:\/\/www.electroluxprofessional.com\/fr\/accessoires-consommables\/accessoires-protection-desinfection-nettoyage\/#breadcrumb\",\"itemListElement\":[{\"@type\":\"ListItem\",\"position\":1,\"name\":\"Home\",\"item\":\"https:\/\/www.electroluxprofessional.com\/fr\/\"},{\"@type\":\"ListItem\",\"position\":2,\"name\":\"Accessoires &#038; Consommables\",\"item\":\"https:\/\/www.electroluxprofessional.com\/fr\/accessoires-consommables\/\"},{\"@type\":\"ListItem\",\"position\":3,\"name\":\"Accessoires de protection, d\u00e9sinfection et nettoyage\"}]},{\"@type\":\"WebSite\",\"@id\":\"https:\/\/www.electroluxprofessional.com\/fr\/#website\",\"url\":\"https:\/\/www.electroluxprofessional.com\/fr\/\",\"name\":\"Electrolux Professional France\",\"description\":\"\",\"potentialAction\":[{\"@type\":\"SearchAction\",\"target\":{\"@type\":\"EntryPoint\",\"urlTemplate\":\"https:\/\/www.electroluxprofessional.com\/fr\/?src={search_term_string}\"},\"query-input\":\"required name=search_term_string\"}],\"inLanguage\":\"fr-FR\"}]}<\/script>\n<!-- \/ Yoast SEO plugin. -->","yoast_head_json":{"title":"Accessoires de protection, d\u00e9sinfection et nettoyage | Electrolux Professional","description":"D\u00e9couvrez nos accessoires de protection individuelle et produits de d\u00e9sinfection. Solutions compl\u00e8tes pour le nettoyage professionnel de vos \u00e9quipements.","robots":{"index":"index","follow":"follow","max-snippet":"max-snippet:-1","max-image-preview":"max-image-preview:large","max-video-preview":"max-video-preview:-1"},"canonical":"https:\/\/www.electroluxprofessional.com\/fr\/accessoires-consommables\/accessoires-protection-desinfection-nettoyage\/","og_locale":"fr_FR","og_type":"article","og_title":"Accessoires de protection, d\u00e9sinfection et nettoyage | Electrolux Professional","og_description":"D\u00e9couvrez nos accessoires de protection individuelle et produits de d\u00e9sinfection. Solutions compl\u00e8tes pour le nettoyage professionnel de vos \u00e9quipements.","og_url":"https:\/\/www.electroluxprofessional.com\/fr\/accessoires-consommables\/accessoires-protection-desinfection-nettoyage\/","og_site_name":"Electrolux Professional France","article_modified_time":"2026-04-13T16:10:47+00:00","twitter_card":"summary_large_image","twitter_misc":{"Dur\u00e9e de lecture estim\u00e9e":"2 minutes"},"schema":{"@context":"https:\/\/schema.org","@graph":[{"@type":"WebPage","@id":"https:\/\/www.electroluxprofessional.com\/fr\/accessoires-consommables\/accessoires-protection-desinfection-nettoyage\/","url":"https:\/\/www.electroluxprofessional.com\/fr\/accessoires-consommables\/accessoires-protection-desinfection-nettoyage\/","name":"Accessoires de protection, d\u00e9sinfection et nettoyage | Electrolux Professional","isPartOf":{"@id":"https:\/\/www.electroluxprofessional.com\/fr\/#website"},"datePublished":"2020-08-20T14:05:15+00:00","dateModified":"2026-04-13T16:10:47+00:00","description":"D\u00e9couvrez nos accessoires de protection individuelle et produits de d\u00e9sinfection. Solutions compl\u00e8tes pour le nettoyage professionnel de vos \u00e9quipements.","breadcrumb":{"@id":"https:\/\/www.electroluxprofessional.com\/fr\/accessoires-consommables\/accessoires-protection-desinfection-nettoyage\/#breadcrumb"},"inLanguage":"fr-FR","potentialAction":[{"@type":"ReadAction","target":["https:\/\/www.electroluxprofessional.com\/fr\/accessoires-consommables\/accessoires-protection-desinfection-nettoyage\/"]}]},{"@type":"BreadcrumbList","@id":"https:\/\/www.electroluxprofessional.com\/fr\/accessoires-consommables\/accessoires-protection-desinfection-nettoyage\/#breadcrumb","itemListElement":[{"@type":"ListItem","position":1,"name":"Home","item":"https:\/\/www.electroluxprofessional.com\/fr\/"},{"@type":"ListItem","position":2,"name":"Accessoires &#038; Consommables","item":"https:\/\/www.electroluxprofessional.com\/fr\/accessoires-consommables\/"},{"@type":"ListItem","position":3,"name":"Accessoires de protection, d\u00e9sinfection et nettoyage"}]},{"@type":"WebSite","@id":"https:\/\/www.electroluxprofessional.com\/fr\/#website","url":"https:\/\/www.electroluxprofessional.com\/fr\/","name":"Electrolux Professional France","description":"","potentialAction":[{"@type":"SearchAction","target":{"@type":"EntryPoint","urlTemplate":"https:\/\/www.electroluxprofessional.com\/fr\/?src={search_term_string}"},"query-input":"required name=search_term_string"}],"inLanguage":"fr-FR"}]}},"_links":{"self":[{"href":"https:\/\/www.electroluxprofessional.com\/fr\/wp-json\/wp\/v2\/pages\/12006"}],"collection":[{"href":"https:\/\/www.electroluxprofessional.com\/fr\/wp-json\/wp\/v2\/pages"}],"about":[{"href":"https:\/\/www.electroluxprofessional.com\/fr\/wp-json\/wp\/v2\/types\/page"}],"author":[{"embeddable":true,"href":"https:\/\/www.electroluxprofessional.com\/fr\/wp-json\/wp\/v2\/users\/4"}],"replies":[{"embeddable":true,"href":"https:\/\/www.electroluxprofessional.com\/fr\/wp-json\/wp\/v2\/comments?post=12006"}],"version-history":[{"count":11,"href":"https:\/\/www.electroluxprofessional.com\/fr\/wp-json\/wp\/v2\/pages\/12006\/revisions"}],"predecessor-version":[{"id":32071,"href":"https:\/\/www.electroluxprofessional.com\/fr\/wp-json\/wp\/v2\/pages\/12006\/revisions\/32071"}],"up":[{"embeddable":true,"href":"https:\/\/www.electroluxprofessional.com\/fr\/wp-json\/wp\/v2\/pages\/6298"}],"wp:attachment":[{"href":"https:\/\/www.electroluxprofessional.com\/fr\/wp-json\/wp\/v2\/media?parent=12006"}],"curies":[{"name":"wp","href":"https:\/\/api.w.org\/{rel}","templated":true}]}}