{"id":11473,"date":"2020-05-26T15:21:58","date_gmt":"2020-05-26T15:21:58","guid":{"rendered":"https:\/\/www.electroluxprofessional.com\/fr\/?page_id=11473"},"modified":"2026-03-30T15:28:10","modified_gmt":"2026-03-30T15:28:10","slug":"zoom-sur-simone-di-lenardo","status":"publish","type":"page","link":"https:\/\/www.electroluxprofessional.com\/fr\/zoom-sur-simone-di-lenardo\/","title":{"rendered":"Zoom sur&#8230; Simone Di Leonardo"},"content":{"rendered":"<p>[vc_row][vc_column][vc_empty_space][\/vc_column][\/vc_row][vc_row equal_height=&#8221;yes&#8221; content_placement=&#8221;middle&#8221;][vc_column width=&#8221;1\/2&#8243;][vc_single_image image=&#8221;11459&#8243; img_size=&#8221;full&#8221;][\/vc_column][vc_column width=&#8221;1\/2&#8243;][vc_column_text]<\/p>\n<h2><span class=\"TextRun SCXW147688016 BCX0\" lang=\"FR-FR\" xml:lang=\"FR-FR\" data-contrast=\"auto\"><span class=\"NormalTextRun SCXW147688016 BCX0\">Fier de faire partie d&#8217;un groupe mondial o\u00f9 diff\u00e9rentes cultures coexistent et se d\u00e9veloppent ensemble.<\/span><\/span><span class=\"EOP SCXW147688016 BCX0\" data-ccp-props=\"{&quot;201341983&quot;:0,&quot;335559739&quot;:160,&quot;335559740&quot;:259}\">\u00a0<\/span><\/h2>\n<p><span data-contrast=\"auto\">Dans une entreprise internationale,\u00a0<\/span><span data-contrast=\"auto\">parcourir de nombreux pays et continents<\/span><span data-contrast=\"auto\">\u00a0n\u2019est pas<\/span><span data-contrast=\"auto\">\u00a0une d\u00e9marche<\/span><span data-contrast=\"auto\">\u00a0inconnu<\/span><span data-contrast=\"auto\">e<\/span><span data-contrast=\"auto\">. Notre Responsable qualit\u00e9 \u00e0 Sursee en a fait une r\u00e9elle exp\u00e9rience,\u00a0<\/span><span data-contrast=\"auto\">en\u00a0<\/span><span data-contrast=\"auto\">assumant de\u00a0<\/span><span data-contrast=\"auto\">nouvelles responsabilit\u00e9s<\/span><span data-contrast=\"auto\">\u00a0et en d\u00e9veloppant sa carri\u00e8re d&#8217;un endroit \u00e0 l&#8217;autre.<\/span><span data-ccp-props=\"{&quot;201341983&quot;:0,&quot;335559739&quot;:160,&quot;335559740&quot;:259}\">\u00a0<\/span><\/p>\n<p><span data-contrast=\"auto\">La dixi\u00e8me ann\u00e9e de Simone<\/span><span data-contrast=\"auto\">\u00a0chez<\/span><span data-contrast=\"auto\">\u00a0Electrolux Professional est une \u00e9tape importante pour lui\u00a0<\/span><span data-contrast=\"auto\">afin\u00a0<\/span><span data-contrast=\"auto\">de r\u00e9fl\u00e9chir\u00a0<\/span><span data-contrast=\"auto\">au sens de ce<\/span><span data-contrast=\"auto\">\u00a0voyage passionnant.<\/span><\/p>\n<p><b><span data-contrast=\"auto\">Parlez-nous de votre carri\u00e8re chez Electrolux Professional \u00e0 ce jour<\/span><\/b><span data-ccp-props=\"{&quot;201341983&quot;:0,&quot;335559739&quot;:160,&quot;335559740&quot;:259}\">\u00a0<\/span><\/p>\n<p><span data-contrast=\"auto\">Cela commence en 2009 lorsque j\u2019ai eu l\u2019occasion d\u2019entreprendre la th\u00e8se de Master Ing\u00e9nieur lors d\u2019un stage d\u2019un an au si\u00e8ge \u00e0\u00a0Vallenoncello. J\u2019ai continu\u00e9 \u00e0 travailler avec l\u2019\u00e9quipe centrale EPS et ai particip\u00e9 \u00e0 plusieurs projets d\u2019am\u00e9lioration continue dans la zone de production.\u00a0<\/span>[\/vc_column_text][\/vc_column][\/vc_row][vc_row][vc_column][vc_empty_space height=&#8221;30px&#8221;][vc_column_text]<span data-contrast=\"auto\">2014 a \u00e9t\u00e9 une ann\u00e9e fantastique lorsque j\u2019ai eu la chance de d\u00e9m\u00e9nager en Tha\u00eflande en tant que\u00a0Supply\u00a0Chain Manager pour l\u2019usine de\u00a0Rayong. Un r\u00f4le compl\u00e8tement nouveau pour moi dans une culture\u00a0diff\u00e9rente.\u00a0<\/span><\/p>\n<p><span data-contrast=\"auto\">A cette \u00e9tape<\/span><span data-contrast=\"auto\">, j&#8217;ai d\u00e9couvert ce que signifie l&#8217;adaptabilit\u00e9 et\u00a0<\/span><span data-contrast=\"auto\">le d\u00e9veloppement<\/span><span data-contrast=\"auto\">\u00a0de nouvelles connaissances.\u00a0<\/span><span data-contrast=\"auto\">J<\/span><span data-contrast=\"auto\">e garde<\/span><span data-contrast=\"auto\">\u00a0de merveilleux souvenirs<\/span><span data-contrast=\"auto\">\u00a0de ces derni\u00e8res ann\u00e9es<\/span><span data-contrast=\"auto\">\u00a0<\/span><span data-contrast=\"auto\">; ce fut un travail acharn\u00e9 et un voyage m\u00e9morable. Trois ans plus tard, j&#8217;ai d\u00e9m\u00e9nag\u00e9 \u00e0 Shanghai et\u00a0<\/span><span data-contrast=\"auto\">ai\u00a0<\/span><span data-contrast=\"auto\">travaill\u00e9 dans notre usine nouvellement acquise pour aider au transfert de savoir-faire dans la cha\u00eene d&#8217;approvisionnement, la logistique et la planification. Le retour \u00e0\u00a0Vallenoncello\u00a0en 2018 a \u00e9t\u00e9 fondamental dans le contr\u00f4le des co\u00fbts, avant de changer de voie et d&#8217;\u00eatre maintenant en Suisse. Je peux certainement dire que\u00a0<\/span><span data-contrast=\"auto\">ce fut un<\/span><span data-contrast=\"auto\">\u00a0voyage passionnant<\/span><span data-contrast=\"auto\">\u00a0<\/span><span data-contrast=\"auto\">!<\/span><\/p>\n<p><b><span data-contrast=\"auto\">De quoi \u00eates-vous le plus fier<\/span><\/b><b><span data-contrast=\"auto\">\u00a0<\/span><\/b><b><span data-contrast=\"auto\">?<\/span><\/b><span data-ccp-props=\"{&quot;201341983&quot;:0,&quot;335559739&quot;:160,&quot;335559740&quot;:259}\">\u00a0<\/span><\/p>\n<p><span data-contrast=\"auto\">Fiers de faire partie d&#8217;un groupe mondial o\u00f9 diff\u00e9rentes cultures coexistent et se d\u00e9veloppent ensemble. Une entreprise qui encourage le changement et d\u00e9veloppe une exp\u00e9rience professionnelle et personnelle dans diff\u00e9rents pays. De plus, je suis fier d&#8217;\u00eatre inspir\u00e9 par un grand nombre de personnes fantastiques.<\/span><span data-ccp-props=\"{&quot;201341983&quot;:0,&quot;335559739&quot;:160,&quot;335559740&quot;:259}\">\u00a0<\/span><\/p>\n<p><span data-contrast=\"auto\">Les opportunit\u00e9s d&#8217;apprentissage sont partout, et de multiples exp\u00e9riences\u00a0<\/span><span data-contrast=\"auto\">m\u2019ont permis<\/span><span data-contrast=\"auto\">\u00a0de cr\u00e9er une bo\u00eete \u00e0 outils, tout en d\u00e9couvrant\u00a0<\/span><span data-contrast=\"auto\">m<\/span><span data-contrast=\"auto\">es forces et faiblesses personnelles. Sortir de ma zone de confort et d\u00e9velopper\u00a0<\/span><span data-contrast=\"auto\">mon\u00a0<\/span><span data-contrast=\"auto\">adaptabilit\u00e9 m&#8217;a aid\u00e9\u00a0<\/span><span data-contrast=\"auto\">\u00e0 avancer<\/span><span data-contrast=\"auto\">.<\/span><span data-ccp-props=\"{&quot;201341983&quot;:0,&quot;335559739&quot;:160,&quot;335559740&quot;:259}\">\u00a0<\/span><\/p>\n<p><span data-ccp-props=\"{&quot;201341983&quot;:0,&quot;335559739&quot;:160,&quot;335559740&quot;:259}\">\u00a0<\/span><b><span data-contrast=\"auto\">Quels sont les facteurs les plus importants pour vous en termes d&#8217;apprentissage et de d\u00e9veloppement<\/span><\/b><b><span data-contrast=\"auto\">\u00a0<\/span><\/b><b><span data-contrast=\"auto\">?<\/span><\/b><span data-ccp-props=\"{&quot;201341983&quot;:0,&quot;335559739&quot;:160,&quot;335559740&quot;:259}\">\u00a0<\/span><\/p>\n<p><span data-contrast=\"auto\">Le respect est le num\u00e9ro un. Sans cela, vous n&#8217;\u00eates pas en mesure d&#8217;\u00e9couter et finalement d&#8217;apprendre. Deuxi\u00e8mement, la curiosit\u00e9 est la cl\u00e9 &#8211; elle g\u00e9n\u00e8re un enthousiasme qui cr\u00e9e tellement d&#8217;\u00e9nergie. D\u00e9velopper un esprit d&#8217;entreprise est \u00e9galement important &#8211; prendre des d\u00e9cisions comme s&#8217;il s&#8217;agissait de votre propre entreprise. Voir vos forces et \u00eatre ouvert pour voir les opportunit\u00e9s d&#8217;am\u00e9lioration.<\/span><span data-ccp-props=\"{&quot;201341983&quot;:0,&quot;335559739&quot;:160,&quot;335559740&quot;:259}\">\u00a0<\/span><\/p>\n<p><span data-ccp-props=\"{&quot;201341983&quot;:0,&quot;335559739&quot;:160,&quot;335559740&quot;:259}\">\u00a0<\/span><b><span data-contrast=\"auto\">Qu&#8217;est-ce qui vous motive dans votre travail<\/span><\/b><b><span data-contrast=\"auto\">\u00a0<\/span><\/b><b><span data-contrast=\"auto\">?<\/span><\/b><span data-ccp-props=\"{&quot;201341983&quot;:0,&quot;335559739&quot;:160,&quot;335559740&quot;:259}\">\u00a0<\/span><\/p>\n<p><span data-contrast=\"auto\">Trouver constamment de nouvelles opportunit\u00e9s et id\u00e9es d&#8217;am\u00e9lioration &#8211; \u00e0 la fois en r\u00e9fl\u00e9chissant aux m\u00e9thodes de travail et en cr\u00e9ant une meilleure exp\u00e9rience pour nos clients. Quel<\/span><span data-contrast=\"auto\">le exp\u00e9rience<\/span><span data-contrast=\"auto\">\u00a0<\/span><span data-contrast=\"auto\">de travailler<\/span><span data-contrast=\"auto\">\u00a0chaque jour pour am\u00e9liorer\u00a0<\/span><span data-contrast=\"auto\">certains aspects<\/span><span data-contrast=\"auto\">, d\u2019essayer<\/span><span data-contrast=\"auto\">\u00a0de faire quelque chose de mieux que la veille<\/span><span data-contrast=\"auto\">\u2026<\/span><span data-ccp-props=\"{&quot;201341983&quot;:0,&quot;335559739&quot;:160,&quot;335559740&quot;:259}\">\u00a0<\/span><\/p>\n<p><span data-ccp-props=\"{&quot;201341983&quot;:0,&quot;335559739&quot;:160,&quot;335559740&quot;:259}\">\u00a0<\/span><span data-contrast=\"auto\">Consultez notre <a href=\"https:\/\/www.electroluxprofessional.com\/career-opportunities\/\" target=\"_blank\" rel=\"noopener\">site carri\u00e8res<\/a>, si vous souhaitez poursuivre une carri\u00e8re similaire \u00e0 celle de Simone.<\/span><span data-ccp-props=\"{&quot;201341983&quot;:0,&quot;335559739&quot;:160,&quot;335559740&quot;:259}\">\u00a0<\/span>[\/vc_column_text][vc_empty_space][\/vc_column][\/vc_row]<\/p>\n","protected":false},"excerpt":{"rendered":"<p>[vc_row][vc_column][vc_empty_space][\/vc_column][\/vc_row][vc_row equal_height=&#8221;yes&#8221; content_placement=&#8221;middle&#8221;][vc_column width=&#8221;1\/2&#8243;][vc_single_image image=&#8221;11459&#8243; img_size=&#8221;full&#8221;][\/vc_column][vc_column width=&#8221;1\/2&#8243;][vc_column_text] Fier de faire partie d&#8217;un groupe mondial o\u00f9 diff\u00e9rentes cultures coexistent et se d\u00e9veloppent ensemble.\u00a0 Dans une entreprise internationale,\u00a0parcourir de nombreux pays et continents\u00a0n\u2019est pas\u00a0une d\u00e9marche\u00a0inconnue. Notre Responsable qualit\u00e9 \u00e0 Sursee en a fait une r\u00e9elle exp\u00e9rience,\u00a0en\u00a0assumant de\u00a0nouvelles responsabilit\u00e9s\u00a0et en d\u00e9veloppant sa carri\u00e8re d&#8217;un endroit \u00e0 l&#8217;autre.\u00a0 La [&hellip;]<\/p>\n","protected":false},"author":4,"featured_media":0,"parent":0,"menu_order":0,"comment_status":"closed","ping_status":"closed","template":"","meta":{"footnotes":""},"class_list":["post-11473","page","type-page","status-publish","hentry"],"acf":[],"yoast_head":"<!-- This site is optimized with the Yoast SEO plugin v23.3 - https:\/\/yoast.com\/wordpress\/plugins\/seo\/ -->\n<title>Zoom sur Simone Di Lenardo | Electrolux Professional<\/title>\n<meta name=\"description\" content=\"Simone Di Lenardo: rencontrez le chef et d\u00e9couvrez son parcours. Son utilisation des \u00e9quipements Electrolux Professional pour sa cuisine.\" \/>\n<meta name=\"robots\" content=\"index, follow, max-snippet:-1, max-image-preview:large, max-video-preview:-1\" \/>\n<link rel=\"canonical\" href=\"https:\/\/www.electroluxprofessional.com\/fr\/zoom-sur-simone-di-lenardo\/\" \/>\n<meta property=\"og:locale\" content=\"fr_FR\" \/>\n<meta property=\"og:type\" content=\"article\" \/>\n<meta property=\"og:title\" content=\"Zoom sur Simone Di Lenardo | Electrolux Professional\" \/>\n<meta property=\"og:description\" content=\"Simone Di Lenardo: rencontrez le chef et d\u00e9couvrez son parcours. Son utilisation des \u00e9quipements Electrolux Professional pour sa cuisine.\" \/>\n<meta property=\"og:url\" content=\"https:\/\/www.electroluxprofessional.com\/fr\/zoom-sur-simone-di-lenardo\/\" \/>\n<meta property=\"og:site_name\" content=\"Electrolux Professional France\" \/>\n<meta property=\"article:modified_time\" content=\"2026-03-30T15:28:10+00:00\" \/>\n<meta name=\"twitter:card\" content=\"summary_large_image\" \/>\n<meta name=\"twitter:label1\" content=\"Dur\u00e9e de lecture estim\u00e9e\" \/>\n\t<meta name=\"twitter:data1\" content=\"3 minutes\" \/>\n<script type=\"application\/ld+json\" class=\"yoast-schema-graph\">{\"@context\":\"https:\/\/schema.org\",\"@graph\":[{\"@type\":\"WebPage\",\"@id\":\"https:\/\/www.electroluxprofessional.com\/fr\/zoom-sur-simone-di-lenardo\/\",\"url\":\"https:\/\/www.electroluxprofessional.com\/fr\/zoom-sur-simone-di-lenardo\/\",\"name\":\"Zoom sur Simone Di Lenardo | Electrolux Professional\",\"isPartOf\":{\"@id\":\"https:\/\/www.electroluxprofessional.com\/fr\/#website\"},\"datePublished\":\"2020-05-26T15:21:58+00:00\",\"dateModified\":\"2026-03-30T15:28:10+00:00\",\"description\":\"Simone Di Lenardo: rencontrez le chef et d\u00e9couvrez son parcours. Son utilisation des \u00e9quipements Electrolux Professional pour sa cuisine.\",\"breadcrumb\":{\"@id\":\"https:\/\/www.electroluxprofessional.com\/fr\/zoom-sur-simone-di-lenardo\/#breadcrumb\"},\"inLanguage\":\"fr-FR\",\"potentialAction\":[{\"@type\":\"ReadAction\",\"target\":[\"https:\/\/www.electroluxprofessional.com\/fr\/zoom-sur-simone-di-lenardo\/\"]}]},{\"@type\":\"BreadcrumbList\",\"@id\":\"https:\/\/www.electroluxprofessional.com\/fr\/zoom-sur-simone-di-lenardo\/#breadcrumb\",\"itemListElement\":[{\"@type\":\"ListItem\",\"position\":1,\"name\":\"Home\",\"item\":\"https:\/\/www.electroluxprofessional.com\/fr\/\"},{\"@type\":\"ListItem\",\"position\":2,\"name\":\"Zoom sur&#8230; Simone Di Leonardo\"}]},{\"@type\":\"WebSite\",\"@id\":\"https:\/\/www.electroluxprofessional.com\/fr\/#website\",\"url\":\"https:\/\/www.electroluxprofessional.com\/fr\/\",\"name\":\"Electrolux Professional France\",\"description\":\"\",\"potentialAction\":[{\"@type\":\"SearchAction\",\"target\":{\"@type\":\"EntryPoint\",\"urlTemplate\":\"https:\/\/www.electroluxprofessional.com\/fr\/?src={search_term_string}\"},\"query-input\":\"required name=search_term_string\"}],\"inLanguage\":\"fr-FR\"}]}<\/script>\n<!-- \/ Yoast SEO plugin. -->","yoast_head_json":{"title":"Zoom sur Simone Di Lenardo | Electrolux Professional","description":"Simone Di Lenardo: rencontrez le chef et d\u00e9couvrez son parcours. Son utilisation des \u00e9quipements Electrolux Professional pour sa cuisine.","robots":{"index":"index","follow":"follow","max-snippet":"max-snippet:-1","max-image-preview":"max-image-preview:large","max-video-preview":"max-video-preview:-1"},"canonical":"https:\/\/www.electroluxprofessional.com\/fr\/zoom-sur-simone-di-lenardo\/","og_locale":"fr_FR","og_type":"article","og_title":"Zoom sur Simone Di Lenardo | Electrolux Professional","og_description":"Simone Di Lenardo: rencontrez le chef et d\u00e9couvrez son parcours. Son utilisation des \u00e9quipements Electrolux Professional pour sa cuisine.","og_url":"https:\/\/www.electroluxprofessional.com\/fr\/zoom-sur-simone-di-lenardo\/","og_site_name":"Electrolux Professional France","article_modified_time":"2026-03-30T15:28:10+00:00","twitter_card":"summary_large_image","twitter_misc":{"Dur\u00e9e de lecture estim\u00e9e":"3 minutes"},"schema":{"@context":"https:\/\/schema.org","@graph":[{"@type":"WebPage","@id":"https:\/\/www.electroluxprofessional.com\/fr\/zoom-sur-simone-di-lenardo\/","url":"https:\/\/www.electroluxprofessional.com\/fr\/zoom-sur-simone-di-lenardo\/","name":"Zoom sur Simone Di Lenardo | Electrolux Professional","isPartOf":{"@id":"https:\/\/www.electroluxprofessional.com\/fr\/#website"},"datePublished":"2020-05-26T15:21:58+00:00","dateModified":"2026-03-30T15:28:10+00:00","description":"Simone Di Lenardo: rencontrez le chef et d\u00e9couvrez son parcours. Son utilisation des \u00e9quipements Electrolux Professional pour sa cuisine.","breadcrumb":{"@id":"https:\/\/www.electroluxprofessional.com\/fr\/zoom-sur-simone-di-lenardo\/#breadcrumb"},"inLanguage":"fr-FR","potentialAction":[{"@type":"ReadAction","target":["https:\/\/www.electroluxprofessional.com\/fr\/zoom-sur-simone-di-lenardo\/"]}]},{"@type":"BreadcrumbList","@id":"https:\/\/www.electroluxprofessional.com\/fr\/zoom-sur-simone-di-lenardo\/#breadcrumb","itemListElement":[{"@type":"ListItem","position":1,"name":"Home","item":"https:\/\/www.electroluxprofessional.com\/fr\/"},{"@type":"ListItem","position":2,"name":"Zoom sur&#8230; Simone Di Leonardo"}]},{"@type":"WebSite","@id":"https:\/\/www.electroluxprofessional.com\/fr\/#website","url":"https:\/\/www.electroluxprofessional.com\/fr\/","name":"Electrolux Professional France","description":"","potentialAction":[{"@type":"SearchAction","target":{"@type":"EntryPoint","urlTemplate":"https:\/\/www.electroluxprofessional.com\/fr\/?src={search_term_string}"},"query-input":"required name=search_term_string"}],"inLanguage":"fr-FR"}]}},"_links":{"self":[{"href":"https:\/\/www.electroluxprofessional.com\/fr\/wp-json\/wp\/v2\/pages\/11473"}],"collection":[{"href":"https:\/\/www.electroluxprofessional.com\/fr\/wp-json\/wp\/v2\/pages"}],"about":[{"href":"https:\/\/www.electroluxprofessional.com\/fr\/wp-json\/wp\/v2\/types\/page"}],"author":[{"embeddable":true,"href":"https:\/\/www.electroluxprofessional.com\/fr\/wp-json\/wp\/v2\/users\/4"}],"replies":[{"embeddable":true,"href":"https:\/\/www.electroluxprofessional.com\/fr\/wp-json\/wp\/v2\/comments?post=11473"}],"version-history":[{"count":9,"href":"https:\/\/www.electroluxprofessional.com\/fr\/wp-json\/wp\/v2\/pages\/11473\/revisions"}],"predecessor-version":[{"id":31716,"href":"https:\/\/www.electroluxprofessional.com\/fr\/wp-json\/wp\/v2\/pages\/11473\/revisions\/31716"}],"wp:attachment":[{"href":"https:\/\/www.electroluxprofessional.com\/fr\/wp-json\/wp\/v2\/media?parent=11473"}],"curies":[{"name":"wp","href":"https:\/\/api.w.org\/{rel}","templated":true}]}}