{"id":11394,"date":"2020-05-05T15:50:20","date_gmt":"2020-05-05T13:50:20","guid":{"rendered":"https:\/\/www.electroluxprofessional.com\/?page_id=30305"},"modified":"2026-03-30T09:22:45","modified_gmt":"2026-03-30T09:22:45","slug":"accompagnement-clients-covid19","status":"publish","type":"page","link":"https:\/\/www.electroluxprofessional.com\/fr\/accompagnement-clients-covid19\/","title":{"rendered":"Accompagner nos clients pendant le Covid-19"},"content":{"rendered":"<p>[vc_row full_width=&#8221;electroluxpro-full-width-no-padding&#8221;][vc_column][vc_single_image image=&#8221;11385&#8243; img_size=&#8221;full&#8221; alignment=&#8221;center&#8221;][\/vc_column][\/vc_row][vc_row][vc_column][vc_empty_space][elx_heading font_container=&#8221;h1&#8243; text_color=&#8221;inherit&#8221;]Electrolux Professional The OnE &#8211; votre partenaire de confiance, maintenant plus que jamais[\/elx_heading][vc_empty_space][vc_column_text]Notre monde a chang\u00e9, nombre de nos clients ont \u00e9t\u00e9 impact\u00e9s.<br \/>\nEn ces temps incertains, Electrolux Professional est l\u00e0 pour vous.<\/p>\n<p>Electrolux Professional est un leader mondial de l\u2019industrie des \u00e9quipements de restauration professionnelle, des boissons et de la blanchisserie. En tant que membre de la communaut\u00e9 mondiale des professionnels de l&#8217;h\u00f4tellerie et de la blanchisserie, nous sommes fiers de vous soutenir en cette p\u00e9riode sans pr\u00e9c\u00e9dent. Soyez assur\u00e9s que nous avons d\u00e9ploy\u00e9 des efforts et des ressources consid\u00e9rables pour g\u00e9rer cette situation incertaine afin de pr\u00e9server les besoins de nos clients. <strong>Nous avons pris des mesures de pr\u00e9caution pour assurer la continuit\u00e9 des activit\u00e9s de nos clients, notamment :\u00a0<\/strong>[\/vc_column_text][vc_empty_space][\/vc_column][\/vc_row][vc_row][vc_column width=&#8221;1\/4&#8243;][vc_empty_space][vc_single_image image=&#8221;11386&#8243; img_size=&#8221;150&#215;150&#8243; alignment=&#8221;center&#8221;][vc_empty_space][\/vc_column][vc_column width=&#8221;3\/4&#8243; css=&#8221;.vc_custom_1588538495890{background-color: #f4f4f4 !important;}&#8221;][vc_column_text]<\/p>\n<ul>\n<li>La planification et la gestion des stocks sont ajust\u00e9es pour att\u00e9nuer les perturbations de la cha\u00eene d&#8217;approvisionnement.<\/li>\n<li>Les niveaux de stock ont augment\u00e9 dans les principaux entrep\u00f4ts et ont \u00e9t\u00e9 d\u00e9centralis\u00e9s vers des entrep\u00f4ts locaux afin de garantir des produits proches de nos clients et pr\u00eats \u00e0 \u00eatre exp\u00e9di\u00e9s.<\/li>\n<li>Mis \u00e0 disposition rapidement par Electrolux Professional, l\u2019outil \u00ab\u00a0<a href=\"https:\/\/www.electroluxprofessional.com\/fr\/rester-proche-des-clients\/\">Essentia R\u00e9alit\u00e9 Augment\u00e9e<\/a>\u00a0\u00bb permet aux techniciens de service de fournir une assistance \u00e0 distance rapide au plus grand nombre de clients.<\/li>\n<li>Le service client et les services techniques fonctionnent normalement et s&#8217;engagent \u00e0 fournir un soutien continu.<\/li>\n<\/ul>\n<p>[\/vc_column_text][\/vc_column][\/vc_row][vc_row][vc_column][vc_empty_space][elx_heading font_size=&#8221;h1&#8243; text_color=&#8221;inherit&#8221; text_align=&#8221;text-center&#8221;]Nos conseils pour assurer la s\u00e9curit\u00e9 et prolonger les performances de vos \u00e9quipements<br \/>\npendant les p\u00e9riodes d&#8217;inactivit\u00e9[\/elx_heading][\/vc_column][\/vc_row][vc_row][vc_column width=&#8221;1\/2&#8243;][vc_empty_space][vc_single_image image=&#8221;11387&#8243; img_size=&#8221;full&#8221; alignment=&#8221;center&#8221; onclick=&#8221;custom_link&#8221; link=&#8221;https:\/\/www.electroluxprofessional.com\/fr\/service-et-support\/entretien-des-equipements\/#cuisine&#8221;][vc_empty_space][\/vc_column][vc_column width=&#8221;1\/2&#8243;][vc_empty_space][vc_single_image image=&#8221;11389&#8243; img_size=&#8221;full&#8221; alignment=&#8221;center&#8221; onclick=&#8221;custom_link&#8221; link=&#8221;https:\/\/www.electroluxprofessional.com\/fr\/service-et-support\/entretien-des-equipements\/#blanchisserie&#8221;][vc_empty_space][\/vc_column][\/vc_row][vc_row][vc_column][elx_button button_text=&#8221;Guide d&#8217;entretien des \u00e9quipements&#8221; button_display_block=&#8221;display_block_on&#8221; button_alignment=&#8221;align_center&#8221; button_link=&#8221;url:https%3A%2F%2Fwww.electroluxprofessional.com%2Ffr%2Fservice-et-support%2Fentretien-des-equipements%2F|||&#8221;][vc_empty_space][\/vc_column][\/vc_row][vc_row css=&#8221;.vc_custom_1588536095578{background-color: #f4f4f4 !important;}&#8221;][vc_column][elx_heading font_size=&#8221;h1&#8243; text_color=&#8221;inherit&#8221; text_align=&#8221;text-center&#8221;]Formations en ligne[\/elx_heading][\/vc_column][\/vc_row][vc_row css=&#8221;.vc_custom_1588536139844{background-color: #f4f4f4 !important;}&#8221;][vc_column][vc_single_image image=&#8221;10701&#8243; img_size=&#8221;medium&#8221; alignment=&#8221;center&#8221;][\/vc_column][\/vc_row][vc_row css=&#8221;.vc_custom_1588536148999{background-color: #f4f4f4 !important;}&#8221;][vc_column][elx_heading text_color=&#8221;inherit&#8221; text_align=&#8221;text-center&#8221;]Sessions sur la restauration, la blanchisserie<br \/>\net nos services d\u2019assistance innovants[\/elx_heading][vc_empty_space][vc_single_image image=&#8221;11390&#8243; img_size=&#8221;full&#8221; alignment=&#8221;center&#8221;][vc_empty_space][elx_button button_text=&#8221;Contactez-nous pour participer \u00e0 nos formations en ligne&#8221; button_display_block=&#8221;display_block_on&#8221; button_alignment=&#8221;align_center&#8221; button_link=&#8221;url:https%3A%2F%2Fwww.electroluxprofessional.com%2Fchef-s-hub%2Fcenters-of-excellence-electrolux-professional-virtual-tour%2F||target:%20_blank|&#8221;][vc_empty_space height=&#8221;10px&#8221;][vc_column_text]<\/p>\n<p style=\"text-align: center;\">(Sessions en anglais)<\/p>\n<p>[\/vc_column_text][vc_empty_space][\/vc_column][\/vc_row][vc_row css=&#8221;.vc_custom_1588537236354{background-color: #ffffff !important;}&#8221;][vc_column][elx_heading font_size=&#8221;h1&#8243; text_color=&#8221;inherit&#8221; text_align=&#8221;text-center&#8221;]Rester proche des clients<br \/>\navec le service de r\u00e9alit\u00e9 augment\u00e9e[\/elx_heading][\/vc_column][\/vc_row][vc_row][vc_column][vc_column_text]<\/p>\n<p style=\"text-align: center;\">Avec \u00ab\u00a0<a href=\"https:\/\/www.electroluxprofessional.com\/fr\/rester-proche-des-clients\/\">Essentia R\u00e9alit\u00e9 Augment\u00e9e<\/a>\u00a0\u00bb , les techniciens de service sont toujours en mesure de fournir une assistance \u00e0 distance aux clients gr\u00e2ce \u00e0 la r\u00e9alit\u00e9 augment\u00e9e que Electrolux Professional a pu mettre rapidement \u00e0 disposition du plus grand nombre.<\/p>\n<p>[\/vc_column_text][vc_empty_space][vc_single_image image=&#8221;11391&#8243; img_size=&#8221;full&#8221; alignment=&#8221;center&#8221;][vc_empty_space][elx_button button_text=&#8221;D\u00e9couvrir Essentia R\u00e9alit\u00e9 Augment\u00e9e&#8221; button_display_block=&#8221;display_block_on&#8221; button_alignment=&#8221;align_center&#8221; button_link=&#8221;url:https%3A%2F%2Fwww.electroluxprofessional.com%2Ffr%2Frester-proche-des-clients%2F|||&#8221;][vc_empty_space][\/vc_column][\/vc_row][vc_row][vc_column width=&#8221;1\/2&#8243;][vc_empty_space][vc_column_text]<strong>La s\u00e9curit\u00e9 et le bien-\u00eatre de nos employ\u00e9s, de nos clients et de nos partenaires restent notre priorit\u00e9 absolue.<\/strong> Au fur et \u00e0 mesure que la situation du coronavirus (COVID-19) \u00e9volue, nous continuerons \u00e0 nous adapter et \u00e0 aller de l&#8217;avant.[\/vc_column_text][\/vc_column][vc_column width=&#8221;1\/2&#8243;][vc_empty_space][vc_column_text]Depuis 100 ans, nous sommes aux c\u00f4t\u00e9s de nos clients dans toutes les situations, bonnes ou mauvaises. Depuis ces cent ans, nos clients nous ont fait confiance alors que tant de choses n&#8217;\u00e9taient pas encore fiables. Electrolux Professional The OnE reste votre partenaire de confiance et rend votre vie professionnelle plus facile, plus rentable &#8211; et vraiment durable chaque jour.[\/vc_column_text][vc_empty_space][\/vc_column][\/vc_row][vc_row css=&#8221;.vc_custom_1588673784692{background-color: #f4f4f4 !important;}&#8221;][vc_column][vc_empty_space][elx_heading font_size=&#8221;h1&#8243; text_color=&#8221;inherit&#8221; text_align=&#8221;text-center&#8221;]Proche de nos clients, surtout en cas d&#8217;urgence[\/elx_heading][\/vc_column][\/vc_row][vc_row css=&#8221;.vc_custom_1589439743612{background-color: #f4f4f4 !important;}&#8221;][vc_column][vc_empty_space][elx_heading text_color=&#8221;inherit&#8221; text_align=&#8221;text-center&#8221;]Centre Hospitalier R\u00e9gional Universitaire &#8211; Lille[\/elx_heading][vc_column_text]<\/p>\n<p style=\"font-weight: 400;\">La blanchisserie du Centre Hospitalier R\u00e9gional Universitaire (CHRU) de Lille a commenc\u00e9 \u00e0 fonctionner en 1983 avec une capacit\u00e9 minimale de 18 000 kg de linge par jour, principalement gr\u00e2ce \u00e0 des tunnels de lavage.\u00a0 En 2007, ils se sont appuy\u00e9s sur les solutions de machines barri\u00e8re Electrolux Professional.<\/p>\n<p style=\"font-weight: 400;\">Dans le cadre de COVID-19, la CHRU a d\u00e9cid\u00e9 de d\u00e9sinfecter tout le linge potentiellement contamin\u00e9 par le virus dans des laveuses-essoreuses s\u00e9par\u00e9es avant d&#8217;en laver une partie dans les tunnels. En raison de l&#8217;augmentation rapide du volume, il y avait un besoin urgent d&#8217;une troisi\u00e8me laveuse barri\u00e8re de 70 kg.<br \/>\nL&#8217;\u00e9quipe d&#8217;Electrolux Professional a assur\u00e9 la disponibilit\u00e9 et le transport du mat\u00e9riel dans les d\u00e9lais impartis, tandis que le CHRU a men\u00e9 \u00e0 bien le flux de travail sans faille, du chargement du camion \u00e0 l&#8217;installation et au raccordement \u00e0 l&#8217;eau. Notre partenaire technique GSCE a permis la &#8220;mise en service&#8221; des op\u00e9rations le 3 avril.<\/p>\n<p>[\/vc_column_text][\/vc_column][\/vc_row][vc_row css=&#8221;.vc_custom_1589439827657{background-color: #f4f4f4 !important;}&#8221;][vc_column][vc_empty_space][vc_single_image image=&#8221;11393&#8243; img_size=&#8221;full&#8221; alignment=&#8221;center&#8221;][vc_column_text]<\/p>\n<h6 style=\"text-align: center;\">Photo : Electrolux Professional<\/h6>\n<p>[\/vc_column_text][vc_empty_space][\/vc_column][\/vc_row][vc_row css=&#8221;.vc_custom_1588673751400{background-color: #f4f4f4 !important;}&#8221;][vc_column][elx_heading text_color=&#8221;inherit&#8221; text_align=&#8221;text-center&#8221;]Faire partie de The OnE fait la diff\u00e9rence pour nos clients et nos \u00e9quipes[\/elx_heading][elx_button button_text=&#8221;D\u00e9couvrir tous nos clients&#8221; button_display_block=&#8221;display_block_on&#8221; button_alignment=&#8221;align_center&#8221; button_link=&#8221;url:https%3A%2F%2Fwww.electroluxprofessional.com%2Ffr%2Freferences%2F|||&#8221;][vc_empty_space][\/vc_column][\/vc_row][vc_row][vc_column][vc_empty_space][elx_heading text_color=&#8221;inherit&#8221;]Contactez-nous pour plus d&#8217;informations sur nos services[\/elx_heading][elx_o2000_contact_us r=&#8221;D\u00e9crivez vos besoins&#8221; s=&#8221;Demande d&#8217;informations&#8221; country=&#8221;France&#8221; l=&#8221;fr&#8221; b=&#8221;laundry&#8221; e=&#8221;professionnel@electrolux.com&#8221;][\/vc_column][\/vc_row]<\/p>\n","protected":false},"excerpt":{"rendered":"<p>[vc_row full_width=&#8221;electroluxpro-full-width-no-padding&#8221;][vc_column][vc_single_image image=&#8221;11385&#8243; img_size=&#8221;full&#8221; alignment=&#8221;center&#8221;][\/vc_column][\/vc_row][vc_row][vc_column][vc_empty_space][elx_heading font_container=&#8221;h1&#8243; text_color=&#8221;inherit&#8221;]Electrolux Professional The OnE &#8211; votre partenaire de confiance, maintenant plus que jamais[\/elx_heading][vc_empty_space][vc_column_text]Notre monde a chang\u00e9, nombre de nos clients ont \u00e9t\u00e9 impact\u00e9s. En ces temps incertains, Electrolux Professional est l\u00e0 pour vous. Electrolux Professional est un leader mondial de l\u2019industrie des \u00e9quipements de restauration professionnelle, des boissons et [&hellip;]<\/p>\n","protected":false},"author":4,"featured_media":0,"parent":0,"menu_order":0,"comment_status":"closed","ping_status":"closed","template":"","meta":{"footnotes":""},"class_list":["post-11394","page","type-page","status-publish","hentry"],"acf":[],"yoast_head":"<!-- This site is optimized with the Yoast SEO plugin v23.3 - https:\/\/yoast.com\/wordpress\/plugins\/seo\/ -->\n<title>Accompagner nos clients pendant le Covid-19 | Electrolux Professional<\/title>\n<meta name=\"description\" content=\"Retrouvez nos solutions d\u2019hygi\u00e8ne et les conseils pour assurer la s\u00e9curit\u00e9 alimentaire et l&#039;entretien hygi\u00e9nique de votre linge professionnel.\" \/>\n<meta name=\"robots\" content=\"index, follow, max-snippet:-1, max-image-preview:large, max-video-preview:-1\" \/>\n<link rel=\"canonical\" href=\"https:\/\/www.electroluxprofessional.com\/fr\/accompagnement-clients-covid19\/\" \/>\n<meta property=\"og:locale\" content=\"fr_FR\" \/>\n<meta property=\"og:type\" content=\"article\" \/>\n<meta property=\"og:title\" content=\"Accompagner nos clients pendant le Covid-19 | Electrolux Professional\" \/>\n<meta property=\"og:description\" content=\"Retrouvez nos solutions d\u2019hygi\u00e8ne et les conseils pour assurer la s\u00e9curit\u00e9 alimentaire et l&#039;entretien hygi\u00e9nique de votre linge professionnel.\" \/>\n<meta property=\"og:url\" content=\"https:\/\/www.electroluxprofessional.com\/fr\/accompagnement-clients-covid19\/\" \/>\n<meta property=\"og:site_name\" content=\"Electrolux Professional France\" \/>\n<meta property=\"article:modified_time\" content=\"2026-03-30T09:22:45+00:00\" \/>\n<meta name=\"twitter:card\" content=\"summary_large_image\" \/>\n<meta name=\"twitter:label1\" content=\"Dur\u00e9e de lecture estim\u00e9e\" \/>\n\t<meta name=\"twitter:data1\" content=\"6 minutes\" \/>\n<script type=\"application\/ld+json\" class=\"yoast-schema-graph\">{\"@context\":\"https:\/\/schema.org\",\"@graph\":[{\"@type\":\"WebPage\",\"@id\":\"https:\/\/www.electroluxprofessional.com\/fr\/accompagnement-clients-covid19\/\",\"url\":\"https:\/\/www.electroluxprofessional.com\/fr\/accompagnement-clients-covid19\/\",\"name\":\"Accompagner nos clients pendant le Covid-19 | Electrolux Professional\",\"isPartOf\":{\"@id\":\"https:\/\/www.electroluxprofessional.com\/fr\/#website\"},\"datePublished\":\"2020-05-05T13:50:20+00:00\",\"dateModified\":\"2026-03-30T09:22:45+00:00\",\"description\":\"Retrouvez nos solutions d\u2019hygi\u00e8ne et les conseils pour assurer la s\u00e9curit\u00e9 alimentaire et l'entretien hygi\u00e9nique de votre linge professionnel.\",\"breadcrumb\":{\"@id\":\"https:\/\/www.electroluxprofessional.com\/fr\/accompagnement-clients-covid19\/#breadcrumb\"},\"inLanguage\":\"fr-FR\",\"potentialAction\":[{\"@type\":\"ReadAction\",\"target\":[\"https:\/\/www.electroluxprofessional.com\/fr\/accompagnement-clients-covid19\/\"]}]},{\"@type\":\"BreadcrumbList\",\"@id\":\"https:\/\/www.electroluxprofessional.com\/fr\/accompagnement-clients-covid19\/#breadcrumb\",\"itemListElement\":[{\"@type\":\"ListItem\",\"position\":1,\"name\":\"Home\",\"item\":\"https:\/\/www.electroluxprofessional.com\/fr\/\"},{\"@type\":\"ListItem\",\"position\":2,\"name\":\"Accompagner nos clients pendant le Covid-19\"}]},{\"@type\":\"WebSite\",\"@id\":\"https:\/\/www.electroluxprofessional.com\/fr\/#website\",\"url\":\"https:\/\/www.electroluxprofessional.com\/fr\/\",\"name\":\"Electrolux Professional France\",\"description\":\"\",\"potentialAction\":[{\"@type\":\"SearchAction\",\"target\":{\"@type\":\"EntryPoint\",\"urlTemplate\":\"https:\/\/www.electroluxprofessional.com\/fr\/?src={search_term_string}\"},\"query-input\":\"required name=search_term_string\"}],\"inLanguage\":\"fr-FR\"}]}<\/script>\n<!-- \/ Yoast SEO plugin. -->","yoast_head_json":{"title":"Accompagner nos clients pendant le Covid-19 | Electrolux Professional","description":"Retrouvez nos solutions d\u2019hygi\u00e8ne et les conseils pour assurer la s\u00e9curit\u00e9 alimentaire et l'entretien hygi\u00e9nique de votre linge professionnel.","robots":{"index":"index","follow":"follow","max-snippet":"max-snippet:-1","max-image-preview":"max-image-preview:large","max-video-preview":"max-video-preview:-1"},"canonical":"https:\/\/www.electroluxprofessional.com\/fr\/accompagnement-clients-covid19\/","og_locale":"fr_FR","og_type":"article","og_title":"Accompagner nos clients pendant le Covid-19 | Electrolux Professional","og_description":"Retrouvez nos solutions d\u2019hygi\u00e8ne et les conseils pour assurer la s\u00e9curit\u00e9 alimentaire et l'entretien hygi\u00e9nique de votre linge professionnel.","og_url":"https:\/\/www.electroluxprofessional.com\/fr\/accompagnement-clients-covid19\/","og_site_name":"Electrolux Professional France","article_modified_time":"2026-03-30T09:22:45+00:00","twitter_card":"summary_large_image","twitter_misc":{"Dur\u00e9e de lecture estim\u00e9e":"6 minutes"},"schema":{"@context":"https:\/\/schema.org","@graph":[{"@type":"WebPage","@id":"https:\/\/www.electroluxprofessional.com\/fr\/accompagnement-clients-covid19\/","url":"https:\/\/www.electroluxprofessional.com\/fr\/accompagnement-clients-covid19\/","name":"Accompagner nos clients pendant le Covid-19 | Electrolux Professional","isPartOf":{"@id":"https:\/\/www.electroluxprofessional.com\/fr\/#website"},"datePublished":"2020-05-05T13:50:20+00:00","dateModified":"2026-03-30T09:22:45+00:00","description":"Retrouvez nos solutions d\u2019hygi\u00e8ne et les conseils pour assurer la s\u00e9curit\u00e9 alimentaire et l'entretien hygi\u00e9nique de votre linge professionnel.","breadcrumb":{"@id":"https:\/\/www.electroluxprofessional.com\/fr\/accompagnement-clients-covid19\/#breadcrumb"},"inLanguage":"fr-FR","potentialAction":[{"@type":"ReadAction","target":["https:\/\/www.electroluxprofessional.com\/fr\/accompagnement-clients-covid19\/"]}]},{"@type":"BreadcrumbList","@id":"https:\/\/www.electroluxprofessional.com\/fr\/accompagnement-clients-covid19\/#breadcrumb","itemListElement":[{"@type":"ListItem","position":1,"name":"Home","item":"https:\/\/www.electroluxprofessional.com\/fr\/"},{"@type":"ListItem","position":2,"name":"Accompagner nos clients pendant le Covid-19"}]},{"@type":"WebSite","@id":"https:\/\/www.electroluxprofessional.com\/fr\/#website","url":"https:\/\/www.electroluxprofessional.com\/fr\/","name":"Electrolux Professional France","description":"","potentialAction":[{"@type":"SearchAction","target":{"@type":"EntryPoint","urlTemplate":"https:\/\/www.electroluxprofessional.com\/fr\/?src={search_term_string}"},"query-input":"required name=search_term_string"}],"inLanguage":"fr-FR"}]}},"_links":{"self":[{"href":"https:\/\/www.electroluxprofessional.com\/fr\/wp-json\/wp\/v2\/pages\/11394"}],"collection":[{"href":"https:\/\/www.electroluxprofessional.com\/fr\/wp-json\/wp\/v2\/pages"}],"about":[{"href":"https:\/\/www.electroluxprofessional.com\/fr\/wp-json\/wp\/v2\/types\/page"}],"author":[{"embeddable":true,"href":"https:\/\/www.electroluxprofessional.com\/fr\/wp-json\/wp\/v2\/users\/4"}],"replies":[{"embeddable":true,"href":"https:\/\/www.electroluxprofessional.com\/fr\/wp-json\/wp\/v2\/comments?post=11394"}],"version-history":[{"count":25,"href":"https:\/\/www.electroluxprofessional.com\/fr\/wp-json\/wp\/v2\/pages\/11394\/revisions"}],"predecessor-version":[{"id":31661,"href":"https:\/\/www.electroluxprofessional.com\/fr\/wp-json\/wp\/v2\/pages\/11394\/revisions\/31661"}],"wp:attachment":[{"href":"https:\/\/www.electroluxprofessional.com\/fr\/wp-json\/wp\/v2\/media?parent=11394"}],"curies":[{"name":"wp","href":"https:\/\/api.w.org\/{rel}","templated":true}]}}