{"id":10768,"date":"2025-02-03T09:04:05","date_gmt":"2025-02-03T09:04:05","guid":{"rendered":"https:\/\/www.electroluxprofessional.com\/fr\/?page_id=10768"},"modified":"2026-04-03T15:04:42","modified_gmt":"2026-04-03T15:04:42","slug":"homepage-2-2","status":"publish","type":"page","link":"https:\/\/www.electroluxprofessional.com\/fr\/","title":{"rendered":"Solutions professionnelles fiables pour restauration et blanchisserie"},"content":{"rendered":"<p>[vc_row full_width=&#8221;electroluxpro-full-width-no-padding&#8221; css=&#8221;.vc_custom_1764943200988{margin-bottom: 0px !important;}&#8221;][vc_column css=&#8221;.vc_custom_1575015067714{margin-bottom: 0px !important;}&#8221;][elx_master_slider slide_order_1=&#8221;2&#8243; title_1=&#8221;S\u00e9choirs professionnels pompe \u00e0 chaleur<br \/>\nLine 6000&#8243; text_1=&#8221;Cycles courts et jusqu&#8217;\u00e0 65% d&#8217;\u00e9conomies d&#8217;\u00e9nergie&#8221; slide_order_2=&#8221;1&#8243; title_2=&#8221;Prolongez l\u2019exp\u00e9rience Snack Show&#8221; text_2=&#8221;Venez nous rencontrer dans notre Centre d\u2019Excellence!&#8221; slide_order_3=&#8221;3&#8243; title_3=&#8221;L&#8217;Excellence<br \/>\nau quotidien&#8221; text_3=&#8221;Cuisson Modulaire e-XP 700 &amp; 900&#8243; slide_order_4=&#8221;4&#8243; title_4=&#8221;S\u00e9cheuses-repasseuses Line 6000&#8243; text_4=&#8221;Une hygi\u00e8ne irr\u00e9prochable et une ergonomie certifi\u00e9e Ergocert&#8221; link_1=&#8221;url:https%3A%2F%2Fwww.electroluxprofessional.com%2Ffr%2Fequipement-blanchisserie%2Fseche-linge-pompe-a-chaleur-line-6000%2F|title:En%20savoir%20plus&#8221; background_image_media_library_3=&#8221;29680&#8243; link_3=&#8221;url:https%3A%2F%2Fwww.electroluxprofessional.com%2Ffr%2Fcuisson-modulaire-e-xp-700-900%2F|title:En%20savoir%20plus|target:_blank&#8221; link_4=&#8221;url:https%3A%2F%2Fwww.electroluxprofessional.com%2Ffr%2Fequipement-blanchisserie%2Fsecheuses-repasseuses-line-6000%2F|title:En%20savoir%20plus|target:_blank&#8221; background_image_media_library_1=&#8221;25670&#8243; background_image_media_library_2=&#8221;31433&#8243; background_image_media_library_mobile_2=&#8221;31434&#8243; background_image_media_library_mobile_1=&#8221;25671&#8243; background_image_media_library_4=&#8221;11805&#8243; background_image_media_library_mobile_3=&#8221;29802&#8243; background_image_media_library_mobile_4=&#8221;11820&#8243; link_2=&#8221;url:https%3A%2F%2Fwww.electroluxprofessional.com%2Ffr%2Fcentre-excellence-france|title:D%C3%A9couvrir|target:_blank&#8221;][\/vc_column][\/vc_row][vc_row full_width=&#8221;electroluxpro-full-width-no-padding&#8221; disable_element=&#8221;yes&#8221; css=&#8221;.vc_custom_1764945610831{margin-bottom: 0px !important;}&#8221;][vc_column css=&#8221;.vc_custom_1575015067714{margin-bottom: 0px !important;}&#8221;][elx_master_slider slide_order_1=&#8221;2&#8243; text_colors_1=&#8221;text-blue&#8221; title_1=&#8221;Jusqu&#8217;au 31 d\u00e9cembre 2025<br \/>\n200\u20ac rembours\u00e9s sur le combo myPRO&#8221; text_1=&#8221;Lave linge et s\u00e8che-linge pompe \u00e0 chaleur myPRO 8kg&#8221; slide_order_2=&#8221;1&#8243; title_2=&#8221;L&#8217;excellence au quotidien&#8221; text_2=&#8221;Le futur de la cuisson modulaire commence aujourd&#8217;hui&#8221; slide_order_3=&#8221;3&#8243; title_3=&#8221;Notre Centre d&#8217;Excellence<br \/>\nvous ouvre ses portes&#8221; text_3=&#8221;D\u00e9couvrez et testez vos futurs \u00e9quipements de cuisine !&#8221; slide_order_4=&#8221;4&#8243; title_4=&#8221;S\u00e9cheuses-repasseuses Line 6000&#8243; text_4=&#8221;Une hygi\u00e8ne irr\u00e9prochable et une ergonomie certifi\u00e9e Ergocert&#8221; link_1=&#8221;url:https%3A%2F%2Fwww.electroluxprofessional.com%2Ffr%2Fequipement-blanchisserie%2Fmypro%2F|title:En%20savoir%20plus&#8221; background_image_media_library_3=&#8221;23982&#8243; link_2=&#8221;url:https%3A%2F%2Fwww.electroluxprofessional.com%2Ffr%2Fcuisson-modulaire-lavenir-est-deja-la%2F|title:D%C3%89COUVRIR&#8221; link_3=&#8221;url:https%3A%2F%2Fwww.electroluxprofessional.com%2Ffr%2Fcentre-excellence-france%2F|title:S&#8217;INSCRIRE&#8221; link_4=&#8221;url:https%3A%2F%2Fwww.electroluxprofessional.com%2Ffr%2Fequipement-blanchisserie%2Fsecheuses-repasseuses-line-6000%2F|title:En%20savoir%20plus&#8221; background_image_media_library_1=&#8221;27474&#8243; background_image_media_library_2=&#8221;29126&#8243; background_image_media_library_mobile_2=&#8221;29127&#8243; background_image_media_library_mobile_1=&#8221;27261&#8243; background_image_media_library_4=&#8221;11805&#8243; background_image_media_library_mobile_3=&#8221;10783&#8243; background_image_media_library_mobile_4=&#8221;11820&#8243;][\/vc_column][\/vc_row][vc_row][vc_column][elx_double_banner title_1=&#8221;Fours professionnels&#8221; text_1=&#8221;R\u00f4tir, mijoter, griller, mais surtout, ravir les papilles de vos clients : nos gammes de fours mixtes professionnels vous garantissent des cuissons parfaites et riches en saveur.&#8221; title_2=&#8221;Lave-linge professionnels&#8221; text_2=&#8221;Electrolux Professional propose une gamme compl\u00e8te de lave-linge professionnels con\u00e7ues pour r\u00e9pondre aux besoins vari\u00e9s des blanchisseries commerciales, des \u00e9tablissements de sant\u00e9, de la restauration, des r\u00e9sidences ou encore des laveries automatiques.&#8221; background_source_1=&#8221;image-media-library&#8221; background_source_2=&#8221;image-media-library&#8221; link_1=&#8221;url:https%3A%2F%2Fwww.electroluxprofessional.com%2Ffr%2Fequipement-cuisine%2Ffours%2F|title:D%C3%A9couvrir&#8221; background_image_media_library_1=&#8221;25095&#8243; link_2=&#8221;url:https%3A%2F%2Fwww.electroluxprofessional.com%2Ffr%2Fequipement-blanchisserie%2Flave-linge-professionnels%2F|title:En%20savoir%20plus&#8221; background_image_media_library_2=&#8221;25138&#8243; background_image_media_library_mobile_1=&#8221;25096&#8243; background_image_media_library_mobile_2=&#8221;25139&#8243; title_mobile_1=&#8221;Fours professionnels&#8221; title_mobile_2=&#8221;Lave-linge professionnels&#8221;][\/vc_column][\/vc_row][vc_row][vc_column][elx_double_banner title_1=&#8221;Lave-vaisselle professionnel Green&amp;Clean&#8221; text_1=&#8221;Excellentes performances de lavage et de rin\u00e7age, \u00e9limination totale du d\u00e9tergent et faibles co\u00fbts de fonctionnement, le lave-vaisselle frontal Green&amp;Clean est id\u00e9al pour nettoyer les assiettes, tasses, ustensiles, plateaux, r\u00e9cipients gastronomiques et couverts.&#8221; title_2=&#8221;S\u00e8che-linge pompe \u00e0 chaleur Line 6000&#8243; text_2=&#8221;Rendez vos op\u00e9rations de blanchisserie plus durables sans compromettre votre productivit\u00e9 gr\u00e2ce \u00e0 la nouvelle g\u00e9n\u00e9ration d\u2019\u00e9quipements de s\u00e9chage professionnels, pour un s\u00e9chage plus rapide et plus performant.&#8221; background_source_1=&#8221;image-media-library&#8221; background_source_2=&#8221;image-media-library&#8221; link_1=&#8221;url:https%3A%2F%2Fwww.electroluxprofessional.com%2Ffr%2Fequipement-cuisine%2Fequipement-lavage%2Flave-vaisselle-frontal%2F|title:En%20savoir%20plus&#8221; background_image_media_library_1=&#8221;30387&#8243; link_2=&#8221;url:https%3A%2F%2Fwww.electroluxprofessional.com%2Ffr%2Fequipement-blanchisserie%2Fseche-linge-pompe-a-chaleur-line-6000%2F|title:D%C3%A9couvrir&#8221; background_image_media_library_2=&#8221;13619&#8243; background_image_media_library_mobile_1=&#8221;30388&#8243; background_image_media_library_mobile_2=&#8221;27722&#8243; title_mobile_1=&#8221;Lave-vaisselle professionnel Green&amp;Clean&#8221; title_mobile_2=&#8221;S\u00e8che-linge pompe \u00e0 chaleur Line 6000&#8243;][\/vc_column][\/vc_row][vc_row][vc_column][elx_double_banner title_1=&#8221;Solutions pour la restauration&#8221; text_1=&#8221;En choisissant une cuisine professionnelle Electrolux Professional, vous avez acc\u00e8s \u00e0 une vaste gamme de mat\u00e9riels r\u00e9pondant \u00e0 vos besoins les plus pr\u00e9cis, mais \u00e9galement au plus grand r\u00e9seau de partenaires agr\u00e9\u00e9s en vente et en service.&#8221; title_2=&#8221;Solutions myPRO \u00e0 usage semi-intensif&#8221; text_2=&#8221;Electrolux Professional vous propose des solutions de blanchisserie semi-professionnelle fiables et performantes, \u00e0 usage semi-intensif et d\u00e9di\u00e9es aux petites structures.&#8221; background_source_1=&#8221;image-media-library&#8221; background_source_2=&#8221;image-media-library&#8221; link_1=&#8221;url:https%3A%2F%2Fwww.electroluxprofessional.com%2Ffr%2Fsolutions%2Fhotellerie-restauration-commerciale%2Fcuisine%2F|title:En%20savoir%20plus&#8221; background_image_media_library_1=&#8221;26987&#8243; link_2=&#8221;url:https%3A%2F%2Fwww.electroluxprofessional.com%2Ffr%2Fequipement-blanchisserie%2Fmypro%2F|title:D%C3%A9couvrir&#8221; background_image_media_library_2=&#8221;30384&#8243; background_image_media_library_mobile_1=&#8221;26987&#8243; background_image_media_library_mobile_2=&#8221;30385&#8243; title_mobile_1=&#8221;Solutions pour la restauration&#8221; title_mobile_2=&#8221;Solutions myPRO \u00e0 usage semi-intensif&#8221;][\/vc_column][\/vc_row][vc_row full_width=&#8221;electroluxpro-full-width-no-padding&#8221;][vc_column][elx_full_banner title=&#8221;Des solutions durables pour votre activit\u00e9&#8221; text=&#8221;Electrolux Professional is the OnE trusted partner making your work-life easier, more profitable \u2013 and truly sustainable every day.&#8221; background_source=&#8221;image-media-library&#8221; link=&#8221;url:https%3A%2F%2Fwww.electroluxprofessional.com%2Ffr%2Fnos-engagements-en-faveur-du-developpement-durable%2F|title:D%C3%A9couvrir&#8221; background_image_media_library=&#8221;21207&#8243; background_image_media_library_mobile=&#8221;21217&#8243;][\/vc_column][\/vc_row][vc_row full_width=&#8221;electroluxpro-full-width-no-padding&#8221;][vc_column][elx_last_news][\/vc_column][\/vc_row][vc_row full_width=&#8221;electroluxpro-full-width-no-padding&#8221;][vc_column][elx_last_references title=&#8221;Nos clients&#8221;][\/vc_column][\/vc_row][vc_row][vc_column][elx_single_banner title=&#8221;Rejoignez-nous&#8221; text=&#8221;Electrolux Professional accueille les passionn\u00e9s qui ont l&#8217;esprit d&#8217;\u00e9quipe pour rejoindre notre famille. Consultez notre site carri\u00e8re pour en savoir plus sur les opportunit\u00e9s.&#8221; text_mobile=&#8221;&#8221; background_source=&#8221;image-media-library&#8221; background_image_media_library=&#8221;10784&#8243; link=&#8221;url:https%3A%2F%2Fwww.electroluxprofessional.com%2Fcareer-opportunities%2F|title:Postuler%20||&#8221; background_image_media_library_mobile=&#8221;10785&#8243;][\/vc_column][\/vc_row][vc_row][vc_column][elx_active_banner title=&#8221;Trouver un revendeur&#8221; link=&#8221;url:https%3A%2F%2Fwww.electroluxprofessional.com%2Ffr%2Frevendeurs-stc%2F|title:Rechercher||&#8221; background_image_media_library=&#8221;10786&#8243; background_image_media_library_mobile=&#8221;10787&#8243;][\/vc_column][\/vc_row][vc_row][vc_column][vc_empty_space height=&#8221;30px&#8221;][\/vc_column][\/vc_row]<\/p>\n","protected":false},"excerpt":{"rendered":"<p>[vc_row full_width=&#8221;electroluxpro-full-width-no-padding&#8221; css=&#8221;.vc_custom_1764943200988{margin-bottom: 0px !important;}&#8221;][vc_column css=&#8221;.vc_custom_1575015067714{margin-bottom: 0px !important;}&#8221;][elx_master_slider slide_order_1=&#8221;2&#8243; title_1=&#8221;S\u00e9choirs professionnels pompe \u00e0 chaleur Line 6000&#8243; text_1=&#8221;Cycles courts et jusqu&#8217;\u00e0 65% d&#8217;\u00e9conomies d&#8217;\u00e9nergie&#8221; slide_order_2=&#8221;1&#8243; title_2=&#8221;Prolongez l\u2019exp\u00e9rience Snack Show&#8221; text_2=&#8221;Venez nous rencontrer dans notre Centre d\u2019Excellence!&#8221; slide_order_3=&#8221;3&#8243; title_3=&#8221;L&#8217;Excellence au quotidien&#8221; text_3=&#8221;Cuisson Modulaire e-XP 700 &amp; 900&#8243; slide_order_4=&#8221;4&#8243; title_4=&#8221;S\u00e9cheuses-repasseuses Line 6000&#8243; text_4=&#8221;Une hygi\u00e8ne irr\u00e9prochable et une ergonomie [&hellip;]<\/p>\n","protected":false},"author":1,"featured_media":0,"parent":0,"menu_order":0,"comment_status":"closed","ping_status":"closed","template":"","meta":{"footnotes":""},"class_list":["post-10768","page","type-page","status-publish","hentry"],"acf":[],"yoast_head":"<!-- This site is optimized with the Yoast SEO plugin v23.3 - https:\/\/yoast.com\/wordpress\/plugins\/seo\/ -->\n<title>Cuisine et blanchisserie professionnelles | Electrolux Professional<\/title>\n<meta name=\"description\" content=\"Electrolux Professional est le leader mondial en \u00e9quipements pour cuisines et blanchisseries professionnelles, offrant innovation, fiabilit\u00e9 et performances.\" \/>\n<meta name=\"robots\" content=\"index, follow, max-snippet:-1, max-image-preview:large, max-video-preview:-1\" \/>\n<link rel=\"canonical\" href=\"https:\/\/www.electroluxprofessional.com\/fr\/\" \/>\n<meta property=\"og:locale\" content=\"fr_FR\" \/>\n<meta property=\"og:type\" content=\"article\" \/>\n<meta property=\"og:title\" content=\"Cuisine et blanchisserie professionnelles | Electrolux Professional\" \/>\n<meta property=\"og:description\" content=\"Electrolux Professional est le leader mondial en \u00e9quipements pour cuisines et blanchisseries professionnelles, offrant innovation, fiabilit\u00e9 et performances.\" \/>\n<meta property=\"og:url\" content=\"https:\/\/www.electroluxprofessional.com\/fr\/\" \/>\n<meta property=\"og:site_name\" content=\"Electrolux Professional France\" \/>\n<meta property=\"article:modified_time\" content=\"2026-04-03T15:04:42+00:00\" \/>\n<meta name=\"twitter:card\" content=\"summary_large_image\" \/>\n<meta name=\"twitter:label1\" content=\"Dur\u00e9e de lecture estim\u00e9e\" \/>\n\t<meta name=\"twitter:data1\" content=\"7 minutes\" \/>\n<script type=\"application\/ld+json\" class=\"yoast-schema-graph\">{\"@context\":\"https:\/\/schema.org\",\"@graph\":[{\"@type\":\"WebPage\",\"@id\":\"https:\/\/www.electroluxprofessional.com\/fr\/\",\"url\":\"https:\/\/www.electroluxprofessional.com\/fr\/\",\"name\":\"Cuisine et blanchisserie professionnelles | Electrolux Professional\",\"isPartOf\":{\"@id\":\"https:\/\/www.electroluxprofessional.com\/fr\/#website\"},\"datePublished\":\"2025-02-03T09:04:05+00:00\",\"dateModified\":\"2026-04-03T15:04:42+00:00\",\"description\":\"Electrolux Professional est le leader mondial en \u00e9quipements pour cuisines et blanchisseries professionnelles, offrant innovation, fiabilit\u00e9 et performances.\",\"breadcrumb\":{\"@id\":\"https:\/\/www.electroluxprofessional.com\/fr\/#breadcrumb\"},\"inLanguage\":\"fr-FR\",\"potentialAction\":[{\"@type\":\"ReadAction\",\"target\":[\"https:\/\/www.electroluxprofessional.com\/fr\/\"]}]},{\"@type\":\"BreadcrumbList\",\"@id\":\"https:\/\/www.electroluxprofessional.com\/fr\/#breadcrumb\",\"itemListElement\":[{\"@type\":\"ListItem\",\"position\":1,\"name\":\"Home\",\"item\":\"https:\/\/www.electroluxprofessional.com\/fr\/\"},{\"@type\":\"ListItem\",\"position\":2,\"name\":\"Solutions professionnelles fiables pour restauration et blanchisserie\"}]},{\"@type\":\"WebSite\",\"@id\":\"https:\/\/www.electroluxprofessional.com\/fr\/#website\",\"url\":\"https:\/\/www.electroluxprofessional.com\/fr\/\",\"name\":\"Electrolux Professional France\",\"description\":\"\",\"potentialAction\":[{\"@type\":\"SearchAction\",\"target\":{\"@type\":\"EntryPoint\",\"urlTemplate\":\"https:\/\/www.electroluxprofessional.com\/fr\/?src={search_term_string}\"},\"query-input\":\"required name=search_term_string\"}],\"inLanguage\":\"fr-FR\"}]}<\/script>\n<!-- \/ Yoast SEO plugin. -->","yoast_head_json":{"title":"Cuisine et blanchisserie professionnelles | Electrolux Professional","description":"Electrolux Professional est le leader mondial en \u00e9quipements pour cuisines et blanchisseries professionnelles, offrant innovation, fiabilit\u00e9 et performances.","robots":{"index":"index","follow":"follow","max-snippet":"max-snippet:-1","max-image-preview":"max-image-preview:large","max-video-preview":"max-video-preview:-1"},"canonical":"https:\/\/www.electroluxprofessional.com\/fr\/","og_locale":"fr_FR","og_type":"article","og_title":"Cuisine et blanchisserie professionnelles | Electrolux Professional","og_description":"Electrolux Professional est le leader mondial en \u00e9quipements pour cuisines et blanchisseries professionnelles, offrant innovation, fiabilit\u00e9 et performances.","og_url":"https:\/\/www.electroluxprofessional.com\/fr\/","og_site_name":"Electrolux Professional France","article_modified_time":"2026-04-03T15:04:42+00:00","twitter_card":"summary_large_image","twitter_misc":{"Dur\u00e9e de lecture estim\u00e9e":"7 minutes"},"schema":{"@context":"https:\/\/schema.org","@graph":[{"@type":"WebPage","@id":"https:\/\/www.electroluxprofessional.com\/fr\/","url":"https:\/\/www.electroluxprofessional.com\/fr\/","name":"Cuisine et blanchisserie professionnelles | Electrolux Professional","isPartOf":{"@id":"https:\/\/www.electroluxprofessional.com\/fr\/#website"},"datePublished":"2025-02-03T09:04:05+00:00","dateModified":"2026-04-03T15:04:42+00:00","description":"Electrolux Professional est le leader mondial en \u00e9quipements pour cuisines et blanchisseries professionnelles, offrant innovation, fiabilit\u00e9 et performances.","breadcrumb":{"@id":"https:\/\/www.electroluxprofessional.com\/fr\/#breadcrumb"},"inLanguage":"fr-FR","potentialAction":[{"@type":"ReadAction","target":["https:\/\/www.electroluxprofessional.com\/fr\/"]}]},{"@type":"BreadcrumbList","@id":"https:\/\/www.electroluxprofessional.com\/fr\/#breadcrumb","itemListElement":[{"@type":"ListItem","position":1,"name":"Home","item":"https:\/\/www.electroluxprofessional.com\/fr\/"},{"@type":"ListItem","position":2,"name":"Solutions professionnelles fiables pour restauration et blanchisserie"}]},{"@type":"WebSite","@id":"https:\/\/www.electroluxprofessional.com\/fr\/#website","url":"https:\/\/www.electroluxprofessional.com\/fr\/","name":"Electrolux Professional France","description":"","potentialAction":[{"@type":"SearchAction","target":{"@type":"EntryPoint","urlTemplate":"https:\/\/www.electroluxprofessional.com\/fr\/?src={search_term_string}"},"query-input":"required name=search_term_string"}],"inLanguage":"fr-FR"}]}},"_links":{"self":[{"href":"https:\/\/www.electroluxprofessional.com\/fr\/wp-json\/wp\/v2\/pages\/10768"}],"collection":[{"href":"https:\/\/www.electroluxprofessional.com\/fr\/wp-json\/wp\/v2\/pages"}],"about":[{"href":"https:\/\/www.electroluxprofessional.com\/fr\/wp-json\/wp\/v2\/types\/page"}],"author":[{"embeddable":true,"href":"https:\/\/www.electroluxprofessional.com\/fr\/wp-json\/wp\/v2\/users\/1"}],"replies":[{"embeddable":true,"href":"https:\/\/www.electroluxprofessional.com\/fr\/wp-json\/wp\/v2\/comments?post=10768"}],"version-history":[{"count":194,"href":"https:\/\/www.electroluxprofessional.com\/fr\/wp-json\/wp\/v2\/pages\/10768\/revisions"}],"predecessor-version":[{"id":31738,"href":"https:\/\/www.electroluxprofessional.com\/fr\/wp-json\/wp\/v2\/pages\/10768\/revisions\/31738"}],"wp:attachment":[{"href":"https:\/\/www.electroluxprofessional.com\/fr\/wp-json\/wp\/v2\/media?parent=10768"}],"curies":[{"name":"wp","href":"https:\/\/api.w.org\/{rel}","templated":true}]}}