{"id":10741,"date":"2019-12-10T20:18:46","date_gmt":"2019-12-10T18:18:46","guid":{"rendered":"https:\/\/www.electroluxprofessional.com\/?page_id=25505"},"modified":"2026-03-30T09:18:39","modified_gmt":"2026-03-30T09:18:39","slug":"centers-of-excellence","status":"publish","type":"page","link":"https:\/\/www.electroluxprofessional.com\/fr\/centers-of-excellence\/","title":{"rendered":"Centres d&#8217;Excellence Electrolux Professional"},"content":{"rendered":"<p>[vc_row full_width=&#8221;electroluxpro-full-width-no-padding&#8221;][vc_column][vc_single_image image=&#8221;12156&#8243; img_size=&#8221;full&#8221; alignment=&#8221;center&#8221;][\/vc_column][\/vc_row][vc_row][vc_column][vc_empty_space height=&#8221;16px&#8221;][elx_heading font_container=&#8221;h1&#8243; text_color=&#8221;inherit&#8221;]Centres d&#8217;Excellence[\/elx_heading][vc_empty_space height=&#8221;16px&#8221;][\/vc_column][\/vc_row][vc_row][vc_column width=&#8221;2\/3&#8243;][vc_column_text]Offrir \u00e0 ses clients <strong>des formations innovantes et des exp\u00e9riences m\u00e9morables<\/strong> avec nos experts, nos Chefs et nos solutions est un engagement fort de la part du Groupe Electrolux Professional.<\/p>\n<p>Lorsque la culture culinaire et des technologies innovantes se rencontrent, il en r\u00e9sulte une <strong>exp\u00e9rience p\u00e9dagogique inoubliable<\/strong>, bas\u00e9e sur un dialogue entre des professionnels anim\u00e9s par une m\u00eame passion.[\/vc_column_text][vc_empty_space][\/vc_column][vc_column width=&#8221;1\/3&#8243;][vc_empty_space height=&#8221;16px&#8221;][vc_single_image image=&#8221;10718&#8243; img_size=&#8221;full&#8221;][\/vc_column][\/vc_row][vc_row][vc_column][elx_button button_text=&#8221;R\u00e9server un atelier dans notre Centre d&#8217;Excellence&#8221; button_display_block=&#8221;display_block_on&#8221; button_alignment=&#8221;align_center&#8221; button_alignment_mobile=&#8221;text-center-mobile&#8221; button_link=&#8221;url:https%3A%2F%2Fwww.electroluxprofessional.com%2Ffr%2Fdemonstrations-culinaires-centre-excellence%2F&#8221;][vc_row_inner][vc_column_inner][vc_empty_space][vc_single_image image=&#8221;10726&#8243; img_size=&#8221;full&#8221;][\/vc_column_inner][\/vc_row_inner][\/vc_column][\/vc_row][vc_row][vc_column][vc_empty_space][vc_column_text]<strong>Les Centres d&#8217;Excellence<\/strong>\u00a0sont n\u00e9s de cette ambition.<\/p>\n<p>Ils sont \u00e9quip\u00e9s des solutions les plus innovantes et performantes pour <strong>les grandes cuisines, la blanchisserie et les boissons<\/strong>, d\u00e9montrant leur plein potentiel, refl\u00e9tant ainsi la mission d\u2019Electrolux Professional \u2013 The OnE d&#8217;\u00eatre le partenaire de confiance unique pour rendre la vie professionnelle des clients plus facile, plus rentable et vraiment durable au quotidien.[\/vc_column_text][\/vc_column][\/vc_row][vc_row][vc_column][vc_empty_space height=&#8221;16px&#8221;][elx_heading text_color=&#8221;inherit&#8221;]Vivre une exp\u00e9rience gustative d\u2019exception dans nos Centres d&#8217;Excellence[\/elx_heading][vc_empty_space height=&#8221;16px&#8221;][\/vc_column][\/vc_row][vc_row][vc_column][vc_column_text]Les <strong>Centres d&#8217;Excellence<\/strong> sont con\u00e7us pour offrir <strong>une exp\u00e9rience compl\u00e8te et personnalis\u00e9e<\/strong> autour de s\u00e9minaires, d&#8217;\u00e9v\u00e9nements et de d\u00e9monstrations en direct dans les cuisines et blanchisseries. Les invit\u00e9s sont convi\u00e9s \u00e0 se plonger dans l\u2019univers des produits et services Electrolux Professional, et \u00e0 <strong>d\u00e9couvrir les innovations phares<\/strong> en grandes cuisines, blanchisserie et boissons.[\/vc_column_text][vc_empty_space][\/vc_column][\/vc_row][vc_row][vc_column width=&#8221;1\/4&#8243;][elx_image_block background_image=&#8221;10699&#8243; minimum_height=&#8221;300px&#8221;][\/vc_column][vc_column width=&#8221;1\/4&#8243;][elx_image_block background_image=&#8221;10700&#8243; minimum_height=&#8221;300px&#8221;][\/vc_column][vc_column width=&#8221;1\/4&#8243;][elx_image_block background_image=&#8221;10702&#8243; minimum_height=&#8221;300px&#8221;][\/vc_column][vc_column width=&#8221;1\/4&#8243;][elx_image_block background_image=&#8221;10703&#8243; minimum_height=&#8221;300px&#8221;][\/vc_column][\/vc_row][vc_row disable_element=&#8221;yes&#8221;][vc_column width=&#8221;1\/2&#8243;][elx_image_block background_image=&#8221;10704&#8243; minimum_height=&#8221;300px&#8221;][\/vc_column][vc_column width=&#8221;1\/2&#8243;][elx_image_block background_image=&#8221;10708&#8243; minimum_height=&#8221;300px&#8221;][\/vc_column][\/vc_row][vc_row][vc_column][vc_empty_space][vc_column_text]Une \u00e9quipe de Chefs d\u2019Electrolux Professional Chef Academy &#8211; et un certain nombre d&#8217;experts en solutions et segments clients &#8211; sont disponibles pour fa\u00e7onner le parcours des invit\u00e9s en fonction de leurs besoins et attentes.\u00a0 Ainsi, chaque exp\u00e9rience dans les Centres d&#8217;Excellence est unique, adapt\u00e9e aux besoins des clients et d\u00e9velopp\u00e9e pour r\u00e9pondre au mieux \u00e0 leurs priorit\u00e9s commerciales, quel que soit leur pays d\u2019activit\u00e9.<\/p>\n<p>Les Centres d&#8217;Excellence sont <strong>des centres mondiaux<\/strong> o\u00f9 les derni\u00e8res tendances culinaires trouvent de l&#8217;espace, des possibilit\u00e9s <strong>de r\u00e9seautage et d&#8217;apprentissage<\/strong> sont exploit\u00e9es, de multiples cultures et traditions culinaires peuvent fusionner, et o\u00f9 des id\u00e9es ainsi que des techniques de pointe sont partag\u00e9es.[\/vc_column_text][vc_empty_space][\/vc_column][\/vc_row][vc_row][vc_column width=&#8221;1\/3&#8243;][vc_single_image image=&#8221;10727&#8243; img_size=&#8221;full&#8221; alignment=&#8221;center&#8221;][\/vc_column][vc_column width=&#8221;1\/3&#8243;][vc_single_image image=&#8221;10728&#8243; img_size=&#8221;full&#8221; alignment=&#8221;center&#8221;][\/vc_column][vc_column width=&#8221;1\/3&#8243;][vc_single_image image=&#8221;10730&#8243; img_size=&#8221;full&#8221; alignment=&#8221;center&#8221;][\/vc_column][\/vc_row][vc_row][vc_column][vc_empty_space][elx_heading text_color=&#8221;inherit&#8221;]Le Centre d&#8217;Excellence de Saint-Denis[\/elx_heading][vc_empty_space][\/vc_column][\/vc_row][vc_row][vc_column width=&#8221;1\/2&#8243;][vc_column_text]Notre Centre d&#8217;Excellence situ\u00e9 \u00e0 Saint Denis (93) est un <strong>espace d\u2019environ 100 m\u00b2<\/strong>, enti\u00e8rement d\u00e9di\u00e9 aux activit\u00e9s p\u00e9dagogiques, \u00e9quip\u00e9 de nos solutions phares.<\/p>\n<p>Enti\u00e8rement \u00e9quip\u00e9es, les cuisines professionnelles invitent les clients \u00e0 exp\u00e9rimenter des d\u00e9monstrations culinaires, guid\u00e9es par notre cheffe culinaire et nos experts produits.[\/vc_column_text][vc_empty_space][elx_button button_text=&#8221;R\u00e9server un atelier dans notre Centre d&#8217;Excellence&#8221; button_display_block=&#8221;display_block_on&#8221; button_alignment=&#8221;align_center&#8221; button_alignment_mobile=&#8221;text-center-mobile&#8221; button_link=&#8221;url:https%3A%2F%2Fwww.electroluxprofessional.com%2Ffr%2Fdemonstrations-culinaires-centre-excellence%2F&#8221;][vc_empty_space][\/vc_column][vc_column width=&#8221;1\/2&#8243;][elx_image_block background_image=&#8221;24068&#8243; minimum_height=&#8221;300px&#8221;][vc_empty_space][\/vc_column][\/vc_row][vc_row][vc_column width=&#8221;1\/2&#8243;][elx_simple_link_block link=&#8221;Enter the link of the block&#8221; text_align=&#8221;text-left&#8221; text_color=&#8221;inherit&#8221; background_color=&#8221;inherit&#8221; background_hover_color=&#8221;darker-hover&#8221; extra_class=&#8221;&#8221; reveal_effect=&#8221;&#8221; reveal_duration=&#8221;&#8221; reveal_delay=&#8221;&#8221;][vc_single_image image=&#8221;10732&#8243; img_size=&#8221;full&#8221;][\/elx_simple_link_block][\/vc_column][vc_column width=&#8221;1\/2&#8243;][vc_column_text]Les<strong> d\u00e9monstrations de cuisine en direct<\/strong> sont des occasions uniques de partager des exp\u00e9riences, de collecter des id\u00e9es et de d\u00e9couvrir comment le travail quotidien dans une cuisine peut \u00eatre plus facile, plus s\u00fbr, plus performant &#8211; et donc plus rentable &#8211; gr\u00e2ce aux solutions Electrolux Professional.<\/p>\n<p><a href=\"https:\/\/www.electroluxprofessional.com\/fr\/demonstrations-culinaires-centre-excellence\/\">Contactez votre repr\u00e9sentant commercial le plus proche pour venir visiter nos centres d&#8217;excellence.<\/a><\/p>\n<p><strong>D\u00e9couvrez un monde d\u2019opportunit\u00e9s con\u00e7ues pour vous.<\/strong>[\/vc_column_text][\/vc_column][\/vc_row][vc_row][vc_column][vc_empty_space][\/vc_column][\/vc_row]<\/p>\n","protected":false},"excerpt":{"rendered":"<p>[vc_row full_width=&#8221;electroluxpro-full-width-no-padding&#8221;][vc_column][vc_single_image image=&#8221;12156&#8243; img_size=&#8221;full&#8221; alignment=&#8221;center&#8221;][\/vc_column][\/vc_row][vc_row][vc_column][vc_empty_space height=&#8221;16px&#8221;][elx_heading font_container=&#8221;h1&#8243; text_color=&#8221;inherit&#8221;]Centres d&#8217;Excellence[\/elx_heading][vc_empty_space height=&#8221;16px&#8221;][\/vc_column][\/vc_row][vc_row][vc_column width=&#8221;2\/3&#8243;][vc_column_text]Offrir \u00e0 ses clients des formations innovantes et des exp\u00e9riences m\u00e9morables avec nos experts, nos Chefs et nos solutions est un engagement fort de la part du Groupe Electrolux Professional. Lorsque la culture culinaire et des technologies innovantes se rencontrent, il en r\u00e9sulte une exp\u00e9rience [&hellip;]<\/p>\n","protected":false},"author":4,"featured_media":0,"parent":0,"menu_order":0,"comment_status":"closed","ping_status":"closed","template":"","meta":{"footnotes":""},"class_list":["post-10741","page","type-page","status-publish","hentry"],"acf":[],"yoast_head":"<!-- This site is optimized with the Yoast SEO plugin v23.3 - https:\/\/yoast.com\/wordpress\/plugins\/seo\/ -->\n<title>Centres d&#039;Excellence | Electrolux Professional<\/title>\n<meta name=\"description\" content=\"D\u00e9couvrez nos Centres d&#039;Excellence : des espaces de formation innovants \u00e9quip\u00e9s des meilleures solutions pour grandes cuisines, blanchisserie et boissons.\" \/>\n<meta name=\"robots\" content=\"index, follow, max-snippet:-1, max-image-preview:large, max-video-preview:-1\" \/>\n<link rel=\"canonical\" href=\"https:\/\/www.electroluxprofessional.com\/fr\/centers-of-excellence\/\" \/>\n<meta property=\"og:locale\" content=\"fr_FR\" \/>\n<meta property=\"og:type\" content=\"article\" \/>\n<meta property=\"og:title\" content=\"Centres d&#039;Excellence | Electrolux Professional\" \/>\n<meta property=\"og:description\" content=\"D\u00e9couvrez nos Centres d&#039;Excellence : des espaces de formation innovants \u00e9quip\u00e9s des meilleures solutions pour grandes cuisines, blanchisserie et boissons.\" \/>\n<meta property=\"og:url\" content=\"https:\/\/www.electroluxprofessional.com\/fr\/centers-of-excellence\/\" \/>\n<meta property=\"og:site_name\" content=\"Electrolux Professional France\" \/>\n<meta property=\"article:modified_time\" content=\"2026-03-30T09:18:39+00:00\" \/>\n<meta name=\"twitter:card\" content=\"summary_large_image\" \/>\n<meta name=\"twitter:label1\" content=\"Dur\u00e9e de lecture estim\u00e9e\" \/>\n\t<meta name=\"twitter:data1\" content=\"4 minutes\" \/>\n<script type=\"application\/ld+json\" class=\"yoast-schema-graph\">{\"@context\":\"https:\/\/schema.org\",\"@graph\":[{\"@type\":\"WebPage\",\"@id\":\"https:\/\/www.electroluxprofessional.com\/fr\/centers-of-excellence\/\",\"url\":\"https:\/\/www.electroluxprofessional.com\/fr\/centers-of-excellence\/\",\"name\":\"Centres d'Excellence | Electrolux Professional\",\"isPartOf\":{\"@id\":\"https:\/\/www.electroluxprofessional.com\/fr\/#website\"},\"datePublished\":\"2019-12-10T18:18:46+00:00\",\"dateModified\":\"2026-03-30T09:18:39+00:00\",\"description\":\"D\u00e9couvrez nos Centres d'Excellence : des espaces de formation innovants \u00e9quip\u00e9s des meilleures solutions pour grandes cuisines, blanchisserie et boissons.\",\"breadcrumb\":{\"@id\":\"https:\/\/www.electroluxprofessional.com\/fr\/centers-of-excellence\/#breadcrumb\"},\"inLanguage\":\"fr-FR\",\"potentialAction\":[{\"@type\":\"ReadAction\",\"target\":[\"https:\/\/www.electroluxprofessional.com\/fr\/centers-of-excellence\/\"]}]},{\"@type\":\"BreadcrumbList\",\"@id\":\"https:\/\/www.electroluxprofessional.com\/fr\/centers-of-excellence\/#breadcrumb\",\"itemListElement\":[{\"@type\":\"ListItem\",\"position\":1,\"name\":\"Home\",\"item\":\"https:\/\/www.electroluxprofessional.com\/fr\/\"},{\"@type\":\"ListItem\",\"position\":2,\"name\":\"Centres d&#8217;Excellence Electrolux Professional\"}]},{\"@type\":\"WebSite\",\"@id\":\"https:\/\/www.electroluxprofessional.com\/fr\/#website\",\"url\":\"https:\/\/www.electroluxprofessional.com\/fr\/\",\"name\":\"Electrolux Professional France\",\"description\":\"\",\"potentialAction\":[{\"@type\":\"SearchAction\",\"target\":{\"@type\":\"EntryPoint\",\"urlTemplate\":\"https:\/\/www.electroluxprofessional.com\/fr\/?src={search_term_string}\"},\"query-input\":\"required name=search_term_string\"}],\"inLanguage\":\"fr-FR\"}]}<\/script>\n<!-- \/ Yoast SEO plugin. -->","yoast_head_json":{"title":"Centres d'Excellence | Electrolux Professional","description":"D\u00e9couvrez nos Centres d'Excellence : des espaces de formation innovants \u00e9quip\u00e9s des meilleures solutions pour grandes cuisines, blanchisserie et boissons.","robots":{"index":"index","follow":"follow","max-snippet":"max-snippet:-1","max-image-preview":"max-image-preview:large","max-video-preview":"max-video-preview:-1"},"canonical":"https:\/\/www.electroluxprofessional.com\/fr\/centers-of-excellence\/","og_locale":"fr_FR","og_type":"article","og_title":"Centres d'Excellence | Electrolux Professional","og_description":"D\u00e9couvrez nos Centres d'Excellence : des espaces de formation innovants \u00e9quip\u00e9s des meilleures solutions pour grandes cuisines, blanchisserie et boissons.","og_url":"https:\/\/www.electroluxprofessional.com\/fr\/centers-of-excellence\/","og_site_name":"Electrolux Professional France","article_modified_time":"2026-03-30T09:18:39+00:00","twitter_card":"summary_large_image","twitter_misc":{"Dur\u00e9e de lecture estim\u00e9e":"4 minutes"},"schema":{"@context":"https:\/\/schema.org","@graph":[{"@type":"WebPage","@id":"https:\/\/www.electroluxprofessional.com\/fr\/centers-of-excellence\/","url":"https:\/\/www.electroluxprofessional.com\/fr\/centers-of-excellence\/","name":"Centres d'Excellence | Electrolux Professional","isPartOf":{"@id":"https:\/\/www.electroluxprofessional.com\/fr\/#website"},"datePublished":"2019-12-10T18:18:46+00:00","dateModified":"2026-03-30T09:18:39+00:00","description":"D\u00e9couvrez nos Centres d'Excellence : des espaces de formation innovants \u00e9quip\u00e9s des meilleures solutions pour grandes cuisines, blanchisserie et boissons.","breadcrumb":{"@id":"https:\/\/www.electroluxprofessional.com\/fr\/centers-of-excellence\/#breadcrumb"},"inLanguage":"fr-FR","potentialAction":[{"@type":"ReadAction","target":["https:\/\/www.electroluxprofessional.com\/fr\/centers-of-excellence\/"]}]},{"@type":"BreadcrumbList","@id":"https:\/\/www.electroluxprofessional.com\/fr\/centers-of-excellence\/#breadcrumb","itemListElement":[{"@type":"ListItem","position":1,"name":"Home","item":"https:\/\/www.electroluxprofessional.com\/fr\/"},{"@type":"ListItem","position":2,"name":"Centres d&#8217;Excellence Electrolux Professional"}]},{"@type":"WebSite","@id":"https:\/\/www.electroluxprofessional.com\/fr\/#website","url":"https:\/\/www.electroluxprofessional.com\/fr\/","name":"Electrolux Professional France","description":"","potentialAction":[{"@type":"SearchAction","target":{"@type":"EntryPoint","urlTemplate":"https:\/\/www.electroluxprofessional.com\/fr\/?src={search_term_string}"},"query-input":"required name=search_term_string"}],"inLanguage":"fr-FR"}]}},"_links":{"self":[{"href":"https:\/\/www.electroluxprofessional.com\/fr\/wp-json\/wp\/v2\/pages\/10741"}],"collection":[{"href":"https:\/\/www.electroluxprofessional.com\/fr\/wp-json\/wp\/v2\/pages"}],"about":[{"href":"https:\/\/www.electroluxprofessional.com\/fr\/wp-json\/wp\/v2\/types\/page"}],"author":[{"embeddable":true,"href":"https:\/\/www.electroluxprofessional.com\/fr\/wp-json\/wp\/v2\/users\/4"}],"replies":[{"embeddable":true,"href":"https:\/\/www.electroluxprofessional.com\/fr\/wp-json\/wp\/v2\/comments?post=10741"}],"version-history":[{"count":8,"href":"https:\/\/www.electroluxprofessional.com\/fr\/wp-json\/wp\/v2\/pages\/10741\/revisions"}],"predecessor-version":[{"id":31650,"href":"https:\/\/www.electroluxprofessional.com\/fr\/wp-json\/wp\/v2\/pages\/10741\/revisions\/31650"}],"wp:attachment":[{"href":"https:\/\/www.electroluxprofessional.com\/fr\/wp-json\/wp\/v2\/media?parent=10741"}],"curies":[{"name":"wp","href":"https:\/\/api.w.org\/{rel}","templated":true}]}}