{"id":10442,"date":"2017-05-22T11:04:34","date_gmt":"2017-05-22T10:04:34","guid":{"rendered":"https:\/\/www.electroluxprofessional.com\/?page_id=10321"},"modified":"2026-03-07T08:03:32","modified_gmt":"2026-03-07T08:03:32","slug":"equipement-lavage","status":"publish","type":"page","link":"https:\/\/www.electroluxprofessional.com\/fr\/equipement-cuisine\/equipement-lavage\/","title":{"rendered":"Equipements lavage"},"content":{"rendered":"<p>[vc_row full_width=&#8221;electroluxpro-full-width-no-padding&#8221;][vc_column][vc_single_image image=&#8221;10428&#8243; img_size=&#8221;full&#8221; alignment=&#8221;center&#8221;][\/vc_column][\/vc_row][vc_row][vc_column][vc_empty_space][elx_heading font_container=&#8221;h1&#8243; font_size=&#8221;h3&#8243; text_color=&#8221;inherit&#8221; text_align=&#8221;text-center&#8221;]Lave-vaisselle professionnel[\/elx_heading][vc_empty_space][vc_column_text]<\/p>\n<p style=\"text-align: center;\">Cette gamme de produits <strong>d\u00e9di\u00e9e \u00e0 la laverie pour cuisine professionnelle<\/strong> comprend des lave-vaisselles frontaux, des lave-vaisselles \u00e0 capot, des lave-vaisselles \u00e0 avancement automatique, des lave-vaisselles \u00e0 convoyeur, des lave-verres et des lave-ustensiles pour r\u00e9pondre \u00e0 vos besoins sp\u00e9cifiques.<\/p>\n<p style=\"text-align: center;\">En compl\u00e9ment, Electrolux Professional propose toute la gamme d\u2019environnement machine compos\u00e9e de tables de virages m\u00e9canis\u00e9es, de convoyeurs motoris\u00e9s, de casiers de lavage, de d\u00e9tergents et de traitement des d\u00e9chets afin de permettre <strong>un lavage optimal et rapide.<\/strong> La majorit\u00e9 de nos \u00e9quipements sont recyclables \u00e0 98%.<\/p>\n<p>[\/vc_column_text][\/vc_column][\/vc_row][vc_row][vc_column][vc_empty_space][elx_heading font_size=&#8221;h4&#8243; text_color=&#8221;inherit&#8221; text_align=&#8221;text-center&#8221;]Lave-vaisselle gamme Green&amp;Clean[\/elx_heading][vc_empty_space][elx_double_banner title_1=&#8221;Lave-vaisselle frontal&#8221; title_2=&#8221;Lave-verres&#8221; link_1=&#8221;url:https%3A%2F%2Fwww.electroluxprofessional.com%2Ffr%2Fequipement-lavage%2Flave-vaisselle-frontal%2F|title:En%20savoir%20plus&#8221; background_image_media_library_1=&#8221;13284&#8243; link_2=&#8221;url:https%3A%2F%2Fwww.electroluxprofessional.com%2Ffr%2Fequipement-lavage%2Flave-verres-et-laveuses-green-and-clean%2F|title:En%20savoir%20plus&#8221; background_image_media_library_2=&#8221;13283&#8243; background_image_media_library_mobile_1=&#8221;19719&#8243; background_image_media_library_mobile_2=&#8221;19720&#8243;][vc_empty_space][\/vc_column][\/vc_row][vc_row][vc_column][elx_double_banner title_1=&#8221;Lave-vaisselle \u00e0 capot&#8221; title_2=&#8221;Lave-vaisselle \u00e0 avancement automatique&#8221; link_1=&#8221;url:https%3A%2F%2Fwww.electroluxprofessional.com%2Ffr%2Fequipement-cuisine%2Fequipement-lavage%2Flave-vaisselle-capot%2F|title:En%20savoir%20plus&#8221; background_image_media_library_1=&#8221;676&#8243; link_2=&#8221;url:https%3A%2F%2Fwww.electroluxprofessional.com%2Ffr%2Fequipement-lavage%2Fgamme-lave-vaisselle-avancement-automatique%2F|title:En%20savoir%20plus&#8221; background_image_media_library_2=&#8221;19724&#8243; background_image_media_library_mobile_1=&#8221;19722&#8243; background_image_media_library_mobile_2=&#8221;19723&#8243;][vc_empty_space][elx_active_banner title=&#8221;Tunnel de s\u00e9chage HeroDry&#8221; link=&#8221;url:https%3A%2F%2Fwww.electroluxprofessional.com%2Ffr%2Fequipement-cuisine%2Fequipement-lavage%2Fherodry-solution-sechage-vaisselle%2F|title:D%C3%A9couvrir%20HeroDry&#8221; background_image_media_library=&#8221;25075&#8243; background_image_media_library_mobile=&#8221;25079&#8243;][vc_empty_space][\/vc_column][\/vc_row][vc_row][vc_column][elx_heading font_size=&#8221;h4&#8243; text_color=&#8221;inherit&#8221; text_align=&#8221;text-center&#8221;]Autres solutions de lave-vaisselle[\/elx_heading][vc_empty_space][\/vc_column][\/vc_row][vc_row][vc_column width=&#8221;1\/4&#8243;][elx_heading font_container=&#8221;h3&#8243; text_color=&#8221;inherit&#8221; text_align=&#8221;text-center&#8221;]Lave-batterie[\/elx_heading][vc_single_image image=&#8221;3144&#8243; img_size=&#8221;150&#215;250&#8243; alignment=&#8221;center&#8221; onclick=&#8221;custom_link&#8221; link=&#8221;https:\/\/www.electroluxprofessional.com\/fr\/equipement-cuisine\/equipement-lavage\/laves-batterie\/&#8221;][vc_empty_space][vc_column_text]<\/p>\n<p style=\"text-align: center;\"><a href=\"https:\/\/www.electroluxprofessional.com\/fr\/equipement-lavage\/laves-batterie\/\">&gt; D\u00e9couvrir<\/a><\/p>\n<p>[\/vc_column_text][\/vc_column][vc_column width=&#8221;1\/4&#8243;][elx_heading font_container=&#8221;h3&#8243; text_color=&#8221;inherit&#8221; text_align=&#8221;text-center&#8221;]Lave-ustensiles[\/elx_heading][vc_single_image image=&#8221;19539&#8243; img_size=&#8221;150&#215;250&#8243; alignment=&#8221;center&#8221; onclick=&#8221;custom_link&#8221; link=&#8221;https:\/\/www.electroluxprofessional.com\/fr\/equipement-cuisine\/equipement-lavage\/laves-batterie\/&#8221;][vc_empty_space][vc_column_text]<\/p>\n<p style=\"text-align: center;\"><a href=\"https:\/\/www.electroluxprofessional.com\/fr\/equipement-lavage\/laves-ustensiles\/\">&gt; D\u00e9couvrir<\/a><\/p>\n<p>[\/vc_column_text][\/vc_column][vc_column width=&#8221;1\/4&#8243;][elx_heading font_container=&#8221;h3&#8243; text_color=&#8221;inherit&#8221; text_align=&#8221;text-center&#8221;]Lave-plateaux[\/elx_heading][vc_single_image image=&#8221;3174&#8243; img_size=&#8221;medium&#8221; alignment=&#8221;center&#8221; onclick=&#8221;custom_link&#8221; link=&#8221;https:\/\/www.electroluxprofessional.com\/fr\/equipement-cuisine\/equipement-lavage\/laves-plateaux\/&#8221;][vc_empty_space][vc_column_text]<\/p>\n<p style=\"text-align: center;\"><a href=\"https:\/\/www.electroluxprofessional.com\/fr\/equipement-lavage\/laves-plateaux\/\">&gt; D\u00e9couvrir<\/a><\/p>\n<p>[\/vc_column_text][\/vc_column][vc_column width=&#8221;1\/4&#8243;][elx_heading font_container=&#8221;h3&#8243; text_color=&#8221;inherit&#8221; text_align=&#8221;text-center&#8221;]Lave-vaisselle \u00e0 convoyeur[\/elx_heading][vc_single_image image=&#8221;3173&#8243; img_size=&#8221;medium&#8221; alignment=&#8221;center&#8221; onclick=&#8221;custom_link&#8221; link=&#8221;https:\/\/www.electroluxprofessional.com\/fr\/equipement-cuisine\/equipement-lavage\/laves-vaisselle-convoyeur\/&#8221;][vc_empty_space][vc_column_text]<\/p>\n<p style=\"text-align: center;\"><a href=\"https:\/\/www.electroluxprofessional.com\/fr\/equipement-lavage\/laves-vaisselle-convoyeur\/\">&gt; D\u00e9couvrir<\/a><\/p>\n<p>[\/vc_column_text][\/vc_column][\/vc_row][vc_row][vc_column][vc_empty_space height=&#8221;20px&#8221;][elx_heading font_size=&#8221;h4&#8243; text_color=&#8221;inherit&#8221; text_align=&#8221;text-center&#8221;]Les lave-vaisselle Electrolux Professional offrent des options de lavage et de rin\u00e7age incomparables.[\/elx_heading][vc_empty_space height=&#8221;20px&#8221;][vc_column_text]<\/p>\n<p style=\"text-align: center;\"><span style=\"font-weight: 400;\">Pour des verres parfaitement brillants, Electrolux Professional propose une <strong>gamme de d\u00e9tergents qui \u00e9liminent toutes traces et t\u00e2ches.<\/strong> Gr\u00e2ce \u00e0 une formule sp\u00e9cifique, ils emp\u00eachent la formation de calcaire.<\/span><\/p>\n<p>[\/vc_column_text][vc_column_text css=&#8221;.vc_custom_1659449147723{margin-bottom: 5px !important;border-bottom-width: 5px !important;padding-bottom: 5px !important;}&#8221;]<\/p>\n<p style=\"text-align: center;\"><span style=\"font-weight: 400;\">Pour avoir des verres qui brillent parfaitement, Electrolux Professional met \u00e0 disposition des d\u00e9tergents\u00a0 qui \u00e9liminent compl\u00e8tement les gouttes et les t\u00e2ches. Gr\u00e2ce \u00e0 une formule sp\u00e9cifique, nous emp\u00eachons la formation de calcaire.<\/span><\/p>\n<p>[\/vc_column_text][vc_single_image image=&#8221;10429&#8243; img_size=&#8221;full&#8221; alignment=&#8221;center&#8221; onclick=&#8221;custom_link&#8221; link=&#8221;https:\/\/www.electroluxprofessional.com\/fr\/accessoires-consommables\/accessoires-et-detergents-pour-lave-vaisselle-professionnel\/&#8221;][vc_row_inner][vc_column_inner css=&#8221;.vc_custom_1484572391278{margin-left: 0px !important;border-left-width: 0px !important;padding-left: 0px !important;}&#8221;][vc_empty_space height=&#8221;20px&#8221;][elx_button button_text=&#8221;Accessoires et consommables&#8221; button_style=&#8221;icon&#8221; button_display_block=&#8221;display_block_on&#8221; button_alignment=&#8221;align_center&#8221; button_link=&#8221;url:https%3A%2F%2Fwww.electroluxprofessional.com%2Ffr%2Faccessoires-consommables%2Faccessoires-et-detergents-pour-lave-vaisselle-professionnel%2F&#8221;][\/vc_column_inner][\/vc_row_inner][\/vc_column][\/vc_row][vc_row][vc_column][vc_empty_space height=&#8221;50px&#8221;][elx_heading font_size=&#8221;h4&#8243; text_color=&#8221;inherit&#8221; text_align=&#8221;text-center&#8221;]Trouvez la solution la plus adapt\u00e9e \u00e0 votre activit\u00e9.[\/elx_heading][vc_empty_space height=&#8221;50px&#8221;][elx_o2000_warewashing_matcher language=&#8221;fr&#8221; country=&#8221;France&#8221;][\/vc_column][\/vc_row][vc_row][vc_column][vc_empty_space height=&#8221;50px&#8221;][elx_heading font_size=&#8221;h3&#8243; text_color=&#8221;inherit&#8221; text_align=&#8221;text-left&#8221;]Vous souhaitez en savoir plus ? Contactez-nous ![\/elx_heading][elx_o2000_contact_us s=&#8221;Demande d&#8217;informations : \u00e9quipements vaisselle&#8221; country=&#8221;France&#8221; container=&#8221;elxcontactus1479283732&#8243; r=&#8221;Je souhaite davantage d&#8217;informations sur les \u00e9quipements vaisselle.&#8221; e=&#8221;professionnel@electrolux.com&#8221; l=&#8221;fr&#8221;][\/vc_column][\/vc_row][vc_row][vc_column][vc_empty_space height=&#8221;50px&#8221;][\/vc_column][\/vc_row][vc_row][vc_column][elx_heading text_color=&#8221;inherit&#8221; text_align=&#8221;text-center&#8221;]D\u00e9couvrez nos solutions de services et nos actualit\u00e9s<br \/>\n[\/elx_heading][vc_empty_space][\/vc_column][\/vc_row][vc_row][vc_column width=&#8221;1\/3&#8243;][vc_single_image image=&#8221;10817&#8243; img_size=&#8221;300&#215;300&#8243; alignment=&#8221;center&#8221; onclick=&#8221;custom_link&#8221; link=&#8221;https:\/\/www.electroluxprofessional.com\/fr\/essentia\/&#8221;][elx_heading text_color=&#8221;inherit&#8221; text_align=&#8221;text-center&#8221;]Au coeur du service clients[\/elx_heading][vc_column_text]<\/p>\n<p style=\"text-align: center;\"><a href=\"https:\/\/www.electroluxprofessional.com\/fr\/essentia\/\">&gt; En savoir plus<\/a><\/p>\n<p>[\/vc_column_text][\/vc_column][vc_column width=&#8221;1\/3&#8243;][vc_single_image image=&#8221;10016&#8243; img_size=&#8221;300&#215;300&#8243; alignment=&#8221;center&#8221; onclick=&#8221;custom_link&#8221; link=&#8221;https:\/\/www.electroluxprofessional.com\/fr\/revendeurs-stc\/&#8221;][elx_heading font_container=&#8221;h6&#8243; text_color=&#8221;inherit&#8221; text_align=&#8221;text-center&#8221;]Trouvez un revendeur agr\u00e9\u00e9[\/elx_heading][vc_column_text]<\/p>\n<p style=\"text-align: center;\"><a href=\"https:\/\/www.electroluxprofessional.com\/fr\/revendeurs-stc\/\">&gt; En savoir plus<\/a><\/p>\n<p>[\/vc_column_text][\/vc_column][vc_column width=&#8221;1\/3&#8243;][vc_single_image image=&#8221;18567&#8243; img_size=&#8221;300&#215;300&#8243; alignment=&#8221;center&#8221; onclick=&#8221;custom_link&#8221; link=&#8221;https:\/\/www.electroluxprofessional.com\/fr\/references\/&#8221;][elx_heading font_container=&#8221;h6&#8243; text_color=&#8221;inherit&#8221; text_align=&#8221;text-center&#8221;]D\u00e9couvrez nos clients[\/elx_heading][vc_column_text]<\/p>\n<p style=\"text-align: center;\"><a href=\"https:\/\/www.electroluxprofessional.com\/fr\/references\/\">&gt; En savoir plus<\/a><\/p>\n<p>[\/vc_column_text][\/vc_column][\/vc_row]<\/p>\n","protected":false},"excerpt":{"rendered":"<p>[vc_row full_width=&#8221;electroluxpro-full-width-no-padding&#8221;][vc_column][vc_single_image image=&#8221;10428&#8243; img_size=&#8221;full&#8221; alignment=&#8221;center&#8221;][\/vc_column][\/vc_row][vc_row][vc_column][vc_empty_space][elx_heading font_container=&#8221;h1&#8243; font_size=&#8221;h3&#8243; text_color=&#8221;inherit&#8221; text_align=&#8221;text-center&#8221;]Lave-vaisselle professionnel[\/elx_heading][vc_empty_space][vc_column_text] Cette gamme de produits d\u00e9di\u00e9e \u00e0 la laverie pour cuisine professionnelle comprend des lave-vaisselles frontaux, des lave-vaisselles \u00e0 capot, des lave-vaisselles \u00e0 avancement automatique, des lave-vaisselles \u00e0 convoyeur, des lave-verres et des lave-ustensiles pour r\u00e9pondre \u00e0 vos besoins sp\u00e9cifiques. En compl\u00e9ment, Electrolux Professional propose toute [&hellip;]<\/p>\n","protected":false},"author":4,"featured_media":10426,"parent":2100,"menu_order":0,"comment_status":"closed","ping_status":"closed","template":"","meta":{"footnotes":""},"class_list":["post-10442","page","type-page","status-publish","has-post-thumbnail","hentry"],"acf":[],"yoast_head":"<!-- This site is optimized with the Yoast SEO plugin v23.3 - https:\/\/yoast.com\/wordpress\/plugins\/seo\/ -->\n<title>\u00c9quipements de Lavage Professionnel | Electrolux Professional<\/title>\n<meta name=\"description\" content=\"D\u00e9couvrez nos lave-vaisselle \u00e0 capot, lave-verres et lave-batterie professionnels. Solutions de lavage performantes pour cuisines professionnelles.\" \/>\n<meta name=\"robots\" content=\"index, follow, max-snippet:-1, max-image-preview:large, max-video-preview:-1\" \/>\n<link rel=\"canonical\" href=\"https:\/\/www.electroluxprofessional.com\/fr\/equipement-cuisine\/equipement-lavage\/\" \/>\n<meta property=\"og:locale\" content=\"fr_FR\" \/>\n<meta property=\"og:type\" content=\"article\" \/>\n<meta property=\"og:title\" content=\"\u00c9quipements de Lavage Professionnel | Electrolux Professional\" \/>\n<meta property=\"og:description\" content=\"D\u00e9couvrez nos lave-vaisselle \u00e0 capot, lave-verres et lave-batterie professionnels. Solutions de lavage performantes pour cuisines professionnelles.\" \/>\n<meta property=\"og:url\" content=\"https:\/\/www.electroluxprofessional.com\/fr\/equipement-cuisine\/equipement-lavage\/\" \/>\n<meta property=\"og:site_name\" content=\"Electrolux Professional France\" \/>\n<meta property=\"article:modified_time\" content=\"2026-03-07T08:03:32+00:00\" \/>\n<meta property=\"og:image\" content=\"https:\/\/www.electroluxprofessional.com\/fr\/wp-content\/uploads\/2016\/05\/hoodtype-dishwasher-1.jpg\" \/>\n\t<meta property=\"og:image:width\" content=\"900\" \/>\n\t<meta property=\"og:image:height\" content=\"405\" \/>\n\t<meta property=\"og:image:type\" content=\"image\/jpeg\" \/>\n<meta name=\"twitter:card\" content=\"summary_large_image\" \/>\n<meta name=\"twitter:label1\" content=\"Dur\u00e9e de lecture estim\u00e9e\" \/>\n\t<meta name=\"twitter:data1\" content=\"3 minutes\" \/>\n<script type=\"application\/ld+json\" class=\"yoast-schema-graph\">{\"@context\":\"https:\/\/schema.org\",\"@graph\":[{\"@type\":\"WebPage\",\"@id\":\"https:\/\/www.electroluxprofessional.com\/fr\/equipement-cuisine\/equipement-lavage\/\",\"url\":\"https:\/\/www.electroluxprofessional.com\/fr\/equipement-cuisine\/equipement-lavage\/\",\"name\":\"\u00c9quipements de Lavage Professionnel | Electrolux Professional\",\"isPartOf\":{\"@id\":\"https:\/\/www.electroluxprofessional.com\/fr\/#website\"},\"primaryImageOfPage\":{\"@id\":\"https:\/\/www.electroluxprofessional.com\/fr\/equipement-cuisine\/equipement-lavage\/#primaryimage\"},\"image\":{\"@id\":\"https:\/\/www.electroluxprofessional.com\/fr\/equipement-cuisine\/equipement-lavage\/#primaryimage\"},\"thumbnailUrl\":\"https:\/\/www.electroluxprofessional.com\/fr\/wp-content\/uploads\/2016\/05\/hoodtype-dishwasher-1.jpg\",\"datePublished\":\"2017-05-22T10:04:34+00:00\",\"dateModified\":\"2026-03-07T08:03:32+00:00\",\"description\":\"D\u00e9couvrez nos lave-vaisselle \u00e0 capot, lave-verres et lave-batterie professionnels. Solutions de lavage performantes pour cuisines professionnelles.\",\"breadcrumb\":{\"@id\":\"https:\/\/www.electroluxprofessional.com\/fr\/equipement-cuisine\/equipement-lavage\/#breadcrumb\"},\"inLanguage\":\"fr-FR\",\"potentialAction\":[{\"@type\":\"ReadAction\",\"target\":[\"https:\/\/www.electroluxprofessional.com\/fr\/equipement-cuisine\/equipement-lavage\/\"]}]},{\"@type\":\"ImageObject\",\"inLanguage\":\"fr-FR\",\"@id\":\"https:\/\/www.electroluxprofessional.com\/fr\/equipement-cuisine\/equipement-lavage\/#primaryimage\",\"url\":\"https:\/\/www.electroluxprofessional.com\/fr\/wp-content\/uploads\/2016\/05\/hoodtype-dishwasher-1.jpg\",\"contentUrl\":\"https:\/\/www.electroluxprofessional.com\/fr\/wp-content\/uploads\/2016\/05\/hoodtype-dishwasher-1.jpg\",\"width\":900,\"height\":405,\"caption\":\"hoodtype dishwasher inside\"},{\"@type\":\"BreadcrumbList\",\"@id\":\"https:\/\/www.electroluxprofessional.com\/fr\/equipement-cuisine\/equipement-lavage\/#breadcrumb\",\"itemListElement\":[{\"@type\":\"ListItem\",\"position\":1,\"name\":\"Home\",\"item\":\"https:\/\/www.electroluxprofessional.com\/fr\/\"},{\"@type\":\"ListItem\",\"position\":2,\"name\":\"Mat\u00e9riel de cuisine professionnel &#8211; Electrolux Professional\",\"item\":\"https:\/\/www.electroluxprofessional.com\/fr\/equipement-cuisine\/\"},{\"@type\":\"ListItem\",\"position\":3,\"name\":\"Equipements lavage\"}]},{\"@type\":\"WebSite\",\"@id\":\"https:\/\/www.electroluxprofessional.com\/fr\/#website\",\"url\":\"https:\/\/www.electroluxprofessional.com\/fr\/\",\"name\":\"Electrolux Professional France\",\"description\":\"\",\"potentialAction\":[{\"@type\":\"SearchAction\",\"target\":{\"@type\":\"EntryPoint\",\"urlTemplate\":\"https:\/\/www.electroluxprofessional.com\/fr\/?src={search_term_string}\"},\"query-input\":\"required name=search_term_string\"}],\"inLanguage\":\"fr-FR\"}]}<\/script>\n<!-- \/ Yoast SEO plugin. -->","yoast_head_json":{"title":"\u00c9quipements de Lavage Professionnel | Electrolux Professional","description":"D\u00e9couvrez nos lave-vaisselle \u00e0 capot, lave-verres et lave-batterie professionnels. Solutions de lavage performantes pour cuisines professionnelles.","robots":{"index":"index","follow":"follow","max-snippet":"max-snippet:-1","max-image-preview":"max-image-preview:large","max-video-preview":"max-video-preview:-1"},"canonical":"https:\/\/www.electroluxprofessional.com\/fr\/equipement-cuisine\/equipement-lavage\/","og_locale":"fr_FR","og_type":"article","og_title":"\u00c9quipements de Lavage Professionnel | Electrolux Professional","og_description":"D\u00e9couvrez nos lave-vaisselle \u00e0 capot, lave-verres et lave-batterie professionnels. Solutions de lavage performantes pour cuisines professionnelles.","og_url":"https:\/\/www.electroluxprofessional.com\/fr\/equipement-cuisine\/equipement-lavage\/","og_site_name":"Electrolux Professional France","article_modified_time":"2026-03-07T08:03:32+00:00","og_image":[{"width":900,"height":405,"url":"https:\/\/www.electroluxprofessional.com\/fr\/wp-content\/uploads\/2016\/05\/hoodtype-dishwasher-1.jpg","type":"image\/jpeg"}],"twitter_card":"summary_large_image","twitter_misc":{"Dur\u00e9e de lecture estim\u00e9e":"3 minutes"},"schema":{"@context":"https:\/\/schema.org","@graph":[{"@type":"WebPage","@id":"https:\/\/www.electroluxprofessional.com\/fr\/equipement-cuisine\/equipement-lavage\/","url":"https:\/\/www.electroluxprofessional.com\/fr\/equipement-cuisine\/equipement-lavage\/","name":"\u00c9quipements de Lavage Professionnel | Electrolux Professional","isPartOf":{"@id":"https:\/\/www.electroluxprofessional.com\/fr\/#website"},"primaryImageOfPage":{"@id":"https:\/\/www.electroluxprofessional.com\/fr\/equipement-cuisine\/equipement-lavage\/#primaryimage"},"image":{"@id":"https:\/\/www.electroluxprofessional.com\/fr\/equipement-cuisine\/equipement-lavage\/#primaryimage"},"thumbnailUrl":"https:\/\/www.electroluxprofessional.com\/fr\/wp-content\/uploads\/2016\/05\/hoodtype-dishwasher-1.jpg","datePublished":"2017-05-22T10:04:34+00:00","dateModified":"2026-03-07T08:03:32+00:00","description":"D\u00e9couvrez nos lave-vaisselle \u00e0 capot, lave-verres et lave-batterie professionnels. Solutions de lavage performantes pour cuisines professionnelles.","breadcrumb":{"@id":"https:\/\/www.electroluxprofessional.com\/fr\/equipement-cuisine\/equipement-lavage\/#breadcrumb"},"inLanguage":"fr-FR","potentialAction":[{"@type":"ReadAction","target":["https:\/\/www.electroluxprofessional.com\/fr\/equipement-cuisine\/equipement-lavage\/"]}]},{"@type":"ImageObject","inLanguage":"fr-FR","@id":"https:\/\/www.electroluxprofessional.com\/fr\/equipement-cuisine\/equipement-lavage\/#primaryimage","url":"https:\/\/www.electroluxprofessional.com\/fr\/wp-content\/uploads\/2016\/05\/hoodtype-dishwasher-1.jpg","contentUrl":"https:\/\/www.electroluxprofessional.com\/fr\/wp-content\/uploads\/2016\/05\/hoodtype-dishwasher-1.jpg","width":900,"height":405,"caption":"hoodtype dishwasher inside"},{"@type":"BreadcrumbList","@id":"https:\/\/www.electroluxprofessional.com\/fr\/equipement-cuisine\/equipement-lavage\/#breadcrumb","itemListElement":[{"@type":"ListItem","position":1,"name":"Home","item":"https:\/\/www.electroluxprofessional.com\/fr\/"},{"@type":"ListItem","position":2,"name":"Mat\u00e9riel de cuisine professionnel &#8211; Electrolux Professional","item":"https:\/\/www.electroluxprofessional.com\/fr\/equipement-cuisine\/"},{"@type":"ListItem","position":3,"name":"Equipements lavage"}]},{"@type":"WebSite","@id":"https:\/\/www.electroluxprofessional.com\/fr\/#website","url":"https:\/\/www.electroluxprofessional.com\/fr\/","name":"Electrolux Professional France","description":"","potentialAction":[{"@type":"SearchAction","target":{"@type":"EntryPoint","urlTemplate":"https:\/\/www.electroluxprofessional.com\/fr\/?src={search_term_string}"},"query-input":"required name=search_term_string"}],"inLanguage":"fr-FR"}]}},"_links":{"self":[{"href":"https:\/\/www.electroluxprofessional.com\/fr\/wp-json\/wp\/v2\/pages\/10442"}],"collection":[{"href":"https:\/\/www.electroluxprofessional.com\/fr\/wp-json\/wp\/v2\/pages"}],"about":[{"href":"https:\/\/www.electroluxprofessional.com\/fr\/wp-json\/wp\/v2\/types\/page"}],"author":[{"embeddable":true,"href":"https:\/\/www.electroluxprofessional.com\/fr\/wp-json\/wp\/v2\/users\/4"}],"replies":[{"embeddable":true,"href":"https:\/\/www.electroluxprofessional.com\/fr\/wp-json\/wp\/v2\/comments?post=10442"}],"version-history":[{"count":26,"href":"https:\/\/www.electroluxprofessional.com\/fr\/wp-json\/wp\/v2\/pages\/10442\/revisions"}],"predecessor-version":[{"id":30760,"href":"https:\/\/www.electroluxprofessional.com\/fr\/wp-json\/wp\/v2\/pages\/10442\/revisions\/30760"}],"up":[{"embeddable":true,"href":"https:\/\/www.electroluxprofessional.com\/fr\/wp-json\/wp\/v2\/pages\/2100"}],"wp:featuredmedia":[{"embeddable":true,"href":"https:\/\/www.electroluxprofessional.com\/fr\/wp-json\/wp\/v2\/media\/10426"}],"wp:attachment":[{"href":"https:\/\/www.electroluxprofessional.com\/fr\/wp-json\/wp\/v2\/media?parent=10442"}],"curies":[{"name":"wp","href":"https:\/\/api.w.org\/{rel}","templated":true}]}}