{"id":10268,"date":"2019-12-15T20:50:57","date_gmt":"2019-12-15T20:50:57","guid":{"rendered":"https:\/\/www.electroluxprofessional.com\/fr\/?page_id=10268"},"modified":"2026-04-14T14:41:14","modified_gmt":"2026-04-14T14:41:14","slug":"solutions-blanchisserie-salons-coiffure-beaute","status":"publish","type":"page","link":"https:\/\/www.electroluxprofessional.com\/fr\/equipement-blanchisserie\/mypro\/solutions-blanchisserie-salons-coiffure-beaute\/","title":{"rendered":"Solutions de blanchisserie pour salons de coiffure et de beaut\u00e9"},"content":{"rendered":"<p>[vc_row full_width=&#8221;electroluxpro-full-width-no-padding&#8221;][vc_column][elx_hero_slider label_text_color=&#8221;inherit&#8221; images=&#8221;8966&#8243;][elx_heading font_container=&#8221;h1&#8243; text_color=&#8221;inherit&#8221;]Solutions pour salons de coiffure et de beaut\u00e9[\/elx_heading][\/elx_hero_slider][\/vc_column][\/vc_row][vc_row][vc_column][vc_empty_space][\/vc_column][\/vc_row][vc_row][vc_column width=&#8221;1\/4&#8243;][vc_empty_space height=&#8221;20px&#8221;][vc_single_image image=&#8221;3924&#8243; img_size=&#8221;250&#215;250&#8243; alignment=&#8221;center&#8221; style=&#8221;vc_box_circle_2&#8243;][\/vc_column][vc_column width=&#8221;3\/4&#8243;][vc_empty_space height=&#8221;50px&#8221;][vc_column_text]<span style=\"font-weight: 400;\">Les programmes lents et les drains bouch\u00e9s sont des obstacles quotidiens lors de l\u2019utilisation de machines domestiques dans la buanderie des coiffeurs et instituts de beaut\u00e9.<br \/>\n<\/span><span style=\"font-weight: 400;\">myPRO vous permet de vous concentrer sur votre c\u0153ur de m\u00e9tier. R\u00e9sultats de lavage de haute qualit\u00e9, rapides et simples, sans inconv\u00e9nients.<\/span>[\/vc_column_text][vc_empty_space][elx_button button_text=&#8221;Contactez-nous&#8221; button_style=&#8221;icon&#8221; button_link=&#8221;url:https%3A%2F%2Fwww.electroluxprofessional.com%2Ffr%2Fequipement-blanchisserie%2Fmypro%2F%23contact|title:Contactez-nous&#8221;][\/vc_column][\/vc_row][vc_row][vc_column][vc_empty_space][vc_single_image image=&#8221;18631&#8243; img_size=&#8221;full&#8221; alignment=&#8221;center&#8221;][\/vc_column][\/vc_row][vc_row content_placement=&#8221;top&#8221; el_class=&#8221;marginNegative&#8221; css=&#8221;.vc_custom_1644915694865{background-color: #f8f8f8 !important;}&#8221;][vc_column width=&#8221;1\/3&#8243;][vc_empty_space][vc_single_image image=&#8221;17043&#8243; img_size=&#8221;250&#215;250&#8243; alignment=&#8221;center&#8221;][vc_empty_space][elx_heading font_size=&#8221;h4&#8243; text_color=&#8221;inherit&#8221;]Programmes semi-professionnels[\/elx_heading][vc_column_text]<\/p>\n<ul>\n<li class=\" inherit myPRO-light-blue inherit\">Une productivit\u00e9 plus importante et des cycles 50% plus rapides par rapport \u00e0 du mat\u00e9riel domestique<\/li>\n<li>Une qualit\u00e9 de lavage sup\u00e9rieure avec\u00a0<strong>7500<\/strong>\u00a0cycles de lavage<\/li>\n<li>Des lave-linge durables, des s\u00e8che-linge efficaces et des repasseuses \u00e0 vapeur productives et efficaces con\u00e7ues pour un <strong>usage intensif<\/strong><\/li>\n<\/ul>\n<div class=\"wpb_text_column wpb_content_element vc_custom_1568019074434\">\n<div class=\"\"><\/div>\n<\/div>\n<p>[\/vc_column_text][vc_empty_space][\/vc_column][vc_column width=&#8221;1\/3&#8243;][vc_empty_space][vc_single_image image=&#8221;17044&#8243; img_size=&#8221;250&#215;250&#8243; alignment=&#8221;center&#8221;][vc_empty_space][elx_heading font_size=&#8221;h4&#8243; text_color=&#8221;inherit&#8221;]Conception robuste et fiable[\/elx_heading][vc_column_text]<\/p>\n<ul>\n<li>Dessus et face avant en acier inoxydable <strong>r\u00e9sistant \u00e0 la corrosion, <\/strong>robuste et facile \u00e0 nettoyer, \u00e0 l&#8217;allure \u00e9l\u00e9gante.<\/li>\n<li><span style=\"font-weight: 400;\"><strong>Dure 3 fois plus longtemps<\/strong> que les machines domestiques gr\u00e2ce \u00e0 des composants professionnels<\/span><\/li>\n<\/ul>\n<p>[\/vc_column_text][vc_empty_space][\/vc_column][vc_column width=&#8221;1\/3&#8243;][vc_empty_space][vc_single_image image=&#8221;17045&#8243; img_size=&#8221;250&#215;250&#8243; alignment=&#8221;center&#8221;][vc_empty_space][elx_heading font_size=&#8221;h4&#8243; text_color=&#8221;inherit&#8221;]Programmes de d\u00e9sinfection[\/elx_heading][vc_column_text]<\/p>\n<ul>\n<li><strong>U<\/strong><span style=\"font-weight: 400;\"><strong>ne grande vari\u00e9t\u00e9 de programmes et d<\/strong><\/span><strong>es programmes de d\u00e9sinfection<\/strong>\u00a0sp\u00e9cifiquement con\u00e7us pour vos besoins, vous garantissant une hygi\u00e8ne parfaite de vos serviettes<\/li>\n<li><strong>Nettoyage efficace des cheveux et des particules<\/strong>\u00a0assur\u00e9 par de grands trous de 4,5 mm gr\u00e2ce au tambour SpeedCare<\/li>\n<\/ul>\n<div class=\"wpb_text_column wpb_content_element vc_custom_1568019114715\">\n<div class=\"\"><\/div>\n<\/div>\n<p>[\/vc_column_text][vc_empty_space][\/vc_column][\/vc_row][vc_row][vc_column][vc_empty_space][\/vc_column][\/vc_row][vc_row css=&#8221;.vc_custom_1572257116259{padding-top: 0px !important;padding-right: 0px !important;padding-bottom: 0px !important;padding-left: 0px !important;}&#8221; el_id=&#8221;directive&#8221;][vc_column css=&#8221;.vc_custom_1576441029059{margin-top: 20px !important;margin-bottom: 20px !important;margin-left: 20px !important;border-right-width: 20px !important;padding-top: 20px !important;padding-right: 20px !important;padding-bottom: 20px !important;padding-left: 20px !important;}&#8221;][vc_row_inner css=&#8221;.vc_custom_1567697529032{padding-top: 10px !important;}&#8221;][vc_column_inner width=&#8221;1\/4&#8243;][vc_single_image image=&#8221;8909&#8243; img_size=&#8221;full&#8221; alignment=&#8221;center&#8221;][\/vc_column_inner][vc_column_inner width=&#8221;3\/4&#8243;][elx_heading font_container=&#8221;h3&#8243; text_color=&#8221;inherit&#8221;]<b>Savez-vous qu\u2019un professionnel doit s\u2019\u00e9quiper en toute conformit\u00e9 ?<\/b>[\/elx_heading][\/vc_column_inner][\/vc_row_inner][vc_empty_space][vc_column_text css=&#8221;.vc_custom_1663925782159{padding-right: 30px !important;padding-bottom: 30px !important;padding-left: 30px !important;}&#8221;]<strong>La Directive Machine<\/strong> a pour but de certifier les mat\u00e9riels afin d\u2019offrir un haut niveau de protection pour la sant\u00e9 et la s\u00e9curit\u00e9 des personnes utilisatrices.<\/p>\n<p><strong>\u00catre en conformit\u00e9 avec la Directive Europ\u00e9enne<\/strong>, c\u2019est l\u2019assurance :<\/p>\n<ul>\n<li>d\u2019un haut niveau de protection pour la sant\u00e9 et la s\u00e9curit\u00e9 des utilisateurs<\/li>\n<li>d\u2019un mat\u00e9riel professionnel conforme et adapt\u00e9 \u00e0 votre utilisation<\/li>\n<li>d\u2019une tranquillit\u00e9 dans la prise en charge garantie par les assurances contre de nombreux risques : incendie, inondation, \u2026<\/li>\n<\/ul>\n<p>[\/vc_column_text][vc_column_text]<a href=\"https:\/\/www.electroluxprofessional.com\/fr\/wp-content\/uploads\/2021\/11\/myPRO-et-myPRO-XL-Directive-Machine_2021.pdf\">&gt; En savoir plus sur la Directive Machine<\/a>[\/vc_column_text][\/vc_column][\/vc_row][vc_row][vc_column][elx_button button_text=&#8221;CONTACTER UN EXPERT&#8221; button_display_block=&#8221;display_block_on&#8221; button_alignment=&#8221;align_center&#8221; button_link=&#8221;url:%23contact&#8221;][vc_empty_space][\/vc_column][\/vc_row][vc_row][vc_column][vc_zigzag][\/vc_column][\/vc_row][vc_row][vc_column width=&#8221;2\/3&#8243;][elx_heading text_color=&#8221;inherit&#8221;]Gamme professionnelle de lave-linge et s\u00e8che-linge Line 6000[\/elx_heading][vc_column_text]<strong>Avec le couple parfait, lavez et s\u00e9chez 60 kg par jour sur moins de 0,4 m2 !<\/strong><\/p>\n<p>Les lave-linge et s\u00e8che-linge Line 6000 sont des mod\u00e8les professionnels con\u00e7us pour\u00a0<strong>une consommation d\u2019eau, d\u2019\u00e9nergie et de d\u00e9tergent la plus faible possible, tout en offrant<\/strong>\u00a0<strong>la meilleure exp\u00e9rience utilisateur.\u00a0<\/strong>Avec leur faible encombrement, ils s\u2019int\u00e8grent dans des espaces difficiles et peuvent s\u2019empiler ou se poser c\u00f4te \u00e0 c\u00f4te.[\/vc_column_text][vc_empty_space][vc_row_inner][vc_column_inner width=&#8221;1\/4&#8243;][vc_single_image image=&#8221;15966&#8243; img_size=&#8221;110&#215;200&#8243;][\/vc_column_inner][vc_column_inner width=&#8221;3\/4&#8243;][vc_column_text]Les versions ClarusVibe et Compass Pro des lave-linge et certains des mod\u00e8les de s\u00e8che-linge ont obtenu le\u00a0<strong>prestigieux classement 4 \u00e9toiles ERGOCERT,<\/strong>\u00a0le plus haut classement disponible en ergonomie.[\/vc_column_text][\/vc_column_inner][\/vc_row_inner][\/vc_column][vc_column width=&#8221;1\/3&#8243;][vc_single_image image=&#8221;18630&#8243; img_size=&#8221;large&#8221;][\/vc_column][\/vc_row][vc_row][vc_column][vc_empty_space][\/vc_column][\/vc_row][vc_row][vc_column width=&#8221;1\/3&#8243;][vc_column_text]<\/p>\n<h3 class=\" inherit sky-blue inherit\">Plus de productivit\u00e9<br \/>\ndans un format compact<\/h3>\n<div class=\"wpb_text_column wpb_content_element \">\n<div class=\"\">\n<p><span class=\"TextRun SCXP173210854 BCX0\" lang=\"FR-FR\" xml:lang=\"FR-FR\" data-scheme-color=\"@4472C4,4,\" data-contrast=\"none\"><span class=\"NormalTextRun SCXP173210854 BCX0\">Si vous disposez de peu d\u2019espace, l<\/span><\/span><span class=\"TextRun SCXP173210854 BCX0\" lang=\"FR-FR\" xml:lang=\"FR-FR\" data-scheme-color=\"@4472C4,4,\" data-contrast=\"none\"><span class=\"NormalTextRun SCXP173210854 BCX0\">e lave-linge WH6-6 et\u00a0<\/span><\/span><span class=\"TextRun SCXP173210854 BCX0\" lang=\"FR-FR\" xml:lang=\"FR-FR\" data-scheme-color=\"@FF0000,,\" data-contrast=\"none\"><span class=\"NormalTextRun SCXP173210854 BCX0\">le s\u00e8che-linge<\/span><\/span><span class=\"TextRun SCXP173210854 BCX0\" lang=\"FR-FR\" xml:lang=\"FR-FR\" data-scheme-color=\"@4472C4,4,\" data-contrast=\"none\"><span class=\"NormalTextRun SCXP173210854 BCX0\">\u00a0TD6-7 sont\u00a0<\/span><\/span><span class=\"TextRun SCXP173210854 BCX0\" lang=\"FR-FR\" xml:lang=\"FR-FR\" data-scheme-color=\"@4472C4,4,\" data-contrast=\"none\"><span class=\"NormalTextRun SCXP173210854 BCX0\">con\u00e7us dans un format compact et<\/span><\/span><span class=\"TextRun SCXP173210854 BCX0\" lang=\"FR-FR\" xml:lang=\"FR-FR\" data-scheme-color=\"@4472C4,4,\" data-contrast=\"none\"><span class=\"NormalTextRun SCXP173210854 BCX0\">\u00a0am\u00e9lioreront vos process de lavage du linge,\u00a0<\/span><\/span><span class=\"TextRun SCXP173210854 BCX0\" lang=\"FR-FR\" xml:lang=\"FR-FR\" data-scheme-color=\"@4472C4,4,\" data-contrast=\"none\"><span class=\"NormalTextRun SCXP173210854 BCX0\">pour plus de productivit\u00e9 et moins de co\u00fbts<\/span><\/span><span class=\"TextRun SCXP173210854 BCX0\" lang=\"FR-FR\" xml:lang=\"FR-FR\" data-scheme-color=\"@4472C4,4,\" data-contrast=\"none\"><span class=\"NormalTextRun SCXP173210854 BCX0\">.<\/span><\/span><\/p>\n<\/div>\n<\/div>\n<p>[\/vc_column_text][\/vc_column][vc_column width=&#8221;1\/3&#8243;][vc_column_text]<\/p>\n<h3 class=\" inherit sky-blue inherit\">Puissance &amp; capacit\u00e9 de la colonne<\/h3>\n<div class=\"wpb_text_column wpb_content_element \">\n<div class=\"\">\n<p><span class=\"TextRun SCXP97450691 BCX0\" lang=\"FR-FR\" xml:lang=\"FR-FR\" data-scheme-color=\"@4472C4,4,\" data-contrast=\"none\"><span class=\"NormalTextRun SCXP97450691 BCX0\">La lave-linge WH6-6 et le s\u00e8che-linge TD6-7\u00a0<\/span><\/span><span class=\"TextRun SCXP97450691 BCX0\" lang=\"FR\" xml:lang=\"FR\" data-scheme-color=\"@4472C4,4,\" data-contrast=\"none\"><span class=\"NormalTextRun SCXP97450691 BCX0\">peuvent \u00eatre empil\u00e9s\u00a0<\/span><\/span><span class=\"TextRun SCXP97450691 BCX0\" lang=\"FR\" xml:lang=\"FR\" data-scheme-color=\"@FF0000,,\" data-contrast=\"none\"><span class=\"NormalTextRun SCXP97450691 BCX0\">verticalement<\/span><\/span><span class=\"TextRun SCXP97450691 BCX0\" lang=\"FR\" xml:lang=\"FR\" data-scheme-color=\"@4472C4,4,\" data-contrast=\"none\"><span class=\"NormalTextRun SCXP97450691 BCX0\">\u00a0pour gagner de l\u2019espace. Le\u00a0<\/span><\/span><span class=\"TextRun SCXP97450691 BCX0\" lang=\"FR\" xml:lang=\"FR\" data-scheme-color=\"@4472C4,4,\" data-contrast=\"none\"><span class=\"NormalTextRun SCXP97450691 BCX0\">panneau de commande\u00a0<\/span><\/span><span class=\"TextRun SCXP97450691 BCX0\" lang=\"FR\" xml:lang=\"FR\" data-scheme-color=\"@FF0000,,\" data-contrast=\"none\"><span class=\"NormalTextRun SCXP97450691 BCX0\">du s\u00e8che-linge\u00a0<\/span><\/span><span class=\"TextRun SCXP97450691 BCX0\" lang=\"FR\" xml:lang=\"FR\" data-scheme-color=\"@4472C4,4,\" data-contrast=\"none\"><span class=\"NormalTextRun SCXP97450691 BCX0\">est ainsi d\u00e9plac\u00e9 vers le bas pour une meilleure accessibilit\u00e9.\u00a0<\/span><\/span><\/p>\n<\/div>\n<\/div>\n<p>[\/vc_column_text][\/vc_column][vc_column width=&#8221;1\/3&#8243;][vc_column_text]<\/p>\n<h3 class=\" inherit sky-blue inherit\">Interface<br \/>\nintelligente<\/h3>\n<div class=\"wpb_text_column wpb_content_element \">\n<div class=\"\">\n<p><span class=\"TextRun SCXP214899436 BCX0\" lang=\"FR\" xml:lang=\"FR\" data-scheme-color=\"@4472C4,4,\" data-contrast=\"none\"><span class=\"NormalTextRun SCXP214899436 BCX0\">Le microprocesseur Compass Pro\u00ae fonctionne sur un grand \u00e9cran et vous permet de<\/span><\/span><span class=\"TextRun SCXP214899436 BCX0\" lang=\"FR\" xml:lang=\"FR\" data-scheme-color=\"@4472C4,4,\" data-contrast=\"none\"><span class=\"NormalTextRun SCXP214899436 BCX0\">\u00a0s\u00e9lectionner votre programme. Il dispose de boutons de s\u00e9lection\u00a0<\/span><\/span><span class=\"TextRun SCXP214899436 BCX0\" lang=\"FR\" xml:lang=\"FR\" data-scheme-color=\"@4472C4,4,\" data-contrast=\"none\"><span class=\"NormalTextRun SCXP214899436 BCX0\">rapide<\/span><\/span><span class=\"TextRun SCXP214899436 BCX0\" lang=\"FR\" xml:lang=\"FR\" data-scheme-color=\"@FF0000,,\" data-contrast=\"none\"><span class=\"NormalTextRun SCXP214899436 BCX0\">s<\/span><\/span><span class=\"TextRun SCXP214899436 BCX0\" lang=\"FR\" xml:lang=\"FR\" data-scheme-color=\"@4472C4,4,\" data-contrast=\"none\"><span class=\"NormalTextRun SCXP214899436 BCX0\">\u00a0pour les programmes fr\u00e9quemment utilis\u00e9s et de nouvelles ic\u00f4nes intuitives<\/span><\/span><span class=\"TextRun SCXP214899436 BCX0\" lang=\"FR\" xml:lang=\"FR\" data-scheme-color=\"@4472C4,4,\" data-contrast=\"none\"><span class=\"NormalTextRun SCXP214899436 BCX0\">.<\/span><\/span><\/p>\n<\/div>\n<\/div>\n<p>[\/vc_column_text][\/vc_column][\/vc_row][vc_row][vc_column][vc_empty_space][\/vc_column][\/vc_row][vc_row el_id=&#8221;contact&#8221; css=&#8221;.vc_custom_1666258484953{background-color: #14133b !important;}&#8221;][vc_column][elx_heading font_size=&#8221;h2&#8243; text_color=&#8221;white&#8221; css=&#8221;.vc_custom_1666258503718{margin-top: 0px !important;}&#8221;]Contactez-nous pour en savoir plus sur nos solutions myPRO :[\/elx_heading][elx_o2000_contact_us s=&#8221;Demande d&#8217;informations salons de coiffure et beaut\u00e9&#8221; country=&#8221;France&#8221; b=&#8221;laundry-semi-professional&#8221; text_color=&#8221;#FFFFFF&#8221; flag_background=&#8221;true&#8221; l=&#8221;fr&#8221;][\/vc_column][\/vc_row]<\/p>\n","protected":false},"excerpt":{"rendered":"<p>[vc_row full_width=&#8221;electroluxpro-full-width-no-padding&#8221;][vc_column][elx_hero_slider label_text_color=&#8221;inherit&#8221; images=&#8221;8966&#8243;][elx_heading font_container=&#8221;h1&#8243; text_color=&#8221;inherit&#8221;]Solutions pour salons de coiffure et de beaut\u00e9[\/elx_heading][\/elx_hero_slider][\/vc_column][\/vc_row][vc_row][vc_column][vc_empty_space][\/vc_column][\/vc_row][vc_row][vc_column width=&#8221;1\/4&#8243;][vc_empty_space height=&#8221;20px&#8221;][vc_single_image image=&#8221;3924&#8243; img_size=&#8221;250&#215;250&#8243; alignment=&#8221;center&#8221; style=&#8221;vc_box_circle_2&#8243;][\/vc_column][vc_column width=&#8221;3\/4&#8243;][vc_empty_space height=&#8221;50px&#8221;][vc_column_text]Les programmes lents et les drains bouch\u00e9s sont des obstacles quotidiens lors de l\u2019utilisation de machines domestiques dans la buanderie des coiffeurs et instituts de beaut\u00e9. myPRO vous permet de vous concentrer sur votre c\u0153ur [&hellip;]<\/p>\n","protected":false},"author":4,"featured_media":0,"parent":26416,"menu_order":0,"comment_status":"closed","ping_status":"closed","template":"","meta":{"footnotes":""},"class_list":["post-10268","page","type-page","status-publish","hentry"],"acf":[],"yoast_head":"<!-- This site is optimized with the Yoast SEO plugin v23.3 - https:\/\/yoast.com\/wordpress\/plugins\/seo\/ -->\n<title>Solutions de blanchisserie pour salons de coiffure et de beaut\u00e9 | Electrolux Professional<\/title>\n<meta name=\"description\" content=\"Gamme myPRO: des solutions semi-professionnelles \u00e0 usage semi-intensif d\u00e9di\u00e9es aux petites structures, pour une efficacit\u00e9 et une durabilit\u00e9 optimales.\" \/>\n<meta name=\"robots\" content=\"index, follow, max-snippet:-1, max-image-preview:large, max-video-preview:-1\" \/>\n<link rel=\"canonical\" href=\"https:\/\/www.electroluxprofessional.com\/fr\/equipement-blanchisserie\/mypro\/solutions-blanchisserie-salons-coiffure-beaute\/\" \/>\n<meta property=\"og:locale\" content=\"fr_FR\" \/>\n<meta property=\"og:type\" content=\"article\" \/>\n<meta property=\"og:title\" content=\"Solutions de blanchisserie pour salons de coiffure et de beaut\u00e9 | Electrolux Professional\" \/>\n<meta property=\"og:description\" content=\"Gamme myPRO: des solutions semi-professionnelles \u00e0 usage semi-intensif d\u00e9di\u00e9es aux petites structures, pour une efficacit\u00e9 et une durabilit\u00e9 optimales.\" \/>\n<meta property=\"og:url\" content=\"https:\/\/www.electroluxprofessional.com\/fr\/equipement-blanchisserie\/mypro\/solutions-blanchisserie-salons-coiffure-beaute\/\" \/>\n<meta property=\"og:site_name\" content=\"Electrolux Professional France\" \/>\n<meta property=\"article:modified_time\" content=\"2026-04-14T14:41:14+00:00\" \/>\n<meta name=\"twitter:card\" content=\"summary_large_image\" \/>\n<meta name=\"twitter:label1\" content=\"Dur\u00e9e de lecture estim\u00e9e\" \/>\n\t<meta name=\"twitter:data1\" content=\"4 minutes\" \/>\n<script type=\"application\/ld+json\" class=\"yoast-schema-graph\">{\"@context\":\"https:\/\/schema.org\",\"@graph\":[{\"@type\":\"WebPage\",\"@id\":\"https:\/\/www.electroluxprofessional.com\/fr\/equipement-blanchisserie\/mypro\/solutions-blanchisserie-salons-coiffure-beaute\/\",\"url\":\"https:\/\/www.electroluxprofessional.com\/fr\/equipement-blanchisserie\/mypro\/solutions-blanchisserie-salons-coiffure-beaute\/\",\"name\":\"Solutions de blanchisserie pour salons de coiffure et de beaut\u00e9 | Electrolux Professional\",\"isPartOf\":{\"@id\":\"https:\/\/www.electroluxprofessional.com\/fr\/#website\"},\"datePublished\":\"2019-12-15T20:50:57+00:00\",\"dateModified\":\"2026-04-14T14:41:14+00:00\",\"description\":\"Gamme myPRO: des solutions semi-professionnelles \u00e0 usage semi-intensif d\u00e9di\u00e9es aux petites structures, pour une efficacit\u00e9 et une durabilit\u00e9 optimales.\",\"breadcrumb\":{\"@id\":\"https:\/\/www.electroluxprofessional.com\/fr\/equipement-blanchisserie\/mypro\/solutions-blanchisserie-salons-coiffure-beaute\/#breadcrumb\"},\"inLanguage\":\"fr-FR\",\"potentialAction\":[{\"@type\":\"ReadAction\",\"target\":[\"https:\/\/www.electroluxprofessional.com\/fr\/equipement-blanchisserie\/mypro\/solutions-blanchisserie-salons-coiffure-beaute\/\"]}]},{\"@type\":\"BreadcrumbList\",\"@id\":\"https:\/\/www.electroluxprofessional.com\/fr\/equipement-blanchisserie\/mypro\/solutions-blanchisserie-salons-coiffure-beaute\/#breadcrumb\",\"itemListElement\":[{\"@type\":\"ListItem\",\"position\":1,\"name\":\"Home\",\"item\":\"https:\/\/www.electroluxprofessional.com\/fr\/\"},{\"@type\":\"ListItem\",\"position\":2,\"name\":\"Equipements de blanchisserie professionnelle\",\"item\":\"https:\/\/www.electroluxprofessional.com\/fr\/equipement-blanchisserie\/\"},{\"@type\":\"ListItem\",\"position\":3,\"name\":\"Machine \u00e0 laver et s\u00e8che-linge semi-professionnels myPRO\",\"item\":\"https:\/\/www.electroluxprofessional.com\/fr\/equipement-blanchisserie\/mypro\/\"},{\"@type\":\"ListItem\",\"position\":4,\"name\":\"Solutions de blanchisserie pour salons de coiffure et de beaut\u00e9\"}]},{\"@type\":\"WebSite\",\"@id\":\"https:\/\/www.electroluxprofessional.com\/fr\/#website\",\"url\":\"https:\/\/www.electroluxprofessional.com\/fr\/\",\"name\":\"Electrolux Professional France\",\"description\":\"\",\"potentialAction\":[{\"@type\":\"SearchAction\",\"target\":{\"@type\":\"EntryPoint\",\"urlTemplate\":\"https:\/\/www.electroluxprofessional.com\/fr\/?src={search_term_string}\"},\"query-input\":\"required name=search_term_string\"}],\"inLanguage\":\"fr-FR\"}]}<\/script>\n<!-- \/ Yoast SEO plugin. -->","yoast_head_json":{"title":"Solutions de blanchisserie pour salons de coiffure et de beaut\u00e9 | Electrolux Professional","description":"Gamme myPRO: des solutions semi-professionnelles \u00e0 usage semi-intensif d\u00e9di\u00e9es aux petites structures, pour une efficacit\u00e9 et une durabilit\u00e9 optimales.","robots":{"index":"index","follow":"follow","max-snippet":"max-snippet:-1","max-image-preview":"max-image-preview:large","max-video-preview":"max-video-preview:-1"},"canonical":"https:\/\/www.electroluxprofessional.com\/fr\/equipement-blanchisserie\/mypro\/solutions-blanchisserie-salons-coiffure-beaute\/","og_locale":"fr_FR","og_type":"article","og_title":"Solutions de blanchisserie pour salons de coiffure et de beaut\u00e9 | Electrolux Professional","og_description":"Gamme myPRO: des solutions semi-professionnelles \u00e0 usage semi-intensif d\u00e9di\u00e9es aux petites structures, pour une efficacit\u00e9 et une durabilit\u00e9 optimales.","og_url":"https:\/\/www.electroluxprofessional.com\/fr\/equipement-blanchisserie\/mypro\/solutions-blanchisserie-salons-coiffure-beaute\/","og_site_name":"Electrolux Professional France","article_modified_time":"2026-04-14T14:41:14+00:00","twitter_card":"summary_large_image","twitter_misc":{"Dur\u00e9e de lecture estim\u00e9e":"4 minutes"},"schema":{"@context":"https:\/\/schema.org","@graph":[{"@type":"WebPage","@id":"https:\/\/www.electroluxprofessional.com\/fr\/equipement-blanchisserie\/mypro\/solutions-blanchisserie-salons-coiffure-beaute\/","url":"https:\/\/www.electroluxprofessional.com\/fr\/equipement-blanchisserie\/mypro\/solutions-blanchisserie-salons-coiffure-beaute\/","name":"Solutions de blanchisserie pour salons de coiffure et de beaut\u00e9 | Electrolux Professional","isPartOf":{"@id":"https:\/\/www.electroluxprofessional.com\/fr\/#website"},"datePublished":"2019-12-15T20:50:57+00:00","dateModified":"2026-04-14T14:41:14+00:00","description":"Gamme myPRO: des solutions semi-professionnelles \u00e0 usage semi-intensif d\u00e9di\u00e9es aux petites structures, pour une efficacit\u00e9 et une durabilit\u00e9 optimales.","breadcrumb":{"@id":"https:\/\/www.electroluxprofessional.com\/fr\/equipement-blanchisserie\/mypro\/solutions-blanchisserie-salons-coiffure-beaute\/#breadcrumb"},"inLanguage":"fr-FR","potentialAction":[{"@type":"ReadAction","target":["https:\/\/www.electroluxprofessional.com\/fr\/equipement-blanchisserie\/mypro\/solutions-blanchisserie-salons-coiffure-beaute\/"]}]},{"@type":"BreadcrumbList","@id":"https:\/\/www.electroluxprofessional.com\/fr\/equipement-blanchisserie\/mypro\/solutions-blanchisserie-salons-coiffure-beaute\/#breadcrumb","itemListElement":[{"@type":"ListItem","position":1,"name":"Home","item":"https:\/\/www.electroluxprofessional.com\/fr\/"},{"@type":"ListItem","position":2,"name":"Equipements de blanchisserie professionnelle","item":"https:\/\/www.electroluxprofessional.com\/fr\/equipement-blanchisserie\/"},{"@type":"ListItem","position":3,"name":"Machine \u00e0 laver et s\u00e8che-linge semi-professionnels myPRO","item":"https:\/\/www.electroluxprofessional.com\/fr\/equipement-blanchisserie\/mypro\/"},{"@type":"ListItem","position":4,"name":"Solutions de blanchisserie pour salons de coiffure et de beaut\u00e9"}]},{"@type":"WebSite","@id":"https:\/\/www.electroluxprofessional.com\/fr\/#website","url":"https:\/\/www.electroluxprofessional.com\/fr\/","name":"Electrolux Professional France","description":"","potentialAction":[{"@type":"SearchAction","target":{"@type":"EntryPoint","urlTemplate":"https:\/\/www.electroluxprofessional.com\/fr\/?src={search_term_string}"},"query-input":"required name=search_term_string"}],"inLanguage":"fr-FR"}]}},"_links":{"self":[{"href":"https:\/\/www.electroluxprofessional.com\/fr\/wp-json\/wp\/v2\/pages\/10268"}],"collection":[{"href":"https:\/\/www.electroluxprofessional.com\/fr\/wp-json\/wp\/v2\/pages"}],"about":[{"href":"https:\/\/www.electroluxprofessional.com\/fr\/wp-json\/wp\/v2\/types\/page"}],"author":[{"embeddable":true,"href":"https:\/\/www.electroluxprofessional.com\/fr\/wp-json\/wp\/v2\/users\/4"}],"replies":[{"embeddable":true,"href":"https:\/\/www.electroluxprofessional.com\/fr\/wp-json\/wp\/v2\/comments?post=10268"}],"version-history":[{"count":33,"href":"https:\/\/www.electroluxprofessional.com\/fr\/wp-json\/wp\/v2\/pages\/10268\/revisions"}],"predecessor-version":[{"id":32140,"href":"https:\/\/www.electroluxprofessional.com\/fr\/wp-json\/wp\/v2\/pages\/10268\/revisions\/32140"}],"up":[{"embeddable":true,"href":"https:\/\/www.electroluxprofessional.com\/fr\/wp-json\/wp\/v2\/pages\/26416"}],"wp:attachment":[{"href":"https:\/\/www.electroluxprofessional.com\/fr\/wp-json\/wp\/v2\/media?parent=10268"}],"curies":[{"name":"wp","href":"https:\/\/api.w.org\/{rel}","templated":true}]}}