{"id":9979,"date":"2019-10-10T09:30:13","date_gmt":"2019-10-10T07:30:13","guid":{"rendered":"https:\/\/www.electroluxprofessional.com\/?page_id=25737"},"modified":"2025-11-05T16:38:39","modified_gmt":"2025-11-05T16:38:39","slug":"mypro","status":"publish","type":"page","link":"https:\/\/www.electroluxprofessional.com\/fr-be\/blanchisserie\/mypro\/","title":{"rendered":"myPRO : laveuses, s\u00e9choirs et repasseuses parfaites pour les petites structures"},"content":{"rendered":"<p>[vc_row full_width=&#8221;electroluxpro-full-width-no-padding&#8221;][vc_column][elx_image_block background_image=&#8221;9966&#8243; minimum_height=&#8221;350px&#8221;][\/vc_column][\/vc_row][vc_row][vc_column width=&#8221;2\/3&#8243;][elx_heading font_container=&#8221;h1&#8243; text_color=&#8221;inherit&#8221;]Laveuses, s\u00e9choirs et repasseuses parfaites pour les petites structures[\/elx_heading][vc_empty_space][vc_column_text]<\/p>\n<ul>\n<li><span class=\"TextRun BCX0 SCXP242660466\" lang=\"FR\" xml:lang=\"FR\" data-usefontface=\"true\" data-contrast=\"none\"><span class=\"NormalTextRun BCX0 SCXP242660466\">Vos machines domestiques ne sont pas assez rapides et robustes ?<\/span><\/span><span class=\"LineBreakBlob BlobObject BCX0 SCXP242660466\"><span class=\"BCX0 SCXP242660466\">\u200b<\/span><\/span><\/li>\n<li><span class=\"TextRun BCX0 SCXP242660466\" lang=\"FR\" xml:lang=\"FR\" data-usefontface=\"true\" data-contrast=\"none\"><span class=\"NormalTextRun BCX0 SCXP242660466\">Vous recherchez une solution de lavage plus professionnelle avec un budget raisonnable ?<\/span><\/span><span class=\"LineBreakBlob BlobObject BCX0 SCXP242660466\"><span class=\"BCX0 SCXP242660466\">\u200b<\/span><br class=\"BCX0 SCXP242660466\" \/><\/span><\/li>\n<\/ul>\n<p>[\/vc_column_text][vc_column_text]<span class=\"TextRun SCXP242296535 BCX0\" lang=\"FR\" xml:lang=\"FR\" data-usefontface=\"true\" data-contrast=\"none\"><span class=\"SpellingError SCXP242296535 BCX0\">myPRO<\/span><\/span><span class=\"TextRun SCXP242296535 BCX0\" lang=\"FR\" xml:lang=\"FR\" data-usefontface=\"true\" data-contrast=\"none\"><span class=\"NormalTextRun SCXP242296535 BCX0\">\u00a0est la solution Electrolux Professional pour <strong>les petites entreprises<\/strong> ayant besoin de laveuses, de s\u00e9choirs et\u00a0<\/span><\/span><span class=\"TextRun SCXP242296535 BCX0\" lang=\"FR\" xml:lang=\"FR\" data-usefontface=\"true\" data-contrast=\"none\"><span class=\"NormalTextRun SCXP242296535 BCX0\">de repasseuses \u00e0 vapeur plus solides et plus rapides que les appareils domestiques standards.<\/span><\/span><span class=\"EOP SCXP242296535 BCX0\">\u200b<\/span>[\/vc_column_text][vc_column_text]<\/p>\n<ul>\n<li><i class=\"fa fa-angle-right\"><\/i> <span class=\"TextRun BCX0 SCXP41533005\" lang=\"FR\" xml:lang=\"FR\" data-usefontface=\"true\" data-contrast=\"none\"><span class=\"NormalTextRun BCX0 SCXP41533005\">Longue vie &#8211; 3 fois plus longtemps<\/span><\/span>*.<\/li>\n<li><span class=\"TextRun BCX0 SCXP41533005\" lang=\"FR\" xml:lang=\"FR\" data-usefontface=\"true\" data-contrast=\"none\"><span class=\"NormalTextRun BCX0 SCXP41533005\">\u00a0Superbe vitesse &#8211; jusqu&#8217;\u00e0 50% plus rapide**<\/span><\/span>.<\/li>\n<li><span class=\"TextRun BCX0 SCXP41533005\" lang=\"FR\" xml:lang=\"FR\" data-usefontface=\"true\" data-contrast=\"none\"><span class=\"NormalTextRun BCX0 SCXP41533005\">\u00a0De bons r\u00e9sultats \u00e0 chaque utilisation<\/span><\/span><\/li>\n<li><span class=\"TextRun BCX0 SCXP41533005\" lang=\"FR\" xml:lang=\"FR\" data-usefontface=\"true\" data-contrast=\"none\"><span class=\"NormalTextRun BCX0 SCXP41533005\">\u00a0Flexibilit\u00e9 maximale &#8211; gr\u00e2ce aux programmes professionnels.<\/span><\/span><span class=\"LineBreakBlob BlobObject BCX0 SCXP41533005\"><span class=\"BCX0 SCXP41533005\">\u200b<\/span><\/span><\/li>\n<li><span class=\"TextRun SCXP244563812 BCX0\" lang=\"FR\" xml:lang=\"FR\" data-usefontface=\"true\" data-contrast=\"none\"><span class=\"NormalTextRun SCXP244563812 BCX0\">\u00a0Garantie pour les applications professionnelles &#8211; selon les r\u00e9glementations locales.<\/span><\/span><span class=\"EOP SCXP244563812 BCX0\">\u200b<\/span><\/li>\n<\/ul>\n<p><span style=\"font-size: small;\">*\u00a0En comparaison avec<span class=\"TextRun SCXP68433822 BCX0\" lang=\"FR\" xml:lang=\"FR\" data-usefontface=\"true\" data-contrast=\"none\"><span class=\"NormalTextRun SCXP68433822 BCX0\">\u00a0une machine domestique standard<\/span><\/span><span class=\"EOP SCXP68433822 BCX0\">\u200b<\/span><br \/>\n** Laveuse<\/span>[\/vc_column_text][\/vc_column][vc_column width=&#8221;1\/3&#8243;][elx_heading text_color=&#8221;inherit&#8221;]T\u00e9l\u00e9charger la brochure[\/elx_heading][elx_download_block text=&#8221;Solution de lavage myPRO<br \/>\npour les petites structures&#8221; document_type=&#8221;leaflets&#8221; file_picker=&#8221;8488&#8243; background_color=&#8221;black&#8221; background_hover_color=&#8221;lighter-hover&#8221; background_image=&#8221;9967&#8243;][elx_button button_text=&#8221;D\u00e9couvrir les produits&#8221; button_style=&#8221;icon&#8221; button_link=&#8221;url:%2Ffr-be%2Fblanchisserie%2Fmypro%2F%23products|||&#8221;][vc_single_image image=&#8221;9969&#8243; img_size=&#8221;full&#8221;][\/vc_column][\/vc_row][vc_row][vc_column width=&#8221;2\/3&#8243; css=&#8221;.vc_custom_1480692619788{padding-top: 50px !important;}&#8221;][elx_image_block background_image=&#8221;9968&#8243; minimum_height=&#8221;400px&#8221;][vc_empty_space height=&#8221;50px&#8221;][\/vc_column][vc_column width=&#8221;1\/3&#8243;][vc_empty_space][elx_heading text_color=&#8221;inherit&#8221;]Les consommations les plus faibles du march\u00e9 pour des \u00e9conomies suppl\u00e9mentaires[\/elx_heading][vc_empty_space][vc_column_text]<span class=\"TextRun BCX0 SCXP43605221\" lang=\"FR\" xml:lang=\"FR\" data-usefontface=\"true\" data-contrast=\"none\"><span class=\"NormalTextRun BCX0 SCXP43605221\">Electrolux Professional vous aide \u00e0 r\u00e9duire vos co\u00fbts et \u00e9conomiser de l&#8217;\u00e9nergie<\/span><\/span><\/p>\n<ul>\n<li><span class=\"TextRun SCXP266473742 BCX0\" lang=\"FR\" xml:lang=\"FR\" data-usefontface=\"true\" data-contrast=\"none\"><span class=\"NormalTextRun SCXP266473742 BCX0\">Classe<\/span><\/span><span class=\"TextRun SCXP266473742 BCX0\" lang=\"FR\" xml:lang=\"FR\" data-usefontface=\"true\" data-contrast=\"none\"><span class=\"NormalTextRun SCXP266473742 BCX0\">\u00a0\u00e9nerg\u00e9tique<strong> A+++<\/strong>* pour les laveuses\u00a0les consommations les plus faibles du march\u00e9<\/span><\/span><span class=\"EOP SCXP266473742 BCX0\">\u200b<\/span><\/li>\n<li><span class=\"TextRun BCX0 SCXP112608978\" lang=\"FR\" xml:lang=\"FR\" data-usefontface=\"true\" data-contrast=\"none\"><span class=\"NormalTextRun BCX0 SCXP112608978\">Classe \u00e9nerg\u00e9tique<strong> A++<\/strong> pour les s\u00e9choirs \u00e0 pompe \u00e0 chaleur<\/span><\/span><\/li>\n<\/ul>\n<p>[\/vc_column_text][\/vc_column][\/vc_row][vc_row][vc_column][elx_heading text_color=&#8221;inherit&#8221;]Des solutions durables et abordables pour les petites entreprises[\/elx_heading][vc_column_text css=&#8221;.vc_custom_1571132431780{padding-top: 20px !important;}&#8221;]<span class=\"TextRun SCXP251426156 BCX0\" lang=\"FR-FR\" xml:lang=\"FR-FR\" data-usefontface=\"true\" data-contrast=\"none\"><span class=\"NormalTextRun SCXP251426156 BCX0\">Les salons de coiffure, les instituts de beaut\u00e9, les g\u00eetes touristiques et les maisons de retraite peuvent avoir besoin de solutions de blanchisserie professionnelles plus rapides et plus durables que les\u00a0<\/span><\/span><span class=\"TextRun SCXP251426156 BCX0\" lang=\"FR-FR\" xml:lang=\"FR-FR\" data-usefontface=\"true\" data-contrast=\"none\"><span class=\"NormalTextRun SCXP251426156 BCX0\">machines domestiques.<\/span><\/span>[\/vc_column_text][vc_empty_space height=&#8221;50px&#8221;][\/vc_column][\/vc_row][vc_row][vc_column width=&#8221;1\/3&#8243;][vc_single_image image=&#8221;9970&#8243; img_size=&#8221;120&#215;120&#8243; alignment=&#8221;center&#8221;][elx_heading font_container=&#8221;h3&#8243; text_color=&#8221;inherit&#8221; text_align=&#8221;text-center&#8221;]Qualit\u00e9 sup\u00e9rieure,<br \/>\nlongue vie[\/elx_heading][vc_column_text]<\/p>\n<p style=\"text-align: center;\"><span class=\"TextRun BCX0 SCXP78461674\" lang=\"FR\" xml:lang=\"FR\" data-usefontface=\"true\" data-contrast=\"none\"><span class=\"NormalTextRun BCX0 SCXP78461674\">Laveuses et s\u00e9choirs con\u00e7us pour durer<strong> trois fois plus longtemps<\/strong> que les machines domestiques avec une vari\u00e9t\u00e9 de programmes professionnels pour les meilleurs r\u00e9sultats de lavage et\u00a0<\/span><\/span><span class=\"TextRun BCX0 SCXP78461674\" lang=\"FR\" xml:lang=\"FR\" data-usefontface=\"true\" data-contrast=\"none\"><span class=\"NormalTextRun BCX0 SCXP78461674\">d&#8217;entretien du v\u00eatement.<\/span><\/span><\/p>\n<p>[\/vc_column_text][\/vc_column][vc_column width=&#8221;1\/3&#8243;][vc_single_image image=&#8221;9971&#8243; img_size=&#8221;120&#215;120&#8243; alignment=&#8221;center&#8221;][elx_heading font_container=&#8221;h3&#8243; text_color=&#8221;inherit&#8221; text_align=&#8221;text-center&#8221;]\u00c9conomise de l&#8217;eau, de l&#8217;\u00e9nergie et de l&#8217;argent[\/elx_heading][vc_column_text]<\/p>\n<p style=\"text-align: center;\"><span class=\"TextRun SCXP62762061 BCX0\" lang=\"FR\" xml:lang=\"FR\" data-usefontface=\"true\" data-contrast=\"none\"><span class=\"NormalTextRun SCXP62762061 BCX0\">Le <strong>Tambour\u00a0<\/strong><\/span><\/span><strong><span class=\"TextRun SCXP62762061 BCX0\" lang=\"FR\" xml:lang=\"FR\" data-usefontface=\"true\" data-contrast=\"none\"><span class=\"SpellingError SCXP62762061 BCX0\">SpeedCare<\/span><\/span><\/strong><span class=\"TextRun SCXP62762061 BCX0\" lang=\"FR\" xml:lang=\"FR\" data-usefontface=\"true\" data-contrast=\"none\"><span class=\"NormalTextRun SCXP62762061 BCX0\">\u00a0vous offre une dur\u00e9e et des co\u00fbts de cycle r\u00e9duits ainsi qu&#8217;un cycle de s\u00e9chage plus court avec le <strong>contr\u00f4le automatique de l&#8217;humidit\u00e9<\/strong>.<\/span><\/span><span class=\"EOP SCXP62762061 BCX0\">\u200b<\/span><\/p>\n<p>[\/vc_column_text][\/vc_column][vc_column width=&#8221;1\/3&#8243;][vc_single_image image=&#8221;9972&#8243; img_size=&#8221;120&#215;120&#8243; alignment=&#8221;center&#8221;][elx_heading font_container=&#8221;h3&#8243; text_color=&#8221;inherit&#8221; text_align=&#8221;text-center&#8221;]Superbe hygi\u00e8ne et confort maximum.[\/elx_heading][vc_column_text]<\/p>\n<p style=\"text-align: center;\"><span class=\"TextRun BCX0 SCXP14847579\" lang=\"FR\" xml:lang=\"FR\" data-usefontface=\"true\" data-contrast=\"none\"><span class=\"NormalTextRun BCX0 SCXP14847579\">Dessus et fa\u00e7ade en acier inoxydable faciles \u00e0 nettoyer avec grande porte sp\u00e9cialement con\u00e7ue. Tous les avantages dont vous avez besoin <strong>avec un budget raisonnable.<\/strong><\/span><\/span><span class=\"EOP BCX0 SCXP14847579\">\u200b<\/span><\/p>\n<p>[\/vc_column_text][\/vc_column][\/vc_row][vc_row][vc_column][vc_empty_space][elx_heading text_color=&#8221;inherit&#8221;]myPRO : la solution parfaite pour votre activit\u00e9 ![\/elx_heading][vc_empty_space height=&#8221;15px&#8221;][vc_row_inner][vc_column_inner width=&#8221;1\/3&#8243;][vc_single_image image=&#8221;9973&#8243; img_size=&#8221;full&#8221; alignment=&#8221;center&#8221;][vc_column_text]<\/p>\n<p style=\"text-align: center;\"><strong>Cr\u00e8che<\/strong><\/p>\n<p>[\/vc_column_text][\/vc_column_inner][vc_column_inner width=&#8221;1\/3&#8243;][vc_single_image image=&#8221;9974&#8243; img_size=&#8221;full&#8221; alignment=&#8221;center&#8221;][vc_column_text]<\/p>\n<p style=\"text-align: center;\"><strong>Salon de coiffure<br \/>\n&amp; centre de beaut\u00e9<\/strong>[\/vc_column_text][\/vc_column_inner][vc_column_inner width=&#8221;1\/3&#8243;][vc_single_image image=&#8221;9975&#8243; img_size=&#8221;full&#8221; alignment=&#8221;center&#8221;][vc_column_text]<\/p>\n<p style=\"text-align: center;\"><strong>Club sportif<br \/>\n&amp; centre de fitness<\/strong>[\/vc_column_text][\/vc_column_inner][\/vc_row_inner][vc_empty_space height=&#8221;30px&#8221;][vc_row_inner][vc_column_inner width=&#8221;1\/3&#8243;][vc_single_image image=&#8221;9976&#8243; img_size=&#8221;full&#8221; alignment=&#8221;center&#8221;][vc_column_text]<\/p>\n<p style=\"text-align: center;\"><strong>H\u00f4tel<\/strong><\/p>\n<p>[\/vc_column_text][\/vc_column_inner][vc_column_inner width=&#8221;1\/3&#8243;][vc_single_image image=&#8221;9977&#8243; img_size=&#8221;full&#8221; alignment=&#8221;center&#8221;][vc_column_text]<\/p>\n<p style=\"text-align: center;\"><strong>Soci\u00e9t\u00e9 de nettoyage<\/strong><\/p>\n<p>[\/vc_column_text][\/vc_column_inner][vc_column_inner width=&#8221;1\/3&#8243;][vc_single_image image=&#8221;9978&#8243; img_size=&#8221;full&#8221; alignment=&#8221;center&#8221;][vc_column_text]<\/p>\n<p style=\"text-align: center;\"><b>Autres structures<\/b><\/p>\n<p>[\/vc_column_text][\/vc_column_inner][\/vc_row_inner][vc_empty_space][elx_heading text_color=&#8221;inherit&#8221;]Contactez un expert:[\/elx_heading][vc_empty_space][elx_o2000_contact_us r=&#8221;J&#8217;aimerai avoir plus d&#8217;informations&#8230;&#8221; s=&#8221;Demande d&#8217;informations&#8221; country=&#8221;France&#8221; b=&#8221;laundry&#8221; l=&#8221;fr&#8221;][vc_empty_space][\/vc_column][\/vc_row][vc_row][vc_column][vc_empty_space][\/vc_column][\/vc_row]<\/p>\n","protected":false},"excerpt":{"rendered":"<p>[vc_row full_width=&#8221;electroluxpro-full-width-no-padding&#8221;][vc_column][elx_image_block background_image=&#8221;9966&#8243; minimum_height=&#8221;350px&#8221;][\/vc_column][\/vc_row][vc_row][vc_column width=&#8221;2\/3&#8243;][elx_heading font_container=&#8221;h1&#8243; text_color=&#8221;inherit&#8221;]Laveuses, s\u00e9choirs et repasseuses parfaites pour les petites structures[\/elx_heading][vc_empty_space][vc_column_text] Vos machines domestiques ne sont pas assez rapides et robustes ?\u200b Vous recherchez une solution de lavage plus professionnelle avec un budget raisonnable ?\u200b [\/vc_column_text][vc_column_text]myPRO\u00a0est la solution Electrolux Professional pour les petites entreprises ayant besoin de laveuses, de s\u00e9choirs et\u00a0de [&hellip;]<\/p>\n","protected":false},"author":48,"featured_media":9965,"parent":2648,"menu_order":0,"comment_status":"closed","ping_status":"closed","template":"","meta":{"footnotes":""},"class_list":["post-9979","page","type-page","status-publish","has-post-thumbnail","hentry"],"acf":[],"yoast_head":"<!-- This site is optimized with the Yoast SEO plugin v23.3 - https:\/\/yoast.com\/wordpress\/plugins\/seo\/ -->\n<title>Laveuses, s\u00e9choirs et repasseuses myPRO pour un usage semi-professionnel<\/title>\n<meta name=\"description\" content=\"Machines \u00e0 laver, s\u00e9choirs et repasseuses \u00e0 vapeur myPRO pour les petites entreprises. myPRO est la gamme Electrolux Professional pour les petites entreprises qui ont besoin de solutions de lavage plus solides et plus rapides que les appareils m\u00e9nagers standard.\" \/>\n<meta name=\"robots\" content=\"index, follow, max-snippet:-1, max-image-preview:large, max-video-preview:-1\" \/>\n<link rel=\"canonical\" href=\"https:\/\/www.electroluxprofessional.com\/fr-be\/blanchisserie\/mypro\/\" \/>\n<meta property=\"og:locale\" content=\"fr_FR\" \/>\n<meta property=\"og:type\" content=\"article\" \/>\n<meta property=\"og:title\" content=\"Laveuses, s\u00e9choirs et repasseuses myPRO pour un usage semi-professionnel\" \/>\n<meta property=\"og:description\" content=\"Machines \u00e0 laver, s\u00e9choirs et repasseuses \u00e0 vapeur myPRO pour les petites entreprises. myPRO est la gamme Electrolux Professional pour les petites entreprises qui ont besoin de solutions de lavage plus solides et plus rapides que les appareils m\u00e9nagers standard.\" \/>\n<meta property=\"og:url\" content=\"https:\/\/www.electroluxprofessional.com\/fr-be\/blanchisserie\/mypro\/\" \/>\n<meta property=\"og:site_name\" content=\"Electrolux Professional Belgique\" \/>\n<meta property=\"article:modified_time\" content=\"2025-11-05T16:38:39+00:00\" \/>\n<meta property=\"og:image\" content=\"https:\/\/www.electroluxprofessional.com\/fr-be\/wp-content\/uploads\/2019\/10\/myPRO-featured-2-2.jpg\" \/>\n\t<meta property=\"og:image:width\" content=\"700\" \/>\n\t<meta property=\"og:image:height\" content=\"400\" \/>\n\t<meta property=\"og:image:type\" content=\"image\/jpeg\" \/>\n<meta name=\"twitter:card\" content=\"summary_large_image\" \/>\n<meta name=\"twitter:label1\" content=\"Dur\u00e9e de lecture est.\" \/>\n\t<meta name=\"twitter:data1\" content=\"3 minutes\" \/>\n<script type=\"application\/ld+json\" class=\"yoast-schema-graph\">{\"@context\":\"https:\/\/schema.org\",\"@graph\":[{\"@type\":\"WebPage\",\"@id\":\"https:\/\/www.electroluxprofessional.com\/fr-be\/blanchisserie\/mypro\/\",\"url\":\"https:\/\/www.electroluxprofessional.com\/fr-be\/blanchisserie\/mypro\/\",\"name\":\"Laveuses, s\u00e9choirs et repasseuses myPRO pour un usage semi-professionnel\",\"isPartOf\":{\"@id\":\"https:\/\/www.electroluxprofessional.com\/fr-be\/#website\"},\"primaryImageOfPage\":{\"@id\":\"https:\/\/www.electroluxprofessional.com\/fr-be\/blanchisserie\/mypro\/#primaryimage\"},\"image\":{\"@id\":\"https:\/\/www.electroluxprofessional.com\/fr-be\/blanchisserie\/mypro\/#primaryimage\"},\"thumbnailUrl\":\"https:\/\/www.electroluxprofessional.com\/fr-be\/wp-content\/uploads\/2019\/10\/myPRO-featured-2-2.jpg\",\"datePublished\":\"2019-10-10T07:30:13+00:00\",\"dateModified\":\"2025-11-05T16:38:39+00:00\",\"description\":\"Machines \u00e0 laver, s\u00e9choirs et repasseuses \u00e0 vapeur myPRO pour les petites entreprises. myPRO est la gamme Electrolux Professional pour les petites entreprises qui ont besoin de solutions de lavage plus solides et plus rapides que les appareils m\u00e9nagers standard.\",\"breadcrumb\":{\"@id\":\"https:\/\/www.electroluxprofessional.com\/fr-be\/blanchisserie\/mypro\/#breadcrumb\"},\"inLanguage\":\"fr-BE\",\"potentialAction\":[{\"@type\":\"ReadAction\",\"target\":[\"https:\/\/www.electroluxprofessional.com\/fr-be\/blanchisserie\/mypro\/\"]}]},{\"@type\":\"ImageObject\",\"inLanguage\":\"fr-BE\",\"@id\":\"https:\/\/www.electroluxprofessional.com\/fr-be\/blanchisserie\/mypro\/#primaryimage\",\"url\":\"https:\/\/www.electroluxprofessional.com\/fr-be\/wp-content\/uploads\/2019\/10\/myPRO-featured-2-2.jpg\",\"contentUrl\":\"https:\/\/www.electroluxprofessional.com\/fr-be\/wp-content\/uploads\/2019\/10\/myPRO-featured-2-2.jpg\",\"width\":700,\"height\":400,\"caption\":\"myPRO for small businesses\"},{\"@type\":\"BreadcrumbList\",\"@id\":\"https:\/\/www.electroluxprofessional.com\/fr-be\/blanchisserie\/mypro\/#breadcrumb\",\"itemListElement\":[{\"@type\":\"ListItem\",\"position\":1,\"name\":\"Home\",\"item\":\"https:\/\/www.electroluxprofessional.com\/fr-be\/\"},{\"@type\":\"ListItem\",\"position\":2,\"name\":\"Blanchisserie\",\"item\":\"https:\/\/www.electroluxprofessional.com\/fr-be\/blanchisserie\/\"},{\"@type\":\"ListItem\",\"position\":3,\"name\":\"myPRO : laveuses, s\u00e9choirs et repasseuses parfaites pour les petites structures\"}]},{\"@type\":\"WebSite\",\"@id\":\"https:\/\/www.electroluxprofessional.com\/fr-be\/#website\",\"url\":\"https:\/\/www.electroluxprofessional.com\/fr-be\/\",\"name\":\"Electrolux Professional Belgique\",\"description\":\"Electrolux Professional est le leader mondial en mati\u00e8re d&#039;\u00e9quipements de cuisines et de blanchisseries professionnelles.\",\"potentialAction\":[{\"@type\":\"SearchAction\",\"target\":{\"@type\":\"EntryPoint\",\"urlTemplate\":\"https:\/\/www.electroluxprofessional.com\/fr-be\/?src={search_term_string}\"},\"query-input\":\"required name=search_term_string\"}],\"inLanguage\":\"fr-BE\"}]}<\/script>\n<!-- \/ Yoast SEO plugin. -->","yoast_head_json":{"title":"Laveuses, s\u00e9choirs et repasseuses myPRO pour un usage semi-professionnel","description":"Machines \u00e0 laver, s\u00e9choirs et repasseuses \u00e0 vapeur myPRO pour les petites entreprises. myPRO est la gamme Electrolux Professional pour les petites entreprises qui ont besoin de solutions de lavage plus solides et plus rapides que les appareils m\u00e9nagers standard.","robots":{"index":"index","follow":"follow","max-snippet":"max-snippet:-1","max-image-preview":"max-image-preview:large","max-video-preview":"max-video-preview:-1"},"canonical":"https:\/\/www.electroluxprofessional.com\/fr-be\/blanchisserie\/mypro\/","og_locale":"fr_FR","og_type":"article","og_title":"Laveuses, s\u00e9choirs et repasseuses myPRO pour un usage semi-professionnel","og_description":"Machines \u00e0 laver, s\u00e9choirs et repasseuses \u00e0 vapeur myPRO pour les petites entreprises. myPRO est la gamme Electrolux Professional pour les petites entreprises qui ont besoin de solutions de lavage plus solides et plus rapides que les appareils m\u00e9nagers standard.","og_url":"https:\/\/www.electroluxprofessional.com\/fr-be\/blanchisserie\/mypro\/","og_site_name":"Electrolux Professional Belgique","article_modified_time":"2025-11-05T16:38:39+00:00","og_image":[{"width":700,"height":400,"url":"https:\/\/www.electroluxprofessional.com\/fr-be\/wp-content\/uploads\/2019\/10\/myPRO-featured-2-2.jpg","type":"image\/jpeg"}],"twitter_card":"summary_large_image","twitter_misc":{"Dur\u00e9e de lecture est.":"3 minutes"},"schema":{"@context":"https:\/\/schema.org","@graph":[{"@type":"WebPage","@id":"https:\/\/www.electroluxprofessional.com\/fr-be\/blanchisserie\/mypro\/","url":"https:\/\/www.electroluxprofessional.com\/fr-be\/blanchisserie\/mypro\/","name":"Laveuses, s\u00e9choirs et repasseuses myPRO pour un usage semi-professionnel","isPartOf":{"@id":"https:\/\/www.electroluxprofessional.com\/fr-be\/#website"},"primaryImageOfPage":{"@id":"https:\/\/www.electroluxprofessional.com\/fr-be\/blanchisserie\/mypro\/#primaryimage"},"image":{"@id":"https:\/\/www.electroluxprofessional.com\/fr-be\/blanchisserie\/mypro\/#primaryimage"},"thumbnailUrl":"https:\/\/www.electroluxprofessional.com\/fr-be\/wp-content\/uploads\/2019\/10\/myPRO-featured-2-2.jpg","datePublished":"2019-10-10T07:30:13+00:00","dateModified":"2025-11-05T16:38:39+00:00","description":"Machines \u00e0 laver, s\u00e9choirs et repasseuses \u00e0 vapeur myPRO pour les petites entreprises. myPRO est la gamme Electrolux Professional pour les petites entreprises qui ont besoin de solutions de lavage plus solides et plus rapides que les appareils m\u00e9nagers standard.","breadcrumb":{"@id":"https:\/\/www.electroluxprofessional.com\/fr-be\/blanchisserie\/mypro\/#breadcrumb"},"inLanguage":"fr-BE","potentialAction":[{"@type":"ReadAction","target":["https:\/\/www.electroluxprofessional.com\/fr-be\/blanchisserie\/mypro\/"]}]},{"@type":"ImageObject","inLanguage":"fr-BE","@id":"https:\/\/www.electroluxprofessional.com\/fr-be\/blanchisserie\/mypro\/#primaryimage","url":"https:\/\/www.electroluxprofessional.com\/fr-be\/wp-content\/uploads\/2019\/10\/myPRO-featured-2-2.jpg","contentUrl":"https:\/\/www.electroluxprofessional.com\/fr-be\/wp-content\/uploads\/2019\/10\/myPRO-featured-2-2.jpg","width":700,"height":400,"caption":"myPRO for small businesses"},{"@type":"BreadcrumbList","@id":"https:\/\/www.electroluxprofessional.com\/fr-be\/blanchisserie\/mypro\/#breadcrumb","itemListElement":[{"@type":"ListItem","position":1,"name":"Home","item":"https:\/\/www.electroluxprofessional.com\/fr-be\/"},{"@type":"ListItem","position":2,"name":"Blanchisserie","item":"https:\/\/www.electroluxprofessional.com\/fr-be\/blanchisserie\/"},{"@type":"ListItem","position":3,"name":"myPRO : laveuses, s\u00e9choirs et repasseuses parfaites pour les petites structures"}]},{"@type":"WebSite","@id":"https:\/\/www.electroluxprofessional.com\/fr-be\/#website","url":"https:\/\/www.electroluxprofessional.com\/fr-be\/","name":"Electrolux Professional Belgique","description":"Electrolux Professional est le leader mondial en mati\u00e8re d&#039;\u00e9quipements de cuisines et de blanchisseries professionnelles.","potentialAction":[{"@type":"SearchAction","target":{"@type":"EntryPoint","urlTemplate":"https:\/\/www.electroluxprofessional.com\/fr-be\/?src={search_term_string}"},"query-input":"required name=search_term_string"}],"inLanguage":"fr-BE"}]}},"_links":{"self":[{"href":"https:\/\/www.electroluxprofessional.com\/fr-be\/wp-json\/wp\/v2\/pages\/9979"}],"collection":[{"href":"https:\/\/www.electroluxprofessional.com\/fr-be\/wp-json\/wp\/v2\/pages"}],"about":[{"href":"https:\/\/www.electroluxprofessional.com\/fr-be\/wp-json\/wp\/v2\/types\/page"}],"author":[{"embeddable":true,"href":"https:\/\/www.electroluxprofessional.com\/fr-be\/wp-json\/wp\/v2\/users\/48"}],"replies":[{"embeddable":true,"href":"https:\/\/www.electroluxprofessional.com\/fr-be\/wp-json\/wp\/v2\/comments?post=9979"}],"version-history":[{"count":12,"href":"https:\/\/www.electroluxprofessional.com\/fr-be\/wp-json\/wp\/v2\/pages\/9979\/revisions"}],"predecessor-version":[{"id":14108,"href":"https:\/\/www.electroluxprofessional.com\/fr-be\/wp-json\/wp\/v2\/pages\/9979\/revisions\/14108"}],"up":[{"embeddable":true,"href":"https:\/\/www.electroluxprofessional.com\/fr-be\/wp-json\/wp\/v2\/pages\/2648"}],"wp:featuredmedia":[{"embeddable":true,"href":"https:\/\/www.electroluxprofessional.com\/fr-be\/wp-json\/wp\/v2\/media\/9965"}],"wp:attachment":[{"href":"https:\/\/www.electroluxprofessional.com\/fr-be\/wp-json\/wp\/v2\/media?parent=9979"}],"curies":[{"name":"wp","href":"https:\/\/api.w.org\/{rel}","templated":true}]}}