{"id":9308,"date":"2016-06-09T08:43:20","date_gmt":"2016-06-09T08:43:20","guid":{"rendered":"https:\/\/www.electroluxprofessional.com\/?page_id=2065"},"modified":"2023-10-18T09:42:27","modified_gmt":"2023-10-18T09:42:27","slug":"cuisine-2","status":"publish","type":"page","link":"https:\/\/www.electroluxprofessional.com\/fr-be\/cuisine-2\/","title":{"rendered":"Cuisine"},"content":{"rendered":"<p>[vc_row][vc_column][elx_heading font_container=&#8221;h1&#8243; font_size=&#8221;h3&#8243; text_color=&#8221;inherit&#8221;]Solutions pour cuisines professionnelles[\/elx_heading][vc_column_text]<\/p>\n<div class=\"content-area\">\n<div class=\"wpb_text_column wpb_content_element \">\n<div class=\"\">\n<p>D\u00e9couvrez notre gamme de solutions de cuisine, con\u00e7ue pour r\u00e9pondre aux demandes des chefs professionnels et op\u00e9rateurs de cuisine.<\/p>\n<\/div>\n<\/div>\n<\/div>\n<p>[\/vc_column_text][vc_empty_space height=&#8221;80px&#8221;][\/vc_column][\/vc_row][vc_row][vc_column width=&#8221;1\/4&#8243;][elx_navigation_branch image=&#8221;269&#8243; menu_list=&#8221;7915&#8243;][\/vc_column][vc_column width=&#8221;1\/4&#8243;][elx_navigation_branch image=&#8221;687&#8243; menu_list=&#8221;7926&#8243;][\/vc_column][vc_column width=&#8221;1\/4&#8243;][elx_navigation_branch image=&#8221;12154&#8243; menu_list=&#8221;7938&#8243;][\/vc_column][vc_column width=&#8221;1\/4&#8243;][elx_navigation_branch image=&#8221;271&#8243; menu_list=&#8221;7912&#8243;][\/vc_column][\/vc_row][vc_row][vc_column][vc_empty_space height=&#8221;80px&#8221;][\/vc_column][\/vc_row][vc_row][vc_column width=&#8221;1\/4&#8243;][elx_navigation_branch image=&#8221;9302&#8243; menu_list=&#8221;7935&#8243;][\/vc_column][vc_column width=&#8221;1\/4&#8243;][\/vc_column][vc_column width=&#8221;1\/4&#8243;][\/vc_column][vc_column width=&#8221;1\/4&#8243;][\/vc_column][\/vc_row][vc_row][vc_column][vc_empty_space height=&#8221;70px&#8221;][\/vc_column][\/vc_row][vc_row][vc_column][vc_empty_space][\/vc_column][\/vc_row][vc_row full_width=&#8221;electroluxpro-full-width-no-padding&#8221;][vc_column width=&#8221;2\/4&#8243;][vc_single_image image=&#8221;9303&#8243; img_size=&#8221;1000&#215;500&#8243; onclick=&#8221;custom_link&#8221; link=&#8221;https:\/\/www.electroluxprofessional.com\/fr-be\/cuisine-2\/speedelight\/&#8221;][vc_column_text css=&#8221;.vc_custom_1605793431742{margin-top: -50px !important;}&#8221;]<\/p>\n<div style=\"width: 100%; height: 50px; padding-top: 10px; background-color: white; opacity: 0.73; filter: alpha(opacity=73);\">\n<p style=\"text-align: center;\"><a href=\"https:\/\/www.electroluxprofessional.com\/fr-be\/cuisine-2\/speedelight\/\"><strong>Un go\u00fbt incroyable \u00e0 une vitesse incomparable<\/strong><\/a><\/p>\n<\/div>\n<p>[\/vc_column_text][\/vc_column][vc_column width=&#8221;1\/4&#8243;][vc_single_image image=&#8221;9304&#8243; img_size=&#8221;full&#8221; onclick=&#8221;custom_link&#8221; link=&#8221;https:\/\/www.electroluxprofessional.com\/fr-be\/cuisine-2\/laveuses-avancement-automatique\/&#8221;][vc_column_text css=&#8221;.vc_custom_1605793366439{margin-top: -50px !important;background-color: rgba(255,255,255,0.73) !important;*background-color: rgb(255,255,255) !important;}&#8221;]<\/p>\n<div style=\"width: 100%; height: 50px; padding-top: 10px; background-color: white; opacity: 0.73; filter: alpha(opacity=73);\">\n<p style=\"text-align: center;\"><strong><a href=\"https:\/\/www.electroluxprofessional.com\/fr-be\/cuisine-2\/laveuses-avancement-automatique\/\">Un verre d&#8217;eau pour avoir l&#8217;esprit tranquille<\/a><\/strong><\/p>\n<\/div>\n<p>[\/vc_column_text][\/vc_column][vc_column width=&#8221;1\/4&#8243;][vc_single_image image=&#8221;9305&#8243; img_size=&#8221;full&#8221; onclick=&#8221;custom_link&#8221; link=&#8221;https:\/\/www.electroluxprofessional.com\/fr-be\/cuisine-2\/friteuses-hp\/&#8221;][vc_column_text css=&#8221;.vc_custom_1605793383681{margin-top: -50px !important;background-color: rgba(255,255,255,0.73) !important;*background-color: rgb(255,255,255) !important;}&#8221;]<\/p>\n<div style=\"width: 100%; height: 50px; padding-top: 10px; background-color: white; opacity: 0.73; filter: alpha(opacity=73);\">\n<p style=\"text-align: center;\"><a href=\"https:\/\/www.electroluxprofessional.com\/fr-be\/cuisine-2\/friteuses-hp\/\"><strong>Rapide, simple, croustillant<\/strong><\/a><\/p>\n<\/div>\n<p>[\/vc_column_text][\/vc_column][\/vc_row][vc_row][vc_column][vc_empty_space height=&#8221;50px&#8221;][elx_heading font_size=&#8221;h3&#8243; text_color=&#8221;inherit&#8221;]Contactez-nous pour en savoir plus sur les solutions pour cuisines professionnelles[\/elx_heading][elx_o2000_contact_us s=&#8221;Demande d&#8217;informations sur les solutions pour cuisines professionnelles&#8221; country=&#8221;Belgium&#8221; b=&#8221;food&#8221; postion_button=&#8221;text-left&#8221; postion_button_mobile=&#8221;text-left-mobile&#8221; r=&#8221;Je souhaite avoir plus d&#8217;informations sur les solutions pour cuisines professionnelles&#8221;][vc_empty_space][\/vc_column][\/vc_row][vc_row css=&#8221;.vc_custom_1541589352512{background-color: #eeeeee !important;}&#8221;][vc_column][elx_heading font_size=&#8221;h3&#8243; text_color=&#8221;inherit&#8221; text_align=&#8221;text-left&#8221;]Trouver votre solution compl\u00e8te[\/elx_heading][\/vc_column][\/vc_row][vc_row css=&#8221;.vc_custom_1541589364772{background-color: #eeeeee !important;}&#8221;][vc_column width=&#8221;1\/4&#8243;][elx_maylike_box id_box=&#8221;3183&#8243; hide_text=&#8221;self&#8221;][\/vc_column][vc_column width=&#8221;1\/4&#8243;][elx_maylike_box id_box=&#8221;3209&#8243; hide_text=&#8221;self&#8221;][\/vc_column][vc_column width=&#8221;1\/4&#8243;][elx_maylike_box id_box=&#8221;2761&#8243; hide_text=&#8221;self&#8221;][\/vc_column][vc_column width=&#8221;1\/4&#8243;][elx_maylike_box id_box=&#8221;3236&#8243; hide_text=&#8221;self&#8221;][\/vc_column][\/vc_row][vc_row css=&#8221;.vc_custom_1542968041480{background-color: #eeeeee !important;}&#8221;][vc_column][vc_empty_space][\/vc_column][\/vc_row]<\/p>\n","protected":false},"excerpt":{"rendered":"<p>[vc_row][vc_column][elx_heading font_container=&#8221;h1&#8243; font_size=&#8221;h3&#8243; text_color=&#8221;inherit&#8221;]Solutions pour cuisines professionnelles[\/elx_heading][vc_column_text] D\u00e9couvrez notre gamme de solutions de cuisine, con\u00e7ue pour r\u00e9pondre aux demandes des chefs professionnels et op\u00e9rateurs de cuisine. [\/vc_column_text][vc_empty_space height=&#8221;80px&#8221;][\/vc_column][\/vc_row][vc_row][vc_column width=&#8221;1\/4&#8243;][elx_navigation_branch image=&#8221;269&#8243; menu_list=&#8221;7915&#8243;][\/vc_column][vc_column width=&#8221;1\/4&#8243;][elx_navigation_branch image=&#8221;687&#8243; menu_list=&#8221;7926&#8243;][\/vc_column][vc_column width=&#8221;1\/4&#8243;][elx_navigation_branch image=&#8221;12154&#8243; menu_list=&#8221;7938&#8243;][\/vc_column][vc_column width=&#8221;1\/4&#8243;][elx_navigation_branch image=&#8221;271&#8243; menu_list=&#8221;7912&#8243;][\/vc_column][\/vc_row][vc_row][vc_column][vc_empty_space height=&#8221;80px&#8221;][\/vc_column][\/vc_row][vc_row][vc_column width=&#8221;1\/4&#8243;][elx_navigation_branch image=&#8221;9302&#8243; menu_list=&#8221;7935&#8243;][\/vc_column][vc_column width=&#8221;1\/4&#8243;][\/vc_column][vc_column width=&#8221;1\/4&#8243;][\/vc_column][vc_column width=&#8221;1\/4&#8243;][\/vc_column][\/vc_row][vc_row][vc_column][vc_empty_space height=&#8221;70px&#8221;][\/vc_column][\/vc_row][vc_row][vc_column][vc_empty_space][\/vc_column][\/vc_row][vc_row full_width=&#8221;electroluxpro-full-width-no-padding&#8221;][vc_column width=&#8221;2\/4&#8243;][vc_single_image image=&#8221;9303&#8243; img_size=&#8221;1000&#215;500&#8243; onclick=&#8221;custom_link&#8221; link=&#8221;https:\/\/www.electroluxprofessional.com\/fr-be\/cuisine-2\/speedelight\/&#8221;][vc_column_text css=&#8221;.vc_custom_1605793431742{margin-top: [&hellip;]<\/p>\n","protected":false},"author":38,"featured_media":866,"parent":0,"menu_order":0,"comment_status":"closed","ping_status":"closed","template":"","meta":{"footnotes":""},"class_list":["post-9308","page","type-page","status-publish","has-post-thumbnail","hentry"],"acf":[],"yoast_head":"<!-- This site is optimized with the Yoast SEO plugin v23.3 - https:\/\/yoast.com\/wordpress\/plugins\/seo\/ -->\n<title>Solutions pour cuisines professionnelles - Electrolux Professional Benelux<\/title>\n<meta name=\"description\" content=\"D\u00e9couvrez nos solutions pour cuisines professionnelles, \u00e9labor\u00e9es pour faciliter le travail des cuisiniers et leur \u00e9quipe, tout en respectant l&#039;\u00e9cologie.\" \/>\n<meta name=\"robots\" content=\"index, follow, max-snippet:-1, max-image-preview:large, max-video-preview:-1\" \/>\n<link rel=\"canonical\" href=\"https:\/\/www.electroluxprofessional.com\/fr-be\/cuisine-2\/\" \/>\n<meta property=\"og:locale\" content=\"fr_FR\" \/>\n<meta property=\"og:type\" content=\"article\" \/>\n<meta property=\"og:title\" content=\"Solutions pour cuisines professionnelles - Electrolux Professional Benelux\" \/>\n<meta property=\"og:description\" content=\"D\u00e9couvrez nos solutions pour cuisines professionnelles, \u00e9labor\u00e9es pour faciliter le travail des cuisiniers et leur \u00e9quipe, tout en respectant l&#039;\u00e9cologie.\" \/>\n<meta property=\"og:url\" content=\"https:\/\/www.electroluxprofessional.com\/fr-be\/cuisine-2\/\" \/>\n<meta property=\"og:site_name\" content=\"Electrolux Professional Belgique\" \/>\n<meta property=\"article:modified_time\" content=\"2023-10-18T09:42:27+00:00\" \/>\n<meta property=\"og:image\" content=\"https:\/\/www.electroluxprofessional.com\/fr-be\/wp-content\/uploads\/2016\/11\/AperturaSelfService-3.jpg\" \/>\n\t<meta property=\"og:image:width\" content=\"504\" \/>\n\t<meta property=\"og:image:height\" content=\"731\" \/>\n\t<meta property=\"og:image:type\" content=\"image\/jpeg\" \/>\n<meta name=\"twitter:card\" content=\"summary_large_image\" \/>\n<meta name=\"twitter:label1\" content=\"Dur\u00e9e de lecture est.\" \/>\n\t<meta name=\"twitter:data1\" content=\"1 minute\" \/>\n<script type=\"application\/ld+json\" class=\"yoast-schema-graph\">{\"@context\":\"https:\/\/schema.org\",\"@graph\":[{\"@type\":\"WebPage\",\"@id\":\"https:\/\/www.electroluxprofessional.com\/fr-be\/cuisine-2\/\",\"url\":\"https:\/\/www.electroluxprofessional.com\/fr-be\/cuisine-2\/\",\"name\":\"Solutions pour cuisines professionnelles - Electrolux Professional Benelux\",\"isPartOf\":{\"@id\":\"https:\/\/www.electroluxprofessional.com\/fr-be\/#website\"},\"primaryImageOfPage\":{\"@id\":\"https:\/\/www.electroluxprofessional.com\/fr-be\/cuisine-2\/#primaryimage\"},\"image\":{\"@id\":\"https:\/\/www.electroluxprofessional.com\/fr-be\/cuisine-2\/#primaryimage\"},\"thumbnailUrl\":\"https:\/\/www.electroluxprofessional.com\/fr-be\/wp-content\/uploads\/2016\/11\/AperturaSelfService-3.jpg\",\"datePublished\":\"2016-06-09T08:43:20+00:00\",\"dateModified\":\"2023-10-18T09:42:27+00:00\",\"description\":\"D\u00e9couvrez nos solutions pour cuisines professionnelles, \u00e9labor\u00e9es pour faciliter le travail des cuisiniers et leur \u00e9quipe, tout en respectant l'\u00e9cologie.\",\"breadcrumb\":{\"@id\":\"https:\/\/www.electroluxprofessional.com\/fr-be\/cuisine-2\/#breadcrumb\"},\"inLanguage\":\"fr-BE\",\"potentialAction\":[{\"@type\":\"ReadAction\",\"target\":[\"https:\/\/www.electroluxprofessional.com\/fr-be\/cuisine-2\/\"]}]},{\"@type\":\"ImageObject\",\"inLanguage\":\"fr-BE\",\"@id\":\"https:\/\/www.electroluxprofessional.com\/fr-be\/cuisine-2\/#primaryimage\",\"url\":\"https:\/\/www.electroluxprofessional.com\/fr-be\/wp-content\/uploads\/2016\/11\/AperturaSelfService-3.jpg\",\"contentUrl\":\"https:\/\/www.electroluxprofessional.com\/fr-be\/wp-content\/uploads\/2016\/11\/AperturaSelfService-3.jpg\",\"width\":504,\"height\":731,\"caption\":\"industrial food service applieances\"},{\"@type\":\"BreadcrumbList\",\"@id\":\"https:\/\/www.electroluxprofessional.com\/fr-be\/cuisine-2\/#breadcrumb\",\"itemListElement\":[{\"@type\":\"ListItem\",\"position\":1,\"name\":\"Home\",\"item\":\"https:\/\/www.electroluxprofessional.com\/fr-be\/\"},{\"@type\":\"ListItem\",\"position\":2,\"name\":\"Cuisine\"}]},{\"@type\":\"WebSite\",\"@id\":\"https:\/\/www.electroluxprofessional.com\/fr-be\/#website\",\"url\":\"https:\/\/www.electroluxprofessional.com\/fr-be\/\",\"name\":\"Electrolux Professional Belgique\",\"description\":\"Electrolux Professional est le leader mondial en mati\u00e8re d&#039;\u00e9quipements de cuisines et de blanchisseries professionnelles.\",\"potentialAction\":[{\"@type\":\"SearchAction\",\"target\":{\"@type\":\"EntryPoint\",\"urlTemplate\":\"https:\/\/www.electroluxprofessional.com\/fr-be\/?src={search_term_string}\"},\"query-input\":\"required name=search_term_string\"}],\"inLanguage\":\"fr-BE\"}]}<\/script>\n<!-- \/ Yoast SEO plugin. -->","yoast_head_json":{"title":"Solutions pour cuisines professionnelles - Electrolux Professional Benelux","description":"D\u00e9couvrez nos solutions pour cuisines professionnelles, \u00e9labor\u00e9es pour faciliter le travail des cuisiniers et leur \u00e9quipe, tout en respectant l'\u00e9cologie.","robots":{"index":"index","follow":"follow","max-snippet":"max-snippet:-1","max-image-preview":"max-image-preview:large","max-video-preview":"max-video-preview:-1"},"canonical":"https:\/\/www.electroluxprofessional.com\/fr-be\/cuisine-2\/","og_locale":"fr_FR","og_type":"article","og_title":"Solutions pour cuisines professionnelles - Electrolux Professional Benelux","og_description":"D\u00e9couvrez nos solutions pour cuisines professionnelles, \u00e9labor\u00e9es pour faciliter le travail des cuisiniers et leur \u00e9quipe, tout en respectant l'\u00e9cologie.","og_url":"https:\/\/www.electroluxprofessional.com\/fr-be\/cuisine-2\/","og_site_name":"Electrolux Professional Belgique","article_modified_time":"2023-10-18T09:42:27+00:00","og_image":[{"width":504,"height":731,"url":"https:\/\/www.electroluxprofessional.com\/fr-be\/wp-content\/uploads\/2016\/11\/AperturaSelfService-3.jpg","type":"image\/jpeg"}],"twitter_card":"summary_large_image","twitter_misc":{"Dur\u00e9e de lecture est.":"1 minute"},"schema":{"@context":"https:\/\/schema.org","@graph":[{"@type":"WebPage","@id":"https:\/\/www.electroluxprofessional.com\/fr-be\/cuisine-2\/","url":"https:\/\/www.electroluxprofessional.com\/fr-be\/cuisine-2\/","name":"Solutions pour cuisines professionnelles - Electrolux Professional Benelux","isPartOf":{"@id":"https:\/\/www.electroluxprofessional.com\/fr-be\/#website"},"primaryImageOfPage":{"@id":"https:\/\/www.electroluxprofessional.com\/fr-be\/cuisine-2\/#primaryimage"},"image":{"@id":"https:\/\/www.electroluxprofessional.com\/fr-be\/cuisine-2\/#primaryimage"},"thumbnailUrl":"https:\/\/www.electroluxprofessional.com\/fr-be\/wp-content\/uploads\/2016\/11\/AperturaSelfService-3.jpg","datePublished":"2016-06-09T08:43:20+00:00","dateModified":"2023-10-18T09:42:27+00:00","description":"D\u00e9couvrez nos solutions pour cuisines professionnelles, \u00e9labor\u00e9es pour faciliter le travail des cuisiniers et leur \u00e9quipe, tout en respectant l'\u00e9cologie.","breadcrumb":{"@id":"https:\/\/www.electroluxprofessional.com\/fr-be\/cuisine-2\/#breadcrumb"},"inLanguage":"fr-BE","potentialAction":[{"@type":"ReadAction","target":["https:\/\/www.electroluxprofessional.com\/fr-be\/cuisine-2\/"]}]},{"@type":"ImageObject","inLanguage":"fr-BE","@id":"https:\/\/www.electroluxprofessional.com\/fr-be\/cuisine-2\/#primaryimage","url":"https:\/\/www.electroluxprofessional.com\/fr-be\/wp-content\/uploads\/2016\/11\/AperturaSelfService-3.jpg","contentUrl":"https:\/\/www.electroluxprofessional.com\/fr-be\/wp-content\/uploads\/2016\/11\/AperturaSelfService-3.jpg","width":504,"height":731,"caption":"industrial food service applieances"},{"@type":"BreadcrumbList","@id":"https:\/\/www.electroluxprofessional.com\/fr-be\/cuisine-2\/#breadcrumb","itemListElement":[{"@type":"ListItem","position":1,"name":"Home","item":"https:\/\/www.electroluxprofessional.com\/fr-be\/"},{"@type":"ListItem","position":2,"name":"Cuisine"}]},{"@type":"WebSite","@id":"https:\/\/www.electroluxprofessional.com\/fr-be\/#website","url":"https:\/\/www.electroluxprofessional.com\/fr-be\/","name":"Electrolux Professional Belgique","description":"Electrolux Professional est le leader mondial en mati\u00e8re d&#039;\u00e9quipements de cuisines et de blanchisseries professionnelles.","potentialAction":[{"@type":"SearchAction","target":{"@type":"EntryPoint","urlTemplate":"https:\/\/www.electroluxprofessional.com\/fr-be\/?src={search_term_string}"},"query-input":"required name=search_term_string"}],"inLanguage":"fr-BE"}]}},"_links":{"self":[{"href":"https:\/\/www.electroluxprofessional.com\/fr-be\/wp-json\/wp\/v2\/pages\/9308"}],"collection":[{"href":"https:\/\/www.electroluxprofessional.com\/fr-be\/wp-json\/wp\/v2\/pages"}],"about":[{"href":"https:\/\/www.electroluxprofessional.com\/fr-be\/wp-json\/wp\/v2\/types\/page"}],"author":[{"embeddable":true,"href":"https:\/\/www.electroluxprofessional.com\/fr-be\/wp-json\/wp\/v2\/users\/38"}],"replies":[{"embeddable":true,"href":"https:\/\/www.electroluxprofessional.com\/fr-be\/wp-json\/wp\/v2\/comments?post=9308"}],"version-history":[{"count":13,"href":"https:\/\/www.electroluxprofessional.com\/fr-be\/wp-json\/wp\/v2\/pages\/9308\/revisions"}],"predecessor-version":[{"id":12537,"href":"https:\/\/www.electroluxprofessional.com\/fr-be\/wp-json\/wp\/v2\/pages\/9308\/revisions\/12537"}],"wp:featuredmedia":[{"embeddable":true,"href":"https:\/\/www.electroluxprofessional.com\/fr-be\/wp-json\/wp\/v2\/media\/866"}],"wp:attachment":[{"href":"https:\/\/www.electroluxprofessional.com\/fr-be\/wp-json\/wp\/v2\/media?parent=9308"}],"curies":[{"name":"wp","href":"https:\/\/api.w.org\/{rel}","templated":true}]}}