{"id":9176,"date":"2020-07-21T11:12:12","date_gmt":"2020-07-21T09:12:12","guid":{"rendered":"https:\/\/www.electroluxprofessional.com\/?page_id=30895"},"modified":"2024-04-29T15:05:47","modified_gmt":"2024-04-29T15:05:47","slug":"cabine-de-finition-contre-les-virus","status":"publish","type":"page","link":"https:\/\/www.electroluxprofessional.com\/fr-be\/blanchisserie\/cabine-de-finition-contre-les-virus\/","title":{"rendered":"Cabines de finition Serenity &#8211; Le moyen unique pour des achats en toute s\u00e9curit\u00e9"},"content":{"rendered":"<p>[vc_row full_width=&#8221;electroluxpro-full-width-no-padding&#8221;][vc_column][vc_single_image image=&#8221;9163&#8243; img_size=&#8221;full&#8221; alignment=&#8221;center&#8221;][\/vc_column][\/vc_row][vc_row][vc_column][vc_empty_space][elx_heading font_container=&#8221;h1&#8243; text_color=&#8221;inherit&#8221;]Une lutte sans faille contre les particules invisibles[\/elx_heading][vc_column_text]Ces derniers mois, nous avons \u00e9t\u00e9 confront\u00e9s \u00e0 un d\u00e9fi sans pr\u00e9c\u00e9dent en raison de la situation sanitaire mondiale. Aujourd&#8217;hui, notre priorit\u00e9 est de pr\u00e9server votre bien-\u00eatre, celui de vos clients et de votre personnel.[\/vc_column_text][vc_empty_space][\/vc_column][\/vc_row][vc_row][vc_column width=&#8221;1\/2&#8243;][vc_empty_space height=&#8221;40px&#8221;][vc_single_image image=&#8221;9164&#8243; img_size=&#8221;full&#8221; alignment=&#8221;center&#8221;][\/vc_column][vc_column width=&#8221;1\/2&#8243;][elx_heading font_size=&#8221;h1&#8243; text_color=&#8221;inherit&#8221;]Ne vous en souciez plus ! [\/elx_heading][elx_heading text_color=&#8221;inherit&#8221;]D\u00e9sinfectez jusqu&#8217;\u00e0 30 articles en moins de 10 minutes avec un cycle enti\u00e8rement automatique qui combine vapeur haute pression, temp\u00e9rature et flux d&#8217;air puissant.[\/elx_heading][vc_column_text]Avec les cabines de finition Serenity, vous pouvez compter sur une solution efficace qui r\u00e9duit l&#8217;infectivit\u00e9 virale du SARS-CoV-2 de 6 log en quelques minutes. Vos clients sont rassur\u00e9s et peuvent essayer tous les v\u00eatements qu&#8217;ils souhaitent.[\/vc_column_text][vc_empty_space height=&#8221;40px&#8221;][vc_column_text]Une r\u00e9duction log 6 \u00e9quivaut \u00e0 une r\u00e9duction de 99 9999% de l&#8217;infectivit\u00e9 virale. L&#8217;efficacit\u00e9 de la r\u00e9duction de l&#8217;infectiosit\u00e9 virale du SRAS-CoV-2 sur les textiles avec la cabine de finition Serenity est confirm\u00e9e par RISE (Research Institute of Sweden) sur la base des donn\u00e9es du laboratoire Electrolux Professional.[\/vc_column_text][vc_empty_space height=&#8221;40px&#8221;][\/vc_column][\/vc_row][vc_row][vc_column][vc_empty_space][elx_heading font_size=&#8221;h1&#8243; text_color=&#8221;inherit&#8221; text_align=&#8221;text-center&#8221;]Essayez en toute tranquillit\u00e9 ![\/elx_heading][vc_empty_space][\/vc_column][\/vc_row][vc_row equal_height=&#8221;yes&#8221; content_placement=&#8221;middle&#8221;][vc_column width=&#8221;1\/2&#8243;][vc_single_image image=&#8221;9165&#8243; img_size=&#8221;full&#8221; alignment=&#8221;center&#8221;][vc_empty_space][vc_column_text]Montrez \u00e0 vos clients \u00e0 quel point <strong>leur sant\u00e9 et leur s\u00e9curit\u00e9<\/strong> sont au centre de vos pr\u00e9occupations. Gr\u00e2ce \u00e0 un <strong>autocollant pour fen\u00eatre<\/strong>, vous d\u00e9montrez que vos textiles sont d\u00e9sinfect\u00e9s.[\/vc_column_text][vc_empty_space][\/vc_column][vc_column width=&#8221;1\/2&#8243;][vc_empty_space][vc_single_image image=&#8221;9166&#8243; img_size=&#8221;full&#8221; alignment=&#8221;center&#8221;][vc_empty_space][elx_download_block text=&#8221;T\u00e9l\u00e9charger le d\u00e9pliant&#8221; document_type=&#8221;leaflets&#8221; background_color=&#8221;electrolux-blue&#8221;][\/vc_column][\/vc_row][vc_row][vc_column][vc_empty_space][\/vc_column][\/vc_row][vc_row][vc_column css=&#8221;.vc_custom_1593014113282{background-color: #adceda !important;}&#8221;][vc_empty_space][elx_heading font_size=&#8221;h1&#8243; text_color=&#8221;white&#8221; text_align=&#8221;text-center&#8221;]Des \u00e9tapes simples en toute s\u00e9r\u00e9nit\u00e9 ![\/elx_heading][vc_empty_space][\/vc_column][\/vc_row][vc_row][vc_column width=&#8221;1\/3&#8243; css=&#8221;.vc_custom_1593014132332{background-color: #adceda !important;}&#8221;][vc_single_image image=&#8221;9167&#8243; img_size=&#8221;full&#8221; alignment=&#8221;center&#8221;][vc_empty_space][\/vc_column][vc_column width=&#8221;1\/3&#8243; css=&#8221;.vc_custom_1593014142848{background-color: #adceda !important;}&#8221;][vc_single_image image=&#8221;9161&#8243; img_size=&#8221;full&#8221; alignment=&#8221;center&#8221;][vc_empty_space][\/vc_column][vc_column width=&#8221;1\/3&#8243; css=&#8221;.vc_custom_1593014151647{background-color: #adceda !important;}&#8221;][vc_single_image image=&#8221;9168&#8243; img_size=&#8221;full&#8221; alignment=&#8221;center&#8221;][vc_empty_space][\/vc_column][\/vc_row][vc_row][vc_column css=&#8221;.vc_custom_1593014113282{background-color: #adceda !important;}&#8221;][elx_heading font_size=&#8221;h1&#8243; text_color=&#8221;white&#8221; text_align=&#8221;text-center&#8221;]Voir la vid\u00e9o[\/elx_heading][\/vc_column][\/vc_row][vc_row][vc_column css=&#8221;.vc_custom_1593014113282{background-color: #adceda !important;}&#8221;][vc_empty_space][elx_video_block background_image=&#8221;9162&#8243; minimum_height=&#8221;500px&#8221; video_link=&#8221;https:\/\/www.youtube.com\/watch?v=PCxXGazXIoU&#8221;][vc_empty_space][\/vc_column][\/vc_row][vc_row][vc_column width=&#8221;1\/3&#8243;][vc_empty_space][vc_single_image image=&#8221;9169&#8243; img_size=&#8221;full&#8221; alignment=&#8221;center&#8221;][\/vc_column][vc_column width=&#8221;2\/3&#8243;][vc_empty_space][elx_heading text_color=&#8221;inherit&#8221;]Caract\u00e9ristiques et avantages[\/elx_heading][vc_empty_space][vc_column_text]\u25ba Jusqu&#8217;\u00e0 30 articles d\u00e9sinfect\u00e9s par cycle<\/p>\n<p>\u25ba Cycles de 6 \u00e0 10 minutes<\/p>\n<p>\u25ba 130-140 \u00b0 C souffl\u00e9 \u00e0 la vapeur sur des v\u00eatements et maintenu en boucle ferm\u00e9e pendant 80% du cycle<\/p>\n<p>\u25ba Temp\u00e9rature de 70 \u00e0 85 \u00b0 C maintenue pendant tout le cycle<\/p>\n<p>\u25ba Chauffage \u00e9lectrique, triphas\u00e9<\/p>\n<p>\u25ba Processus enti\u00e8rement automatique r\u00e9gl\u00e9 en usine<\/p>\n<p>\u25ba Programmes sp\u00e9cifiques pour diff\u00e9rents textiles<\/p>\n<p>\u25ba Formation minimale requise<\/p>\n<p>\u25ba Communication pour vitrine incluse[\/vc_column_text][\/vc_column][\/vc_row][vc_row][vc_column][vc_empty_space][elx_heading text_color=&#8221;inherit&#8221;]Contactez-nous pour plus d&#8217;informations sur la cabine de finition Serenity[\/elx_heading][vc_empty_space][elx_o2000_contact_us r=&#8221;J&#8217;aimerais avoir plus d&#8217;infos sur les cabines de finition&#8221; s=&#8221;Demande d&#8217;infos&#8221; country=&#8221;Belgium&#8221; l=&#8221;fr-be&#8221;][\/vc_column][\/vc_row][vc_row][vc_column]<div class=\"product-list-item\"><div class=\"single-product-content\"><a href=\"https:\/\/www.electroluxprofessional.com\/fr-be\/pd\/mat\u00e9riel-de-finition\/cabine-de-finition\/cabine-de-finition\/FC48\/\" target=\"_blank\"><figure class=\"wow fadeIn\"><img decoding=\"async\" src=\"https:\/\/tools.electroluxprofessional.com\/Mirror\/Doc\/ELS%2FPH_255x255%2FFC48.jpg\" alt=\"FC48\"><\/figure><h3>FC48<\/h3><\/a><div class=\"product-description\">Cabine de finition, 6 minutes pour une charge compl\u00e8te<\/div><\/div><hr><div class=\"pre-actions\"><div class=\"reviews\"><\/div><\/div><div class=\"action\"><a href=\"https:\/\/www.electroluxprofessional.com\/fr-be\/pd\/mat\u00e9riel-de-finition\/cabine-de-finition\/cabine-de-finition\/FC48\/\" target=\"_blank\" class=\"btn btn-primary\">Plus d'informations<\/a><\/div><\/div>[\/vc_column][\/vc_row][vc_row matched_labels=&#8221;&#8221; css=&#8221;.vc_custom_1596624775841{background-color: #eeeeee !important;}&#8221;][vc_column][elx_heading text_color=&#8221;inherit&#8221;]Trouvez votre solution[\/elx_heading][vc_empty_space][\/vc_column][\/vc_row][vc_row matched_labels=&#8221;&#8221; css=&#8221;.vc_custom_1596624763114{background-color: #eeeeee !important;}&#8221;][vc_column width=&#8221;1\/3&#8243;][elx_maylike_box id_box=&#8221;9178&#8243; matched_labels=&#8221;&#8221;][\/vc_column][vc_column width=&#8221;1\/3&#8243;][elx_maylike_box id_box=&#8221;2865&#8243; matched_labels=&#8221;&#8221;][\/vc_column][vc_column width=&#8221;1\/3&#8243;][elx_maylike_box id_box=&#8221;2904&#8243; matched_labels=&#8221;&#8221;][\/vc_column][\/vc_row]<\/p>\n","protected":false},"excerpt":{"rendered":"<p>[vc_row full_width=&#8221;electroluxpro-full-width-no-padding&#8221;][vc_column][vc_single_image image=&#8221;9163&#8243; img_size=&#8221;full&#8221; alignment=&#8221;center&#8221;][\/vc_column][\/vc_row][vc_row][vc_column][vc_empty_space][elx_heading font_container=&#8221;h1&#8243; text_color=&#8221;inherit&#8221;]Une lutte sans faille contre les particules invisibles[\/elx_heading][vc_column_text]Ces derniers mois, nous avons \u00e9t\u00e9 confront\u00e9s \u00e0 un d\u00e9fi sans pr\u00e9c\u00e9dent en raison de la situation sanitaire mondiale. Aujourd&#8217;hui, notre priorit\u00e9 est de pr\u00e9server votre bien-\u00eatre, celui de vos clients et de votre personnel.[\/vc_column_text][vc_empty_space][\/vc_column][\/vc_row][vc_row][vc_column width=&#8221;1\/2&#8243;][vc_empty_space height=&#8221;40px&#8221;][vc_single_image image=&#8221;9164&#8243; img_size=&#8221;full&#8221; alignment=&#8221;center&#8221;][\/vc_column][vc_column width=&#8221;1\/2&#8243;][elx_heading font_size=&#8221;h1&#8243; [&hellip;]<\/p>\n","protected":false},"author":38,"featured_media":9161,"parent":2648,"menu_order":0,"comment_status":"closed","ping_status":"closed","template":"","meta":{"footnotes":""},"class_list":["post-9176","page","type-page","status-publish","has-post-thumbnail","hentry"],"acf":[],"yoast_head":"<!-- This site is optimized with the Yoast SEO plugin v23.3 - https:\/\/yoast.com\/wordpress\/plugins\/seo\/ -->\n<title>Cabines de finition Serenity - Le moyen unique pour des achats en toute s\u00e9curit\u00e9 - Electrolux Professional Belgique<\/title>\n<meta name=\"description\" content=\"Rassurez vos clients en traitant vos pi\u00e8ces contre les virus gr\u00e2ce \u00e0 nos Cabines de finition Serenity. Pour des essayages en toute tranquillit\u00e9.\" \/>\n<meta name=\"robots\" content=\"index, follow, max-snippet:-1, max-image-preview:large, max-video-preview:-1\" \/>\n<link rel=\"canonical\" href=\"https:\/\/www.electroluxprofessional.com\/fr-be\/blanchisserie\/cabine-de-finition-contre-les-virus\/\" \/>\n<meta property=\"og:locale\" content=\"fr_FR\" \/>\n<meta property=\"og:type\" content=\"article\" \/>\n<meta property=\"og:title\" content=\"Cabines de finition Serenity - Le moyen unique pour des achats en toute s\u00e9curit\u00e9 - Electrolux Professional Belgique\" \/>\n<meta property=\"og:description\" content=\"Rassurez vos clients en traitant vos pi\u00e8ces contre les virus gr\u00e2ce \u00e0 nos Cabines de finition Serenity. Pour des essayages en toute tranquillit\u00e9.\" \/>\n<meta property=\"og:url\" content=\"https:\/\/www.electroluxprofessional.com\/fr-be\/blanchisserie\/cabine-de-finition-contre-les-virus\/\" \/>\n<meta property=\"og:site_name\" content=\"Electrolux Professional Belgique\" \/>\n<meta property=\"article:modified_time\" content=\"2024-04-29T15:05:47+00:00\" \/>\n<meta property=\"og:image\" content=\"https:\/\/www.electroluxprofessional.com\/fr-be\/wp-content\/uploads\/2020\/06\/serenity-cabinets-step2.jpg\" \/>\n\t<meta property=\"og:image:width\" content=\"500\" \/>\n\t<meta property=\"og:image:height\" content=\"500\" \/>\n\t<meta property=\"og:image:type\" content=\"image\/jpeg\" \/>\n<meta name=\"twitter:card\" content=\"summary_large_image\" \/>\n<meta name=\"twitter:label1\" content=\"Dur\u00e9e de lecture est.\" \/>\n\t<meta name=\"twitter:data1\" content=\"4 minutes\" \/>\n<script type=\"application\/ld+json\" class=\"yoast-schema-graph\">{\"@context\":\"https:\/\/schema.org\",\"@graph\":[{\"@type\":\"WebPage\",\"@id\":\"https:\/\/www.electroluxprofessional.com\/fr-be\/blanchisserie\/cabine-de-finition-contre-les-virus\/\",\"url\":\"https:\/\/www.electroluxprofessional.com\/fr-be\/blanchisserie\/cabine-de-finition-contre-les-virus\/\",\"name\":\"Cabines de finition Serenity - Le moyen unique pour des achats en toute s\u00e9curit\u00e9 - Electrolux Professional Belgique\",\"isPartOf\":{\"@id\":\"https:\/\/www.electroluxprofessional.com\/fr-be\/#website\"},\"primaryImageOfPage\":{\"@id\":\"https:\/\/www.electroluxprofessional.com\/fr-be\/blanchisserie\/cabine-de-finition-contre-les-virus\/#primaryimage\"},\"image\":{\"@id\":\"https:\/\/www.electroluxprofessional.com\/fr-be\/blanchisserie\/cabine-de-finition-contre-les-virus\/#primaryimage\"},\"thumbnailUrl\":\"https:\/\/www.electroluxprofessional.com\/fr-be\/wp-content\/uploads\/2020\/06\/serenity-cabinets-step2.jpg\",\"datePublished\":\"2020-07-21T09:12:12+00:00\",\"dateModified\":\"2024-04-29T15:05:47+00:00\",\"description\":\"Rassurez vos clients en traitant vos pi\u00e8ces contre les virus gr\u00e2ce \u00e0 nos Cabines de finition Serenity. Pour des essayages en toute tranquillit\u00e9.\",\"breadcrumb\":{\"@id\":\"https:\/\/www.electroluxprofessional.com\/fr-be\/blanchisserie\/cabine-de-finition-contre-les-virus\/#breadcrumb\"},\"inLanguage\":\"fr-BE\",\"potentialAction\":[{\"@type\":\"ReadAction\",\"target\":[\"https:\/\/www.electroluxprofessional.com\/fr-be\/blanchisserie\/cabine-de-finition-contre-les-virus\/\"]}]},{\"@type\":\"ImageObject\",\"inLanguage\":\"fr-BE\",\"@id\":\"https:\/\/www.electroluxprofessional.com\/fr-be\/blanchisserie\/cabine-de-finition-contre-les-virus\/#primaryimage\",\"url\":\"https:\/\/www.electroluxprofessional.com\/fr-be\/wp-content\/uploads\/2020\/06\/serenity-cabinets-step2.jpg\",\"contentUrl\":\"https:\/\/www.electroluxprofessional.com\/fr-be\/wp-content\/uploads\/2020\/06\/serenity-cabinets-step2.jpg\",\"width\":500,\"height\":500,\"caption\":\"serenity-cabinets-step2\"},{\"@type\":\"BreadcrumbList\",\"@id\":\"https:\/\/www.electroluxprofessional.com\/fr-be\/blanchisserie\/cabine-de-finition-contre-les-virus\/#breadcrumb\",\"itemListElement\":[{\"@type\":\"ListItem\",\"position\":1,\"name\":\"Home\",\"item\":\"https:\/\/www.electroluxprofessional.com\/fr-be\/\"},{\"@type\":\"ListItem\",\"position\":2,\"name\":\"Blanchisserie\",\"item\":\"https:\/\/www.electroluxprofessional.com\/fr-be\/blanchisserie\/\"},{\"@type\":\"ListItem\",\"position\":3,\"name\":\"Cabines de finition Serenity &#8211; Le moyen unique pour des achats en toute s\u00e9curit\u00e9\"}]},{\"@type\":\"WebSite\",\"@id\":\"https:\/\/www.electroluxprofessional.com\/fr-be\/#website\",\"url\":\"https:\/\/www.electroluxprofessional.com\/fr-be\/\",\"name\":\"Electrolux Professional Belgique\",\"description\":\"Electrolux Professional est le leader mondial en mati\u00e8re d&#039;\u00e9quipements de cuisines et de blanchisseries professionnelles.\",\"potentialAction\":[{\"@type\":\"SearchAction\",\"target\":{\"@type\":\"EntryPoint\",\"urlTemplate\":\"https:\/\/www.electroluxprofessional.com\/fr-be\/?src={search_term_string}\"},\"query-input\":\"required name=search_term_string\"}],\"inLanguage\":\"fr-BE\"}]}<\/script>\n<!-- \/ Yoast SEO plugin. -->","yoast_head_json":{"title":"Cabines de finition Serenity - Le moyen unique pour des achats en toute s\u00e9curit\u00e9 - Electrolux Professional Belgique","description":"Rassurez vos clients en traitant vos pi\u00e8ces contre les virus gr\u00e2ce \u00e0 nos Cabines de finition Serenity. Pour des essayages en toute tranquillit\u00e9.","robots":{"index":"index","follow":"follow","max-snippet":"max-snippet:-1","max-image-preview":"max-image-preview:large","max-video-preview":"max-video-preview:-1"},"canonical":"https:\/\/www.electroluxprofessional.com\/fr-be\/blanchisserie\/cabine-de-finition-contre-les-virus\/","og_locale":"fr_FR","og_type":"article","og_title":"Cabines de finition Serenity - Le moyen unique pour des achats en toute s\u00e9curit\u00e9 - Electrolux Professional Belgique","og_description":"Rassurez vos clients en traitant vos pi\u00e8ces contre les virus gr\u00e2ce \u00e0 nos Cabines de finition Serenity. Pour des essayages en toute tranquillit\u00e9.","og_url":"https:\/\/www.electroluxprofessional.com\/fr-be\/blanchisserie\/cabine-de-finition-contre-les-virus\/","og_site_name":"Electrolux Professional Belgique","article_modified_time":"2024-04-29T15:05:47+00:00","og_image":[{"width":500,"height":500,"url":"https:\/\/www.electroluxprofessional.com\/fr-be\/wp-content\/uploads\/2020\/06\/serenity-cabinets-step2.jpg","type":"image\/jpeg"}],"twitter_card":"summary_large_image","twitter_misc":{"Dur\u00e9e de lecture est.":"4 minutes"},"schema":{"@context":"https:\/\/schema.org","@graph":[{"@type":"WebPage","@id":"https:\/\/www.electroluxprofessional.com\/fr-be\/blanchisserie\/cabine-de-finition-contre-les-virus\/","url":"https:\/\/www.electroluxprofessional.com\/fr-be\/blanchisserie\/cabine-de-finition-contre-les-virus\/","name":"Cabines de finition Serenity - Le moyen unique pour des achats en toute s\u00e9curit\u00e9 - Electrolux Professional Belgique","isPartOf":{"@id":"https:\/\/www.electroluxprofessional.com\/fr-be\/#website"},"primaryImageOfPage":{"@id":"https:\/\/www.electroluxprofessional.com\/fr-be\/blanchisserie\/cabine-de-finition-contre-les-virus\/#primaryimage"},"image":{"@id":"https:\/\/www.electroluxprofessional.com\/fr-be\/blanchisserie\/cabine-de-finition-contre-les-virus\/#primaryimage"},"thumbnailUrl":"https:\/\/www.electroluxprofessional.com\/fr-be\/wp-content\/uploads\/2020\/06\/serenity-cabinets-step2.jpg","datePublished":"2020-07-21T09:12:12+00:00","dateModified":"2024-04-29T15:05:47+00:00","description":"Rassurez vos clients en traitant vos pi\u00e8ces contre les virus gr\u00e2ce \u00e0 nos Cabines de finition Serenity. Pour des essayages en toute tranquillit\u00e9.","breadcrumb":{"@id":"https:\/\/www.electroluxprofessional.com\/fr-be\/blanchisserie\/cabine-de-finition-contre-les-virus\/#breadcrumb"},"inLanguage":"fr-BE","potentialAction":[{"@type":"ReadAction","target":["https:\/\/www.electroluxprofessional.com\/fr-be\/blanchisserie\/cabine-de-finition-contre-les-virus\/"]}]},{"@type":"ImageObject","inLanguage":"fr-BE","@id":"https:\/\/www.electroluxprofessional.com\/fr-be\/blanchisserie\/cabine-de-finition-contre-les-virus\/#primaryimage","url":"https:\/\/www.electroluxprofessional.com\/fr-be\/wp-content\/uploads\/2020\/06\/serenity-cabinets-step2.jpg","contentUrl":"https:\/\/www.electroluxprofessional.com\/fr-be\/wp-content\/uploads\/2020\/06\/serenity-cabinets-step2.jpg","width":500,"height":500,"caption":"serenity-cabinets-step2"},{"@type":"BreadcrumbList","@id":"https:\/\/www.electroluxprofessional.com\/fr-be\/blanchisserie\/cabine-de-finition-contre-les-virus\/#breadcrumb","itemListElement":[{"@type":"ListItem","position":1,"name":"Home","item":"https:\/\/www.electroluxprofessional.com\/fr-be\/"},{"@type":"ListItem","position":2,"name":"Blanchisserie","item":"https:\/\/www.electroluxprofessional.com\/fr-be\/blanchisserie\/"},{"@type":"ListItem","position":3,"name":"Cabines de finition Serenity &#8211; Le moyen unique pour des achats en toute s\u00e9curit\u00e9"}]},{"@type":"WebSite","@id":"https:\/\/www.electroluxprofessional.com\/fr-be\/#website","url":"https:\/\/www.electroluxprofessional.com\/fr-be\/","name":"Electrolux Professional Belgique","description":"Electrolux Professional est le leader mondial en mati\u00e8re d&#039;\u00e9quipements de cuisines et de blanchisseries professionnelles.","potentialAction":[{"@type":"SearchAction","target":{"@type":"EntryPoint","urlTemplate":"https:\/\/www.electroluxprofessional.com\/fr-be\/?src={search_term_string}"},"query-input":"required name=search_term_string"}],"inLanguage":"fr-BE"}]}},"_links":{"self":[{"href":"https:\/\/www.electroluxprofessional.com\/fr-be\/wp-json\/wp\/v2\/pages\/9176"}],"collection":[{"href":"https:\/\/www.electroluxprofessional.com\/fr-be\/wp-json\/wp\/v2\/pages"}],"about":[{"href":"https:\/\/www.electroluxprofessional.com\/fr-be\/wp-json\/wp\/v2\/types\/page"}],"author":[{"embeddable":true,"href":"https:\/\/www.electroluxprofessional.com\/fr-be\/wp-json\/wp\/v2\/users\/38"}],"replies":[{"embeddable":true,"href":"https:\/\/www.electroluxprofessional.com\/fr-be\/wp-json\/wp\/v2\/comments?post=9176"}],"version-history":[{"count":2,"href":"https:\/\/www.electroluxprofessional.com\/fr-be\/wp-json\/wp\/v2\/pages\/9176\/revisions"}],"predecessor-version":[{"id":9181,"href":"https:\/\/www.electroluxprofessional.com\/fr-be\/wp-json\/wp\/v2\/pages\/9176\/revisions\/9181"}],"up":[{"embeddable":true,"href":"https:\/\/www.electroluxprofessional.com\/fr-be\/wp-json\/wp\/v2\/pages\/2648"}],"wp:featuredmedia":[{"embeddable":true,"href":"https:\/\/www.electroluxprofessional.com\/fr-be\/wp-json\/wp\/v2\/media\/9161"}],"wp:attachment":[{"href":"https:\/\/www.electroluxprofessional.com\/fr-be\/wp-json\/wp\/v2\/media?parent=9176"}],"curies":[{"name":"wp","href":"https:\/\/api.w.org\/{rel}","templated":true}]}}