{"id":8896,"date":"2020-03-28T17:19:04","date_gmt":"2020-03-28T17:19:04","guid":{"rendered":"https:\/\/www.electroluxprofessional.com\/?page_id=22125"},"modified":"2023-11-07T13:26:33","modified_gmt":"2023-11-07T13:26:33","slug":"boissons","status":"publish","type":"page","link":"https:\/\/www.electroluxprofessional.com\/fr-be\/boissons\/","title":{"rendered":"Solutions de boissons"},"content":{"rendered":"<p>[vc_row full_width=&#8221;electroluxpro-full-width-no-padding&#8221;][vc_column][vc_single_image image=&#8221;8892&#8243; img_size=&#8221;2000&#215;350&#8243; alignment=&#8221;center&#8221;][\/vc_column][\/vc_row][vc_row][vc_column][vc_empty_space][elx_heading font_container=&#8221;h1&#8243; font_size=&#8221;h3&#8243; text_color=&#8221;inherit&#8221; text_align=&#8221;text-left&#8221;]Solutions de boissons pour votre business[\/elx_heading][vc_column_text]Electrolux Professionnel pr\u00e9sente les nouvelles <strong>solutions de boissons<\/strong> cr\u00e9\u00e9es pour \u00e9largir votre offre de boissons tout en r\u00e9duisant les d\u00e9chets, en simplifiant l&#8217;utilisation et en d\u00e9passant les attentes de vos clients pour des boissons d\u00e9licieuses et de qualit\u00e9.[\/vc_column_text][vc_empty_space height=&#8221;80px&#8221;][\/vc_column][\/vc_row][vc_row][vc_column width=&#8221;1\/4&#8243;][elx_navigation_branch image=&#8221;8882&#8243; menu_list=&#8221;9123&#8243;][\/vc_column][vc_column width=&#8221;1\/4&#8243;][elx_navigation_branch image=&#8221;8885&#8243; menu_list=&#8221;9124&#8243;][\/vc_column][vc_column width=&#8221;1\/4&#8243;][elx_navigation_branch image=&#8221;8887&#8243; menu_list=&#8221;9116&#8243;][\/vc_column][vc_column width=&#8221;1\/4&#8243;][elx_navigation_branch title_link=&#8221;title-linkable&#8221; image=&#8221;12123&#8243; menu_list=&#8221;9121&#8243;][\/vc_column][\/vc_row][vc_row matched_labels=&#8221;&#8221; css=&#8221;.vc_custom_1699363411620{border-top-width: 1px !important;background-color: #ffffff !important;border-top-color: #eeeeee !important;}&#8221;][vc_column reveal_effect=&#8221;&#8221;][vc_empty_space height=&#8221;70px&#8221;][elx_heading font_size=&#8221;h3&#8243; text_color=&#8221;inherit&#8221; text_align=&#8221;text-left&#8221;]En savoir plus sur nos solutions de boissons[\/elx_heading][elx_o2000_contact_us s=&#8221;Demande d&#8217;informations : solutions de boissons&#8221; country=&#8221;France&#8221; r=&#8221;I&#8217;d like to find out more about your Beverage Solutions. Please get in touch with me. Thanks.&#8221; l=&#8221;fr&#8221; e=&#8221;professionnel@electrolux.com&#8221;][\/vc_column][\/vc_row]<\/p>\n","protected":false},"excerpt":{"rendered":"<p>[vc_row full_width=&#8221;electroluxpro-full-width-no-padding&#8221;][vc_column][vc_single_image image=&#8221;8892&#8243; img_size=&#8221;2000&#215;350&#8243; alignment=&#8221;center&#8221;][\/vc_column][\/vc_row][vc_row][vc_column][vc_empty_space][elx_heading font_container=&#8221;h1&#8243; font_size=&#8221;h3&#8243; text_color=&#8221;inherit&#8221; text_align=&#8221;text-left&#8221;]Solutions de boissons pour votre business[\/elx_heading][vc_column_text]Electrolux Professionnel pr\u00e9sente les nouvelles solutions de boissons cr\u00e9\u00e9es pour \u00e9largir votre offre de boissons tout en r\u00e9duisant les d\u00e9chets, en simplifiant l&#8217;utilisation et en d\u00e9passant les attentes de vos clients pour des boissons d\u00e9licieuses et de qualit\u00e9.[\/vc_column_text][vc_empty_space height=&#8221;80px&#8221;][\/vc_column][\/vc_row][vc_row][vc_column width=&#8221;1\/4&#8243;][elx_navigation_branch image=&#8221;8882&#8243; menu_list=&#8221;9123&#8243;][\/vc_column][vc_column [&hellip;]<\/p>\n","protected":false},"author":38,"featured_media":0,"parent":0,"menu_order":0,"comment_status":"closed","ping_status":"closed","template":"","meta":{"footnotes":""},"class_list":["post-8896","page","type-page","status-publish","hentry"],"acf":[],"yoast_head":"<!-- This site is optimized with the Yoast SEO plugin v23.3 - https:\/\/yoast.com\/wordpress\/plugins\/seo\/ -->\n<title>Solutions de boissons - Electrolux Professional Belgique<\/title>\n<meta name=\"description\" content=\"Les solutions pour la pr\u00e9parations de boissons chaudes, r\u00e9frig\u00e9r\u00e9es ou glac\u00e9es s&#039;adaptent parfaitement \u00e0 tout type d&#039;\u00e9tablissement. Offrez un large choix de boissons \u00e0 vos clients.\" \/>\n<meta name=\"robots\" content=\"index, follow, max-snippet:-1, max-image-preview:large, max-video-preview:-1\" \/>\n<link rel=\"canonical\" href=\"https:\/\/www.electroluxprofessional.com\/fr-be\/boissons\/\" \/>\n<meta property=\"og:locale\" content=\"fr_FR\" \/>\n<meta property=\"og:type\" content=\"article\" \/>\n<meta property=\"og:title\" content=\"Solutions de boissons - Electrolux Professional Belgique\" \/>\n<meta property=\"og:description\" content=\"Les solutions pour la pr\u00e9parations de boissons chaudes, r\u00e9frig\u00e9r\u00e9es ou glac\u00e9es s&#039;adaptent parfaitement \u00e0 tout type d&#039;\u00e9tablissement. Offrez un large choix de boissons \u00e0 vos clients.\" \/>\n<meta property=\"og:url\" content=\"https:\/\/www.electroluxprofessional.com\/fr-be\/boissons\/\" \/>\n<meta property=\"og:site_name\" content=\"Electrolux Professional Belgique\" \/>\n<meta property=\"article:modified_time\" content=\"2023-11-07T13:26:33+00:00\" \/>\n<meta name=\"twitter:card\" content=\"summary_large_image\" \/>\n<meta name=\"twitter:label1\" content=\"Dur\u00e9e de lecture est.\" \/>\n\t<meta name=\"twitter:data1\" content=\"1 minute\" \/>\n<script type=\"application\/ld+json\" class=\"yoast-schema-graph\">{\"@context\":\"https:\/\/schema.org\",\"@graph\":[{\"@type\":\"WebPage\",\"@id\":\"https:\/\/www.electroluxprofessional.com\/fr-be\/boissons\/\",\"url\":\"https:\/\/www.electroluxprofessional.com\/fr-be\/boissons\/\",\"name\":\"Solutions de boissons - Electrolux Professional Belgique\",\"isPartOf\":{\"@id\":\"https:\/\/www.electroluxprofessional.com\/fr-be\/#website\"},\"datePublished\":\"2020-03-28T17:19:04+00:00\",\"dateModified\":\"2023-11-07T13:26:33+00:00\",\"description\":\"Les solutions pour la pr\u00e9parations de boissons chaudes, r\u00e9frig\u00e9r\u00e9es ou glac\u00e9es s'adaptent parfaitement \u00e0 tout type d'\u00e9tablissement. Offrez un large choix de boissons \u00e0 vos clients.\",\"breadcrumb\":{\"@id\":\"https:\/\/www.electroluxprofessional.com\/fr-be\/boissons\/#breadcrumb\"},\"inLanguage\":\"fr-BE\",\"potentialAction\":[{\"@type\":\"ReadAction\",\"target\":[\"https:\/\/www.electroluxprofessional.com\/fr-be\/boissons\/\"]}]},{\"@type\":\"BreadcrumbList\",\"@id\":\"https:\/\/www.electroluxprofessional.com\/fr-be\/boissons\/#breadcrumb\",\"itemListElement\":[{\"@type\":\"ListItem\",\"position\":1,\"name\":\"Home\",\"item\":\"https:\/\/www.electroluxprofessional.com\/fr-be\/\"},{\"@type\":\"ListItem\",\"position\":2,\"name\":\"Solutions de boissons\"}]},{\"@type\":\"WebSite\",\"@id\":\"https:\/\/www.electroluxprofessional.com\/fr-be\/#website\",\"url\":\"https:\/\/www.electroluxprofessional.com\/fr-be\/\",\"name\":\"Electrolux Professional Belgique\",\"description\":\"Electrolux Professional est le leader mondial en mati\u00e8re d&#039;\u00e9quipements de cuisines et de blanchisseries professionnelles.\",\"potentialAction\":[{\"@type\":\"SearchAction\",\"target\":{\"@type\":\"EntryPoint\",\"urlTemplate\":\"https:\/\/www.electroluxprofessional.com\/fr-be\/?src={search_term_string}\"},\"query-input\":\"required name=search_term_string\"}],\"inLanguage\":\"fr-BE\"}]}<\/script>\n<!-- \/ Yoast SEO plugin. -->","yoast_head_json":{"title":"Solutions de boissons - Electrolux Professional Belgique","description":"Les solutions pour la pr\u00e9parations de boissons chaudes, r\u00e9frig\u00e9r\u00e9es ou glac\u00e9es s'adaptent parfaitement \u00e0 tout type d'\u00e9tablissement. Offrez un large choix de boissons \u00e0 vos clients.","robots":{"index":"index","follow":"follow","max-snippet":"max-snippet:-1","max-image-preview":"max-image-preview:large","max-video-preview":"max-video-preview:-1"},"canonical":"https:\/\/www.electroluxprofessional.com\/fr-be\/boissons\/","og_locale":"fr_FR","og_type":"article","og_title":"Solutions de boissons - Electrolux Professional Belgique","og_description":"Les solutions pour la pr\u00e9parations de boissons chaudes, r\u00e9frig\u00e9r\u00e9es ou glac\u00e9es s'adaptent parfaitement \u00e0 tout type d'\u00e9tablissement. Offrez un large choix de boissons \u00e0 vos clients.","og_url":"https:\/\/www.electroluxprofessional.com\/fr-be\/boissons\/","og_site_name":"Electrolux Professional Belgique","article_modified_time":"2023-11-07T13:26:33+00:00","twitter_card":"summary_large_image","twitter_misc":{"Dur\u00e9e de lecture est.":"1 minute"},"schema":{"@context":"https:\/\/schema.org","@graph":[{"@type":"WebPage","@id":"https:\/\/www.electroluxprofessional.com\/fr-be\/boissons\/","url":"https:\/\/www.electroluxprofessional.com\/fr-be\/boissons\/","name":"Solutions de boissons - Electrolux Professional Belgique","isPartOf":{"@id":"https:\/\/www.electroluxprofessional.com\/fr-be\/#website"},"datePublished":"2020-03-28T17:19:04+00:00","dateModified":"2023-11-07T13:26:33+00:00","description":"Les solutions pour la pr\u00e9parations de boissons chaudes, r\u00e9frig\u00e9r\u00e9es ou glac\u00e9es s'adaptent parfaitement \u00e0 tout type d'\u00e9tablissement. Offrez un large choix de boissons \u00e0 vos clients.","breadcrumb":{"@id":"https:\/\/www.electroluxprofessional.com\/fr-be\/boissons\/#breadcrumb"},"inLanguage":"fr-BE","potentialAction":[{"@type":"ReadAction","target":["https:\/\/www.electroluxprofessional.com\/fr-be\/boissons\/"]}]},{"@type":"BreadcrumbList","@id":"https:\/\/www.electroluxprofessional.com\/fr-be\/boissons\/#breadcrumb","itemListElement":[{"@type":"ListItem","position":1,"name":"Home","item":"https:\/\/www.electroluxprofessional.com\/fr-be\/"},{"@type":"ListItem","position":2,"name":"Solutions de boissons"}]},{"@type":"WebSite","@id":"https:\/\/www.electroluxprofessional.com\/fr-be\/#website","url":"https:\/\/www.electroluxprofessional.com\/fr-be\/","name":"Electrolux Professional Belgique","description":"Electrolux Professional est le leader mondial en mati\u00e8re d&#039;\u00e9quipements de cuisines et de blanchisseries professionnelles.","potentialAction":[{"@type":"SearchAction","target":{"@type":"EntryPoint","urlTemplate":"https:\/\/www.electroluxprofessional.com\/fr-be\/?src={search_term_string}"},"query-input":"required name=search_term_string"}],"inLanguage":"fr-BE"}]}},"_links":{"self":[{"href":"https:\/\/www.electroluxprofessional.com\/fr-be\/wp-json\/wp\/v2\/pages\/8896"}],"collection":[{"href":"https:\/\/www.electroluxprofessional.com\/fr-be\/wp-json\/wp\/v2\/pages"}],"about":[{"href":"https:\/\/www.electroluxprofessional.com\/fr-be\/wp-json\/wp\/v2\/types\/page"}],"author":[{"embeddable":true,"href":"https:\/\/www.electroluxprofessional.com\/fr-be\/wp-json\/wp\/v2\/users\/38"}],"replies":[{"embeddable":true,"href":"https:\/\/www.electroluxprofessional.com\/fr-be\/wp-json\/wp\/v2\/comments?post=8896"}],"version-history":[{"count":6,"href":"https:\/\/www.electroluxprofessional.com\/fr-be\/wp-json\/wp\/v2\/pages\/8896\/revisions"}],"predecessor-version":[{"id":12602,"href":"https:\/\/www.electroluxprofessional.com\/fr-be\/wp-json\/wp\/v2\/pages\/8896\/revisions\/12602"}],"wp:attachment":[{"href":"https:\/\/www.electroluxprofessional.com\/fr-be\/wp-json\/wp\/v2\/media?parent=8896"}],"curies":[{"name":"wp","href":"https:\/\/api.w.org\/{rel}","templated":true}]}}