{"id":8866,"date":"2020-03-28T16:46:42","date_gmt":"2020-03-28T16:46:42","guid":{"rendered":"https:\/\/www.electroluxprofessional.com\/?page_id=22291"},"modified":"2025-11-05T16:34:03","modified_gmt":"2025-11-05T16:34:03","slug":"distributeurs-jus-froids","status":"publish","type":"page","link":"https:\/\/www.electroluxprofessional.com\/fr-be\/boissons\/distributeurs-jus-froids\/","title":{"rendered":"Boissons froides: Distributeurs de jus froids"},"content":{"rendered":"<p>[vc_row full_width=&#8221;electroluxpro-full-width-no-padding&#8221;][vc_column][elx_image_block background_image=&#8221;8863&#8243; minimum_height=&#8221;350px&#8221;][vc_empty_space][\/vc_column][\/vc_row][vc_row content_placement=&#8221;bottom&#8221;][vc_column width=&#8221;2\/3&#8243;][elx_heading font_container=&#8221;h1&#8243; font_size=&#8221;h3&#8243; text_color=&#8221;electrolux-blue&#8221; text_align=&#8221;text-left&#8221;]Distributeurs de jus froids\u200b[\/elx_heading][elx_heading font_size=&#8221;h5&#8243; text_color=&#8221;electrolux-blue&#8221; text_align=&#8221;text-left&#8221;]Jus de fruits rafra\u00eechissants disponibles \u00e0 tout moment et en tout lieu\u200b[\/elx_heading][vc_empty_space][vc_row_inner][vc_column_inner width=&#8221;1\/2&#8243;][elx_download_block text=&#8221;Brochure des solutions de boissons&#8221; document_type=&#8221;brochures&#8221; background_color=&#8221;orange&#8221; br_document_number=&#8221;BR-9JE00131&#8243; background_image=&#8221;8864&#8243;][\/vc_column_inner][vc_column_inner width=&#8221;1\/2&#8243;][vc_column_text]<span class=\"TextRun SCXP61485387 BCX0\" lang=\"FR-FR\" xml:lang=\"FR-FR\" data-usefontface=\"true\" data-contrast=\"none\"><span class=\"NormalTextRun SCXP61485387 BCX0\">Une solution professionnelle \u00e0 volume \u00e9lev\u00e9 pour livrer des boissons\u00a0<\/span><\/span><span class=\"TextRun SCXP61485387 BCX0\" lang=\"FR-FR\" xml:lang=\"FR-FR\" data-usefontface=\"true\" data-contrast=\"none\"><span class=\"NormalTextRun SCXP61485387 BCX0\">r\u00e9frig\u00e9r\u00e9es. <strong>Fra\u00eecheur maximale gr\u00e2ce au<\/strong> <strong>puissant syst\u00e8me de\u00a0<\/strong><\/span><\/span><span class=\"TextRun SCXP61485387 BCX0\" lang=\"FR-FR\" xml:lang=\"FR-FR\" data-usefontface=\"true\" data-contrast=\"none\"><span class=\"NormalTextRun SCXP61485387 BCX0\"><strong>refroidissement<\/strong>. Il maintient la temp\u00e9rature correcte \u00e0 tout moment.\u00a0<\/span><\/span><span class=\"TextRun SCXP61485387 BCX0\" lang=\"FR-FR\" xml:lang=\"FR-FR\" data-usefontface=\"true\" data-contrast=\"none\"><span class=\"NormalTextRun SCXP61485387 BCX0\">Design \u00e9l\u00e9gant et moderne avec un <strong>panneau lumineux \u00e0\u00a0<\/strong><\/span><\/span><strong><span class=\"TextRun SCXP61485387 BCX0\" lang=\"FR-FR\" xml:lang=\"FR-FR\" data-usefontface=\"true\" data-contrast=\"none\"><span class=\"SpellingError SCXP61485387 BCX0\">LED<\/span><\/span><span class=\"TextRun SCXP61485387 BCX0\" lang=\"FR-FR\" xml:lang=\"FR-FR\" data-usefontface=\"true\" data-contrast=\"none\"><span class=\"NormalTextRun SCXP61485387 BCX0\">\u00a0<\/span><\/span><\/strong><span class=\"TextRun SCXP61485387 BCX0\" lang=\"FR-FR\" xml:lang=\"FR-FR\" data-usefontface=\"true\" data-contrast=\"none\"><span class=\"NormalTextRun SCXP61485387 BCX0\"><strong>personnalisable<\/strong>.<\/span><\/span><span class=\"EOP SCXP61485387 BCX0\">\u200b<\/span>[\/vc_column_text][\/vc_column_inner][\/vc_row_inner][\/vc_column][vc_column width=&#8221;1\/3&#8243;][vc_single_image image=&#8221;8865&#8243; img_size=&#8221;full&#8221; alignment=&#8221;right&#8221;][\/vc_column][\/vc_row][vc_row][vc_column]<div class=\"com21-product-filter-container 77\">[\/vc_column][\/vc_row][vc_row css=&#8221;.vc_custom_1516904946877{border-top-width: 1px !important;background-color: #ffffff !important;border-top-color: #eeeeee !important;border-top-style: solid !important;}&#8221;][vc_column reveal_effect=&#8221;&#8221;][vc_empty_space height=&#8221;80px&#8221;][elx_heading font_size=&#8221;h3&#8243; text_color=&#8221;inherit&#8221; text_align=&#8221;text-left&#8221;]En savoir plus sur les distributeurs de jus froids[\/elx_heading][elx_o2000_contact_us r=&#8221;Bonjour, je souhaite avoir plus d&#8217;informations sur les distributeurs de jus froids svp.&#8221; s=&#8221;Demande d&#8217;informations : distributeurs de jus froids&#8221; country=&#8221;France&#8221; l=&#8221;fr&#8221; e=&#8221;professionnel@electrolux.com&#8221;][\/vc_column][\/vc_row]<\/p>\n","protected":false},"excerpt":{"rendered":"<p>[vc_row full_width=&#8221;electroluxpro-full-width-no-padding&#8221;][vc_column][elx_image_block background_image=&#8221;8863&#8243; minimum_height=&#8221;350px&#8221;][vc_empty_space][\/vc_column][\/vc_row][vc_row content_placement=&#8221;bottom&#8221;][vc_column width=&#8221;2\/3&#8243;][elx_heading font_container=&#8221;h1&#8243; font_size=&#8221;h3&#8243; text_color=&#8221;electrolux-blue&#8221; text_align=&#8221;text-left&#8221;]Distributeurs de jus froids\u200b[\/elx_heading][elx_heading font_size=&#8221;h5&#8243; text_color=&#8221;electrolux-blue&#8221; text_align=&#8221;text-left&#8221;]Jus de fruits rafra\u00eechissants disponibles \u00e0 tout moment et en tout lieu\u200b[\/elx_heading][vc_empty_space][vc_row_inner][vc_column_inner width=&#8221;1\/2&#8243;][elx_download_block text=&#8221;Brochure des solutions de boissons&#8221; document_type=&#8221;brochures&#8221; background_color=&#8221;orange&#8221; br_document_number=&#8221;BR-9JE00131&#8243; background_image=&#8221;8864&#8243;][\/vc_column_inner][vc_column_inner width=&#8221;1\/2&#8243;][vc_column_text]Une solution professionnelle \u00e0 volume \u00e9lev\u00e9 pour livrer des boissons\u00a0r\u00e9frig\u00e9r\u00e9es. Fra\u00eecheur maximale gr\u00e2ce au puissant syst\u00e8me de\u00a0refroidissement. Il [&hellip;]<\/p>\n","protected":false},"author":38,"featured_media":0,"parent":8896,"menu_order":0,"comment_status":"closed","ping_status":"closed","template":"","meta":{"footnotes":""},"class_list":["post-8866","page","type-page","status-publish","hentry"],"acf":[],"yoast_head":"<!-- This site is optimized with the Yoast SEO plugin v23.3 - https:\/\/yoast.com\/wordpress\/plugins\/seo\/ -->\n<title>Boissons froides: Distributeurs de jus froids - Electrolux Professional Belgique<\/title>\n<meta name=\"description\" content=\"Des solutions professionnelles pour la distribution de jus de fruits frais. Garde les jus \u00e0 la bonne temp\u00e9rature en toute circonstance.\" \/>\n<meta name=\"robots\" content=\"index, follow, max-snippet:-1, max-image-preview:large, max-video-preview:-1\" \/>\n<link rel=\"canonical\" href=\"https:\/\/www.electroluxprofessional.com\/fr-be\/boissons\/distributeurs-jus-froids\/\" \/>\n<meta property=\"og:locale\" content=\"fr_FR\" \/>\n<meta property=\"og:type\" content=\"article\" \/>\n<meta property=\"og:title\" content=\"Boissons froides: Distributeurs de jus froids - Electrolux Professional Belgique\" \/>\n<meta property=\"og:description\" content=\"Des solutions professionnelles pour la distribution de jus de fruits frais. Garde les jus \u00e0 la bonne temp\u00e9rature en toute circonstance.\" \/>\n<meta property=\"og:url\" content=\"https:\/\/www.electroluxprofessional.com\/fr-be\/boissons\/distributeurs-jus-froids\/\" \/>\n<meta property=\"og:site_name\" content=\"Electrolux Professional Belgique\" \/>\n<meta property=\"article:modified_time\" content=\"2025-11-05T16:34:03+00:00\" \/>\n<meta name=\"twitter:card\" content=\"summary_large_image\" \/>\n<meta name=\"twitter:label1\" content=\"Dur\u00e9e de lecture est.\" \/>\n\t<meta name=\"twitter:data1\" content=\"1 minute\" \/>\n<script type=\"application\/ld+json\" class=\"yoast-schema-graph\">{\"@context\":\"https:\/\/schema.org\",\"@graph\":[{\"@type\":\"WebPage\",\"@id\":\"https:\/\/www.electroluxprofessional.com\/fr-be\/boissons\/distributeurs-jus-froids\/\",\"url\":\"https:\/\/www.electroluxprofessional.com\/fr-be\/boissons\/distributeurs-jus-froids\/\",\"name\":\"Boissons froides: Distributeurs de jus froids - Electrolux Professional Belgique\",\"isPartOf\":{\"@id\":\"https:\/\/www.electroluxprofessional.com\/fr-be\/#website\"},\"datePublished\":\"2020-03-28T16:46:42+00:00\",\"dateModified\":\"2025-11-05T16:34:03+00:00\",\"description\":\"Des solutions professionnelles pour la distribution de jus de fruits frais. Garde les jus \u00e0 la bonne temp\u00e9rature en toute circonstance.\",\"breadcrumb\":{\"@id\":\"https:\/\/www.electroluxprofessional.com\/fr-be\/boissons\/distributeurs-jus-froids\/#breadcrumb\"},\"inLanguage\":\"fr-BE\",\"potentialAction\":[{\"@type\":\"ReadAction\",\"target\":[\"https:\/\/www.electroluxprofessional.com\/fr-be\/boissons\/distributeurs-jus-froids\/\"]}]},{\"@type\":\"BreadcrumbList\",\"@id\":\"https:\/\/www.electroluxprofessional.com\/fr-be\/boissons\/distributeurs-jus-froids\/#breadcrumb\",\"itemListElement\":[{\"@type\":\"ListItem\",\"position\":1,\"name\":\"Home\",\"item\":\"https:\/\/www.electroluxprofessional.com\/fr-be\/\"},{\"@type\":\"ListItem\",\"position\":2,\"name\":\"Solutions de boissons\",\"item\":\"https:\/\/www.electroluxprofessional.com\/fr-be\/boissons\/\"},{\"@type\":\"ListItem\",\"position\":3,\"name\":\"Boissons froides: Distributeurs de jus froids\"}]},{\"@type\":\"WebSite\",\"@id\":\"https:\/\/www.electroluxprofessional.com\/fr-be\/#website\",\"url\":\"https:\/\/www.electroluxprofessional.com\/fr-be\/\",\"name\":\"Electrolux Professional Belgique\",\"description\":\"Electrolux Professional est le leader mondial en mati\u00e8re d&#039;\u00e9quipements de cuisines et de blanchisseries professionnelles.\",\"potentialAction\":[{\"@type\":\"SearchAction\",\"target\":{\"@type\":\"EntryPoint\",\"urlTemplate\":\"https:\/\/www.electroluxprofessional.com\/fr-be\/?src={search_term_string}\"},\"query-input\":\"required name=search_term_string\"}],\"inLanguage\":\"fr-BE\"}]}<\/script>\n<!-- \/ Yoast SEO plugin. -->","yoast_head_json":{"title":"Boissons froides: Distributeurs de jus froids - Electrolux Professional Belgique","description":"Des solutions professionnelles pour la distribution de jus de fruits frais. Garde les jus \u00e0 la bonne temp\u00e9rature en toute circonstance.","robots":{"index":"index","follow":"follow","max-snippet":"max-snippet:-1","max-image-preview":"max-image-preview:large","max-video-preview":"max-video-preview:-1"},"canonical":"https:\/\/www.electroluxprofessional.com\/fr-be\/boissons\/distributeurs-jus-froids\/","og_locale":"fr_FR","og_type":"article","og_title":"Boissons froides: Distributeurs de jus froids - Electrolux Professional Belgique","og_description":"Des solutions professionnelles pour la distribution de jus de fruits frais. Garde les jus \u00e0 la bonne temp\u00e9rature en toute circonstance.","og_url":"https:\/\/www.electroluxprofessional.com\/fr-be\/boissons\/distributeurs-jus-froids\/","og_site_name":"Electrolux Professional Belgique","article_modified_time":"2025-11-05T16:34:03+00:00","twitter_card":"summary_large_image","twitter_misc":{"Dur\u00e9e de lecture est.":"1 minute"},"schema":{"@context":"https:\/\/schema.org","@graph":[{"@type":"WebPage","@id":"https:\/\/www.electroluxprofessional.com\/fr-be\/boissons\/distributeurs-jus-froids\/","url":"https:\/\/www.electroluxprofessional.com\/fr-be\/boissons\/distributeurs-jus-froids\/","name":"Boissons froides: Distributeurs de jus froids - Electrolux Professional Belgique","isPartOf":{"@id":"https:\/\/www.electroluxprofessional.com\/fr-be\/#website"},"datePublished":"2020-03-28T16:46:42+00:00","dateModified":"2025-11-05T16:34:03+00:00","description":"Des solutions professionnelles pour la distribution de jus de fruits frais. Garde les jus \u00e0 la bonne temp\u00e9rature en toute circonstance.","breadcrumb":{"@id":"https:\/\/www.electroluxprofessional.com\/fr-be\/boissons\/distributeurs-jus-froids\/#breadcrumb"},"inLanguage":"fr-BE","potentialAction":[{"@type":"ReadAction","target":["https:\/\/www.electroluxprofessional.com\/fr-be\/boissons\/distributeurs-jus-froids\/"]}]},{"@type":"BreadcrumbList","@id":"https:\/\/www.electroluxprofessional.com\/fr-be\/boissons\/distributeurs-jus-froids\/#breadcrumb","itemListElement":[{"@type":"ListItem","position":1,"name":"Home","item":"https:\/\/www.electroluxprofessional.com\/fr-be\/"},{"@type":"ListItem","position":2,"name":"Solutions de boissons","item":"https:\/\/www.electroluxprofessional.com\/fr-be\/boissons\/"},{"@type":"ListItem","position":3,"name":"Boissons froides: Distributeurs de jus froids"}]},{"@type":"WebSite","@id":"https:\/\/www.electroluxprofessional.com\/fr-be\/#website","url":"https:\/\/www.electroluxprofessional.com\/fr-be\/","name":"Electrolux Professional Belgique","description":"Electrolux Professional est le leader mondial en mati\u00e8re d&#039;\u00e9quipements de cuisines et de blanchisseries professionnelles.","potentialAction":[{"@type":"SearchAction","target":{"@type":"EntryPoint","urlTemplate":"https:\/\/www.electroluxprofessional.com\/fr-be\/?src={search_term_string}"},"query-input":"required name=search_term_string"}],"inLanguage":"fr-BE"}]}},"_links":{"self":[{"href":"https:\/\/www.electroluxprofessional.com\/fr-be\/wp-json\/wp\/v2\/pages\/8866"}],"collection":[{"href":"https:\/\/www.electroluxprofessional.com\/fr-be\/wp-json\/wp\/v2\/pages"}],"about":[{"href":"https:\/\/www.electroluxprofessional.com\/fr-be\/wp-json\/wp\/v2\/types\/page"}],"author":[{"embeddable":true,"href":"https:\/\/www.electroluxprofessional.com\/fr-be\/wp-json\/wp\/v2\/users\/38"}],"replies":[{"embeddable":true,"href":"https:\/\/www.electroluxprofessional.com\/fr-be\/wp-json\/wp\/v2\/comments?post=8866"}],"version-history":[{"count":6,"href":"https:\/\/www.electroluxprofessional.com\/fr-be\/wp-json\/wp\/v2\/pages\/8866\/revisions"}],"predecessor-version":[{"id":14097,"href":"https:\/\/www.electroluxprofessional.com\/fr-be\/wp-json\/wp\/v2\/pages\/8866\/revisions\/14097"}],"up":[{"embeddable":true,"href":"https:\/\/www.electroluxprofessional.com\/fr-be\/wp-json\/wp\/v2\/pages\/8896"}],"wp:attachment":[{"href":"https:\/\/www.electroluxprofessional.com\/fr-be\/wp-json\/wp\/v2\/media?parent=8866"}],"curies":[{"name":"wp","href":"https:\/\/api.w.org\/{rel}","templated":true}]}}