{"id":8862,"date":"2020-03-28T17:10:36","date_gmt":"2020-03-28T17:10:36","guid":{"rendered":"https:\/\/www.electroluxprofessional.com\/?page_id=22200"},"modified":"2025-11-05T16:33:49","modified_gmt":"2025-11-05T16:33:49","slug":"distributeurs-boissons-froides","status":"publish","type":"page","link":"https:\/\/www.electroluxprofessional.com\/fr-be\/boissons\/distributeurs-boissons-froides\/","title":{"rendered":"Boissons froides: Distributeurs de boissons froides\u200b"},"content":{"rendered":"<p>[vc_row full_width=&#8221;electroluxpro-full-width-no-padding&#8221;][vc_column][elx_image_block background_image=&#8221;8847&#8243; minimum_height=&#8221;350px&#8221;][vc_empty_space][\/vc_column][\/vc_row][vc_row][vc_column width=&#8221;2\/3&#8243;][elx_heading font_container=&#8221;h1&#8243; font_size=&#8221;h3&#8243; text_color=&#8221;electrolux-blue&#8221; text_align=&#8221;text-left&#8221;]Distributeurs de boissons froides\u200b[\/elx_heading][vc_empty_space][vc_row_inner][vc_column_inner width=&#8221;1\/2&#8243;][elx_download_block text=&#8221;Brochure des solutions de boissons&#8221; document_type=&#8221;brochures&#8221; background_color=&#8221;orange&#8221; br_document_number=&#8221;BR-9JE00131&#8243; background_image=&#8221;8858&#8243;][\/vc_column_inner][vc_column_inner width=&#8221;1\/2&#8243;][vc_column_text]<span class=\"TextRun SCXP4048308 BCX0\" lang=\"FR\" xml:lang=\"FR\" data-usefontface=\"true\" data-contrast=\"none\"><span class=\"NormalTextRun SCXP4048308 BCX0\"><strong>Votre choix, une saveur sans limites, en une r\u00e9ponse simple.<\/strong> Choix flexibles,\u00a0<\/span><\/span><span class=\"TextRun SCXP4048308 BCX0\" lang=\"FR\" xml:lang=\"FR\" data-usefontface=\"true\" data-contrast=\"none\"><span class=\"NormalTextRun SCXP4048308 BCX0\">faciles \u00e0 utiliser, les distributeurs de boissons froides sont la solution pour\u00a0<\/span><\/span><span class=\"TextRun SCXP4048308 BCX0\" lang=\"FR\" xml:lang=\"FR\" data-usefontface=\"true\" data-contrast=\"none\"><span class=\"NormalTextRun SCXP4048308 BCX0\">offrir \u00e0 vos clients de nouvelles options de boissons innovantes et\u00a0<\/span><\/span><span class=\"TextRun SCXP4048308 BCX0\" lang=\"FR\" xml:lang=\"FR\" data-usefontface=\"true\" data-contrast=\"none\"><span class=\"NormalTextRun SCXP4048308 BCX0\">d\u00e9licieuses.<\/span><\/span>[\/vc_column_text][\/vc_column_inner][\/vc_row_inner][\/vc_column][vc_column width=&#8221;1\/3&#8243;][vc_single_image image=&#8221;8861&#8243; img_size=&#8221;full&#8221; alignment=&#8221;right&#8221;][\/vc_column][\/vc_row][vc_row][vc_column][vc_empty_space height=&#8221;42px&#8221;][\/vc_column][\/vc_row][vc_row css=&#8221;.vc_custom_1561648307898{background-image: url(https:\/\/www.electroluxprofessional.com\/fr-be\/wp-content\/uploads\/2019\/03\/cold-beverage-dispensers-drink-glasses.jpg?id=8137) !important;background-position: center !important;background-repeat: no-repeat !important;background-size: cover !important;}&#8221;][vc_column width=&#8221;1\/3&#8243; css=&#8221;.vc_custom_1516902259667{padding-right: 20px !important;padding-left: 20px !important;background-color: rgba(255,255,255,0.73) !important;*background-color: rgb(255,255,255) !important;}&#8221;][vc_empty_space][vc_column_text]<span class=\"TextRun BCX0 SCXP187512449\" lang=\"FR\" xml:lang=\"FR\" data-usefontface=\"true\" data-contrast=\"none\"><span class=\"NormalTextRun BCX0 SCXP187512449\">Des <strong>bols interchangeables<\/strong> pour r\u00e9pondre aux besoins de votre entreprise,\u00a0<\/span><\/span><span class=\"TextRun BCX0 SCXP187512449\" lang=\"FR\" xml:lang=\"FR\" data-usefontface=\"true\" data-contrast=\"none\"><span class=\"NormalTextRun BCX0 SCXP187512449\">g\u00e9n\u00e9rer des b\u00e9n\u00e9fices et gagner de nouveaux clients satisfaits.<\/span><\/span><span class=\"LineBreakBlob BlobObject BCX0 SCXP187512449\"><span class=\"BCX0 SCXP187512449\">\u200b<\/span><br class=\"BCX0 SCXP187512449\" \/><\/span><span class=\"TextRun BCX0 SCXP187512449\" lang=\"FR\" xml:lang=\"FR\" data-usefontface=\"true\" data-contrast=\"none\"><span class=\"NormalTextRun BCX0 SCXP187512449\"><strong>Moins d&#8217;espace sur comptoir<\/strong> avec leur taille compacte.<\/span><\/span><span class=\"LineBreakBlob BlobObject BCX0 SCXP187512449\"><span class=\"BCX0 SCXP187512449\">\u200b<\/span><br class=\"BCX0 SCXP187512449\" \/><\/span><span class=\"TextRun BCX0 SCXP187512449\" lang=\"FR\" xml:lang=\"FR\" data-usefontface=\"true\" data-contrast=\"none\"><span class=\"NormalTextRun BCX0 SCXP187512449\"><strong>Moins de temps<\/strong> en nettoyage.<\/span><\/span><span class=\"LineBreakBlob BlobObject BCX0 SCXP187512449\"><span class=\"BCX0 SCXP187512449\">\u200b<\/span><br class=\"BCX0 SCXP187512449\" \/><\/span><span class=\"TextRun BCX0 SCXP187512449\" lang=\"FR\" xml:lang=\"FR\" data-usefontface=\"true\" data-contrast=\"none\"><span class=\"NormalTextRun BCX0 SCXP187512449\"><strong>Moins de d\u00e9chets<\/strong> sur le produit distribu\u00e9 jusqu&#8217;\u00e0 la derni\u00e8re goutte.<\/span><\/span>[\/vc_column_text][\/vc_column][vc_column width=&#8221;1\/3&#8243;][vc_empty_space][\/vc_column][vc_column width=&#8221;1\/3&#8243; css=&#8221;.vc_custom_1517248758977{margin-top: -30px !important;}&#8221;][\/vc_column][\/vc_row][vc_row][vc_column][vc_empty_space height=&#8221;42px&#8221;][\/vc_column][\/vc_row][vc_row][vc_column]<div class=\"com21-product-filter-container 77\">[\/vc_column][\/vc_row][vc_row css=&#8221;.vc_custom_1516904946877{border-top-width: 1px !important;background-color: #ffffff !important;border-top-color: #eeeeee !important;border-top-style: solid !important;}&#8221;][vc_column reveal_effect=&#8221;&#8221;][vc_empty_space height=&#8221;80px&#8221;][elx_heading font_size=&#8221;h3&#8243; text_color=&#8221;inherit&#8221; text_align=&#8221;text-left&#8221;]En savoir plus sur les distributeurs de boissons froides[\/elx_heading][elx_o2000_contact_us r=&#8221;Je souhaite avoir plus d&#8217;informations sur les distributeurs de boissons froides.&#8221; s=&#8221;Demande d&#8217;informations : distributeurs de boissons froides&#8221; country=&#8221;France&#8221; l=&#8221;fr&#8221; e=&#8221;professionnel@electrolux.com&#8221;][\/vc_column][\/vc_row]<\/p>\n","protected":false},"excerpt":{"rendered":"<p>[vc_row full_width=&#8221;electroluxpro-full-width-no-padding&#8221;][vc_column][elx_image_block background_image=&#8221;8847&#8243; minimum_height=&#8221;350px&#8221;][vc_empty_space][\/vc_column][\/vc_row][vc_row][vc_column width=&#8221;2\/3&#8243;][elx_heading font_container=&#8221;h1&#8243; font_size=&#8221;h3&#8243; text_color=&#8221;electrolux-blue&#8221; text_align=&#8221;text-left&#8221;]Distributeurs de boissons froides\u200b[\/elx_heading][vc_empty_space][vc_row_inner][vc_column_inner width=&#8221;1\/2&#8243;][elx_download_block text=&#8221;Brochure des solutions de boissons&#8221; document_type=&#8221;brochures&#8221; background_color=&#8221;orange&#8221; br_document_number=&#8221;BR-9JE00131&#8243; background_image=&#8221;8858&#8243;][\/vc_column_inner][vc_column_inner width=&#8221;1\/2&#8243;][vc_column_text]Votre choix, une saveur sans limites, en une r\u00e9ponse simple. Choix flexibles,\u00a0faciles \u00e0 utiliser, les distributeurs de boissons froides sont la solution pour\u00a0offrir \u00e0 vos clients de nouvelles options de boissons innovantes et\u00a0d\u00e9licieuses.[\/vc_column_text][\/vc_column_inner][\/vc_row_inner][\/vc_column][vc_column [&hellip;]<\/p>\n","protected":false},"author":38,"featured_media":0,"parent":8896,"menu_order":0,"comment_status":"closed","ping_status":"closed","template":"","meta":{"footnotes":""},"class_list":["post-8862","page","type-page","status-publish","hentry"],"acf":[],"yoast_head":"<!-- This site is optimized with the Yoast SEO plugin v23.3 - https:\/\/yoast.com\/wordpress\/plugins\/seo\/ -->\n<title>Boissons froides: Distributeurs de boissons froides\u200b - Electrolux Professional Belgique<\/title>\n<meta name=\"description\" content=\"Les distributeurs de boissons froides prennent peu d&#039;espace de comptoir avec leur taille compacte. Faciles \u00e0 nettoyer et \u00e0 d\u00e9monter, durables et doux pour l&#039;environnement.Le produit est distribu\u00e9 jusqu&#039;\u00e0 la derni\u00e8re goutte.\" \/>\n<meta name=\"robots\" content=\"index, follow, max-snippet:-1, max-image-preview:large, max-video-preview:-1\" \/>\n<link rel=\"canonical\" href=\"https:\/\/www.electroluxprofessional.com\/fr-be\/boissons\/distributeurs-boissons-froides\/\" \/>\n<meta property=\"og:locale\" content=\"fr_FR\" \/>\n<meta property=\"og:type\" content=\"article\" \/>\n<meta property=\"og:title\" content=\"Boissons froides: Distributeurs de boissons froides\u200b - Electrolux Professional Belgique\" \/>\n<meta property=\"og:description\" content=\"Les distributeurs de boissons froides prennent peu d&#039;espace de comptoir avec leur taille compacte. Faciles \u00e0 nettoyer et \u00e0 d\u00e9monter, durables et doux pour l&#039;environnement.Le produit est distribu\u00e9 jusqu&#039;\u00e0 la derni\u00e8re goutte.\" \/>\n<meta property=\"og:url\" content=\"https:\/\/www.electroluxprofessional.com\/fr-be\/boissons\/distributeurs-boissons-froides\/\" \/>\n<meta property=\"og:site_name\" content=\"Electrolux Professional Belgique\" \/>\n<meta property=\"article:modified_time\" content=\"2025-11-05T16:33:49+00:00\" \/>\n<meta name=\"twitter:card\" content=\"summary_large_image\" \/>\n<meta name=\"twitter:label1\" content=\"Dur\u00e9e de lecture est.\" \/>\n\t<meta name=\"twitter:data1\" content=\"1 minute\" \/>\n<script type=\"application\/ld+json\" class=\"yoast-schema-graph\">{\"@context\":\"https:\/\/schema.org\",\"@graph\":[{\"@type\":\"WebPage\",\"@id\":\"https:\/\/www.electroluxprofessional.com\/fr-be\/boissons\/distributeurs-boissons-froides\/\",\"url\":\"https:\/\/www.electroluxprofessional.com\/fr-be\/boissons\/distributeurs-boissons-froides\/\",\"name\":\"Boissons froides: Distributeurs de boissons froides\u200b - Electrolux Professional Belgique\",\"isPartOf\":{\"@id\":\"https:\/\/www.electroluxprofessional.com\/fr-be\/#website\"},\"datePublished\":\"2020-03-28T17:10:36+00:00\",\"dateModified\":\"2025-11-05T16:33:49+00:00\",\"description\":\"Les distributeurs de boissons froides prennent peu d'espace de comptoir avec leur taille compacte. Faciles \u00e0 nettoyer et \u00e0 d\u00e9monter, durables et doux pour l'environnement.Le produit est distribu\u00e9 jusqu'\u00e0 la derni\u00e8re goutte.\",\"breadcrumb\":{\"@id\":\"https:\/\/www.electroluxprofessional.com\/fr-be\/boissons\/distributeurs-boissons-froides\/#breadcrumb\"},\"inLanguage\":\"fr-BE\",\"potentialAction\":[{\"@type\":\"ReadAction\",\"target\":[\"https:\/\/www.electroluxprofessional.com\/fr-be\/boissons\/distributeurs-boissons-froides\/\"]}]},{\"@type\":\"BreadcrumbList\",\"@id\":\"https:\/\/www.electroluxprofessional.com\/fr-be\/boissons\/distributeurs-boissons-froides\/#breadcrumb\",\"itemListElement\":[{\"@type\":\"ListItem\",\"position\":1,\"name\":\"Home\",\"item\":\"https:\/\/www.electroluxprofessional.com\/fr-be\/\"},{\"@type\":\"ListItem\",\"position\":2,\"name\":\"Solutions de boissons\",\"item\":\"https:\/\/www.electroluxprofessional.com\/fr-be\/boissons\/\"},{\"@type\":\"ListItem\",\"position\":3,\"name\":\"Boissons froides: Distributeurs de boissons froides\u200b\"}]},{\"@type\":\"WebSite\",\"@id\":\"https:\/\/www.electroluxprofessional.com\/fr-be\/#website\",\"url\":\"https:\/\/www.electroluxprofessional.com\/fr-be\/\",\"name\":\"Electrolux Professional Belgique\",\"description\":\"Electrolux Professional est le leader mondial en mati\u00e8re d&#039;\u00e9quipements de cuisines et de blanchisseries professionnelles.\",\"potentialAction\":[{\"@type\":\"SearchAction\",\"target\":{\"@type\":\"EntryPoint\",\"urlTemplate\":\"https:\/\/www.electroluxprofessional.com\/fr-be\/?src={search_term_string}\"},\"query-input\":\"required name=search_term_string\"}],\"inLanguage\":\"fr-BE\"}]}<\/script>\n<!-- \/ Yoast SEO plugin. -->","yoast_head_json":{"title":"Boissons froides: Distributeurs de boissons froides\u200b - Electrolux Professional Belgique","description":"Les distributeurs de boissons froides prennent peu d'espace de comptoir avec leur taille compacte. Faciles \u00e0 nettoyer et \u00e0 d\u00e9monter, durables et doux pour l'environnement.Le produit est distribu\u00e9 jusqu'\u00e0 la derni\u00e8re goutte.","robots":{"index":"index","follow":"follow","max-snippet":"max-snippet:-1","max-image-preview":"max-image-preview:large","max-video-preview":"max-video-preview:-1"},"canonical":"https:\/\/www.electroluxprofessional.com\/fr-be\/boissons\/distributeurs-boissons-froides\/","og_locale":"fr_FR","og_type":"article","og_title":"Boissons froides: Distributeurs de boissons froides\u200b - Electrolux Professional Belgique","og_description":"Les distributeurs de boissons froides prennent peu d'espace de comptoir avec leur taille compacte. Faciles \u00e0 nettoyer et \u00e0 d\u00e9monter, durables et doux pour l'environnement.Le produit est distribu\u00e9 jusqu'\u00e0 la derni\u00e8re goutte.","og_url":"https:\/\/www.electroluxprofessional.com\/fr-be\/boissons\/distributeurs-boissons-froides\/","og_site_name":"Electrolux Professional Belgique","article_modified_time":"2025-11-05T16:33:49+00:00","twitter_card":"summary_large_image","twitter_misc":{"Dur\u00e9e de lecture est.":"1 minute"},"schema":{"@context":"https:\/\/schema.org","@graph":[{"@type":"WebPage","@id":"https:\/\/www.electroluxprofessional.com\/fr-be\/boissons\/distributeurs-boissons-froides\/","url":"https:\/\/www.electroluxprofessional.com\/fr-be\/boissons\/distributeurs-boissons-froides\/","name":"Boissons froides: Distributeurs de boissons froides\u200b - Electrolux Professional Belgique","isPartOf":{"@id":"https:\/\/www.electroluxprofessional.com\/fr-be\/#website"},"datePublished":"2020-03-28T17:10:36+00:00","dateModified":"2025-11-05T16:33:49+00:00","description":"Les distributeurs de boissons froides prennent peu d'espace de comptoir avec leur taille compacte. Faciles \u00e0 nettoyer et \u00e0 d\u00e9monter, durables et doux pour l'environnement.Le produit est distribu\u00e9 jusqu'\u00e0 la derni\u00e8re goutte.","breadcrumb":{"@id":"https:\/\/www.electroluxprofessional.com\/fr-be\/boissons\/distributeurs-boissons-froides\/#breadcrumb"},"inLanguage":"fr-BE","potentialAction":[{"@type":"ReadAction","target":["https:\/\/www.electroluxprofessional.com\/fr-be\/boissons\/distributeurs-boissons-froides\/"]}]},{"@type":"BreadcrumbList","@id":"https:\/\/www.electroluxprofessional.com\/fr-be\/boissons\/distributeurs-boissons-froides\/#breadcrumb","itemListElement":[{"@type":"ListItem","position":1,"name":"Home","item":"https:\/\/www.electroluxprofessional.com\/fr-be\/"},{"@type":"ListItem","position":2,"name":"Solutions de boissons","item":"https:\/\/www.electroluxprofessional.com\/fr-be\/boissons\/"},{"@type":"ListItem","position":3,"name":"Boissons froides: Distributeurs de boissons froides\u200b"}]},{"@type":"WebSite","@id":"https:\/\/www.electroluxprofessional.com\/fr-be\/#website","url":"https:\/\/www.electroluxprofessional.com\/fr-be\/","name":"Electrolux Professional Belgique","description":"Electrolux Professional est le leader mondial en mati\u00e8re d&#039;\u00e9quipements de cuisines et de blanchisseries professionnelles.","potentialAction":[{"@type":"SearchAction","target":{"@type":"EntryPoint","urlTemplate":"https:\/\/www.electroluxprofessional.com\/fr-be\/?src={search_term_string}"},"query-input":"required name=search_term_string"}],"inLanguage":"fr-BE"}]}},"_links":{"self":[{"href":"https:\/\/www.electroluxprofessional.com\/fr-be\/wp-json\/wp\/v2\/pages\/8862"}],"collection":[{"href":"https:\/\/www.electroluxprofessional.com\/fr-be\/wp-json\/wp\/v2\/pages"}],"about":[{"href":"https:\/\/www.electroluxprofessional.com\/fr-be\/wp-json\/wp\/v2\/types\/page"}],"author":[{"embeddable":true,"href":"https:\/\/www.electroluxprofessional.com\/fr-be\/wp-json\/wp\/v2\/users\/38"}],"replies":[{"embeddable":true,"href":"https:\/\/www.electroluxprofessional.com\/fr-be\/wp-json\/wp\/v2\/comments?post=8862"}],"version-history":[{"count":5,"href":"https:\/\/www.electroluxprofessional.com\/fr-be\/wp-json\/wp\/v2\/pages\/8862\/revisions"}],"predecessor-version":[{"id":14096,"href":"https:\/\/www.electroluxprofessional.com\/fr-be\/wp-json\/wp\/v2\/pages\/8862\/revisions\/14096"}],"up":[{"embeddable":true,"href":"https:\/\/www.electroluxprofessional.com\/fr-be\/wp-json\/wp\/v2\/pages\/8896"}],"wp:attachment":[{"href":"https:\/\/www.electroluxprofessional.com\/fr-be\/wp-json\/wp\/v2\/media?parent=8862"}],"curies":[{"name":"wp","href":"https:\/\/api.w.org\/{rel}","templated":true}]}}