{"id":8692,"date":"2020-03-02T18:54:58","date_gmt":"2020-03-02T18:54:58","guid":{"rendered":"https:\/\/www.electroluxprofessional.com\/fr-be\/?page_id=8692"},"modified":"2026-03-20T08:02:48","modified_gmt":"2026-03-20T08:02:48","slug":"homepage-201912-3","status":"publish","type":"page","link":"https:\/\/www.electroluxprofessional.com\/fr-be\/","title":{"rendered":"Homepage &#8211; accueil"},"content":{"rendered":"<p>[vc_row full_width=&#8221;electroluxpro-full-width-no-padding&#8221; css=&#8221;.vc_custom_1581601446712{margin-bottom: 0px !important;}&#8221;][vc_column css=&#8221;.vc_custom_1575015067714{margin-bottom: 0px !important;}&#8221;][elx_master_slider slide_order_1=&#8221;3&#8243; title_1=&#8221;Offre exceptionnelle&#8221; text_1=&#8221;Votre cuisine Electrolux Professional compl\u00e8te pour moins de 20 000\u20ac&#8221; slide_order_2=&#8221;2&#8243; text_colors_2=&#8221;text-blue&#8221; title_2=&#8221;Fait sur mesure pour vous&#8221; text_2=&#8221;Du linge repass\u00e9 \u00e0 la perfection&#8221; slide_order_3=&#8221;1&#8243; title_3=&#8221;Nouveau lave-vaisselle professionnel NeoBlue Touch&#8221; text_3=&#8221;Con\u00e7u pour durer, le NeoBlue Touch re\u00e7oit la prestigieuse note de r\u00e9parabilit\u00e9 Platine&#8221; slide_order_4=&#8221;4&#8243; title_4=&#8221;La meilleure solution en efficacit\u00e9 \u00e9nerg\u00e9tique&#8221; text_4=&#8221;avec les armoires positives et n\u00e9gatives HPe&#8221; link_1=&#8221;url:https%3A%2F%2Fwww.electroluxprofessional.com%2Ffr-be%2Fcuisine-2%2Foffre-cuisine-professionnelle%2F|title:EN%20SAVOIR%20PLUS&#8221; background_image_media_library_2=&#8221;13129&#8243; background_image_media_library_3=&#8221;13680&#8243; background_image_media_library_4=&#8221;13126&#8243; link_2=&#8221;url:https%3A%2F%2Fwww.electroluxprofessional.com%2Ffr-be%2Fblanchisserie%2Fsecheuses-repasseuses%2F|title:EN%20SAVOIR%20PLUS&#8221; link_3=&#8221;url:https%3A%2F%2Fwww.electroluxprofessional.com%2Ffr-be%2Fcuisine-2%2Flave-vaisselle-neoblue-touch%2F|title:En%20savoir%20plus&#8221; link_4=&#8221;url:https%3A%2F%2Fwww.electroluxprofessional.com%2Ffr-be%2Fcuisine-2%2Farmoires-refrigerees-positives-negatives%2F|title:EN%20SAVOIR%20PLUS&#8221; background_image_media_library_mobile_2=&#8221;13128&#8243; background_image_media_library_mobile_3=&#8221;13679&#8243; background_image_media_library_mobile_4=&#8221;13127&#8243; background_image_media_library_1=&#8221;12526&#8243; background_image_media_library_mobile_1=&#8221;12529&#8243;][\/vc_column][\/vc_row][vc_row full_width=&#8221;electroluxpro-full-width-no-padding&#8221;][vc_column][elx_full_banner title=&#8221;Solutions durables pour cr\u00e9er de la valeur \u00e0 long terme&#8221; link=&#8221;url:https%3A%2F%2Fwww.electroluxprofessional.com%2Ffr-be%2Fdeveloppement-durable%2F|title:En%20savoir%20plus&#8221; background_image_media_library=&#8221;11913&#8243; background_image_media_library_mobile=&#8221;11914&#8243;][\/vc_column][\/vc_row][vc_row][vc_column][elx_double_banner title_1=&#8221;SkyLine Cook and Chill&#8221; text_1=&#8221;Le duo parfait : Cook &amp; Chill<br \/>\nune cellule de refroidissement un four mixte<br \/>\nqui sont connect\u00e9s et anticipent vos besoins.&#8221; title_2=&#8221;Line 6000 \u2013 d\u00e9tergents \u00e9cologiques&#8221; text_2=&#8221;La solution naturelle pour laver linge et textiles&#8221; background_source_1=&#8221;image-media-library&#8221; background_source_2=&#8221;image-media-library&#8221; link_1=&#8221;url:https%3A%2F%2Fwww.electroluxprofessional.com%2Ffr-be%2Fcuisine%2Fcook-and-chill%2F|title:En%20savoir%20plus||&#8221; background_image_media_library_1=&#8221;11497&#8243; link_2=&#8221;url:https%3A%2F%2Fwww.electroluxprofessional.com%2Ffr-be%2Fblanchisserie%2Fl6000-detergent%2F|title:En%20savoir%20plus&#8221; background_image_media_library_2=&#8221;12054&#8243; background_image_media_library_mobile_1=&#8221;11496&#8243; background_image_media_library_mobile_2=&#8221;12053&#8243;][\/vc_column][\/vc_row][vc_row][vc_column][elx_double_banner title_1=&#8221;Des snacks rapides en un tour de main&#8221; text_1=&#8221;gr\u00e2ce \u00e0 notre four \u00e0 cuisson acc\u00e9l\u00e9r\u00e9e GourmeXpress&#8221; title_2=&#8221;Essentia &#8211; Service Technique&#8221; text_2=&#8221;Service technique sur mesure<br \/>\nqui prend soin de votre \u00e9quipement&#8221; background_source_1=&#8221;image-media-library&#8221; background_source_2=&#8221;image-media-library&#8221; link_1=&#8221;url:https%3A%2F%2Fwww.electroluxprofessional.com%2Ffr-be%2Fcuisine-2%2Ffour-cuisson-acceleree%2F|title:En%20savoir%20plus&#8221; background_image_media_library_1=&#8221;13124&#8243; link_2=&#8221;url:https%3A%2F%2Fwww.electroluxprofessional.com%2Ffr-be%2Fcontrats-de-services%2F|title:En%20savoir%20plus||&#8221; background_image_media_library_2=&#8221;8702&#8243; background_image_media_library_mobile_1=&#8221;13123&#8243; background_image_media_library_mobile_2=&#8221;8703&#8243; title_mobile_1=&#8221;Des snacks rapides en un tour de main&#8221;][\/vc_column][\/vc_row][vc_row full_width=&#8221;electroluxpro-full-width-no-padding&#8221;][vc_column][elx_full_banner title=&#8221;Electrolux Professional Centre d&#8217;excellence&#8221; text=&#8221;Swiss design since 1871: over 100 years of production,<br \/>\nprecision and tradition&#8221; background_source=&#8221;image-media-library&#8221; link=&#8221;url:https%3A%2F%2Fwww.electroluxprofessional.com%2Ffr-be%2Fchefs-hub%2Fcenters-of-excellence%2F|title:Decouvrir%20les%20Centres%20d&#8217;Excellence||&#8221; background_image_media_library=&#8221;9263&#8243; background_image_media_library_mobile=&#8221;9262&#8243;][\/vc_column][\/vc_row][vc_row full_width=&#8221;electroluxpro-full-width-no-padding&#8221;][vc_column][elx_last_references title=&#8221;Nos clients&#8221;][\/vc_column][\/vc_row][vc_row full_width=&#8221;electroluxpro-full-width-no-padding&#8221; disable_element=&#8221;yes&#8221;][vc_column][elx_last_news title=&#8221;Electrolux Professional &#8211; Actualit\u00e9s&#8221;][\/vc_column][\/vc_row][vc_row][vc_column][elx_single_banner title=&#8221;Rejoignez-nous&#8221; text=&#8221;Electrolux Professional accueille les gens passionn\u00e9s ayant un esprit d&#8217;\u00e9quipe. Consultez notre site Carri\u00e8res pour en savoir plus sur les opportunit\u00e9s.&#8221; text_mobile=&#8221;Check our career site to learn about openings and opportunities for you.&#8221; background_source=&#8221;image-media-library&#8221; background_image_media_library=&#8221;8706&#8243; link=&#8221;url:https%3A%2F%2Fwww.electroluxprofessional.com%2Fcareer-opportunities%2F|title:Trouver%20un%20emploi||&#8221; background_image_media_library_mobile=&#8221;8707&#8243;][\/vc_column][\/vc_row][vc_row][vc_column][elx_active_banner title=&#8221;Trouver un Authorized Partner &#8211; revendeur&#8221; link=&#8221;url:https%3A%2F%2Fwww.electroluxprofessional.com%2Ffr-be%2Fsales-service-locator%2F|title:Contacter%20un%20partenaire||&#8221; background_image_media_library=&#8221;8708&#8243; background_image_media_library_mobile=&#8221;8709&#8243;][\/vc_column][\/vc_row][vc_row][vc_column][vc_empty_space height=&#8221;30px&#8221;][\/vc_column][\/vc_row]<\/p>\n","protected":false},"excerpt":{"rendered":"<p>[vc_row full_width=&#8221;electroluxpro-full-width-no-padding&#8221; css=&#8221;.vc_custom_1581601446712{margin-bottom: 0px !important;}&#8221;][vc_column css=&#8221;.vc_custom_1575015067714{margin-bottom: 0px !important;}&#8221;][elx_master_slider slide_order_1=&#8221;3&#8243; title_1=&#8221;Offre exceptionnelle&#8221; text_1=&#8221;Votre cuisine Electrolux Professional compl\u00e8te pour moins de 20 000\u20ac&#8221; slide_order_2=&#8221;2&#8243; text_colors_2=&#8221;text-blue&#8221; title_2=&#8221;Fait sur mesure pour vous&#8221; text_2=&#8221;Du linge repass\u00e9 \u00e0 la perfection&#8221; slide_order_3=&#8221;1&#8243; title_3=&#8221;Nouveau lave-vaisselle professionnel NeoBlue Touch&#8221; text_3=&#8221;Con\u00e7u pour durer, le NeoBlue Touch re\u00e7oit la prestigieuse note de r\u00e9parabilit\u00e9 Platine&#8221; slide_order_4=&#8221;4&#8243; title_4=&#8221;La [&hellip;]<\/p>\n","protected":false},"author":1,"featured_media":0,"parent":0,"menu_order":0,"comment_status":"closed","ping_status":"closed","template":"","meta":{"footnotes":""},"class_list":["post-8692","page","type-page","status-publish","hentry"],"acf":[],"yoast_head":"<!-- This site is optimized with the Yoast SEO plugin v23.3 - https:\/\/yoast.com\/wordpress\/plugins\/seo\/ -->\n<title>Electrolux Professional Belgique<\/title>\n<meta name=\"description\" content=\"Electrolux Professional est producteur et distributeur d&#039;appareils professionnels pour la cuisine, la pr\u00e9paration de boisson et la laverie. D\u00e9couvrez nos solutions.\" \/>\n<meta name=\"robots\" content=\"index, follow, max-snippet:-1, max-image-preview:large, max-video-preview:-1\" \/>\n<link rel=\"canonical\" href=\"https:\/\/www.electroluxprofessional.com\/fr-be\/\" \/>\n<meta property=\"og:locale\" content=\"fr_FR\" \/>\n<meta property=\"og:type\" content=\"article\" \/>\n<meta property=\"og:title\" content=\"Electrolux Professional Belgique\" \/>\n<meta property=\"og:description\" content=\"Electrolux Professional est producteur et distributeur d&#039;appareils professionnels pour la cuisine, la pr\u00e9paration de boisson et la laverie. D\u00e9couvrez nos solutions.\" \/>\n<meta property=\"og:url\" content=\"https:\/\/www.electroluxprofessional.com\/fr-be\/\" \/>\n<meta property=\"og:site_name\" content=\"Electrolux Professional Belgique\" \/>\n<meta property=\"article:modified_time\" content=\"2026-03-20T08:02:48+00:00\" \/>\n<meta name=\"twitter:card\" content=\"summary_large_image\" \/>\n<meta name=\"twitter:label1\" content=\"Dur\u00e9e de lecture est.\" \/>\n\t<meta name=\"twitter:data1\" content=\"2 minutes\" \/>\n<script type=\"application\/ld+json\" class=\"yoast-schema-graph\">{\"@context\":\"https:\/\/schema.org\",\"@graph\":[{\"@type\":\"WebPage\",\"@id\":\"https:\/\/www.electroluxprofessional.com\/fr-be\/\",\"url\":\"https:\/\/www.electroluxprofessional.com\/fr-be\/\",\"name\":\"Electrolux Professional Belgique\",\"isPartOf\":{\"@id\":\"https:\/\/www.electroluxprofessional.com\/fr-be\/#website\"},\"datePublished\":\"2020-03-02T18:54:58+00:00\",\"dateModified\":\"2026-03-20T08:02:48+00:00\",\"description\":\"Electrolux Professional est producteur et distributeur d'appareils professionnels pour la cuisine, la pr\u00e9paration de boisson et la laverie. D\u00e9couvrez nos solutions.\",\"breadcrumb\":{\"@id\":\"https:\/\/www.electroluxprofessional.com\/fr-be\/#breadcrumb\"},\"inLanguage\":\"fr-BE\",\"potentialAction\":[{\"@type\":\"ReadAction\",\"target\":[\"https:\/\/www.electroluxprofessional.com\/fr-be\/\"]}]},{\"@type\":\"BreadcrumbList\",\"@id\":\"https:\/\/www.electroluxprofessional.com\/fr-be\/#breadcrumb\",\"itemListElement\":[{\"@type\":\"ListItem\",\"position\":1,\"name\":\"Home\",\"item\":\"https:\/\/www.electroluxprofessional.com\/fr-be\/\"},{\"@type\":\"ListItem\",\"position\":2,\"name\":\"Homepage &#8211; accueil\"}]},{\"@type\":\"WebSite\",\"@id\":\"https:\/\/www.electroluxprofessional.com\/fr-be\/#website\",\"url\":\"https:\/\/www.electroluxprofessional.com\/fr-be\/\",\"name\":\"Electrolux Professional Belgique\",\"description\":\"Electrolux Professional est le leader mondial en mati\u00e8re d&#039;\u00e9quipements de cuisines et de blanchisseries professionnelles.\",\"potentialAction\":[{\"@type\":\"SearchAction\",\"target\":{\"@type\":\"EntryPoint\",\"urlTemplate\":\"https:\/\/www.electroluxprofessional.com\/fr-be\/?src={search_term_string}\"},\"query-input\":\"required name=search_term_string\"}],\"inLanguage\":\"fr-BE\"}]}<\/script>\n<!-- \/ Yoast SEO plugin. -->","yoast_head_json":{"title":"Electrolux Professional Belgique","description":"Electrolux Professional est producteur et distributeur d'appareils professionnels pour la cuisine, la pr\u00e9paration de boisson et la laverie. D\u00e9couvrez nos solutions.","robots":{"index":"index","follow":"follow","max-snippet":"max-snippet:-1","max-image-preview":"max-image-preview:large","max-video-preview":"max-video-preview:-1"},"canonical":"https:\/\/www.electroluxprofessional.com\/fr-be\/","og_locale":"fr_FR","og_type":"article","og_title":"Electrolux Professional Belgique","og_description":"Electrolux Professional est producteur et distributeur d'appareils professionnels pour la cuisine, la pr\u00e9paration de boisson et la laverie. D\u00e9couvrez nos solutions.","og_url":"https:\/\/www.electroluxprofessional.com\/fr-be\/","og_site_name":"Electrolux Professional Belgique","article_modified_time":"2026-03-20T08:02:48+00:00","twitter_card":"summary_large_image","twitter_misc":{"Dur\u00e9e de lecture est.":"2 minutes"},"schema":{"@context":"https:\/\/schema.org","@graph":[{"@type":"WebPage","@id":"https:\/\/www.electroluxprofessional.com\/fr-be\/","url":"https:\/\/www.electroluxprofessional.com\/fr-be\/","name":"Electrolux Professional Belgique","isPartOf":{"@id":"https:\/\/www.electroluxprofessional.com\/fr-be\/#website"},"datePublished":"2020-03-02T18:54:58+00:00","dateModified":"2026-03-20T08:02:48+00:00","description":"Electrolux Professional est producteur et distributeur d'appareils professionnels pour la cuisine, la pr\u00e9paration de boisson et la laverie. D\u00e9couvrez nos solutions.","breadcrumb":{"@id":"https:\/\/www.electroluxprofessional.com\/fr-be\/#breadcrumb"},"inLanguage":"fr-BE","potentialAction":[{"@type":"ReadAction","target":["https:\/\/www.electroluxprofessional.com\/fr-be\/"]}]},{"@type":"BreadcrumbList","@id":"https:\/\/www.electroluxprofessional.com\/fr-be\/#breadcrumb","itemListElement":[{"@type":"ListItem","position":1,"name":"Home","item":"https:\/\/www.electroluxprofessional.com\/fr-be\/"},{"@type":"ListItem","position":2,"name":"Homepage &#8211; accueil"}]},{"@type":"WebSite","@id":"https:\/\/www.electroluxprofessional.com\/fr-be\/#website","url":"https:\/\/www.electroluxprofessional.com\/fr-be\/","name":"Electrolux Professional Belgique","description":"Electrolux Professional est le leader mondial en mati\u00e8re d&#039;\u00e9quipements de cuisines et de blanchisseries professionnelles.","potentialAction":[{"@type":"SearchAction","target":{"@type":"EntryPoint","urlTemplate":"https:\/\/www.electroluxprofessional.com\/fr-be\/?src={search_term_string}"},"query-input":"required name=search_term_string"}],"inLanguage":"fr-BE"}]}},"_links":{"self":[{"href":"https:\/\/www.electroluxprofessional.com\/fr-be\/wp-json\/wp\/v2\/pages\/8692"}],"collection":[{"href":"https:\/\/www.electroluxprofessional.com\/fr-be\/wp-json\/wp\/v2\/pages"}],"about":[{"href":"https:\/\/www.electroluxprofessional.com\/fr-be\/wp-json\/wp\/v2\/types\/page"}],"author":[{"embeddable":true,"href":"https:\/\/www.electroluxprofessional.com\/fr-be\/wp-json\/wp\/v2\/users\/1"}],"replies":[{"embeddable":true,"href":"https:\/\/www.electroluxprofessional.com\/fr-be\/wp-json\/wp\/v2\/comments?post=8692"}],"version-history":[{"count":69,"href":"https:\/\/www.electroluxprofessional.com\/fr-be\/wp-json\/wp\/v2\/pages\/8692\/revisions"}],"predecessor-version":[{"id":14616,"href":"https:\/\/www.electroluxprofessional.com\/fr-be\/wp-json\/wp\/v2\/pages\/8692\/revisions\/14616"}],"wp:attachment":[{"href":"https:\/\/www.electroluxprofessional.com\/fr-be\/wp-json\/wp\/v2\/media?parent=8692"}],"curies":[{"name":"wp","href":"https:\/\/api.w.org\/{rel}","templated":true}]}}