{"id":8644,"date":"2019-09-27T14:38:14","date_gmt":"2019-09-27T12:38:14","guid":{"rendered":"https:\/\/www.electroluxprofessional.com\/?page_id=25408"},"modified":"2022-04-05T08:40:14","modified_gmt":"2022-04-05T08:40:14","slug":"a-propos-one","status":"publish","type":"page","link":"https:\/\/www.electroluxprofessional.com\/fr-be\/a-propos-one\/","title":{"rendered":"A propos"},"content":{"rendered":"<p>[vc_row full_width=&#8221;electroluxpro-full-width-no-padding&#8221;][vc_column][vc_single_image image=&#8221;11463&#8243; img_size=&#8221;2000x350px&#8221;][\/vc_column][\/vc_row][vc_row][vc_column][vc_empty_space height=&#8221;50px&#8221;][elx_heading font_container=&#8221;h1&#8243; text_color=&#8221;inherit&#8221;]Electrolux Professional, The OnE[\/elx_heading][vc_empty_space][\/vc_column][\/vc_row][vc_row][vc_column width=&#8221;1\/2&#8243;][vc_column_text]<strong>Nous sommes l\u2019unique partenaire de confiance qui simplifie la vie de nos clients tout en leur garantissant une meilleure rentabilit\u00e9 avec une approche v\u00e9ritablement durable au quotidien.<\/strong>[\/vc_column_text][vc_column_text]Quelle que soit votre activit\u00e9, <strong>Cuisine<\/strong>, <strong>Boisson<\/strong> ou <strong>Blanchisserie<\/strong>, nous proposons les exp\u00e9riences les plus durables et cela tout au long de votre vie.<\/p>\n<p>Nous ouvrons la voie \u00e0 la conception de <strong>solutions compl\u00e8tes et int\u00e9gr\u00e9es<\/strong>. Celles-ci offrent une productivit\u00e9 maximale, les co\u00fbts les plus faibles et sont les plus faciles \u00e0 utiliser et entretenir au quotidien.[\/vc_column_text][\/vc_column][vc_column width=&#8221;1\/2&#8243;][elx_video_block background_image=&#8221;8636&#8243; minimum_height=&#8221;350px&#8221; video_link=&#8221;https:\/\/www.youtube.com\/watch?v=ayw5TK7Xd4Q&amp;feature=youtu.be&#8221;][\/vc_column][\/vc_row][vc_row css=&#8221;.vc_custom_1465566954449{padding-top: 20px !important;}&#8221;][vc_column][vc_column_text]Gr\u00e2ce \u00e0 <strong>OnE connected<\/strong>, une interface unique, nous permettons \u00e0 nos clients de g\u00e9rer l\u2019ensemble de leurs op\u00e9rations en connectant et synchronisant les meilleurs produits et services \u2013 nous cr\u00e9ons une valeur ajout\u00e9e business sans comparaison.[\/vc_column_text][vc_column_text]Electrolux Professional, <strong>T<\/strong><strong>he OnE<\/strong>, est l\u2019unique partenaire de confiance pour les solutions uniques et compl\u00e8tes parce que la mani\u00e8re dont nous concevons les processus et solutions provient d\u2019un h\u00e9ritage <strong>centr\u00e9 sur l\u2019homme<\/strong> et d\u2019une <strong>expertise<\/strong> de longue date dans ce qui rend votre entreprise plus efficace.[\/vc_column_text][\/vc_column][\/vc_row][vc_row][vc_column width=&#8221;1\/3&#8243; only_for_logged_in=&#8221;true&#8221;][elx_maylike_box id_box=&#8221;4502&#8243;][\/vc_column][vc_column width=&#8221;1\/3&#8243; only_for_logged_in=&#8221;true&#8221;][elx_maylike_box id_box=&#8221;8641&#8243;][\/vc_column][vc_column width=&#8221;1\/3&#8243; only_for_logged_in=&#8221;true&#8221;][elx_maylike_box id_box=&#8221;4609&#8243;][\/vc_column][\/vc_row]<\/p>\n","protected":false},"excerpt":{"rendered":"<p>[vc_row full_width=&#8221;electroluxpro-full-width-no-padding&#8221;][vc_column][vc_single_image image=&#8221;11463&#8243; img_size=&#8221;2000x350px&#8221;][\/vc_column][\/vc_row][vc_row][vc_column][vc_empty_space height=&#8221;50px&#8221;][elx_heading font_container=&#8221;h1&#8243; text_color=&#8221;inherit&#8221;]Electrolux Professional, The OnE[\/elx_heading][vc_empty_space][\/vc_column][\/vc_row][vc_row][vc_column width=&#8221;1\/2&#8243;][vc_column_text]Nous sommes l\u2019unique partenaire de confiance qui simplifie la vie de nos clients tout en leur garantissant une meilleure rentabilit\u00e9 avec une approche v\u00e9ritablement durable au quotidien.[\/vc_column_text][vc_column_text]Quelle que soit votre activit\u00e9, Cuisine, Boisson ou Blanchisserie, nous proposons les exp\u00e9riences les plus durables et cela tout [&hellip;]<\/p>\n","protected":false},"author":3,"featured_media":8636,"parent":0,"menu_order":0,"comment_status":"closed","ping_status":"closed","template":"","meta":{"footnotes":""},"class_list":["post-8644","page","type-page","status-publish","has-post-thumbnail","hentry"],"acf":[],"yoast_head":"<!-- This site is optimized with the Yoast SEO plugin v23.3 - https:\/\/yoast.com\/wordpress\/plugins\/seo\/ -->\n<title>A propos - Electrolux Professional Benelux<\/title>\n<meta name=\"description\" content=\"Electrolux Professional, fabricant et distributeur de solutions professionnels pour la cuisine, la blanchisserie et les boissons, est l&#039;unique partenaire de confiance qui simplifie la vie de nos clients tout en leur garantissant une meilleure rentabilit\u00e9 avec une approche v\u00e9ritablement durable au quotidien.\" \/>\n<meta name=\"robots\" content=\"index, follow, max-snippet:-1, max-image-preview:large, max-video-preview:-1\" \/>\n<link rel=\"canonical\" href=\"https:\/\/www.electroluxprofessional.com\/fr-be\/a-propos-one\/\" \/>\n<meta property=\"og:locale\" content=\"fr_FR\" \/>\n<meta property=\"og:type\" content=\"article\" \/>\n<meta property=\"og:title\" content=\"A propos - Electrolux Professional Benelux\" \/>\n<meta property=\"og:description\" content=\"Electrolux Professional, fabricant et distributeur de solutions professionnels pour la cuisine, la blanchisserie et les boissons, est l&#039;unique partenaire de confiance qui simplifie la vie de nos clients tout en leur garantissant une meilleure rentabilit\u00e9 avec une approche v\u00e9ritablement durable au quotidien.\" \/>\n<meta property=\"og:url\" content=\"https:\/\/www.electroluxprofessional.com\/fr-be\/a-propos-one\/\" \/>\n<meta property=\"og:site_name\" content=\"Electrolux Professional Belgique\" \/>\n<meta property=\"article:modified_time\" content=\"2022-04-05T08:40:14+00:00\" \/>\n<meta property=\"og:image\" content=\"https:\/\/www.electroluxprofessional.com\/fr-be\/wp-content\/uploads\/2019\/09\/video-one-cover.jpg\" \/>\n\t<meta property=\"og:image:width\" content=\"800\" \/>\n\t<meta property=\"og:image:height\" content=\"500\" \/>\n\t<meta property=\"og:image:type\" content=\"image\/jpeg\" \/>\n<meta name=\"twitter:card\" content=\"summary_large_image\" \/>\n<meta name=\"twitter:label1\" content=\"Dur\u00e9e de lecture est.\" \/>\n\t<meta name=\"twitter:data1\" content=\"2 minutes\" \/>\n<script type=\"application\/ld+json\" class=\"yoast-schema-graph\">{\"@context\":\"https:\/\/schema.org\",\"@graph\":[{\"@type\":\"WebPage\",\"@id\":\"https:\/\/www.electroluxprofessional.com\/fr-be\/a-propos-one\/\",\"url\":\"https:\/\/www.electroluxprofessional.com\/fr-be\/a-propos-one\/\",\"name\":\"A propos - Electrolux Professional Benelux\",\"isPartOf\":{\"@id\":\"https:\/\/www.electroluxprofessional.com\/fr-be\/#website\"},\"primaryImageOfPage\":{\"@id\":\"https:\/\/www.electroluxprofessional.com\/fr-be\/a-propos-one\/#primaryimage\"},\"image\":{\"@id\":\"https:\/\/www.electroluxprofessional.com\/fr-be\/a-propos-one\/#primaryimage\"},\"thumbnailUrl\":\"https:\/\/www.electroluxprofessional.com\/fr-be\/wp-content\/uploads\/2019\/09\/video-one-cover.jpg\",\"datePublished\":\"2019-09-27T12:38:14+00:00\",\"dateModified\":\"2022-04-05T08:40:14+00:00\",\"description\":\"Electrolux Professional, fabricant et distributeur de solutions professionnels pour la cuisine, la blanchisserie et les boissons, est l'unique partenaire de confiance qui simplifie la vie de nos clients tout en leur garantissant une meilleure rentabilit\u00e9 avec une approche v\u00e9ritablement durable au quotidien.\",\"breadcrumb\":{\"@id\":\"https:\/\/www.electroluxprofessional.com\/fr-be\/a-propos-one\/#breadcrumb\"},\"inLanguage\":\"fr-BE\",\"potentialAction\":[{\"@type\":\"ReadAction\",\"target\":[\"https:\/\/www.electroluxprofessional.com\/fr-be\/a-propos-one\/\"]}]},{\"@type\":\"ImageObject\",\"inLanguage\":\"fr-BE\",\"@id\":\"https:\/\/www.electroluxprofessional.com\/fr-be\/a-propos-one\/#primaryimage\",\"url\":\"https:\/\/www.electroluxprofessional.com\/fr-be\/wp-content\/uploads\/2019\/09\/video-one-cover.jpg\",\"contentUrl\":\"https:\/\/www.electroluxprofessional.com\/fr-be\/wp-content\/uploads\/2019\/09\/video-one-cover.jpg\",\"width\":800,\"height\":500,\"caption\":\"Electrolux Professional, the OnE trusted partner\"},{\"@type\":\"BreadcrumbList\",\"@id\":\"https:\/\/www.electroluxprofessional.com\/fr-be\/a-propos-one\/#breadcrumb\",\"itemListElement\":[{\"@type\":\"ListItem\",\"position\":1,\"name\":\"Home\",\"item\":\"https:\/\/www.electroluxprofessional.com\/fr-be\/\"},{\"@type\":\"ListItem\",\"position\":2,\"name\":\"A propos\"}]},{\"@type\":\"WebSite\",\"@id\":\"https:\/\/www.electroluxprofessional.com\/fr-be\/#website\",\"url\":\"https:\/\/www.electroluxprofessional.com\/fr-be\/\",\"name\":\"Electrolux Professional Belgique\",\"description\":\"Electrolux Professional est le leader mondial en mati\u00e8re d&#039;\u00e9quipements de cuisines et de blanchisseries professionnelles.\",\"potentialAction\":[{\"@type\":\"SearchAction\",\"target\":{\"@type\":\"EntryPoint\",\"urlTemplate\":\"https:\/\/www.electroluxprofessional.com\/fr-be\/?src={search_term_string}\"},\"query-input\":\"required name=search_term_string\"}],\"inLanguage\":\"fr-BE\"}]}<\/script>\n<!-- \/ Yoast SEO plugin. -->","yoast_head_json":{"title":"A propos - Electrolux Professional Benelux","description":"Electrolux Professional, fabricant et distributeur de solutions professionnels pour la cuisine, la blanchisserie et les boissons, est l'unique partenaire de confiance qui simplifie la vie de nos clients tout en leur garantissant une meilleure rentabilit\u00e9 avec une approche v\u00e9ritablement durable au quotidien.","robots":{"index":"index","follow":"follow","max-snippet":"max-snippet:-1","max-image-preview":"max-image-preview:large","max-video-preview":"max-video-preview:-1"},"canonical":"https:\/\/www.electroluxprofessional.com\/fr-be\/a-propos-one\/","og_locale":"fr_FR","og_type":"article","og_title":"A propos - Electrolux Professional Benelux","og_description":"Electrolux Professional, fabricant et distributeur de solutions professionnels pour la cuisine, la blanchisserie et les boissons, est l'unique partenaire de confiance qui simplifie la vie de nos clients tout en leur garantissant une meilleure rentabilit\u00e9 avec une approche v\u00e9ritablement durable au quotidien.","og_url":"https:\/\/www.electroluxprofessional.com\/fr-be\/a-propos-one\/","og_site_name":"Electrolux Professional Belgique","article_modified_time":"2022-04-05T08:40:14+00:00","og_image":[{"width":800,"height":500,"url":"https:\/\/www.electroluxprofessional.com\/fr-be\/wp-content\/uploads\/2019\/09\/video-one-cover.jpg","type":"image\/jpeg"}],"twitter_card":"summary_large_image","twitter_misc":{"Dur\u00e9e de lecture est.":"2 minutes"},"schema":{"@context":"https:\/\/schema.org","@graph":[{"@type":"WebPage","@id":"https:\/\/www.electroluxprofessional.com\/fr-be\/a-propos-one\/","url":"https:\/\/www.electroluxprofessional.com\/fr-be\/a-propos-one\/","name":"A propos - Electrolux Professional Benelux","isPartOf":{"@id":"https:\/\/www.electroluxprofessional.com\/fr-be\/#website"},"primaryImageOfPage":{"@id":"https:\/\/www.electroluxprofessional.com\/fr-be\/a-propos-one\/#primaryimage"},"image":{"@id":"https:\/\/www.electroluxprofessional.com\/fr-be\/a-propos-one\/#primaryimage"},"thumbnailUrl":"https:\/\/www.electroluxprofessional.com\/fr-be\/wp-content\/uploads\/2019\/09\/video-one-cover.jpg","datePublished":"2019-09-27T12:38:14+00:00","dateModified":"2022-04-05T08:40:14+00:00","description":"Electrolux Professional, fabricant et distributeur de solutions professionnels pour la cuisine, la blanchisserie et les boissons, est l'unique partenaire de confiance qui simplifie la vie de nos clients tout en leur garantissant une meilleure rentabilit\u00e9 avec une approche v\u00e9ritablement durable au quotidien.","breadcrumb":{"@id":"https:\/\/www.electroluxprofessional.com\/fr-be\/a-propos-one\/#breadcrumb"},"inLanguage":"fr-BE","potentialAction":[{"@type":"ReadAction","target":["https:\/\/www.electroluxprofessional.com\/fr-be\/a-propos-one\/"]}]},{"@type":"ImageObject","inLanguage":"fr-BE","@id":"https:\/\/www.electroluxprofessional.com\/fr-be\/a-propos-one\/#primaryimage","url":"https:\/\/www.electroluxprofessional.com\/fr-be\/wp-content\/uploads\/2019\/09\/video-one-cover.jpg","contentUrl":"https:\/\/www.electroluxprofessional.com\/fr-be\/wp-content\/uploads\/2019\/09\/video-one-cover.jpg","width":800,"height":500,"caption":"Electrolux Professional, the OnE trusted partner"},{"@type":"BreadcrumbList","@id":"https:\/\/www.electroluxprofessional.com\/fr-be\/a-propos-one\/#breadcrumb","itemListElement":[{"@type":"ListItem","position":1,"name":"Home","item":"https:\/\/www.electroluxprofessional.com\/fr-be\/"},{"@type":"ListItem","position":2,"name":"A propos"}]},{"@type":"WebSite","@id":"https:\/\/www.electroluxprofessional.com\/fr-be\/#website","url":"https:\/\/www.electroluxprofessional.com\/fr-be\/","name":"Electrolux Professional Belgique","description":"Electrolux Professional est le leader mondial en mati\u00e8re d&#039;\u00e9quipements de cuisines et de blanchisseries professionnelles.","potentialAction":[{"@type":"SearchAction","target":{"@type":"EntryPoint","urlTemplate":"https:\/\/www.electroluxprofessional.com\/fr-be\/?src={search_term_string}"},"query-input":"required name=search_term_string"}],"inLanguage":"fr-BE"}]}},"_links":{"self":[{"href":"https:\/\/www.electroluxprofessional.com\/fr-be\/wp-json\/wp\/v2\/pages\/8644"}],"collection":[{"href":"https:\/\/www.electroluxprofessional.com\/fr-be\/wp-json\/wp\/v2\/pages"}],"about":[{"href":"https:\/\/www.electroluxprofessional.com\/fr-be\/wp-json\/wp\/v2\/types\/page"}],"author":[{"embeddable":true,"href":"https:\/\/www.electroluxprofessional.com\/fr-be\/wp-json\/wp\/v2\/users\/3"}],"replies":[{"embeddable":true,"href":"https:\/\/www.electroluxprofessional.com\/fr-be\/wp-json\/wp\/v2\/comments?post=8644"}],"version-history":[{"count":6,"href":"https:\/\/www.electroluxprofessional.com\/fr-be\/wp-json\/wp\/v2\/pages\/8644\/revisions"}],"predecessor-version":[{"id":11464,"href":"https:\/\/www.electroluxprofessional.com\/fr-be\/wp-json\/wp\/v2\/pages\/8644\/revisions\/11464"}],"wp:featuredmedia":[{"embeddable":true,"href":"https:\/\/www.electroluxprofessional.com\/fr-be\/wp-json\/wp\/v2\/media\/8636"}],"wp:attachment":[{"href":"https:\/\/www.electroluxprofessional.com\/fr-be\/wp-json\/wp\/v2\/media?parent=8644"}],"curies":[{"name":"wp","href":"https:\/\/api.w.org\/{rel}","templated":true}]}}