{"id":7506,"date":"2019-06-04T11:14:52","date_gmt":"2019-06-04T11:14:52","guid":{"rendered":"https:\/\/www.electroluxprofessional.com\/fr-be\/?page_id=7506"},"modified":"2020-11-19T13:38:51","modified_gmt":"2020-11-19T13:38:51","slug":"caves-a-vins","status":"publish","type":"page","link":"https:\/\/www.electroluxprofessional.com\/fr-be\/cuisine-2\/caves-a-vins\/","title":{"rendered":"Caves \u00e0 vins"},"content":{"rendered":"<p>[vc_row full_width=&#8221;electroluxpro-full-width-no-padding&#8221;][vc_column][elx_image_block background_image=&#8221;7484&#8243; minimum_height=&#8221;350px&#8221;][vc_empty_space][\/vc_column][\/vc_row][vc_row][vc_column width=&#8221;2\/3&#8243;][elx_heading font_container=&#8221;h1&#8243; font_size=&#8221;h3&#8243; text_color=&#8221;inherit&#8221; text_align=&#8221;text-left&#8221;]Caves \u00e0 vins[\/elx_heading][vc_column_text]Vieillissement, stockage ou service, Electrolux vous propose la cave \u00e0 vin adapt\u00e9e \u00e0 vos besoins.<br \/>\n[\/vc_column_text][vc_row_inner][vc_column_inner width=&#8221;1\/2&#8243;][elx_heading font_size=&#8221;h5&#8243; text_color=&#8221;inherit&#8221;]Les bons vins m\u00e9ritent qu\u2019on les respecte[\/elx_heading][vc_column_text]La gamme Electrolux Professional a \u00e9t\u00e9 con\u00e7ue en collaboration avec des experts pour proposer une temp\u00e9rature et un niveau d\u2019humidit\u00e9 optimum, et garantir la tenue du vin gr\u00e2ce au stockage dans un endroit sombre et non soumis aux vibrations.[\/vc_column_text][\/vc_column_inner][vc_column_inner width=&#8221;1\/2&#8243;][vc_empty_space height=&#8221;60px&#8221;][elx_download_block text=&#8221;Brochure<br \/>\nCaves \u00e0 vin&#8221; file_picker=&#8221;7730&#8243; background_color=&#8221;food-solutions&#8221;][\/vc_column_inner][\/vc_row_inner][\/vc_column][vc_column width=&#8221;1\/3&#8243;][vc_single_image image=&#8221;7485&#8243; img_size=&#8221;full&#8221;][\/vc_column][\/vc_row][vc_row][vc_column][elx_heading font_size=&#8221;h3&#8243; text_color=&#8221;inherit&#8221;]Ch\u00e9rir, respecter et prot\u00e9ger<br \/>\n[\/elx_heading][vc_empty_space][\/vc_column][\/vc_row][vc_row][vc_column width=&#8221;1\/3&#8243;][vc_single_image image=&#8221;7486&#8243; img_size=&#8221;150*150&#8243;][elx_heading font_container=&#8221;h3&#8243; font_size=&#8221;h5&#8243; text_color=&#8221;inherit&#8221;]Am\u00e9liorer la conservation du vin[\/elx_heading][vc_column_text]Conservez vos bouteilles \u00e0 l\u2019abri gr\u00e2ce aux caves \u00e0 vin Electrolux Professional qui reproduisent les conditions naturelles des meilleures caves \u00e0 vin du monde.[\/vc_column_text][\/vc_column][vc_column width=&#8221;1\/3&#8243;][vc_single_image image=&#8221;7487&#8243; img_size=&#8221;150*150&#8243;][elx_heading font_container=&#8221;h3&#8243; font_size=&#8221;h5&#8243; text_color=&#8221;inherit&#8221;]Saveur optimale[\/elx_heading][vc_column_text]Les vins ne risquent pas de se d\u00e9t\u00e9riorer dans les caves \u00e0 vin, gr\u00e2ce au maintien constant de la temp\u00e9rature de consigne choisie pour vos vins.[\/vc_column_text][\/vc_column][vc_column width=&#8221;1\/3&#8243;][vc_single_image image=&#8221;7488&#8243; img_size=&#8221;150*150&#8243;][elx_heading font_container=&#8221;h3&#8243; font_size=&#8221;h5&#8243; text_color=&#8221;inherit&#8221;]L\u2019agencement de votre choix[\/elx_heading][vc_column_text]Agencez votre cave \u00e0 vin selon vos besoins : pour faire vieillir ou stocker tous vos vins ou pour exposer des bouteilles pr\u00eates \u00e0 \u00eatre d\u00e9gust\u00e9es, qui ne manqueront pas de faire envie. Toute une gamme de capacit\u00e9s et d\u2019options de clayettes est \u00e0 votre disposition.<br \/>\n[\/vc_column_text][\/vc_column][\/vc_row][vc_row][vc_column][vc_empty_space][elx_heading font_size=&#8221;h3&#8243; text_color=&#8221;inherit&#8221;]Pr\u00e9servez et sublimez les ar\u00f4mes de vos vins[\/elx_heading][vc_column_text]Vous souhaitez faire vieillir ou conserver diff\u00e9rents vins pour \u00eatre servis dans des conditions optimales, tout en maintenant vos frais de fonctionnement au plus bas ? Polyvalentes et de basse consommation, les caves \u00e0 vin respectent tous les types de vins : des blancs secs aux rouges cors\u00e9s.[\/vc_column_text][vc_empty_space][\/vc_column][\/vc_row][vc_row][vc_column width=&#8221;1\/4&#8243;][vc_single_image image=&#8221;7509&#8243; img_size=&#8221;full&#8221; add_caption=&#8221;yes&#8221;][\/vc_column][vc_column width=&#8221;3\/4&#8243;][vc_column_text]<strong>Au-dessus de 25\u00b0C les vins se d\u00e9t\u00e9riorent rapidement.<\/strong> Les tanins deviennent plus forts, l&#8217;alcool se fait plus pr\u00e9sent et le fruit\u00e9 fait place \u00e0 l&#8217;acidit\u00e9<\/p>\n<p><strong>Conservez tous les vins \u00e0 une\u00a0<\/strong><strong>temp\u00e9rature constante comprise entre\u00a0<\/strong><strong>12\u00b0C et 14\u00b0C.<\/strong> Les caves \u00e0 vin Electrolux Professional, maintiennent une temp\u00e9rature stable et \u00e9vitent ainsi que le vin ne s&#8217;ab\u00eeme en raison des fluctuations de temp\u00e9rature<\/p>\n<p><strong>Trop froid ?<\/strong> Le vin perd ses ar\u00f4mes et s&#8217;il commence \u00e0 geler, la bouteille peut \u00e9clater ou l&#8217;\u00e9tanch\u00e9it\u00e9 peut se d\u00e9grader.[\/vc_column_text][vc_row_inner][vc_column_inner width=&#8221;1\/4&#8243;][vc_single_image image=&#8221;7490&#8243; img_size=&#8221;136&#215;150&#8243; alignment=&#8221;center&#8221;][vc_empty_space][\/vc_column_inner][vc_column_inner width=&#8221;3\/4&#8243;][vc_column_text]<\/p>\n<p><strong>Zone unique<\/strong><\/p>\n<p>Conserver les vins entre 12-14\u00b0C ou \u00e0 la bonne temp\u00e9rature de d\u00e9gustation :entre 6\u00b0C et 8\u00b0C pour les blancs ou entre 16\u00b0C et 18\u00b0C pour les rouges.<\/p>\n<p>[\/vc_column_text][vc_empty_space][\/vc_column_inner][\/vc_row_inner][vc_row_inner][vc_column_inner width=&#8221;1\/4&#8243;][vc_single_image image=&#8221;7491&#8243; img_size=&#8221;136&#215;150&#8243; alignment=&#8221;center&#8221;][\/vc_column_inner][vc_column_inner width=&#8221;3\/4&#8243;][vc_column_text]<\/p>\n<p><strong>Multi-zones<\/strong><\/p>\n<p>Le service de diff\u00e9rents types de vins, chacun \u00e0 sa parfaite temp\u00e9rature de d\u00e9gustation. Le r\u00e9glage permet de cr\u00e9er une<br \/>\nplage de temp\u00e9rature dans la cave. Vous pouvez ainsi conserver vos vins d\u00e9licats \u00e0 leurs temp\u00e9ratures de d\u00e9gustation optimales.\u201d<\/p>\n<p>[\/vc_column_text][\/vc_column_inner][\/vc_row_inner][\/vc_column][\/vc_row][vc_row][vc_column][vc_empty_space][\/vc_column][\/vc_row][vc_row][vc_column][elx_heading font_size=&#8221;h3&#8243; text_color=&#8221;inherit&#8221;]Soigneusement conserv\u00e9[\/elx_heading][vc_column_text]Que votre client\u00e8le se compose de v\u00e9ritables connaisseurs en vin ou qu\u2019elle recherche le parfait accompagnement pour un repas, avec les caves \u00e0 vin Electrolux Professional au design \u00e9l\u00e9gant, vous avez la garantie que chaque bouteille est pr\u00eate \u00e0 satisfaire ses attentes.<br \/>\nMettez en valeur la qualit\u00e9 de votre collection en disposant harmonieusement vos bouteilles de vin dans des armoires qui allient le meilleur de la technologie et un design exceptionnel \u00e9l\u00e9gant.[\/vc_column_text][vc_row_inner][vc_column_inner width=&#8221;1\/2&#8243;][vc_single_image image=&#8221;7492&#8243; img_size=&#8221;medium&#8221;][vc_empty_space][vc_column_text]<\/p>\n<p><strong>Mode stockage<\/strong><\/p>\n<p>Les clayettes fixes vous permettent d&#8217;exploiter au mieux l&#8217;espace disponible en empilant vos bouteilles<\/p>\n<p>[\/vc_column_text][\/vc_column_inner][vc_column_inner width=&#8221;1\/2&#8243;][vc_single_image image=&#8221;7493&#8243; img_size=&#8221;medium&#8221;][vc_empty_space][vc_column_text]<\/p>\n<p><strong>Mode exposition<\/strong><\/p>\n<p>Les clayettes d&#8217;exposition sont id\u00e9ales pour mettre en valeur<br \/>\nvos vins les plus pris\u00e9s. Gr\u00e2ce au contr\u00f4le pr\u00e9cis de l&#8217;humidit\u00e9, les bouteilles peuvent \u00eatre conserv\u00e9es verticalement.<\/p>\n<p>[\/vc_column_text][\/vc_column_inner][\/vc_row_inner][\/vc_column][\/vc_row][vc_row][vc_column][vc_empty_space][\/vc_column][\/vc_row][vc_row][vc_column]<div class=\"com21-product-filter-container 63\">[vc_empty_space][\/vc_column][\/vc_row][vc_row][vc_column][vc_empty_space height=&#8221;50px&#8221;][elx_heading font_container=&#8221;h3&#8243; font_size=&#8221;h3&#8243; text_color=&#8221;inherit&#8221; text_align=&#8221;text-left&#8221;]D\u00e9couvrez comment les caves \u00e0 vin Electrolux Professional peuvent vous accompagner dans votre business[\/elx_heading][elx_o2000_contact_us r=&#8221;Je souhaite avoir plus d&#8217;informations sur les caves \u00e0 vin Vintec d&#8217;Electrolux. Merci de me recontacter.&#8221; s=&#8221;Demande d&#8217;info: caves \u00e0 vin&#8221; e=&#8221;professional@electrolux.be&#8221; country=&#8221;Belgium&#8221; l=&#8221;fr-be&#8221; container=&#8221;elxcontactus1480089212&#8243;][vc_empty_space height=&#8221;50px&#8221;][\/vc_column][\/vc_row][vc_row css=&#8221;.vc_custom_1518443388280{background-color: #eeeeee !important;}&#8221;][vc_column][elx_heading font_size=&#8221;h3&#8243; text_color=&#8221;inherit&#8221; text_align=&#8221;text-left&#8221;]Une solution compl\u00e8te[\/elx_heading][\/vc_column][\/vc_row][vc_row css=&#8221;.vc_custom_1518443396634{background-color: #eeeeee !important;}&#8221;][vc_column width=&#8221;1\/3&#8243;][elx_maylike_box id_box=&#8221;3209&#8243;][\/vc_column][vc_column width=&#8221;1\/3&#8243;][elx_maylike_box id_box=&#8221;4495&#8243;][\/vc_column][vc_column width=&#8221;1\/3&#8243;][elx_maylike_box id_box=&#8221;3183&#8243;][\/vc_column][\/vc_row]<\/p>\n","protected":false},"excerpt":{"rendered":"<p>[vc_row full_width=&#8221;electroluxpro-full-width-no-padding&#8221;][vc_column][elx_image_block background_image=&#8221;7484&#8243; minimum_height=&#8221;350px&#8221;][vc_empty_space][\/vc_column][\/vc_row][vc_row][vc_column width=&#8221;2\/3&#8243;][elx_heading font_container=&#8221;h1&#8243; font_size=&#8221;h3&#8243; text_color=&#8221;inherit&#8221; text_align=&#8221;text-left&#8221;]Caves \u00e0 vins[\/elx_heading][vc_column_text]Vieillissement, stockage ou service, Electrolux vous propose la cave \u00e0 vin adapt\u00e9e \u00e0 vos besoins. [\/vc_column_text][vc_row_inner][vc_column_inner width=&#8221;1\/2&#8243;][elx_heading font_size=&#8221;h5&#8243; text_color=&#8221;inherit&#8221;]Les bons vins m\u00e9ritent qu\u2019on les respecte[\/elx_heading][vc_column_text]La gamme Electrolux Professional a \u00e9t\u00e9 con\u00e7ue en collaboration avec des experts pour proposer une temp\u00e9rature et un niveau d\u2019humidit\u00e9 optimum, [&hellip;]<\/p>\n","protected":false},"author":3,"featured_media":0,"parent":9308,"menu_order":0,"comment_status":"closed","ping_status":"closed","template":"","meta":{"footnotes":""},"class_list":["post-7506","page","type-page","status-publish","hentry"],"acf":[],"yoast_head":"<!-- This site is optimized with the Yoast SEO plugin v23.3 - https:\/\/yoast.com\/wordpress\/plugins\/seo\/ -->\n<title>Caves \u00e0 vins - Electrolux Professional Belgique<\/title>\n<meta name=\"robots\" content=\"index, follow, max-snippet:-1, max-image-preview:large, max-video-preview:-1\" \/>\n<link rel=\"canonical\" href=\"https:\/\/www.electroluxprofessional.com\/fr-be\/cuisine-2\/caves-a-vins\/\" \/>\n<meta property=\"og:locale\" content=\"fr_FR\" \/>\n<meta property=\"og:type\" content=\"article\" \/>\n<meta property=\"og:title\" content=\"Caves \u00e0 vins - Electrolux Professional Belgique\" \/>\n<meta property=\"og:description\" content=\"[vc_row full_width=&#8221;electroluxpro-full-width-no-padding&#8221;][vc_column][elx_image_block background_image=&#8221;7484&#8243; minimum_height=&#8221;350px&#8221;][vc_empty_space][\/vc_column][\/vc_row][vc_row][vc_column width=&#8221;2\/3&#8243;][elx_heading font_container=&#8221;h1&#8243; font_size=&#8221;h3&#8243; text_color=&#8221;inherit&#8221; text_align=&#8221;text-left&#8221;]Caves \u00e0 vins[\/elx_heading][vc_column_text]Vieillissement, stockage ou service, Electrolux vous propose la cave \u00e0 vin adapt\u00e9e \u00e0 vos besoins. [\/vc_column_text][vc_row_inner][vc_column_inner width=&#8221;1\/2&#8243;][elx_heading font_size=&#8221;h5&#8243; text_color=&#8221;inherit&#8221;]Les bons vins m\u00e9ritent qu\u2019on les respecte[\/elx_heading][vc_column_text]La gamme Electrolux Professional a \u00e9t\u00e9 con\u00e7ue en collaboration avec des experts pour proposer une temp\u00e9rature et un niveau d\u2019humidit\u00e9 optimum, [&hellip;]\" \/>\n<meta property=\"og:url\" content=\"https:\/\/www.electroluxprofessional.com\/fr-be\/cuisine-2\/caves-a-vins\/\" \/>\n<meta property=\"og:site_name\" content=\"Electrolux Professional Belgique\" \/>\n<meta property=\"article:modified_time\" content=\"2020-11-19T13:38:51+00:00\" \/>\n<meta name=\"twitter:card\" content=\"summary_large_image\" \/>\n<meta name=\"twitter:label1\" content=\"Dur\u00e9e de lecture est.\" \/>\n\t<meta name=\"twitter:data1\" content=\"6 minutes\" \/>\n<script type=\"application\/ld+json\" class=\"yoast-schema-graph\">{\"@context\":\"https:\/\/schema.org\",\"@graph\":[{\"@type\":\"WebPage\",\"@id\":\"https:\/\/www.electroluxprofessional.com\/fr-be\/cuisine-2\/caves-a-vins\/\",\"url\":\"https:\/\/www.electroluxprofessional.com\/fr-be\/cuisine-2\/caves-a-vins\/\",\"name\":\"Caves \u00e0 vins - Electrolux Professional Belgique\",\"isPartOf\":{\"@id\":\"https:\/\/www.electroluxprofessional.com\/fr-be\/#website\"},\"datePublished\":\"2019-06-04T11:14:52+00:00\",\"dateModified\":\"2020-11-19T13:38:51+00:00\",\"breadcrumb\":{\"@id\":\"https:\/\/www.electroluxprofessional.com\/fr-be\/cuisine-2\/caves-a-vins\/#breadcrumb\"},\"inLanguage\":\"fr-BE\",\"potentialAction\":[{\"@type\":\"ReadAction\",\"target\":[\"https:\/\/www.electroluxprofessional.com\/fr-be\/cuisine-2\/caves-a-vins\/\"]}]},{\"@type\":\"BreadcrumbList\",\"@id\":\"https:\/\/www.electroluxprofessional.com\/fr-be\/cuisine-2\/caves-a-vins\/#breadcrumb\",\"itemListElement\":[{\"@type\":\"ListItem\",\"position\":1,\"name\":\"Home\",\"item\":\"https:\/\/www.electroluxprofessional.com\/fr-be\/\"},{\"@type\":\"ListItem\",\"position\":2,\"name\":\"Cuisine\",\"item\":\"https:\/\/www.electroluxprofessional.com\/fr-be\/cuisine-2\/\"},{\"@type\":\"ListItem\",\"position\":3,\"name\":\"Caves \u00e0 vins\"}]},{\"@type\":\"WebSite\",\"@id\":\"https:\/\/www.electroluxprofessional.com\/fr-be\/#website\",\"url\":\"https:\/\/www.electroluxprofessional.com\/fr-be\/\",\"name\":\"Electrolux Professional Belgique\",\"description\":\"Electrolux Professional est le leader mondial en mati\u00e8re d&#039;\u00e9quipements de cuisines et de blanchisseries professionnelles.\",\"potentialAction\":[{\"@type\":\"SearchAction\",\"target\":{\"@type\":\"EntryPoint\",\"urlTemplate\":\"https:\/\/www.electroluxprofessional.com\/fr-be\/?src={search_term_string}\"},\"query-input\":\"required name=search_term_string\"}],\"inLanguage\":\"fr-BE\"}]}<\/script>\n<!-- \/ Yoast SEO plugin. -->","yoast_head_json":{"title":"Caves \u00e0 vins - Electrolux Professional Belgique","robots":{"index":"index","follow":"follow","max-snippet":"max-snippet:-1","max-image-preview":"max-image-preview:large","max-video-preview":"max-video-preview:-1"},"canonical":"https:\/\/www.electroluxprofessional.com\/fr-be\/cuisine-2\/caves-a-vins\/","og_locale":"fr_FR","og_type":"article","og_title":"Caves \u00e0 vins - Electrolux Professional Belgique","og_description":"[vc_row full_width=&#8221;electroluxpro-full-width-no-padding&#8221;][vc_column][elx_image_block background_image=&#8221;7484&#8243; minimum_height=&#8221;350px&#8221;][vc_empty_space][\/vc_column][\/vc_row][vc_row][vc_column width=&#8221;2\/3&#8243;][elx_heading font_container=&#8221;h1&#8243; font_size=&#8221;h3&#8243; text_color=&#8221;inherit&#8221; text_align=&#8221;text-left&#8221;]Caves \u00e0 vins[\/elx_heading][vc_column_text]Vieillissement, stockage ou service, Electrolux vous propose la cave \u00e0 vin adapt\u00e9e \u00e0 vos besoins. [\/vc_column_text][vc_row_inner][vc_column_inner width=&#8221;1\/2&#8243;][elx_heading font_size=&#8221;h5&#8243; text_color=&#8221;inherit&#8221;]Les bons vins m\u00e9ritent qu\u2019on les respecte[\/elx_heading][vc_column_text]La gamme Electrolux Professional a \u00e9t\u00e9 con\u00e7ue en collaboration avec des experts pour proposer une temp\u00e9rature et un niveau d\u2019humidit\u00e9 optimum, [&hellip;]","og_url":"https:\/\/www.electroluxprofessional.com\/fr-be\/cuisine-2\/caves-a-vins\/","og_site_name":"Electrolux Professional Belgique","article_modified_time":"2020-11-19T13:38:51+00:00","twitter_card":"summary_large_image","twitter_misc":{"Dur\u00e9e de lecture est.":"6 minutes"},"schema":{"@context":"https:\/\/schema.org","@graph":[{"@type":"WebPage","@id":"https:\/\/www.electroluxprofessional.com\/fr-be\/cuisine-2\/caves-a-vins\/","url":"https:\/\/www.electroluxprofessional.com\/fr-be\/cuisine-2\/caves-a-vins\/","name":"Caves \u00e0 vins - Electrolux Professional Belgique","isPartOf":{"@id":"https:\/\/www.electroluxprofessional.com\/fr-be\/#website"},"datePublished":"2019-06-04T11:14:52+00:00","dateModified":"2020-11-19T13:38:51+00:00","breadcrumb":{"@id":"https:\/\/www.electroluxprofessional.com\/fr-be\/cuisine-2\/caves-a-vins\/#breadcrumb"},"inLanguage":"fr-BE","potentialAction":[{"@type":"ReadAction","target":["https:\/\/www.electroluxprofessional.com\/fr-be\/cuisine-2\/caves-a-vins\/"]}]},{"@type":"BreadcrumbList","@id":"https:\/\/www.electroluxprofessional.com\/fr-be\/cuisine-2\/caves-a-vins\/#breadcrumb","itemListElement":[{"@type":"ListItem","position":1,"name":"Home","item":"https:\/\/www.electroluxprofessional.com\/fr-be\/"},{"@type":"ListItem","position":2,"name":"Cuisine","item":"https:\/\/www.electroluxprofessional.com\/fr-be\/cuisine-2\/"},{"@type":"ListItem","position":3,"name":"Caves \u00e0 vins"}]},{"@type":"WebSite","@id":"https:\/\/www.electroluxprofessional.com\/fr-be\/#website","url":"https:\/\/www.electroluxprofessional.com\/fr-be\/","name":"Electrolux Professional Belgique","description":"Electrolux Professional est le leader mondial en mati\u00e8re d&#039;\u00e9quipements de cuisines et de blanchisseries professionnelles.","potentialAction":[{"@type":"SearchAction","target":{"@type":"EntryPoint","urlTemplate":"https:\/\/www.electroluxprofessional.com\/fr-be\/?src={search_term_string}"},"query-input":"required name=search_term_string"}],"inLanguage":"fr-BE"}]}},"_links":{"self":[{"href":"https:\/\/www.electroluxprofessional.com\/fr-be\/wp-json\/wp\/v2\/pages\/7506"}],"collection":[{"href":"https:\/\/www.electroluxprofessional.com\/fr-be\/wp-json\/wp\/v2\/pages"}],"about":[{"href":"https:\/\/www.electroluxprofessional.com\/fr-be\/wp-json\/wp\/v2\/types\/page"}],"author":[{"embeddable":true,"href":"https:\/\/www.electroluxprofessional.com\/fr-be\/wp-json\/wp\/v2\/users\/3"}],"replies":[{"embeddable":true,"href":"https:\/\/www.electroluxprofessional.com\/fr-be\/wp-json\/wp\/v2\/comments?post=7506"}],"version-history":[{"count":9,"href":"https:\/\/www.electroluxprofessional.com\/fr-be\/wp-json\/wp\/v2\/pages\/7506\/revisions"}],"predecessor-version":[{"id":8740,"href":"https:\/\/www.electroluxprofessional.com\/fr-be\/wp-json\/wp\/v2\/pages\/7506\/revisions\/8740"}],"up":[{"embeddable":true,"href":"https:\/\/www.electroluxprofessional.com\/fr-be\/wp-json\/wp\/v2\/pages\/9308"}],"wp:attachment":[{"href":"https:\/\/www.electroluxprofessional.com\/fr-be\/wp-json\/wp\/v2\/media?parent=7506"}],"curies":[{"name":"wp","href":"https:\/\/api.w.org\/{rel}","templated":true}]}}