{"id":6238,"date":"2018-05-23T16:12:16","date_gmt":"2018-05-23T15:12:16","guid":{"rendered":"https:\/\/www.electroluxprofessional.com\/?page_id=17236"},"modified":"2025-11-05T16:25:39","modified_gmt":"2025-11-05T16:25:39","slug":"caves-vin","status":"publish","type":"page","link":"https:\/\/www.electroluxprofessional.com\/fr-be\/caves-vin\/","title":{"rendered":"Caves \u00e0 vins"},"content":{"rendered":"<p>[vc_row full_width=&#8221;electroluxpro-full-width-no-padding&#8221;][vc_column][elx_image_block background_image=&#8221;6231&#8243; minimum_height=&#8221;400px&#8221;][vc_empty_space][\/vc_column][\/vc_row][vc_row][vc_column width=&#8221;2\/3&#8243;][elx_heading font_container=&#8221;h1&#8243; font_size=&#8221;h3&#8243; text_color=&#8221;inherit&#8221; text_align=&#8221;text-left&#8221;]Electrolux Vintec[\/elx_heading][vc_empty_space][vc_column_text]Vieillissement, stockage ou service, Electrolux vous propose la cave \u00e0 vin adapt\u00e9e \u00e0 vos besoins.[\/vc_column_text][elx_heading font_size=&#8221;h5&#8243; text_color=&#8221;inherit&#8221;]Les bons vins m\u00e9ritent qu&#8217;on les respecte[\/elx_heading][vc_column_text]La gamme Electrolux Vintec a \u00e9t\u00e9 con\u00e7ue en collaboration avec des experts pour proposer une temp\u00e9rature et un niveau d\u2019humidit\u00e9 optimum, et garantir la tenue du vin gr\u00e2ce au stockage dans un endroit sombre et non soumis aux vibrations.[\/vc_column_text][\/vc_column][vc_column width=&#8221;1\/3&#8243;][vc_single_image image=&#8221;6232&#8243; img_size=&#8221;full&#8221;][\/vc_column][\/vc_row][vc_row][vc_column][elx_heading font_size=&#8221;h3&#8243; text_color=&#8221;inherit&#8221;]Ch\u00e9rir, respecter et prot\u00e9ger[\/elx_heading][vc_empty_space][\/vc_column][\/vc_row][vc_row][vc_column width=&#8221;1\/3&#8243;][vc_single_image image=&#8221;6233&#8243; img_size=&#8221;150*150&#8243;][elx_heading font_container=&#8221;h3&#8243; font_size=&#8221;h5&#8243; text_color=&#8221;inherit&#8221;]Am\u00e9liorer la conservation du vin[\/elx_heading][vc_column_text]Conservez vos bouteilles \u00e0 l\u2019abri gr\u00e2ce aux caves \u00e0 vin Electrolux Vintec qui reproduisent les conditions naturelles des meilleures caves \u00e0 vin du monde.[\/vc_column_text][\/vc_column][vc_column width=&#8221;1\/3&#8243;][vc_single_image image=&#8221;6234&#8243; img_size=&#8221;150*150&#8243;][elx_heading font_container=&#8221;h3&#8243; font_size=&#8221;h5&#8243; text_color=&#8221;inherit&#8221;]Saveur optimale[\/elx_heading][vc_column_text]Les vins ne risquent pas de se d\u00e9t\u00e9riorer dans les caves \u00e0 vin Electrolux Vintec, gr\u00e2ce au maintien constant de la temp\u00e9rature de consigne choisie pour vos vins.[\/vc_column_text][\/vc_column][vc_column width=&#8221;1\/3&#8243;][vc_single_image image=&#8221;6235&#8243; img_size=&#8221;150*150&#8243;][elx_heading font_container=&#8221;h3&#8243; font_size=&#8221;h5&#8243; text_color=&#8221;inherit&#8221;]L&#8217;agencement de votre choix[\/elx_heading][vc_column_text]Agencez votre cave \u00e0 vin selon vos besoins : pour faire vieillir ou stocker tous vos vins ou pour exposer des bouteilles pr\u00eates \u00e0 \u00eatre d\u00e9gust\u00e9es, qui ne manqueront pas de faire envie. Toute une gamme de capacit\u00e9s et d&#8217;options de clayettes est \u00e0 votre disposition.[\/vc_column_text][\/vc_column][\/vc_row][vc_row][vc_column width=&#8221;2\/3&#8243;][vc_empty_space][vc_empty_space][elx_heading font_size=&#8221;h3&#8243; text_color=&#8221;inherit&#8221;]Ch\u00e9rir, respecter et prot\u00e9ger[\/elx_heading][vc_empty_space][vc_column_text]Vous souhaitez faire vieillir ou conserver diff\u00e9rents vins pour \u00eatre servis dans des conditions optimales, tout en maintenant vos frais de fonctionnement au plus bas ? Polyvalentes et de basse consommation, les <b>caves \u00e0 vin Electrolux <\/b><b>Vintec<\/b> respectent tous les types de vins : des blancs secs aux rouges cors\u00e9s.[\/vc_column_text][elx_heading font_container=&#8221;h3&#8243; font_size=&#8221;h5&#8243; text_color=&#8221;inherit&#8221;]Un appel aux sens[\/elx_heading][vc_column_text]Mettez en valeur la qualit\u00e9 de votre collection en disposant harmonieusement vos bouteilles de vin dans des armoires qui allient le meilleur de la technologie et un design exceptionnel \u00e9l\u00e9gant.[\/vc_column_text][vc_empty_space][\/vc_column][vc_column width=&#8221;1\/3&#8243;][vc_single_image image=&#8221;6236&#8243; img_size=&#8221;full&#8221;][\/vc_column][\/vc_row][vc_row][vc_column width=&#8221;2\/3&#8243;][vc_single_image image=&#8221;6874&#8243; img_size=&#8221;full&#8221;][\/vc_column][vc_column width=&#8221;1\/3&#8243;][elx_heading font_size=&#8221;h3&#8243; text_color=&#8221;inherit&#8221;]Soigneusement conserv\u00e9[\/elx_heading][vc_column_text]Que votre client\u00e8le se compose de v\u00e9ritables connaisseurs en vin ou qu&#8217;elle recherche le parfait accompagnement pour un repas, avec les caves \u00e0 vin Electrolux Vintec au design \u00e9l\u00e9gant, vous avez la garantie que chaque bouteille est pr\u00eate \u00e0 satisfaire ses attentes.[\/vc_column_text][\/vc_column][\/vc_row][vc_row][vc_column][vc_empty_space][\/vc_column][\/vc_row][vc_row][vc_column width=&#8221;1\/2&#8243;][vc_empty_space][vc_empty_space][vc_column_text]D\u00e9couvrez plus d&#8217;informations sur la gamme de caves \u00e0 vin Vintec Electrolux.[\/vc_column_text][\/vc_column][vc_column width=&#8221;1\/2&#8243;][elx_download_block text=&#8221;Brochure caves \u00e0 vin<br \/>\nVintec Electrolux<br \/>\n&#8221; link=&#8221;https:\/\/www.electroluxprofessional.com\/fr-be\/wp-content\/uploads\/2018\/06\/Vintec-FR-lowres.pdf&#8221; background_color=&#8221;restaurant&#8221; reveal_effect=&#8221;&#8221; reveal_duration=&#8221;&#8221; reveal_delay=&#8221;&#8221;][\/vc_column][\/vc_row][vc_row][vc_column][vc_empty_space][\/vc_column][\/vc_row][vc_row][vc_column]<div class=\"com21-product-filter-container 63\">[vc_empty_space][\/vc_column][\/vc_row][vc_row][vc_column][vc_empty_space height=&#8221;50px&#8221;][elx_heading font_container=&#8221;h3&#8243; font_size=&#8221;h3&#8243; text_color=&#8221;inherit&#8221; text_align=&#8221;text-left&#8221;]D\u00e9couvrez comment les caves \u00e0 vin Vintec Electrolux peuvent vous accompagner dans votre business.[\/elx_heading][elx_o2000_contact_us r=&#8221;Je souhaite avoir plus d&#8217;informations sur les caves \u00e0 vin Vintec d&#8217;Electrolux. Merci de me recontacter.&#8221; s=&#8221;Demande d&#8217;informations : Caves \u00e0 vin Vintec Electrolux&#8221; e=&#8221;professional@electrolux.be&#8221; country=&#8221;Belgium&#8221; l=&#8221;fr-be&#8221; container=&#8221;elxcontactus1480089212&#8243;][vc_empty_space height=&#8221;50px&#8221;][\/vc_column][\/vc_row]<\/p>\n","protected":false},"excerpt":{"rendered":"<p>[vc_row full_width=&#8221;electroluxpro-full-width-no-padding&#8221;][vc_column][elx_image_block background_image=&#8221;6231&#8243; minimum_height=&#8221;400px&#8221;][vc_empty_space][\/vc_column][\/vc_row][vc_row][vc_column width=&#8221;2\/3&#8243;][elx_heading font_container=&#8221;h1&#8243; font_size=&#8221;h3&#8243; text_color=&#8221;inherit&#8221; text_align=&#8221;text-left&#8221;]Electrolux Vintec[\/elx_heading][vc_empty_space][vc_column_text]Vieillissement, stockage ou service, Electrolux vous propose la cave \u00e0 vin adapt\u00e9e \u00e0 vos besoins.[\/vc_column_text][elx_heading font_size=&#8221;h5&#8243; text_color=&#8221;inherit&#8221;]Les bons vins m\u00e9ritent qu&#8217;on les respecte[\/elx_heading][vc_column_text]La gamme Electrolux Vintec a \u00e9t\u00e9 con\u00e7ue en collaboration avec des experts pour proposer une temp\u00e9rature et un niveau d\u2019humidit\u00e9 optimum, et garantir la [&hellip;]<\/p>\n","protected":false},"author":3,"featured_media":6230,"parent":0,"menu_order":0,"comment_status":"closed","ping_status":"closed","template":"","meta":{"footnotes":""},"class_list":["post-6238","page","type-page","status-publish","has-post-thumbnail","hentry"],"acf":[],"yoast_head":"<!-- This site is optimized with the Yoast SEO plugin v23.3 - https:\/\/yoast.com\/wordpress\/plugins\/seo\/ -->\n<title>Caves \u00e0 vin Vintec | Electrolux Professionnel France<\/title>\n<meta name=\"description\" content=\"D\u00e9couvrez les caves \u00e0 vin Vintec d&#039;Electrolux Professionnel France. Conservez vos plus belles bouteilles de vin dans les meilleures conditions possibles.\" \/>\n<meta name=\"robots\" content=\"index, follow, max-snippet:-1, max-image-preview:large, max-video-preview:-1\" \/>\n<link rel=\"canonical\" href=\"https:\/\/www.electroluxprofessional.com\/fr-be\/caves-vin\/\" \/>\n<meta property=\"og:locale\" content=\"fr_FR\" \/>\n<meta property=\"og:type\" content=\"article\" \/>\n<meta property=\"og:title\" content=\"Caves \u00e0 vin Vintec | Electrolux Professionnel France\" \/>\n<meta property=\"og:description\" content=\"D\u00e9couvrez les caves \u00e0 vin Vintec d&#039;Electrolux Professionnel France. Conservez vos plus belles bouteilles de vin dans les meilleures conditions possibles.\" \/>\n<meta property=\"og:url\" content=\"https:\/\/www.electroluxprofessional.com\/fr-be\/caves-vin\/\" \/>\n<meta property=\"og:site_name\" content=\"Electrolux Professional Belgique\" \/>\n<meta property=\"article:modified_time\" content=\"2025-11-05T16:25:39+00:00\" \/>\n<meta property=\"og:image\" content=\"https:\/\/www.electroluxprofessional.com\/fr-be\/wp-content\/uploads\/2018\/05\/corkscrew_CMYK-1.jpg\" \/>\n\t<meta property=\"og:image:width\" content=\"750\" \/>\n\t<meta property=\"og:image:height\" content=\"400\" \/>\n\t<meta property=\"og:image:type\" content=\"image\/jpeg\" \/>\n<meta name=\"twitter:card\" content=\"summary_large_image\" \/>\n<meta name=\"twitter:label1\" content=\"Dur\u00e9e de lecture est.\" \/>\n\t<meta name=\"twitter:data1\" content=\"3 minutes\" \/>\n<script type=\"application\/ld+json\" class=\"yoast-schema-graph\">{\"@context\":\"https:\/\/schema.org\",\"@graph\":[{\"@type\":\"WebPage\",\"@id\":\"https:\/\/www.electroluxprofessional.com\/fr-be\/caves-vin\/\",\"url\":\"https:\/\/www.electroluxprofessional.com\/fr-be\/caves-vin\/\",\"name\":\"Caves \u00e0 vin Vintec | Electrolux Professionnel France\",\"isPartOf\":{\"@id\":\"https:\/\/www.electroluxprofessional.com\/fr-be\/#website\"},\"primaryImageOfPage\":{\"@id\":\"https:\/\/www.electroluxprofessional.com\/fr-be\/caves-vin\/#primaryimage\"},\"image\":{\"@id\":\"https:\/\/www.electroluxprofessional.com\/fr-be\/caves-vin\/#primaryimage\"},\"thumbnailUrl\":\"https:\/\/www.electroluxprofessional.com\/fr-be\/wp-content\/uploads\/2018\/05\/corkscrew_CMYK-1.jpg\",\"datePublished\":\"2018-05-23T15:12:16+00:00\",\"dateModified\":\"2025-11-05T16:25:39+00:00\",\"description\":\"D\u00e9couvrez les caves \u00e0 vin Vintec d'Electrolux Professionnel France. Conservez vos plus belles bouteilles de vin dans les meilleures conditions possibles.\",\"breadcrumb\":{\"@id\":\"https:\/\/www.electroluxprofessional.com\/fr-be\/caves-vin\/#breadcrumb\"},\"inLanguage\":\"fr-BE\",\"potentialAction\":[{\"@type\":\"ReadAction\",\"target\":[\"https:\/\/www.electroluxprofessional.com\/fr-be\/caves-vin\/\"]}]},{\"@type\":\"ImageObject\",\"inLanguage\":\"fr-BE\",\"@id\":\"https:\/\/www.electroluxprofessional.com\/fr-be\/caves-vin\/#primaryimage\",\"url\":\"https:\/\/www.electroluxprofessional.com\/fr-be\/wp-content\/uploads\/2018\/05\/corkscrew_CMYK-1.jpg\",\"contentUrl\":\"https:\/\/www.electroluxprofessional.com\/fr-be\/wp-content\/uploads\/2018\/05\/corkscrew_CMYK-1.jpg\",\"width\":750,\"height\":400,\"caption\":\"corkscrew wineline\"},{\"@type\":\"BreadcrumbList\",\"@id\":\"https:\/\/www.electroluxprofessional.com\/fr-be\/caves-vin\/#breadcrumb\",\"itemListElement\":[{\"@type\":\"ListItem\",\"position\":1,\"name\":\"Home\",\"item\":\"https:\/\/www.electroluxprofessional.com\/fr-be\/\"},{\"@type\":\"ListItem\",\"position\":2,\"name\":\"Caves \u00e0 vins\"}]},{\"@type\":\"WebSite\",\"@id\":\"https:\/\/www.electroluxprofessional.com\/fr-be\/#website\",\"url\":\"https:\/\/www.electroluxprofessional.com\/fr-be\/\",\"name\":\"Electrolux Professional Belgique\",\"description\":\"Electrolux Professional est le leader mondial en mati\u00e8re d&#039;\u00e9quipements de cuisines et de blanchisseries professionnelles.\",\"potentialAction\":[{\"@type\":\"SearchAction\",\"target\":{\"@type\":\"EntryPoint\",\"urlTemplate\":\"https:\/\/www.electroluxprofessional.com\/fr-be\/?src={search_term_string}\"},\"query-input\":\"required name=search_term_string\"}],\"inLanguage\":\"fr-BE\"}]}<\/script>\n<!-- \/ Yoast SEO plugin. -->","yoast_head_json":{"title":"Caves \u00e0 vin Vintec | Electrolux Professionnel France","description":"D\u00e9couvrez les caves \u00e0 vin Vintec d'Electrolux Professionnel France. Conservez vos plus belles bouteilles de vin dans les meilleures conditions possibles.","robots":{"index":"index","follow":"follow","max-snippet":"max-snippet:-1","max-image-preview":"max-image-preview:large","max-video-preview":"max-video-preview:-1"},"canonical":"https:\/\/www.electroluxprofessional.com\/fr-be\/caves-vin\/","og_locale":"fr_FR","og_type":"article","og_title":"Caves \u00e0 vin Vintec | Electrolux Professionnel France","og_description":"D\u00e9couvrez les caves \u00e0 vin Vintec d'Electrolux Professionnel France. Conservez vos plus belles bouteilles de vin dans les meilleures conditions possibles.","og_url":"https:\/\/www.electroluxprofessional.com\/fr-be\/caves-vin\/","og_site_name":"Electrolux Professional Belgique","article_modified_time":"2025-11-05T16:25:39+00:00","og_image":[{"width":750,"height":400,"url":"https:\/\/www.electroluxprofessional.com\/fr-be\/wp-content\/uploads\/2018\/05\/corkscrew_CMYK-1.jpg","type":"image\/jpeg"}],"twitter_card":"summary_large_image","twitter_misc":{"Dur\u00e9e de lecture est.":"3 minutes"},"schema":{"@context":"https:\/\/schema.org","@graph":[{"@type":"WebPage","@id":"https:\/\/www.electroluxprofessional.com\/fr-be\/caves-vin\/","url":"https:\/\/www.electroluxprofessional.com\/fr-be\/caves-vin\/","name":"Caves \u00e0 vin Vintec | Electrolux Professionnel France","isPartOf":{"@id":"https:\/\/www.electroluxprofessional.com\/fr-be\/#website"},"primaryImageOfPage":{"@id":"https:\/\/www.electroluxprofessional.com\/fr-be\/caves-vin\/#primaryimage"},"image":{"@id":"https:\/\/www.electroluxprofessional.com\/fr-be\/caves-vin\/#primaryimage"},"thumbnailUrl":"https:\/\/www.electroluxprofessional.com\/fr-be\/wp-content\/uploads\/2018\/05\/corkscrew_CMYK-1.jpg","datePublished":"2018-05-23T15:12:16+00:00","dateModified":"2025-11-05T16:25:39+00:00","description":"D\u00e9couvrez les caves \u00e0 vin Vintec d'Electrolux Professionnel France. Conservez vos plus belles bouteilles de vin dans les meilleures conditions possibles.","breadcrumb":{"@id":"https:\/\/www.electroluxprofessional.com\/fr-be\/caves-vin\/#breadcrumb"},"inLanguage":"fr-BE","potentialAction":[{"@type":"ReadAction","target":["https:\/\/www.electroluxprofessional.com\/fr-be\/caves-vin\/"]}]},{"@type":"ImageObject","inLanguage":"fr-BE","@id":"https:\/\/www.electroluxprofessional.com\/fr-be\/caves-vin\/#primaryimage","url":"https:\/\/www.electroluxprofessional.com\/fr-be\/wp-content\/uploads\/2018\/05\/corkscrew_CMYK-1.jpg","contentUrl":"https:\/\/www.electroluxprofessional.com\/fr-be\/wp-content\/uploads\/2018\/05\/corkscrew_CMYK-1.jpg","width":750,"height":400,"caption":"corkscrew wineline"},{"@type":"BreadcrumbList","@id":"https:\/\/www.electroluxprofessional.com\/fr-be\/caves-vin\/#breadcrumb","itemListElement":[{"@type":"ListItem","position":1,"name":"Home","item":"https:\/\/www.electroluxprofessional.com\/fr-be\/"},{"@type":"ListItem","position":2,"name":"Caves \u00e0 vins"}]},{"@type":"WebSite","@id":"https:\/\/www.electroluxprofessional.com\/fr-be\/#website","url":"https:\/\/www.electroluxprofessional.com\/fr-be\/","name":"Electrolux Professional Belgique","description":"Electrolux Professional est le leader mondial en mati\u00e8re d&#039;\u00e9quipements de cuisines et de blanchisseries professionnelles.","potentialAction":[{"@type":"SearchAction","target":{"@type":"EntryPoint","urlTemplate":"https:\/\/www.electroluxprofessional.com\/fr-be\/?src={search_term_string}"},"query-input":"required name=search_term_string"}],"inLanguage":"fr-BE"}]}},"_links":{"self":[{"href":"https:\/\/www.electroluxprofessional.com\/fr-be\/wp-json\/wp\/v2\/pages\/6238"}],"collection":[{"href":"https:\/\/www.electroluxprofessional.com\/fr-be\/wp-json\/wp\/v2\/pages"}],"about":[{"href":"https:\/\/www.electroluxprofessional.com\/fr-be\/wp-json\/wp\/v2\/types\/page"}],"author":[{"embeddable":true,"href":"https:\/\/www.electroluxprofessional.com\/fr-be\/wp-json\/wp\/v2\/users\/3"}],"replies":[{"embeddable":true,"href":"https:\/\/www.electroluxprofessional.com\/fr-be\/wp-json\/wp\/v2\/comments?post=6238"}],"version-history":[{"count":4,"href":"https:\/\/www.electroluxprofessional.com\/fr-be\/wp-json\/wp\/v2\/pages\/6238\/revisions"}],"predecessor-version":[{"id":14083,"href":"https:\/\/www.electroluxprofessional.com\/fr-be\/wp-json\/wp\/v2\/pages\/6238\/revisions\/14083"}],"wp:featuredmedia":[{"embeddable":true,"href":"https:\/\/www.electroluxprofessional.com\/fr-be\/wp-json\/wp\/v2\/media\/6230"}],"wp:attachment":[{"href":"https:\/\/www.electroluxprofessional.com\/fr-be\/wp-json\/wp\/v2\/media?parent=6238"}],"curies":[{"name":"wp","href":"https:\/\/api.w.org\/{rel}","templated":true}]}}