{"id":6215,"date":"2016-08-25T08:47:14","date_gmt":"2016-08-25T08:47:14","guid":{"rendered":"https:\/\/www.electroluxprofessional.com\/?page_id=2876"},"modified":"2024-05-21T14:34:54","modified_gmt":"2024-05-21T14:34:54","slug":"accessoires-et-consommables","status":"publish","type":"page","link":"https:\/\/www.electroluxprofessional.com\/fr-be\/accessoires-et-consommables\/","title":{"rendered":"Accessoires et consommables"},"content":{"rendered":"<p>[vc_row full_width=&#8221;electroluxpro-full-width-no-padding&#8221;][vc_column][elx_image_block background_image=&#8221;6208&#8243; minimum_height=&#8221;400px&#8221;][\/vc_column][\/vc_row][vc_row][vc_column][elx_heading font_container=&#8221;h1&#8243; font_size=&#8221;h3&#8243; text_color=&#8221;inherit&#8221;]Accessoires et Consommables[\/elx_heading][elx_heading font_size=&#8221;h5&#8243; text_color=&#8221;electrolux-blue&#8221;]Des solutions intelligentes<br \/>\nsur mesure[\/elx_heading][vc_column_text]Les Accessoires et Consommables ont \u00e9t\u00e9 rigoreusement test\u00e9s par les experts Electrolux Professional afin de<strong> garantir la dur\u00e9e de vie, les performances et l&#8217;efficacit\u00e9 des appareils<\/strong>, ainsi que la s\u00e9curit\u00e9 des utilisateurs , des clients et de votre entreprise. Si vous utilisez des Accessoires et Consommables d&#8217;origine, les performances de vos \u00e9quipements restent optimales, ce qui <strong>augmente votre efficacit\u00e9 et votre rentabilit\u00e9<\/strong>.[\/vc_column_text][\/vc_column][\/vc_row][vc_row][vc_column width=&#8221;1\/3&#8243;][elx_heading font_size=&#8221;h3&#8243; text_color=&#8221;inherit&#8221;]Accessoires et Consommables d&#8217;origine[\/elx_heading][vc_column_text]En ouvrant la voie de la qualit\u00e9, nous vous fournissons des Accessoires et Consommables d&#8217;origine pour garantir des performances et des r\u00e9sultats en termes d&#8217;hygi\u00e8ne.[\/vc_column_text][\/vc_column][vc_column width=&#8221;1\/3&#8243;][elx_heading font_size=&#8221;h3&#8243; text_color=&#8221;inherit&#8221;]Long\u00e9vit\u00e9 et qualit\u00e9<br \/>\ndes performances[\/elx_heading][vc_column_text]Nous accordons une grande importance au cycle de vie et aux performances des produits. Nos Accessoires et Consommables garantissent qualit\u00e9 et coh\u00e9rence des performances.[\/vc_column_text][\/vc_column][vc_column width=&#8221;1\/3&#8243;][elx_heading font_size=&#8221;h3&#8243; text_color=&#8221;inherit&#8221;]Livraison rapide<br \/>\npartout dans le monde[\/elx_heading][vc_column_text]Notre vaste stock mondial d&#8217;Accessoires et Consommables, ainsi que notre r\u00e9seau de livraison vous garantissent une livraison rapide, o\u00f9 que vous soyez.[\/vc_column_text][\/vc_column][\/vc_row][vc_row][vc_column][vc_empty_space height=&#8221;50px&#8221;][\/vc_column][\/vc_row][vc_row css=&#8221;.vc_custom_1523535531732{background-color: #f4f4f4 !important;}&#8221;][vc_column width=&#8221;1\/3&#8243;][vc_empty_space][elx_simple_link_block link=&#8221;url:https%3A%2F%2Fprofessional.electrolux.be%2Ffr%2Faccessoires-consommables-cuisson-modulaire%2F|||&#8221; text_align=&#8221;text-left&#8221; text_color=&#8221;inherit&#8221; background_color=&#8221;inherit&#8221; background_hover_color=&#8221;darker-hover&#8221; extra_class=&#8221;&#8221; reveal_effect=&#8221;&#8221; reveal_duration=&#8221;&#8221; reveal_delay=&#8221;&#8221;][vc_single_image image=&#8221;6209&#8243; img_size=&#8221;360*120&#8243;][elx_heading font_size=&#8221;h5&#8243; text_color=&#8221;inherit&#8221;]Cuisson Modulaire[\/elx_heading][vc_column_text]Pour des cuiseurs de p\u00e2tes, des grilles, des fry tops ou un d\u00e9graissant professionnel pour des surfaces chaudes[\/vc_column_text][\/elx_simple_link_block][\/vc_column][vc_column width=&#8221;1\/3&#8243;][vc_empty_space][elx_simple_link_block link=&#8221;url:https%3A%2F%2Fprofessional.electrolux.be%2Ffr%2Faccessoires-consommables-speedelight%2F|title:SpeeDelight||&#8221; text_align=&#8221;text-left&#8221; text_color=&#8221;inherit&#8221; background_color=&#8221;inherit&#8221; background_hover_color=&#8221;darker-hover&#8221; extra_class=&#8221;&#8221; reveal_effect=&#8221;&#8221; reveal_duration=&#8221;&#8221; reveal_delay=&#8221;&#8221;][vc_single_image image=&#8221;6210&#8243; img_size=&#8221;360*120&#8243;][elx_heading font_size=&#8221;h5&#8243; text_color=&#8221;inherit&#8221;]SpeeDelight[\/elx_heading][vc_column_text]Prenez soin de votre SpeeDelight et obtenez toujours les meilleurs r\u00e9sultats[\/vc_column_text][\/elx_simple_link_block][\/vc_column][vc_column width=&#8221;1\/3&#8243;][vc_empty_space][elx_simple_link_block link=&#8221;url:https%3A%2F%2Fprofessional.electrolux.be%2Ffr%2Faccessoires-consommables-cook-and-chill%2F|title:Cook%20%26%20Chill||&#8221; text_align=&#8221;text-left&#8221; text_color=&#8221;inherit&#8221; background_color=&#8221;inherit&#8221; background_hover_color=&#8221;darker-hover&#8221; extra_class=&#8221;&#8221; reveal_effect=&#8221;&#8221; reveal_duration=&#8221;&#8221; reveal_delay=&#8221;&#8221;][vc_single_image image=&#8221;6211&#8243; img_size=&#8221;360*120&#8243;][elx_heading font_size=&#8221;h5&#8243; text_color=&#8221;inherit&#8221;]Cook &amp; Chill[\/elx_heading][vc_column_text]Des grilles, plaques, filtres, accessoires pour cuisson \u00e0 sous-vide etc.[\/vc_column_text][\/elx_simple_link_block][\/vc_column][\/vc_row][vc_row css=&#8221;.vc_custom_1523535559178{background-color: #f4f4f4 !important;}&#8221;][vc_column width=&#8221;1\/3&#8243;][elx_simple_link_block link=&#8221;url:https%3A%2F%2Fprofessional.electrolux.be%2Ffr%2Faccessoires-consommables-refrigeration%2F|title:Refrigeration||&#8221; text_align=&#8221;text-left&#8221; text_color=&#8221;inherit&#8221; background_color=&#8221;inherit&#8221; background_hover_color=&#8221;darker-hover&#8221; extra_class=&#8221;&#8221; reveal_effect=&#8221;&#8221; reveal_duration=&#8221;&#8221; reveal_delay=&#8221;&#8221;][vc_single_image image=&#8221;6212&#8243; img_size=&#8221;360*120&#8243;][elx_heading font_size=&#8221;h5&#8243; text_color=&#8221;inherit&#8221;]R\u00e9frig\u00e9ration[\/elx_heading][vc_column_text]Pour bien conserver vos ingr\u00e9dients, les bonnes accessoires sont indispensables[\/vc_column_text][\/elx_simple_link_block][\/vc_column][vc_column width=&#8221;1\/3&#8243;][elx_simple_link_block link=&#8221;url:https%3A%2F%2Fprofessional.electrolux.be%2Ffr%2Faccessoires-consommables-laverie%2F|title:Dishwashing%20equipment||&#8221; text_align=&#8221;text-left&#8221; text_color=&#8221;inherit&#8221; background_color=&#8221;inherit&#8221; background_hover_color=&#8221;darker-hover&#8221; extra_class=&#8221;&#8221; reveal_effect=&#8221;&#8221; reveal_duration=&#8221;&#8221; reveal_delay=&#8221;&#8221;][vc_single_image image=&#8221;6213&#8243; img_size=&#8221;360*120&#8243;][elx_heading font_size=&#8221;h5&#8243; text_color=&#8221;inherit&#8221;]Laverie[\/elx_heading][vc_column_text]Choisissez d&#8217;une vaste gamme d&#8217;accessoires d\u00e9di\u00e9e \u00e0 la zone de laverie[\/vc_column_text][\/elx_simple_link_block][\/vc_column][vc_column width=&#8221;1\/3&#8243;][elx_simple_link_block link=&#8221;url:https%3A%2F%2Fprofessional.electrolux.be%2Ffr%2Faccessoires-consommables-produits-blanchisserie%2F|title:Laundry||&#8221; text_align=&#8221;text-left&#8221; text_color=&#8221;inherit&#8221; background_color=&#8221;inherit&#8221; background_hover_color=&#8221;darker-hover&#8221; extra_class=&#8221;&#8221; reveal_effect=&#8221;&#8221; reveal_duration=&#8221;&#8221; reveal_delay=&#8221;&#8221;][vc_single_image image=&#8221;6214&#8243; img_size=&#8221;360*120&#8243;][elx_heading font_size=&#8221;h5&#8243; text_color=&#8221;inherit&#8221;]Blanchisserie[\/elx_heading][vc_column_text]Les petits d\u00e9tails peuvent faire une grande diff\u00e9rence dans une blanchisserie haute de gamme[\/vc_column_text][\/elx_simple_link_block][\/vc_column][\/vc_row][vc_row][vc_column][vc_empty_space][elx_heading font_container=&#8221;h3&#8243; text_color=&#8221;inherit&#8221;]D\u00e9couvrez plus sur nos Accessoires &amp; Consommables[\/elx_heading][elx_o2000_contact_us r=&#8221;Bonjour, je souhaite avoir davantage d&#8217;informations sur les Accessoires et Consommables. Pouvez-vous me recontacter svp ?&#8221; s=&#8221;Demande d&#8217;info sur les Accessoires et Consommables&#8221; e=&#8221;professional@electrolux.be&#8221; country=&#8221;Belgium&#8221; l=&#8221;fr-be&#8221; container=&#8221;elxcontactus1484303211&#8243;][\/vc_column][\/vc_row][vc_row][vc_column][vc_empty_space][\/vc_column][\/vc_row][vc_row][vc_column][vc_empty_space][\/vc_column][\/vc_row]<\/p>\n","protected":false},"excerpt":{"rendered":"<p>[vc_row full_width=&#8221;electroluxpro-full-width-no-padding&#8221;][vc_column][elx_image_block background_image=&#8221;6208&#8243; minimum_height=&#8221;400px&#8221;][\/vc_column][\/vc_row][vc_row][vc_column][elx_heading font_container=&#8221;h1&#8243; font_size=&#8221;h3&#8243; text_color=&#8221;inherit&#8221;]Accessoires et Consommables[\/elx_heading][elx_heading font_size=&#8221;h5&#8243; text_color=&#8221;electrolux-blue&#8221;]Des solutions intelligentes sur mesure[\/elx_heading][vc_column_text]Les Accessoires et Consommables ont \u00e9t\u00e9 rigoreusement test\u00e9s par les experts Electrolux Professional afin de garantir la dur\u00e9e de vie, les performances et l&#8217;efficacit\u00e9 des appareils, ainsi que la s\u00e9curit\u00e9 des utilisateurs , des clients et de votre entreprise. Si vous [&hellip;]<\/p>\n","protected":false},"author":3,"featured_media":0,"parent":0,"menu_order":0,"comment_status":"closed","ping_status":"closed","template":"","meta":{"footnotes":""},"class_list":["post-6215","page","type-page","status-publish","hentry"],"acf":[],"yoast_head":"<!-- This site is optimized with the Yoast SEO plugin v23.3 - https:\/\/yoast.com\/wordpress\/plugins\/seo\/ -->\n<title>Accessoires et Consommables - Electrolux Professional Belgique<\/title>\n<meta name=\"description\" content=\"Si vous utilisez des accessoires et consommables d\u2019origine, les performances de vos \u00e9quipements restent optimales, ce qui augmente votre rentabilit\u00e9.\" \/>\n<meta name=\"robots\" content=\"index, follow, max-snippet:-1, max-image-preview:large, max-video-preview:-1\" \/>\n<link rel=\"canonical\" href=\"https:\/\/www.electroluxprofessional.com\/fr-be\/accessoires-et-consommables\/\" \/>\n<meta property=\"og:locale\" content=\"fr_FR\" \/>\n<meta property=\"og:type\" content=\"article\" \/>\n<meta property=\"og:title\" content=\"Accessoires et Consommables - Electrolux Professional Belgique\" \/>\n<meta property=\"og:description\" content=\"Si vous utilisez des accessoires et consommables d\u2019origine, les performances de vos \u00e9quipements restent optimales, ce qui augmente votre rentabilit\u00e9.\" \/>\n<meta property=\"og:url\" content=\"https:\/\/www.electroluxprofessional.com\/fr-be\/accessoires-et-consommables\/\" \/>\n<meta property=\"og:site_name\" content=\"Electrolux Professional Belgique\" \/>\n<meta property=\"article:modified_time\" content=\"2024-05-21T14:34:54+00:00\" \/>\n<meta name=\"twitter:card\" content=\"summary_large_image\" \/>\n<meta name=\"twitter:label1\" content=\"Dur\u00e9e de lecture est.\" \/>\n\t<meta name=\"twitter:data1\" content=\"5 minutes\" \/>\n<script type=\"application\/ld+json\" class=\"yoast-schema-graph\">{\"@context\":\"https:\/\/schema.org\",\"@graph\":[{\"@type\":\"WebPage\",\"@id\":\"https:\/\/www.electroluxprofessional.com\/fr-be\/accessoires-et-consommables\/\",\"url\":\"https:\/\/www.electroluxprofessional.com\/fr-be\/accessoires-et-consommables\/\",\"name\":\"Accessoires et Consommables - Electrolux Professional Belgique\",\"isPartOf\":{\"@id\":\"https:\/\/www.electroluxprofessional.com\/fr-be\/#website\"},\"datePublished\":\"2016-08-25T08:47:14+00:00\",\"dateModified\":\"2024-05-21T14:34:54+00:00\",\"description\":\"Si vous utilisez des accessoires et consommables d\u2019origine, les performances de vos \u00e9quipements restent optimales, ce qui augmente votre rentabilit\u00e9.\",\"breadcrumb\":{\"@id\":\"https:\/\/www.electroluxprofessional.com\/fr-be\/accessoires-et-consommables\/#breadcrumb\"},\"inLanguage\":\"fr-BE\",\"potentialAction\":[{\"@type\":\"ReadAction\",\"target\":[\"https:\/\/www.electroluxprofessional.com\/fr-be\/accessoires-et-consommables\/\"]}]},{\"@type\":\"BreadcrumbList\",\"@id\":\"https:\/\/www.electroluxprofessional.com\/fr-be\/accessoires-et-consommables\/#breadcrumb\",\"itemListElement\":[{\"@type\":\"ListItem\",\"position\":1,\"name\":\"Home\",\"item\":\"https:\/\/www.electroluxprofessional.com\/fr-be\/\"},{\"@type\":\"ListItem\",\"position\":2,\"name\":\"Accessoires et consommables\"}]},{\"@type\":\"WebSite\",\"@id\":\"https:\/\/www.electroluxprofessional.com\/fr-be\/#website\",\"url\":\"https:\/\/www.electroluxprofessional.com\/fr-be\/\",\"name\":\"Electrolux Professional Belgique\",\"description\":\"Electrolux Professional est le leader mondial en mati\u00e8re d&#039;\u00e9quipements de cuisines et de blanchisseries professionnelles.\",\"potentialAction\":[{\"@type\":\"SearchAction\",\"target\":{\"@type\":\"EntryPoint\",\"urlTemplate\":\"https:\/\/www.electroluxprofessional.com\/fr-be\/?src={search_term_string}\"},\"query-input\":\"required name=search_term_string\"}],\"inLanguage\":\"fr-BE\"}]}<\/script>\n<!-- \/ Yoast SEO plugin. -->","yoast_head_json":{"title":"Accessoires et Consommables - Electrolux Professional Belgique","description":"Si vous utilisez des accessoires et consommables d\u2019origine, les performances de vos \u00e9quipements restent optimales, ce qui augmente votre rentabilit\u00e9.","robots":{"index":"index","follow":"follow","max-snippet":"max-snippet:-1","max-image-preview":"max-image-preview:large","max-video-preview":"max-video-preview:-1"},"canonical":"https:\/\/www.electroluxprofessional.com\/fr-be\/accessoires-et-consommables\/","og_locale":"fr_FR","og_type":"article","og_title":"Accessoires et Consommables - Electrolux Professional Belgique","og_description":"Si vous utilisez des accessoires et consommables d\u2019origine, les performances de vos \u00e9quipements restent optimales, ce qui augmente votre rentabilit\u00e9.","og_url":"https:\/\/www.electroluxprofessional.com\/fr-be\/accessoires-et-consommables\/","og_site_name":"Electrolux Professional Belgique","article_modified_time":"2024-05-21T14:34:54+00:00","twitter_card":"summary_large_image","twitter_misc":{"Dur\u00e9e de lecture est.":"5 minutes"},"schema":{"@context":"https:\/\/schema.org","@graph":[{"@type":"WebPage","@id":"https:\/\/www.electroluxprofessional.com\/fr-be\/accessoires-et-consommables\/","url":"https:\/\/www.electroluxprofessional.com\/fr-be\/accessoires-et-consommables\/","name":"Accessoires et Consommables - Electrolux Professional Belgique","isPartOf":{"@id":"https:\/\/www.electroluxprofessional.com\/fr-be\/#website"},"datePublished":"2016-08-25T08:47:14+00:00","dateModified":"2024-05-21T14:34:54+00:00","description":"Si vous utilisez des accessoires et consommables d\u2019origine, les performances de vos \u00e9quipements restent optimales, ce qui augmente votre rentabilit\u00e9.","breadcrumb":{"@id":"https:\/\/www.electroluxprofessional.com\/fr-be\/accessoires-et-consommables\/#breadcrumb"},"inLanguage":"fr-BE","potentialAction":[{"@type":"ReadAction","target":["https:\/\/www.electroluxprofessional.com\/fr-be\/accessoires-et-consommables\/"]}]},{"@type":"BreadcrumbList","@id":"https:\/\/www.electroluxprofessional.com\/fr-be\/accessoires-et-consommables\/#breadcrumb","itemListElement":[{"@type":"ListItem","position":1,"name":"Home","item":"https:\/\/www.electroluxprofessional.com\/fr-be\/"},{"@type":"ListItem","position":2,"name":"Accessoires et consommables"}]},{"@type":"WebSite","@id":"https:\/\/www.electroluxprofessional.com\/fr-be\/#website","url":"https:\/\/www.electroluxprofessional.com\/fr-be\/","name":"Electrolux Professional Belgique","description":"Electrolux Professional est le leader mondial en mati\u00e8re d&#039;\u00e9quipements de cuisines et de blanchisseries professionnelles.","potentialAction":[{"@type":"SearchAction","target":{"@type":"EntryPoint","urlTemplate":"https:\/\/www.electroluxprofessional.com\/fr-be\/?src={search_term_string}"},"query-input":"required name=search_term_string"}],"inLanguage":"fr-BE"}]}},"_links":{"self":[{"href":"https:\/\/www.electroluxprofessional.com\/fr-be\/wp-json\/wp\/v2\/pages\/6215"}],"collection":[{"href":"https:\/\/www.electroluxprofessional.com\/fr-be\/wp-json\/wp\/v2\/pages"}],"about":[{"href":"https:\/\/www.electroluxprofessional.com\/fr-be\/wp-json\/wp\/v2\/types\/page"}],"author":[{"embeddable":true,"href":"https:\/\/www.electroluxprofessional.com\/fr-be\/wp-json\/wp\/v2\/users\/3"}],"replies":[{"embeddable":true,"href":"https:\/\/www.electroluxprofessional.com\/fr-be\/wp-json\/wp\/v2\/comments?post=6215"}],"version-history":[{"count":6,"href":"https:\/\/www.electroluxprofessional.com\/fr-be\/wp-json\/wp\/v2\/pages\/6215\/revisions"}],"predecessor-version":[{"id":6916,"href":"https:\/\/www.electroluxprofessional.com\/fr-be\/wp-json\/wp\/v2\/pages\/6215\/revisions\/6916"}],"wp:attachment":[{"href":"https:\/\/www.electroluxprofessional.com\/fr-be\/wp-json\/wp\/v2\/media?parent=6215"}],"curies":[{"name":"wp","href":"https:\/\/api.w.org\/{rel}","templated":true}]}}