{"id":6180,"date":"2018-05-09T15:33:48","date_gmt":"2018-05-09T14:33:48","guid":{"rendered":"https:\/\/www.electroluxprofessional.com\/?page_id=15376"},"modified":"2020-09-10T14:52:16","modified_gmt":"2020-09-10T14:52:16","slug":"contrats-de-services","status":"publish","type":"page","link":"https:\/\/www.electroluxprofessional.com\/fr-be\/contrats-de-services\/","title":{"rendered":"Contrats de services"},"content":{"rendered":"<p>[vc_row full_width=&#8221;electroluxpro-full-width-no-padding&#8221;][vc_column][elx_image_block background_image=&#8221;6176&#8243; minimum_height=&#8221;300px&#8221;][\/vc_column][\/vc_row][vc_row][vc_column width=&#8221;2\/3&#8243;][vc_empty_space][elx_heading font_container=&#8221;h1&#8243; font_size=&#8221;h3&#8243; text_color=&#8221;inherit&#8221;]Contrats de services fiables[\/elx_heading][vc_empty_space][elx_heading font_size=&#8221;h5&#8243; text_color=&#8221;inherit&#8221;][\/elx_heading][vc_column_text]Electrolux Professional Customer Care propose <strong>un certain nombre de packs de contrats de services<\/strong>, \u00e9labor\u00e9s conform\u00e9ment \u00e0 nos manuels\u00a0 de produits pour garantir les performances et le bon fonctionnement de vos \u00e9quipements, <strong>tout en optimisant leur dur\u00e9e de vie et leur rentabilit\u00e9<\/strong>.\u00a0 Avec ces contrats de services, vous \u00eates s\u00fbr de profiter du confort et de la s\u00e9curit\u00e9 de savoir vos \u00e9quipements entre de bonnes mains.[\/vc_column_text][elx_heading font_container=&#8221;h3&#8243; font_size=&#8221;h5&#8243; text_color=&#8221;inherit&#8221;]Pack de services Base[\/elx_heading][vc_column_text]Basic Care, inclu dans l&#8217;achat de nos produits, vous fournit une assistance technique gratuite par t\u00e9l\u00e9phone et par e-mail aux heures de bureau, acc\u00e8s au stock de pi\u00e8ces d\u00e9tach\u00e9es et soumission \u00e0 l&#8217;intervention sur site.[\/vc_column_text][\/vc_column][vc_column width=&#8221;1\/3&#8243;][vc_empty_space][vc_empty_space][vc_empty_space][vc_single_image image=&#8221;6177&#8243; img_size=&#8221;full&#8221;][\/vc_column][\/vc_row][vc_row][vc_column][elx_heading font_size=&#8221;h3&#8243; text_color=&#8221;inherit&#8221;]Packs de contrats de service (*)[\/elx_heading][vc_column_text](*) Selon disponbilit\u00e9 locale[\/vc_column_text][vc_empty_space height=&#8221;50px&#8221;][\/vc_column][\/vc_row][vc_row][vc_column width=&#8221;1\/3&#8243;][vc_empty_space css=&#8221;.vc_custom_1519742058383{background-color: #9fb5ba !important;}&#8221;][elx_heading font_container=&#8221;h3&#8243; font_size=&#8221;h3&#8243; text_color=&#8221;electrolux-blue&#8221; css=&#8221;.vc_custom_1519741850501{background-color: #041e41 !important;}&#8221;]Performance[\/elx_heading][elx_heading font_container=&#8221;h4&#8243; font_size=&#8221;h5&#8243; text_color=&#8221;electrolux-blue&#8221;]Elevez vos normes[\/elx_heading][vc_column_text]R\u00e9duisez le nombre d&#8217;arr\u00eats non planifi\u00e9s, conservez les conditions de garantie et garantissez les performances de fonctionnement optimales.[\/vc_column_text][\/vc_column][vc_column width=&#8221;1\/3&#8243;][vc_empty_space css=&#8221;.vc_custom_1519742117220{background-color: #666765 !important;}&#8221;][elx_heading font_container=&#8221;h3&#8243; font_size=&#8221;h3&#8243; text_color=&#8221;electrolux-blue&#8221;]Premium[\/elx_heading][elx_heading font_container=&#8221;h4&#8243; font_size=&#8221;h5&#8243; text_color=&#8221;inherit&#8221;]Encore plus d&#8217;avantages[\/elx_heading][vc_column_text]Avec l&#8217;avantage suppl\u00e9mentaire des pi\u00e8ces d\u00e9tach\u00e9es comprises dans le contrat pour des interventions r\u00e9actives sur site.[\/vc_column_text][\/vc_column][vc_column width=&#8221;1\/3&#8243;][vc_empty_space css=&#8221;.vc_custom_1519742137766{background-color: #bc8c47 !important;}&#8221;][elx_heading font_size=&#8221;h3&#8243; text_color=&#8221;electrolux-blue&#8221;]Excellence[\/elx_heading][elx_heading font_container=&#8221;h4&#8243; font_size=&#8221;h5&#8243; text_color=&#8221;inherit&#8221; css=&#8221;.vc_custom_1528189081347{background-image: url(https:\/\/www.electroluxprofessional.com\/fr-be\/wp-content\/uploads\/2018\/02\/Excellence.jpg?id=15451) !important;}&#8221;]La tranquilit\u00e9 d&#8217;esprit assur\u00e9e[\/elx_heading][vc_column_text]Un pack all-inclusive qui comprend les services et les entriens \u00e0 frais fixes.[\/vc_column_text][\/vc_column][\/vc_row][vc_row][vc_column][elx_heading font_size=&#8221;h3&#8243; text_color=&#8221;inherit&#8221;]Optez pour un contrat de services[\/elx_heading][elx_o2000_contact_us r=&#8221;Bonjour, je souhaite avoir davantage d&#8217;informations sur les contrats de service Essentia. Pouvez-vous me recontacter svp ?&#8221; s=&#8221;Demande d&#8217;info sur les contrats de services Essentia&#8221; country=&#8221;Belgium&#8221; l=&#8221;fr-be&#8221; e=&#8221;professional@electrolux.be&#8221; container=&#8221;elxcontactus1484293813&#8243;][\/vc_column][\/vc_row][vc_row][vc_column][elx_heading font_size=&#8221;h3&#8243; text_color=&#8221;inherit&#8221;]Vous pouvez en avoir confiance[\/elx_heading][vc_column_text]Nous nous occupons de vos \u00e9quipements<br \/>\npour vous laisser le temps de g\u00e9rez vos affaires[\/vc_column_text][\/vc_column][\/vc_row][vc_row][vc_column width=&#8221;1\/3&#8243;][elx_download_block text=&#8221;Contrats de service<br \/>\nBrochure&#8221; link=&#8221;https:\/\/www.electroluxprofessional.com\/fr-be\/wp-content\/uploads\/2018\/06\/Service-Agreement-FR_LR.pdf&#8221; background_color=&#8221;electrolux-blue&#8221;][\/vc_column][\/vc_row][vc_row][vc_column][vc_empty_space][\/vc_column][\/vc_row][vc_row css=&#8221;.vc_custom_1525876248980{background-color: #eeeeee !important;}&#8221;][vc_column][elx_heading font_size=&#8221;h3&#8243; text_color=&#8221;inherit&#8221;]En savoir plus[\/elx_heading][vc_empty_space][\/vc_column][\/vc_row][vc_row css=&#8221;.vc_custom_1525876257702{background-color: #eeeeee !important;}&#8221;][vc_column width=&#8221;1\/3&#8243;][elx_maylike_box id_box=&#8221;6032&#8243;][\/vc_column][vc_column width=&#8221;1\/3&#8243;][\/vc_column][vc_column width=&#8221;1\/3&#8243;][\/vc_column][\/vc_row]<\/p>\n","protected":false},"excerpt":{"rendered":"<p>[vc_row full_width=&#8221;electroluxpro-full-width-no-padding&#8221;][vc_column][elx_image_block background_image=&#8221;6176&#8243; minimum_height=&#8221;300px&#8221;][\/vc_column][\/vc_row][vc_row][vc_column width=&#8221;2\/3&#8243;][vc_empty_space][elx_heading font_container=&#8221;h1&#8243; font_size=&#8221;h3&#8243; text_color=&#8221;inherit&#8221;]Contrats de services fiables[\/elx_heading][vc_empty_space][elx_heading font_size=&#8221;h5&#8243; text_color=&#8221;inherit&#8221;][\/elx_heading][vc_column_text]Electrolux Professional Customer Care propose un certain nombre de packs de contrats de services, \u00e9labor\u00e9s conform\u00e9ment \u00e0 nos manuels\u00a0 de produits pour garantir les performances et le bon fonctionnement de vos \u00e9quipements, tout en optimisant leur dur\u00e9e de vie et leur rentabilit\u00e9.\u00a0 Avec [&hellip;]<\/p>\n","protected":false},"author":3,"featured_media":6175,"parent":0,"menu_order":0,"comment_status":"closed","ping_status":"closed","template":"","meta":{"footnotes":""},"class_list":["post-6180","page","type-page","status-publish","has-post-thumbnail","hentry"],"acf":[],"yoast_head":"<!-- This site is optimized with the Yoast SEO plugin v23.3 - https:\/\/yoast.com\/wordpress\/plugins\/seo\/ -->\n<title>Contrats de services - Electrolux Professional Belgique<\/title>\n<meta name=\"description\" content=\"Essentia Customer Care propose un certain nombre de contrats de service sur mesure qui sont essentiels pour maintenir la rentabilit\u00e9 de votre entreprise.\" \/>\n<meta name=\"robots\" content=\"index, follow, max-snippet:-1, max-image-preview:large, max-video-preview:-1\" \/>\n<link rel=\"canonical\" href=\"https:\/\/www.electroluxprofessional.com\/fr-be\/contrats-de-services\/\" \/>\n<meta property=\"og:locale\" content=\"fr_FR\" \/>\n<meta property=\"og:type\" content=\"article\" \/>\n<meta property=\"og:title\" content=\"Contrats de services - Electrolux Professional Belgique\" \/>\n<meta property=\"og:description\" content=\"Essentia Customer Care propose un certain nombre de contrats de service sur mesure qui sont essentiels pour maintenir la rentabilit\u00e9 de votre entreprise.\" \/>\n<meta property=\"og:url\" content=\"https:\/\/www.electroluxprofessional.com\/fr-be\/contrats-de-services\/\" \/>\n<meta property=\"og:site_name\" content=\"Electrolux Professional Belgique\" \/>\n<meta property=\"article:modified_time\" content=\"2020-09-10T14:52:16+00:00\" \/>\n<meta property=\"og:image\" content=\"https:\/\/www.electroluxprofessional.com\/fr-be\/wp-content\/uploads\/2017\/01\/cutomer-care-2-4.jpg\" \/>\n\t<meta property=\"og:image:width\" content=\"2000\" \/>\n\t<meta property=\"og:image:height\" content=\"1691\" \/>\n\t<meta property=\"og:image:type\" content=\"image\/jpeg\" \/>\n<meta name=\"twitter:card\" content=\"summary_large_image\" \/>\n<meta name=\"twitter:label1\" content=\"Dur\u00e9e de lecture est.\" \/>\n\t<meta name=\"twitter:data1\" content=\"3 minutes\" \/>\n<script type=\"application\/ld+json\" class=\"yoast-schema-graph\">{\"@context\":\"https:\/\/schema.org\",\"@graph\":[{\"@type\":\"WebPage\",\"@id\":\"https:\/\/www.electroluxprofessional.com\/fr-be\/contrats-de-services\/\",\"url\":\"https:\/\/www.electroluxprofessional.com\/fr-be\/contrats-de-services\/\",\"name\":\"Contrats de services - Electrolux Professional Belgique\",\"isPartOf\":{\"@id\":\"https:\/\/www.electroluxprofessional.com\/fr-be\/#website\"},\"primaryImageOfPage\":{\"@id\":\"https:\/\/www.electroluxprofessional.com\/fr-be\/contrats-de-services\/#primaryimage\"},\"image\":{\"@id\":\"https:\/\/www.electroluxprofessional.com\/fr-be\/contrats-de-services\/#primaryimage\"},\"thumbnailUrl\":\"https:\/\/www.electroluxprofessional.com\/fr-be\/wp-content\/uploads\/2017\/01\/cutomer-care-2-4.jpg\",\"datePublished\":\"2018-05-09T14:33:48+00:00\",\"dateModified\":\"2020-09-10T14:52:16+00:00\",\"description\":\"Essentia Customer Care propose un certain nombre de contrats de service sur mesure qui sont essentiels pour maintenir la rentabilit\u00e9 de votre entreprise.\",\"breadcrumb\":{\"@id\":\"https:\/\/www.electroluxprofessional.com\/fr-be\/contrats-de-services\/#breadcrumb\"},\"inLanguage\":\"fr-BE\",\"potentialAction\":[{\"@type\":\"ReadAction\",\"target\":[\"https:\/\/www.electroluxprofessional.com\/fr-be\/contrats-de-services\/\"]}]},{\"@type\":\"ImageObject\",\"inLanguage\":\"fr-BE\",\"@id\":\"https:\/\/www.electroluxprofessional.com\/fr-be\/contrats-de-services\/#primaryimage\",\"url\":\"https:\/\/www.electroluxprofessional.com\/fr-be\/wp-content\/uploads\/2017\/01\/cutomer-care-2-4.jpg\",\"contentUrl\":\"https:\/\/www.electroluxprofessional.com\/fr-be\/wp-content\/uploads\/2017\/01\/cutomer-care-2-4.jpg\",\"width\":2000,\"height\":1691,\"caption\":\"customer care service electrolux professional\"},{\"@type\":\"BreadcrumbList\",\"@id\":\"https:\/\/www.electroluxprofessional.com\/fr-be\/contrats-de-services\/#breadcrumb\",\"itemListElement\":[{\"@type\":\"ListItem\",\"position\":1,\"name\":\"Home\",\"item\":\"https:\/\/www.electroluxprofessional.com\/fr-be\/\"},{\"@type\":\"ListItem\",\"position\":2,\"name\":\"Contrats de services\"}]},{\"@type\":\"WebSite\",\"@id\":\"https:\/\/www.electroluxprofessional.com\/fr-be\/#website\",\"url\":\"https:\/\/www.electroluxprofessional.com\/fr-be\/\",\"name\":\"Electrolux Professional Belgique\",\"description\":\"Electrolux Professional est le leader mondial en mati\u00e8re d&#039;\u00e9quipements de cuisines et de blanchisseries professionnelles.\",\"potentialAction\":[{\"@type\":\"SearchAction\",\"target\":{\"@type\":\"EntryPoint\",\"urlTemplate\":\"https:\/\/www.electroluxprofessional.com\/fr-be\/?src={search_term_string}\"},\"query-input\":\"required name=search_term_string\"}],\"inLanguage\":\"fr-BE\"}]}<\/script>\n<!-- \/ Yoast SEO plugin. -->","yoast_head_json":{"title":"Contrats de services - Electrolux Professional Belgique","description":"Essentia Customer Care propose un certain nombre de contrats de service sur mesure qui sont essentiels pour maintenir la rentabilit\u00e9 de votre entreprise.","robots":{"index":"index","follow":"follow","max-snippet":"max-snippet:-1","max-image-preview":"max-image-preview:large","max-video-preview":"max-video-preview:-1"},"canonical":"https:\/\/www.electroluxprofessional.com\/fr-be\/contrats-de-services\/","og_locale":"fr_FR","og_type":"article","og_title":"Contrats de services - Electrolux Professional Belgique","og_description":"Essentia Customer Care propose un certain nombre de contrats de service sur mesure qui sont essentiels pour maintenir la rentabilit\u00e9 de votre entreprise.","og_url":"https:\/\/www.electroluxprofessional.com\/fr-be\/contrats-de-services\/","og_site_name":"Electrolux Professional Belgique","article_modified_time":"2020-09-10T14:52:16+00:00","og_image":[{"width":2000,"height":1691,"url":"https:\/\/www.electroluxprofessional.com\/fr-be\/wp-content\/uploads\/2017\/01\/cutomer-care-2-4.jpg","type":"image\/jpeg"}],"twitter_card":"summary_large_image","twitter_misc":{"Dur\u00e9e de lecture est.":"3 minutes"},"schema":{"@context":"https:\/\/schema.org","@graph":[{"@type":"WebPage","@id":"https:\/\/www.electroluxprofessional.com\/fr-be\/contrats-de-services\/","url":"https:\/\/www.electroluxprofessional.com\/fr-be\/contrats-de-services\/","name":"Contrats de services - Electrolux Professional Belgique","isPartOf":{"@id":"https:\/\/www.electroluxprofessional.com\/fr-be\/#website"},"primaryImageOfPage":{"@id":"https:\/\/www.electroluxprofessional.com\/fr-be\/contrats-de-services\/#primaryimage"},"image":{"@id":"https:\/\/www.electroluxprofessional.com\/fr-be\/contrats-de-services\/#primaryimage"},"thumbnailUrl":"https:\/\/www.electroluxprofessional.com\/fr-be\/wp-content\/uploads\/2017\/01\/cutomer-care-2-4.jpg","datePublished":"2018-05-09T14:33:48+00:00","dateModified":"2020-09-10T14:52:16+00:00","description":"Essentia Customer Care propose un certain nombre de contrats de service sur mesure qui sont essentiels pour maintenir la rentabilit\u00e9 de votre entreprise.","breadcrumb":{"@id":"https:\/\/www.electroluxprofessional.com\/fr-be\/contrats-de-services\/#breadcrumb"},"inLanguage":"fr-BE","potentialAction":[{"@type":"ReadAction","target":["https:\/\/www.electroluxprofessional.com\/fr-be\/contrats-de-services\/"]}]},{"@type":"ImageObject","inLanguage":"fr-BE","@id":"https:\/\/www.electroluxprofessional.com\/fr-be\/contrats-de-services\/#primaryimage","url":"https:\/\/www.electroluxprofessional.com\/fr-be\/wp-content\/uploads\/2017\/01\/cutomer-care-2-4.jpg","contentUrl":"https:\/\/www.electroluxprofessional.com\/fr-be\/wp-content\/uploads\/2017\/01\/cutomer-care-2-4.jpg","width":2000,"height":1691,"caption":"customer care service electrolux professional"},{"@type":"BreadcrumbList","@id":"https:\/\/www.electroluxprofessional.com\/fr-be\/contrats-de-services\/#breadcrumb","itemListElement":[{"@type":"ListItem","position":1,"name":"Home","item":"https:\/\/www.electroluxprofessional.com\/fr-be\/"},{"@type":"ListItem","position":2,"name":"Contrats de services"}]},{"@type":"WebSite","@id":"https:\/\/www.electroluxprofessional.com\/fr-be\/#website","url":"https:\/\/www.electroluxprofessional.com\/fr-be\/","name":"Electrolux Professional Belgique","description":"Electrolux Professional est le leader mondial en mati\u00e8re d&#039;\u00e9quipements de cuisines et de blanchisseries professionnelles.","potentialAction":[{"@type":"SearchAction","target":{"@type":"EntryPoint","urlTemplate":"https:\/\/www.electroluxprofessional.com\/fr-be\/?src={search_term_string}"},"query-input":"required name=search_term_string"}],"inLanguage":"fr-BE"}]}},"_links":{"self":[{"href":"https:\/\/www.electroluxprofessional.com\/fr-be\/wp-json\/wp\/v2\/pages\/6180"}],"collection":[{"href":"https:\/\/www.electroluxprofessional.com\/fr-be\/wp-json\/wp\/v2\/pages"}],"about":[{"href":"https:\/\/www.electroluxprofessional.com\/fr-be\/wp-json\/wp\/v2\/types\/page"}],"author":[{"embeddable":true,"href":"https:\/\/www.electroluxprofessional.com\/fr-be\/wp-json\/wp\/v2\/users\/3"}],"replies":[{"embeddable":true,"href":"https:\/\/www.electroluxprofessional.com\/fr-be\/wp-json\/wp\/v2\/comments?post=6180"}],"version-history":[{"count":10,"href":"https:\/\/www.electroluxprofessional.com\/fr-be\/wp-json\/wp\/v2\/pages\/6180\/revisions"}],"predecessor-version":[{"id":9225,"href":"https:\/\/www.electroluxprofessional.com\/fr-be\/wp-json\/wp\/v2\/pages\/6180\/revisions\/9225"}],"wp:featuredmedia":[{"embeddable":true,"href":"https:\/\/www.electroluxprofessional.com\/fr-be\/wp-json\/wp\/v2\/media\/6175"}],"wp:attachment":[{"href":"https:\/\/www.electroluxprofessional.com\/fr-be\/wp-json\/wp\/v2\/media?parent=6180"}],"curies":[{"name":"wp","href":"https:\/\/api.w.org\/{rel}","templated":true}]}}