{"id":5153,"date":"2024-04-09T08:50:32","date_gmt":"2024-04-09T08:50:32","guid":{"rendered":"https:\/\/www.electroluxprofessional.com\/?page_id=9529"},"modified":"2024-04-10T08:53:02","modified_gmt":"2024-04-10T08:53:02","slug":"enregistrement-produit","status":"publish","type":"page","link":"https:\/\/www.electroluxprofessional.com\/fr-be\/enregistrement-produit\/","title":{"rendered":"Enregistrement produit"},"content":{"rendered":"<p>[vc_row disable_element=&#8221;yes&#8221; matched_labels=&#8221;&#8221;][vc_column][vc_empty_space height=&#8221;20px&#8221;][elx_menu menu_name=&#8221;Related Sites FR&#8221;][\/vc_column][\/vc_row][vc_row][vc_column width=&#8221;1\/6&#8243;][vc_single_image image=&#8221;1684&#8243; img_size=&#8221;full&#8221;][\/vc_column][vc_column width=&#8221;5\/6&#8243;][elx_heading font_container=&#8221;h1&#8243; font_size=&#8221;h3&#8243; text_color=&#8221;inherit&#8221;]Enregistrez votre produit Electrolux Professional[\/elx_heading][vc_column_text]<strong>Merci d&#8217;avoir achet\u00e9 des produits Electrolux Professional.<\/strong><\/p>\n<p>En enregistrant vos produits aujourd&#8217;hui, vous pouvez compter sur le meilleur service client possible. Nos sp\u00e9cialistes sont \u00e0 votre disposition pour vous soutenir dans vos activit\u00e9s au quotidien et pour vous aider \u00e0 atteindre l&#8217;excellence professionnelle que vous recherchez.[\/vc_column_text][\/vc_column][\/vc_row][vc_row][vc_column][elx_o2000_product_registration l=&#8221;fr&#8221; c=&#8221;Belgium&#8221;][vc_empty_space][\/vc_column][\/vc_row]<\/p>\n","protected":false},"excerpt":{"rendered":"<p>[vc_row disable_element=&#8221;yes&#8221; matched_labels=&#8221;&#8221;][vc_column][vc_empty_space height=&#8221;20px&#8221;][elx_menu menu_name=&#8221;Related Sites FR&#8221;][\/vc_column][\/vc_row][vc_row][vc_column width=&#8221;1\/6&#8243;][vc_single_image image=&#8221;1684&#8243; img_size=&#8221;full&#8221;][\/vc_column][vc_column width=&#8221;5\/6&#8243;][elx_heading font_container=&#8221;h1&#8243; font_size=&#8221;h3&#8243; text_color=&#8221;inherit&#8221;]Enregistrez votre produit Electrolux Professional[\/elx_heading][vc_column_text]Merci d&#8217;avoir achet\u00e9 des produits Electrolux Professional. En enregistrant vos produits aujourd&#8217;hui, vous pouvez compter sur le meilleur service client possible. Nos sp\u00e9cialistes sont \u00e0 votre disposition pour vous soutenir dans vos activit\u00e9s au quotidien et pour vous [&hellip;]<\/p>\n","protected":false},"author":1,"featured_media":0,"parent":0,"menu_order":0,"comment_status":"closed","ping_status":"closed","template":"","meta":{"footnotes":""},"class_list":["post-5153","page","type-page","status-publish","hentry"],"acf":[],"yoast_head":"<!-- This site is optimized with the Yoast SEO plugin v23.3 - https:\/\/yoast.com\/wordpress\/plugins\/seo\/ -->\n<title>Enregistrement produit - Electrolux Professional Belgique<\/title>\n<meta name=\"description\" content=\"Enregistrez vos produits Electrolux Professional et b\u00e9n\u00e9ficiez du meilleur service client et un support au quotidien.\" \/>\n<meta name=\"robots\" content=\"index, follow, max-snippet:-1, max-image-preview:large, max-video-preview:-1\" \/>\n<link rel=\"canonical\" href=\"https:\/\/www.electroluxprofessional.com\/fr-be\/enregistrement-produit\/\" \/>\n<meta property=\"og:locale\" content=\"fr_FR\" \/>\n<meta property=\"og:type\" content=\"article\" \/>\n<meta property=\"og:title\" content=\"Enregistrement produit - Electrolux Professional Belgique\" \/>\n<meta property=\"og:description\" content=\"Enregistrez vos produits Electrolux Professional et b\u00e9n\u00e9ficiez du meilleur service client et un support au quotidien.\" \/>\n<meta property=\"og:url\" content=\"https:\/\/www.electroluxprofessional.com\/fr-be\/enregistrement-produit\/\" \/>\n<meta property=\"og:site_name\" content=\"Electrolux Professional Belgique\" \/>\n<meta property=\"article:modified_time\" content=\"2024-04-10T08:53:02+00:00\" \/>\n<meta name=\"twitter:card\" content=\"summary_large_image\" \/>\n<meta name=\"twitter:label1\" content=\"Dur\u00e9e de lecture est.\" \/>\n\t<meta name=\"twitter:data1\" content=\"1 minute\" \/>\n<script type=\"application\/ld+json\" class=\"yoast-schema-graph\">{\"@context\":\"https:\/\/schema.org\",\"@graph\":[{\"@type\":\"WebPage\",\"@id\":\"https:\/\/www.electroluxprofessional.com\/fr-be\/enregistrement-produit\/\",\"url\":\"https:\/\/www.electroluxprofessional.com\/fr-be\/enregistrement-produit\/\",\"name\":\"Enregistrement produit - Electrolux Professional Belgique\",\"isPartOf\":{\"@id\":\"https:\/\/www.electroluxprofessional.com\/fr-be\/#website\"},\"datePublished\":\"2024-04-09T08:50:32+00:00\",\"dateModified\":\"2024-04-10T08:53:02+00:00\",\"description\":\"Enregistrez vos produits Electrolux Professional et b\u00e9n\u00e9ficiez du meilleur service client et un support au quotidien.\",\"breadcrumb\":{\"@id\":\"https:\/\/www.electroluxprofessional.com\/fr-be\/enregistrement-produit\/#breadcrumb\"},\"inLanguage\":\"fr-BE\",\"potentialAction\":[{\"@type\":\"ReadAction\",\"target\":[\"https:\/\/www.electroluxprofessional.com\/fr-be\/enregistrement-produit\/\"]}]},{\"@type\":\"BreadcrumbList\",\"@id\":\"https:\/\/www.electroluxprofessional.com\/fr-be\/enregistrement-produit\/#breadcrumb\",\"itemListElement\":[{\"@type\":\"ListItem\",\"position\":1,\"name\":\"Home\",\"item\":\"https:\/\/www.electroluxprofessional.com\/fr-be\/\"},{\"@type\":\"ListItem\",\"position\":2,\"name\":\"Enregistrement produit\"}]},{\"@type\":\"WebSite\",\"@id\":\"https:\/\/www.electroluxprofessional.com\/fr-be\/#website\",\"url\":\"https:\/\/www.electroluxprofessional.com\/fr-be\/\",\"name\":\"Electrolux Professional Belgique\",\"description\":\"Electrolux Professional est le leader mondial en mati\u00e8re d&#039;\u00e9quipements de cuisines et de blanchisseries professionnelles.\",\"potentialAction\":[{\"@type\":\"SearchAction\",\"target\":{\"@type\":\"EntryPoint\",\"urlTemplate\":\"https:\/\/www.electroluxprofessional.com\/fr-be\/?src={search_term_string}\"},\"query-input\":\"required name=search_term_string\"}],\"inLanguage\":\"fr-BE\"}]}<\/script>\n<!-- \/ Yoast SEO plugin. -->","yoast_head_json":{"title":"Enregistrement produit - Electrolux Professional Belgique","description":"Enregistrez vos produits Electrolux Professional et b\u00e9n\u00e9ficiez du meilleur service client et un support au quotidien.","robots":{"index":"index","follow":"follow","max-snippet":"max-snippet:-1","max-image-preview":"max-image-preview:large","max-video-preview":"max-video-preview:-1"},"canonical":"https:\/\/www.electroluxprofessional.com\/fr-be\/enregistrement-produit\/","og_locale":"fr_FR","og_type":"article","og_title":"Enregistrement produit - Electrolux Professional Belgique","og_description":"Enregistrez vos produits Electrolux Professional et b\u00e9n\u00e9ficiez du meilleur service client et un support au quotidien.","og_url":"https:\/\/www.electroluxprofessional.com\/fr-be\/enregistrement-produit\/","og_site_name":"Electrolux Professional Belgique","article_modified_time":"2024-04-10T08:53:02+00:00","twitter_card":"summary_large_image","twitter_misc":{"Dur\u00e9e de lecture est.":"1 minute"},"schema":{"@context":"https:\/\/schema.org","@graph":[{"@type":"WebPage","@id":"https:\/\/www.electroluxprofessional.com\/fr-be\/enregistrement-produit\/","url":"https:\/\/www.electroluxprofessional.com\/fr-be\/enregistrement-produit\/","name":"Enregistrement produit - Electrolux Professional Belgique","isPartOf":{"@id":"https:\/\/www.electroluxprofessional.com\/fr-be\/#website"},"datePublished":"2024-04-09T08:50:32+00:00","dateModified":"2024-04-10T08:53:02+00:00","description":"Enregistrez vos produits Electrolux Professional et b\u00e9n\u00e9ficiez du meilleur service client et un support au quotidien.","breadcrumb":{"@id":"https:\/\/www.electroluxprofessional.com\/fr-be\/enregistrement-produit\/#breadcrumb"},"inLanguage":"fr-BE","potentialAction":[{"@type":"ReadAction","target":["https:\/\/www.electroluxprofessional.com\/fr-be\/enregistrement-produit\/"]}]},{"@type":"BreadcrumbList","@id":"https:\/\/www.electroluxprofessional.com\/fr-be\/enregistrement-produit\/#breadcrumb","itemListElement":[{"@type":"ListItem","position":1,"name":"Home","item":"https:\/\/www.electroluxprofessional.com\/fr-be\/"},{"@type":"ListItem","position":2,"name":"Enregistrement produit"}]},{"@type":"WebSite","@id":"https:\/\/www.electroluxprofessional.com\/fr-be\/#website","url":"https:\/\/www.electroluxprofessional.com\/fr-be\/","name":"Electrolux Professional Belgique","description":"Electrolux Professional est le leader mondial en mati\u00e8re d&#039;\u00e9quipements de cuisines et de blanchisseries professionnelles.","potentialAction":[{"@type":"SearchAction","target":{"@type":"EntryPoint","urlTemplate":"https:\/\/www.electroluxprofessional.com\/fr-be\/?src={search_term_string}"},"query-input":"required name=search_term_string"}],"inLanguage":"fr-BE"}]}},"_links":{"self":[{"href":"https:\/\/www.electroluxprofessional.com\/fr-be\/wp-json\/wp\/v2\/pages\/5153"}],"collection":[{"href":"https:\/\/www.electroluxprofessional.com\/fr-be\/wp-json\/wp\/v2\/pages"}],"about":[{"href":"https:\/\/www.electroluxprofessional.com\/fr-be\/wp-json\/wp\/v2\/types\/page"}],"author":[{"embeddable":true,"href":"https:\/\/www.electroluxprofessional.com\/fr-be\/wp-json\/wp\/v2\/users\/1"}],"replies":[{"embeddable":true,"href":"https:\/\/www.electroluxprofessional.com\/fr-be\/wp-json\/wp\/v2\/comments?post=5153"}],"version-history":[{"count":10,"href":"https:\/\/www.electroluxprofessional.com\/fr-be\/wp-json\/wp\/v2\/pages\/5153\/revisions"}],"predecessor-version":[{"id":13147,"href":"https:\/\/www.electroluxprofessional.com\/fr-be\/wp-json\/wp\/v2\/pages\/5153\/revisions\/13147"}],"wp:attachment":[{"href":"https:\/\/www.electroluxprofessional.com\/fr-be\/wp-json\/wp\/v2\/media?parent=5153"}],"curies":[{"name":"wp","href":"https:\/\/api.w.org\/{rel}","templated":true}]}}