{"id":3148,"date":"2016-04-01T09:28:23","date_gmt":"2016-04-01T09:28:23","guid":{"rendered":"https:\/\/www.electroluxprofessional.com\/?page_id=35"},"modified":"2019-11-07T09:47:22","modified_gmt":"2019-11-07T09:47:22","slug":"electrolux-professional-belgique","status":"publish","type":"page","link":"https:\/\/www.electroluxprofessional.com\/fr-be\/electrolux-professional-belgique\/","title":{"rendered":"Electrolux Professional Belgique"},"content":{"rendered":"<p>[vc_row css=&#8221;.vc_custom_1573117321453{padding-top: 85px !important;padding-bottom: 85px !important;background-image: url(https:\/\/www.electroluxprofessional.com\/fr-be\/wp-content\/uploads\/2019\/11\/Emotional-Picture-Towels_300dpi.jpg?id=8429) !important;background-position: center !important;background-repeat: no-repeat !important;background-size: cover !important;}&#8221;][vc_column width=&#8221;1\/2&#8243; css=&#8221;.vc_custom_1573117254228{background-color: rgba(255,255,255,0.8) !important;*background-color: rgb(255,255,255) !important;}&#8221;][elx_simple_block background_color=&#8221;inherit&#8221;][vc_column_text]<\/p>\n<h2>Laveuses essoreuses gamme<strong>\u00a0L6000 <\/strong><\/h2>\n<p>Augmentez votre productivit\u00e9 gr\u00e2ce \u00e0 une consommation d\u2019eau, d\u2019\u00e9nergie et de d\u00e9tergent minimale.<\/p>\n<p>[\/vc_column_text][elx_button button_text=&#8221;D\u00e9couvrez les nouvelles Laveuses Essoreuses&#8221; button_link=&#8221;url:https%3A%2F%2Fprofessional.electrolux.be%2Ffr%2Fblanchisserie%2Flaveuses-essoreuses-frontales-2%2F|title:Nouvelle%20Gamme%20L6000%20-%20Laveuses%20Essoreuses%20||&#8221;][\/elx_simple_block][\/vc_column][vc_column width=&#8221;1\/2&#8243;][\/vc_column][\/vc_row][vc_row full_width=&#8221;electroluxpro-container-no-padding&#8221;][vc_column][vc_empty_space][elx_heading font_container=&#8221;h1&#8243; font_size=&#8221;h2&#8243; text_color=&#8221;inherit&#8221; text_align=&#8221;text-center&#8221;]Bienvenue chez Electrolux Professional[\/elx_heading][vc_empty_space height=&#8221;15px&#8221;][vc_column_text]<\/p>\n<p style=\"text-align: left;\">Nous concevons des solutions d\u2019excellence en cuisine professionnelle et blanchisserie. Electrolux Professionnel est le num\u00e9ro 1 mondial en innovation et en fiabilit\u00e9 des produits, avec une assistance et un service uniques au monde.<\/p>\n<p>[\/vc_column_text][vc_empty_space height=&#8221;15px&#8221;][\/vc_column][\/vc_row][vc_row full_width=&#8221;electroluxpro-container-no-padding&#8221; equal_height=&#8221;yes&#8221; css=&#8221;.vc_custom_1487339574262{padding-top: 20px !important;padding-bottom: 20px !important;}&#8221;][vc_column width=&#8221;1\/3&#8243;][elx_image_block background_image=&#8221;3535&#8243;][\/vc_column][vc_column width=&#8221;1\/3&#8243;][elx_simple_block text_align=&#8221;text-center&#8221; text_color=&#8221;white&#8221; background_color=&#8221;electrolux-blue&#8221;][elx_heading font_size=&#8221;h4&#8243; text_color=&#8221;inherit&#8221;]Nos solutions pour votre entreprise[\/elx_heading][vc_column_text]<\/p>\n<p style=\"text-align: center;\">Un projet en cuisine ou en blanchisserie ?\u00a0R\u00e9alisons-le ensemble, main dans la main.<\/p>\n<p>[\/vc_column_text][elx_button button_text=&#8221;D\u00e9couvrir nos solutions&#8221; button_link=&#8221;url:https%3A%2F%2Fprofessional.electrolux.be%2Fvotre-profil%2F|title:solutions||&#8221;][\/elx_simple_block][\/vc_column][vc_column width=&#8221;1\/3&#8243;][elx_image_block background_image=&#8221;3536&#8243; minimum_height=&#8221;200px&#8221;][\/vc_column][\/vc_row][vc_row full_width=&#8221;electroluxpro-container-no-padding&#8221;][vc_column][vc_empty_space height=&#8221;42px&#8221;][\/vc_column][\/vc_row][vc_row css=&#8221;.vc_custom_1528802206872{background-color: #ffffff !important;}&#8221;][vc_column width=&#8221;1\/2&#8243;][elx_simple_link_block link=&#8221;url:https%3A%2F%2Fprofessional.electrolux.be%2Ffr%2Fblanchisserie%2Flaveuses-essoreuses-frontales-2%2F|||&#8221; text_align=&#8221;text-left&#8221; text_color=&#8221;inherit&#8221; background_color=&#8221;inherit&#8221; background_hover_color=&#8221;darker-hover&#8221; extra_class=&#8221;&#8221; reveal_effect=&#8221;&#8221; reveal_duration=&#8221;&#8221; reveal_delay=&#8221;&#8221;][vc_single_image image=&#8221;8429&#8243; img_size=&#8221;medium&#8221;][elx_heading text_color=&#8221;inherit&#8221;]L6000<br \/>\nLaveuses Essoreuses[\/elx_heading][vc_column_text]Augmentez votre productivit\u00e9 gr\u00e2ce \u00e0 une consommation <strong>d\u2019eau<\/strong>, <strong>d\u2019\u00e9nergie<\/strong> et de <strong>d\u00e9tergent minimale<\/strong>.[\/vc_column_text][\/elx_simple_link_block][vc_empty_space][elx_simple_link_block link=&#8221;url:https%3A%2F%2Fprofessional.electrolux.be%2Ffr%2Fblanchisserie%2Fsechoirs%2F|||&#8221; text_align=&#8221;text-left&#8221; text_color=&#8221;inherit&#8221; background_color=&#8221;inherit&#8221; background_hover_color=&#8221;darker-hover&#8221; extra_class=&#8221;&#8221; reveal_effect=&#8221;&#8221; reveal_duration=&#8221;&#8221; reveal_delay=&#8221;&#8221;][vc_single_image image=&#8221;6882&#8243; img_size=&#8221;medium&#8221;][elx_heading text_color=&#8221;inherit&#8221;]S\u00e9choirs<br \/>\nL6000[\/elx_heading][vc_column_text]Le s\u00e9choir le plus productif que vous puissiez acheter.\u00a0Une conception ergonomique homologu\u00e9e\u00a0pour offrir une exp\u00e9rience d&#8217;exception \u00e0 l&#8217;utilisateur. D\u00e9couvrez nos nouveaux s\u00e9choirs Line 6000.[\/vc_column_text][\/elx_simple_link_block][vc_empty_space][elx_simple_link_block link=&#8221;url:https%3A%2F%2Fprofessional.electrolux.be%2Ffr%2Foffres%2F|||&#8221; text_align=&#8221;text-left&#8221; text_color=&#8221;inherit&#8221; background_color=&#8221;inherit&#8221; background_hover_color=&#8221;darker-hover&#8221; extra_class=&#8221;&#8221; reveal_effect=&#8221;&#8221; reveal_duration=&#8221;&#8221; reveal_delay=&#8221;&#8221;][vc_single_image image=&#8221;6901&#8243; img_size=&#8221;medium&#8221;][elx_heading text_color=&#8221;inherit&#8221;]Promotions 2019[\/elx_heading][vc_column_text]Un vieil appareil est \u00e0 remplacer dans votre cuisine?<br \/>\nOu cherchez-vous une toute nouvelle cuisine pour votre restaurant? Profitez de nos promotions temporaires\u00a0relatifs aux gammes cuisine chaude &#8211; gaz, cuisine chaude &#8211; \u00e9lectrique, lave-vaisselle et r\u00e9frig\u00e9ration. Livr\u00e9 rapidement, \u00e0 des prix avantageux.[\/vc_column_text][\/elx_simple_link_block][\/vc_column][vc_column width=&#8221;1\/2&#8243;][elx_simple_link_block link=&#8221;url:https%3A%2F%2Fprofessional.electrolux.be%2Ffr%2Fblanchisserie%2Flaveuses-essoreuses-barrieres%2F|||&#8221; text_align=&#8221;text-left&#8221; text_color=&#8221;inherit&#8221; background_color=&#8221;inherit&#8221; background_hover_color=&#8221;darker-hover&#8221; extra_class=&#8221;&#8221; reveal_effect=&#8221;&#8221; reveal_duration=&#8221;&#8221; reveal_delay=&#8221;&#8221;][vc_single_image image=&#8221;7864&#8243; img_size=&#8221;medium&#8221;][elx_heading text_color=&#8221;inherit&#8221;]L6000<br \/>\nLaveuses Barri\u00e8res[\/elx_heading][vc_column_text]Les nouvelles laveuses barri\u00e8res de la ligne 6000\u00a0<strong>emp\u00eachent la contamination crois\u00e9e<\/strong>, procurant une\u00a0<strong>productivit\u00e9 sans pr\u00e9c\u00e9dent<\/strong>\u00a0et des\u00a0<strong>performances exceptionnelles.<\/strong>[\/vc_column_text][\/elx_simple_link_block][vc_empty_space][elx_simple_link_block link=&#8221;url:https%3A%2F%2Fprofessional.electrolux.be%2Frecettes%2F|||&#8221; text_align=&#8221;text-left&#8221; text_color=&#8221;inherit&#8221; background_color=&#8221;inherit&#8221; background_hover_color=&#8221;darker-hover&#8221; extra_class=&#8221;&#8221; reveal_effect=&#8221;&#8221; reveal_duration=&#8221;&#8221; reveal_delay=&#8221;&#8221;][vc_single_image image=&#8221;7028&#8243; img_size=&#8221;full&#8221; alignment=&#8221;right&#8221;][elx_heading text_color=&#8221;inherit&#8221;]Inspiration Cook&amp;Chill pour votre menu[\/elx_heading][vc_column_text]Notre solution Cook&amp;Chill vous permet de planifier votre menu efficacement tant pour le travail que pour les ingr\u00e9dients.<\/p>\n<p>Inspirez-vous des derni\u00e8res recettes de Stefaan Van Beveren et d\u00e9couvrez comme notre\u00a0combi-steamer et notre refroidisseur rapide rendent votre travail plus agr\u00e9able.[\/vc_column_text][\/elx_simple_link_block][vc_empty_space][elx_simple_link_block link=&#8221;url:https%3A%2F%2Fprofessional.electrolux.be%2Ffr%2Fcustomer-care%2F|||&#8221; text_align=&#8221;text-left&#8221; text_color=&#8221;inherit&#8221; background_color=&#8221;inherit&#8221; background_hover_color=&#8221;darker-hover&#8221; extra_class=&#8221;&#8221; reveal_effect=&#8221;&#8221; reveal_duration=&#8221;&#8221; reveal_delay=&#8221;&#8221;][vc_single_image image=&#8221;6177&#8243; img_size=&#8221;medium&#8221;][elx_heading text_color=&#8221;inherit&#8221;]Essentia[\/elx_heading][vc_column_text]<\/p>\n<p>De l\u2019installation \u00e0 la fin de la dure\u00e9 de vie de tout \u00e9quipement, nous nous tenons \u00e0 votre disposition, avec tous nos contrats d\u2019entretien bas\u00e9s sur notre vastes connaissances, notre h\u00e9ritage et nos nombreuses ann\u00e9es de conception d\u2019\u00e9quipements de cuisine, de buanderie et de stockage de boissons.<\/p>\n<p>[\/vc_column_text][\/elx_simple_link_block][\/vc_column][\/vc_row][vc_row][vc_column width=&#8221;1\/2&#8243;][vc_empty_space][vc_empty_space][elx_simple_link_block link=&#8221;url:https%3A%2F%2Fprofessional.electrolux.be%2Ffr%2Fchefs-hub%2F|||&#8221; text_align=&#8221;text-left&#8221; text_color=&#8221;white&#8221; background_color=&#8221;orange&#8221; background_hover_color=&#8221;darker-hover&#8221; extra_class=&#8221;&#8221; reveal_effect=&#8221;&#8221; reveal_duration=&#8221;&#8221; reveal_delay=&#8221;&#8221;][elx_heading text_color=&#8221;inherit&#8221;]Chef&#8217;s Hub[\/elx_heading][vc_column_text]D\u00e9couvrez le Chef\u2019s Hub d\u2019Electrolux et laissez vous inspirer par les recettes de nos experts culinaires[\/vc_column_text][\/elx_simple_link_block][\/vc_column][vc_column width=&#8221;1\/2&#8243;][vc_empty_space][vc_empty_space][elx_simple_link_block link=&#8221;url:https%3A%2F%2Fprofessional.electrolux.be%2Ffr%2Fsessions-demo-live%2F%20|||&#8221; text_align=&#8221;text-left&#8221; text_color=&#8221;white&#8221; background_color=&#8221;electrolux-blue&#8221; background_hover_color=&#8221;darker-hover&#8221; extra_class=&#8221;&#8221; reveal_effect=&#8221;&#8221; reveal_duration=&#8221;&#8221; reveal_delay=&#8221;&#8221;][elx_heading text_color=&#8221;inherit&#8221;]Electrolux Live Sessions[\/elx_heading][vc_column_text]Participez \u00e0 une de nos sessions gratuites Cook&amp;Chill et boostez votre business\u00a0de mani\u00e8re extr\u00eamement simple[\/vc_column_text][\/elx_simple_link_block][\/vc_column][\/vc_row][vc_row equal_height=&#8221;yes&#8221; css=&#8221;.vc_custom_1487341290871{margin-bottom: 50px !important;}&#8221;][vc_column width=&#8221;1\/2&#8243;][elx_simple_block text_align=&#8221;text-center&#8221; background_color=&#8221;inherit&#8221;][vc_single_image image=&#8221;3537&#8243; img_size=&#8221;90&#215;90&#8243; alignment=&#8221;center&#8221;][elx_heading font_size=&#8221;h2&#8243; text_color=&#8221;inherit&#8221;]Ventes &amp; Service[\/elx_heading][vc_column_text]<\/p>\n<p style=\"text-align: center;\">Les clients Electrolux Professional sont accompagn\u00e9s chaque jour par un r\u00e9seau de sp\u00e9cialistes, nos Authorized Partners, pr\u00e9sents partout en Belgique.<\/p>\n<p>[\/vc_column_text][elx_button button_text=&#8221;Trouvez votre Authorized Partner &#8221; button_link=&#8221;url:https%3A%2F%2Fprofessional.electrolux.be%2Fsales-service-locator%2F|||&#8221;][\/elx_simple_block][\/vc_column][vc_column width=&#8221;1\/2&#8243;][elx_simple_block text_align=&#8221;text-center&#8221; background_color=&#8221;inherit&#8221;][vc_single_image image=&#8221;3841&#8243; img_size=&#8221;90&#215;90&#8243; alignment=&#8221;center&#8221;][elx_heading text_color=&#8221;inherit&#8221;]Contact[\/elx_heading][vc_column_text]<\/p>\n<p style=\"text-align: center;\"><span class=\"hps\">Vous avez une question, ou besoin d&#8217;un renseignement ?\u00a0Nous sommes toujours<\/span> <span class=\"hps\">heureux de vous aider, n&#8217;h\u00e9sitez\u00a0pas \u00e0 prendre contact avec nous !<\/span><\/p>\n<p>[\/vc_column_text][elx_button button_text=&#8221;Contactez-nous&#8221; button_link=&#8221;url:https%3A%2F%2Fprofessional.electrolux.be%2Fcontact%2F|||&#8221;][\/elx_simple_block][\/vc_column][\/vc_row]<\/p>\n","protected":false},"excerpt":{"rendered":"<p>[vc_row css=&#8221;.vc_custom_1573117321453{padding-top: 85px !important;padding-bottom: 85px !important;background-image: url(https:\/\/www.electroluxprofessional.com\/fr-be\/wp-content\/uploads\/2019\/11\/Emotional-Picture-Towels_300dpi.jpg?id=8429) !important;background-position: center !important;background-repeat: no-repeat !important;background-size: cover !important;}&#8221;][vc_column width=&#8221;1\/2&#8243; css=&#8221;.vc_custom_1573117254228{background-color: rgba(255,255,255,0.8) !important;*background-color: rgb(255,255,255) !important;}&#8221;][elx_simple_block background_color=&#8221;inherit&#8221;][vc_column_text] Laveuses essoreuses gamme\u00a0L6000 Augmentez votre productivit\u00e9 gr\u00e2ce \u00e0 une consommation d\u2019eau, d\u2019\u00e9nergie et de d\u00e9tergent minimale. [\/vc_column_text][elx_button button_text=&#8221;D\u00e9couvrez les nouvelles Laveuses Essoreuses&#8221; button_link=&#8221;url:https%3A%2F%2Fprofessional.electrolux.be%2Ffr%2Fblanchisserie%2Flaveuses-essoreuses-frontales-2%2F|title:Nouvelle%20Gamme%20L6000%20-%20Laveuses%20Essoreuses%20||&#8221;][\/elx_simple_block][\/vc_column][vc_column width=&#8221;1\/2&#8243;][\/vc_column][\/vc_row][vc_row full_width=&#8221;electroluxpro-container-no-padding&#8221;][vc_column][vc_empty_space][elx_heading font_container=&#8221;h1&#8243; font_size=&#8221;h2&#8243; text_color=&#8221;inherit&#8221; text_align=&#8221;text-center&#8221;]Bienvenue chez Electrolux Professional[\/elx_heading][vc_empty_space height=&#8221;15px&#8221;][vc_column_text] Nous [&hellip;]<\/p>\n","protected":false},"author":1,"featured_media":0,"parent":0,"menu_order":0,"comment_status":"closed","ping_status":"closed","template":"","meta":{"footnotes":""},"class_list":["post-3148","page","type-page","status-publish","hentry"],"acf":[],"yoast_head":"<!-- This site is optimized with the Yoast SEO plugin v23.3 - https:\/\/yoast.com\/wordpress\/plugins\/seo\/ -->\n<title>Electrolux Professional Belgique<\/title>\n<meta name=\"description\" content=\"Electrolux Professionnel est le leader mondial dans le domaine de la production et de la distribution d&#039;\u00e9quipements de cuisines et de blanchisseries.\" \/>\n<meta name=\"robots\" content=\"index, follow, max-snippet:-1, max-image-preview:large, max-video-preview:-1\" \/>\n<link rel=\"canonical\" href=\"https:\/\/www.electroluxprofessional.com\/fr-be\/electrolux-professional-belgique\/\" \/>\n<meta property=\"og:locale\" content=\"fr_FR\" \/>\n<meta property=\"og:type\" content=\"article\" \/>\n<meta property=\"og:title\" content=\"Electrolux Professional Belgique\" \/>\n<meta property=\"og:description\" content=\"Electrolux Professionnel est le leader mondial dans le domaine de la production et de la distribution d&#039;\u00e9quipements de cuisines et de blanchisseries.\" \/>\n<meta property=\"og:url\" content=\"https:\/\/www.electroluxprofessional.com\/fr-be\/electrolux-professional-belgique\/\" \/>\n<meta property=\"og:site_name\" content=\"Electrolux Professional Belgique\" \/>\n<meta property=\"article:modified_time\" content=\"2019-11-07T09:47:22+00:00\" \/>\n<meta name=\"twitter:card\" content=\"summary_large_image\" \/>\n<meta name=\"twitter:label1\" content=\"Dur\u00e9e de lecture est.\" \/>\n\t<meta name=\"twitter:data1\" content=\"7 minutes\" \/>\n<script type=\"application\/ld+json\" class=\"yoast-schema-graph\">{\"@context\":\"https:\/\/schema.org\",\"@graph\":[{\"@type\":\"WebPage\",\"@id\":\"https:\/\/www.electroluxprofessional.com\/fr-be\/electrolux-professional-belgique\/\",\"url\":\"https:\/\/www.electroluxprofessional.com\/fr-be\/electrolux-professional-belgique\/\",\"name\":\"Electrolux Professional Belgique\",\"isPartOf\":{\"@id\":\"https:\/\/www.electroluxprofessional.com\/fr-be\/#website\"},\"datePublished\":\"2016-04-01T09:28:23+00:00\",\"dateModified\":\"2019-11-07T09:47:22+00:00\",\"description\":\"Electrolux Professionnel est le leader mondial dans le domaine de la production et de la distribution d'\u00e9quipements de cuisines et de blanchisseries.\",\"breadcrumb\":{\"@id\":\"https:\/\/www.electroluxprofessional.com\/fr-be\/electrolux-professional-belgique\/#breadcrumb\"},\"inLanguage\":\"fr-BE\",\"potentialAction\":[{\"@type\":\"ReadAction\",\"target\":[\"https:\/\/www.electroluxprofessional.com\/fr-be\/electrolux-professional-belgique\/\"]}]},{\"@type\":\"BreadcrumbList\",\"@id\":\"https:\/\/www.electroluxprofessional.com\/fr-be\/electrolux-professional-belgique\/#breadcrumb\",\"itemListElement\":[{\"@type\":\"ListItem\",\"position\":1,\"name\":\"Home\",\"item\":\"https:\/\/www.electroluxprofessional.com\/fr-be\/\"},{\"@type\":\"ListItem\",\"position\":2,\"name\":\"Electrolux Professional Belgique\"}]},{\"@type\":\"WebSite\",\"@id\":\"https:\/\/www.electroluxprofessional.com\/fr-be\/#website\",\"url\":\"https:\/\/www.electroluxprofessional.com\/fr-be\/\",\"name\":\"Electrolux Professional Belgique\",\"description\":\"Electrolux Professional est le leader mondial en mati\u00e8re d&#039;\u00e9quipements de cuisines et de blanchisseries professionnelles.\",\"potentialAction\":[{\"@type\":\"SearchAction\",\"target\":{\"@type\":\"EntryPoint\",\"urlTemplate\":\"https:\/\/www.electroluxprofessional.com\/fr-be\/?src={search_term_string}\"},\"query-input\":\"required name=search_term_string\"}],\"inLanguage\":\"fr-BE\"}]}<\/script>\n<!-- \/ Yoast SEO plugin. -->","yoast_head_json":{"title":"Electrolux Professional Belgique","description":"Electrolux Professionnel est le leader mondial dans le domaine de la production et de la distribution d'\u00e9quipements de cuisines et de blanchisseries.","robots":{"index":"index","follow":"follow","max-snippet":"max-snippet:-1","max-image-preview":"max-image-preview:large","max-video-preview":"max-video-preview:-1"},"canonical":"https:\/\/www.electroluxprofessional.com\/fr-be\/electrolux-professional-belgique\/","og_locale":"fr_FR","og_type":"article","og_title":"Electrolux Professional Belgique","og_description":"Electrolux Professionnel est le leader mondial dans le domaine de la production et de la distribution d'\u00e9quipements de cuisines et de blanchisseries.","og_url":"https:\/\/www.electroluxprofessional.com\/fr-be\/electrolux-professional-belgique\/","og_site_name":"Electrolux Professional Belgique","article_modified_time":"2019-11-07T09:47:22+00:00","twitter_card":"summary_large_image","twitter_misc":{"Dur\u00e9e de lecture est.":"7 minutes"},"schema":{"@context":"https:\/\/schema.org","@graph":[{"@type":"WebPage","@id":"https:\/\/www.electroluxprofessional.com\/fr-be\/electrolux-professional-belgique\/","url":"https:\/\/www.electroluxprofessional.com\/fr-be\/electrolux-professional-belgique\/","name":"Electrolux Professional Belgique","isPartOf":{"@id":"https:\/\/www.electroluxprofessional.com\/fr-be\/#website"},"datePublished":"2016-04-01T09:28:23+00:00","dateModified":"2019-11-07T09:47:22+00:00","description":"Electrolux Professionnel est le leader mondial dans le domaine de la production et de la distribution d'\u00e9quipements de cuisines et de blanchisseries.","breadcrumb":{"@id":"https:\/\/www.electroluxprofessional.com\/fr-be\/electrolux-professional-belgique\/#breadcrumb"},"inLanguage":"fr-BE","potentialAction":[{"@type":"ReadAction","target":["https:\/\/www.electroluxprofessional.com\/fr-be\/electrolux-professional-belgique\/"]}]},{"@type":"BreadcrumbList","@id":"https:\/\/www.electroluxprofessional.com\/fr-be\/electrolux-professional-belgique\/#breadcrumb","itemListElement":[{"@type":"ListItem","position":1,"name":"Home","item":"https:\/\/www.electroluxprofessional.com\/fr-be\/"},{"@type":"ListItem","position":2,"name":"Electrolux Professional Belgique"}]},{"@type":"WebSite","@id":"https:\/\/www.electroluxprofessional.com\/fr-be\/#website","url":"https:\/\/www.electroluxprofessional.com\/fr-be\/","name":"Electrolux Professional Belgique","description":"Electrolux Professional est le leader mondial en mati\u00e8re d&#039;\u00e9quipements de cuisines et de blanchisseries professionnelles.","potentialAction":[{"@type":"SearchAction","target":{"@type":"EntryPoint","urlTemplate":"https:\/\/www.electroluxprofessional.com\/fr-be\/?src={search_term_string}"},"query-input":"required name=search_term_string"}],"inLanguage":"fr-BE"}]}},"_links":{"self":[{"href":"https:\/\/www.electroluxprofessional.com\/fr-be\/wp-json\/wp\/v2\/pages\/3148"}],"collection":[{"href":"https:\/\/www.electroluxprofessional.com\/fr-be\/wp-json\/wp\/v2\/pages"}],"about":[{"href":"https:\/\/www.electroluxprofessional.com\/fr-be\/wp-json\/wp\/v2\/types\/page"}],"author":[{"embeddable":true,"href":"https:\/\/www.electroluxprofessional.com\/fr-be\/wp-json\/wp\/v2\/users\/1"}],"replies":[{"embeddable":true,"href":"https:\/\/www.electroluxprofessional.com\/fr-be\/wp-json\/wp\/v2\/comments?post=3148"}],"version-history":[{"count":58,"href":"https:\/\/www.electroluxprofessional.com\/fr-be\/wp-json\/wp\/v2\/pages\/3148\/revisions"}],"predecessor-version":[{"id":8435,"href":"https:\/\/www.electroluxprofessional.com\/fr-be\/wp-json\/wp\/v2\/pages\/3148\/revisions\/8435"}],"wp:attachment":[{"href":"https:\/\/www.electroluxprofessional.com\/fr-be\/wp-json\/wp\/v2\/media?parent=3148"}],"curies":[{"name":"wp","href":"https:\/\/api.w.org\/{rel}","templated":true}]}}