{"id":2835,"date":"2017-01-13T12:32:53","date_gmt":"2017-01-13T11:32:53","guid":{"rendered":"https:\/\/www.electroluxprofessional.com\/?page_id=8312"},"modified":"2025-11-05T16:41:26","modified_gmt":"2025-11-05T16:41:26","slug":"accessoires-consommables-refrigeration","status":"publish","type":"page","link":"https:\/\/www.electroluxprofessional.com\/fr-be\/accessoires-consommables-refrigeration\/","title":{"rendered":"Accessoires et consommables &#8211; R\u00e9frig\u00e9ration"},"content":{"rendered":"<p>[vc_row full_width=&#8221;electroluxpro-full-width-no-padding&#8221;][vc_column][elx_hero_title label=&#8221;&#8221; label_background_color=&#8221;inherit&#8221; background_image=&#8221;12115&#8243;][elx_heading font_container=&#8221;h1&#8243; text_color=&#8221;white&#8221;]Accessoires et consommables<br \/>\nR\u00e9frig\u00e9ration[\/elx_heading][\/elx_hero_title][\/vc_column][\/vc_row][vc_row][vc_column][vc_empty_space height=&#8221;50px&#8221;][elx_heading font_container=&#8221;h3&#8243; text_color=&#8221;inherit&#8221; text_align=&#8221;text-center&#8221;]La r\u00e9frig\u00e9ration responsable[\/elx_heading][vc_empty_space height=&#8221;50px&#8221;][\/vc_column][\/vc_row][vc_row full_width=&#8221;electroluxpro-container-no-padding&#8221; equal_height=&#8221;yes&#8221;][vc_column width=&#8221;1\/2&#8243;][elx_image_block background_image=&#8221;793&#8243; minimum_height=&#8221;450px&#8221;][\/vc_column][vc_column width=&#8221;1\/2&#8243;][elx_simple_block background_color=&#8221;inherit&#8221;][vc_column_text]<strong>Joints, grilles et paniers grillag\u00e9s<\/strong><\/p>\n<p>Pour la conservation des aliments, les accessoires de r\u00e9frig\u00e9ration sont l\u2019atout le plus pr\u00e9cieux de votre cuisine. Choisissez l\u2019accessoire ad\u00e9quat pour garantir une conservation efficace.[\/vc_column_text][vc_single_image image=&#8221;805&#8243; img_size=&#8221;500&#215;285&#8243; css_animation=&#8221;right-to-left&#8221;][\/elx_simple_block][\/vc_column][\/vc_row][vc_row][vc_column][vc_empty_space][\/vc_column][\/vc_row][vc_row][vc_column width=&#8221;1\/3&#8243;][elx_download_block text=&#8221;Accessories &amp; consumables<br \/>\nRefrig\u00e9ration&#8221; link=&#8221;https:\/\/www.electroluxprofessional.com\/fr-be\/wp-content\/uploads\/2017\/10\/BR_BR-9JE00043_1_5_2_3_AC-Refrigeration_FRENCH-LR.pdf&#8221; background_color=&#8221;cat-cool&#8221; reveal_effect=&#8221;&#8221; reveal_duration=&#8221;&#8221; reveal_delay=&#8221;&#8221;][\/vc_column][vc_column width=&#8221;1\/3&#8243;][elx_download_block text=&#8221;Armoires r\u00e9frig\u00e9r\u00e9es&#8221; link_target=&#8221;self&#8221; link=&#8221;https:\/\/www.electroluxprofessional.com\/fr-be\/cuisine\/armoires-refrigerees-positives-negatives&#8221; background_color=&#8221;cat-cool&#8221; background_hover_color=&#8221;lighter-hover&#8221; reveal_effect=&#8221;&#8221; reveal_duration=&#8221;&#8221; reveal_delay=&#8221;&#8221;][\/vc_column][vc_column width=&#8221;1\/3&#8243;][elx_download_block text=&#8221;Tables r\u00e9frig\u00e9r\u00e9es&#8221; link_target=&#8221;self&#8221; link=&#8221;https:\/\/www.electroluxprofessional.com\/fr-be\/cuisine\/tables-refrigerees\/&#8221; background_color=&#8221;cat-cool&#8221; background_hover_color=&#8221;lighter-hover&#8221; background_image=&#8221;1863&#8243; reveal_effect=&#8221;&#8221; reveal_duration=&#8221;&#8221; reveal_delay=&#8221;&#8221;][\/vc_column][\/vc_row][vc_row][vc_column][vc_empty_space][elx_heading font_container=&#8221;h3&#8243; text_color=&#8221;inherit&#8221;]D\u00e9couvrez comment personnaliser votre r\u00e9frig\u00e9ration[\/elx_heading][elx_o2000_contact_us r=&#8221;Je cherche plus d&#8217;info sur les accessoires et consommables pour la r\u00e9frig\u00e9ration. Veuillez me contacter.&#8221; s=&#8221;Demande d&#8217;info sur les accessoires et consommables.&#8221; country=&#8221;Belgium&#8221; e=&#8221;professional@electrolux.be&#8221; l=&#8221;fr-be&#8221; container=&#8221;elxcontactus1484306106&#8243;][\/vc_column][\/vc_row]<\/p>\n","protected":false},"excerpt":{"rendered":"<p>[vc_row full_width=&#8221;electroluxpro-full-width-no-padding&#8221;][vc_column][elx_hero_title label=&#8221;&#8221; label_background_color=&#8221;inherit&#8221; background_image=&#8221;12115&#8243;][elx_heading font_container=&#8221;h1&#8243; text_color=&#8221;white&#8221;]Accessoires et consommables R\u00e9frig\u00e9ration[\/elx_heading][\/elx_hero_title][\/vc_column][\/vc_row][vc_row][vc_column][vc_empty_space height=&#8221;50px&#8221;][elx_heading font_container=&#8221;h3&#8243; text_color=&#8221;inherit&#8221; text_align=&#8221;text-center&#8221;]La r\u00e9frig\u00e9ration responsable[\/elx_heading][vc_empty_space height=&#8221;50px&#8221;][\/vc_column][\/vc_row][vc_row full_width=&#8221;electroluxpro-container-no-padding&#8221; equal_height=&#8221;yes&#8221;][vc_column width=&#8221;1\/2&#8243;][elx_image_block background_image=&#8221;793&#8243; minimum_height=&#8221;450px&#8221;][\/vc_column][vc_column width=&#8221;1\/2&#8243;][elx_simple_block background_color=&#8221;inherit&#8221;][vc_column_text]Joints, grilles et paniers grillag\u00e9s Pour la conservation des aliments, les accessoires de r\u00e9frig\u00e9ration sont l\u2019atout le plus pr\u00e9cieux de votre cuisine. Choisissez l\u2019accessoire ad\u00e9quat pour garantir une conservation efficace.[\/vc_column_text][vc_single_image image=&#8221;805&#8243; img_size=&#8221;500&#215;285&#8243; [&hellip;]<\/p>\n","protected":false},"author":3,"featured_media":2834,"parent":0,"menu_order":0,"comment_status":"closed","ping_status":"closed","template":"","meta":{"footnotes":""},"class_list":["post-2835","page","type-page","status-publish","has-post-thumbnail","hentry"],"acf":[],"yoast_head":"<!-- This site is optimized with the Yoast SEO plugin v23.3 - https:\/\/yoast.com\/wordpress\/plugins\/seo\/ -->\n<title>Accessoires et consommables - R\u00e9frig\u00e9ration - Electrolux Professional Belgique<\/title>\n<meta name=\"description\" content=\"Pour une r\u00e9frig\u00e9ration responsable, les accessoires et consommables sont indispensables. D\u00e9couvrez ici notre gamme.\" \/>\n<meta name=\"robots\" content=\"index, follow, max-snippet:-1, max-image-preview:large, max-video-preview:-1\" \/>\n<link rel=\"canonical\" href=\"https:\/\/www.electroluxprofessional.com\/fr-be\/accessoires-consommables-refrigeration\/\" \/>\n<meta property=\"og:locale\" content=\"fr_FR\" \/>\n<meta property=\"og:type\" content=\"article\" \/>\n<meta property=\"og:title\" content=\"Accessoires et consommables - R\u00e9frig\u00e9ration - Electrolux Professional Belgique\" \/>\n<meta property=\"og:description\" content=\"Pour une r\u00e9frig\u00e9ration responsable, les accessoires et consommables sont indispensables. D\u00e9couvrez ici notre gamme.\" \/>\n<meta property=\"og:url\" content=\"https:\/\/www.electroluxprofessional.com\/fr-be\/accessoires-consommables-refrigeration\/\" \/>\n<meta property=\"og:site_name\" content=\"Electrolux Professional Belgique\" \/>\n<meta property=\"article:modified_time\" content=\"2025-11-05T16:41:26+00:00\" \/>\n<meta property=\"og:image\" content=\"https:\/\/www.electroluxprofessional.com\/fr-be\/wp-content\/uploads\/2016\/05\/refrigeration-kitchen-preparation.jpg\" \/>\n\t<meta property=\"og:image:width\" content=\"995\" \/>\n\t<meta property=\"og:image:height\" content=\"666\" \/>\n\t<meta property=\"og:image:type\" content=\"image\/jpeg\" \/>\n<meta name=\"twitter:card\" content=\"summary_large_image\" \/>\n<meta name=\"twitter:label1\" content=\"Dur\u00e9e de lecture est.\" \/>\n\t<meta name=\"twitter:data1\" content=\"1 minute\" \/>\n<script type=\"application\/ld+json\" class=\"yoast-schema-graph\">{\"@context\":\"https:\/\/schema.org\",\"@graph\":[{\"@type\":\"WebPage\",\"@id\":\"https:\/\/www.electroluxprofessional.com\/fr-be\/accessoires-consommables-refrigeration\/\",\"url\":\"https:\/\/www.electroluxprofessional.com\/fr-be\/accessoires-consommables-refrigeration\/\",\"name\":\"Accessoires et consommables - R\u00e9frig\u00e9ration - Electrolux Professional Belgique\",\"isPartOf\":{\"@id\":\"https:\/\/www.electroluxprofessional.com\/fr-be\/#website\"},\"primaryImageOfPage\":{\"@id\":\"https:\/\/www.electroluxprofessional.com\/fr-be\/accessoires-consommables-refrigeration\/#primaryimage\"},\"image\":{\"@id\":\"https:\/\/www.electroluxprofessional.com\/fr-be\/accessoires-consommables-refrigeration\/#primaryimage\"},\"thumbnailUrl\":\"https:\/\/www.electroluxprofessional.com\/fr-be\/wp-content\/uploads\/2016\/05\/refrigeration-kitchen-preparation.jpg\",\"datePublished\":\"2017-01-13T11:32:53+00:00\",\"dateModified\":\"2025-11-05T16:41:26+00:00\",\"description\":\"Pour une r\u00e9frig\u00e9ration responsable, les accessoires et consommables sont indispensables. D\u00e9couvrez ici notre gamme.\",\"breadcrumb\":{\"@id\":\"https:\/\/www.electroluxprofessional.com\/fr-be\/accessoires-consommables-refrigeration\/#breadcrumb\"},\"inLanguage\":\"fr-BE\",\"potentialAction\":[{\"@type\":\"ReadAction\",\"target\":[\"https:\/\/www.electroluxprofessional.com\/fr-be\/accessoires-consommables-refrigeration\/\"]}]},{\"@type\":\"ImageObject\",\"inLanguage\":\"fr-BE\",\"@id\":\"https:\/\/www.electroluxprofessional.com\/fr-be\/accessoires-consommables-refrigeration\/#primaryimage\",\"url\":\"https:\/\/www.electroluxprofessional.com\/fr-be\/wp-content\/uploads\/2016\/05\/refrigeration-kitchen-preparation.jpg\",\"contentUrl\":\"https:\/\/www.electroluxprofessional.com\/fr-be\/wp-content\/uploads\/2016\/05\/refrigeration-kitchen-preparation.jpg\",\"width\":995,\"height\":666,\"caption\":\"refrigeration equipment in the kitchen\"},{\"@type\":\"BreadcrumbList\",\"@id\":\"https:\/\/www.electroluxprofessional.com\/fr-be\/accessoires-consommables-refrigeration\/#breadcrumb\",\"itemListElement\":[{\"@type\":\"ListItem\",\"position\":1,\"name\":\"Home\",\"item\":\"https:\/\/www.electroluxprofessional.com\/fr-be\/\"},{\"@type\":\"ListItem\",\"position\":2,\"name\":\"Accessoires et consommables &#8211; R\u00e9frig\u00e9ration\"}]},{\"@type\":\"WebSite\",\"@id\":\"https:\/\/www.electroluxprofessional.com\/fr-be\/#website\",\"url\":\"https:\/\/www.electroluxprofessional.com\/fr-be\/\",\"name\":\"Electrolux Professional Belgique\",\"description\":\"Electrolux Professional est le leader mondial en mati\u00e8re d&#039;\u00e9quipements de cuisines et de blanchisseries professionnelles.\",\"potentialAction\":[{\"@type\":\"SearchAction\",\"target\":{\"@type\":\"EntryPoint\",\"urlTemplate\":\"https:\/\/www.electroluxprofessional.com\/fr-be\/?src={search_term_string}\"},\"query-input\":\"required name=search_term_string\"}],\"inLanguage\":\"fr-BE\"}]}<\/script>\n<!-- \/ Yoast SEO plugin. -->","yoast_head_json":{"title":"Accessoires et consommables - R\u00e9frig\u00e9ration - Electrolux Professional Belgique","description":"Pour une r\u00e9frig\u00e9ration responsable, les accessoires et consommables sont indispensables. D\u00e9couvrez ici notre gamme.","robots":{"index":"index","follow":"follow","max-snippet":"max-snippet:-1","max-image-preview":"max-image-preview:large","max-video-preview":"max-video-preview:-1"},"canonical":"https:\/\/www.electroluxprofessional.com\/fr-be\/accessoires-consommables-refrigeration\/","og_locale":"fr_FR","og_type":"article","og_title":"Accessoires et consommables - R\u00e9frig\u00e9ration - Electrolux Professional Belgique","og_description":"Pour une r\u00e9frig\u00e9ration responsable, les accessoires et consommables sont indispensables. D\u00e9couvrez ici notre gamme.","og_url":"https:\/\/www.electroluxprofessional.com\/fr-be\/accessoires-consommables-refrigeration\/","og_site_name":"Electrolux Professional Belgique","article_modified_time":"2025-11-05T16:41:26+00:00","og_image":[{"width":995,"height":666,"url":"https:\/\/www.electroluxprofessional.com\/fr-be\/wp-content\/uploads\/2016\/05\/refrigeration-kitchen-preparation.jpg","type":"image\/jpeg"}],"twitter_card":"summary_large_image","twitter_misc":{"Dur\u00e9e de lecture est.":"1 minute"},"schema":{"@context":"https:\/\/schema.org","@graph":[{"@type":"WebPage","@id":"https:\/\/www.electroluxprofessional.com\/fr-be\/accessoires-consommables-refrigeration\/","url":"https:\/\/www.electroluxprofessional.com\/fr-be\/accessoires-consommables-refrigeration\/","name":"Accessoires et consommables - R\u00e9frig\u00e9ration - Electrolux Professional Belgique","isPartOf":{"@id":"https:\/\/www.electroluxprofessional.com\/fr-be\/#website"},"primaryImageOfPage":{"@id":"https:\/\/www.electroluxprofessional.com\/fr-be\/accessoires-consommables-refrigeration\/#primaryimage"},"image":{"@id":"https:\/\/www.electroluxprofessional.com\/fr-be\/accessoires-consommables-refrigeration\/#primaryimage"},"thumbnailUrl":"https:\/\/www.electroluxprofessional.com\/fr-be\/wp-content\/uploads\/2016\/05\/refrigeration-kitchen-preparation.jpg","datePublished":"2017-01-13T11:32:53+00:00","dateModified":"2025-11-05T16:41:26+00:00","description":"Pour une r\u00e9frig\u00e9ration responsable, les accessoires et consommables sont indispensables. D\u00e9couvrez ici notre gamme.","breadcrumb":{"@id":"https:\/\/www.electroluxprofessional.com\/fr-be\/accessoires-consommables-refrigeration\/#breadcrumb"},"inLanguage":"fr-BE","potentialAction":[{"@type":"ReadAction","target":["https:\/\/www.electroluxprofessional.com\/fr-be\/accessoires-consommables-refrigeration\/"]}]},{"@type":"ImageObject","inLanguage":"fr-BE","@id":"https:\/\/www.electroluxprofessional.com\/fr-be\/accessoires-consommables-refrigeration\/#primaryimage","url":"https:\/\/www.electroluxprofessional.com\/fr-be\/wp-content\/uploads\/2016\/05\/refrigeration-kitchen-preparation.jpg","contentUrl":"https:\/\/www.electroluxprofessional.com\/fr-be\/wp-content\/uploads\/2016\/05\/refrigeration-kitchen-preparation.jpg","width":995,"height":666,"caption":"refrigeration equipment in the kitchen"},{"@type":"BreadcrumbList","@id":"https:\/\/www.electroluxprofessional.com\/fr-be\/accessoires-consommables-refrigeration\/#breadcrumb","itemListElement":[{"@type":"ListItem","position":1,"name":"Home","item":"https:\/\/www.electroluxprofessional.com\/fr-be\/"},{"@type":"ListItem","position":2,"name":"Accessoires et consommables &#8211; R\u00e9frig\u00e9ration"}]},{"@type":"WebSite","@id":"https:\/\/www.electroluxprofessional.com\/fr-be\/#website","url":"https:\/\/www.electroluxprofessional.com\/fr-be\/","name":"Electrolux Professional Belgique","description":"Electrolux Professional est le leader mondial en mati\u00e8re d&#039;\u00e9quipements de cuisines et de blanchisseries professionnelles.","potentialAction":[{"@type":"SearchAction","target":{"@type":"EntryPoint","urlTemplate":"https:\/\/www.electroluxprofessional.com\/fr-be\/?src={search_term_string}"},"query-input":"required name=search_term_string"}],"inLanguage":"fr-BE"}]}},"_links":{"self":[{"href":"https:\/\/www.electroluxprofessional.com\/fr-be\/wp-json\/wp\/v2\/pages\/2835"}],"collection":[{"href":"https:\/\/www.electroluxprofessional.com\/fr-be\/wp-json\/wp\/v2\/pages"}],"about":[{"href":"https:\/\/www.electroluxprofessional.com\/fr-be\/wp-json\/wp\/v2\/types\/page"}],"author":[{"embeddable":true,"href":"https:\/\/www.electroluxprofessional.com\/fr-be\/wp-json\/wp\/v2\/users\/3"}],"replies":[{"embeddable":true,"href":"https:\/\/www.electroluxprofessional.com\/fr-be\/wp-json\/wp\/v2\/comments?post=2835"}],"version-history":[{"count":8,"href":"https:\/\/www.electroluxprofessional.com\/fr-be\/wp-json\/wp\/v2\/pages\/2835\/revisions"}],"predecessor-version":[{"id":14120,"href":"https:\/\/www.electroluxprofessional.com\/fr-be\/wp-json\/wp\/v2\/pages\/2835\/revisions\/14120"}],"wp:featuredmedia":[{"embeddable":true,"href":"https:\/\/www.electroluxprofessional.com\/fr-be\/wp-json\/wp\/v2\/media\/2834"}],"wp:attachment":[{"href":"https:\/\/www.electroluxprofessional.com\/fr-be\/wp-json\/wp\/v2\/media?parent=2835"}],"curies":[{"name":"wp","href":"https:\/\/api.w.org\/{rel}","templated":true}]}}