{"id":2782,"date":"2017-05-22T11:04:34","date_gmt":"2017-05-22T11:04:34","guid":{"rendered":"https:\/\/www.electroluxprofessional.com\/?page_id=10321"},"modified":"2025-11-05T16:21:07","modified_gmt":"2025-11-05T16:21:07","slug":"laverie","status":"publish","type":"page","link":"https:\/\/www.electroluxprofessional.com\/fr-be\/cuisine-2\/laverie\/","title":{"rendered":"Laverie"},"content":{"rendered":"<p>[vc_row full_width=&#8221;electroluxpro-full-width-no-padding&#8221;][vc_column][vc_single_image image=&#8221;7640&#8243; img_size=&#8221;full&#8221;][\/vc_column][\/vc_row][vc_row][vc_column][elx_heading font_container=&#8221;h1&#8243; font_size=&#8221;h2&#8243; text_color=&#8221;inherit&#8221;]Laverie[\/elx_heading][vc_empty_space][\/vc_column][\/vc_row][vc_row][vc_column width=&#8221;2\/3&#8243;][elx_heading font_size=&#8221;h4&#8243; text_color=&#8221;inherit&#8221;]Les lave-vaisselles d&#8217;Electrolux Professional sont \u00e9quip\u00e9es d&#8217;options de rin\u00e7age et de lavage incomparables.[\/elx_heading][vc_empty_space height=&#8221;20px&#8221;][vc_column_text]L&#8217;offre de laverie vaisselle Electrolux Professional est tr\u00e8s compl\u00e8te. La gamme d\u00e9cline des lave verres, lave vaisselle frontaux et \u00e0 capot, des laveuses \u00e0 convoyeur, des lave batterie, et tout l&#8217;environnement, inerte ou m\u00e9canis\u00e9, li\u00e9 \u00e0 ces machines qui permettent de r\u00e9pondre \u00e0 tous les besoins sp\u00e9cifiques.<\/p>\n<p>Par ailleurs, Electrolux Professional offre un \u00e9ventail d&#8217;<strong>accessoires et de syst\u00e8mes innovants<\/strong> qui favorisent l&#8217;ergonomie et le respect de l&#8217;environnement.<br \/>\nLa majorit\u00e9 de nos \u00e9quipements sont recyclables \u00e0 98%[\/vc_column_text][vc_row_inner][vc_column_inner width=&#8221;1\/2&#8243; css=&#8221;.vc_custom_1484572391278{margin-left: 0px !important;border-left-width: 0px !important;padding-left: 0px !important;}&#8221;][vc_column_text css=&#8221;.vc_custom_1500457350121{margin-bottom: 5px !important;border-bottom-width: 5px !important;padding-bottom: 5px !important;}&#8221;]Pour des verres brillants. <strong>Ces d\u00e9tergents \u00e9liminent compl\u00e8tement les gouttes et les taches<\/strong>, pour un r\u00e9sultat out sec et propre. Et gr\u00e2ce \u00e0 une formule sp\u00e9cifique, nous emp\u00eachons la formation de calcaire.[\/vc_column_text][elx_button button_text=&#8221;Accessoires et consommables&#8221; button_style=&#8221;icon&#8221; button_link=&#8221;url:https%3A%2F%2Fwww.electroluxprofessional.com%2Ffr-be%2Faccessoires-et-consommables-2%2Fequipements-lavage%2F|title:Accessoires%20et%20consommables%20laverie&#8221;][\/vc_column_inner][vc_column_inner width=&#8221;1\/2&#8243;][vc_single_image image=&#8221;808&#8243; img_size=&#8221;full&#8221; onclick=&#8221;custom_link&#8221; link=&#8221;https:\/\/www.electroluxprofessional.com\/fr-be\/accessoires-consommables-laverie\/&#8221;][\/vc_column_inner][\/vc_row_inner][\/vc_column][vc_column width=&#8221;1\/3&#8243;][elx_image_block background_image=&#8221;1788&#8243; minimum_height=&#8221;500px&#8221;][\/vc_column][\/vc_row][vc_row][vc_column][vc_empty_space height=&#8221;50px&#8221;][\/vc_column][\/vc_row][vc_row][vc_column][vc_empty_space height=&#8221;50px&#8221;][\/vc_column][\/vc_row][vc_row][vc_column width=&#8221;1\/3&#8243;][elx_maylike_box id_box=&#8221;4778&#8243;][\/vc_column][vc_column width=&#8221;1\/3&#8243;][elx_maylike_box id_box=&#8221;3291&#8243;][\/vc_column][vc_column width=&#8221;1\/3&#8243;][elx_maylike_box id_box=&#8221;4780&#8243;][\/vc_column][\/vc_row][vc_row][vc_column][vc_empty_space height=&#8221;50px&#8221;][elx_heading text_color=&#8221;inherit&#8221; text_align=&#8221;text-center&#8221;]D\u00e9couvrez comment nos lave-vaisselles peuvent booster votre business[\/elx_heading][elx_o2000_contact_us s=&#8221;Demande d&#8217;info \u00e0 propos de la laverie&#8221; country=&#8221;Belgium&#8221; container=&#8221;elxcontactus1479283732&#8243; r=&#8221;Je cherche plus d&#8217;info sur la gamme de laverie. Pourriez-vous me contacter?&#8221; l=&#8221;fr-be&#8221; e=&#8221;professional@electrolux.be&#8221;][\/vc_column][\/vc_row][vc_row][vc_column][vc_empty_space height=&#8221;50px&#8221;][elx_heading font_size=&#8221;h3&#8243; text_color=&#8221;inherit&#8221; text_align=&#8221;text-center&#8221;]Trouvez votre solution compl\u00e8te[\/elx_heading][\/vc_column][\/vc_row][vc_row][vc_column width=&#8221;1\/3&#8243;][elx_maylike_box id_box=&#8221;3196&#8243;][\/vc_column][vc_column width=&#8221;1\/3&#8243;][elx_maylike_box id_box=&#8221;3183&#8243;][\/vc_column][vc_column width=&#8221;1\/3&#8243;][elx_maylike_box id_box=&#8221;3206&#8243;][\/vc_column][\/vc_row]<\/p>\n","protected":false},"excerpt":{"rendered":"<p>[vc_row full_width=&#8221;electroluxpro-full-width-no-padding&#8221;][vc_column][vc_single_image image=&#8221;7640&#8243; img_size=&#8221;full&#8221;][\/vc_column][\/vc_row][vc_row][vc_column][elx_heading font_container=&#8221;h1&#8243; font_size=&#8221;h2&#8243; text_color=&#8221;inherit&#8221;]Laverie[\/elx_heading][vc_empty_space][\/vc_column][\/vc_row][vc_row][vc_column width=&#8221;2\/3&#8243;][elx_heading font_size=&#8221;h4&#8243; text_color=&#8221;inherit&#8221;]Les lave-vaisselles d&#8217;Electrolux Professional sont \u00e9quip\u00e9es d&#8217;options de rin\u00e7age et de lavage incomparables.[\/elx_heading][vc_empty_space height=&#8221;20px&#8221;][vc_column_text]L&#8217;offre de laverie vaisselle Electrolux Professional est tr\u00e8s compl\u00e8te. La gamme d\u00e9cline des lave verres, lave vaisselle frontaux et \u00e0 capot, des laveuses \u00e0 convoyeur, des lave batterie, et tout l&#8217;environnement, inerte ou [&hellip;]<\/p>\n","protected":false},"author":3,"featured_media":666,"parent":9308,"menu_order":0,"comment_status":"closed","ping_status":"closed","template":"","meta":{"footnotes":""},"class_list":["post-2782","page","type-page","status-publish","has-post-thumbnail","hentry"],"acf":[],"yoast_head":"<!-- This site is optimized with the Yoast SEO plugin v23.3 - https:\/\/yoast.com\/wordpress\/plugins\/seo\/ -->\n<title>Laverie - Electrolux Professional Belgique<\/title>\n<meta name=\"description\" content=\"Des lave-verres, lave-vaisselle frontaux et \u00e0 capot, des laveuses \u00e0 convoyeur, des lave-batterie qui permettent de r\u00e9pondre \u00e0 tous les besoins sp\u00e9cifiques.\" \/>\n<meta name=\"robots\" content=\"index, follow, max-snippet:-1, max-image-preview:large, max-video-preview:-1\" \/>\n<link rel=\"canonical\" href=\"https:\/\/www.electroluxprofessional.com\/fr-be\/cuisine-2\/laverie\/\" \/>\n<meta property=\"og:locale\" content=\"fr_FR\" \/>\n<meta property=\"og:type\" content=\"article\" \/>\n<meta property=\"og:title\" content=\"Laverie - Electrolux Professional Belgique\" \/>\n<meta property=\"og:description\" content=\"Des lave-verres, lave-vaisselle frontaux et \u00e0 capot, des laveuses \u00e0 convoyeur, des lave-batterie qui permettent de r\u00e9pondre \u00e0 tous les besoins sp\u00e9cifiques.\" \/>\n<meta property=\"og:url\" content=\"https:\/\/www.electroluxprofessional.com\/fr-be\/cuisine-2\/laverie\/\" \/>\n<meta property=\"og:site_name\" content=\"Electrolux Professional Belgique\" \/>\n<meta property=\"article:modified_time\" content=\"2025-11-05T16:21:07+00:00\" \/>\n<meta property=\"og:image\" content=\"https:\/\/www.electroluxprofessional.com\/fr-be\/wp-content\/uploads\/2016\/05\/hoodtype-dishwasher.jpg\" \/>\n\t<meta property=\"og:image:width\" content=\"900\" \/>\n\t<meta property=\"og:image:height\" content=\"405\" \/>\n\t<meta property=\"og:image:type\" content=\"image\/jpeg\" \/>\n<meta name=\"twitter:card\" content=\"summary_large_image\" \/>\n<meta name=\"twitter:label1\" content=\"Dur\u00e9e de lecture est.\" \/>\n\t<meta name=\"twitter:data1\" content=\"2 minutes\" \/>\n<script type=\"application\/ld+json\" class=\"yoast-schema-graph\">{\"@context\":\"https:\/\/schema.org\",\"@graph\":[{\"@type\":\"WebPage\",\"@id\":\"https:\/\/www.electroluxprofessional.com\/fr-be\/cuisine-2\/laverie\/\",\"url\":\"https:\/\/www.electroluxprofessional.com\/fr-be\/cuisine-2\/laverie\/\",\"name\":\"Laverie - Electrolux Professional Belgique\",\"isPartOf\":{\"@id\":\"https:\/\/www.electroluxprofessional.com\/fr-be\/#website\"},\"primaryImageOfPage\":{\"@id\":\"https:\/\/www.electroluxprofessional.com\/fr-be\/cuisine-2\/laverie\/#primaryimage\"},\"image\":{\"@id\":\"https:\/\/www.electroluxprofessional.com\/fr-be\/cuisine-2\/laverie\/#primaryimage\"},\"thumbnailUrl\":\"https:\/\/www.electroluxprofessional.com\/fr-be\/wp-content\/uploads\/2016\/05\/hoodtype-dishwasher.jpg\",\"datePublished\":\"2017-05-22T11:04:34+00:00\",\"dateModified\":\"2025-11-05T16:21:07+00:00\",\"description\":\"Des lave-verres, lave-vaisselle frontaux et \u00e0 capot, des laveuses \u00e0 convoyeur, des lave-batterie qui permettent de r\u00e9pondre \u00e0 tous les besoins sp\u00e9cifiques.\",\"breadcrumb\":{\"@id\":\"https:\/\/www.electroluxprofessional.com\/fr-be\/cuisine-2\/laverie\/#breadcrumb\"},\"inLanguage\":\"fr-BE\",\"potentialAction\":[{\"@type\":\"ReadAction\",\"target\":[\"https:\/\/www.electroluxprofessional.com\/fr-be\/cuisine-2\/laverie\/\"]}]},{\"@type\":\"ImageObject\",\"inLanguage\":\"fr-BE\",\"@id\":\"https:\/\/www.electroluxprofessional.com\/fr-be\/cuisine-2\/laverie\/#primaryimage\",\"url\":\"https:\/\/www.electroluxprofessional.com\/fr-be\/wp-content\/uploads\/2016\/05\/hoodtype-dishwasher.jpg\",\"contentUrl\":\"https:\/\/www.electroluxprofessional.com\/fr-be\/wp-content\/uploads\/2016\/05\/hoodtype-dishwasher.jpg\",\"width\":900,\"height\":405,\"caption\":\"hoodtype dishwasher inside\"},{\"@type\":\"BreadcrumbList\",\"@id\":\"https:\/\/www.electroluxprofessional.com\/fr-be\/cuisine-2\/laverie\/#breadcrumb\",\"itemListElement\":[{\"@type\":\"ListItem\",\"position\":1,\"name\":\"Home\",\"item\":\"https:\/\/www.electroluxprofessional.com\/fr-be\/\"},{\"@type\":\"ListItem\",\"position\":2,\"name\":\"Cuisine\",\"item\":\"https:\/\/www.electroluxprofessional.com\/fr-be\/cuisine-2\/\"},{\"@type\":\"ListItem\",\"position\":3,\"name\":\"Laverie\"}]},{\"@type\":\"WebSite\",\"@id\":\"https:\/\/www.electroluxprofessional.com\/fr-be\/#website\",\"url\":\"https:\/\/www.electroluxprofessional.com\/fr-be\/\",\"name\":\"Electrolux Professional Belgique\",\"description\":\"Electrolux Professional est le leader mondial en mati\u00e8re d&#039;\u00e9quipements de cuisines et de blanchisseries professionnelles.\",\"potentialAction\":[{\"@type\":\"SearchAction\",\"target\":{\"@type\":\"EntryPoint\",\"urlTemplate\":\"https:\/\/www.electroluxprofessional.com\/fr-be\/?src={search_term_string}\"},\"query-input\":\"required name=search_term_string\"}],\"inLanguage\":\"fr-BE\"}]}<\/script>\n<!-- \/ Yoast SEO plugin. -->","yoast_head_json":{"title":"Laverie - Electrolux Professional Belgique","description":"Des lave-verres, lave-vaisselle frontaux et \u00e0 capot, des laveuses \u00e0 convoyeur, des lave-batterie qui permettent de r\u00e9pondre \u00e0 tous les besoins sp\u00e9cifiques.","robots":{"index":"index","follow":"follow","max-snippet":"max-snippet:-1","max-image-preview":"max-image-preview:large","max-video-preview":"max-video-preview:-1"},"canonical":"https:\/\/www.electroluxprofessional.com\/fr-be\/cuisine-2\/laverie\/","og_locale":"fr_FR","og_type":"article","og_title":"Laverie - Electrolux Professional Belgique","og_description":"Des lave-verres, lave-vaisselle frontaux et \u00e0 capot, des laveuses \u00e0 convoyeur, des lave-batterie qui permettent de r\u00e9pondre \u00e0 tous les besoins sp\u00e9cifiques.","og_url":"https:\/\/www.electroluxprofessional.com\/fr-be\/cuisine-2\/laverie\/","og_site_name":"Electrolux Professional Belgique","article_modified_time":"2025-11-05T16:21:07+00:00","og_image":[{"width":900,"height":405,"url":"https:\/\/www.electroluxprofessional.com\/fr-be\/wp-content\/uploads\/2016\/05\/hoodtype-dishwasher.jpg","type":"image\/jpeg"}],"twitter_card":"summary_large_image","twitter_misc":{"Dur\u00e9e de lecture est.":"2 minutes"},"schema":{"@context":"https:\/\/schema.org","@graph":[{"@type":"WebPage","@id":"https:\/\/www.electroluxprofessional.com\/fr-be\/cuisine-2\/laverie\/","url":"https:\/\/www.electroluxprofessional.com\/fr-be\/cuisine-2\/laverie\/","name":"Laverie - Electrolux Professional Belgique","isPartOf":{"@id":"https:\/\/www.electroluxprofessional.com\/fr-be\/#website"},"primaryImageOfPage":{"@id":"https:\/\/www.electroluxprofessional.com\/fr-be\/cuisine-2\/laverie\/#primaryimage"},"image":{"@id":"https:\/\/www.electroluxprofessional.com\/fr-be\/cuisine-2\/laverie\/#primaryimage"},"thumbnailUrl":"https:\/\/www.electroluxprofessional.com\/fr-be\/wp-content\/uploads\/2016\/05\/hoodtype-dishwasher.jpg","datePublished":"2017-05-22T11:04:34+00:00","dateModified":"2025-11-05T16:21:07+00:00","description":"Des lave-verres, lave-vaisselle frontaux et \u00e0 capot, des laveuses \u00e0 convoyeur, des lave-batterie qui permettent de r\u00e9pondre \u00e0 tous les besoins sp\u00e9cifiques.","breadcrumb":{"@id":"https:\/\/www.electroluxprofessional.com\/fr-be\/cuisine-2\/laverie\/#breadcrumb"},"inLanguage":"fr-BE","potentialAction":[{"@type":"ReadAction","target":["https:\/\/www.electroluxprofessional.com\/fr-be\/cuisine-2\/laverie\/"]}]},{"@type":"ImageObject","inLanguage":"fr-BE","@id":"https:\/\/www.electroluxprofessional.com\/fr-be\/cuisine-2\/laverie\/#primaryimage","url":"https:\/\/www.electroluxprofessional.com\/fr-be\/wp-content\/uploads\/2016\/05\/hoodtype-dishwasher.jpg","contentUrl":"https:\/\/www.electroluxprofessional.com\/fr-be\/wp-content\/uploads\/2016\/05\/hoodtype-dishwasher.jpg","width":900,"height":405,"caption":"hoodtype dishwasher inside"},{"@type":"BreadcrumbList","@id":"https:\/\/www.electroluxprofessional.com\/fr-be\/cuisine-2\/laverie\/#breadcrumb","itemListElement":[{"@type":"ListItem","position":1,"name":"Home","item":"https:\/\/www.electroluxprofessional.com\/fr-be\/"},{"@type":"ListItem","position":2,"name":"Cuisine","item":"https:\/\/www.electroluxprofessional.com\/fr-be\/cuisine-2\/"},{"@type":"ListItem","position":3,"name":"Laverie"}]},{"@type":"WebSite","@id":"https:\/\/www.electroluxprofessional.com\/fr-be\/#website","url":"https:\/\/www.electroluxprofessional.com\/fr-be\/","name":"Electrolux Professional Belgique","description":"Electrolux Professional est le leader mondial en mati\u00e8re d&#039;\u00e9quipements de cuisines et de blanchisseries professionnelles.","potentialAction":[{"@type":"SearchAction","target":{"@type":"EntryPoint","urlTemplate":"https:\/\/www.electroluxprofessional.com\/fr-be\/?src={search_term_string}"},"query-input":"required name=search_term_string"}],"inLanguage":"fr-BE"}]}},"_links":{"self":[{"href":"https:\/\/www.electroluxprofessional.com\/fr-be\/wp-json\/wp\/v2\/pages\/2782"}],"collection":[{"href":"https:\/\/www.electroluxprofessional.com\/fr-be\/wp-json\/wp\/v2\/pages"}],"about":[{"href":"https:\/\/www.electroluxprofessional.com\/fr-be\/wp-json\/wp\/v2\/types\/page"}],"author":[{"embeddable":true,"href":"https:\/\/www.electroluxprofessional.com\/fr-be\/wp-json\/wp\/v2\/users\/3"}],"replies":[{"embeddable":true,"href":"https:\/\/www.electroluxprofessional.com\/fr-be\/wp-json\/wp\/v2\/comments?post=2782"}],"version-history":[{"count":15,"href":"https:\/\/www.electroluxprofessional.com\/fr-be\/wp-json\/wp\/v2\/pages\/2782\/revisions"}],"predecessor-version":[{"id":14073,"href":"https:\/\/www.electroluxprofessional.com\/fr-be\/wp-json\/wp\/v2\/pages\/2782\/revisions\/14073"}],"up":[{"embeddable":true,"href":"https:\/\/www.electroluxprofessional.com\/fr-be\/wp-json\/wp\/v2\/pages\/9308"}],"wp:featuredmedia":[{"embeddable":true,"href":"https:\/\/www.electroluxprofessional.com\/fr-be\/wp-json\/wp\/v2\/media\/666"}],"wp:attachment":[{"href":"https:\/\/www.electroluxprofessional.com\/fr-be\/wp-json\/wp\/v2\/media?parent=2782"}],"curies":[{"name":"wp","href":"https:\/\/api.w.org\/{rel}","templated":true}]}}