{"id":2748,"date":"2017-06-07T14:41:31","date_gmt":"2017-06-07T14:41:31","guid":{"rendered":"https:\/\/www.electroluxprofessional.com\/fr-be\/?page_id=2748"},"modified":"2021-11-03T16:09:50","modified_gmt":"2021-11-03T16:09:50","slug":"cantines-personnel","status":"publish","type":"page","link":"https:\/\/www.electroluxprofessional.com\/fr-be\/votre-profil\/cantines-personnel\/","title":{"rendered":"Cantines du personnel"},"content":{"rendered":"<p>[vc_row full_width=&#8221;electroluxpro-full-width-no-padding&#8221; equal_height=&#8221;yes&#8221;][vc_column reveal_effect=&#8221;&#8221; width=&#8221;1\/2&#8243;][elx_citation name=&#8221;Mr. Ramesh Palagiri, Directeur &amp; CEO et Mrs. Maithili Bhojwani, Administration&#8221; company=&#8221;Wirtgen Group &#8211; Pune, Inde&#8221;][elx_heading font_container=&#8221;h1&#8243; font_size=&#8221;h2&#8243; text_color=&#8221;inherit&#8221;]\u201cNous sommes tr\u00e8s heureux de pouvoir travailler avec les meilleurs appareils d\u2019Electrolux Professional, qui nous offrent du confort et nous procurent un sentiment de luxe, mais nous permettent aussi de satisfaire aux exigences internationales en mati\u00e8re de propret\u00e9 et d\u2019hygi\u00e8ne dans nos cuisines. Nous sommes donc extr\u00eamement fiers d\u2019\u00eatre associ\u00e9s \u00e0 une entreprise de classe mondiale telle qu\u2019Electrolux Professional.\u201d[\/elx_heading][\/elx_citation][\/vc_column][vc_column reveal_effect=&#8221;&#8221; width=&#8221;1\/2&#8243;][elx_image_block background_image=&#8221;478&#8243; minimum_height=&#8221;700px&#8221;][\/vc_column][\/vc_row][vc_row][vc_column][vc_empty_space height=&#8221;50px&#8221;][elx_heading font_container=&#8221;h1&#8243; font_size=&#8221;h2&#8243; text_color=&#8221;inherit&#8221; text_align=&#8221;text-center&#8221;]Cantine du personnel[\/elx_heading][vc_empty_space height=&#8221;50px&#8221;][\/vc_column][\/vc_row][vc_row][vc_column][\/vc_column][\/vc_row][vc_row full_width=&#8221;electroluxpro-full-width-no-padding&#8221; equal_height=&#8221;yes&#8221; css=&#8221;.vc_custom_1465551113072{background-color: #edeff2 !important;}&#8221;][vc_column width=&#8221;1\/2&#8243;][elx_simple_block background_color=&#8221;inherit&#8221;][vc_column_text][\/vc_column_text][elx_heading font_size=&#8221;h2&#8243; text_color=&#8221;inherit&#8221;]GAI Industrie Spa[\/elx_heading][elx_heading font_size=&#8221;h4&#8243; text_color=&#8221;inherit&#8221;]Cuneo, Italie[\/elx_heading][vc_column_text]En raison de la complexit\u00e9 de l\u2019installation, nous avons eu besoin d\u2019une grue pour acheminer le mat\u00e9riel aux deuxi\u00e8me et troisi\u00e8me \u00e9tages. La grande particularit\u00e9 de cette cuisine, c\u2019est l\u2019absence de vrais murs\u00a0: sur les quatre c\u00f4t\u00e9s, de vastes fen\u00eatres permettent \u00e0 tout moment de voir les chefs \u00e0 la t\u00e2che.<\/p>\n<p>Tous les r\u00e9frig\u00e9rateurs sont dot\u00e9s de portes en verre, synonymes de classe et de bonne organisation du travail. Au centre de la cuisine tr\u00f4ne un bloc de cuisson modulaire thermaline, de la meilleure des gammes d\u2019Electrolux Professional.[\/vc_column_text][\/elx_simple_block][\/vc_column][vc_column width=&#8221;1\/2&#8243;][vc_single_image image=&#8221;490&#8243; img_size=&#8221;full&#8221;][\/vc_column][\/vc_row][vc_row full_width=&#8221;electroluxpro-full-width-no-padding&#8221; equal_height=&#8221;yes&#8221; css=&#8221;.vc_custom_1465551113072{background-color: #edeff2 !important;}&#8221;][vc_column width=&#8221;1\/2&#8243;][vc_single_image image=&#8221;479&#8243; img_size=&#8221;full&#8221; alignment=&#8221;right&#8221;][\/vc_column][vc_column width=&#8221;1\/2&#8243;][elx_simple_block background_color=&#8221;inherit&#8221;][vc_column_text][\/vc_column_text][elx_heading font_size=&#8221;h2&#8243; text_color=&#8221;inherit&#8221;]Wirtgen Group[\/elx_heading][elx_heading font_size=&#8221;h4&#8243; text_color=&#8221;inherit&#8221;]Pune, Inde[\/elx_heading][vc_column_text]Le fabricant allemand Wirtgen Group est leader du march\u00e9 des machines pour travaux de voirie et dispose d\u2019une usine ultra moderne \u00e0 Pune, en Inde, son troisi\u00e8me site hors d\u2019Allemagne.<\/p>\n<p>Utilis\u00e9e de mani\u00e8re intensive pour les repas du personnel, la cuisine a \u00e9t\u00e9 enti\u00e8rement \u00e9quip\u00e9e d\u2019appareils Electrolux Professional.<\/p>\n<p><em>\u201c&#8230; cela nous a permis de renforcer l\u2019efficacit\u00e9 de notre personnel et nous a aid\u00e9s \u00e0 r\u00e9duire consid\u00e9rablement les co\u00fbts li\u00e9s \u00e0 l\u2019\u00e9nergie. Ils ont ainsi \u00e9galement d\u00e9couvert de nouvelles normes dans les cuisines commerciales.\u00a0\u201d<\/em><\/p>\n<p><strong>Chef Deepak<\/strong>[\/vc_column_text][\/elx_simple_block][\/vc_column][\/vc_row][vc_row][vc_column][vc_empty_space height=&#8221;50px&#8221;][\/vc_column][\/vc_row][vc_row][vc_column][elx_heading font_size=&#8221;h3&#8243; text_color=&#8221;inherit&#8221; text_align=&#8221;text-center&#8221;]Nos trois meilleures solutions pour les cantines du personnel[\/elx_heading][\/vc_column][\/vc_row][vc_row css=&#8221;.vc_custom_1465550821993{padding-top: 20px !important;padding-bottom: 20px !important;background-color: #f7f6f6 !important;}&#8221;][vc_column width=&#8221;1\/3&#8243;][vc_single_image image=&#8221;748&#8243; img_size=&#8221;full&#8221; alignment=&#8221;center&#8221;][elx_heading font_container=&#8221;h3&#8243; text_color=&#8221;inherit&#8221; text_align=&#8221;text-left&#8221;]therma<em>line<\/em><br \/>\n[\/elx_heading][vc_column_text]<\/p>\n<ul>\n<li>\u00c9conomisez jusqu\u2019\u00e0 60\u00a0% de frais d\u2019\u00e9nergie et renforcez vos performances gr\u00e2ce \u00e0 notre gamme premium thermaline<\/li>\n<li>L\u2019induction &#8216;full\u00a0surface&#8217; rend la pr\u00e9paration de diff\u00e9rents produits plus facile que jamais.<\/li>\n<\/ul>\n<p>[\/vc_column_text][elx_button button_text=&#8221;thermaline&#8221; button_style=&#8221;icon&#8221; button_link=&#8221;url:https%3A%2F%2Fprofessional.electrolux.be%2Fthermaline-lignes-cuisson%2F|title:thermaline||&#8221;][\/vc_column][vc_column width=&#8221;1\/3&#8243;][vc_single_image image=&#8221;749&#8243; img_size=&#8221;large&#8221; alignment=&#8221;center&#8221;][elx_heading font_container=&#8221;h3&#8243; text_color=&#8221;inherit&#8221; text_align=&#8221;text-center&#8221;]Cook&amp;Chill<br \/>\n[\/elx_heading][vc_column_text]<\/p>\n<ul>\n<li>Cuisinez dans le respect de l\u2019environnement avec l\u2019air-o-steam Touchline, actuellement le four le plus \u00e9cologique du march\u00e9<\/li>\n<li>Des menus plus flexibles, un flux de travail rationalis\u00e9, moins de gaspillage ainsi que des \u00e9conomies de temps, d\u2019argent et d\u2019\u00e9nergie.<\/li>\n<\/ul>\n<p>[\/vc_column_text][elx_button button_text=&#8221;Cook&amp;Chill&#8221; button_style=&#8221;icon&#8221; button_link=&#8221;url:https%3A%2F%2Fprofessional.electrolux.be%2Fcuisine%2Fcook-and-chill%2F|title:Cook%20and%20Chill||&#8221;][\/vc_column][vc_column width=&#8221;1\/3&#8243;][vc_single_image image=&#8221;2834&#8243; img_size=&#8221;large&#8221;][elx_heading font_container=&#8221;h3&#8243; text_color=&#8221;inherit&#8221; text_align=&#8221;text-center&#8221;]R\u00e9frigeration<br \/>\n[\/elx_heading][vc_column_text]<\/p>\n<ul>\n<li>Conservez les aliments dans les r\u00e9frig\u00e9rateurs ecostore, les plus performants en termes d\u2019efficacit\u00e9 \u00e9nerg\u00e9tique<\/li>\n<li>Rendez votre cuisine plus durable et plus productive<\/li>\n<\/ul>\n<p>[\/vc_column_text][elx_button button_text=&#8221;R\u00e9frig\u00e9ration&#8221; button_style=&#8221;icon&#8221; button_link=&#8221;url:https%3A%2F%2Fprofessional.electrolux.be%2Fcuisine%2Frefrigeration%2F|title:Refrigeration%20equipment||&#8221;][\/vc_column][\/vc_row][vc_row][vc_column][elx_heading text_color=&#8221;inherit&#8221;]D\u00e9couvrez les avantages des solutions Electrolux Professional pour votre business[\/elx_heading][elx_o2000_contact_us r=&#8221;Je souhaite plus d&#8217;info \u00e0 propos des solutions pour des cantines de personnel. Veuillez me contacter.&#8221; s=&#8221;Demande d&#8217;info: cantine de personnel&#8221; country=&#8221;Belgium&#8221; b=&#8221;food&#8221; e=&#8221;professional@electrolux.be&#8221; l=&#8221;fr-be&#8221; container=&#8221;elxcontactus1466430938&#8243;][\/vc_column][\/vc_row]<\/p>\n","protected":false},"excerpt":{"rendered":"<p>[vc_row full_width=&#8221;electroluxpro-full-width-no-padding&#8221; equal_height=&#8221;yes&#8221;][vc_column reveal_effect=&#8221;&#8221; width=&#8221;1\/2&#8243;][elx_citation name=&#8221;Mr. Ramesh Palagiri, Directeur &amp; CEO et Mrs. Maithili Bhojwani, Administration&#8221; company=&#8221;Wirtgen Group &#8211; Pune, Inde&#8221;][elx_heading font_container=&#8221;h1&#8243; font_size=&#8221;h2&#8243; text_color=&#8221;inherit&#8221;]\u201cNous sommes tr\u00e8s heureux de pouvoir travailler avec les meilleurs appareils d\u2019Electrolux Professional, qui nous offrent du confort et nous procurent un sentiment de luxe, mais nous permettent aussi de satisfaire aux [&hellip;]<\/p>\n","protected":false},"author":3,"featured_media":0,"parent":2716,"menu_order":0,"comment_status":"closed","ping_status":"closed","template":"","meta":{"footnotes":""},"class_list":["post-2748","page","type-page","status-publish","hentry"],"acf":[],"yoast_head":"<!-- This site is optimized with the Yoast SEO plugin v23.3 - https:\/\/yoast.com\/wordpress\/plugins\/seo\/ -->\n<title>Cantines du personnel - Electrolux Professional Belgique<\/title>\n<meta name=\"robots\" content=\"index, follow, max-snippet:-1, max-image-preview:large, max-video-preview:-1\" \/>\n<link rel=\"canonical\" href=\"https:\/\/www.electroluxprofessional.com\/fr-be\/votre-profil\/cantines-personnel\/\" \/>\n<meta property=\"og:locale\" content=\"fr_FR\" \/>\n<meta property=\"og:type\" content=\"article\" \/>\n<meta property=\"og:title\" content=\"Cantines du personnel - Electrolux Professional Belgique\" \/>\n<meta property=\"og:description\" content=\"[vc_row full_width=&#8221;electroluxpro-full-width-no-padding&#8221; equal_height=&#8221;yes&#8221;][vc_column reveal_effect=&#8221;&#8221; width=&#8221;1\/2&#8243;][elx_citation name=&#8221;Mr. Ramesh Palagiri, Directeur &amp; CEO et Mrs. Maithili Bhojwani, Administration&#8221; company=&#8221;Wirtgen Group &#8211; Pune, Inde&#8221;][elx_heading font_container=&#8221;h1&#8243; font_size=&#8221;h2&#8243; text_color=&#8221;inherit&#8221;]\u201cNous sommes tr\u00e8s heureux de pouvoir travailler avec les meilleurs appareils d\u2019Electrolux Professional, qui nous offrent du confort et nous procurent un sentiment de luxe, mais nous permettent aussi de satisfaire aux [&hellip;]\" \/>\n<meta property=\"og:url\" content=\"https:\/\/www.electroluxprofessional.com\/fr-be\/votre-profil\/cantines-personnel\/\" \/>\n<meta property=\"og:site_name\" content=\"Electrolux Professional Belgique\" \/>\n<meta property=\"article:modified_time\" content=\"2021-11-03T16:09:50+00:00\" \/>\n<meta name=\"twitter:card\" content=\"summary_large_image\" \/>\n<meta name=\"twitter:label1\" content=\"Dur\u00e9e de lecture est.\" \/>\n\t<meta name=\"twitter:data1\" content=\"5 minutes\" \/>\n<script type=\"application\/ld+json\" class=\"yoast-schema-graph\">{\"@context\":\"https:\/\/schema.org\",\"@graph\":[{\"@type\":\"WebPage\",\"@id\":\"https:\/\/www.electroluxprofessional.com\/fr-be\/votre-profil\/cantines-personnel\/\",\"url\":\"https:\/\/www.electroluxprofessional.com\/fr-be\/votre-profil\/cantines-personnel\/\",\"name\":\"Cantines du personnel - Electrolux Professional Belgique\",\"isPartOf\":{\"@id\":\"https:\/\/www.electroluxprofessional.com\/fr-be\/#website\"},\"datePublished\":\"2017-06-07T14:41:31+00:00\",\"dateModified\":\"2021-11-03T16:09:50+00:00\",\"breadcrumb\":{\"@id\":\"https:\/\/www.electroluxprofessional.com\/fr-be\/votre-profil\/cantines-personnel\/#breadcrumb\"},\"inLanguage\":\"fr-BE\",\"potentialAction\":[{\"@type\":\"ReadAction\",\"target\":[\"https:\/\/www.electroluxprofessional.com\/fr-be\/votre-profil\/cantines-personnel\/\"]}]},{\"@type\":\"BreadcrumbList\",\"@id\":\"https:\/\/www.electroluxprofessional.com\/fr-be\/votre-profil\/cantines-personnel\/#breadcrumb\",\"itemListElement\":[{\"@type\":\"ListItem\",\"position\":1,\"name\":\"Home\",\"item\":\"https:\/\/www.electroluxprofessional.com\/fr-be\/\"},{\"@type\":\"ListItem\",\"position\":2,\"name\":\"Votre profil\",\"item\":\"https:\/\/www.electroluxprofessional.com\/fr-be\/votre-profil\/\"},{\"@type\":\"ListItem\",\"position\":3,\"name\":\"Cantines du personnel\"}]},{\"@type\":\"WebSite\",\"@id\":\"https:\/\/www.electroluxprofessional.com\/fr-be\/#website\",\"url\":\"https:\/\/www.electroluxprofessional.com\/fr-be\/\",\"name\":\"Electrolux Professional Belgique\",\"description\":\"Electrolux Professional est le leader mondial en mati\u00e8re d&#039;\u00e9quipements de cuisines et de blanchisseries professionnelles.\",\"potentialAction\":[{\"@type\":\"SearchAction\",\"target\":{\"@type\":\"EntryPoint\",\"urlTemplate\":\"https:\/\/www.electroluxprofessional.com\/fr-be\/?src={search_term_string}\"},\"query-input\":\"required name=search_term_string\"}],\"inLanguage\":\"fr-BE\"}]}<\/script>\n<!-- \/ Yoast SEO plugin. -->","yoast_head_json":{"title":"Cantines du personnel - Electrolux Professional Belgique","robots":{"index":"index","follow":"follow","max-snippet":"max-snippet:-1","max-image-preview":"max-image-preview:large","max-video-preview":"max-video-preview:-1"},"canonical":"https:\/\/www.electroluxprofessional.com\/fr-be\/votre-profil\/cantines-personnel\/","og_locale":"fr_FR","og_type":"article","og_title":"Cantines du personnel - Electrolux Professional Belgique","og_description":"[vc_row full_width=&#8221;electroluxpro-full-width-no-padding&#8221; equal_height=&#8221;yes&#8221;][vc_column reveal_effect=&#8221;&#8221; width=&#8221;1\/2&#8243;][elx_citation name=&#8221;Mr. Ramesh Palagiri, Directeur &amp; CEO et Mrs. Maithili Bhojwani, Administration&#8221; company=&#8221;Wirtgen Group &#8211; Pune, Inde&#8221;][elx_heading font_container=&#8221;h1&#8243; font_size=&#8221;h2&#8243; text_color=&#8221;inherit&#8221;]\u201cNous sommes tr\u00e8s heureux de pouvoir travailler avec les meilleurs appareils d\u2019Electrolux Professional, qui nous offrent du confort et nous procurent un sentiment de luxe, mais nous permettent aussi de satisfaire aux [&hellip;]","og_url":"https:\/\/www.electroluxprofessional.com\/fr-be\/votre-profil\/cantines-personnel\/","og_site_name":"Electrolux Professional Belgique","article_modified_time":"2021-11-03T16:09:50+00:00","twitter_card":"summary_large_image","twitter_misc":{"Dur\u00e9e de lecture est.":"5 minutes"},"schema":{"@context":"https:\/\/schema.org","@graph":[{"@type":"WebPage","@id":"https:\/\/www.electroluxprofessional.com\/fr-be\/votre-profil\/cantines-personnel\/","url":"https:\/\/www.electroluxprofessional.com\/fr-be\/votre-profil\/cantines-personnel\/","name":"Cantines du personnel - Electrolux Professional Belgique","isPartOf":{"@id":"https:\/\/www.electroluxprofessional.com\/fr-be\/#website"},"datePublished":"2017-06-07T14:41:31+00:00","dateModified":"2021-11-03T16:09:50+00:00","breadcrumb":{"@id":"https:\/\/www.electroluxprofessional.com\/fr-be\/votre-profil\/cantines-personnel\/#breadcrumb"},"inLanguage":"fr-BE","potentialAction":[{"@type":"ReadAction","target":["https:\/\/www.electroluxprofessional.com\/fr-be\/votre-profil\/cantines-personnel\/"]}]},{"@type":"BreadcrumbList","@id":"https:\/\/www.electroluxprofessional.com\/fr-be\/votre-profil\/cantines-personnel\/#breadcrumb","itemListElement":[{"@type":"ListItem","position":1,"name":"Home","item":"https:\/\/www.electroluxprofessional.com\/fr-be\/"},{"@type":"ListItem","position":2,"name":"Votre profil","item":"https:\/\/www.electroluxprofessional.com\/fr-be\/votre-profil\/"},{"@type":"ListItem","position":3,"name":"Cantines du personnel"}]},{"@type":"WebSite","@id":"https:\/\/www.electroluxprofessional.com\/fr-be\/#website","url":"https:\/\/www.electroluxprofessional.com\/fr-be\/","name":"Electrolux Professional Belgique","description":"Electrolux Professional est le leader mondial en mati\u00e8re d&#039;\u00e9quipements de cuisines et de blanchisseries professionnelles.","potentialAction":[{"@type":"SearchAction","target":{"@type":"EntryPoint","urlTemplate":"https:\/\/www.electroluxprofessional.com\/fr-be\/?src={search_term_string}"},"query-input":"required name=search_term_string"}],"inLanguage":"fr-BE"}]}},"_links":{"self":[{"href":"https:\/\/www.electroluxprofessional.com\/fr-be\/wp-json\/wp\/v2\/pages\/2748"}],"collection":[{"href":"https:\/\/www.electroluxprofessional.com\/fr-be\/wp-json\/wp\/v2\/pages"}],"about":[{"href":"https:\/\/www.electroluxprofessional.com\/fr-be\/wp-json\/wp\/v2\/types\/page"}],"author":[{"embeddable":true,"href":"https:\/\/www.electroluxprofessional.com\/fr-be\/wp-json\/wp\/v2\/users\/3"}],"replies":[{"embeddable":true,"href":"https:\/\/www.electroluxprofessional.com\/fr-be\/wp-json\/wp\/v2\/comments?post=2748"}],"version-history":[{"count":12,"href":"https:\/\/www.electroluxprofessional.com\/fr-be\/wp-json\/wp\/v2\/pages\/2748\/revisions"}],"predecessor-version":[{"id":10898,"href":"https:\/\/www.electroluxprofessional.com\/fr-be\/wp-json\/wp\/v2\/pages\/2748\/revisions\/10898"}],"up":[{"embeddable":true,"href":"https:\/\/www.electroluxprofessional.com\/fr-be\/wp-json\/wp\/v2\/pages\/2716"}],"wp:attachment":[{"href":"https:\/\/www.electroluxprofessional.com\/fr-be\/wp-json\/wp\/v2\/media?parent=2748"}],"curies":[{"name":"wp","href":"https:\/\/api.w.org\/{rel}","templated":true}]}}