{"id":2740,"date":"2017-06-07T14:39:38","date_gmt":"2017-06-07T14:39:38","guid":{"rendered":"https:\/\/www.electroluxprofessional.com\/fr-be\/?page_id=2740"},"modified":"2024-07-02T08:06:27","modified_gmt":"2024-07-02T08:06:27","slug":"restaurants","status":"publish","type":"page","link":"https:\/\/www.electroluxprofessional.com\/fr-be\/votre-profil\/restaurants\/","title":{"rendered":"Restaurants"},"content":{"rendered":"<p>[vc_row full_width=&#8221;electroluxpro-full-width-no-padding&#8221; equal_height=&#8221;yes&#8221;][vc_column reveal_effect=&#8221;&#8221; width=&#8221;1\/2&#8243;][elx_citation name=&#8221;Simon Hulstone, chef et propri\u00e9taire&#8221; company=&#8221;The Elephant &#8211; Michelin* Restaurant Devon, Royaume-Uni&#8221;][elx_heading text_color=&#8221;inherit&#8221;]Electrolux Professional m\u2019a bien soutenu et les appareils aident beaucoup mon \u00e9quipe. Je n\u2019h\u00e9site donc pas \u00e0 les recommander \u00e0 d\u2019autres acteurs du secteur.[\/elx_heading][\/elx_citation][\/vc_column][vc_column reveal_effect=&#8221;&#8221; width=&#8221;1\/2&#8243;][elx_image_block background_image=&#8221;595&#8243; minimum_height=&#8221;650px&#8221;][\/vc_column][\/vc_row][vc_row css=&#8221;.vc_custom_1464617547121{padding-bottom: 20px !important;}&#8221;][vc_column][elx_heading font_container=&#8221;h1&#8243; font_size=&#8221;h2&#8243; text_color=&#8221;inherit&#8221;]<\/p>\n<p style=\"text-align: center;\"><span style=\"color: #ed6952;\">Restaurants\u00a0<\/span><\/p>\n<p>[\/elx_heading][vc_column_text]<\/p>\n<h3 style=\"text-align: center;\">Diriger une cuisine est parfois une t\u00e2che tr\u00e8s difficile. Il est donc essentiel d\u2019avoir des soutiens qui ne vous laissent jamais tomber.<\/h3>\n<p>[\/vc_column_text][\/vc_column][\/vc_row][vc_row full_width=&#8221;electroluxpro-full-width-no-padding&#8221; equal_height=&#8221;yes&#8221; css=&#8221;.vc_custom_1464688891592{background-color: #f8f6f9 !important;}&#8221;][vc_column width=&#8221;1\/2&#8243; css=&#8221;.vc_custom_1464680696345{padding-top: 30px !important;}&#8221;][elx_simple_block background_color=&#8221;inherit&#8221;][elx_heading font_container=&#8221;h3&#8243; text_color=&#8221;inherit&#8221;]Choisir <strong>les solutions d\u2019Electrolux Professional,<\/strong> c\u2019est trouver la flexibilit\u00e9, la simplicit\u00e9 et la puissance dont vous avez exactement besoin. [\/elx_heading][\/elx_simple_block][\/vc_column][vc_column width=&#8221;1\/2&#8243;][elx_image_block background_image=&#8221;596&#8243; minimum_height=&#8221;660px&#8221;][\/vc_column][\/vc_row][vc_row full_width=&#8221;electroluxpro-full-width-no-padding&#8221;][vc_column width=&#8221;1\/2&#8243;][elx_image_block background_image=&#8221;597&#8243; minimum_height=&#8221;700px&#8221;][\/vc_column][vc_column width=&#8221;1\/2&#8243;][elx_simple_block background_color=&#8221;inherit&#8221;][elx_heading font_container=&#8221;h3&#8243; text_color=&#8221;inherit&#8221;]<\/p>\n<h3>Une cuisine qui vous aide \u00e0 exceller<\/h3>\n<p>[\/elx_heading][vc_column_text css_animation=&#8221;right-to-left&#8221;]Con\u00e7us pour \u00eatre les v\u00e9ritables partenaires des meilleurs chefs, <strong>thermaline<\/strong> et <strong>Molteni<\/strong> d\u2019Electrolux Professional r\u00e9pondent \u00e0 toutes les exigences des restaurants gastronomiques.[\/vc_column_text][\/elx_simple_block][\/vc_column][\/vc_row][vc_row full_width=&#8221;electroluxpro-full-width-no-padding&#8221; equal_height=&#8221;yes&#8221; css=&#8221;.vc_custom_1464688903664{background-color: #f8f6f9 !important;}&#8221;][vc_column width=&#8221;1\/2&#8243;][elx_simple_block background_color=&#8221;inherit&#8221;][elx_heading font_container=&#8221;h3&#8243; text_color=&#8221;inherit&#8221;]<\/p>\n<h3><strong>R\u00e9pondre aux d\u00e9sirs<\/strong> de chacun<\/h3>\n<p>[\/elx_heading][vc_column_text css_animation=&#8221;left-to-right&#8221;]Que vous soyez \u00e0 la t\u00eate d\u2019<strong>une cha\u00eene de restaurants<\/strong>, d\u2019<strong>un fast-food<\/strong> ou d\u2019<strong>un \u00e9tablissement gastronomique<\/strong>, Electrolux Professional propose des appareils capables de r\u00e9pondre \u00e0 vos plus grands d\u00e9fis.[\/vc_column_text][\/elx_simple_block][\/vc_column][vc_column width=&#8221;1\/2&#8243;][elx_image_block background_image=&#8221;598&#8243; minimum_height=&#8221;700px&#8221;][\/vc_column][\/vc_row][vc_row][vc_column css=&#8221;.vc_custom_1464681276221{padding-top: 30px !important;padding-bottom: 30px !important;}&#8221;][elx_heading text_color=&#8221;inherit&#8221;]<\/p>\n<p style=\"text-align: center;\">Nos solutions pour votre \u00e9tablissement<\/p>\n<p>[\/elx_heading][\/vc_column][\/vc_row][vc_row equal_height=&#8221;yes&#8221; css=&#8221;.vc_custom_1465215712914{padding-top: 20px !important;padding-bottom: 10px !important;background-color: #f7f6f6 !important;}&#8221;][vc_column width=&#8221;1\/3&#8243;][elx_image_block background_image=&#8221;599&#8243; minimum_height=&#8221;332px&#8221;][elx_heading text_color=&#8221;inherit&#8221;]Restaurants gastronomiques[\/elx_heading][\/vc_column][vc_column width=&#8221;1\/3&#8243;][elx_image_block background_image=&#8221;600&#8243; minimum_height=&#8221;332px&#8221;][elx_heading text_color=&#8221;inherit&#8221;]Restaurants classiques[\/elx_heading][\/vc_column][vc_column width=&#8221;1\/3&#8243;][elx_image_block background_image=&#8221;601&#8243; minimum_height=&#8221;332px&#8221;][elx_heading text_color=&#8221;inherit&#8221;]Restauration rapide[\/elx_heading][\/vc_column][\/vc_row][vc_row][vc_column][vc_empty_space][\/vc_column][\/vc_row][vc_row][vc_column][elx_heading text_color=&#8221;inherit&#8221;]D\u00e9couvrez les avantages d\u2019Electrolux pour votre business[\/elx_heading][elx_o2000_contact_us s=&#8221;Demande d&#8217;info: restaurants&#8221; country=&#8221;Belgium&#8221; container=&#8221;elxcontactus1466432017&#8243; r=&#8221;Je souhaite plus d&#8217;info \u00e0 propos des solutions pour restaurant. Veuillez me contacter.&#8221; e=&#8221;professional@electrolux.be&#8221; l=&#8221;fr-be&#8221;][\/vc_column][\/vc_row][vc_row css=&#8221;.vc_custom_1464686680535{padding-bottom: 30px !important;}&#8221;][vc_column][elx_heading text_color=&#8221;inherit&#8221;]<\/p>\n<p style=\"text-align: center;\">T\u00e9moignages de nos clients<\/p>\n<p>[\/elx_heading][\/vc_column][\/vc_row][vc_row full_width=&#8221;electroluxpro-full-width-no-padding&#8221; equal_height=&#8221;yes&#8221; css=&#8221;.vc_custom_1464688913589{background-color: #f8f6f9 !important;}&#8221;][vc_column width=&#8221;1\/2&#8243;][elx_video_block background_image=&#8221;602&#8243; minimum_height=&#8221;700px&#8221;][\/vc_column][vc_column width=&#8221;1\/2&#8243;][elx_simple_block background_color=&#8221;inherit&#8221;][elx_heading text_color=&#8221;inherit&#8221;]Priceless Milano[\/elx_heading][vc_column_text]<em>&#8220;Il y a tant d\u2019avantages que je recommanderais sans h\u00e9siter les solutions Electrolux \u00e0 mes coll\u00e8gues, en Italie et dans le reste du monde&#8221;.<\/em><\/p>\n<p><strong>Christian Pircher, JRE chef du\u00a0Kirchsteiger Restaurant \u00e0 Foiana<\/strong>[\/vc_column_text][\/elx_simple_block][\/vc_column][\/vc_row][vc_row css=&#8221;.vc_custom_1464687597749{padding-top: 50px !important;}&#8221;][vc_column width=&#8221;1\/2&#8243;][vc_single_image image=&#8221;603&#8243; img_size=&#8221;large&#8221;][\/vc_column][vc_column width=&#8221;1\/2&#8243;][elx_heading text_color=&#8221;inherit&#8221;]IYO[\/elx_heading][vc_column_text css_animation=&#8221;right-to-left&#8221; css=&#8221;.vc_custom_1505904941708{padding-top: 15px !important;}&#8221;]<em>&#8220;Nous avons choisi Electrolux Professional, car ils ont une longueur d\u2019avance \u00e9vidente en termes de technologie et de fonctionnalit\u00e9. Avec thermaline, nous avons r\u00e9ellement trouv\u00e9 ce que vous cherchions, puisque ce bloc garantit une efficacit\u00e9 et une fiabilit\u00e9 \u00e0 toute \u00e9preuve&#8221;.<\/em><\/p>\n<p><strong>Claudio Liu,\u00a0fondateur<\/strong><\/p>\n<p><strong>Iyo &#8211; Michelin* Restaurant Milan, Italie<\/strong>[\/vc_column_text][\/vc_column][\/vc_row][vc_row css=&#8221;.vc_custom_1464691641827{padding-top: 50px !important;padding-bottom: 50px !important;}&#8221;][vc_column width=&#8221;1\/2&#8243;][vc_single_image image=&#8221;5269&#8243; img_size=&#8221;large&#8221;][\/vc_column][vc_column width=&#8221;1\/2&#8243;][elx_heading text_color=&#8221;inherit&#8221;]Tiergarten[\/elx_heading][vc_column_text css_animation=&#8221;right-to-left&#8221; css=&#8221;.vc_custom_1505904969698{padding-top: 15px !important;}&#8221;]<em>&#8220;Le choix des appareils d\u2019Electrolux Professional a \u00e9t\u00e9 le r\u00e9sultat d\u2019un appel d\u2019offres. Nous avons choisi Electrolux Professional en raison de leur grand soutien, de la fiabilit\u00e9 des appareils et du rapport qualit\u00e9-prix.&#8221;<\/em><\/p>\n<p><strong>Maikel Konrad, chef du<\/strong><strong>\u00a0Restaurant Tiergarten<\/strong>[\/vc_column_text][\/vc_column][\/vc_row][vc_row][vc_column][vc_empty_space][\/vc_column][\/vc_row][vc_row][vc_column][elx_heading text_color=&#8221;inherit&#8221;]D\u00e9couvrez les avantages des solutions Electrolux pour votre business[\/elx_heading][elx_o2000_contact_us s=&#8221;Demande d&#8217;info: restaurants&#8221; country=&#8221;Belgium&#8221; container=&#8221;elxcontactus1466432174&#8243; r=&#8221;Je souhaite plus d&#8217;info \u00e0 propos des solutions pour restaurants. Veuillez me contacter.&#8221; e=&#8221;professional@electrolux.be&#8221; l=&#8221;fr-be&#8221;][\/vc_column][\/vc_row][vc_row][vc_column][vc_empty_space][\/vc_column][\/vc_row]<\/p>\n","protected":false},"excerpt":{"rendered":"<p>[vc_row full_width=&#8221;electroluxpro-full-width-no-padding&#8221; equal_height=&#8221;yes&#8221;][vc_column reveal_effect=&#8221;&#8221; width=&#8221;1\/2&#8243;][elx_citation name=&#8221;Simon Hulstone, chef et propri\u00e9taire&#8221; company=&#8221;The Elephant &#8211; Michelin* Restaurant Devon, Royaume-Uni&#8221;][elx_heading text_color=&#8221;inherit&#8221;]Electrolux Professional m\u2019a bien soutenu et les appareils aident beaucoup mon \u00e9quipe. Je n\u2019h\u00e9site donc pas \u00e0 les recommander \u00e0 d\u2019autres acteurs du secteur.[\/elx_heading][\/elx_citation][\/vc_column][vc_column reveal_effect=&#8221;&#8221; width=&#8221;1\/2&#8243;][elx_image_block background_image=&#8221;595&#8243; minimum_height=&#8221;650px&#8221;][\/vc_column][\/vc_row][vc_row css=&#8221;.vc_custom_1464617547121{padding-bottom: 20px !important;}&#8221;][vc_column][elx_heading font_container=&#8221;h1&#8243; font_size=&#8221;h2&#8243; text_color=&#8221;inherit&#8221;] Restaurants\u00a0 [\/elx_heading][vc_column_text] Diriger une [&hellip;]<\/p>\n","protected":false},"author":3,"featured_media":0,"parent":2716,"menu_order":0,"comment_status":"closed","ping_status":"closed","template":"","meta":{"footnotes":""},"class_list":["post-2740","page","type-page","status-publish","hentry"],"acf":[],"yoast_head":"<!-- This site is optimized with the Yoast SEO plugin v23.3 - https:\/\/yoast.com\/wordpress\/plugins\/seo\/ -->\n<title>Restaurants - Electrolux Professional Belgique<\/title>\n<meta name=\"robots\" content=\"index, follow, max-snippet:-1, max-image-preview:large, max-video-preview:-1\" \/>\n<link rel=\"canonical\" href=\"https:\/\/www.electroluxprofessional.com\/fr-be\/votre-profil\/restaurants\/\" \/>\n<meta property=\"og:locale\" content=\"fr_FR\" \/>\n<meta property=\"og:type\" content=\"article\" \/>\n<meta property=\"og:title\" content=\"Restaurants - Electrolux Professional Belgique\" \/>\n<meta property=\"og:description\" content=\"[vc_row full_width=&#8221;electroluxpro-full-width-no-padding&#8221; equal_height=&#8221;yes&#8221;][vc_column reveal_effect=&#8221;&#8221; width=&#8221;1\/2&#8243;][elx_citation name=&#8221;Simon Hulstone, chef et propri\u00e9taire&#8221; company=&#8221;The Elephant &#8211; Michelin* Restaurant Devon, Royaume-Uni&#8221;][elx_heading text_color=&#8221;inherit&#8221;]Electrolux Professional m\u2019a bien soutenu et les appareils aident beaucoup mon \u00e9quipe. Je n\u2019h\u00e9site donc pas \u00e0 les recommander \u00e0 d\u2019autres acteurs du secteur.[\/elx_heading][\/elx_citation][\/vc_column][vc_column reveal_effect=&#8221;&#8221; width=&#8221;1\/2&#8243;][elx_image_block background_image=&#8221;595&#8243; minimum_height=&#8221;650px&#8221;][\/vc_column][\/vc_row][vc_row css=&#8221;.vc_custom_1464617547121{padding-bottom: 20px !important;}&#8221;][vc_column][elx_heading font_container=&#8221;h1&#8243; font_size=&#8221;h2&#8243; text_color=&#8221;inherit&#8221;] Restaurants\u00a0 [\/elx_heading][vc_column_text] Diriger une [&hellip;]\" \/>\n<meta property=\"og:url\" content=\"https:\/\/www.electroluxprofessional.com\/fr-be\/votre-profil\/restaurants\/\" \/>\n<meta property=\"og:site_name\" content=\"Electrolux Professional Belgique\" \/>\n<meta property=\"article:modified_time\" content=\"2024-07-02T08:06:27+00:00\" \/>\n<meta name=\"twitter:card\" content=\"summary_large_image\" \/>\n<meta name=\"twitter:label1\" content=\"Dur\u00e9e de lecture est.\" \/>\n\t<meta name=\"twitter:data1\" content=\"5 minutes\" \/>\n<script type=\"application\/ld+json\" class=\"yoast-schema-graph\">{\"@context\":\"https:\/\/schema.org\",\"@graph\":[{\"@type\":\"WebPage\",\"@id\":\"https:\/\/www.electroluxprofessional.com\/fr-be\/votre-profil\/restaurants\/\",\"url\":\"https:\/\/www.electroluxprofessional.com\/fr-be\/votre-profil\/restaurants\/\",\"name\":\"Restaurants - Electrolux Professional Belgique\",\"isPartOf\":{\"@id\":\"https:\/\/www.electroluxprofessional.com\/fr-be\/#website\"},\"datePublished\":\"2017-06-07T14:39:38+00:00\",\"dateModified\":\"2024-07-02T08:06:27+00:00\",\"breadcrumb\":{\"@id\":\"https:\/\/www.electroluxprofessional.com\/fr-be\/votre-profil\/restaurants\/#breadcrumb\"},\"inLanguage\":\"fr-BE\",\"potentialAction\":[{\"@type\":\"ReadAction\",\"target\":[\"https:\/\/www.electroluxprofessional.com\/fr-be\/votre-profil\/restaurants\/\"]}]},{\"@type\":\"BreadcrumbList\",\"@id\":\"https:\/\/www.electroluxprofessional.com\/fr-be\/votre-profil\/restaurants\/#breadcrumb\",\"itemListElement\":[{\"@type\":\"ListItem\",\"position\":1,\"name\":\"Home\",\"item\":\"https:\/\/www.electroluxprofessional.com\/fr-be\/\"},{\"@type\":\"ListItem\",\"position\":2,\"name\":\"Votre profil\",\"item\":\"https:\/\/www.electroluxprofessional.com\/fr-be\/votre-profil\/\"},{\"@type\":\"ListItem\",\"position\":3,\"name\":\"Restaurants\"}]},{\"@type\":\"WebSite\",\"@id\":\"https:\/\/www.electroluxprofessional.com\/fr-be\/#website\",\"url\":\"https:\/\/www.electroluxprofessional.com\/fr-be\/\",\"name\":\"Electrolux Professional Belgique\",\"description\":\"Electrolux Professional est le leader mondial en mati\u00e8re d&#039;\u00e9quipements de cuisines et de blanchisseries professionnelles.\",\"potentialAction\":[{\"@type\":\"SearchAction\",\"target\":{\"@type\":\"EntryPoint\",\"urlTemplate\":\"https:\/\/www.electroluxprofessional.com\/fr-be\/?src={search_term_string}\"},\"query-input\":\"required name=search_term_string\"}],\"inLanguage\":\"fr-BE\"}]}<\/script>\n<!-- \/ Yoast SEO plugin. -->","yoast_head_json":{"title":"Restaurants - Electrolux Professional Belgique","robots":{"index":"index","follow":"follow","max-snippet":"max-snippet:-1","max-image-preview":"max-image-preview:large","max-video-preview":"max-video-preview:-1"},"canonical":"https:\/\/www.electroluxprofessional.com\/fr-be\/votre-profil\/restaurants\/","og_locale":"fr_FR","og_type":"article","og_title":"Restaurants - Electrolux Professional Belgique","og_description":"[vc_row full_width=&#8221;electroluxpro-full-width-no-padding&#8221; equal_height=&#8221;yes&#8221;][vc_column reveal_effect=&#8221;&#8221; width=&#8221;1\/2&#8243;][elx_citation name=&#8221;Simon Hulstone, chef et propri\u00e9taire&#8221; company=&#8221;The Elephant &#8211; Michelin* Restaurant Devon, Royaume-Uni&#8221;][elx_heading text_color=&#8221;inherit&#8221;]Electrolux Professional m\u2019a bien soutenu et les appareils aident beaucoup mon \u00e9quipe. Je n\u2019h\u00e9site donc pas \u00e0 les recommander \u00e0 d\u2019autres acteurs du secteur.[\/elx_heading][\/elx_citation][\/vc_column][vc_column reveal_effect=&#8221;&#8221; width=&#8221;1\/2&#8243;][elx_image_block background_image=&#8221;595&#8243; minimum_height=&#8221;650px&#8221;][\/vc_column][\/vc_row][vc_row css=&#8221;.vc_custom_1464617547121{padding-bottom: 20px !important;}&#8221;][vc_column][elx_heading font_container=&#8221;h1&#8243; font_size=&#8221;h2&#8243; text_color=&#8221;inherit&#8221;] Restaurants\u00a0 [\/elx_heading][vc_column_text] Diriger une [&hellip;]","og_url":"https:\/\/www.electroluxprofessional.com\/fr-be\/votre-profil\/restaurants\/","og_site_name":"Electrolux Professional Belgique","article_modified_time":"2024-07-02T08:06:27+00:00","twitter_card":"summary_large_image","twitter_misc":{"Dur\u00e9e de lecture est.":"5 minutes"},"schema":{"@context":"https:\/\/schema.org","@graph":[{"@type":"WebPage","@id":"https:\/\/www.electroluxprofessional.com\/fr-be\/votre-profil\/restaurants\/","url":"https:\/\/www.electroluxprofessional.com\/fr-be\/votre-profil\/restaurants\/","name":"Restaurants - Electrolux Professional Belgique","isPartOf":{"@id":"https:\/\/www.electroluxprofessional.com\/fr-be\/#website"},"datePublished":"2017-06-07T14:39:38+00:00","dateModified":"2024-07-02T08:06:27+00:00","breadcrumb":{"@id":"https:\/\/www.electroluxprofessional.com\/fr-be\/votre-profil\/restaurants\/#breadcrumb"},"inLanguage":"fr-BE","potentialAction":[{"@type":"ReadAction","target":["https:\/\/www.electroluxprofessional.com\/fr-be\/votre-profil\/restaurants\/"]}]},{"@type":"BreadcrumbList","@id":"https:\/\/www.electroluxprofessional.com\/fr-be\/votre-profil\/restaurants\/#breadcrumb","itemListElement":[{"@type":"ListItem","position":1,"name":"Home","item":"https:\/\/www.electroluxprofessional.com\/fr-be\/"},{"@type":"ListItem","position":2,"name":"Votre profil","item":"https:\/\/www.electroluxprofessional.com\/fr-be\/votre-profil\/"},{"@type":"ListItem","position":3,"name":"Restaurants"}]},{"@type":"WebSite","@id":"https:\/\/www.electroluxprofessional.com\/fr-be\/#website","url":"https:\/\/www.electroluxprofessional.com\/fr-be\/","name":"Electrolux Professional Belgique","description":"Electrolux Professional est le leader mondial en mati\u00e8re d&#039;\u00e9quipements de cuisines et de blanchisseries professionnelles.","potentialAction":[{"@type":"SearchAction","target":{"@type":"EntryPoint","urlTemplate":"https:\/\/www.electroluxprofessional.com\/fr-be\/?src={search_term_string}"},"query-input":"required name=search_term_string"}],"inLanguage":"fr-BE"}]}},"_links":{"self":[{"href":"https:\/\/www.electroluxprofessional.com\/fr-be\/wp-json\/wp\/v2\/pages\/2740"}],"collection":[{"href":"https:\/\/www.electroluxprofessional.com\/fr-be\/wp-json\/wp\/v2\/pages"}],"about":[{"href":"https:\/\/www.electroluxprofessional.com\/fr-be\/wp-json\/wp\/v2\/types\/page"}],"author":[{"embeddable":true,"href":"https:\/\/www.electroluxprofessional.com\/fr-be\/wp-json\/wp\/v2\/users\/3"}],"replies":[{"embeddable":true,"href":"https:\/\/www.electroluxprofessional.com\/fr-be\/wp-json\/wp\/v2\/comments?post=2740"}],"version-history":[{"count":4,"href":"https:\/\/www.electroluxprofessional.com\/fr-be\/wp-json\/wp\/v2\/pages\/2740\/revisions"}],"predecessor-version":[{"id":13228,"href":"https:\/\/www.electroluxprofessional.com\/fr-be\/wp-json\/wp\/v2\/pages\/2740\/revisions\/13228"}],"up":[{"embeddable":true,"href":"https:\/\/www.electroluxprofessional.com\/fr-be\/wp-json\/wp\/v2\/pages\/2716"}],"wp:attachment":[{"href":"https:\/\/www.electroluxprofessional.com\/fr-be\/wp-json\/wp\/v2\/media?parent=2740"}],"curies":[{"name":"wp","href":"https:\/\/api.w.org\/{rel}","templated":true}]}}