{"id":2736,"date":"2017-06-07T14:35:02","date_gmt":"2017-06-07T14:35:02","guid":{"rendered":"https:\/\/www.electroluxprofessional.com\/fr-be\/?page_id=2736"},"modified":"2017-09-20T13:49:12","modified_gmt":"2017-09-20T13:49:12","slug":"chaines-restaurant","status":"publish","type":"page","link":"https:\/\/www.electroluxprofessional.com\/fr-be\/votre-profil\/chaines-restaurant\/","title":{"rendered":"Cha\u00eenes de restaurant"},"content":{"rendered":"<p>[vc_row full_width=&#8221;electroluxpro-full-width-no-padding&#8221;][vc_column][elx_hero_slider label_text_color=&#8221;inherit&#8221; images=&#8221;786&#8243;][elx_heading text_color=&#8221;orange&#8221; text_align=&#8221;text-left&#8221;]Renforcer votre cha\u00eene de valeur<br \/>\nensemble[\/elx_heading][\/elx_hero_slider][\/vc_column][\/vc_row][vc_row full_width=&#8221;electroluxpro-container-no-padding&#8221; full_height=&#8221;yes&#8221; parallax=&#8221;content-moving&#8221;][vc_column css=&#8221;.vc_custom_1472030236138{padding-top: 20px !important;}&#8221;][elx_heading font_container=&#8221;h1&#8243; font_size=&#8221;h3&#8243; text_color=&#8221;inherit&#8221; text_align=&#8221;text-center&#8221;]L\u2019\u00e9quipe sp\u00e9ciale d\u2019Electrolux<br \/>\ncharg\u00e9e des cha\u00eenes de restaurants<br \/>\nconna\u00eet votre besoin de continuit\u00e9.[\/elx_heading][\/vc_column][\/vc_row][vc_row][vc_column width=&#8221;1\/2&#8243;][elx_simple_block background_color=&#8221;inherit&#8221;][vc_column_text drop_caps=&#8221;big-first-letter&#8221;]Que vous soyez un restaurant, un h\u00f4tel, un prestataire de soins ou un groupe de loisirs, Electrolux met tout en \u0153uvre pour que chaque cuisine ou laverie de votre marque puisse fournir le m\u00eame niveau\u00a0<strong>d\u2019innovation, de durabilit\u00e9 et de simplicit\u00e9<\/strong>.<\/p>\n<p>Gr\u00e2ce \u00e0 notre exp\u00e9rience mondiale, \u00e0 notre d\u00e9vouement et \u00e0 votre ambition, nous pouvons assurer la r\u00e9ussite de votre cha\u00eene.[\/vc_column_text][\/elx_simple_block][\/vc_column][vc_column width=&#8221;1\/2&#8243;][elx_simple_block background_color=&#8221;inherit&#8221;][vc_single_image image=&#8221;776&#8243; img_size=&#8221;full&#8221; style=&#8221;vc_box_circle_2&#8243;][\/elx_simple_block][\/vc_column][\/vc_row][vc_row][vc_column][elx_heading text_color=&#8221;inherit&#8221; text_align=&#8221;text-center&#8221;]Quelle diff\u00e9rence apportons-nous ?[\/elx_heading][vc_empty_space height=&#8221;50px&#8221;][\/vc_column][\/vc_row][vc_row][vc_column width=&#8221;1\/2&#8243;][elx_simple_block background_color=&#8221;inherit&#8221;][vc_single_image image=&#8221;486&#8243; img_size=&#8221;full&#8221; style=&#8221;vc_box_circle_2&#8243;][\/elx_simple_block][\/vc_column][vc_column width=&#8221;1\/2&#8243;][elx_simple_block background_color=&#8221;inherit&#8221;][elx_heading font_size=&#8221;h4&#8243; text_color=&#8221;inherit&#8221;]Mychef A\u00e9roport de Malpensa [\/elx_heading][vc_column_text drop_caps=&#8221;big-first-letter&#8221;]Electrolux, d\u00e9sign\u00e9 comme LE partenaire par Areas Italia, a con\u00e7u et fourni l\u2019ensemble de la cuisine, \u00e0 commencer par le bloc de cuisson thermaline\u00a0: 10\u00a0m\u00b2 de technologie, de puissance et de design au service du Chef.<\/p>\n<p>La marque MyChef fait d\u2019Areas Italia le leader du march\u00e9 des restaurants d\u2019a\u00e9roports et d\u2019autoroutes en Italie.<\/p>\n<p>Ces derni\u00e8res ann\u00e9es, l\u2019entreprise a d\u00e9cid\u00e9 de tirer 20\u00a0% de son chiffre d\u2019affaires de \u00ab\u00a0d\u00eeners gourmets\u00a0\u00bb, des activit\u00e9s organis\u00e9es par le service MyChefEmotion dans des lieux prestigieux.[\/vc_column_text][\/elx_simple_block][\/vc_column][\/vc_row][vc_row][vc_column width=&#8221;1\/2&#8243;][elx_simple_block background_color=&#8221;inherit&#8221;][elx_heading font_size=&#8221;h4&#8243; text_color=&#8221;inherit&#8221;]Pret-a-Manger Trailblazer Supplier Innovation Award[\/elx_heading][vc_column_text drop_caps=&#8221;big-first-letter&#8221;]En reconnaissance de sa contribution au succ\u00e8s fulgurant de l\u2019offre de toasts de Pret-a-Manger, le HSG High Speed Panini Grill a \u00e9t\u00e9 couronn\u00e9 par le Pret-a-Manger Trailblazer Supplier Innovation Award en d\u00e9cembre 2010.<\/p>\n<p>Le HSG High Speed Panini Grill est jusqu\u2019\u00e0 six fois plus rapide qu\u2019un grill \u00e0 sandwichs standard, sans compromis sur la qualit\u00e9.[\/vc_column_text][\/elx_simple_block][\/vc_column][vc_column width=&#8221;1\/2&#8243;][elx_simple_block background_color=&#8221;inherit&#8221;][vc_single_image image=&#8221;792&#8243; img_size=&#8221;full&#8221; style=&#8221;vc_box_circle_2&#8243;][\/elx_simple_block][\/vc_column][\/vc_row][vc_row][vc_column width=&#8221;1\/2&#8243;][elx_simple_block background_color=&#8221;inherit&#8221;][vc_single_image image=&#8221;332&#8243; img_size=&#8221;full&#8221; style=&#8221;vc_box_circle_2&#8243;][\/elx_simple_block][\/vc_column][vc_column width=&#8221;1\/2&#8243;][elx_simple_block background_color=&#8221;inherit&#8221;][elx_heading font_size=&#8221;h4&#8243; text_color=&#8221;inherit&#8221;]Eataly<br \/>\n\u00ab\u00a0On ne change pas une \u00e9quipe qui gagne\u00a0!\u00a0\u00bb[\/elx_heading][vc_column_text drop_caps=&#8221;big-first-letter&#8221;]C\u2019est le slogan qui r\u00e9sume le mieux le partenariat entre Electrolux Professional et Eataly\u00a0: deux soci\u00e9t\u00e9s qui fondent toutes leurs activit\u00e9s sur le principe de l\u2019excellence.<\/p>\n<p>La collaboration a d\u00e9but\u00e9 en 2007, lorsqu\u2019Eataly a compris qu\u2019Electrolux Professional \u00e9tait non seulement un fournisseur unique, mais aussi et surtout un partenaire technique qui pouvait r\u00e9pondre \u00e0 tous ses besoins.[\/vc_column_text][\/elx_simple_block][\/vc_column][\/vc_row][vc_row][vc_column width=&#8221;1\/2&#8243;][elx_simple_block background_color=&#8221;inherit&#8221;][elx_heading font_size=&#8221;h4&#8243; text_color=&#8221;inherit&#8221;]Autogrill\u2019s flagship store<br \/>\n\u201cIl Mercato del Duomo\u201d[\/elx_heading][vc_column_text drop_caps=&#8221;big-first-letter&#8221;]<strong>Le flaship store d\u2019Autogrill, \u00ab\u00a0Il Mercato del Duomo\u00a0\u00bb, a Milan, a choisi Electrolux Professional comme partenaire technique.<\/strong><\/p>\n<p>\u00ab\u00a0Il Mercato del Duomo\u00a0\u00bb s\u2019\u00e9tend sur 3\u00a0000\u00a0m\u00b2 r\u00e9partis sur quatre \u00e9tages o\u00f9 les producteurs locaux embarquent les foodies dans un p\u00e9riple culinaire \u00ab\u00a0made in Italy\u00a0\u00bb.<\/p>\n<p><strong>Le partenariat entre Electrolux Professional et Autogrill est incontestablement une rencontre entre deux g\u00e9ants, chacun leader international de son secteur.<\/strong>[\/vc_column_text][\/elx_simple_block][\/vc_column][vc_column width=&#8221;1\/2&#8243;][elx_simple_block background_color=&#8221;inherit&#8221;][vc_single_image image=&#8221;843&#8243; img_size=&#8221;full&#8221; style=&#8221;vc_box_circle_2&#8243;][\/elx_simple_block][\/vc_column][\/vc_row][vc_row][vc_column][vc_empty_space][\/vc_column][\/vc_row][vc_row full_width=&#8221;electroluxpro-container-no-padding&#8221;][vc_column][elx_heading font_container=&#8221;h3&#8243; text_color=&#8221;inherit&#8221; text_align=&#8221;text-center&#8221;]Ensemble, mettons sur pied une \u00e9quipe gagnante ![\/elx_heading][vc_empty_space height=&#8221;50px&#8221;][\/vc_column][\/vc_row][vc_row][vc_column width=&#8221;1\/2&#8243;][elx_simple_block background_color=&#8221;inherit&#8221;][vc_column_text]En \u00e9coutant vos besoins, nous sommes en mesure de cr\u00e9er une valeur ajout\u00e9e et de r\u00e9volutionner votre activit\u00e9 en r\u00e9duisant le gaspillage et les inefficacit\u00e9s \u00e0 chaque \u00e9tape de la pr\u00e9paration du travail.<\/p>\n<p>Voici l\u2019<strong>Electrolux Lean Methodology<\/strong>, un processus strat\u00e9gique sp\u00e9cifiquement con\u00e7u pour gagner.[\/vc_column_text][\/elx_simple_block][\/vc_column][vc_column width=&#8221;1\/2&#8243;][elx_simple_block background_color=&#8221;inherit&#8221;][vc_single_image image=&#8221;781&#8243; img_size=&#8221;full&#8221; alignment=&#8221;center&#8221;][\/elx_simple_block][\/vc_column][\/vc_row][vc_row][vc_column][vc_empty_space height=&#8221;50px&#8221;][elx_heading font_container=&#8221;h3&#8243; text_color=&#8221;inherit&#8221; text_align=&#8221;text-center&#8221; css=&#8221;.vc_custom_1505914813164{padding-top: 50px !important;padding-bottom: 50px !important;}&#8221;]&#8230; et plus : nous vous suivons au bout du monde.[\/elx_heading][\/vc_column][\/vc_row][vc_row][vc_column width=&#8221;1\/2&#8243;][elx_simple_block background_color=&#8221;inherit&#8221;][elx_heading font_container=&#8221;h3&#8243; font_size=&#8221;h4&#8243; text_color=&#8221;inherit&#8221; text_align=&#8221;text-left&#8221;]\u00c9quipe R&amp;D mondiale : de la connaissance du client \u00e0 l\u2019excellence des prestations[\/elx_heading][vc_column_text drop_caps=&#8221;big-first-letter&#8221;]Dans le monde entier, les \u00e9quipes R&amp;D exploitent les synergies entre les diff\u00e9rents services de design pour r\u00e9duire le temps de mise sur le march\u00e9 tout en r\u00e9alisant des \u00e9tudes de march\u00e9 et en \u00e9tudiant de nouvelles opportunit\u00e9s.[\/vc_column_text][\/elx_simple_block][\/vc_column][vc_column width=&#8221;1\/2&#8243;][elx_simple_block background_color=&#8221;inherit&#8221;][elx_heading font_container=&#8221;h3&#8243; font_size=&#8221;h4&#8243; text_color=&#8221;inherit&#8221; text_align=&#8221;text-left&#8221;]Le r\u00e9seau de service \u00e0 la client\u00e8le le plus vaste au monde[\/elx_heading][vc_column_text drop_caps=&#8221;big-first-letter&#8221;]Electrolux dispose du r\u00e9seau de service \u00e0 la client\u00e8le le plus vaste au monde, capable de r\u00e9pondre \u00e0 tous vos d\u00e9sirs \u00e0 travers une pr\u00e9sence locale avant, pendant et apr\u00e8s l\u2019achat.[\/vc_column_text][\/elx_simple_block][\/vc_column][\/vc_row][vc_row][vc_column][vc_empty_space][\/vc_column][\/vc_row][vc_row][vc_column width=&#8221;1\/2&#8243;][elx_simple_block background_color=&#8221;inherit&#8221;][elx_heading font_container=&#8221;h3&#8243; text_color=&#8221;inherit&#8221; text_align=&#8221;text-center&#8221; css=&#8221;.vc_custom_1505914864951{padding-top: 50px !important;padding-bottom: 50px !important;}&#8221;]Une solution r\u00e9volutionnaire sur mesure[\/elx_heading][vc_column_text drop_caps=&#8221;big-first-letter&#8221;]Gr\u00e2ce \u00e0 un partenariat avec Electrolux, une cha\u00eene de restauration rapide d\u2019envergure mondiale a \u00e9t\u00e9 en mesure d\u2019am\u00e9liorer consid\u00e9rablement son flux de travail en cuisine en mettant en place un concept de pr\u00e9paration des aliments jamais vu auparavant.<\/p>\n<p>En se rendant dans une s\u00e9rie de restaurants de la cha\u00eene, Electrolux a pu r\u00e9aliser une analyse en profondeur des d\u00e9fis et des obstacles potentiels d\u2019une acc\u00e9l\u00e9ration du service.<\/p>\n<p>Le r\u00e9sultat\u00a0: un prototype combinant diff\u00e9rentes \u00e9tapes de la pr\u00e9paration au sein d\u2019un seul appareil, ce qui permet de renforcer l\u2019efficacit\u00e9, de r\u00e9duire le gaspillage et d\u2019accro\u00eetre les b\u00e9n\u00e9fices.[\/vc_column_text][vc_single_image image=&#8221;782&#8243; alignment=&#8221;center&#8221;][\/elx_simple_block][\/vc_column][vc_column width=&#8221;1\/2&#8243;][elx_heading font_container=&#8221;h4&#8243; text_color=&#8221;inherit&#8221; text_align=&#8221;text-left&#8221; css=&#8221;.vc_custom_1505914898191{padding-top: 50px !important;padding-bottom: 50px !important;}&#8221;]Prenez contact avec nos experts[\/elx_heading][elx_o2000_contact_us r=&#8221;Je souhaite plus d&#8217;info \u00e0 propos des cha\u00eenes de restaurants. Veuillez me contacter.&#8221; s=&#8221;Demande d&#8217;info: cha\u00eenes de restaurant&#8221; e=&#8221;professional@electrolux.be&#8221; country=&#8221;Belgium&#8221; l=&#8221;fr-be&#8221; container=&#8221;elxcontactus1476697611&#8243;][\/vc_column][\/vc_row][vc_row][vc_column][vc_empty_space height=&#8221;50px&#8221;][elx_heading font_container=&#8221;h3&#8243; text_color=&#8221;inherit&#8221; text_align=&#8221;text-center&#8221; css=&#8221;.vc_custom_1505914951907{padding-top: 50px !important;padding-bottom: 50px !important;}&#8221;]Plus de solutions innovantes pour votre cha\u00eene[\/elx_heading][vc_empty_space height=&#8221;50px&#8221;][\/vc_column][\/vc_row][vc_row content_placement=&#8221;top&#8221;][vc_column width=&#8221;1\/3&#8243;][vc_single_image image=&#8221;785&#8243; img_size=&#8221;500&#215;354&#8243;][vc_empty_space height=&#8221;15px&#8221;][elx_heading font_container=&#8221;h4&#8243; text_color=&#8221;inherit&#8221; text_align=&#8221;text-left&#8221;]<strong>Carlsberg DraughtMaster<\/strong>[\/elx_heading][vc_empty_space height=&#8221;15px&#8221;][vc_column_text css=&#8221;.vc_custom_1505915034886{padding-bottom: 20px !important;}&#8221;]<\/p>\n<ul>\n<li>Innovant et durable, le syst\u00e8me DraughtMaster\u2122, con\u00e7u par Carlsberg, permet de conserver tout le go\u00fbt de la bi\u00e8re plus longtemps en \u00e9vitant le gaspillage et en limitant l\u2019espace de stockage.<\/li>\n<li>Le syst\u00e8me utilise la pression ext\u00e9rieure pour \u00e9viter d\u2019ajouter du CO<sub>2<\/sub>, qui modifie le go\u00fbt.<\/li>\n<\/ul>\n<p>[\/vc_column_text][\/vc_column][vc_column width=&#8221;1\/3&#8243;][vc_single_image image=&#8221;784&#8243; img_size=&#8221;500&#215;354&#8243;][vc_empty_space height=&#8221;15px&#8221;][elx_heading font_container=&#8221;h4&#8243; text_color=&#8221;inherit&#8221; text_align=&#8221;text-left&#8221;]<strong>Armoire de d\u00e9cong\u00e9lation<\/strong>[\/elx_heading][vc_empty_space height=&#8221;15px&#8221;][vc_column_text]<\/p>\n<ul>\n<li>Cette armoire sur mesure a \u00e9t\u00e9 con\u00e7ue pour acc\u00e9l\u00e9rer la d\u00e9cong\u00e9lation du poulet.<\/li>\n<li>La r\u00e9ponse parfaite \u00e0 la n\u00e9cessit\u00e9 d\u2019acc\u00e9l\u00e9rer le service.<\/li>\n<\/ul>\n<p>[\/vc_column_text][\/vc_column][vc_column width=&#8221;1\/3&#8243;][vc_single_image image=&#8221;1803&#8243; img_size=&#8221;500&#215;354&#8243; alignment=&#8221;center&#8221;][vc_empty_space height=&#8221;15px&#8221;][elx_heading font_container=&#8221;h4&#8243; text_color=&#8221;inherit&#8221; text_align=&#8221;text-left&#8221;]<strong>SpeeDelight Snack Grill<\/strong>[\/elx_heading][vc_empty_space height=&#8221;15px&#8221;][vc_column_text]<\/p>\n<ul>\n<ul>\n<li>Servez rapidement et efficacement des snacks savoureux et bons pour la sant\u00e9.<\/li>\n<li>Qualit\u00e9 \u00e0 chaque niveau gr\u00e2ce aux trois technologies de pr\u00e9paration.<\/li>\n<li>\u00c9conomisez jusqu\u2019\u00e0 60\u00a0% d\u2019\u00e9nergie.<\/li>\n<\/ul>\n<\/ul>\n<p>[\/vc_column_text][\/vc_column][\/vc_row][vc_row][vc_column][\/vc_column][\/vc_row][vc_row][vc_column][vc_empty_space height=&#8221;50px&#8221;][elx_heading font_size=&#8221;h2&#8243; text_color=&#8221;inherit&#8221;]Prenez contact avec nos experts[\/elx_heading][elx_o2000_contact_us r=&#8221;Je souhaite plus d&#8217;info \u00e0 propos des solutions pour des cha\u00eenes de restaurant. Veuillez me contacter.&#8221; s=&#8221;Demande d&#8217;info: cha\u00eenes de restaurant&#8221; e=&#8221;professional@electrolux.be&#8221; country=&#8221;Belgium&#8221; l=&#8221;fr-be&#8221; container=&#8221;elxcontactus1472110569&#8243;][vc_empty_space height=&#8221;50px&#8221;][\/vc_column][\/vc_row]<\/p>\n","protected":false},"excerpt":{"rendered":"<p>[vc_row full_width=&#8221;electroluxpro-full-width-no-padding&#8221;][vc_column][elx_hero_slider label_text_color=&#8221;inherit&#8221; images=&#8221;786&#8243;][elx_heading text_color=&#8221;orange&#8221; text_align=&#8221;text-left&#8221;]Renforcer votre cha\u00eene de valeur ensemble[\/elx_heading][\/elx_hero_slider][\/vc_column][\/vc_row][vc_row full_width=&#8221;electroluxpro-container-no-padding&#8221; full_height=&#8221;yes&#8221; parallax=&#8221;content-moving&#8221;][vc_column css=&#8221;.vc_custom_1472030236138{padding-top: 20px !important;}&#8221;][elx_heading font_container=&#8221;h1&#8243; font_size=&#8221;h3&#8243; text_color=&#8221;inherit&#8221; text_align=&#8221;text-center&#8221;]L\u2019\u00e9quipe sp\u00e9ciale d\u2019Electrolux charg\u00e9e des cha\u00eenes de restaurants conna\u00eet votre besoin de continuit\u00e9.[\/elx_heading][\/vc_column][\/vc_row][vc_row][vc_column width=&#8221;1\/2&#8243;][elx_simple_block background_color=&#8221;inherit&#8221;][vc_column_text drop_caps=&#8221;big-first-letter&#8221;]Que vous soyez un restaurant, un h\u00f4tel, un prestataire de soins ou un groupe de loisirs, Electrolux met tout en [&hellip;]<\/p>\n","protected":false},"author":3,"featured_media":0,"parent":2716,"menu_order":0,"comment_status":"closed","ping_status":"closed","template":"","meta":{"footnotes":""},"class_list":["post-2736","page","type-page","status-publish","hentry"],"acf":[],"yoast_head":"<!-- This site is optimized with the Yoast SEO plugin v23.3 - https:\/\/yoast.com\/wordpress\/plugins\/seo\/ -->\n<title>Cha\u00eenes de restaurant - Electrolux Professional Belgique<\/title>\n<meta name=\"robots\" content=\"index, follow, max-snippet:-1, max-image-preview:large, max-video-preview:-1\" \/>\n<link rel=\"canonical\" href=\"https:\/\/www.electroluxprofessional.com\/fr-be\/votre-profil\/chaines-restaurant\/\" \/>\n<meta property=\"og:locale\" content=\"fr_FR\" \/>\n<meta property=\"og:type\" content=\"article\" \/>\n<meta property=\"og:title\" content=\"Cha\u00eenes de restaurant - Electrolux Professional Belgique\" \/>\n<meta property=\"og:description\" content=\"[vc_row full_width=&#8221;electroluxpro-full-width-no-padding&#8221;][vc_column][elx_hero_slider label_text_color=&#8221;inherit&#8221; images=&#8221;786&#8243;][elx_heading text_color=&#8221;orange&#8221; text_align=&#8221;text-left&#8221;]Renforcer votre cha\u00eene de valeur ensemble[\/elx_heading][\/elx_hero_slider][\/vc_column][\/vc_row][vc_row full_width=&#8221;electroluxpro-container-no-padding&#8221; full_height=&#8221;yes&#8221; parallax=&#8221;content-moving&#8221;][vc_column css=&#8221;.vc_custom_1472030236138{padding-top: 20px !important;}&#8221;][elx_heading font_container=&#8221;h1&#8243; font_size=&#8221;h3&#8243; text_color=&#8221;inherit&#8221; text_align=&#8221;text-center&#8221;]L\u2019\u00e9quipe sp\u00e9ciale d\u2019Electrolux charg\u00e9e des cha\u00eenes de restaurants conna\u00eet votre besoin de continuit\u00e9.[\/elx_heading][\/vc_column][\/vc_row][vc_row][vc_column width=&#8221;1\/2&#8243;][elx_simple_block background_color=&#8221;inherit&#8221;][vc_column_text drop_caps=&#8221;big-first-letter&#8221;]Que vous soyez un restaurant, un h\u00f4tel, un prestataire de soins ou un groupe de loisirs, Electrolux met tout en [&hellip;]\" \/>\n<meta property=\"og:url\" content=\"https:\/\/www.electroluxprofessional.com\/fr-be\/votre-profil\/chaines-restaurant\/\" \/>\n<meta property=\"og:site_name\" content=\"Electrolux Professional Belgique\" \/>\n<meta property=\"article:modified_time\" content=\"2017-09-20T13:49:12+00:00\" \/>\n<meta name=\"twitter:card\" content=\"summary_large_image\" \/>\n<meta name=\"twitter:label1\" content=\"Dur\u00e9e de lecture est.\" \/>\n\t<meta name=\"twitter:data1\" content=\"9 minutes\" \/>\n<script type=\"application\/ld+json\" class=\"yoast-schema-graph\">{\"@context\":\"https:\/\/schema.org\",\"@graph\":[{\"@type\":\"WebPage\",\"@id\":\"https:\/\/www.electroluxprofessional.com\/fr-be\/votre-profil\/chaines-restaurant\/\",\"url\":\"https:\/\/www.electroluxprofessional.com\/fr-be\/votre-profil\/chaines-restaurant\/\",\"name\":\"Cha\u00eenes de restaurant - Electrolux Professional Belgique\",\"isPartOf\":{\"@id\":\"https:\/\/www.electroluxprofessional.com\/fr-be\/#website\"},\"datePublished\":\"2017-06-07T14:35:02+00:00\",\"dateModified\":\"2017-09-20T13:49:12+00:00\",\"breadcrumb\":{\"@id\":\"https:\/\/www.electroluxprofessional.com\/fr-be\/votre-profil\/chaines-restaurant\/#breadcrumb\"},\"inLanguage\":\"fr-BE\",\"potentialAction\":[{\"@type\":\"ReadAction\",\"target\":[\"https:\/\/www.electroluxprofessional.com\/fr-be\/votre-profil\/chaines-restaurant\/\"]}]},{\"@type\":\"BreadcrumbList\",\"@id\":\"https:\/\/www.electroluxprofessional.com\/fr-be\/votre-profil\/chaines-restaurant\/#breadcrumb\",\"itemListElement\":[{\"@type\":\"ListItem\",\"position\":1,\"name\":\"Home\",\"item\":\"https:\/\/www.electroluxprofessional.com\/fr-be\/\"},{\"@type\":\"ListItem\",\"position\":2,\"name\":\"Votre profil\",\"item\":\"https:\/\/www.electroluxprofessional.com\/fr-be\/votre-profil\/\"},{\"@type\":\"ListItem\",\"position\":3,\"name\":\"Cha\u00eenes de restaurant\"}]},{\"@type\":\"WebSite\",\"@id\":\"https:\/\/www.electroluxprofessional.com\/fr-be\/#website\",\"url\":\"https:\/\/www.electroluxprofessional.com\/fr-be\/\",\"name\":\"Electrolux Professional Belgique\",\"description\":\"Electrolux Professional est le leader mondial en mati\u00e8re d&#039;\u00e9quipements de cuisines et de blanchisseries professionnelles.\",\"potentialAction\":[{\"@type\":\"SearchAction\",\"target\":{\"@type\":\"EntryPoint\",\"urlTemplate\":\"https:\/\/www.electroluxprofessional.com\/fr-be\/?src={search_term_string}\"},\"query-input\":\"required name=search_term_string\"}],\"inLanguage\":\"fr-BE\"}]}<\/script>\n<!-- \/ Yoast SEO plugin. -->","yoast_head_json":{"title":"Cha\u00eenes de restaurant - Electrolux Professional Belgique","robots":{"index":"index","follow":"follow","max-snippet":"max-snippet:-1","max-image-preview":"max-image-preview:large","max-video-preview":"max-video-preview:-1"},"canonical":"https:\/\/www.electroluxprofessional.com\/fr-be\/votre-profil\/chaines-restaurant\/","og_locale":"fr_FR","og_type":"article","og_title":"Cha\u00eenes de restaurant - Electrolux Professional Belgique","og_description":"[vc_row full_width=&#8221;electroluxpro-full-width-no-padding&#8221;][vc_column][elx_hero_slider label_text_color=&#8221;inherit&#8221; images=&#8221;786&#8243;][elx_heading text_color=&#8221;orange&#8221; text_align=&#8221;text-left&#8221;]Renforcer votre cha\u00eene de valeur ensemble[\/elx_heading][\/elx_hero_slider][\/vc_column][\/vc_row][vc_row full_width=&#8221;electroluxpro-container-no-padding&#8221; full_height=&#8221;yes&#8221; parallax=&#8221;content-moving&#8221;][vc_column css=&#8221;.vc_custom_1472030236138{padding-top: 20px !important;}&#8221;][elx_heading font_container=&#8221;h1&#8243; font_size=&#8221;h3&#8243; text_color=&#8221;inherit&#8221; text_align=&#8221;text-center&#8221;]L\u2019\u00e9quipe sp\u00e9ciale d\u2019Electrolux charg\u00e9e des cha\u00eenes de restaurants conna\u00eet votre besoin de continuit\u00e9.[\/elx_heading][\/vc_column][\/vc_row][vc_row][vc_column width=&#8221;1\/2&#8243;][elx_simple_block background_color=&#8221;inherit&#8221;][vc_column_text drop_caps=&#8221;big-first-letter&#8221;]Que vous soyez un restaurant, un h\u00f4tel, un prestataire de soins ou un groupe de loisirs, Electrolux met tout en [&hellip;]","og_url":"https:\/\/www.electroluxprofessional.com\/fr-be\/votre-profil\/chaines-restaurant\/","og_site_name":"Electrolux Professional Belgique","article_modified_time":"2017-09-20T13:49:12+00:00","twitter_card":"summary_large_image","twitter_misc":{"Dur\u00e9e de lecture est.":"9 minutes"},"schema":{"@context":"https:\/\/schema.org","@graph":[{"@type":"WebPage","@id":"https:\/\/www.electroluxprofessional.com\/fr-be\/votre-profil\/chaines-restaurant\/","url":"https:\/\/www.electroluxprofessional.com\/fr-be\/votre-profil\/chaines-restaurant\/","name":"Cha\u00eenes de restaurant - Electrolux Professional Belgique","isPartOf":{"@id":"https:\/\/www.electroluxprofessional.com\/fr-be\/#website"},"datePublished":"2017-06-07T14:35:02+00:00","dateModified":"2017-09-20T13:49:12+00:00","breadcrumb":{"@id":"https:\/\/www.electroluxprofessional.com\/fr-be\/votre-profil\/chaines-restaurant\/#breadcrumb"},"inLanguage":"fr-BE","potentialAction":[{"@type":"ReadAction","target":["https:\/\/www.electroluxprofessional.com\/fr-be\/votre-profil\/chaines-restaurant\/"]}]},{"@type":"BreadcrumbList","@id":"https:\/\/www.electroluxprofessional.com\/fr-be\/votre-profil\/chaines-restaurant\/#breadcrumb","itemListElement":[{"@type":"ListItem","position":1,"name":"Home","item":"https:\/\/www.electroluxprofessional.com\/fr-be\/"},{"@type":"ListItem","position":2,"name":"Votre profil","item":"https:\/\/www.electroluxprofessional.com\/fr-be\/votre-profil\/"},{"@type":"ListItem","position":3,"name":"Cha\u00eenes de restaurant"}]},{"@type":"WebSite","@id":"https:\/\/www.electroluxprofessional.com\/fr-be\/#website","url":"https:\/\/www.electroluxprofessional.com\/fr-be\/","name":"Electrolux Professional Belgique","description":"Electrolux Professional est le leader mondial en mati\u00e8re d&#039;\u00e9quipements de cuisines et de blanchisseries professionnelles.","potentialAction":[{"@type":"SearchAction","target":{"@type":"EntryPoint","urlTemplate":"https:\/\/www.electroluxprofessional.com\/fr-be\/?src={search_term_string}"},"query-input":"required name=search_term_string"}],"inLanguage":"fr-BE"}]}},"_links":{"self":[{"href":"https:\/\/www.electroluxprofessional.com\/fr-be\/wp-json\/wp\/v2\/pages\/2736"}],"collection":[{"href":"https:\/\/www.electroluxprofessional.com\/fr-be\/wp-json\/wp\/v2\/pages"}],"about":[{"href":"https:\/\/www.electroluxprofessional.com\/fr-be\/wp-json\/wp\/v2\/types\/page"}],"author":[{"embeddable":true,"href":"https:\/\/www.electroluxprofessional.com\/fr-be\/wp-json\/wp\/v2\/users\/3"}],"replies":[{"embeddable":true,"href":"https:\/\/www.electroluxprofessional.com\/fr-be\/wp-json\/wp\/v2\/comments?post=2736"}],"version-history":[{"count":3,"href":"https:\/\/www.electroluxprofessional.com\/fr-be\/wp-json\/wp\/v2\/pages\/2736\/revisions"}],"predecessor-version":[{"id":4419,"href":"https:\/\/www.electroluxprofessional.com\/fr-be\/wp-json\/wp\/v2\/pages\/2736\/revisions\/4419"}],"up":[{"embeddable":true,"href":"https:\/\/www.electroluxprofessional.com\/fr-be\/wp-json\/wp\/v2\/pages\/2716"}],"wp:attachment":[{"href":"https:\/\/www.electroluxprofessional.com\/fr-be\/wp-json\/wp\/v2\/media?parent=2736"}],"curies":[{"name":"wp","href":"https:\/\/api.w.org\/{rel}","templated":true}]}}