{"id":2734,"date":"2017-06-07T14:33:25","date_gmt":"2017-06-07T14:33:25","guid":{"rendered":"https:\/\/www.electroluxprofessional.com\/fr-be\/?page_id=2734"},"modified":"2025-11-05T16:43:13","modified_gmt":"2025-11-05T16:43:13","slug":"hotels","status":"publish","type":"page","link":"https:\/\/www.electroluxprofessional.com\/fr-be\/votre-profil\/hotels\/","title":{"rendered":"H\u00f4tels"},"content":{"rendered":"<p>[vc_row full_width=&#8221;electroluxpro-full-width-no-padding&#8221; equal_height=&#8221;yes&#8221;][vc_column reveal_effect=&#8221;&#8221; width=&#8221;1\/2&#8243;][elx_citation name=&#8221;Davinder Kumar, Vice-Pr\u00e9sident F&amp;B Production &amp; Executive Chef Le M\u00e9ridien&#8221; company=&#8221;New Delhi, Inde&#8221;][elx_heading font_container=&#8221;h1&#8243; font_size=&#8221;h2&#8243; text_color=&#8221;inherit&#8221;]&#8221;Electrolux Professional fournit des solutions compl\u00e8tes. Au b\u00e9n\u00e9fice des jeunes chefs, notamment, qui peuvent exploiter l\u2019expertise de la soci\u00e9t\u00e9 de mani\u00e8re optimale.&#8221;.[\/elx_heading][\/elx_citation][\/vc_column][vc_column reveal_effect=&#8221;&#8221; width=&#8221;1\/2&#8243;][elx_image_block background_image=&#8221;452&#8243; minimum_height=&#8221;700px&#8221;][\/vc_column][\/vc_row][vc_row][vc_column][elx_heading text_color=&#8221;inherit&#8221;]<\/p>\n<p style=\"text-align: center;\"><span style=\"color: #bed143;\">H\u00f4tels<\/span><\/p>\n<p>[\/elx_heading][\/vc_column][\/vc_row][vc_row][vc_column][vc_empty_space height=&#8221;50px&#8221;][\/vc_column][\/vc_row][vc_row full_width=&#8221;electroluxpro-full-width-no-padding&#8221; equal_height=&#8221;yes&#8221; css=&#8221;.vc_custom_1465551113072{background-color: #edeff2 !important;}&#8221;][vc_column width=&#8221;1\/2&#8243;][elx_simple_block background_color=&#8221;inherit&#8221;][vc_column_text]<\/p>\n<h3 style=\"text-align: left;\">Saviez-vous qu\u2019un service cinq \u00e9toiles peut parfaitement aller de pair avec une politique &#8221; z\u00e9ro gaspillage &#8220;<\/h3>\n<p>[\/vc_column_text][vc_column_text]Quels que soient les besoins de votre cuisine, Electrolux Professional dispose d\u2019une solution globale pour doper votre productivit\u00e9 et votre durabilit\u00e9.<\/p>\n<p><strong>Nous pensons aussi bien aux cha\u00eenes qu\u2019aux h\u00f4tels ind\u00e9pendants.<\/strong>[\/vc_column_text][\/elx_simple_block][\/vc_column][vc_column width=&#8221;1\/2&#8243;][elx_image_block background_image=&#8221;746&#8243; minimum_height=&#8221;600px&#8221;][\/vc_column][\/vc_row][vc_row][vc_column][vc_empty_space height=&#8221;50px&#8221;][\/vc_column][\/vc_row][vc_row full_width=&#8221;electroluxpro-full-width-no-padding&#8221; equal_height=&#8221;yes&#8221; css=&#8221;.vc_custom_1465563192639{background-color: #edeff2 !important;}&#8221;][vc_column width=&#8221;1\/2&#8243;][elx_image_block background_image=&#8221;747&#8243; minimum_height=&#8221;600px&#8221;][\/vc_column][vc_column width=&#8221;1\/2&#8243;][elx_simple_block background_color=&#8221;inherit&#8221;][vc_column_text]<\/p>\n<h3>Savez-vous ce qui est le plus important aux yeux de vos clients\u00a0?<\/h3>\n<p>[\/vc_column_text][vc_column_text]La derni\u00e8re \u00e9tude de march\u00e9 en date d\u00e9montre que\u00a0:<\/p>\n<ul>\n<li>99\u00a0% des clients interrog\u00e9s consid\u00e8rent que la qualit\u00e9 des serviettes et de la literie est tr\u00e8s importante<\/li>\n<li>96\u00a0% affirment qu\u2019ils ne retourneraient pas dans un h\u00f4tel o\u00f9 les serviettes et le linge de lit seraient de mauvaise qualit\u00e9 ou tach\u00e9s.<\/li>\n<\/ul>\n<p>Pour \u00e9viter cette situation, gardez le contr\u00f4le et assurez-vous d\u2019une hygi\u00e8ne et d\u2019une propret\u00e9 parfaites gr\u00e2ce \u00e0 une laverie interne d\u2019Electrolux Professional.[\/vc_column_text][\/elx_simple_block][\/vc_column][\/vc_row][vc_row][vc_column][vc_empty_space height=&#8221;50px&#8221;][\/vc_column][\/vc_row][vc_row][vc_column][elx_heading font_size=&#8221;h3&#8243; text_color=&#8221;inherit&#8221;]<\/p>\n<p style=\"text-align: center;\">Nos solutions cuisine pour votre h\u00f4tel<\/p>\n<p>[\/elx_heading][\/vc_column][\/vc_row][vc_row css=&#8221;.vc_custom_1465550821993{padding-top: 20px !important;padding-bottom: 20px !important;background-color: #f7f6f6 !important;}&#8221;][vc_column width=&#8221;1\/3&#8243;][vc_single_image image=&#8221;748&#8243; img_size=&#8221;full&#8221; alignment=&#8221;center&#8221;][elx_heading font_container=&#8221;h3&#8243; text_color=&#8221;inherit&#8221; text_align=&#8221;text-left&#8221;]therma<em>line<\/em><br \/>\n[\/elx_heading][vc_column_text]<\/p>\n<ul>\n<li>\u00c9conomisez jusqu\u2019\u00e0 60\u00a0% de frais d\u2019\u00e9nergie et renforcez vos performances gr\u00e2ce \u00e0 notre gamme premium thermaline<\/li>\n<li>L\u2019induction en pleine surface rend la pr\u00e9paration de diff\u00e9rents produits plus facile que jamais<\/li>\n<\/ul>\n<p>[\/vc_column_text][elx_button button_text=&#8221;thermaline&#8221; button_style=&#8221;icon&#8221; button_link=&#8221;url:https%3A%2F%2Fprofessional.electrolux.be%2Fthermaline-lignes-cuisson%2F|title:thermaline||&#8221;][\/vc_column][vc_column width=&#8221;1\/3&#8243;][vc_single_image image=&#8221;749&#8243; img_size=&#8221;large&#8221; alignment=&#8221;center&#8221;][elx_heading font_container=&#8221;h3&#8243; text_color=&#8221;inherit&#8221; text_align=&#8221;text-center&#8221;]Cook&amp;Chill<br \/>\n[\/elx_heading][vc_column_text]<\/p>\n<ul>\n<li>Cuisinez dans le respect de l\u2019environnement avec le four mixte SkyLine, actuellement le four le plus \u00e9cologique du march\u00e9<\/li>\n<li>Des menus plus flexibles, un flux de travail rationalis\u00e9, moins de pertes de temps ainsi que des \u00e9conomies de temps, d\u2019argent et d\u2019\u00e9nergie<\/li>\n<\/ul>\n<p>[\/vc_column_text][elx_button button_text=&#8221;Cook&amp;Chill&#8221; button_style=&#8221;icon&#8221; button_link=&#8221;url:https%3A%2F%2Fprofessional.electrolux.be%2Fcuisine%2Fcook-and-chill%2F|title:Cook%20and%20Chill||&#8221;][\/vc_column][vc_column width=&#8221;1\/3&#8243;][vc_single_image image=&#8221;750&#8243; img_size=&#8221;large&#8221;][elx_heading font_container=&#8221;h3&#8243; text_color=&#8221;inherit&#8221; text_align=&#8221;text-center&#8221;]R\u00e9frig\u00e9ration<br \/>\n[\/elx_heading][vc_column_text]<\/p>\n<ul>\n<li>Conservez les aliments dans les r\u00e9frig\u00e9rateurs ecostore, les plus performants en termes d\u2019efficacit\u00e9 \u00e9nerg\u00e9tique<\/li>\n<li>Aidez votre cuisine \u00e0 devenir plus durable et plus productive<\/li>\n<\/ul>\n<p>[\/vc_column_text][elx_button button_text=&#8221;R\u00e9frig\u00e9ration&#8221; button_style=&#8221;icon&#8221; button_link=&#8221;url:https%3A%2F%2Fprofessional.electrolux.be%2Fcuisine%2Frefrigeration%2F|title:Refrigeration%20equipment||&#8221;][\/vc_column][\/vc_row][vc_row][vc_column][elx_heading font_size=&#8221;h3&#8243; text_color=&#8221;inherit&#8221;]<\/p>\n<p style=\"text-align: center;\">Pourquoi un h\u00f4tel a-t-il besoin d\u2019une laverie interne?<\/p>\n<p>[\/elx_heading][\/vc_column][\/vc_row][vc_row][vc_column][vc_empty_space height=&#8221;50px&#8221;][\/vc_column][\/vc_row][vc_row][vc_column width=&#8221;1\/3&#8243;][vc_single_image image=&#8221;751&#8243; img_size=&#8221;full&#8221; css=&#8221;.vc_custom_1465554828866{border-radius: 35px !important;}&#8221;][elx_heading font_container=&#8221;h3&#8243; text_color=&#8221;inherit&#8221;]<\/p>\n<p style=\"text-align: center;\">Propret\u00e9 exceptionnelle<\/p>\n<p>[\/elx_heading][vc_column_text]<\/p>\n<ul>\n<li>Une propret\u00e9 et une hygi\u00e8ne exceptionnelles gr\u00e2ce aux programmes et aux processus de lavage sp\u00e9cifiques<\/li>\n<li>Ma\u00eetrise des processus et des co\u00fbts<\/li>\n<\/ul>\n<p>[\/vc_column_text][\/vc_column][vc_column width=&#8221;1\/3&#8243;][vc_single_image image=&#8221;752&#8243; img_size=&#8221;full&#8221;][elx_heading font_container=&#8221;h3&#8243; text_color=&#8221;inherit&#8221;]<\/p>\n<p style=\"text-align: center;\">Contr\u00f4le et pr\u00e9cision<\/p>\n<p>[\/elx_heading][vc_column_text]<\/p>\n<ul>\n<li>Un contr\u00f4le pr\u00e9cis sur l\u2019hygi\u00e8ne et les co\u00fbts gr\u00e2ce au Certus Management Information System<\/li>\n<li>Des co\u00fbts de fonctionnement r\u00e9duits jusqu\u2019\u00e0 50\u00a0% gr\u00e2ce \u00e0 l\u2019Automatic Saving System et \u00e0 la technologie de pompe \u00e0 chaleur<\/li>\n<\/ul>\n<p>[\/vc_column_text][\/vc_column][vc_column width=&#8221;1\/3&#8243;][vc_single_image image=&#8221;753&#8243; img_size=&#8221;full&#8221;][elx_heading font_container=&#8221;h3&#8243; text_color=&#8221;inherit&#8221;]<\/p>\n<p style=\"text-align: center;\">Disponibilit\u00e9 accrue<\/p>\n<p>[\/elx_heading][vc_column_text]<\/p>\n<ul>\n<li>Une disponibilit\u00e9 accrue et des co\u00fbts r\u00e9duits gr\u00e2ce \u00e0 un traitement plus rapide du linge<\/li>\n<li>R\u00e9duisez votre consommation d\u2019eau et d\u2019\u00e9nergie<\/li>\n<\/ul>\n<p>[\/vc_column_text][\/vc_column][\/vc_row][vc_row][vc_column][vc_empty_space height=&#8221;50px&#8221;][\/vc_column][\/vc_row][vc_row][vc_column][elx_heading text_color=&#8221;inherit&#8221;]<\/p>\n<p style=\"text-align: center;\"><span style=\"color: #bed143;\">La dimension \u00e9cologique de l\u2019h\u00f4tellerie<\/span><\/p>\n<p>[\/elx_heading][\/vc_column][\/vc_row][vc_row full_width=&#8221;electroluxpro-full-width-no-padding&#8221; equal_height=&#8221;yes&#8221; css=&#8221;.vc_custom_1465563255634{background-color: #edeff2 !important;}&#8221;][vc_column width=&#8221;1\/2&#8243;][elx_image_block background_image=&#8221;629&#8243; minimum_height=&#8221;700px&#8221;][\/vc_column][vc_column width=&#8221;1\/2&#8243;][elx_simple_block background_color=&#8221;inherit&#8221;][elx_heading text_color=&#8221;inherit&#8221;]lagoon\u00ae Advanced Care: le pouvoir de l&#8217;eau[\/elx_heading][vc_column_text]<strong>Durabilit\u00e9<\/strong><\/p>\n<p>Respectueux de l\u2019environnement, absence de produits chimiques lourds et utilisation de l\u2019eau comme dissolvant.<\/p>\n<p><strong>D\u00e9licat\u00a0avec le linge d\u00e9licat<\/strong><\/p>\n<p>Des r\u00e9sultats parfaits avec le linge d\u00e9licat tels que la laine vierge et les v\u00eatements \u00e9tiquet\u00e9s \u00ab\u00a0nettoyage \u00e0 sec uniquement\u00a0\u00bb.<\/p>\n<p><strong>Un nettoyage complet en 55 minutes<\/strong><\/p>\n<p>Le summum du nettoyage \u00e0 l\u2019eau\u00a0: tous les avantages de l\u2019eau avec la rapidit\u00e9 et la simplicit\u00e9 du nettoyage chimique[\/vc_column_text][elx_button button_text=&#8221;lagoon\u00ae Advanced Care&#8221; button_style=&#8221;icon&#8221; button_link=&#8221;url:https%3A%2F%2Fprofessional.electrolux.be%2Fblanchisserie%2Flagoon-advanced-care%2F|title:Laundry%20Shops%20||&#8221;][\/elx_simple_block][\/vc_column][\/vc_row][vc_row][vc_column][vc_empty_space height=&#8221;50px&#8221;][\/vc_column][\/vc_row][vc_row][vc_column][elx_heading text_color=&#8221;inherit&#8221;]<\/p>\n<p style=\"text-align: center;\">T\u00e9moignages de nos clients<\/p>\n<p>[\/elx_heading][\/vc_column][\/vc_row][vc_row][vc_column][vc_empty_space height=&#8221;50px&#8221;][\/vc_column][\/vc_row][vc_row][vc_column width=&#8221;1\/2&#8243;][vc_single_image image=&#8221;754&#8243; img_size=&#8221;full&#8221; alignment=&#8221;center&#8221;][\/vc_column][vc_column width=&#8221;1\/2&#8243;][elx_heading font_container=&#8221;h3&#8243; text_color=&#8221;inherit&#8221;]En mati\u00e8re de propret\u00e9, mieux vaut g\u00e9rer les choses en interne[\/elx_heading][vc_column_text]<em>\u00ab\u00a0Pour nous, le linge est une priorit\u00e9. Notre laverie interne nous permet d\u2019avoir un contr\u00f4le total sur notre linge et sur la qualit\u00e9. L\u2019odeur des draps ultra frais est un d\u00e9tail important qui nous aide \u00e0 conserver le caract\u00e8re luxueux de notre \u00e9tablissement. Les appareils sont simples \u00e0 utiliser et fournissent les m\u00eames r\u00e9sultats lavage apr\u00e8s lavage.\u00a0\u00bb<\/em><\/p>\n<p><strong>Lionel Chatard, Directeur et Directeur Gen\u00e9ral du\u00a0Middlethorpe Hall Hotel &#8211; York, Royaume-Uni<\/strong>[\/vc_column_text][\/vc_column][\/vc_row][vc_row css=&#8221;.vc_custom_1465562028814{padding-bottom: 30px !important;}&#8221;][vc_column width=&#8221;1\/2&#8243;][vc_single_image image=&#8221;755&#8243; img_size=&#8221;full&#8221; alignment=&#8221;center&#8221;][\/vc_column][vc_column width=&#8221;1\/2&#8243;][elx_heading font_container=&#8221;h3&#8243; text_color=&#8221;inherit&#8221;]Un partenaire sur lequel on peut compter[\/elx_heading][vc_column_text]<em>\u00ab\u00a0J\u2019appr\u00e9cie \u00e9norm\u00e9ment la convivialit\u00e9 des appareils Electrolux. Electrolux Professional dispose de son propre service d\u2019avant-vente, d\u2019une vaste exp\u00e9rience et une immense expertise internationale.\u00a0\u00bb<\/em><\/p>\n<p><strong>Mansour Memarian, Executive Chef au The Chedi Andermatt<\/strong><\/p>\n<p><strong>Andermatt,\u00a0Suisse<\/strong>[\/vc_column_text][\/vc_column][\/vc_row][vc_row][vc_column][elx_heading text_color=&#8221;inherit&#8221;]D\u00e9couvrez les avantages de nos solutions Electrolux pour votre business[\/elx_heading][elx_o2000_contact_us r=&#8221;Je souhaite plus d&#8217;info \u00e0 propos des solutions pour les h\u00f4tels. Veuillez me contacter.&#8221; s=&#8221;Demande d&#8217;info: h\u00f4tels&#8221; country=&#8221;Belgium&#8221; e=&#8221;professional@electrolux.be&#8221; l=&#8221;fr-be&#8221; container=&#8221;elxcontactus1466430938&#8243;][\/vc_column][\/vc_row]<\/p>\n","protected":false},"excerpt":{"rendered":"<p>[vc_row full_width=&#8221;electroluxpro-full-width-no-padding&#8221; equal_height=&#8221;yes&#8221;][vc_column reveal_effect=&#8221;&#8221; width=&#8221;1\/2&#8243;][elx_citation name=&#8221;Davinder Kumar, Vice-Pr\u00e9sident F&amp;B Production &amp; Executive Chef Le M\u00e9ridien&#8221; company=&#8221;New Delhi, Inde&#8221;][elx_heading font_container=&#8221;h1&#8243; font_size=&#8221;h2&#8243; text_color=&#8221;inherit&#8221;]&#8221;Electrolux Professional fournit des solutions compl\u00e8tes. Au b\u00e9n\u00e9fice des jeunes chefs, notamment, qui peuvent exploiter l\u2019expertise de la soci\u00e9t\u00e9 de mani\u00e8re optimale.&#8221;.[\/elx_heading][\/elx_citation][\/vc_column][vc_column reveal_effect=&#8221;&#8221; width=&#8221;1\/2&#8243;][elx_image_block background_image=&#8221;452&#8243; minimum_height=&#8221;700px&#8221;][\/vc_column][\/vc_row][vc_row][vc_column][elx_heading text_color=&#8221;inherit&#8221;] H\u00f4tels [\/elx_heading][\/vc_column][\/vc_row][vc_row][vc_column][vc_empty_space height=&#8221;50px&#8221;][\/vc_column][\/vc_row][vc_row full_width=&#8221;electroluxpro-full-width-no-padding&#8221; equal_height=&#8221;yes&#8221; css=&#8221;.vc_custom_1465551113072{background-color: #edeff2 !important;}&#8221;][vc_column [&hellip;]<\/p>\n","protected":false},"author":3,"featured_media":0,"parent":2716,"menu_order":0,"comment_status":"closed","ping_status":"closed","template":"","meta":{"footnotes":""},"class_list":["post-2734","page","type-page","status-publish","hentry"],"acf":[],"yoast_head":"<!-- This site is optimized with the Yoast SEO plugin v23.3 - https:\/\/yoast.com\/wordpress\/plugins\/seo\/ -->\n<title>H\u00f4tels - Electrolux Professional Belgique<\/title>\n<meta name=\"robots\" content=\"index, follow, max-snippet:-1, max-image-preview:large, max-video-preview:-1\" \/>\n<link rel=\"canonical\" href=\"https:\/\/www.electroluxprofessional.com\/fr-be\/votre-profil\/hotels\/\" \/>\n<meta property=\"og:locale\" content=\"fr_FR\" \/>\n<meta property=\"og:type\" content=\"article\" \/>\n<meta property=\"og:title\" content=\"H\u00f4tels - Electrolux Professional Belgique\" \/>\n<meta property=\"og:description\" content=\"[vc_row full_width=&#8221;electroluxpro-full-width-no-padding&#8221; equal_height=&#8221;yes&#8221;][vc_column reveal_effect=&#8221;&#8221; width=&#8221;1\/2&#8243;][elx_citation name=&#8221;Davinder Kumar, Vice-Pr\u00e9sident F&amp;B Production &amp; Executive Chef Le M\u00e9ridien&#8221; company=&#8221;New Delhi, Inde&#8221;][elx_heading font_container=&#8221;h1&#8243; font_size=&#8221;h2&#8243; text_color=&#8221;inherit&#8221;]&#8221;Electrolux Professional fournit des solutions compl\u00e8tes. Au b\u00e9n\u00e9fice des jeunes chefs, notamment, qui peuvent exploiter l\u2019expertise de la soci\u00e9t\u00e9 de mani\u00e8re optimale.&#8221;.[\/elx_heading][\/elx_citation][\/vc_column][vc_column reveal_effect=&#8221;&#8221; width=&#8221;1\/2&#8243;][elx_image_block background_image=&#8221;452&#8243; minimum_height=&#8221;700px&#8221;][\/vc_column][\/vc_row][vc_row][vc_column][elx_heading text_color=&#8221;inherit&#8221;] H\u00f4tels [\/elx_heading][\/vc_column][\/vc_row][vc_row][vc_column][vc_empty_space height=&#8221;50px&#8221;][\/vc_column][\/vc_row][vc_row full_width=&#8221;electroluxpro-full-width-no-padding&#8221; equal_height=&#8221;yes&#8221; css=&#8221;.vc_custom_1465551113072{background-color: #edeff2 !important;}&#8221;][vc_column [&hellip;]\" \/>\n<meta property=\"og:url\" content=\"https:\/\/www.electroluxprofessional.com\/fr-be\/votre-profil\/hotels\/\" \/>\n<meta property=\"og:site_name\" content=\"Electrolux Professional Belgique\" \/>\n<meta property=\"article:modified_time\" content=\"2025-11-05T16:43:13+00:00\" \/>\n<meta name=\"twitter:card\" content=\"summary_large_image\" \/>\n<meta name=\"twitter:label1\" content=\"Dur\u00e9e de lecture est.\" \/>\n\t<meta name=\"twitter:data1\" content=\"4 minutes\" \/>\n<script type=\"application\/ld+json\" class=\"yoast-schema-graph\">{\"@context\":\"https:\/\/schema.org\",\"@graph\":[{\"@type\":\"WebPage\",\"@id\":\"https:\/\/www.electroluxprofessional.com\/fr-be\/votre-profil\/hotels\/\",\"url\":\"https:\/\/www.electroluxprofessional.com\/fr-be\/votre-profil\/hotels\/\",\"name\":\"H\u00f4tels - Electrolux Professional Belgique\",\"isPartOf\":{\"@id\":\"https:\/\/www.electroluxprofessional.com\/fr-be\/#website\"},\"datePublished\":\"2017-06-07T14:33:25+00:00\",\"dateModified\":\"2025-11-05T16:43:13+00:00\",\"breadcrumb\":{\"@id\":\"https:\/\/www.electroluxprofessional.com\/fr-be\/votre-profil\/hotels\/#breadcrumb\"},\"inLanguage\":\"fr-BE\",\"potentialAction\":[{\"@type\":\"ReadAction\",\"target\":[\"https:\/\/www.electroluxprofessional.com\/fr-be\/votre-profil\/hotels\/\"]}]},{\"@type\":\"BreadcrumbList\",\"@id\":\"https:\/\/www.electroluxprofessional.com\/fr-be\/votre-profil\/hotels\/#breadcrumb\",\"itemListElement\":[{\"@type\":\"ListItem\",\"position\":1,\"name\":\"Home\",\"item\":\"https:\/\/www.electroluxprofessional.com\/fr-be\/\"},{\"@type\":\"ListItem\",\"position\":2,\"name\":\"Votre profil\",\"item\":\"https:\/\/www.electroluxprofessional.com\/fr-be\/votre-profil\/\"},{\"@type\":\"ListItem\",\"position\":3,\"name\":\"H\u00f4tels\"}]},{\"@type\":\"WebSite\",\"@id\":\"https:\/\/www.electroluxprofessional.com\/fr-be\/#website\",\"url\":\"https:\/\/www.electroluxprofessional.com\/fr-be\/\",\"name\":\"Electrolux Professional Belgique\",\"description\":\"Electrolux Professional est le leader mondial en mati\u00e8re d&#039;\u00e9quipements de cuisines et de blanchisseries professionnelles.\",\"potentialAction\":[{\"@type\":\"SearchAction\",\"target\":{\"@type\":\"EntryPoint\",\"urlTemplate\":\"https:\/\/www.electroluxprofessional.com\/fr-be\/?src={search_term_string}\"},\"query-input\":\"required name=search_term_string\"}],\"inLanguage\":\"fr-BE\"}]}<\/script>\n<!-- \/ Yoast SEO plugin. -->","yoast_head_json":{"title":"H\u00f4tels - Electrolux Professional Belgique","robots":{"index":"index","follow":"follow","max-snippet":"max-snippet:-1","max-image-preview":"max-image-preview:large","max-video-preview":"max-video-preview:-1"},"canonical":"https:\/\/www.electroluxprofessional.com\/fr-be\/votre-profil\/hotels\/","og_locale":"fr_FR","og_type":"article","og_title":"H\u00f4tels - Electrolux Professional Belgique","og_description":"[vc_row full_width=&#8221;electroluxpro-full-width-no-padding&#8221; equal_height=&#8221;yes&#8221;][vc_column reveal_effect=&#8221;&#8221; width=&#8221;1\/2&#8243;][elx_citation name=&#8221;Davinder Kumar, Vice-Pr\u00e9sident F&amp;B Production &amp; Executive Chef Le M\u00e9ridien&#8221; company=&#8221;New Delhi, Inde&#8221;][elx_heading font_container=&#8221;h1&#8243; font_size=&#8221;h2&#8243; text_color=&#8221;inherit&#8221;]&#8221;Electrolux Professional fournit des solutions compl\u00e8tes. Au b\u00e9n\u00e9fice des jeunes chefs, notamment, qui peuvent exploiter l\u2019expertise de la soci\u00e9t\u00e9 de mani\u00e8re optimale.&#8221;.[\/elx_heading][\/elx_citation][\/vc_column][vc_column reveal_effect=&#8221;&#8221; width=&#8221;1\/2&#8243;][elx_image_block background_image=&#8221;452&#8243; minimum_height=&#8221;700px&#8221;][\/vc_column][\/vc_row][vc_row][vc_column][elx_heading text_color=&#8221;inherit&#8221;] H\u00f4tels [\/elx_heading][\/vc_column][\/vc_row][vc_row][vc_column][vc_empty_space height=&#8221;50px&#8221;][\/vc_column][\/vc_row][vc_row full_width=&#8221;electroluxpro-full-width-no-padding&#8221; equal_height=&#8221;yes&#8221; css=&#8221;.vc_custom_1465551113072{background-color: #edeff2 !important;}&#8221;][vc_column [&hellip;]","og_url":"https:\/\/www.electroluxprofessional.com\/fr-be\/votre-profil\/hotels\/","og_site_name":"Electrolux Professional Belgique","article_modified_time":"2025-11-05T16:43:13+00:00","twitter_card":"summary_large_image","twitter_misc":{"Dur\u00e9e de lecture est.":"4 minutes"},"schema":{"@context":"https:\/\/schema.org","@graph":[{"@type":"WebPage","@id":"https:\/\/www.electroluxprofessional.com\/fr-be\/votre-profil\/hotels\/","url":"https:\/\/www.electroluxprofessional.com\/fr-be\/votre-profil\/hotels\/","name":"H\u00f4tels - Electrolux Professional Belgique","isPartOf":{"@id":"https:\/\/www.electroluxprofessional.com\/fr-be\/#website"},"datePublished":"2017-06-07T14:33:25+00:00","dateModified":"2025-11-05T16:43:13+00:00","breadcrumb":{"@id":"https:\/\/www.electroluxprofessional.com\/fr-be\/votre-profil\/hotels\/#breadcrumb"},"inLanguage":"fr-BE","potentialAction":[{"@type":"ReadAction","target":["https:\/\/www.electroluxprofessional.com\/fr-be\/votre-profil\/hotels\/"]}]},{"@type":"BreadcrumbList","@id":"https:\/\/www.electroluxprofessional.com\/fr-be\/votre-profil\/hotels\/#breadcrumb","itemListElement":[{"@type":"ListItem","position":1,"name":"Home","item":"https:\/\/www.electroluxprofessional.com\/fr-be\/"},{"@type":"ListItem","position":2,"name":"Votre profil","item":"https:\/\/www.electroluxprofessional.com\/fr-be\/votre-profil\/"},{"@type":"ListItem","position":3,"name":"H\u00f4tels"}]},{"@type":"WebSite","@id":"https:\/\/www.electroluxprofessional.com\/fr-be\/#website","url":"https:\/\/www.electroluxprofessional.com\/fr-be\/","name":"Electrolux Professional Belgique","description":"Electrolux Professional est le leader mondial en mati\u00e8re d&#039;\u00e9quipements de cuisines et de blanchisseries professionnelles.","potentialAction":[{"@type":"SearchAction","target":{"@type":"EntryPoint","urlTemplate":"https:\/\/www.electroluxprofessional.com\/fr-be\/?src={search_term_string}"},"query-input":"required name=search_term_string"}],"inLanguage":"fr-BE"}]}},"_links":{"self":[{"href":"https:\/\/www.electroluxprofessional.com\/fr-be\/wp-json\/wp\/v2\/pages\/2734"}],"collection":[{"href":"https:\/\/www.electroluxprofessional.com\/fr-be\/wp-json\/wp\/v2\/pages"}],"about":[{"href":"https:\/\/www.electroluxprofessional.com\/fr-be\/wp-json\/wp\/v2\/types\/page"}],"author":[{"embeddable":true,"href":"https:\/\/www.electroluxprofessional.com\/fr-be\/wp-json\/wp\/v2\/users\/3"}],"replies":[{"embeddable":true,"href":"https:\/\/www.electroluxprofessional.com\/fr-be\/wp-json\/wp\/v2\/comments?post=2734"}],"version-history":[{"count":9,"href":"https:\/\/www.electroluxprofessional.com\/fr-be\/wp-json\/wp\/v2\/pages\/2734\/revisions"}],"predecessor-version":[{"id":14122,"href":"https:\/\/www.electroluxprofessional.com\/fr-be\/wp-json\/wp\/v2\/pages\/2734\/revisions\/14122"}],"up":[{"embeddable":true,"href":"https:\/\/www.electroluxprofessional.com\/fr-be\/wp-json\/wp\/v2\/pages\/2716"}],"wp:attachment":[{"href":"https:\/\/www.electroluxprofessional.com\/fr-be\/wp-json\/wp\/v2\/media?parent=2734"}],"curies":[{"name":"wp","href":"https:\/\/api.w.org\/{rel}","templated":true}]}}