{"id":2732,"date":"2017-06-07T14:33:04","date_gmt":"2017-06-07T14:33:04","guid":{"rendered":"https:\/\/www.electroluxprofessional.com\/fr-be\/?page_id=2732"},"modified":"2017-09-20T13:59:26","modified_gmt":"2017-09-20T13:59:26","slug":"chaines-hotel","status":"publish","type":"page","link":"https:\/\/www.electroluxprofessional.com\/fr-be\/votre-profil\/chaines-hotel\/","title":{"rendered":"Cha\u00eenes d&#8217;h\u00f4tel"},"content":{"rendered":"<p>[vc_row full_width=&#8221;electroluxpro-full-width-no-padding&#8221;][vc_column][elx_hero_slider label_text_color=&#8221;inherit&#8221; images=&#8221;1181&#8243;][elx_heading text_color=&#8221;orange&#8221; text_align=&#8221;text-left&#8221;]Renforcer votre cha\u00eene de valeur<br \/>\nensemble<br \/>\n[\/elx_heading][\/elx_hero_slider][\/vc_column][\/vc_row][vc_row full_width=&#8221;electroluxpro-container-no-padding&#8221; full_height=&#8221;yes&#8221; parallax=&#8221;content-moving&#8221;][vc_column css=&#8221;.vc_custom_1472030236138{padding-top: 20px !important;}&#8221;][elx_heading font_container=&#8221;h1&#8243; font_size=&#8221;h3&#8243; text_color=&#8221;inherit&#8221; text_align=&#8221;text-center&#8221;]L\u2019\u00e9quipe sp\u00e9ciale d\u2019Electrolux<br \/>\npour cha\u00eenes d\u2019h\u00f4tels<br \/>\nconna\u00eet votre besoin de continuit\u00e9<br \/>\n[\/elx_heading][\/vc_column][\/vc_row][vc_row][vc_column width=&#8221;1\/2&#8243;][elx_simple_block background_color=&#8221;inherit&#8221;][vc_column_text drop_caps=&#8221;big-first-letter&#8221;]Electrolux veille \u00e0 ce que chaque environnement de cuisine ou de laverie de votre marque puisse fournir le m\u00eame niveau<strong> d\u2019innovation, de durabilit\u00e9, de s\u00e9curit\u00e9 et de simplicit\u00e9<\/strong>.<\/p>\n<p>Gr\u00e2ce \u00e0 notre exp\u00e9rience mondiale, \u00e0 notre poursuite de l\u2019excellence et \u00e0 votre ambition, nous pouvons assurer la r\u00e9ussite de votre cha\u00eene ensemble.[\/vc_column_text][\/elx_simple_block][\/vc_column][vc_column width=&#8221;1\/2&#8243;][elx_simple_block background_color=&#8221;inherit&#8221;][\/elx_simple_block][\/vc_column][\/vc_row][vc_row][vc_column][elx_heading text_color=&#8221;inherit&#8221; text_align=&#8221;text-center&#8221;]O\u00f9 faisons-nous la diff\u00e9rence ?[\/elx_heading][vc_empty_space height=&#8221;50px&#8221;][\/vc_column][\/vc_row][vc_row][vc_column width=&#8221;1\/2&#8243;][elx_simple_block background_color=&#8221;inherit&#8221;][vc_single_image image=&#8221;1888&#8243; img_size=&#8221;full&#8221; style=&#8221;vc_box_circle_2&#8243;][\/elx_simple_block][\/vc_column][vc_column width=&#8221;1\/2&#8243;][elx_simple_block background_color=&#8221;inherit&#8221;][vc_column_text drop_caps=&#8221;big-first-letter&#8221;]<\/p>\n<h3>Mandarin Oriental<\/h3>\n<p>Milan, Italie<\/p>\n<p><strong>Les meilleures solutions, un service impeccable<\/strong><\/p>\n<p>Une offre compl\u00e8te de mat\u00e9riel de cuisine et de laverie<\/p>\n<p>Le Mandarin Oriental, un h\u00f4tel exclusif au c\u0153ur de Milan, accepte uniquement les appareils les plus innovants.<\/p>\n<p>C\u2019est pourquoi l\u2019\u00e9tablissement a choisi les solutions Electrolux Professional pour ses quatre cuisines et sa blanchisserie.[\/vc_column_text][\/elx_simple_block][\/vc_column][\/vc_row][vc_row][vc_column width=&#8221;1\/2&#8243;][elx_simple_block background_color=&#8221;inherit&#8221;][vc_column_text drop_caps=&#8221;big-first-letter&#8221;]<\/p>\n<h3>Sofitel So<\/h3>\n<p>Singapour<\/p>\n<p><strong>Un h\u00f4tel-boutique au sommet du luxe<\/strong><\/p>\n<p>\u00ab\u00a0Ma cuisine est le th\u00e9\u00e2tre de ma vie professionnelle. C\u2019est ici que je cr\u00e9e et que j\u2019improvise, et Molteni dispose des meilleures cuisini\u00e8res qui soient. Des instruments extr\u00eamement pr\u00e9cieux et professionnels qui fournisseur des r\u00e9sultats in\u00e9gal\u00e9s \u00e0 tous les coups\u00a0: dans le restaurant, ce sont nos meilleurs collaborateurs et nos meilleurs amis.\u00a0\u00bb<\/p>\n<p>Anne-Cecile Degenne, chef[\/vc_column_text][\/elx_simple_block][\/vc_column][vc_column width=&#8221;1\/2&#8243;][elx_simple_block background_color=&#8221;inherit&#8221;][vc_single_image image=&#8221;435&#8243; img_size=&#8221;full&#8221; style=&#8221;vc_box_circle_2&#8243;][\/elx_simple_block][\/vc_column][\/vc_row][vc_row][vc_column width=&#8221;1\/2&#8243;][elx_simple_block background_color=&#8221;inherit&#8221;][vc_single_image image=&#8221;1184&#8243; img_size=&#8221;full&#8221; style=&#8221;vc_box_circle_2&#8243;][\/elx_simple_block][\/vc_column][vc_column width=&#8221;1\/2&#8243;][elx_simple_block background_color=&#8221;inherit&#8221;][vc_column_text drop_caps=&#8221;big-first-letter&#8221;]<\/p>\n<h3>Hilton Bomonti Hotel<\/h3>\n<p>Istanbul<\/p>\n<p>Le r\u00f4le d\u2019un chef est de cr\u00e9er une symphonie de saveurs pour chaque plat de son menu. Il est le chef d\u2019orchestre, l\u2019orchestre est sa cuisine et chaque section comporte ses instruments essentiels\u00a0: ils jouent tous un r\u00f4le important dans le chef-d\u2019\u0153uvre final.<\/p>\n<p>Dans le nouveau Hilton Bomonti Istanbul, le plus grand h\u00f4tel et centre d\u2019\u00e9v\u00e9nements cinq \u00e9toiles de Turquie, les symphonies gastronomiques sont inspir\u00e9es par Electrolux Professional.[\/vc_column_text][\/elx_simple_block][\/vc_column][\/vc_row][vc_row][vc_column width=&#8221;1\/2&#8243;][elx_simple_block background_color=&#8221;inherit&#8221;][vc_column_text drop_caps=&#8221;big-first-letter&#8221;]<\/p>\n<h3>Rome Cavalieri, Waldorf Astoria Hotels and Resorts<\/h3>\n<p>Rome, Italie<\/p>\n<p>Franco Verucci, chef du Rome Cavalieri, \u00e9tait \u00e0 la recherche d\u2019une solution capable de s\u2019adapter aux situations les plus exigeantes tout en fournissant les meilleurs r\u00e9sultats et en garantissant une efficacit\u00e9 maximale. Pour la coordination des diff\u00e9rentes cuisines et les grandes r\u00e9ceptions, Electrolux Professional \u00e9tait le partenaire tout trouv\u00e9. Electrolux a fourni une solution parfaite qui rend le travail en cuisine plus agr\u00e9able et permet \u00e0 l\u2019h\u00f4tel de doper ses b\u00e9n\u00e9fices.[\/vc_column_text][\/elx_simple_block][\/vc_column][vc_column width=&#8221;1\/2&#8243;][elx_simple_block background_color=&#8221;inherit&#8221;][vc_single_image image=&#8221;1287&#8243; img_size=&#8221;full&#8221; style=&#8221;vc_box_circle_2&#8243;][\/elx_simple_block][\/vc_column][\/vc_row][vc_row full_width=&#8221;electroluxpro-container-no-padding&#8221;][vc_column][vc_empty_space][elx_heading font_container=&#8221;h3&#8243; text_color=&#8221;inherit&#8221; text_align=&#8221;text-center&#8221;]Ensemble, mettons sur pied une \u00e9quipe gagnante ![\/elx_heading][vc_empty_space height=&#8221;50px&#8221;][\/vc_column][\/vc_row][vc_row][vc_column width=&#8221;1\/2&#8243;][elx_simple_block background_color=&#8221;inherit&#8221;][elx_heading font_container=&#8221;h3&#8243; font_size=&#8221;h4&#8243; text_color=&#8221;inherit&#8221; text_align=&#8221;text-left&#8221;]\u00c9quipe R&amp;D mondiale : de la connaissance du client \u00e0 l\u2019excellence des prestations[\/elx_heading][vc_column_text drop_caps=&#8221;big-first-letter&#8221;]Dans le monde entier, les \u00e9quipes R&amp;D exploitent les synergies entre les diff\u00e9rents services pour r\u00e9duire le temps de mise sur le march\u00e9 tout en r\u00e9alisant des \u00e9tudes de march\u00e9 et en \u00e9tudiant de nouvelles opportunit\u00e9s.[\/vc_column_text][\/elx_simple_block][\/vc_column][vc_column width=&#8221;1\/2&#8243;][elx_simple_block background_color=&#8221;inherit&#8221;][elx_heading font_container=&#8221;h3&#8243; font_size=&#8221;h4&#8243; text_color=&#8221;inherit&#8221; text_align=&#8221;text-left&#8221;]Le r\u00e9seau de service \u00e0 la client\u00e8le le plus vaste au monde[\/elx_heading][vc_column_text drop_caps=&#8221;big-first-letter&#8221;]Electrolux dispose du r\u00e9seau de service \u00e0 la client\u00e8le le plus vaste au monde, capable de r\u00e9pondre \u00e0 tous vos d\u00e9sirs \u00e0 travers une pr\u00e9sence locale avant, pendant et apr\u00e8s l\u2019achat.[\/vc_column_text][\/elx_simple_block][\/vc_column][\/vc_row][vc_row][vc_column][vc_empty_space height=&#8221;50px&#8221;][elx_heading font_size=&#8221;h2&#8243; text_color=&#8221;inherit&#8221;]Contactez notre \u00e9quipe d\u2019experts ![\/elx_heading][elx_o2000_contact_us r=&#8221;Je souhaite plus d&#8217;info \u00e0 propos des solutions pour les cha\u00eenes d&#8217;h\u00f4tel. Veuillez me contacter.&#8221; s=&#8221;Demande d&#8217;info: cha\u00eenes d&#8217;h\u00f4tel&#8221; e=&#8221;professional@electrolux.be&#8221; country=&#8221;Belgium&#8221; l=&#8221;fr-be&#8221; container=&#8221;elxcontactus1472110569&#8243;][\/vc_column][\/vc_row]<\/p>\n","protected":false},"excerpt":{"rendered":"<p>[vc_row full_width=&#8221;electroluxpro-full-width-no-padding&#8221;][vc_column][elx_hero_slider label_text_color=&#8221;inherit&#8221; images=&#8221;1181&#8243;][elx_heading text_color=&#8221;orange&#8221; text_align=&#8221;text-left&#8221;]Renforcer votre cha\u00eene de valeur ensemble [\/elx_heading][\/elx_hero_slider][\/vc_column][\/vc_row][vc_row full_width=&#8221;electroluxpro-container-no-padding&#8221; full_height=&#8221;yes&#8221; parallax=&#8221;content-moving&#8221;][vc_column css=&#8221;.vc_custom_1472030236138{padding-top: 20px !important;}&#8221;][elx_heading font_container=&#8221;h1&#8243; font_size=&#8221;h3&#8243; text_color=&#8221;inherit&#8221; text_align=&#8221;text-center&#8221;]L\u2019\u00e9quipe sp\u00e9ciale d\u2019Electrolux pour cha\u00eenes d\u2019h\u00f4tels conna\u00eet votre besoin de continuit\u00e9 [\/elx_heading][\/vc_column][\/vc_row][vc_row][vc_column width=&#8221;1\/2&#8243;][elx_simple_block background_color=&#8221;inherit&#8221;][vc_column_text drop_caps=&#8221;big-first-letter&#8221;]Electrolux veille \u00e0 ce que chaque environnement de cuisine ou de laverie de votre marque puisse fournir le m\u00eame niveau [&hellip;]<\/p>\n","protected":false},"author":3,"featured_media":0,"parent":2716,"menu_order":0,"comment_status":"closed","ping_status":"closed","template":"","meta":{"footnotes":""},"class_list":["post-2732","page","type-page","status-publish","hentry"],"acf":[],"yoast_head":"<!-- This site is optimized with the Yoast SEO plugin v23.3 - https:\/\/yoast.com\/wordpress\/plugins\/seo\/ -->\n<title>Cha\u00eenes d&#039;h\u00f4tel - Electrolux Professional Belgique<\/title>\n<meta name=\"robots\" content=\"index, follow, max-snippet:-1, max-image-preview:large, max-video-preview:-1\" \/>\n<link rel=\"canonical\" href=\"https:\/\/www.electroluxprofessional.com\/fr-be\/votre-profil\/chaines-hotel\/\" \/>\n<meta property=\"og:locale\" content=\"fr_FR\" \/>\n<meta property=\"og:type\" content=\"article\" \/>\n<meta property=\"og:title\" content=\"Cha\u00eenes d&#039;h\u00f4tel - Electrolux Professional Belgique\" \/>\n<meta property=\"og:description\" content=\"[vc_row full_width=&#8221;electroluxpro-full-width-no-padding&#8221;][vc_column][elx_hero_slider label_text_color=&#8221;inherit&#8221; images=&#8221;1181&#8243;][elx_heading text_color=&#8221;orange&#8221; text_align=&#8221;text-left&#8221;]Renforcer votre cha\u00eene de valeur ensemble [\/elx_heading][\/elx_hero_slider][\/vc_column][\/vc_row][vc_row full_width=&#8221;electroluxpro-container-no-padding&#8221; full_height=&#8221;yes&#8221; parallax=&#8221;content-moving&#8221;][vc_column css=&#8221;.vc_custom_1472030236138{padding-top: 20px !important;}&#8221;][elx_heading font_container=&#8221;h1&#8243; font_size=&#8221;h3&#8243; text_color=&#8221;inherit&#8221; text_align=&#8221;text-center&#8221;]L\u2019\u00e9quipe sp\u00e9ciale d\u2019Electrolux pour cha\u00eenes d\u2019h\u00f4tels conna\u00eet votre besoin de continuit\u00e9 [\/elx_heading][\/vc_column][\/vc_row][vc_row][vc_column width=&#8221;1\/2&#8243;][elx_simple_block background_color=&#8221;inherit&#8221;][vc_column_text drop_caps=&#8221;big-first-letter&#8221;]Electrolux veille \u00e0 ce que chaque environnement de cuisine ou de laverie de votre marque puisse fournir le m\u00eame niveau [&hellip;]\" \/>\n<meta property=\"og:url\" content=\"https:\/\/www.electroluxprofessional.com\/fr-be\/votre-profil\/chaines-hotel\/\" \/>\n<meta property=\"og:site_name\" content=\"Electrolux Professional Belgique\" \/>\n<meta property=\"article:modified_time\" content=\"2017-09-20T13:59:26+00:00\" \/>\n<meta name=\"twitter:card\" content=\"summary_large_image\" \/>\n<meta name=\"twitter:label1\" content=\"Dur\u00e9e de lecture est.\" \/>\n\t<meta name=\"twitter:data1\" content=\"5 minutes\" \/>\n<script type=\"application\/ld+json\" class=\"yoast-schema-graph\">{\"@context\":\"https:\/\/schema.org\",\"@graph\":[{\"@type\":\"WebPage\",\"@id\":\"https:\/\/www.electroluxprofessional.com\/fr-be\/votre-profil\/chaines-hotel\/\",\"url\":\"https:\/\/www.electroluxprofessional.com\/fr-be\/votre-profil\/chaines-hotel\/\",\"name\":\"Cha\u00eenes d'h\u00f4tel - Electrolux Professional Belgique\",\"isPartOf\":{\"@id\":\"https:\/\/www.electroluxprofessional.com\/fr-be\/#website\"},\"datePublished\":\"2017-06-07T14:33:04+00:00\",\"dateModified\":\"2017-09-20T13:59:26+00:00\",\"breadcrumb\":{\"@id\":\"https:\/\/www.electroluxprofessional.com\/fr-be\/votre-profil\/chaines-hotel\/#breadcrumb\"},\"inLanguage\":\"fr-BE\",\"potentialAction\":[{\"@type\":\"ReadAction\",\"target\":[\"https:\/\/www.electroluxprofessional.com\/fr-be\/votre-profil\/chaines-hotel\/\"]}]},{\"@type\":\"BreadcrumbList\",\"@id\":\"https:\/\/www.electroluxprofessional.com\/fr-be\/votre-profil\/chaines-hotel\/#breadcrumb\",\"itemListElement\":[{\"@type\":\"ListItem\",\"position\":1,\"name\":\"Home\",\"item\":\"https:\/\/www.electroluxprofessional.com\/fr-be\/\"},{\"@type\":\"ListItem\",\"position\":2,\"name\":\"Votre profil\",\"item\":\"https:\/\/www.electroluxprofessional.com\/fr-be\/votre-profil\/\"},{\"@type\":\"ListItem\",\"position\":3,\"name\":\"Cha\u00eenes d&#8217;h\u00f4tel\"}]},{\"@type\":\"WebSite\",\"@id\":\"https:\/\/www.electroluxprofessional.com\/fr-be\/#website\",\"url\":\"https:\/\/www.electroluxprofessional.com\/fr-be\/\",\"name\":\"Electrolux Professional Belgique\",\"description\":\"Electrolux Professional est le leader mondial en mati\u00e8re d&#039;\u00e9quipements de cuisines et de blanchisseries professionnelles.\",\"potentialAction\":[{\"@type\":\"SearchAction\",\"target\":{\"@type\":\"EntryPoint\",\"urlTemplate\":\"https:\/\/www.electroluxprofessional.com\/fr-be\/?src={search_term_string}\"},\"query-input\":\"required name=search_term_string\"}],\"inLanguage\":\"fr-BE\"}]}<\/script>\n<!-- \/ Yoast SEO plugin. -->","yoast_head_json":{"title":"Cha\u00eenes d'h\u00f4tel - Electrolux Professional Belgique","robots":{"index":"index","follow":"follow","max-snippet":"max-snippet:-1","max-image-preview":"max-image-preview:large","max-video-preview":"max-video-preview:-1"},"canonical":"https:\/\/www.electroluxprofessional.com\/fr-be\/votre-profil\/chaines-hotel\/","og_locale":"fr_FR","og_type":"article","og_title":"Cha\u00eenes d'h\u00f4tel - Electrolux Professional Belgique","og_description":"[vc_row full_width=&#8221;electroluxpro-full-width-no-padding&#8221;][vc_column][elx_hero_slider label_text_color=&#8221;inherit&#8221; images=&#8221;1181&#8243;][elx_heading text_color=&#8221;orange&#8221; text_align=&#8221;text-left&#8221;]Renforcer votre cha\u00eene de valeur ensemble [\/elx_heading][\/elx_hero_slider][\/vc_column][\/vc_row][vc_row full_width=&#8221;electroluxpro-container-no-padding&#8221; full_height=&#8221;yes&#8221; parallax=&#8221;content-moving&#8221;][vc_column css=&#8221;.vc_custom_1472030236138{padding-top: 20px !important;}&#8221;][elx_heading font_container=&#8221;h1&#8243; font_size=&#8221;h3&#8243; text_color=&#8221;inherit&#8221; text_align=&#8221;text-center&#8221;]L\u2019\u00e9quipe sp\u00e9ciale d\u2019Electrolux pour cha\u00eenes d\u2019h\u00f4tels conna\u00eet votre besoin de continuit\u00e9 [\/elx_heading][\/vc_column][\/vc_row][vc_row][vc_column width=&#8221;1\/2&#8243;][elx_simple_block background_color=&#8221;inherit&#8221;][vc_column_text drop_caps=&#8221;big-first-letter&#8221;]Electrolux veille \u00e0 ce que chaque environnement de cuisine ou de laverie de votre marque puisse fournir le m\u00eame niveau [&hellip;]","og_url":"https:\/\/www.electroluxprofessional.com\/fr-be\/votre-profil\/chaines-hotel\/","og_site_name":"Electrolux Professional Belgique","article_modified_time":"2017-09-20T13:59:26+00:00","twitter_card":"summary_large_image","twitter_misc":{"Dur\u00e9e de lecture est.":"5 minutes"},"schema":{"@context":"https:\/\/schema.org","@graph":[{"@type":"WebPage","@id":"https:\/\/www.electroluxprofessional.com\/fr-be\/votre-profil\/chaines-hotel\/","url":"https:\/\/www.electroluxprofessional.com\/fr-be\/votre-profil\/chaines-hotel\/","name":"Cha\u00eenes d'h\u00f4tel - Electrolux Professional Belgique","isPartOf":{"@id":"https:\/\/www.electroluxprofessional.com\/fr-be\/#website"},"datePublished":"2017-06-07T14:33:04+00:00","dateModified":"2017-09-20T13:59:26+00:00","breadcrumb":{"@id":"https:\/\/www.electroluxprofessional.com\/fr-be\/votre-profil\/chaines-hotel\/#breadcrumb"},"inLanguage":"fr-BE","potentialAction":[{"@type":"ReadAction","target":["https:\/\/www.electroluxprofessional.com\/fr-be\/votre-profil\/chaines-hotel\/"]}]},{"@type":"BreadcrumbList","@id":"https:\/\/www.electroluxprofessional.com\/fr-be\/votre-profil\/chaines-hotel\/#breadcrumb","itemListElement":[{"@type":"ListItem","position":1,"name":"Home","item":"https:\/\/www.electroluxprofessional.com\/fr-be\/"},{"@type":"ListItem","position":2,"name":"Votre profil","item":"https:\/\/www.electroluxprofessional.com\/fr-be\/votre-profil\/"},{"@type":"ListItem","position":3,"name":"Cha\u00eenes d&#8217;h\u00f4tel"}]},{"@type":"WebSite","@id":"https:\/\/www.electroluxprofessional.com\/fr-be\/#website","url":"https:\/\/www.electroluxprofessional.com\/fr-be\/","name":"Electrolux Professional Belgique","description":"Electrolux Professional est le leader mondial en mati\u00e8re d&#039;\u00e9quipements de cuisines et de blanchisseries professionnelles.","potentialAction":[{"@type":"SearchAction","target":{"@type":"EntryPoint","urlTemplate":"https:\/\/www.electroluxprofessional.com\/fr-be\/?src={search_term_string}"},"query-input":"required name=search_term_string"}],"inLanguage":"fr-BE"}]}},"_links":{"self":[{"href":"https:\/\/www.electroluxprofessional.com\/fr-be\/wp-json\/wp\/v2\/pages\/2732"}],"collection":[{"href":"https:\/\/www.electroluxprofessional.com\/fr-be\/wp-json\/wp\/v2\/pages"}],"about":[{"href":"https:\/\/www.electroluxprofessional.com\/fr-be\/wp-json\/wp\/v2\/types\/page"}],"author":[{"embeddable":true,"href":"https:\/\/www.electroluxprofessional.com\/fr-be\/wp-json\/wp\/v2\/users\/3"}],"replies":[{"embeddable":true,"href":"https:\/\/www.electroluxprofessional.com\/fr-be\/wp-json\/wp\/v2\/comments?post=2732"}],"version-history":[{"count":3,"href":"https:\/\/www.electroluxprofessional.com\/fr-be\/wp-json\/wp\/v2\/pages\/2732\/revisions"}],"predecessor-version":[{"id":4420,"href":"https:\/\/www.electroluxprofessional.com\/fr-be\/wp-json\/wp\/v2\/pages\/2732\/revisions\/4420"}],"up":[{"embeddable":true,"href":"https:\/\/www.electroluxprofessional.com\/fr-be\/wp-json\/wp\/v2\/pages\/2716"}],"wp:attachment":[{"href":"https:\/\/www.electroluxprofessional.com\/fr-be\/wp-json\/wp\/v2\/media?parent=2732"}],"curies":[{"name":"wp","href":"https:\/\/api.w.org\/{rel}","templated":true}]}}