{"id":2730,"date":"2017-06-07T14:32:42","date_gmt":"2017-06-07T14:32:42","guid":{"rendered":"https:\/\/www.electroluxprofessional.com\/fr-be\/?page_id=2730"},"modified":"2025-11-12T08:39:56","modified_gmt":"2025-11-12T08:39:56","slug":"retail","status":"publish","type":"page","link":"https:\/\/www.electroluxprofessional.com\/fr-be\/votre-profil\/retail\/","title":{"rendered":"Retail"},"content":{"rendered":"<p>[vc_row full_width=&#8221;electroluxpro-full-width-no-padding&#8221; equal_height=&#8221;yes&#8221;][vc_column reveal_effect=&#8221;&#8221; width=&#8221;1\/2&#8243;][elx_citation name=&#8221;Kenneth Vansina, Head of Customer Experience&#8221; company=&#8221;Makro Cash &amp; Carry Belgique&#8221;][elx_heading font_size=&#8221;h2&#8243; text_color=&#8221;inherit&#8221;]\u201cEn tant que grand acteur du march\u00e9 de la vente au d\u00e9tail, nous cherchons constamment \u00e0 surprendre nos clients, \u00e0 leur apporter quelque chose de plus. La mise en place d\u2019un Libero Point dans chacun de nos 15 points de vente nous a permis de renforcer consid\u00e9rablement l\u2019exp\u00e9rience en magasin. D\u00e9sormais, nous pouvons proposer non seulement les meilleurs ingr\u00e9dients, mais \u00e9galement des sources d\u2019inspiration.\u201c[\/elx_heading][\/elx_citation][\/vc_column][vc_column reveal_effect=&#8221;&#8221; width=&#8221;1\/2&#8243;][elx_image_block background_image=&#8221;326&#8243; vert_back_position=&#8221;top&#8221; minimum_height=&#8221;700px&#8221;][\/vc_column][\/vc_row][vc_row][vc_column][vc_empty_space height=&#8221;50px&#8221;][\/vc_column][\/vc_row][vc_row][vc_column][elx_heading font_container=&#8221;h1&#8243; font_size=&#8221;h1&#8243; text_color=&#8221;retail&#8221; text_align=&#8221;text-center&#8221;]Des solutions de restauration pour le commerce de d\u00e9tail<\/p>\n<p>[\/elx_heading][\/vc_column][\/vc_row][vc_row][vc_column][vc_empty_space height=&#8221;50px&#8221;][\/vc_column][\/vc_row][vc_row css=&#8221;.vc_custom_1465562028814{padding-bottom: 30px !important;}&#8221;][vc_column width=&#8221;1\/2&#8243;][elx_image_block background_image=&#8221;548&#8243; vert_back_position=&#8221;top&#8221; minimum_height=&#8221;600px&#8221;][\/vc_column][vc_column width=&#8221;1\/2&#8243;][elx_heading font_size=&#8221;h2&#8243; text_color=&#8221;inherit&#8221;]NaturaS\u00ec[\/elx_heading][elx_heading font_container=&#8221;h4&#8243; font_size=&#8221;h4&#8243; text_color=&#8221;inherit&#8221;]ouvre son premier bistrot bio aux c\u00f4t\u00e9s d\u2019Electrolux Professional[\/elx_heading][vc_column_text]Situ\u00e9e \u00e0 quelques pas de la place Vittoria, dans le centre de Tr\u00e9vise, en Italie, NaturaS\u00ec est une cha\u00eene de supermarch\u00e9s qui se concentre exclusivement sur les produits biologiques.<\/p>\n<p><em>\u00ab\u00a0Notre objectif est d\u2019exporter ce concept dans d\u2019autres villes, \u00e0 la fois italiennes et europ\u00e9ennes. Avec l\u2019aide d\u2019Electrolux Professional, le partenaire technique qui a su traduire nos exigences en applications pour espaces exigus, le tout dans des d\u00e9lais serr\u00e9s.\u00a0\u00bb<\/em><\/p>\n<p><strong>Andrea Frizzarin<\/strong>, Business Development Manager[\/vc_column_text][\/vc_column][\/vc_row][vc_row css=&#8221;.vc_custom_1465562028814{padding-bottom: 30px !important;}&#8221;][vc_column width=&#8221;1\/2&#8243;][elx_heading font_size=&#8221;h2&#8243; text_color=&#8221;inherit&#8221;]Eataly[\/elx_heading][elx_heading font_container=&#8221;h4&#8243; font_size=&#8221;h4&#8243; text_color=&#8221;inherit&#8221;]\u201cOn ne change pas une \u00e9quipe qui gagne!\u201d[\/elx_heading][vc_column_text]C\u2019est le slogan qui r\u00e9sume le mieux le partenariat entre Electrolux Professional et Eataly\u00a0: deux soci\u00e9t\u00e9s qui fondent toutes leurs activit\u00e9s sur le principe de l\u2019excellence.<\/p>\n<p>La collaboration a d\u00e9but\u00e9 en 2007, lorsqu\u2019Eataly a compris qu\u2019Electrolux Professional \u00e9tait non seulement un fournisseur unique, mais aussi et surtout un partenaire technique qui pouvait r\u00e9pondre \u00e0 tous ses besoins.[\/vc_column_text][elx_button button_text=&#8221;Cha\u00eenes : quelle diff\u00e9rence apportons-nous ?&#8221; button_link=&#8221;url:https%3A%2F%2Fprofessional.electrolux.be%2Fvotre-profil%2Fchaines-restaurant%2F|||&#8221;][\/vc_column][vc_column width=&#8221;1\/2&#8243;][elx_image_block background_image=&#8221;332&#8243; minimum_height=&#8221;500px&#8221;][\/vc_column][\/vc_row][vc_row][vc_column][vc_empty_space height=&#8221;50px&#8221;][\/vc_column][\/vc_row][vc_row][vc_column][elx_heading font_size=&#8221;h3&#8243; text_color=&#8221;inherit&#8221; text_align=&#8221;text-center&#8221;]Solutions et suggestions pour votre activit\u00e9 de d\u00e9tail<\/p>\n<p>[\/elx_heading][\/vc_column][\/vc_row][vc_row][vc_column width=&#8221;1\/2&#8243;][vc_single_image image=&#8221;844&#8243; img_size=&#8221;full&#8221; alignment=&#8221;center&#8221;][elx_simple_block background_color=&#8221;inherit&#8221;][vc_single_image image=&#8221;1705&#8243; img_size=&#8221;full&#8221;][\/elx_simple_block][elx_simple_block][elx_heading font_container=&#8221;h3&#8243; font_size=&#8221;h3&#8243; text_color=&#8221;inherit&#8221;]Pr\u00e9parations de poulet[\/elx_heading][vc_column_text]<strong>R\u00e9duire le gaspillage alimentaire<\/strong><br \/>\nR\u00e9frig\u00e9rez les aliments et r\u00e9g\u00e9n\u00e9rez-les au quotidien ou prolongez leur dur\u00e9e de vie sur la barre en int\u00e9grant le poulet dans des pr\u00e9parations alternatives (des salades, par exemple).<\/p>\n<p><strong>S\u00e9curit\u00e9 alimentaire<\/strong><br \/>\nGarantissez \u00e0 vos clients le respect de la s\u00e9curit\u00e9 alimentaire<\/p>\n<p><strong>Garantie de qualit\u00e9<br \/>\n<\/strong>Appliquez le processus Cook\u00a0&amp;\u00a0Chill \u00e0 vos t\u00e2ches quotidiennes et \u00e9vitez la d\u00e9composition des aliments durant la r\u00e9frig\u00e9ration<\/p>\n<p><strong>Gagnez du temps<br \/>\n<\/strong>La r\u00e9duction du temps de r\u00e9frig\u00e9ration permet aussi de pr\u00e9senter certains aliments dans les comptoirs plus rapidement (rosbif, dinde&#8230;)[\/vc_column_text][\/elx_simple_block][\/vc_column][vc_column width=&#8221;1\/2&#8243;][vc_single_image image=&#8221;1706&#8243; img_size=&#8221;full&#8221; alignment=&#8221;center&#8221;][elx_simple_block background_color=&#8221;inherit&#8221;][vc_single_image image=&#8221;1707&#8243; img_size=&#8221;full&#8221;][\/elx_simple_block][elx_simple_block][elx_heading font_container=&#8221;h3&#8243; font_size=&#8221;h3&#8243; text_color=&#8221;inherit&#8221;]Pr\u00e9paration de sandwichs[\/elx_heading][vc_column_text]<strong>Le Panini Grill le plus rapide qui soit<\/strong><br \/>\nLes paninis sont chauds en 30 secondes\u00a0: jusqu\u2019\u00e0 six fois plus rapide qu\u2019un grill \u00e0 paninis standard gr\u00e2ce \u00e0 la combinaison de trois sources de chaleur.<\/p>\n<p><strong>Compact<\/strong><br \/>\nDans un petit espace, tout ce dont vous avez besoin pour pr\u00e9parer des sandwichs\u00a0: d\u00e9couper, m\u00e9langer, conserver et griller.<\/p>\n<p><strong>Gagnez des heures de travail<\/strong><br \/>\nProgrammes automatiques pour pr\u00e9parer diff\u00e9rents types de sandwichs.[\/vc_column_text][\/elx_simple_block][\/vc_column][\/vc_row][vc_row][vc_column][vc_empty_space height=&#8221;50px&#8221;][\/vc_column][\/vc_row][vc_row][vc_column][elx_heading font_size=&#8221;h2&#8243; text_color=&#8221;inherit&#8221; text_align=&#8221;text-center&#8221;]Contactez nos experts[\/elx_heading][elx_o2000_contact_us r=&#8221;Je souhaite plus d&#8217;info \u00e0 propos des solutions pour Retail.&#8221; s=&#8221;Demande d&#8217;info: Retail&#8221; e=&#8221;professional@electrolux.be&#8221; country=&#8221;Belgium&#8221; l=&#8221;fr-be&#8221; container=&#8221;elxcontactus1466430938&#8243;][vc_empty_space height=&#8221;50px&#8221;][\/vc_column][\/vc_row]<\/p>\n","protected":false},"excerpt":{"rendered":"<p>[vc_row full_width=&#8221;electroluxpro-full-width-no-padding&#8221; equal_height=&#8221;yes&#8221;][vc_column reveal_effect=&#8221;&#8221; width=&#8221;1\/2&#8243;][elx_citation name=&#8221;Kenneth Vansina, Head of Customer Experience&#8221; company=&#8221;Makro Cash &amp; Carry Belgique&#8221;][elx_heading font_size=&#8221;h2&#8243; text_color=&#8221;inherit&#8221;]\u201cEn tant que grand acteur du march\u00e9 de la vente au d\u00e9tail, nous cherchons constamment \u00e0 surprendre nos clients, \u00e0 leur apporter quelque chose de plus. La mise en place d\u2019un Libero Point dans chacun de nos 15 [&hellip;]<\/p>\n","protected":false},"author":3,"featured_media":0,"parent":2716,"menu_order":0,"comment_status":"closed","ping_status":"closed","template":"","meta":{"footnotes":""},"class_list":["post-2730","page","type-page","status-publish","hentry"],"acf":[],"yoast_head":"<!-- This site is optimized with the Yoast SEO plugin v23.3 - https:\/\/yoast.com\/wordpress\/plugins\/seo\/ -->\n<title>Retail - Electrolux Professional Belgique<\/title>\n<meta name=\"robots\" content=\"index, follow, max-snippet:-1, max-image-preview:large, max-video-preview:-1\" \/>\n<link rel=\"canonical\" href=\"https:\/\/www.electroluxprofessional.com\/fr-be\/votre-profil\/retail\/\" \/>\n<meta property=\"og:locale\" content=\"fr_FR\" \/>\n<meta property=\"og:type\" content=\"article\" \/>\n<meta property=\"og:title\" content=\"Nos solutions pour le commerce de d\u00e9tail\" \/>\n<meta property=\"og:description\" content=\"[vc_row full_width=&#8221;electroluxpro-full-width-no-padding&#8221; equal_height=&#8221;yes&#8221;][vc_column reveal_effect=&#8221;&#8221; width=&#8221;1\/2&#8243;][elx_citation name=&#8221;Kenneth Vansina, Head of Customer Experience&#8221; company=&#8221;Makro Cash &amp; Carry Belgique&#8221;][elx_heading font_size=&#8221;h2&#8243; text_color=&#8221;inherit&#8221;]\u201cEn tant que grand acteur du march\u00e9 de la vente au d\u00e9tail, nous cherchons constamment \u00e0 surprendre nos clients, \u00e0 leur apporter quelque chose de plus. La mise en place d\u2019un Libero Point dans chacun de nos 15 [&hellip;]\" \/>\n<meta property=\"og:url\" content=\"https:\/\/www.electroluxprofessional.com\/fr-be\/votre-profil\/retail\/\" \/>\n<meta property=\"og:site_name\" content=\"Electrolux Professional Belgique\" \/>\n<meta property=\"article:modified_time\" content=\"2025-11-12T08:39:56+00:00\" \/>\n<meta property=\"og:image\" content=\"https:\/\/www.electroluxprofessional.com\/fr-be\/wp-content\/uploads\/2022\/05\/supermarche-ok.jpg\" \/>\n\t<meta property=\"og:image:width\" content=\"719\" \/>\n\t<meta property=\"og:image:height\" content=\"349\" \/>\n\t<meta property=\"og:image:type\" content=\"image\/jpeg\" \/>\n<meta name=\"twitter:card\" content=\"summary_large_image\" \/>\n<meta name=\"twitter:label1\" content=\"Dur\u00e9e de lecture est.\" \/>\n\t<meta name=\"twitter:data1\" content=\"4 minutes\" \/>\n<script type=\"application\/ld+json\" class=\"yoast-schema-graph\">{\"@context\":\"https:\/\/schema.org\",\"@graph\":[{\"@type\":\"WebPage\",\"@id\":\"https:\/\/www.electroluxprofessional.com\/fr-be\/votre-profil\/retail\/\",\"url\":\"https:\/\/www.electroluxprofessional.com\/fr-be\/votre-profil\/retail\/\",\"name\":\"Retail - Electrolux Professional Belgique\",\"isPartOf\":{\"@id\":\"https:\/\/www.electroluxprofessional.com\/fr-be\/#website\"},\"datePublished\":\"2017-06-07T14:32:42+00:00\",\"dateModified\":\"2025-11-12T08:39:56+00:00\",\"breadcrumb\":{\"@id\":\"https:\/\/www.electroluxprofessional.com\/fr-be\/votre-profil\/retail\/#breadcrumb\"},\"inLanguage\":\"fr-BE\",\"potentialAction\":[{\"@type\":\"ReadAction\",\"target\":[\"https:\/\/www.electroluxprofessional.com\/fr-be\/votre-profil\/retail\/\"]}]},{\"@type\":\"BreadcrumbList\",\"@id\":\"https:\/\/www.electroluxprofessional.com\/fr-be\/votre-profil\/retail\/#breadcrumb\",\"itemListElement\":[{\"@type\":\"ListItem\",\"position\":1,\"name\":\"Home\",\"item\":\"https:\/\/www.electroluxprofessional.com\/fr-be\/\"},{\"@type\":\"ListItem\",\"position\":2,\"name\":\"Votre profil\",\"item\":\"https:\/\/www.electroluxprofessional.com\/fr-be\/votre-profil\/\"},{\"@type\":\"ListItem\",\"position\":3,\"name\":\"Retail\"}]},{\"@type\":\"WebSite\",\"@id\":\"https:\/\/www.electroluxprofessional.com\/fr-be\/#website\",\"url\":\"https:\/\/www.electroluxprofessional.com\/fr-be\/\",\"name\":\"Electrolux Professional Belgique\",\"description\":\"Electrolux Professional est le leader mondial en mati\u00e8re d&#039;\u00e9quipements de cuisines et de blanchisseries professionnelles.\",\"potentialAction\":[{\"@type\":\"SearchAction\",\"target\":{\"@type\":\"EntryPoint\",\"urlTemplate\":\"https:\/\/www.electroluxprofessional.com\/fr-be\/?src={search_term_string}\"},\"query-input\":\"required name=search_term_string\"}],\"inLanguage\":\"fr-BE\"}]}<\/script>\n<!-- \/ Yoast SEO plugin. -->","yoast_head_json":{"title":"Retail - Electrolux Professional Belgique","robots":{"index":"index","follow":"follow","max-snippet":"max-snippet:-1","max-image-preview":"max-image-preview:large","max-video-preview":"max-video-preview:-1"},"canonical":"https:\/\/www.electroluxprofessional.com\/fr-be\/votre-profil\/retail\/","og_locale":"fr_FR","og_type":"article","og_title":"Nos solutions pour le commerce de d\u00e9tail","og_description":"[vc_row full_width=&#8221;electroluxpro-full-width-no-padding&#8221; equal_height=&#8221;yes&#8221;][vc_column reveal_effect=&#8221;&#8221; width=&#8221;1\/2&#8243;][elx_citation name=&#8221;Kenneth Vansina, Head of Customer Experience&#8221; company=&#8221;Makro Cash &amp; Carry Belgique&#8221;][elx_heading font_size=&#8221;h2&#8243; text_color=&#8221;inherit&#8221;]\u201cEn tant que grand acteur du march\u00e9 de la vente au d\u00e9tail, nous cherchons constamment \u00e0 surprendre nos clients, \u00e0 leur apporter quelque chose de plus. La mise en place d\u2019un Libero Point dans chacun de nos 15 [&hellip;]","og_url":"https:\/\/www.electroluxprofessional.com\/fr-be\/votre-profil\/retail\/","og_site_name":"Electrolux Professional Belgique","article_modified_time":"2025-11-12T08:39:56+00:00","og_image":[{"width":719,"height":349,"url":"https:\/\/www.electroluxprofessional.com\/fr-be\/wp-content\/uploads\/2022\/05\/supermarche-ok.jpg","type":"image\/jpeg"}],"twitter_card":"summary_large_image","twitter_misc":{"Dur\u00e9e de lecture est.":"4 minutes"},"schema":{"@context":"https:\/\/schema.org","@graph":[{"@type":"WebPage","@id":"https:\/\/www.electroluxprofessional.com\/fr-be\/votre-profil\/retail\/","url":"https:\/\/www.electroluxprofessional.com\/fr-be\/votre-profil\/retail\/","name":"Retail - Electrolux Professional Belgique","isPartOf":{"@id":"https:\/\/www.electroluxprofessional.com\/fr-be\/#website"},"datePublished":"2017-06-07T14:32:42+00:00","dateModified":"2025-11-12T08:39:56+00:00","breadcrumb":{"@id":"https:\/\/www.electroluxprofessional.com\/fr-be\/votre-profil\/retail\/#breadcrumb"},"inLanguage":"fr-BE","potentialAction":[{"@type":"ReadAction","target":["https:\/\/www.electroluxprofessional.com\/fr-be\/votre-profil\/retail\/"]}]},{"@type":"BreadcrumbList","@id":"https:\/\/www.electroluxprofessional.com\/fr-be\/votre-profil\/retail\/#breadcrumb","itemListElement":[{"@type":"ListItem","position":1,"name":"Home","item":"https:\/\/www.electroluxprofessional.com\/fr-be\/"},{"@type":"ListItem","position":2,"name":"Votre profil","item":"https:\/\/www.electroluxprofessional.com\/fr-be\/votre-profil\/"},{"@type":"ListItem","position":3,"name":"Retail"}]},{"@type":"WebSite","@id":"https:\/\/www.electroluxprofessional.com\/fr-be\/#website","url":"https:\/\/www.electroluxprofessional.com\/fr-be\/","name":"Electrolux Professional Belgique","description":"Electrolux Professional est le leader mondial en mati\u00e8re d&#039;\u00e9quipements de cuisines et de blanchisseries professionnelles.","potentialAction":[{"@type":"SearchAction","target":{"@type":"EntryPoint","urlTemplate":"https:\/\/www.electroluxprofessional.com\/fr-be\/?src={search_term_string}"},"query-input":"required name=search_term_string"}],"inLanguage":"fr-BE"}]}},"_links":{"self":[{"href":"https:\/\/www.electroluxprofessional.com\/fr-be\/wp-json\/wp\/v2\/pages\/2730"}],"collection":[{"href":"https:\/\/www.electroluxprofessional.com\/fr-be\/wp-json\/wp\/v2\/pages"}],"about":[{"href":"https:\/\/www.electroluxprofessional.com\/fr-be\/wp-json\/wp\/v2\/types\/page"}],"author":[{"embeddable":true,"href":"https:\/\/www.electroluxprofessional.com\/fr-be\/wp-json\/wp\/v2\/users\/3"}],"replies":[{"embeddable":true,"href":"https:\/\/www.electroluxprofessional.com\/fr-be\/wp-json\/wp\/v2\/comments?post=2730"}],"version-history":[{"count":5,"href":"https:\/\/www.electroluxprofessional.com\/fr-be\/wp-json\/wp\/v2\/pages\/2730\/revisions"}],"predecessor-version":[{"id":14134,"href":"https:\/\/www.electroluxprofessional.com\/fr-be\/wp-json\/wp\/v2\/pages\/2730\/revisions\/14134"}],"up":[{"embeddable":true,"href":"https:\/\/www.electroluxprofessional.com\/fr-be\/wp-json\/wp\/v2\/pages\/2716"}],"wp:attachment":[{"href":"https:\/\/www.electroluxprofessional.com\/fr-be\/wp-json\/wp\/v2\/media?parent=2730"}],"curies":[{"name":"wp","href":"https:\/\/api.w.org\/{rel}","templated":true}]}}