{"id":2726,"date":"2017-06-07T14:31:55","date_gmt":"2017-06-07T14:31:55","guid":{"rendered":"https:\/\/www.electroluxprofessional.com\/fr-be\/?page_id=2726"},"modified":"2017-10-10T14:15:49","modified_gmt":"2017-10-10T14:15:49","slug":"facility-management","status":"publish","type":"page","link":"https:\/\/www.electroluxprofessional.com\/fr-be\/votre-profil\/facility-management\/","title":{"rendered":"Facility Management"},"content":{"rendered":"<p>[vc_row full_width=&#8221;electroluxpro-full-width-no-padding&#8221; equal_height=&#8221;yes&#8221;][vc_column width=&#8221;1\/2&#8243;][elx_citation name=&#8221;Ralph Thomas, Technicien de surface&#8221; company=&#8221;&#8221;][elx_heading font_container=&#8221;h1&#8243; font_size=&#8221;h2&#8243; text_color=&#8221;inherit&#8221;]En tant que leader dans le nettoyage de microfibres, nous pouvons toujours compter sur les meilleurs r\u00e9sultats.<\/p>\n<p>Ralph Thomas, agent de surface[\/elx_heading][\/elx_citation][\/vc_column][vc_column width=&#8221;1\/2&#8243;][elx_image_block background_image=&#8221;566&#8243; minimum_height=&#8221;650px&#8221;][\/vc_column][\/vc_row][vc_row full_width=&#8221;electroluxpro-container-no-padding&#8221; css=&#8221;.vc_custom_1473071163127{padding-top: 60px !important;padding-bottom: 60px !important;}&#8221;][vc_column][elx_heading font_container=&#8221;h3&#8243; text_color=&#8221;inherit&#8221; text_align=&#8221;text-center&#8221;]Une flexibilit\u00e9 totale et des r\u00e9sultats de la meilleure qualit\u00e9. Nous proposons des solutions pour tous les services de la Gestion des installations.[\/elx_heading][\/vc_column][\/vc_row][vc_row][vc_column width=&#8221;1\/2&#8243;][elx_image_block background_image=&#8221;621&#8243; minimum_height=&#8221;460px&#8221;][elx_simple_block background_color=&#8221;inherit&#8221;][elx_heading font_container=&#8221;h4&#8243; text_color=&#8221;inherit&#8221;]Soucieux de votre propri\u00e9t\u00e9[\/elx_heading][vc_column_text]Notre expertise dans le nettoyage de mat\u00e9riel en microfibres vous aide \u00e0 satisfaire aux normes d\u2019hygi\u00e8ne les plus \u00e9lev\u00e9es. Avec des co\u00fbts et des pannes r\u00e9duits au minimum.[\/vc_column_text][\/elx_simple_block][\/vc_column][vc_column width=&#8221;1\/2&#8243;][elx_image_block background_image=&#8221;622&#8243; minimum_height=&#8221;460px&#8221;][elx_simple_block background_color=&#8221;inherit&#8221;][elx_heading font_container=&#8221;h4&#8243; text_color=&#8221;inherit&#8221;]Nettoyage du sol efficace[\/elx_heading][vc_column_text]Le lave-linge sp\u00e9cial pour serpilli\u00e8res comprend un ensemble de programmes sp\u00e9ciaux (3 programmes pour serpilli\u00e8res et 4 programmes g\u00e9n\u00e9raux), des \u00e9l\u00e9ments de chauffage sp\u00e9ciaux, un tambour int\u00e9rieur sp\u00e9cial et une valve \u00e9lectrique pour une \u00e9vacuation rapide.[\/vc_column_text][\/elx_simple_block][\/vc_column][\/vc_row][vc_row][vc_column width=&#8221;1\/2&#8243;][elx_simple_block background_color=&#8221;inherit&#8221;][elx_heading font_container=&#8221;h4&#8243; text_color=&#8221;inherit&#8221;]La solution pour un nettoyage du sol efficace[\/elx_heading][vc_column_text]Un stock de serpilli\u00e8res, un lave-linge pour serpilli\u00e8res Electrolux Professional et l\u2019Efficient Dosing System sont tout ce dont vous avez besoin.<\/p>\n<p>Si vous pr\u00e9f\u00e9rez nettoyer \u00e0 l\u2019aide de serpilli\u00e8res s\u00e8ches, il vous suffit de mettre les serpilli\u00e8res fra\u00eechement lav\u00e9es dans un s\u00e8che-linge Electrolux Professional.<\/p>\n<ul>\n<li>Chargez les serpilli\u00e8res utilis\u00e9es dans le lave-linge<\/li>\n<li>S\u00e9lectionnez le programme de nettoyage d\u00e9sir\u00e9 et lancez le cycle<\/li>\n<li>Les serpilli\u00e8res sont nettoy\u00e9es et pr\u00e9par\u00e9es enti\u00e8rement selon vos d\u00e9sirs, y compris le traitement avec le d\u00e9tergent de votre choix<\/li>\n<\/ul>\n<p>[\/vc_column_text][\/elx_simple_block][\/vc_column][vc_column width=&#8221;1\/2&#8243;][vc_single_image image=&#8221;1634&#8243; img_size=&#8221;full&#8221;][\/vc_column][\/vc_row][vc_row css=&#8221;.vc_custom_1473071764748{padding-top: 50px !important;padding-bottom: 50px !important;}&#8221;][vc_column][elx_heading font_container=&#8221;h3&#8243; text_color=&#8221;inherit&#8221; text_align=&#8221;text-center&#8221;]Solutions sur mesure[\/elx_heading][\/vc_column][\/vc_row][vc_row][vc_column][vc_tta_tabs][vc_tta_section title=&#8221;Sur site&#8221; tab_id=&#8221;1473088626791-81487cab-288c&#8221;][vc_row_inner][vc_column_inner width=&#8221;1\/2&#8243;][vc_single_image image=&#8221;624&#8243; img_size=&#8221;full&#8221;][\/vc_column_inner][vc_column_inner width=&#8221;1\/2&#8243;][elx_heading font_container=&#8221;h4&#8243; text_color=&#8221;inherit&#8221;]ISS Facility Services<br \/>\nKarlstadt, Su\u00e8de[\/elx_heading][vc_column_text]Assure chaque jour le nettoyage de 1500 serpilli\u00e8res et serviettes en microfibres Les serviettes de toilette et les tapis sont nettoy\u00e9s chaque semaine.[\/vc_column_text][elx_heading font_container=&#8221;h4&#8243; font_size=&#8221;h4&#8243; text_color=&#8221;inherit&#8221;]Installation[\/elx_heading][vc_column_text]2\u00a0x laveuse essoreuse pour\u00a0serpilli\u00e8res (14\u00a0kg)<\/p>\n<p>1\u00a0x s\u00e9choir\u00a0(19,4\u00a0kg)[\/vc_column_text][\/vc_column_inner][\/vc_row_inner][\/vc_tta_section][vc_tta_section title=&#8221;H\u00f4pital&#8221; tab_id=&#8221;1473088626874-85a65eef-528a&#8221;][vc_row_inner][vc_column_inner width=&#8221;1\/2&#8243;][vc_single_image image=&#8221;625&#8243; img_size=&#8221;full&#8221;][\/vc_column_inner][vc_column_inner width=&#8221;1\/2&#8243;][elx_heading font_container=&#8221;h4&#8243; text_color=&#8221;inherit&#8221;]St. Thomas Hospital<br \/>\nLondres, Royaume-Uni[\/elx_heading][vc_column_text]Assure chaque jour le nettoyage de plus de 850\u00a0kg de serpilli\u00e8res et serviettes en microfibres. Surveille de pr\u00e8s les processus de nettoyage et la consommation.[\/vc_column_text][elx_heading font_container=&#8221;h4&#8243; text_color=&#8221;inherit&#8221;]Installation[\/elx_heading][vc_column_text]3\u00a0x laveuses essoreuse\u00a0barri\u00e8res (70\u00a0kg)<\/p>\n<p>3\u00a0x s\u00e9choir\u00a0(67\u00a0kg)<\/p>\n<p>CM \u2014 Certus ManagementTM Information System[\/vc_column_text][\/vc_column_inner][\/vc_row_inner][\/vc_tta_section][vc_tta_section title=&#8221;Blanchisserie centrale&#8221; tab_id=&#8221;1473088629051-162eecc0-9ef7&#8243;][vc_row_inner][vc_column_inner width=&#8221;1\/2&#8243;][vc_single_image image=&#8221;626&#8243; img_size=&#8221;full&#8221;][\/vc_column_inner][vc_column_inner width=&#8221;1\/2&#8243;][elx_heading font_container=&#8221;h4&#8243; text_color=&#8221;inherit&#8221;]U.D.O. Central Laundry<br \/>\nTubingen, Allemagne[\/elx_heading][vc_column_text]Assure chaque semaine le nettoyage de 9 tonnes de serpilli\u00e8res, serviettes et culottes d\u2019incontinence pour l\u2019h\u00f4pital.[\/vc_column_text][elx_heading font_container=&#8221;h4&#8243; text_color=&#8221;inherit&#8221;]Installation[\/elx_heading][vc_column_text]2\u00a0x laveuses essoreuses\u00a0barri\u00e8res (70\u00a0kg + 90\u00a0kg)<\/p>\n<p>1\u00a0x laveuse essoreuse \u00e0 chargement frontal (8\u00a0kg) pour serpilli\u00e8res et serviettes en microfibres<\/p>\n<p>2\u00a0x s\u00e9choirs\u00a0(45\u00a0kg + 60\u00a0kg)[\/vc_column_text][\/vc_column_inner][\/vc_row_inner][\/vc_tta_section][\/vc_tta_tabs][\/vc_column][\/vc_row][vc_row][vc_column][elx_heading font_container=&#8221;h3&#8243; text_color=&#8221;inherit&#8221;]D\u00e9couvrez les avantages de nos solutions Electrolux pour votre business[\/elx_heading][elx_o2000_contact_us r=&#8221;Je souhaite plus d&#8217;info \u00e0 propos des solutions pour facility management. Veuillez me contacter.&#8221; s=&#8221;Demande d&#8217;info: facility management&#8221; e=&#8221;professional@electrolux.be&#8221; country=&#8221;Belgium&#8221; l=&#8221;fr-be&#8221; b=&#8221;laundry&#8221; container=&#8221;elxcontactus1473161992&#8243;][\/vc_column][\/vc_row][vc_row][vc_column][vc_empty_space][\/vc_column][\/vc_row][vc_row][vc_column][elx_heading font_container=&#8221;h4&#8243; text_color=&#8221;inherit&#8221;]Click on the boxes here below to download the brochure and the range overview. [\/elx_heading][\/vc_column][\/vc_row][vc_row][vc_column width=&#8221;1\/3&#8243;][elx_download_block text=&#8221;Facility Management Brochure&#8221; link=&#8221;files.professional.electrolux.com\/docs\/?n=A0003&amp;t=BR&amp;l=1&amp;B=5&#8243; reveal_effect=&#8221;&#8221; reveal_duration=&#8221;&#8221; reveal_delay=&#8221;&#8221;][\/vc_column][vc_column width=&#8221;1\/3&#8243;][elx_download_block text=&#8221;Facility Management Range Overview&#8221; link=&#8221;http:\/\/files.professional.electrolux.com\/docs\/?n=Facility%20Laundry&amp;t=RO&amp;l=1&#8243; reveal_effect=&#8221;&#8221; reveal_duration=&#8221;&#8221; reveal_delay=&#8221;&#8221;][\/vc_column][vc_column width=&#8221;1\/3&#8243;][\/vc_column][\/vc_row][vc_row][vc_column][vc_empty_space height=&#8221;50px&#8221;][\/vc_column][\/vc_row]<\/p>\n","protected":false},"excerpt":{"rendered":"<p>[vc_row full_width=&#8221;electroluxpro-full-width-no-padding&#8221; equal_height=&#8221;yes&#8221;][vc_column width=&#8221;1\/2&#8243;][elx_citation name=&#8221;Ralph Thomas, Technicien de surface&#8221; company=&#8221;&#8221;][elx_heading font_container=&#8221;h1&#8243; font_size=&#8221;h2&#8243; text_color=&#8221;inherit&#8221;]En tant que leader dans le nettoyage de microfibres, nous pouvons toujours compter sur les meilleurs r\u00e9sultats. Ralph Thomas, agent de surface[\/elx_heading][\/elx_citation][\/vc_column][vc_column width=&#8221;1\/2&#8243;][elx_image_block background_image=&#8221;566&#8243; minimum_height=&#8221;650px&#8221;][\/vc_column][\/vc_row][vc_row full_width=&#8221;electroluxpro-container-no-padding&#8221; css=&#8221;.vc_custom_1473071163127{padding-top: 60px !important;padding-bottom: 60px !important;}&#8221;][vc_column][elx_heading font_container=&#8221;h3&#8243; text_color=&#8221;inherit&#8221; text_align=&#8221;text-center&#8221;]Une flexibilit\u00e9 totale et des r\u00e9sultats de la meilleure qualit\u00e9. [&hellip;]<\/p>\n","protected":false},"author":3,"featured_media":0,"parent":2716,"menu_order":0,"comment_status":"closed","ping_status":"closed","template":"","meta":{"footnotes":""},"class_list":["post-2726","page","type-page","status-publish","hentry"],"acf":[],"yoast_head":"<!-- This site is optimized with the Yoast SEO plugin v23.3 - https:\/\/yoast.com\/wordpress\/plugins\/seo\/ -->\n<title>Facility Management - Electrolux Professional Belgique<\/title>\n<meta name=\"robots\" content=\"index, follow, max-snippet:-1, max-image-preview:large, max-video-preview:-1\" \/>\n<link rel=\"canonical\" href=\"https:\/\/www.electroluxprofessional.com\/fr-be\/votre-profil\/facility-management\/\" \/>\n<meta property=\"og:locale\" content=\"fr_FR\" \/>\n<meta property=\"og:type\" content=\"article\" \/>\n<meta property=\"og:title\" content=\"Facility Management - Electrolux Professional Belgique\" \/>\n<meta property=\"og:description\" content=\"[vc_row full_width=&#8221;electroluxpro-full-width-no-padding&#8221; equal_height=&#8221;yes&#8221;][vc_column width=&#8221;1\/2&#8243;][elx_citation name=&#8221;Ralph Thomas, Technicien de surface&#8221; company=&#8221;&#8221;][elx_heading font_container=&#8221;h1&#8243; font_size=&#8221;h2&#8243; text_color=&#8221;inherit&#8221;]En tant que leader dans le nettoyage de microfibres, nous pouvons toujours compter sur les meilleurs r\u00e9sultats. Ralph Thomas, agent de surface[\/elx_heading][\/elx_citation][\/vc_column][vc_column width=&#8221;1\/2&#8243;][elx_image_block background_image=&#8221;566&#8243; minimum_height=&#8221;650px&#8221;][\/vc_column][\/vc_row][vc_row full_width=&#8221;electroluxpro-container-no-padding&#8221; css=&#8221;.vc_custom_1473071163127{padding-top: 60px !important;padding-bottom: 60px !important;}&#8221;][vc_column][elx_heading font_container=&#8221;h3&#8243; text_color=&#8221;inherit&#8221; text_align=&#8221;text-center&#8221;]Une flexibilit\u00e9 totale et des r\u00e9sultats de la meilleure qualit\u00e9. [&hellip;]\" \/>\n<meta property=\"og:url\" content=\"https:\/\/www.electroluxprofessional.com\/fr-be\/votre-profil\/facility-management\/\" \/>\n<meta property=\"og:site_name\" content=\"Electrolux Professional Belgique\" \/>\n<meta property=\"article:modified_time\" content=\"2017-10-10T14:15:49+00:00\" \/>\n<meta name=\"twitter:card\" content=\"summary_large_image\" \/>\n<meta name=\"twitter:label1\" content=\"Dur\u00e9e de lecture est.\" \/>\n\t<meta name=\"twitter:data1\" content=\"5 minutes\" \/>\n<script type=\"application\/ld+json\" class=\"yoast-schema-graph\">{\"@context\":\"https:\/\/schema.org\",\"@graph\":[{\"@type\":\"WebPage\",\"@id\":\"https:\/\/www.electroluxprofessional.com\/fr-be\/votre-profil\/facility-management\/\",\"url\":\"https:\/\/www.electroluxprofessional.com\/fr-be\/votre-profil\/facility-management\/\",\"name\":\"Facility Management - Electrolux Professional Belgique\",\"isPartOf\":{\"@id\":\"https:\/\/www.electroluxprofessional.com\/fr-be\/#website\"},\"datePublished\":\"2017-06-07T14:31:55+00:00\",\"dateModified\":\"2017-10-10T14:15:49+00:00\",\"breadcrumb\":{\"@id\":\"https:\/\/www.electroluxprofessional.com\/fr-be\/votre-profil\/facility-management\/#breadcrumb\"},\"inLanguage\":\"fr-BE\",\"potentialAction\":[{\"@type\":\"ReadAction\",\"target\":[\"https:\/\/www.electroluxprofessional.com\/fr-be\/votre-profil\/facility-management\/\"]}]},{\"@type\":\"BreadcrumbList\",\"@id\":\"https:\/\/www.electroluxprofessional.com\/fr-be\/votre-profil\/facility-management\/#breadcrumb\",\"itemListElement\":[{\"@type\":\"ListItem\",\"position\":1,\"name\":\"Home\",\"item\":\"https:\/\/www.electroluxprofessional.com\/fr-be\/\"},{\"@type\":\"ListItem\",\"position\":2,\"name\":\"Votre profil\",\"item\":\"https:\/\/www.electroluxprofessional.com\/fr-be\/votre-profil\/\"},{\"@type\":\"ListItem\",\"position\":3,\"name\":\"Facility Management\"}]},{\"@type\":\"WebSite\",\"@id\":\"https:\/\/www.electroluxprofessional.com\/fr-be\/#website\",\"url\":\"https:\/\/www.electroluxprofessional.com\/fr-be\/\",\"name\":\"Electrolux Professional Belgique\",\"description\":\"Electrolux Professional est le leader mondial en mati\u00e8re d&#039;\u00e9quipements de cuisines et de blanchisseries professionnelles.\",\"potentialAction\":[{\"@type\":\"SearchAction\",\"target\":{\"@type\":\"EntryPoint\",\"urlTemplate\":\"https:\/\/www.electroluxprofessional.com\/fr-be\/?src={search_term_string}\"},\"query-input\":\"required name=search_term_string\"}],\"inLanguage\":\"fr-BE\"}]}<\/script>\n<!-- \/ Yoast SEO plugin. -->","yoast_head_json":{"title":"Facility Management - Electrolux Professional Belgique","robots":{"index":"index","follow":"follow","max-snippet":"max-snippet:-1","max-image-preview":"max-image-preview:large","max-video-preview":"max-video-preview:-1"},"canonical":"https:\/\/www.electroluxprofessional.com\/fr-be\/votre-profil\/facility-management\/","og_locale":"fr_FR","og_type":"article","og_title":"Facility Management - Electrolux Professional Belgique","og_description":"[vc_row full_width=&#8221;electroluxpro-full-width-no-padding&#8221; equal_height=&#8221;yes&#8221;][vc_column width=&#8221;1\/2&#8243;][elx_citation name=&#8221;Ralph Thomas, Technicien de surface&#8221; company=&#8221;&#8221;][elx_heading font_container=&#8221;h1&#8243; font_size=&#8221;h2&#8243; text_color=&#8221;inherit&#8221;]En tant que leader dans le nettoyage de microfibres, nous pouvons toujours compter sur les meilleurs r\u00e9sultats. Ralph Thomas, agent de surface[\/elx_heading][\/elx_citation][\/vc_column][vc_column width=&#8221;1\/2&#8243;][elx_image_block background_image=&#8221;566&#8243; minimum_height=&#8221;650px&#8221;][\/vc_column][\/vc_row][vc_row full_width=&#8221;electroluxpro-container-no-padding&#8221; css=&#8221;.vc_custom_1473071163127{padding-top: 60px !important;padding-bottom: 60px !important;}&#8221;][vc_column][elx_heading font_container=&#8221;h3&#8243; text_color=&#8221;inherit&#8221; text_align=&#8221;text-center&#8221;]Une flexibilit\u00e9 totale et des r\u00e9sultats de la meilleure qualit\u00e9. [&hellip;]","og_url":"https:\/\/www.electroluxprofessional.com\/fr-be\/votre-profil\/facility-management\/","og_site_name":"Electrolux Professional Belgique","article_modified_time":"2017-10-10T14:15:49+00:00","twitter_card":"summary_large_image","twitter_misc":{"Dur\u00e9e de lecture est.":"5 minutes"},"schema":{"@context":"https:\/\/schema.org","@graph":[{"@type":"WebPage","@id":"https:\/\/www.electroluxprofessional.com\/fr-be\/votre-profil\/facility-management\/","url":"https:\/\/www.electroluxprofessional.com\/fr-be\/votre-profil\/facility-management\/","name":"Facility Management - Electrolux Professional Belgique","isPartOf":{"@id":"https:\/\/www.electroluxprofessional.com\/fr-be\/#website"},"datePublished":"2017-06-07T14:31:55+00:00","dateModified":"2017-10-10T14:15:49+00:00","breadcrumb":{"@id":"https:\/\/www.electroluxprofessional.com\/fr-be\/votre-profil\/facility-management\/#breadcrumb"},"inLanguage":"fr-BE","potentialAction":[{"@type":"ReadAction","target":["https:\/\/www.electroluxprofessional.com\/fr-be\/votre-profil\/facility-management\/"]}]},{"@type":"BreadcrumbList","@id":"https:\/\/www.electroluxprofessional.com\/fr-be\/votre-profil\/facility-management\/#breadcrumb","itemListElement":[{"@type":"ListItem","position":1,"name":"Home","item":"https:\/\/www.electroluxprofessional.com\/fr-be\/"},{"@type":"ListItem","position":2,"name":"Votre profil","item":"https:\/\/www.electroluxprofessional.com\/fr-be\/votre-profil\/"},{"@type":"ListItem","position":3,"name":"Facility Management"}]},{"@type":"WebSite","@id":"https:\/\/www.electroluxprofessional.com\/fr-be\/#website","url":"https:\/\/www.electroluxprofessional.com\/fr-be\/","name":"Electrolux Professional Belgique","description":"Electrolux Professional est le leader mondial en mati\u00e8re d&#039;\u00e9quipements de cuisines et de blanchisseries professionnelles.","potentialAction":[{"@type":"SearchAction","target":{"@type":"EntryPoint","urlTemplate":"https:\/\/www.electroluxprofessional.com\/fr-be\/?src={search_term_string}"},"query-input":"required name=search_term_string"}],"inLanguage":"fr-BE"}]}},"_links":{"self":[{"href":"https:\/\/www.electroluxprofessional.com\/fr-be\/wp-json\/wp\/v2\/pages\/2726"}],"collection":[{"href":"https:\/\/www.electroluxprofessional.com\/fr-be\/wp-json\/wp\/v2\/pages"}],"about":[{"href":"https:\/\/www.electroluxprofessional.com\/fr-be\/wp-json\/wp\/v2\/types\/page"}],"author":[{"embeddable":true,"href":"https:\/\/www.electroluxprofessional.com\/fr-be\/wp-json\/wp\/v2\/users\/3"}],"replies":[{"embeddable":true,"href":"https:\/\/www.electroluxprofessional.com\/fr-be\/wp-json\/wp\/v2\/comments?post=2726"}],"version-history":[{"count":4,"href":"https:\/\/www.electroluxprofessional.com\/fr-be\/wp-json\/wp\/v2\/pages\/2726\/revisions"}],"predecessor-version":[{"id":4803,"href":"https:\/\/www.electroluxprofessional.com\/fr-be\/wp-json\/wp\/v2\/pages\/2726\/revisions\/4803"}],"up":[{"embeddable":true,"href":"https:\/\/www.electroluxprofessional.com\/fr-be\/wp-json\/wp\/v2\/pages\/2716"}],"wp:attachment":[{"href":"https:\/\/www.electroluxprofessional.com\/fr-be\/wp-json\/wp\/v2\/media?parent=2726"}],"curies":[{"name":"wp","href":"https:\/\/api.w.org\/{rel}","templated":true}]}}