{"id":2718,"date":"2017-06-07T14:30:06","date_gmt":"2017-06-07T14:30:06","guid":{"rendered":"https:\/\/www.electroluxprofessional.com\/fr-be\/?page_id=2718"},"modified":"2025-11-05T16:43:28","modified_gmt":"2025-11-05T16:43:28","slug":"bars-et-cafes","status":"publish","type":"page","link":"https:\/\/www.electroluxprofessional.com\/fr-be\/votre-profil\/bars-et-cafes\/","title":{"rendered":"Bars et Caf\u00e9s"},"content":{"rendered":"<p>[vc_row full_width=&#8221;electroluxpro-full-width-no-padding&#8221; equal_height=&#8221;yes&#8221;][vc_column width=&#8221;2\/3&#8243;][elx_image_block background_image=&#8221;606&#8243; minimum_height=&#8221;500px&#8221;][\/vc_column][vc_column width=&#8221;1\/3&#8243;][elx_image_block background_image=&#8221;607&#8243; minimum_height=&#8221;500px&#8221;][\/vc_column][\/vc_row][vc_row full_height=&#8221;yes&#8221;][vc_column][vc_empty_space][elx_heading font_container=&#8221;h1&#8243; font_size=&#8221;h2&#8243; text_color=&#8221;inherit&#8221; text_align=&#8221;text-center&#8221;]Solutions pour <strong>bars et caf\u00e9s <\/strong>[\/elx_heading][\/vc_column][\/vc_row][vc_row][vc_column width=&#8221;1\/3&#8243;][vc_single_image image=&#8221;1805&#8243; img_size=&#8221;573&#215;730&#8243; onclick=&#8221;custom_link&#8221; css=&#8221;.vc_custom_1480584116241{padding-top: 60px !important;}&#8221; link=&#8221;https:\/\/www.electroluxprofessional.com\/fr-be\/votre-profil\/bars-et-cafes\/&#8221;][elx_heading text_color=&#8221;inherit&#8221;]<strong>Lave-verres \u00e9lectronique E-flex<\/strong>[\/elx_heading][vc_column_text]<\/p>\n<ul>\n<li>S\u00fbr et ergonomique<\/li>\n<li>R\u00e9sultats impeccables<\/li>\n<li>Hygi\u00e8ne exceptionnelle<\/li>\n<li>Dur\u00e9e de vie prolong\u00e9e<\/li>\n<\/ul>\n<p>[\/vc_column_text][\/vc_column][vc_column width=&#8221;1\/3&#8243;][vc_single_image image=&#8221;1677&#8243; img_size=&#8221;full&#8221; onclick=&#8221;custom_link&#8221; css=&#8221;.vc_custom_1481729495900{padding-top: 60px !important;}&#8221; link=&#8221;https:\/\/www.electroluxprofessional.com\/fr-be\/cuisine\/speedelight\/&#8221;][elx_heading text_color=&#8221;inherit&#8221;]<strong>SpeeDelight<\/strong>[\/elx_heading][vc_column_text]<\/p>\n<ul>\n<li>Servez rapidement et efficacement des snacks savoureux et bons pour la sant\u00e9<\/li>\n<li>Qualit\u00e9 \u00e0 chaque niveau gr\u00e2ce aux <strong>trois technologies de pr\u00e9paration<\/strong>.<\/li>\n<li>Le couvercle s\u2019ouvre automatique lorsque votre snack est pr\u00eat<\/li>\n<\/ul>\n<p>[\/vc_column_text][\/vc_column][vc_column width=&#8221;1\/3&#8243;][vc_single_image image=&#8221;10120&#8243; img_size=&#8221;573&#215;730&#8243; onclick=&#8221;custom_link&#8221; css=&#8221;.vc_custom_1638883765045{padding-top: 60px !important;}&#8221; link=&#8221;https:\/\/www.electroluxprofessional.com\/fr-be\/votre-profil\/bars-et-cafes\/&#8221;][elx_heading text_color=&#8221;inherit&#8221;]<strong>LiberoPro<\/strong>[\/elx_heading][vc_column_text]<\/p>\n<ul>\n<li><strong>Unit\u00e9s enti\u00e8rement mobiles pour cuisine ouverte<\/strong><\/li>\n<li>Conservez et servez des plats frais et raffin\u00e9s en temps record, partout et \u00e0 tout le monde<\/li>\n<li>Appareils pr\u00eats \u00e0 brancher\u00a0: plaque de cuisson, grill, wok \u00e0 induction, mini-four combi<\/li>\n<\/ul>\n<p>[\/vc_column_text][\/vc_column][\/vc_row][vc_row][vc_column][vc_empty_space][\/vc_column][\/vc_row][vc_row css=&#8221;.vc_custom_1480591577587{background-color: #f7f6f6 !important;}&#8221;][vc_column][vc_empty_space][\/vc_column][\/vc_row][vc_row full_width=&#8221;electroluxpro-container-no-padding&#8221; content_placement=&#8221;middle&#8221; css=&#8221;.vc_custom_1480591545809{background-color: #f7f6f6 !important;}&#8221;][vc_column width=&#8221;1\/3&#8243;][elx_image_block background_image=&#8221;1885&#8243; minimum_height=&#8221;309px&#8221;][\/vc_column][vc_column width=&#8221;1\/3&#8243;][elx_simple_block text_align=&#8221;text-center&#8221; background_color=&#8221;electrolux-blue&#8221;][elx_heading text_color=&#8221;white&#8221;]Cha\u00eenes[\/elx_heading][vc_column_text]<\/p>\n<p style=\"text-align: center;\"><span style=\"color: #ffffff;\">Quelle diff\u00e9rence apportons-nous?<\/span><\/p>\n<p>[\/vc_column_text][elx_button button_text=&#8221;En savoir plus&#8221; button_link=&#8221;url:https%3A%2F%2Fprofessional.electrolux.be%2Fvotre-profil%2Fchaines-restaurant%2F|||&#8221;][\/elx_simple_block][\/vc_column][vc_column width=&#8221;1\/3&#8243;][elx_image_block background_image=&#8221;1886&#8243; vert_back_position=&#8221;top&#8221; minimum_height=&#8221;309px&#8221;][\/vc_column][\/vc_row][vc_row css=&#8221;.vc_custom_1480591577587{background-color: #f7f6f6 !important;}&#8221;][vc_column][vc_empty_space][\/vc_column][\/vc_row][vc_row][vc_column][vc_empty_space height=&#8221;50px&#8221;][elx_heading text_color=&#8221;inherit&#8221; text_align=&#8221;text-center&#8221;]D\u00e9couvrez les avantages de nos solutions pour les bars &amp; caf\u00e9s[\/elx_heading][elx_o2000_contact_us r=&#8221;Je souhaite plus d&#8217;info \u00e0 propos des solutions pour mon business.&#8221; s=&#8221;Demande d&#8217;info: bars &amp; caf\u00e9s&#8221; country=&#8221;Belgium&#8221; e=&#8221;professional@electrolux.be&#8221; l=&#8221;fr-be&#8221; container=&#8221;elxcontactus1469457379&#8243;][vc_empty_space height=&#8221;50px&#8221;][\/vc_column][\/vc_row]<\/p>\n","protected":false},"excerpt":{"rendered":"<p>[vc_row full_width=&#8221;electroluxpro-full-width-no-padding&#8221; equal_height=&#8221;yes&#8221;][vc_column width=&#8221;2\/3&#8243;][elx_image_block background_image=&#8221;606&#8243; minimum_height=&#8221;500px&#8221;][\/vc_column][vc_column width=&#8221;1\/3&#8243;][elx_image_block background_image=&#8221;607&#8243; minimum_height=&#8221;500px&#8221;][\/vc_column][\/vc_row][vc_row full_height=&#8221;yes&#8221;][vc_column][vc_empty_space][elx_heading font_container=&#8221;h1&#8243; font_size=&#8221;h2&#8243; text_color=&#8221;inherit&#8221; text_align=&#8221;text-center&#8221;]Solutions pour bars et caf\u00e9s [\/elx_heading][\/vc_column][\/vc_row][vc_row][vc_column width=&#8221;1\/3&#8243;][vc_single_image image=&#8221;1805&#8243; img_size=&#8221;573&#215;730&#8243; onclick=&#8221;custom_link&#8221; css=&#8221;.vc_custom_1480584116241{padding-top: 60px !important;}&#8221; link=&#8221;https:\/\/www.electroluxprofessional.com\/fr-be\/votre-profil\/bars-et-cafes\/&#8221;][elx_heading text_color=&#8221;inherit&#8221;]Lave-verres \u00e9lectronique E-flex[\/elx_heading][vc_column_text] S\u00fbr et ergonomique R\u00e9sultats impeccables Hygi\u00e8ne exceptionnelle Dur\u00e9e de vie prolong\u00e9e [\/vc_column_text][\/vc_column][vc_column width=&#8221;1\/3&#8243;][vc_single_image image=&#8221;1677&#8243; img_size=&#8221;full&#8221; onclick=&#8221;custom_link&#8221; css=&#8221;.vc_custom_1481729495900{padding-top: 60px !important;}&#8221; link=&#8221;https:\/\/www.electroluxprofessional.com\/fr-be\/cuisine\/speedelight\/&#8221;][elx_heading text_color=&#8221;inherit&#8221;]SpeeDelight[\/elx_heading][vc_column_text] Servez rapidement et efficacement [&hellip;]<\/p>\n","protected":false},"author":3,"featured_media":0,"parent":2716,"menu_order":0,"comment_status":"closed","ping_status":"closed","template":"","meta":{"footnotes":""},"class_list":["post-2718","page","type-page","status-publish","hentry"],"acf":[],"yoast_head":"<!-- This site is optimized with the Yoast SEO plugin v23.3 - https:\/\/yoast.com\/wordpress\/plugins\/seo\/ -->\n<title>Bars et Caf\u00e9s - Electrolux Professional Belgique<\/title>\n<meta name=\"robots\" content=\"index, follow, max-snippet:-1, max-image-preview:large, max-video-preview:-1\" \/>\n<link rel=\"canonical\" href=\"https:\/\/www.electroluxprofessional.com\/fr-be\/votre-profil\/bars-et-cafes\/\" \/>\n<meta property=\"og:locale\" content=\"fr_FR\" \/>\n<meta property=\"og:type\" content=\"article\" \/>\n<meta property=\"og:title\" content=\"Bars et Caf\u00e9s - Electrolux Professional Belgique\" \/>\n<meta property=\"og:description\" content=\"[vc_row full_width=&#8221;electroluxpro-full-width-no-padding&#8221; equal_height=&#8221;yes&#8221;][vc_column width=&#8221;2\/3&#8243;][elx_image_block background_image=&#8221;606&#8243; minimum_height=&#8221;500px&#8221;][\/vc_column][vc_column width=&#8221;1\/3&#8243;][elx_image_block background_image=&#8221;607&#8243; minimum_height=&#8221;500px&#8221;][\/vc_column][\/vc_row][vc_row full_height=&#8221;yes&#8221;][vc_column][vc_empty_space][elx_heading font_container=&#8221;h1&#8243; font_size=&#8221;h2&#8243; text_color=&#8221;inherit&#8221; text_align=&#8221;text-center&#8221;]Solutions pour bars et caf\u00e9s [\/elx_heading][\/vc_column][\/vc_row][vc_row][vc_column width=&#8221;1\/3&#8243;][vc_single_image image=&#8221;1805&#8243; img_size=&#8221;573&#215;730&#8243; onclick=&#8221;custom_link&#8221; css=&#8221;.vc_custom_1480584116241{padding-top: 60px !important;}&#8221; link=&#8221;https:\/\/www.electroluxprofessional.com\/fr-be\/votre-profil\/bars-et-cafes\/&#8221;][elx_heading text_color=&#8221;inherit&#8221;]Lave-verres \u00e9lectronique E-flex[\/elx_heading][vc_column_text] S\u00fbr et ergonomique R\u00e9sultats impeccables Hygi\u00e8ne exceptionnelle Dur\u00e9e de vie prolong\u00e9e [\/vc_column_text][\/vc_column][vc_column width=&#8221;1\/3&#8243;][vc_single_image image=&#8221;1677&#8243; img_size=&#8221;full&#8221; onclick=&#8221;custom_link&#8221; css=&#8221;.vc_custom_1481729495900{padding-top: 60px !important;}&#8221; link=&#8221;https:\/\/www.electroluxprofessional.com\/fr-be\/cuisine\/speedelight\/&#8221;][elx_heading text_color=&#8221;inherit&#8221;]SpeeDelight[\/elx_heading][vc_column_text] Servez rapidement et efficacement [&hellip;]\" \/>\n<meta property=\"og:url\" content=\"https:\/\/www.electroluxprofessional.com\/fr-be\/votre-profil\/bars-et-cafes\/\" \/>\n<meta property=\"og:site_name\" content=\"Electrolux Professional Belgique\" \/>\n<meta property=\"article:modified_time\" content=\"2025-11-05T16:43:28+00:00\" \/>\n<meta name=\"twitter:card\" content=\"summary_large_image\" \/>\n<meta name=\"twitter:label1\" content=\"Dur\u00e9e de lecture est.\" \/>\n\t<meta name=\"twitter:data1\" content=\"2 minutes\" \/>\n<script type=\"application\/ld+json\" class=\"yoast-schema-graph\">{\"@context\":\"https:\/\/schema.org\",\"@graph\":[{\"@type\":\"WebPage\",\"@id\":\"https:\/\/www.electroluxprofessional.com\/fr-be\/votre-profil\/bars-et-cafes\/\",\"url\":\"https:\/\/www.electroluxprofessional.com\/fr-be\/votre-profil\/bars-et-cafes\/\",\"name\":\"Bars et Caf\u00e9s - Electrolux Professional Belgique\",\"isPartOf\":{\"@id\":\"https:\/\/www.electroluxprofessional.com\/fr-be\/#website\"},\"datePublished\":\"2017-06-07T14:30:06+00:00\",\"dateModified\":\"2025-11-05T16:43:28+00:00\",\"breadcrumb\":{\"@id\":\"https:\/\/www.electroluxprofessional.com\/fr-be\/votre-profil\/bars-et-cafes\/#breadcrumb\"},\"inLanguage\":\"fr-BE\",\"potentialAction\":[{\"@type\":\"ReadAction\",\"target\":[\"https:\/\/www.electroluxprofessional.com\/fr-be\/votre-profil\/bars-et-cafes\/\"]}]},{\"@type\":\"BreadcrumbList\",\"@id\":\"https:\/\/www.electroluxprofessional.com\/fr-be\/votre-profil\/bars-et-cafes\/#breadcrumb\",\"itemListElement\":[{\"@type\":\"ListItem\",\"position\":1,\"name\":\"Home\",\"item\":\"https:\/\/www.electroluxprofessional.com\/fr-be\/\"},{\"@type\":\"ListItem\",\"position\":2,\"name\":\"Votre profil\",\"item\":\"https:\/\/www.electroluxprofessional.com\/fr-be\/votre-profil\/\"},{\"@type\":\"ListItem\",\"position\":3,\"name\":\"Bars et Caf\u00e9s\"}]},{\"@type\":\"WebSite\",\"@id\":\"https:\/\/www.electroluxprofessional.com\/fr-be\/#website\",\"url\":\"https:\/\/www.electroluxprofessional.com\/fr-be\/\",\"name\":\"Electrolux Professional Belgique\",\"description\":\"Electrolux Professional est le leader mondial en mati\u00e8re d&#039;\u00e9quipements de cuisines et de blanchisseries professionnelles.\",\"potentialAction\":[{\"@type\":\"SearchAction\",\"target\":{\"@type\":\"EntryPoint\",\"urlTemplate\":\"https:\/\/www.electroluxprofessional.com\/fr-be\/?src={search_term_string}\"},\"query-input\":\"required name=search_term_string\"}],\"inLanguage\":\"fr-BE\"}]}<\/script>\n<!-- \/ Yoast SEO plugin. -->","yoast_head_json":{"title":"Bars et Caf\u00e9s - Electrolux Professional Belgique","robots":{"index":"index","follow":"follow","max-snippet":"max-snippet:-1","max-image-preview":"max-image-preview:large","max-video-preview":"max-video-preview:-1"},"canonical":"https:\/\/www.electroluxprofessional.com\/fr-be\/votre-profil\/bars-et-cafes\/","og_locale":"fr_FR","og_type":"article","og_title":"Bars et Caf\u00e9s - Electrolux Professional Belgique","og_description":"[vc_row full_width=&#8221;electroluxpro-full-width-no-padding&#8221; equal_height=&#8221;yes&#8221;][vc_column width=&#8221;2\/3&#8243;][elx_image_block background_image=&#8221;606&#8243; minimum_height=&#8221;500px&#8221;][\/vc_column][vc_column width=&#8221;1\/3&#8243;][elx_image_block background_image=&#8221;607&#8243; minimum_height=&#8221;500px&#8221;][\/vc_column][\/vc_row][vc_row full_height=&#8221;yes&#8221;][vc_column][vc_empty_space][elx_heading font_container=&#8221;h1&#8243; font_size=&#8221;h2&#8243; text_color=&#8221;inherit&#8221; text_align=&#8221;text-center&#8221;]Solutions pour bars et caf\u00e9s [\/elx_heading][\/vc_column][\/vc_row][vc_row][vc_column width=&#8221;1\/3&#8243;][vc_single_image image=&#8221;1805&#8243; img_size=&#8221;573&#215;730&#8243; onclick=&#8221;custom_link&#8221; css=&#8221;.vc_custom_1480584116241{padding-top: 60px !important;}&#8221; link=&#8221;https:\/\/www.electroluxprofessional.com\/fr-be\/votre-profil\/bars-et-cafes\/&#8221;][elx_heading text_color=&#8221;inherit&#8221;]Lave-verres \u00e9lectronique E-flex[\/elx_heading][vc_column_text] S\u00fbr et ergonomique R\u00e9sultats impeccables Hygi\u00e8ne exceptionnelle Dur\u00e9e de vie prolong\u00e9e [\/vc_column_text][\/vc_column][vc_column width=&#8221;1\/3&#8243;][vc_single_image image=&#8221;1677&#8243; img_size=&#8221;full&#8221; onclick=&#8221;custom_link&#8221; css=&#8221;.vc_custom_1481729495900{padding-top: 60px !important;}&#8221; link=&#8221;https:\/\/www.electroluxprofessional.com\/fr-be\/cuisine\/speedelight\/&#8221;][elx_heading text_color=&#8221;inherit&#8221;]SpeeDelight[\/elx_heading][vc_column_text] Servez rapidement et efficacement [&hellip;]","og_url":"https:\/\/www.electroluxprofessional.com\/fr-be\/votre-profil\/bars-et-cafes\/","og_site_name":"Electrolux Professional Belgique","article_modified_time":"2025-11-05T16:43:28+00:00","twitter_card":"summary_large_image","twitter_misc":{"Dur\u00e9e de lecture est.":"2 minutes"},"schema":{"@context":"https:\/\/schema.org","@graph":[{"@type":"WebPage","@id":"https:\/\/www.electroluxprofessional.com\/fr-be\/votre-profil\/bars-et-cafes\/","url":"https:\/\/www.electroluxprofessional.com\/fr-be\/votre-profil\/bars-et-cafes\/","name":"Bars et Caf\u00e9s - Electrolux Professional Belgique","isPartOf":{"@id":"https:\/\/www.electroluxprofessional.com\/fr-be\/#website"},"datePublished":"2017-06-07T14:30:06+00:00","dateModified":"2025-11-05T16:43:28+00:00","breadcrumb":{"@id":"https:\/\/www.electroluxprofessional.com\/fr-be\/votre-profil\/bars-et-cafes\/#breadcrumb"},"inLanguage":"fr-BE","potentialAction":[{"@type":"ReadAction","target":["https:\/\/www.electroluxprofessional.com\/fr-be\/votre-profil\/bars-et-cafes\/"]}]},{"@type":"BreadcrumbList","@id":"https:\/\/www.electroluxprofessional.com\/fr-be\/votre-profil\/bars-et-cafes\/#breadcrumb","itemListElement":[{"@type":"ListItem","position":1,"name":"Home","item":"https:\/\/www.electroluxprofessional.com\/fr-be\/"},{"@type":"ListItem","position":2,"name":"Votre profil","item":"https:\/\/www.electroluxprofessional.com\/fr-be\/votre-profil\/"},{"@type":"ListItem","position":3,"name":"Bars et Caf\u00e9s"}]},{"@type":"WebSite","@id":"https:\/\/www.electroluxprofessional.com\/fr-be\/#website","url":"https:\/\/www.electroluxprofessional.com\/fr-be\/","name":"Electrolux Professional Belgique","description":"Electrolux Professional est le leader mondial en mati\u00e8re d&#039;\u00e9quipements de cuisines et de blanchisseries professionnelles.","potentialAction":[{"@type":"SearchAction","target":{"@type":"EntryPoint","urlTemplate":"https:\/\/www.electroluxprofessional.com\/fr-be\/?src={search_term_string}"},"query-input":"required name=search_term_string"}],"inLanguage":"fr-BE"}]}},"_links":{"self":[{"href":"https:\/\/www.electroluxprofessional.com\/fr-be\/wp-json\/wp\/v2\/pages\/2718"}],"collection":[{"href":"https:\/\/www.electroluxprofessional.com\/fr-be\/wp-json\/wp\/v2\/pages"}],"about":[{"href":"https:\/\/www.electroluxprofessional.com\/fr-be\/wp-json\/wp\/v2\/types\/page"}],"author":[{"embeddable":true,"href":"https:\/\/www.electroluxprofessional.com\/fr-be\/wp-json\/wp\/v2\/users\/3"}],"replies":[{"embeddable":true,"href":"https:\/\/www.electroluxprofessional.com\/fr-be\/wp-json\/wp\/v2\/comments?post=2718"}],"version-history":[{"count":9,"href":"https:\/\/www.electroluxprofessional.com\/fr-be\/wp-json\/wp\/v2\/pages\/2718\/revisions"}],"predecessor-version":[{"id":14123,"href":"https:\/\/www.electroluxprofessional.com\/fr-be\/wp-json\/wp\/v2\/pages\/2718\/revisions\/14123"}],"up":[{"embeddable":true,"href":"https:\/\/www.electroluxprofessional.com\/fr-be\/wp-json\/wp\/v2\/pages\/2716"}],"wp:attachment":[{"href":"https:\/\/www.electroluxprofessional.com\/fr-be\/wp-json\/wp\/v2\/media?parent=2718"}],"curies":[{"name":"wp","href":"https:\/\/api.w.org\/{rel}","templated":true}]}}