{"id":2706,"date":"2017-06-07T14:27:33","date_gmt":"2017-06-07T14:27:33","guid":{"rendered":"https:\/\/www.electroluxprofessional.com\/fr-be\/?page_id=2706"},"modified":"2025-02-13T13:18:19","modified_gmt":"2025-02-13T13:18:19","slug":"sales-service-locator","status":"publish","type":"page","link":"https:\/\/www.electroluxprofessional.com\/fr-be\/sales-service-locator\/","title":{"rendered":"Trouvez un Authorized Partner"},"content":{"rendered":"<p>[vc_row][vc_column][vc_empty_space][elx_o2000_locator cf=&#8221;Belgium&#8221; l=&#8221;fr-be&#8221; request=&#8221;Je souhaite avoir davantage d&#8217;informations sur {{acs}}&#8221;][vc_empty_space][\/vc_column][\/vc_row][vc_row custom_color_row=&#8221;bg-row-light-blue&#8221; css=&#8221;.vc_custom_1739176875824{background-color: #e9eff5 !important;}&#8221;][vc_column][vc_empty_space][elx_heading font_size=&#8221;h4&#8243; text_color=&#8221;electrolux-blue&#8221; text_align=&#8221;text-left&#8221;]Devenez un partenaire de service certifi\u00e9 !  [\/elx_heading][vc_empty_space height=&#8221;10px&#8221;][vc_column_text]<span class=\"TextRun SCXW86752998 BCX0\" data-contrast=\"none\"><span class=\"NormalTextRun SCXW86752998 BCX0\">Rejoignez notre r\u00e9seau de services certifi\u00e9s ! D\u00e9veloppez votre entreprise en devenant un partenaire de service autoris\u00e9. Acc\u00e9dez \u00e0 des formations exclusives, un support et des opportunit\u00e9s de croissance.\u00a0<\/span><\/span><span class=\"EOP SCXW86752998 BCX0\" data-ccp-props=\"{&quot;134233117&quot;:true,&quot;201341983&quot;:0,&quot;335557856&quot;:16777215,&quot;335559739&quot;:0,&quot;335559740&quot;:240}\">\u00a0<\/span>[\/vc_column_text][vc_empty_space height=&#8221;25px&#8221;][elx_o2000_contact_us request_type=&#8221;Customer support&#8221; button_mode=&#8221;true&#8221; button_style=&#8221;secondary&#8221; postion_button=&#8221;text-left&#8221; postion_button_mobile=&#8221;text-left-mobile&#8221; text_btn_contact=&#8221;Postulez d\u00e8s aujourd&#8217;hui ! &#8221; r=&#8221;Je souhaite \u00eatre contact\u00e9 pour devenir votre partenaire de service. Merci.&#8221;][vc_empty_space height=&#8221;40px&#8221;][\/vc_column][\/vc_row]<\/p>\n","protected":false},"excerpt":{"rendered":"<p>[vc_row][vc_column][vc_empty_space][elx_o2000_locator cf=&#8221;Belgium&#8221; l=&#8221;fr-be&#8221; request=&#8221;Je souhaite avoir davantage d&#8217;informations sur {{acs}}&#8221;][vc_empty_space][\/vc_column][\/vc_row][vc_row custom_color_row=&#8221;bg-row-light-blue&#8221; css=&#8221;.vc_custom_1739176875824{background-color: #e9eff5 !important;}&#8221;][vc_column][vc_empty_space][elx_heading font_size=&#8221;h4&#8243; text_color=&#8221;electrolux-blue&#8221; text_align=&#8221;text-left&#8221;]Devenez un partenaire de service certifi\u00e9 ! [\/elx_heading][vc_empty_space height=&#8221;10px&#8221;][vc_column_text]Rejoignez notre r\u00e9seau de services certifi\u00e9s ! D\u00e9veloppez votre entreprise en devenant un partenaire de service autoris\u00e9. Acc\u00e9dez \u00e0 des formations exclusives, un support et des opportunit\u00e9s de croissance.\u00a0\u00a0[\/vc_column_text][vc_empty_space height=&#8221;25px&#8221;][elx_o2000_contact_us request_type=&#8221;Customer [&hellip;]<\/p>\n","protected":false},"author":3,"featured_media":0,"parent":0,"menu_order":0,"comment_status":"closed","ping_status":"closed","template":"","meta":{"footnotes":""},"class_list":["post-2706","page","type-page","status-publish","hentry"],"acf":[],"yoast_head":"<!-- This site is optimized with the Yoast SEO plugin v23.3 - https:\/\/yoast.com\/wordpress\/plugins\/seo\/ -->\n<title>Trouvez un Authorized Partner - Electrolux Professional Belgique<\/title>\n<meta name=\"robots\" content=\"index, follow, max-snippet:-1, max-image-preview:large, max-video-preview:-1\" \/>\n<link rel=\"canonical\" href=\"https:\/\/www.electroluxprofessional.com\/fr-be\/sales-service-locator\/\" \/>\n<meta property=\"og:locale\" content=\"fr_FR\" \/>\n<meta property=\"og:type\" content=\"article\" \/>\n<meta property=\"og:title\" content=\"Trouvez un Authorized Partner - Electrolux Professional Belgique\" \/>\n<meta property=\"og:description\" content=\"[vc_row][vc_column][vc_empty_space][elx_o2000_locator cf=&#8221;Belgium&#8221; l=&#8221;fr-be&#8221; request=&#8221;Je souhaite avoir davantage d&#8217;informations sur {{acs}}&#8221;][vc_empty_space][\/vc_column][\/vc_row][vc_row custom_color_row=&#8221;bg-row-light-blue&#8221; css=&#8221;.vc_custom_1739176875824{background-color: #e9eff5 !important;}&#8221;][vc_column][vc_empty_space][elx_heading font_size=&#8221;h4&#8243; text_color=&#8221;electrolux-blue&#8221; text_align=&#8221;text-left&#8221;]Devenez un partenaire de service certifi\u00e9 ! [\/elx_heading][vc_empty_space height=&#8221;10px&#8221;][vc_column_text]Rejoignez notre r\u00e9seau de services certifi\u00e9s ! D\u00e9veloppez votre entreprise en devenant un partenaire de service autoris\u00e9. Acc\u00e9dez \u00e0 des formations exclusives, un support et des opportunit\u00e9s de croissance.\u00a0\u00a0[\/vc_column_text][vc_empty_space height=&#8221;25px&#8221;][elx_o2000_contact_us request_type=&#8221;Customer [&hellip;]\" \/>\n<meta property=\"og:url\" content=\"https:\/\/www.electroluxprofessional.com\/fr-be\/sales-service-locator\/\" \/>\n<meta property=\"og:site_name\" content=\"Electrolux Professional Belgique\" \/>\n<meta property=\"article:modified_time\" content=\"2025-02-13T13:18:19+00:00\" \/>\n<meta name=\"twitter:card\" content=\"summary_large_image\" \/>\n<meta name=\"twitter:label1\" content=\"Dur\u00e9e de lecture est.\" \/>\n\t<meta name=\"twitter:data1\" content=\"1 minute\" \/>\n<script type=\"application\/ld+json\" class=\"yoast-schema-graph\">{\"@context\":\"https:\/\/schema.org\",\"@graph\":[{\"@type\":\"WebPage\",\"@id\":\"https:\/\/www.electroluxprofessional.com\/fr-be\/sales-service-locator\/\",\"url\":\"https:\/\/www.electroluxprofessional.com\/fr-be\/sales-service-locator\/\",\"name\":\"Trouvez un Authorized Partner - Electrolux Professional Belgique\",\"isPartOf\":{\"@id\":\"https:\/\/www.electroluxprofessional.com\/fr-be\/#website\"},\"datePublished\":\"2017-06-07T14:27:33+00:00\",\"dateModified\":\"2025-02-13T13:18:19+00:00\",\"breadcrumb\":{\"@id\":\"https:\/\/www.electroluxprofessional.com\/fr-be\/sales-service-locator\/#breadcrumb\"},\"inLanguage\":\"fr-BE\",\"potentialAction\":[{\"@type\":\"ReadAction\",\"target\":[\"https:\/\/www.electroluxprofessional.com\/fr-be\/sales-service-locator\/\"]}]},{\"@type\":\"BreadcrumbList\",\"@id\":\"https:\/\/www.electroluxprofessional.com\/fr-be\/sales-service-locator\/#breadcrumb\",\"itemListElement\":[{\"@type\":\"ListItem\",\"position\":1,\"name\":\"Home\",\"item\":\"https:\/\/www.electroluxprofessional.com\/fr-be\/\"},{\"@type\":\"ListItem\",\"position\":2,\"name\":\"Trouvez un Authorized Partner\"}]},{\"@type\":\"WebSite\",\"@id\":\"https:\/\/www.electroluxprofessional.com\/fr-be\/#website\",\"url\":\"https:\/\/www.electroluxprofessional.com\/fr-be\/\",\"name\":\"Electrolux Professional Belgique\",\"description\":\"Electrolux Professional est le leader mondial en mati\u00e8re d&#039;\u00e9quipements de cuisines et de blanchisseries professionnelles.\",\"potentialAction\":[{\"@type\":\"SearchAction\",\"target\":{\"@type\":\"EntryPoint\",\"urlTemplate\":\"https:\/\/www.electroluxprofessional.com\/fr-be\/?src={search_term_string}\"},\"query-input\":\"required name=search_term_string\"}],\"inLanguage\":\"fr-BE\"}]}<\/script>\n<!-- \/ Yoast SEO plugin. -->","yoast_head_json":{"title":"Trouvez un Authorized Partner - Electrolux Professional Belgique","robots":{"index":"index","follow":"follow","max-snippet":"max-snippet:-1","max-image-preview":"max-image-preview:large","max-video-preview":"max-video-preview:-1"},"canonical":"https:\/\/www.electroluxprofessional.com\/fr-be\/sales-service-locator\/","og_locale":"fr_FR","og_type":"article","og_title":"Trouvez un Authorized Partner - Electrolux Professional Belgique","og_description":"[vc_row][vc_column][vc_empty_space][elx_o2000_locator cf=&#8221;Belgium&#8221; l=&#8221;fr-be&#8221; request=&#8221;Je souhaite avoir davantage d&#8217;informations sur {{acs}}&#8221;][vc_empty_space][\/vc_column][\/vc_row][vc_row custom_color_row=&#8221;bg-row-light-blue&#8221; css=&#8221;.vc_custom_1739176875824{background-color: #e9eff5 !important;}&#8221;][vc_column][vc_empty_space][elx_heading font_size=&#8221;h4&#8243; text_color=&#8221;electrolux-blue&#8221; text_align=&#8221;text-left&#8221;]Devenez un partenaire de service certifi\u00e9 ! [\/elx_heading][vc_empty_space height=&#8221;10px&#8221;][vc_column_text]Rejoignez notre r\u00e9seau de services certifi\u00e9s ! D\u00e9veloppez votre entreprise en devenant un partenaire de service autoris\u00e9. Acc\u00e9dez \u00e0 des formations exclusives, un support et des opportunit\u00e9s de croissance.\u00a0\u00a0[\/vc_column_text][vc_empty_space height=&#8221;25px&#8221;][elx_o2000_contact_us request_type=&#8221;Customer [&hellip;]","og_url":"https:\/\/www.electroluxprofessional.com\/fr-be\/sales-service-locator\/","og_site_name":"Electrolux Professional Belgique","article_modified_time":"2025-02-13T13:18:19+00:00","twitter_card":"summary_large_image","twitter_misc":{"Dur\u00e9e de lecture est.":"1 minute"},"schema":{"@context":"https:\/\/schema.org","@graph":[{"@type":"WebPage","@id":"https:\/\/www.electroluxprofessional.com\/fr-be\/sales-service-locator\/","url":"https:\/\/www.electroluxprofessional.com\/fr-be\/sales-service-locator\/","name":"Trouvez un Authorized Partner - Electrolux Professional Belgique","isPartOf":{"@id":"https:\/\/www.electroluxprofessional.com\/fr-be\/#website"},"datePublished":"2017-06-07T14:27:33+00:00","dateModified":"2025-02-13T13:18:19+00:00","breadcrumb":{"@id":"https:\/\/www.electroluxprofessional.com\/fr-be\/sales-service-locator\/#breadcrumb"},"inLanguage":"fr-BE","potentialAction":[{"@type":"ReadAction","target":["https:\/\/www.electroluxprofessional.com\/fr-be\/sales-service-locator\/"]}]},{"@type":"BreadcrumbList","@id":"https:\/\/www.electroluxprofessional.com\/fr-be\/sales-service-locator\/#breadcrumb","itemListElement":[{"@type":"ListItem","position":1,"name":"Home","item":"https:\/\/www.electroluxprofessional.com\/fr-be\/"},{"@type":"ListItem","position":2,"name":"Trouvez un Authorized Partner"}]},{"@type":"WebSite","@id":"https:\/\/www.electroluxprofessional.com\/fr-be\/#website","url":"https:\/\/www.electroluxprofessional.com\/fr-be\/","name":"Electrolux Professional Belgique","description":"Electrolux Professional est le leader mondial en mati\u00e8re d&#039;\u00e9quipements de cuisines et de blanchisseries professionnelles.","potentialAction":[{"@type":"SearchAction","target":{"@type":"EntryPoint","urlTemplate":"https:\/\/www.electroluxprofessional.com\/fr-be\/?src={search_term_string}"},"query-input":"required name=search_term_string"}],"inLanguage":"fr-BE"}]}},"_links":{"self":[{"href":"https:\/\/www.electroluxprofessional.com\/fr-be\/wp-json\/wp\/v2\/pages\/2706"}],"collection":[{"href":"https:\/\/www.electroluxprofessional.com\/fr-be\/wp-json\/wp\/v2\/pages"}],"about":[{"href":"https:\/\/www.electroluxprofessional.com\/fr-be\/wp-json\/wp\/v2\/types\/page"}],"author":[{"embeddable":true,"href":"https:\/\/www.electroluxprofessional.com\/fr-be\/wp-json\/wp\/v2\/users\/3"}],"replies":[{"embeddable":true,"href":"https:\/\/www.electroluxprofessional.com\/fr-be\/wp-json\/wp\/v2\/comments?post=2706"}],"version-history":[{"count":6,"href":"https:\/\/www.electroluxprofessional.com\/fr-be\/wp-json\/wp\/v2\/pages\/2706\/revisions"}],"predecessor-version":[{"id":13555,"href":"https:\/\/www.electroluxprofessional.com\/fr-be\/wp-json\/wp\/v2\/pages\/2706\/revisions\/13555"}],"wp:attachment":[{"href":"https:\/\/www.electroluxprofessional.com\/fr-be\/wp-json\/wp\/v2\/media?parent=2706"}],"curies":[{"name":"wp","href":"https:\/\/api.w.org\/{rel}","templated":true}]}}