{"id":2690,"date":"2017-06-07T14:23:31","date_gmt":"2017-06-07T14:23:31","guid":{"rendered":"https:\/\/www.electroluxprofessional.com\/fr-be\/?page_id=2690"},"modified":"2017-10-10T13:40:00","modified_gmt":"2017-10-10T13:40:00","slug":"pressing","status":"publish","type":"page","link":"https:\/\/www.electroluxprofessional.com\/fr-be\/pressing\/","title":{"rendered":"Pressing"},"content":{"rendered":"<p>[vc_row full_width=&#8221;electroluxpro-full-width-no-padding&#8221;][vc_column][elx_hero_title label=&#8221;&#8221; label_background_color=&#8221;inherit&#8221; video_link=&#8221;https:\/\/www.youtube.com\/watch?v=Bmra-TGZPng&#8221; background_image=&#8221;628&#8243;][elx_heading font_container=&#8221;h1&#8243; text_color=&#8221;inherit&#8221;]Un nettoyage complet<br \/>\nen 55 minutes<br \/>\n[\/elx_heading][\/elx_hero_title][\/vc_column][\/vc_row][vc_row][vc_column][vc_empty_space][elx_heading font_size=&#8221;h2&#8243; text_color=&#8221;inherit&#8221; text_align=&#8221;text-center&#8221;]<strong>lagoon\u00ae Advanced Care<\/strong>[\/elx_heading][vc_empty_space height=&#8221;10px&#8221;][elx_heading font_size=&#8221;h2&#8243; text_color=&#8221;inherit&#8221; text_align=&#8221;text-center&#8221;]Rapide, simple et \u00e9cologique.<br \/>\nSolutions pressing pour prendre soin de vos textiles professionnels[\/elx_heading][vc_empty_space][\/vc_column][\/vc_row][vc_row full_width=&#8221;electroluxpro-full-width-no-padding&#8221;][vc_column width=&#8221;1\/4&#8243;][vc_empty_space height=&#8221;10px&#8221;][\/vc_column][vc_column width=&#8221;1\/2&#8243;][vc_single_image image=&#8221;571&#8243; img_size=&#8221;full&#8221; alignment=&#8221;center&#8221;][\/vc_column][vc_column width=&#8221;1\/4&#8243;][\/vc_column][\/vc_row][vc_row full_width=&#8221;electroluxpro-full-width-no-padding&#8221;][vc_column][vc_empty_space height=&#8221;10px&#8221;][elx_heading font_size=&#8221;h3&#8243; text_color=&#8221;inherit&#8221; text_align=&#8221;text-center&#8221;]Absence de produits chimiques lourds[\/elx_heading][\/vc_column][\/vc_row][vc_row full_width=&#8221;electroluxpro-full-width-no-padding&#8221; equal_height=&#8221;yes&#8221;][vc_column width=&#8221;1\/2&#8243;][elx_simple_block is_full_height=&#8221;full-height&#8221; background_color=&#8221;inherit&#8221;][vc_column_text css_animation=&#8221;left-to-right&#8221;]<strong>Durabilit\u00e9<\/strong><br \/>\nRespectueux de l\u2019environnement, sans utilisation de produits chimiques et sans \u00e9mission de polluant dans l\u2019air.<\/p>\n<p><strong>D\u00e9licat avec les d\u00e9licats<\/strong><br \/>\nDes r\u00e9sultats remarquables sur les textiles les plus d\u00e9licats et les lainages \u00e9tiquet\u00e9s lavage \u00e0 sec uniquement.<\/p>\n<p><strong>Nouvelle r\u00e8gle du jeu<\/strong><br \/>\nGr\u00e2ce aux nouveaux programmes, le lagoon Advanced Care est simple d\u2019utilisation.<\/p>\n<p><strong>Production \u00e9lev\u00e9e<br \/>\n<\/strong>Unique gr\u00e2ce \u00e0 son rapport de charge optimis\u00e9. Rapidit\u00e9 du process de nettoyage qui permet un gain de temps et un retour sur investissement plus rapide.<strong><br \/>\n<\/strong><\/p>\n<p><strong>Meilleure performance de nettoyage<br \/>\n<\/strong>Un nettoyage rapide et efficace, pour\u00a0une livraison express \u00e0 vos clients.[\/vc_column_text][\/elx_simple_block][\/vc_column][vc_column width=&#8221;1\/2&#8243;][elx_image_block background_image=&#8221;629&#8243; minimum_height=&#8221;600px&#8221;][\/vc_column][\/vc_row][vc_row full_width=&#8221;electroluxpro-full-width&#8221;][vc_column][elx_heading text_color=&#8221;inherit&#8221;]<\/p>\n<p style=\"text-align: center;\">Flux de travail unique pour un service plus efficace<\/p>\n<p>[\/elx_heading][vc_column_text]<\/p>\n<h3 style=\"text-align: center;\">Tous les avantages du nettoyage \u00e0 l&#8217;eau avec la rapidit\u00e9 et la simplicit\u00e9 du nettoyage \u00e0 sec.<\/h3>\n<p>[\/vc_column_text][\/vc_column][\/vc_row][vc_row][vc_column][vc_empty_space][vc_single_image image=&#8221;635&#8243; img_size=&#8221;full&#8221; alignment=&#8221;center&#8221;][vc_empty_space height=&#8221;50px&#8221;][\/vc_column][\/vc_row][vc_row full_width=&#8221;electroluxpro-full-width-no-padding&#8221; equal_height=&#8221;yes&#8221;][vc_column width=&#8221;1\/2&#8243;][elx_simple_block background_color=&#8221;inherit&#8221;][elx_heading text_color=&#8221;inherit&#8221;]<span style=\"color: #37c0c9;\">\u201cQui se tourne vers le future choisit lagoon\u00ae Advanced Care\u201d<\/span>[\/elx_heading][vc_column_text css_animation=&#8221;left-to-right&#8221;]Gr\u00e2ce \u00e0 lagoon\u00ae Advanced Care nous pouvons r\u00e9ellement tout faire \u00e0 l&#8217;eau. Les v\u00eatements sont nettoy\u00e9s et reprennent leur forme facilement, c&#8217;est un jeu d&#8217;enfant.<br \/>\n<strong>L&#8217;utilisation de solvant est d\u00e9sormais inutile.<\/strong><br \/>\n<strong>Avec lagoon\u00ae Advanced Care, nous retrouvons le m\u00eame temps de traitement du linge que le nettoyage \u00e0 sec, sans les contrainte.<\/strong><br \/>\n<strong>Une heure suffit \u00e0 l&#8217;obtention d&#8217;une finition parfaite.<\/strong><br \/>\nNous sommes satisfaits des proced\u00e9s et nos clients adorent le r\u00e9sultat !<\/p>\n<p>James Leat, g\u00e9rant du pressing \u2018ideal CLEANERS\u2019[\/vc_column_text][\/elx_simple_block][\/vc_column][vc_column width=&#8221;1\/2&#8243;][elx_video_block background_image=&#8221;1636&#8243; video_link=&#8221;https:\/\/www.youtube.com\/watch?v=QdkA0xDSqqY&#8221; minimum_height=&#8221;600px&#8221;][\/vc_column][\/vc_row][vc_row][vc_column][vc_empty_space][\/vc_column][\/vc_row][vc_row full_width=&#8221;electroluxpro-full-width&#8221;][vc_column][elx_heading text_color=&#8221;inherit&#8221;]<\/p>\n<p style=\"text-align: center;\">Une solution flexible et modulaire que vous pouvez adapter \u00e0 vos besoins[\/elx_heading][\/vc_column][\/vc_row][vc_row][vc_column width=&#8221;1\/2&#8243;][elx_simple_block][elx_heading text_color=&#8221;inherit&#8221;]<strong>Kit &#8216;Essential&#8217;<\/strong><br \/>\n70 petits articles par jour[\/elx_heading][vc_column_text]Entrez dans l\u2019univers du nettoyage \u00e0 l\u2019eau avec une solution professionnelle qui compl\u00e8te parfaitement un syst\u00e8me de nettoyage \u00e0 sec. Les meilleures performances sur un minimum d\u2019espace\u00a0: c\u2019est \u00e7a, lagoon\u00ae Advanced Care.<\/p>\n<p><strong>Capacit\u00e9 de traitement<br \/>\n<\/strong>6 \u00e0 8 petits articles par cycle.[\/vc_column_text][\/elx_simple_block][\/vc_column][vc_column width=&#8221;1\/2&#8243;][elx_simple_block][elx_heading text_color=&#8221;inherit&#8221;]<strong>Kit &#8216;Absolute&#8217;<\/strong><br \/>\n250 petits articles par jour[\/elx_heading][vc_column_text]La solution id\u00e9ale pour remplacer un syst\u00e8me de nettoyage \u00e0 sec de 15\u00a0kg avec possibilit\u00e9 d\u2019ajouter de la capacit\u00e9. Le kit Absolu int\u00e9grant le kit Essentiel, vous pouvez \u00e9galement proposer un service express. Et les grosses couettes peuvent \u00eatre trait\u00e9es sur place.<\/p>\n<p><strong>Capacit\u00e9 de traitement<\/strong><br \/>\n6 \u00e0 8 petits articles + 18 \u00e0 27 articles par cycle.[\/vc_column_text][\/elx_simple_block][\/vc_column][\/vc_row][vc_row][vc_column][elx_heading text_color=&#8221;inherit&#8221;]Prenez contact avec nos experts et d\u00e9couvrez les avantages de Lagoon Advanced Care pur votre business[\/elx_heading][elx_o2000_contact_us r=&#8221;Je souhaite plus d&#8217;info \u00e0 propos de Lagoon Advanced Care. Veuillez me contacter. &#8221; s=&#8221;Demande d&#8217;info: pressing&#8221; e=&#8221;professional@electrolux.be&#8221; country=&#8221;Belgium&#8221; l=&#8221;fr-be&#8221; b=&#8221;laundry&#8221; container=&#8221;elxcontactus1466432885&#8243;][\/vc_column][\/vc_row][vc_row][vc_column][elx_heading text_color=&#8221;inherit&#8221;]Confirm\u00e9 par les experts[\/elx_heading][\/vc_column][\/vc_row][vc_row equal_height=&#8221;yes&#8221;][vc_column width=&#8221;1\/2&#8243;][elx_simple_block background_color=&#8221;inherit&#8221;][vc_column_text]Pas d\u2019usure des textiles, de perte de couleur ou de modification permanente de la forme, m\u00eame apr\u00e8s plusieurs cycles. Certifi\u00e9 par l\u2019Institut Hohenstein.[\/vc_column_text][\/elx_simple_block][elx_simple_block background_color=&#8221;inherit&#8221;][vc_column_text]The Woolmark Company a approuv\u00e9 le nettoyage \u00e0 l\u2019eau lagoon\u00ae, m\u00eame pour les lainages d\u00e9licats et le linge \u00e9tiquet\u00e9 \u00ab\u00a0nettoyage \u00e0 sec uniquement\u00a0\u00bb.[\/vc_column_text][\/elx_simple_block][\/vc_column][vc_column width=&#8221;1\/2&#8243;][elx_image_block background_image=&#8221;633&#8243; minimum_height=&#8221;500px&#8221;][\/vc_column][\/vc_row][vc_row][vc_column][vc_empty_space][\/vc_column][\/vc_row][vc_row][vc_column][vc_column_text]<\/p>\n<h3>En savoir plus de Lagoon\u00ae Advanced Care cliquez ci-dessous:<\/h3>\n<p>[\/vc_column_text][\/vc_column][\/vc_row][vc_row][vc_column width=&#8221;1\/2&#8243;][elx_download_block text=&#8221;Lagoon\u00ae Advanced Care Brochure &#8221; link=&#8221;https:\/\/www.electroluxprofessional.com\/fr-be\/wp-content\/uploads\/2017\/10\/Brochure_LagoonAdvancedCare_FR.pdf&#8221; background_color=&#8221;orange&#8221; reveal_effect=&#8221;fadeIn&#8221; reveal_duration=&#8221;&#8221; reveal_delay=&#8221;&#8221;][\/vc_column][vc_column width=&#8221;1\/2&#8243;][\/vc_column][\/vc_row][vc_row][vc_column][vc_empty_space][elx_heading text_color=&#8221;inherit&#8221;]Prenez contact avec nos experts et d\u00e9couvrez les avantages de lagoon\u00ae Advanced Care pour votre business.<br \/>\n[\/elx_heading][elx_o2000_contact_us r=&#8221;Je souhaite plus d&#8217;info \u00e0 propos des solutions pour des pressings. Veuillez me contacter.&#8221; s=&#8221;Demande d &#8216;info: pressing et lagoon\u00ae Advanced Care&#8221; e=&#8221;professional@electrolux.be&#8221; country=&#8221;Belgium&#8221; l=&#8221;fr-be&#8221; b=&#8221;laundry&#8221; container=&#8221;elxcontactus1466431453&#8243;][\/vc_column][\/vc_row]<\/p>\n","protected":false},"excerpt":{"rendered":"<p>[vc_row full_width=&#8221;electroluxpro-full-width-no-padding&#8221;][vc_column][elx_hero_title label=&#8221;&#8221; label_background_color=&#8221;inherit&#8221; video_link=&#8221;https:\/\/www.youtube.com\/watch?v=Bmra-TGZPng&#8221; background_image=&#8221;628&#8243;][elx_heading font_container=&#8221;h1&#8243; text_color=&#8221;inherit&#8221;]Un nettoyage complet en 55 minutes [\/elx_heading][\/elx_hero_title][\/vc_column][\/vc_row][vc_row][vc_column][vc_empty_space][elx_heading font_size=&#8221;h2&#8243; text_color=&#8221;inherit&#8221; text_align=&#8221;text-center&#8221;]lagoon\u00ae Advanced Care[\/elx_heading][vc_empty_space height=&#8221;10px&#8221;][elx_heading font_size=&#8221;h2&#8243; text_color=&#8221;inherit&#8221; text_align=&#8221;text-center&#8221;]Rapide, simple et \u00e9cologique. Solutions pressing pour prendre soin de vos textiles professionnels[\/elx_heading][vc_empty_space][\/vc_column][\/vc_row][vc_row full_width=&#8221;electroluxpro-full-width-no-padding&#8221;][vc_column width=&#8221;1\/4&#8243;][vc_empty_space height=&#8221;10px&#8221;][\/vc_column][vc_column width=&#8221;1\/2&#8243;][vc_single_image image=&#8221;571&#8243; img_size=&#8221;full&#8221; alignment=&#8221;center&#8221;][\/vc_column][vc_column width=&#8221;1\/4&#8243;][\/vc_column][\/vc_row][vc_row full_width=&#8221;electroluxpro-full-width-no-padding&#8221;][vc_column][vc_empty_space height=&#8221;10px&#8221;][elx_heading font_size=&#8221;h3&#8243; text_color=&#8221;inherit&#8221; text_align=&#8221;text-center&#8221;]Absence de produits chimiques lourds[\/elx_heading][\/vc_column][\/vc_row][vc_row full_width=&#8221;electroluxpro-full-width-no-padding&#8221; equal_height=&#8221;yes&#8221;][vc_column width=&#8221;1\/2&#8243;][elx_simple_block [&hellip;]<\/p>\n","protected":false},"author":3,"featured_media":0,"parent":0,"menu_order":0,"comment_status":"closed","ping_status":"closed","template":"","meta":{"footnotes":""},"class_list":["post-2690","page","type-page","status-publish","hentry"],"acf":[],"yoast_head":"<!-- This site is optimized with the Yoast SEO plugin v23.3 - https:\/\/yoast.com\/wordpress\/plugins\/seo\/ -->\n<title>Pressing - Electrolux Professional Belgique<\/title>\n<meta name=\"description\" content=\"Un nettoyage complet en 55 minutes. Avec lagoon\u00ae Advanced Care d&#039;Electrolux Professional le processus dans votre pressing est simple, rapide et \u00e9cologique.\" \/>\n<meta name=\"robots\" content=\"index, follow, max-snippet:-1, max-image-preview:large, max-video-preview:-1\" \/>\n<link rel=\"canonical\" href=\"https:\/\/www.electroluxprofessional.com\/fr-be\/pressing\/\" \/>\n<meta property=\"og:locale\" content=\"fr_FR\" \/>\n<meta property=\"og:type\" content=\"article\" \/>\n<meta property=\"og:title\" content=\"Pressing - Electrolux Professional Belgique\" \/>\n<meta property=\"og:description\" content=\"Un nettoyage complet en 55 minutes. Avec lagoon\u00ae Advanced Care d&#039;Electrolux Professional le processus dans votre pressing est simple, rapide et \u00e9cologique.\" \/>\n<meta property=\"og:url\" content=\"https:\/\/www.electroluxprofessional.com\/fr-be\/pressing\/\" \/>\n<meta property=\"og:site_name\" content=\"Electrolux Professional Belgique\" \/>\n<meta property=\"article:modified_time\" content=\"2017-10-10T13:40:00+00:00\" \/>\n<meta name=\"twitter:card\" content=\"summary_large_image\" \/>\n<meta name=\"twitter:label1\" content=\"Dur\u00e9e de lecture est.\" \/>\n\t<meta name=\"twitter:data1\" content=\"6 minutes\" \/>\n<script type=\"application\/ld+json\" class=\"yoast-schema-graph\">{\"@context\":\"https:\/\/schema.org\",\"@graph\":[{\"@type\":\"WebPage\",\"@id\":\"https:\/\/www.electroluxprofessional.com\/fr-be\/pressing\/\",\"url\":\"https:\/\/www.electroluxprofessional.com\/fr-be\/pressing\/\",\"name\":\"Pressing - Electrolux Professional Belgique\",\"isPartOf\":{\"@id\":\"https:\/\/www.electroluxprofessional.com\/fr-be\/#website\"},\"datePublished\":\"2017-06-07T14:23:31+00:00\",\"dateModified\":\"2017-10-10T13:40:00+00:00\",\"description\":\"Un nettoyage complet en 55 minutes. Avec lagoon\u00ae Advanced Care d'Electrolux Professional le processus dans votre pressing est simple, rapide et \u00e9cologique.\",\"breadcrumb\":{\"@id\":\"https:\/\/www.electroluxprofessional.com\/fr-be\/pressing\/#breadcrumb\"},\"inLanguage\":\"fr-BE\",\"potentialAction\":[{\"@type\":\"ReadAction\",\"target\":[\"https:\/\/www.electroluxprofessional.com\/fr-be\/pressing\/\"]}]},{\"@type\":\"BreadcrumbList\",\"@id\":\"https:\/\/www.electroluxprofessional.com\/fr-be\/pressing\/#breadcrumb\",\"itemListElement\":[{\"@type\":\"ListItem\",\"position\":1,\"name\":\"Home\",\"item\":\"https:\/\/www.electroluxprofessional.com\/fr-be\/\"},{\"@type\":\"ListItem\",\"position\":2,\"name\":\"Pressing\"}]},{\"@type\":\"WebSite\",\"@id\":\"https:\/\/www.electroluxprofessional.com\/fr-be\/#website\",\"url\":\"https:\/\/www.electroluxprofessional.com\/fr-be\/\",\"name\":\"Electrolux Professional Belgique\",\"description\":\"Electrolux Professional est le leader mondial en mati\u00e8re d&#039;\u00e9quipements de cuisines et de blanchisseries professionnelles.\",\"potentialAction\":[{\"@type\":\"SearchAction\",\"target\":{\"@type\":\"EntryPoint\",\"urlTemplate\":\"https:\/\/www.electroluxprofessional.com\/fr-be\/?src={search_term_string}\"},\"query-input\":\"required name=search_term_string\"}],\"inLanguage\":\"fr-BE\"}]}<\/script>\n<!-- \/ Yoast SEO plugin. -->","yoast_head_json":{"title":"Pressing - Electrolux Professional Belgique","description":"Un nettoyage complet en 55 minutes. Avec lagoon\u00ae Advanced Care d'Electrolux Professional le processus dans votre pressing est simple, rapide et \u00e9cologique.","robots":{"index":"index","follow":"follow","max-snippet":"max-snippet:-1","max-image-preview":"max-image-preview:large","max-video-preview":"max-video-preview:-1"},"canonical":"https:\/\/www.electroluxprofessional.com\/fr-be\/pressing\/","og_locale":"fr_FR","og_type":"article","og_title":"Pressing - Electrolux Professional Belgique","og_description":"Un nettoyage complet en 55 minutes. Avec lagoon\u00ae Advanced Care d'Electrolux Professional le processus dans votre pressing est simple, rapide et \u00e9cologique.","og_url":"https:\/\/www.electroluxprofessional.com\/fr-be\/pressing\/","og_site_name":"Electrolux Professional Belgique","article_modified_time":"2017-10-10T13:40:00+00:00","twitter_card":"summary_large_image","twitter_misc":{"Dur\u00e9e de lecture est.":"6 minutes"},"schema":{"@context":"https:\/\/schema.org","@graph":[{"@type":"WebPage","@id":"https:\/\/www.electroluxprofessional.com\/fr-be\/pressing\/","url":"https:\/\/www.electroluxprofessional.com\/fr-be\/pressing\/","name":"Pressing - Electrolux Professional Belgique","isPartOf":{"@id":"https:\/\/www.electroluxprofessional.com\/fr-be\/#website"},"datePublished":"2017-06-07T14:23:31+00:00","dateModified":"2017-10-10T13:40:00+00:00","description":"Un nettoyage complet en 55 minutes. Avec lagoon\u00ae Advanced Care d'Electrolux Professional le processus dans votre pressing est simple, rapide et \u00e9cologique.","breadcrumb":{"@id":"https:\/\/www.electroluxprofessional.com\/fr-be\/pressing\/#breadcrumb"},"inLanguage":"fr-BE","potentialAction":[{"@type":"ReadAction","target":["https:\/\/www.electroluxprofessional.com\/fr-be\/pressing\/"]}]},{"@type":"BreadcrumbList","@id":"https:\/\/www.electroluxprofessional.com\/fr-be\/pressing\/#breadcrumb","itemListElement":[{"@type":"ListItem","position":1,"name":"Home","item":"https:\/\/www.electroluxprofessional.com\/fr-be\/"},{"@type":"ListItem","position":2,"name":"Pressing"}]},{"@type":"WebSite","@id":"https:\/\/www.electroluxprofessional.com\/fr-be\/#website","url":"https:\/\/www.electroluxprofessional.com\/fr-be\/","name":"Electrolux Professional Belgique","description":"Electrolux Professional est le leader mondial en mati\u00e8re d&#039;\u00e9quipements de cuisines et de blanchisseries professionnelles.","potentialAction":[{"@type":"SearchAction","target":{"@type":"EntryPoint","urlTemplate":"https:\/\/www.electroluxprofessional.com\/fr-be\/?src={search_term_string}"},"query-input":"required name=search_term_string"}],"inLanguage":"fr-BE"}]}},"_links":{"self":[{"href":"https:\/\/www.electroluxprofessional.com\/fr-be\/wp-json\/wp\/v2\/pages\/2690"}],"collection":[{"href":"https:\/\/www.electroluxprofessional.com\/fr-be\/wp-json\/wp\/v2\/pages"}],"about":[{"href":"https:\/\/www.electroluxprofessional.com\/fr-be\/wp-json\/wp\/v2\/types\/page"}],"author":[{"embeddable":true,"href":"https:\/\/www.electroluxprofessional.com\/fr-be\/wp-json\/wp\/v2\/users\/3"}],"replies":[{"embeddable":true,"href":"https:\/\/www.electroluxprofessional.com\/fr-be\/wp-json\/wp\/v2\/comments?post=2690"}],"version-history":[{"count":4,"href":"https:\/\/www.electroluxprofessional.com\/fr-be\/wp-json\/wp\/v2\/pages\/2690\/revisions"}],"predecessor-version":[{"id":4790,"href":"https:\/\/www.electroluxprofessional.com\/fr-be\/wp-json\/wp\/v2\/pages\/2690\/revisions\/4790"}],"wp:attachment":[{"href":"https:\/\/www.electroluxprofessional.com\/fr-be\/wp-json\/wp\/v2\/media?parent=2690"}],"curies":[{"name":"wp","href":"https:\/\/api.w.org\/{rel}","templated":true}]}}