{"id":2688,"date":"2017-06-07T14:23:00","date_gmt":"2017-06-07T14:23:00","guid":{"rendered":"https:\/\/www.electroluxprofessional.com\/fr-be\/?page_id=2688"},"modified":"2025-11-05T16:20:18","modified_gmt":"2025-11-05T16:20:18","slug":"autres-marmites-braisieres","status":"publish","type":"page","link":"https:\/\/www.electroluxprofessional.com\/fr-be\/cuisine-2\/autres-marmites-braisieres\/","title":{"rendered":"Autres marmites et braisi\u00e8res"},"content":{"rendered":"<p>[vc_row full_width=&#8221;electroluxpro-full-width-no-padding&#8221;][vc_column][vc_single_image image=&#8221;7710&#8243; img_size=&#8221;full&#8221;][\/vc_column][\/vc_row][vc_row][vc_column][elx_heading font_container=&#8221;h1&#8243; font_size=&#8221;h2&#8243; text_color=&#8221;inherit&#8221;]Marmites, braisi\u00e8res et appareils de cuisson multifonctionnels<br \/>\nRefroidissement plus rapide, productivit\u00e9 accrue et \u00e9conomies d\u2019\u00e9nergie. Trois grandes caract\u00e9ristiques de votre cuisine.[\/elx_heading][vc_empty_space height=&#8221;132px&#8221;][\/vc_column][\/vc_row][vc_row][vc_column width=&#8221;1\/2&#8243;][vc_single_image image=&#8221;1731&#8243; img_size=&#8221;full&#8221; style=&#8221;vc_box_circle_2&#8243;][\/vc_column][vc_column width=&#8221;1\/2&#8243;][elx_heading font_size=&#8221;h3&#8243; text_color=&#8221;inherit&#8221;]Un flux de travail rationalis\u00e9 et une productivit\u00e9 accrue sur une surface limit\u00e9e[\/elx_heading][vc_column_text]Pour les cantines qui pr\u00e9parent des milliers de repas chaque jour, la rationalisation du flux de travail est capitale.<\/p>\n<p>L\u2019hygi\u00e8ne et la s\u00e9curit\u00e9 doivent faire partie int\u00e9grante des appareils que vous utilisez.<\/p>\n<p>Nous comprenons vos difficult\u00e9s. Collaborez avec nous pour b\u00e9n\u00e9ficier des derni\u00e8res solutions de cuisine.<\/p>\n<ul>\n<li>Refroidissement plus rapide<\/li>\n<li>Productivit\u00e9 accrue<\/li>\n<li>\u00c9conomies d\u2019\u00e9nergie<\/li>\n<\/ul>\n<p>Trois grandes caract\u00e9ristiques de votre cuisine.[\/vc_column_text][\/vc_column][\/vc_row][vc_row][vc_column][vc_empty_space][\/vc_column][\/vc_row][vc_row][vc_column width=&#8221;1\/3&#8243;][vc_single_image image=&#8221;1732&#8243; img_size=&#8221;large&#8221; alignment=&#8221;center&#8221;][elx_heading font_size=&#8221;h4&#8243; text_color=&#8221;inherit&#8221; text_align=&#8221;text-center&#8221;]Refroidissement en un temps record[\/elx_heading][vc_column_text]Gr\u00e2ce au refroidissement \u00e0 l\u2019eau glac\u00e9e, faites passer 300 litres de 100\u00a0\u00b0C \u00e0 5\u00a0\u00b0C en seulement 70 minutes.[\/vc_column_text][\/vc_column][vc_column width=&#8221;1\/3&#8243;][vc_single_image image=&#8221;1733&#8243; img_size=&#8221;large&#8221; alignment=&#8221;center&#8221;][elx_heading font_size=&#8221;h4&#8243; text_color=&#8221;inherit&#8221; text_align=&#8221;text-center&#8221;]Productivit\u00e9 accrue[\/elx_heading][vc_column_text]sur une surface limit\u00e9e gr\u00e2ce \u00e0 la taille compacte.[\/vc_column_text][\/vc_column][vc_column width=&#8221;1\/3&#8243;][vc_single_image image=&#8221;1734&#8243; img_size=&#8221;large&#8221; alignment=&#8221;center&#8221;][elx_heading font_size=&#8221;h4&#8243; text_color=&#8221;inherit&#8221; text_align=&#8221;text-center&#8221;]Jusqu\u2019\u00e0 50 % de temps gagn\u00e9[\/elx_heading][vc_column_text]pour les m\u00e9langes gr\u00e2ce \u00e0 la puissance de l\u2019agitateur Promix. M\u00e9langez rapidement des aliments solides tels que des pommes de terre.[\/vc_column_text][\/vc_column][\/vc_row][vc_row][vc_column width=&#8221;2\/3&#8243;][elx_image_block background_image=&#8221;1730&#8243; minimum_height=&#8221;260px&#8221;][\/vc_column][vc_column width=&#8221;1\/3&#8243;][elx_download_block text=&#8221;Brochure marmites &#8220;Smart&#8220;&#8221; link=&#8221;files.professional.electrolux.com\/docs\/?n=CLF-9JER08&amp;b=5&amp;l=1&#8243; background_color=&#8221;electrolux-blue&#8221; reveal_effect=&#8221;&#8221; reveal_duration=&#8221;&#8221; reveal_delay=&#8221;&#8221;][\/vc_column][\/vc_row][vc_row][vc_column][vc_empty_space height=&#8221;50px&#8221;][elx_heading font_container=&#8221;h3&#8243; font_size=&#8221;h3&#8243; text_color=&#8221;inherit&#8221; text_align=&#8221;text-center&#8221;]D\u00e9couvrez notre solution compl\u00e8te pour votre business[\/elx_heading][\/vc_column][\/vc_row][vc_row][vc_column width=&#8221;1\/3&#8243;][elx_maylike_box id_box=&#8221;3183&#8243;][\/vc_column][vc_column width=&#8221;1\/3&#8243;][elx_maylike_box id_box=&#8221;4698&#8243;][\/vc_column][vc_column width=&#8221;1\/3&#8243;][elx_maylike_box id_box=&#8221;3209&#8243;][\/vc_column][\/vc_row][vc_row][vc_column][vc_empty_space height=&#8221;50px&#8221;][elx_heading font_container=&#8221;h3&#8243; font_size=&#8221;h3&#8243; text_color=&#8221;inherit&#8221;]Prenez contact avec nos experts![\/elx_heading][\/vc_column][\/vc_row][vc_row][vc_column][elx_o2000_contact_us s=&#8221;Demande d&#8217;info: marmites et braisi\u00e8res&#8221; country=&#8221;Belgium&#8221; container=&#8221;elxcontactus1478533364&#8243; r=&#8221;Je souhaite plus d&#8217;info \u00e0 propos des marmites et braisi\u00e8res. Veuillez me contacter.&#8221; e=&#8221;professional@electrolux.be&#8221; l=&#8221;fr-be&#8221;][vc_empty_space height=&#8221;50px&#8221;][\/vc_column][\/vc_row]<\/p>\n","protected":false},"excerpt":{"rendered":"<p>[vc_row full_width=&#8221;electroluxpro-full-width-no-padding&#8221;][vc_column][vc_single_image image=&#8221;7710&#8243; img_size=&#8221;full&#8221;][\/vc_column][\/vc_row][vc_row][vc_column][elx_heading font_container=&#8221;h1&#8243; font_size=&#8221;h2&#8243; text_color=&#8221;inherit&#8221;]Marmites, braisi\u00e8res et appareils de cuisson multifonctionnels Refroidissement plus rapide, productivit\u00e9 accrue et \u00e9conomies d\u2019\u00e9nergie. Trois grandes caract\u00e9ristiques de votre cuisine.[\/elx_heading][vc_empty_space height=&#8221;132px&#8221;][\/vc_column][\/vc_row][vc_row][vc_column width=&#8221;1\/2&#8243;][vc_single_image image=&#8221;1731&#8243; img_size=&#8221;full&#8221; style=&#8221;vc_box_circle_2&#8243;][\/vc_column][vc_column width=&#8221;1\/2&#8243;][elx_heading font_size=&#8221;h3&#8243; text_color=&#8221;inherit&#8221;]Un flux de travail rationalis\u00e9 et une productivit\u00e9 accrue sur une surface limit\u00e9e[\/elx_heading][vc_column_text]Pour les cantines qui pr\u00e9parent des milliers de repas [&hellip;]<\/p>\n","protected":false},"author":3,"featured_media":0,"parent":9308,"menu_order":0,"comment_status":"closed","ping_status":"closed","template":"","meta":{"footnotes":""},"class_list":["post-2688","page","type-page","status-publish","hentry"],"acf":[],"yoast_head":"<!-- This site is optimized with the Yoast SEO plugin v23.3 - https:\/\/yoast.com\/wordpress\/plugins\/seo\/ -->\n<title>Autres marmites et braisi\u00e8res - Electrolux Professional Belgique<\/title>\n<meta name=\"robots\" content=\"index, follow, max-snippet:-1, max-image-preview:large, max-video-preview:-1\" \/>\n<link rel=\"canonical\" href=\"https:\/\/www.electroluxprofessional.com\/fr-be\/cuisine-2\/autres-marmites-braisieres\/\" \/>\n<meta property=\"og:locale\" content=\"fr_FR\" \/>\n<meta property=\"og:type\" content=\"article\" \/>\n<meta property=\"og:title\" content=\"Autres marmites et braisi\u00e8res - Electrolux Professional Belgique\" \/>\n<meta property=\"og:description\" content=\"[vc_row full_width=&#8221;electroluxpro-full-width-no-padding&#8221;][vc_column][vc_single_image image=&#8221;7710&#8243; img_size=&#8221;full&#8221;][\/vc_column][\/vc_row][vc_row][vc_column][elx_heading font_container=&#8221;h1&#8243; font_size=&#8221;h2&#8243; text_color=&#8221;inherit&#8221;]Marmites, braisi\u00e8res et appareils de cuisson multifonctionnels Refroidissement plus rapide, productivit\u00e9 accrue et \u00e9conomies d\u2019\u00e9nergie. Trois grandes caract\u00e9ristiques de votre cuisine.[\/elx_heading][vc_empty_space height=&#8221;132px&#8221;][\/vc_column][\/vc_row][vc_row][vc_column width=&#8221;1\/2&#8243;][vc_single_image image=&#8221;1731&#8243; img_size=&#8221;full&#8221; style=&#8221;vc_box_circle_2&#8243;][\/vc_column][vc_column width=&#8221;1\/2&#8243;][elx_heading font_size=&#8221;h3&#8243; text_color=&#8221;inherit&#8221;]Un flux de travail rationalis\u00e9 et une productivit\u00e9 accrue sur une surface limit\u00e9e[\/elx_heading][vc_column_text]Pour les cantines qui pr\u00e9parent des milliers de repas [&hellip;]\" \/>\n<meta property=\"og:url\" content=\"https:\/\/www.electroluxprofessional.com\/fr-be\/cuisine-2\/autres-marmites-braisieres\/\" \/>\n<meta property=\"og:site_name\" content=\"Electrolux Professional Belgique\" \/>\n<meta property=\"article:modified_time\" content=\"2025-11-05T16:20:18+00:00\" \/>\n<meta name=\"twitter:card\" content=\"summary_large_image\" \/>\n<meta name=\"twitter:label1\" content=\"Dur\u00e9e de lecture est.\" \/>\n\t<meta name=\"twitter:data1\" content=\"3 minutes\" \/>\n<script type=\"application\/ld+json\" class=\"yoast-schema-graph\">{\"@context\":\"https:\/\/schema.org\",\"@graph\":[{\"@type\":\"WebPage\",\"@id\":\"https:\/\/www.electroluxprofessional.com\/fr-be\/cuisine-2\/autres-marmites-braisieres\/\",\"url\":\"https:\/\/www.electroluxprofessional.com\/fr-be\/cuisine-2\/autres-marmites-braisieres\/\",\"name\":\"Autres marmites et braisi\u00e8res - Electrolux Professional Belgique\",\"isPartOf\":{\"@id\":\"https:\/\/www.electroluxprofessional.com\/fr-be\/#website\"},\"datePublished\":\"2017-06-07T14:23:00+00:00\",\"dateModified\":\"2025-11-05T16:20:18+00:00\",\"breadcrumb\":{\"@id\":\"https:\/\/www.electroluxprofessional.com\/fr-be\/cuisine-2\/autres-marmites-braisieres\/#breadcrumb\"},\"inLanguage\":\"fr-BE\",\"potentialAction\":[{\"@type\":\"ReadAction\",\"target\":[\"https:\/\/www.electroluxprofessional.com\/fr-be\/cuisine-2\/autres-marmites-braisieres\/\"]}]},{\"@type\":\"BreadcrumbList\",\"@id\":\"https:\/\/www.electroluxprofessional.com\/fr-be\/cuisine-2\/autres-marmites-braisieres\/#breadcrumb\",\"itemListElement\":[{\"@type\":\"ListItem\",\"position\":1,\"name\":\"Home\",\"item\":\"https:\/\/www.electroluxprofessional.com\/fr-be\/\"},{\"@type\":\"ListItem\",\"position\":2,\"name\":\"Cuisine\",\"item\":\"https:\/\/www.electroluxprofessional.com\/fr-be\/cuisine-2\/\"},{\"@type\":\"ListItem\",\"position\":3,\"name\":\"Autres marmites et braisi\u00e8res\"}]},{\"@type\":\"WebSite\",\"@id\":\"https:\/\/www.electroluxprofessional.com\/fr-be\/#website\",\"url\":\"https:\/\/www.electroluxprofessional.com\/fr-be\/\",\"name\":\"Electrolux Professional Belgique\",\"description\":\"Electrolux Professional est le leader mondial en mati\u00e8re d&#039;\u00e9quipements de cuisines et de blanchisseries professionnelles.\",\"potentialAction\":[{\"@type\":\"SearchAction\",\"target\":{\"@type\":\"EntryPoint\",\"urlTemplate\":\"https:\/\/www.electroluxprofessional.com\/fr-be\/?src={search_term_string}\"},\"query-input\":\"required name=search_term_string\"}],\"inLanguage\":\"fr-BE\"}]}<\/script>\n<!-- \/ Yoast SEO plugin. -->","yoast_head_json":{"title":"Autres marmites et braisi\u00e8res - Electrolux Professional Belgique","robots":{"index":"index","follow":"follow","max-snippet":"max-snippet:-1","max-image-preview":"max-image-preview:large","max-video-preview":"max-video-preview:-1"},"canonical":"https:\/\/www.electroluxprofessional.com\/fr-be\/cuisine-2\/autres-marmites-braisieres\/","og_locale":"fr_FR","og_type":"article","og_title":"Autres marmites et braisi\u00e8res - Electrolux Professional Belgique","og_description":"[vc_row full_width=&#8221;electroluxpro-full-width-no-padding&#8221;][vc_column][vc_single_image image=&#8221;7710&#8243; img_size=&#8221;full&#8221;][\/vc_column][\/vc_row][vc_row][vc_column][elx_heading font_container=&#8221;h1&#8243; font_size=&#8221;h2&#8243; text_color=&#8221;inherit&#8221;]Marmites, braisi\u00e8res et appareils de cuisson multifonctionnels Refroidissement plus rapide, productivit\u00e9 accrue et \u00e9conomies d\u2019\u00e9nergie. Trois grandes caract\u00e9ristiques de votre cuisine.[\/elx_heading][vc_empty_space height=&#8221;132px&#8221;][\/vc_column][\/vc_row][vc_row][vc_column width=&#8221;1\/2&#8243;][vc_single_image image=&#8221;1731&#8243; img_size=&#8221;full&#8221; style=&#8221;vc_box_circle_2&#8243;][\/vc_column][vc_column width=&#8221;1\/2&#8243;][elx_heading font_size=&#8221;h3&#8243; text_color=&#8221;inherit&#8221;]Un flux de travail rationalis\u00e9 et une productivit\u00e9 accrue sur une surface limit\u00e9e[\/elx_heading][vc_column_text]Pour les cantines qui pr\u00e9parent des milliers de repas [&hellip;]","og_url":"https:\/\/www.electroluxprofessional.com\/fr-be\/cuisine-2\/autres-marmites-braisieres\/","og_site_name":"Electrolux Professional Belgique","article_modified_time":"2025-11-05T16:20:18+00:00","twitter_card":"summary_large_image","twitter_misc":{"Dur\u00e9e de lecture est.":"3 minutes"},"schema":{"@context":"https:\/\/schema.org","@graph":[{"@type":"WebPage","@id":"https:\/\/www.electroluxprofessional.com\/fr-be\/cuisine-2\/autres-marmites-braisieres\/","url":"https:\/\/www.electroluxprofessional.com\/fr-be\/cuisine-2\/autres-marmites-braisieres\/","name":"Autres marmites et braisi\u00e8res - Electrolux Professional Belgique","isPartOf":{"@id":"https:\/\/www.electroluxprofessional.com\/fr-be\/#website"},"datePublished":"2017-06-07T14:23:00+00:00","dateModified":"2025-11-05T16:20:18+00:00","breadcrumb":{"@id":"https:\/\/www.electroluxprofessional.com\/fr-be\/cuisine-2\/autres-marmites-braisieres\/#breadcrumb"},"inLanguage":"fr-BE","potentialAction":[{"@type":"ReadAction","target":["https:\/\/www.electroluxprofessional.com\/fr-be\/cuisine-2\/autres-marmites-braisieres\/"]}]},{"@type":"BreadcrumbList","@id":"https:\/\/www.electroluxprofessional.com\/fr-be\/cuisine-2\/autres-marmites-braisieres\/#breadcrumb","itemListElement":[{"@type":"ListItem","position":1,"name":"Home","item":"https:\/\/www.electroluxprofessional.com\/fr-be\/"},{"@type":"ListItem","position":2,"name":"Cuisine","item":"https:\/\/www.electroluxprofessional.com\/fr-be\/cuisine-2\/"},{"@type":"ListItem","position":3,"name":"Autres marmites et braisi\u00e8res"}]},{"@type":"WebSite","@id":"https:\/\/www.electroluxprofessional.com\/fr-be\/#website","url":"https:\/\/www.electroluxprofessional.com\/fr-be\/","name":"Electrolux Professional Belgique","description":"Electrolux Professional est le leader mondial en mati\u00e8re d&#039;\u00e9quipements de cuisines et de blanchisseries professionnelles.","potentialAction":[{"@type":"SearchAction","target":{"@type":"EntryPoint","urlTemplate":"https:\/\/www.electroluxprofessional.com\/fr-be\/?src={search_term_string}"},"query-input":"required name=search_term_string"}],"inLanguage":"fr-BE"}]}},"_links":{"self":[{"href":"https:\/\/www.electroluxprofessional.com\/fr-be\/wp-json\/wp\/v2\/pages\/2688"}],"collection":[{"href":"https:\/\/www.electroluxprofessional.com\/fr-be\/wp-json\/wp\/v2\/pages"}],"about":[{"href":"https:\/\/www.electroluxprofessional.com\/fr-be\/wp-json\/wp\/v2\/types\/page"}],"author":[{"embeddable":true,"href":"https:\/\/www.electroluxprofessional.com\/fr-be\/wp-json\/wp\/v2\/users\/3"}],"replies":[{"embeddable":true,"href":"https:\/\/www.electroluxprofessional.com\/fr-be\/wp-json\/wp\/v2\/comments?post=2688"}],"version-history":[{"count":13,"href":"https:\/\/www.electroluxprofessional.com\/fr-be\/wp-json\/wp\/v2\/pages\/2688\/revisions"}],"predecessor-version":[{"id":14072,"href":"https:\/\/www.electroluxprofessional.com\/fr-be\/wp-json\/wp\/v2\/pages\/2688\/revisions\/14072"}],"up":[{"embeddable":true,"href":"https:\/\/www.electroluxprofessional.com\/fr-be\/wp-json\/wp\/v2\/pages\/9308"}],"wp:attachment":[{"href":"https:\/\/www.electroluxprofessional.com\/fr-be\/wp-json\/wp\/v2\/media?parent=2688"}],"curies":[{"name":"wp","href":"https:\/\/api.w.org\/{rel}","templated":true}]}}