{"id":2674,"date":"2017-06-07T14:00:09","date_gmt":"2017-06-07T14:00:09","guid":{"rendered":"https:\/\/www.electroluxprofessional.com\/fr-be\/?page_id=2674"},"modified":"2025-11-05T16:39:57","modified_gmt":"2025-11-05T16:39:57","slug":"systemes-logiciels","status":"publish","type":"page","link":"https:\/\/www.electroluxprofessional.com\/fr-be\/blanchisserie\/systemes-logiciels\/","title":{"rendered":"Syst\u00e8mes et logiciels"},"content":{"rendered":"<p>[vc_row full_width=&#8221;electroluxpro-full-width-no-padding&#8221;][vc_column][elx_hero_slider text_position=&#8221;hero_slider_text_align_right&#8221; label_text_color=&#8221;inherit&#8221; images=&#8221;901&#8243;][elx_heading font_container=&#8221;h1&#8243; font_size=&#8221;h2&#8243; text_color=&#8221;inherit&#8221;]Syst\u00e8mes et logiciels[\/elx_heading][vc_column_text]Electrolux Professional propose une vaste gamme de syst\u00e8mes et de logiciels de gestion des lessives qui r\u00e9pondent aux normes de qualit\u00e9 les plus \u00e9lev\u00e9es pour apporter une r\u00e9elle valeur ajout\u00e9e aux clients exigeants.[\/vc_column_text][\/elx_hero_slider][\/vc_column][\/vc_row][vc_row][vc_column][vc_empty_space][\/vc_column][\/vc_row][vc_row][vc_column width=&#8221;1\/2&#8243;][vc_empty_space][vc_column_text]<\/p>\n<h3>Laundry Program Manager<\/h3>\n<p>ELS Laundry Program Manager est un outil informatique intuitif et facile \u00e0 utiliser pour cr\u00e9er ou personnaliser les programmes de lave-linge et s\u00e8che-linge \u00e0 partir de votre PC. Il est compatible avec les lave-linge utilisant Compass Control, Compass Pro, Clarus Control et Clarus TS ainsi qu\u2019avec les s\u00e8che-linge utilisant le syst\u00e8me de contr\u00f4le Compass Pro.[\/vc_column_text][vc_column_text]<\/p>\n<h3>Certus Management Information System\u2122<\/h3>\n<p>CMIS (Certus Management Information Systems\u2122) est un logiciel qui permet aux professionnels de la blanchisserie d\u2019acc\u00e9der \u00e0 des informations vitales sur les lave-linge, s\u00e8che-linge et repasseuses. Tout cela pour minimiser les co\u00fbts et maximiser le temps de fonctionnement de l\u2019\u00e9quipement.[\/vc_column_text][\/vc_column][vc_column width=&#8221;1\/2&#8243;][elx_image_block background_image=&#8221;900&#8243; minimum_height=&#8221;600px&#8221;][\/vc_column][\/vc_row][vc_row][vc_column][vc_empty_space height=&#8221;50px&#8221;][\/vc_column][\/vc_row][vc_row][vc_column width=&#8221;1\/3&#8243;][elx_download_block text=&#8221;Laundry Program Manager&#8221; link=&#8221;http:\/\/tools.professional.electrolux.com\/Mirror\/Doc\/ELS\/PDS\/PS_438919528EN_LPM_EN.pdf&#8221; reveal_effect=&#8221;&#8221; reveal_duration=&#8221;&#8221; reveal_delay=&#8221;&#8221;][\/vc_column][vc_column width=&#8221;1\/3&#8243;][elx_download_block text=&#8221;CMIS&#8221; link=&#8221;http:\/\/tools.professional.electrolux.com\/Mirror\/Doc\/ELS\/PDS\/PS_438919493EN_CMIS%205_EN.pdf&#8221; reveal_effect=&#8221;&#8221; reveal_duration=&#8221;&#8221; reveal_delay=&#8221;&#8221;][\/vc_column][vc_column width=&#8221;1\/3&#8243;][\/vc_column][\/vc_row][vc_row][vc_column][vc_empty_space height=&#8221;50px&#8221;][elx_heading font_size=&#8221;h2&#8243; text_color=&#8221;inherit&#8221; text_align=&#8221;text-center&#8221;]D\u00e9couvrez les avantages des syst\u00e8mes et logiciels pour votre business. [\/elx_heading][elx_o2000_contact_us r=&#8221;Je souhaite plus d&#8217;info \u00e0 propos des syst\u00e8mes et logiciels. Veuillez me contacter.&#8221; s=&#8221;Demande d&#8217;info: syst\u00e8mes et logiciels pour la gestion des lessives&#8221; e=&#8221;professional@electrolux.be&#8221; country=&#8221;Belgium&#8221; l=&#8221;fr-be&#8221; b=&#8221;laundry&#8221; container=&#8221;elxcontactus1478709536&#8243;][vc_empty_space height=&#8221;50px&#8221;][elx_heading font_size=&#8221;h3&#8243; text_color=&#8221;inherit&#8221; text_align=&#8221;text-center&#8221;]D\u00e9couvrez notre solution compl\u00e8te pour votre business[\/elx_heading][\/vc_column][\/vc_row][vc_row][vc_column width=&#8221;1\/3&#8243;][elx_maylike_box id_box=&#8221;4537&#8243;][\/vc_column][vc_column width=&#8221;1\/3&#8243;][elx_maylike_box id_box=&#8221;2898&#8243;][\/vc_column][vc_column width=&#8221;1\/3&#8243;][elx_maylike_box id_box=&#8221;3209&#8243;][\/vc_column][\/vc_row][vc_row][vc_column][vc_empty_space height=&#8221;50px&#8221;][\/vc_column][\/vc_row][vc_row][vc_column]<div class=\"com21-product-filter-container 38\">\n                    <!-- PROD FILTER -->\n                    \n                    <div class=\"container\">\n                        <h4 class=\"text-center\">\n                            Filtre (Produits)\n                        <\/h4>\n                    <\/div>\n                    <div class=\"specification-filter\">\n                        <div class=\"toggle-filter-container\">\n                            <div class=\"container text-center\">\n                                <a href=\"#filter\" class=\"toggle-filter small-toggle\" data-target=\".category-filter\"  data-class-toggle=\"category-filter-show\" aria-pressed=\"false\" role=\"button\" id=\"open-product-features\">Filtre<\/a>\n                            <\/div>\n                        <\/div>\n                        <div class=\"category-filter \">\n                            <div class=\"container\">\n                    <div class=\"row\">\n                        <div class=\"col-md-4 text-left subcategories-first\">\n                            <fieldset>       \n                                <h5 class=\"h6\">Sous-cat\u00e9gorie<\/h5>\n                                <div class=\"subcategory-check\">\n                                    <input type=\"checkbox\" name=\"systemes-et-logiciels\" id=\"systemes-et-logiciels\" data-description=\"Syst\u00e8mes et Logiciels\" >\n                                    <label for=\"systemes-et-logiciels\">Syst\u00e8mes et Logiciels<\/label>\n                                <\/div>\n                            \n                            <\/fieldset>\n                        <\/div><!-- end col -->\n                        <\/div>\n        \n                                <div class=\"row\">\n                                    <div class=\"col-md-6 text-left\">\n                                        <span class=\"number-of-products\"><span id=\"number-of-products\">4<\/span> Produits<\/span> <a href=\"#\" class=\"btn btn-secondary-bordered\" id=\"filter-reset-btn\">R\u00e9initialiser<\/a>\n                                    <\/div>\n                                    <div class=\"col-md-6 text-right\">\n                                        <a href=\"#\" class=\"close-toggle no-pd-toggle\" data-parent=\"open-product-features\"  aria-pressed=\"true\" role=\"button\">Fermer<\/a>\n                                    <\/div>\n                                <\/div>\n                                \n                            <\/div><!-- end container -->\n                        <\/div><!-- end category-filter -->\n                    <\/div><!-- end specification-filter -->\n        \n                    <!-- END PROD FILTER -->\n                    \n                    <!-- PROD LIST -->\n                    <div class=\"product-list container\">\n                        <!--Hidden parameters-->\n                        <input type=\"hidden\" name=\"navigation_level_1\" id=\"navigation_level_1\" value=\"K\">\n                        <input type=\"hidden\" name=\"navigation_level_2\" id=\"navigation_level_2\" value=\"\">\n                        <input type=\"hidden\" name=\"navigation_level_3\" id=\"navigation_level_3\" value=\"\">\n                        <input type=\"hidden\" name=\"navigation_level_4\" id=\"navigation_level_4\" value=\"\">\n                        <input type=\"hidden\" name=\"filter_id\" id=\"filter_id\" value=\"38\">\n                        <input type=\"hidden\" name=\"navigation_language\" id=\"navigation_language\" value=\"5017\">\n                        <input type=\"hidden\" name=\"navigation_language_code\" id=\"navigation_language\" value=\"5017\">\n                        <input type=\"hidden\" name=\"page_id\" id=\"page_id\" value=\"2674\">\n                        <!--END Hidden parameters--><ul class=\"row\" ><li data-product-paged=\"\" class=\"anchor_tags_prod col-sm-6 col-md-3 wow fadeIn single-product-list Laundry-Program-Manager\"><div class=\"product-list-item\"><div class=\"product-content-laundry\"><a href=\"https:\/\/www.electroluxprofessional.com\/fr-be\/pd\/syst\u00e8mes-et-logiciels\/syst\u00e8mes-et-logiciels\/Laundry-Program-Manager\/\" target=\"_blank\" ><figure><img decoding=\"async\" src=\"https:\/\/tools.electroluxprofessional.com\/Mirror\/Doc\/ELS%2FPH_255x255%2Flaundry_program_manager.jpg\" alt=\"Laundry Program Manager\"\/><\/figure><div class=\"product-internal-laundry\"><div class=\"product-liv\">Syst\u00e8mes et Logiciels<\/div><h3 class=\"product-title\">Laundry Program Manager<\/h3><div class=\"product-icons\"><div class=\"product-green\"><\/div><div class=\"product-cod hidden\"><div class=\"hidden type_code\">1<\/div>COD <span class=\"product-code\">Laundry Program Manager<\/span><\/div><div class=\"product-fast\"><\/div>\n<\/div><div class=\"product-description-fast-green\"><\/div>\n<\/div><div class=\"product-actions\"><a href=\"https:\/\/www.electroluxprofessional.com\/fr-be\/pd\/syst\u00e8mes-et-logiciels\/syst\u00e8mes-et-logiciels\/Laundry-Program-Manager\/\" class=\"btn btn-primary-blue\">Voir plus<\/a><span class=\"compare-product\"><span class=\"compare-checkbox\"><span class=\"compare-checkbox-shape\"><input type=\"checkbox\" class=\"product-comparer\" id=\"prod_1L08K2\"\/><label class=\"btn\" for=\"prod_1L08K2\"><span class=\"label-bg\"><\/span>Comparer<\/label><\/span><\/span><\/span><\/div><\/a><\/div><\/div><\/li><li data-product-paged=\"\" class=\"anchor_tags_prod col-sm-6 col-md-3 wow fadeIn single-product-list CMIS\"><div class=\"product-list-item\"><div class=\"product-content-laundry\"><a href=\"https:\/\/www.electroluxprofessional.com\/fr-be\/pd\/syst\u00e8mes-et-logiciels\/syst\u00e8mes-et-logiciels\/CMIS\/\" target=\"_blank\" ><figure><img decoding=\"async\" src=\"https:\/\/tools.electroluxprofessional.com\/Mirror\/Doc\/ELS%2FPH_255x255%2FCMIS.jpg\" alt=\"CMIS\"\/><\/figure><div class=\"product-internal-laundry\"><div class=\"product-liv\">Syst\u00e8mes et Logiciels<\/div><h3 class=\"product-title\">CMIS<\/h3><div class=\"product-icons\"><div class=\"product-green\"><\/div><div class=\"product-cod hidden\"><div class=\"hidden type_code\">1<\/div>COD <span class=\"product-code\">CMIS<\/span><\/div><div class=\"product-fast\"><\/div>\n<\/div><div class=\"product-description-fast-green\"><\/div>\n<\/div><div class=\"product-actions\"><a href=\"https:\/\/www.electroluxprofessional.com\/fr-be\/pd\/syst\u00e8mes-et-logiciels\/syst\u00e8mes-et-logiciels\/CMIS\/\" class=\"btn btn-primary-blue\">Voir plus<\/a><span class=\"compare-product\"><span class=\"compare-checkbox\"><span class=\"compare-checkbox-shape\"><input type=\"checkbox\" class=\"product-comparer\" id=\"prod_435145\"\/><label class=\"btn\" for=\"prod_435145\"><span class=\"label-bg\"><\/span>Comparer<\/label><\/span><\/span><\/span><\/div><\/a><\/div><\/div><\/li><li data-product-paged=\"\" class=\"anchor_tags_prod col-sm-6 col-md-3 wow fadeIn single-product-list LMIS\"><div class=\"product-list-item\"><div class=\"product-content-laundry\"><a href=\"https:\/\/www.electroluxprofessional.com\/fr-be\/pd\/syst\u00e8mes-et-logiciels\/syst\u00e8mes-et-logiciels\/LMIS\/\" target=\"_blank\" ><figure><img decoding=\"async\" src=\"https:\/\/www.electroluxprofessional.com\/fr-be\/wp-content\/plugins\/com21-products\/assets\/product-fallback.jpg\" alt=\"LMIS\"\/><\/figure><div class=\"product-internal-laundry\"><div class=\"product-liv\">Syst\u00e8mes et Logiciels<\/div><h3 class=\"product-title\">LMIS<\/h3><div class=\"product-icons\"><div class=\"product-green\"><\/div><div class=\"product-cod hidden\"><div class=\"hidden type_code\">1<\/div>COD <span class=\"product-code\">LMIS<\/span><\/div><div class=\"product-fast\"><\/div>\n<\/div><div class=\"product-description-fast-green\"><\/div>\n<\/div><div class=\"product-actions\"><a href=\"https:\/\/www.electroluxprofessional.com\/fr-be\/pd\/syst\u00e8mes-et-logiciels\/syst\u00e8mes-et-logiciels\/LMIS\/\" class=\"btn btn-primary-blue\">Voir plus<\/a><span class=\"compare-product\"><span class=\"compare-checkbox\"><span class=\"compare-checkbox-shape\"><input type=\"checkbox\" class=\"product-comparer\" id=\"prod_1LSNLU\"\/><label class=\"btn\" for=\"prod_1LSNLU\"><span class=\"label-bg\"><\/span>Comparer<\/label><\/span><\/span><\/span><\/div><\/a><\/div><\/div><\/li><li data-product-paged=\"\" class=\"anchor_tags_prod col-sm-6 col-md-3 wow fadeIn single-product-list CST\"><div class=\"product-list-item\"><div class=\"product-content-laundry\"><a href=\"https:\/\/www.electroluxprofessional.com\/fr-be\/pd\/syst\u00e8mes-et-logiciels\/syst\u00e8mes-et-logiciels\/CST\/\" target=\"_blank\" ><figure><img decoding=\"async\" src=\"https:\/\/www.electroluxprofessional.com\/fr-be\/wp-content\/plugins\/com21-products\/assets\/product-fallback.jpg\" alt=\"CST\"\/><\/figure><div class=\"product-internal-laundry\"><div class=\"product-liv\">Syst\u00e8mes et Logiciels<\/div><h3 class=\"product-title\">CST<\/h3><div class=\"product-icons\"><div class=\"product-green\"><\/div><div class=\"product-cod hidden\"><div class=\"hidden type_code\">1<\/div>COD <span class=\"product-code\">CST<\/span><\/div><div class=\"product-fast\"><\/div>\n<\/div><div class=\"product-description-fast-green\"><\/div>\n<\/div><div class=\"product-actions\"><a href=\"https:\/\/www.electroluxprofessional.com\/fr-be\/pd\/syst\u00e8mes-et-logiciels\/syst\u00e8mes-et-logiciels\/CST\/\" class=\"btn btn-primary-blue\">Voir plus<\/a><span class=\"compare-product\"><span class=\"compare-checkbox\"><span class=\"compare-checkbox-shape\"><input type=\"checkbox\" class=\"product-comparer\" id=\"prod_1L0C04\"\/><label class=\"btn\" for=\"prod_1L0C04\"><span class=\"label-bg\"><\/span>Comparer<\/label><\/span><\/span><\/span><\/div><\/a><\/div><\/div><\/li>\n                        <\/ul>\n                        <div class=\"text-center more-products\">\n                        <\/div>\n                    <\/div>\n                    <!-- END PRODUCT LIST -->\n                    <\/div>\n                    <!-- END PRODUCT LIST -->[\/vc_column][\/vc_row]<\/p>\n","protected":false},"excerpt":{"rendered":"<p>[vc_row full_width=&#8221;electroluxpro-full-width-no-padding&#8221;][vc_column][elx_hero_slider text_position=&#8221;hero_slider_text_align_right&#8221; label_text_color=&#8221;inherit&#8221; images=&#8221;901&#8243;][elx_heading font_container=&#8221;h1&#8243; font_size=&#8221;h2&#8243; text_color=&#8221;inherit&#8221;]Syst\u00e8mes et logiciels[\/elx_heading][vc_column_text]Electrolux Professional propose une vaste gamme de syst\u00e8mes et de logiciels de gestion des lessives qui r\u00e9pondent aux normes de qualit\u00e9 les plus \u00e9lev\u00e9es pour apporter une r\u00e9elle valeur ajout\u00e9e aux clients exigeants.[\/vc_column_text][\/elx_hero_slider][\/vc_column][\/vc_row][vc_row][vc_column][vc_empty_space][\/vc_column][\/vc_row][vc_row][vc_column width=&#8221;1\/2&#8243;][vc_empty_space][vc_column_text] Laundry Program Manager ELS Laundry Program Manager est un outil informatique intuitif [&hellip;]<\/p>\n","protected":false},"author":3,"featured_media":0,"parent":2648,"menu_order":0,"comment_status":"closed","ping_status":"closed","template":"","meta":{"footnotes":""},"class_list":["post-2674","page","type-page","status-publish","hentry"],"acf":[],"yoast_head":"<!-- This site is optimized with the Yoast SEO plugin v23.3 - https:\/\/yoast.com\/wordpress\/plugins\/seo\/ -->\n<title>Syst\u00e8mes et logiciels - Electrolux Professional Belgique<\/title>\n<meta name=\"description\" content=\"Electrolux Professional propose une vaste gamme de syst\u00e8mes et de logiciels de gestion des lessives qui r\u00e9pondent aux normes de qualit\u00e9 les plus \u00e9lev\u00e9es.\" \/>\n<meta name=\"robots\" content=\"index, follow, max-snippet:-1, max-image-preview:large, max-video-preview:-1\" \/>\n<link rel=\"canonical\" href=\"https:\/\/www.electroluxprofessional.com\/fr-be\/blanchisserie\/systemes-logiciels\/\" \/>\n<meta property=\"og:locale\" content=\"fr_FR\" \/>\n<meta property=\"og:type\" content=\"article\" \/>\n<meta property=\"og:title\" content=\"Syst\u00e8mes et logiciels - Electrolux Professional Belgique\" \/>\n<meta property=\"og:description\" content=\"Electrolux Professional propose une vaste gamme de syst\u00e8mes et de logiciels de gestion des lessives qui r\u00e9pondent aux normes de qualit\u00e9 les plus \u00e9lev\u00e9es.\" \/>\n<meta property=\"og:url\" content=\"https:\/\/www.electroluxprofessional.com\/fr-be\/blanchisserie\/systemes-logiciels\/\" \/>\n<meta property=\"og:site_name\" content=\"Electrolux Professional Belgique\" \/>\n<meta property=\"article:modified_time\" content=\"2025-11-05T16:39:57+00:00\" \/>\n<meta name=\"twitter:card\" content=\"summary_large_image\" \/>\n<meta name=\"twitter:label1\" content=\"Dur\u00e9e de lecture est.\" \/>\n\t<meta name=\"twitter:data1\" content=\"2 minutes\" \/>\n<script type=\"application\/ld+json\" class=\"yoast-schema-graph\">{\"@context\":\"https:\/\/schema.org\",\"@graph\":[{\"@type\":\"WebPage\",\"@id\":\"https:\/\/www.electroluxprofessional.com\/fr-be\/blanchisserie\/systemes-logiciels\/\",\"url\":\"https:\/\/www.electroluxprofessional.com\/fr-be\/blanchisserie\/systemes-logiciels\/\",\"name\":\"Syst\u00e8mes et logiciels - Electrolux Professional Belgique\",\"isPartOf\":{\"@id\":\"https:\/\/www.electroluxprofessional.com\/fr-be\/#website\"},\"datePublished\":\"2017-06-07T14:00:09+00:00\",\"dateModified\":\"2025-11-05T16:39:57+00:00\",\"description\":\"Electrolux Professional propose une vaste gamme de syst\u00e8mes et de logiciels de gestion des lessives qui r\u00e9pondent aux normes de qualit\u00e9 les plus \u00e9lev\u00e9es.\",\"breadcrumb\":{\"@id\":\"https:\/\/www.electroluxprofessional.com\/fr-be\/blanchisserie\/systemes-logiciels\/#breadcrumb\"},\"inLanguage\":\"fr-BE\",\"potentialAction\":[{\"@type\":\"ReadAction\",\"target\":[\"https:\/\/www.electroluxprofessional.com\/fr-be\/blanchisserie\/systemes-logiciels\/\"]}]},{\"@type\":\"BreadcrumbList\",\"@id\":\"https:\/\/www.electroluxprofessional.com\/fr-be\/blanchisserie\/systemes-logiciels\/#breadcrumb\",\"itemListElement\":[{\"@type\":\"ListItem\",\"position\":1,\"name\":\"Home\",\"item\":\"https:\/\/www.electroluxprofessional.com\/fr-be\/\"},{\"@type\":\"ListItem\",\"position\":2,\"name\":\"Blanchisserie\",\"item\":\"https:\/\/www.electroluxprofessional.com\/fr-be\/blanchisserie\/\"},{\"@type\":\"ListItem\",\"position\":3,\"name\":\"Syst\u00e8mes et logiciels\"}]},{\"@type\":\"WebSite\",\"@id\":\"https:\/\/www.electroluxprofessional.com\/fr-be\/#website\",\"url\":\"https:\/\/www.electroluxprofessional.com\/fr-be\/\",\"name\":\"Electrolux Professional Belgique\",\"description\":\"Electrolux Professional est le leader mondial en mati\u00e8re d&#039;\u00e9quipements de cuisines et de blanchisseries professionnelles.\",\"potentialAction\":[{\"@type\":\"SearchAction\",\"target\":{\"@type\":\"EntryPoint\",\"urlTemplate\":\"https:\/\/www.electroluxprofessional.com\/fr-be\/?src={search_term_string}\"},\"query-input\":\"required name=search_term_string\"}],\"inLanguage\":\"fr-BE\"}]}<\/script>\n<!-- \/ Yoast SEO plugin. -->","yoast_head_json":{"title":"Syst\u00e8mes et logiciels - Electrolux Professional Belgique","description":"Electrolux Professional propose une vaste gamme de syst\u00e8mes et de logiciels de gestion des lessives qui r\u00e9pondent aux normes de qualit\u00e9 les plus \u00e9lev\u00e9es.","robots":{"index":"index","follow":"follow","max-snippet":"max-snippet:-1","max-image-preview":"max-image-preview:large","max-video-preview":"max-video-preview:-1"},"canonical":"https:\/\/www.electroluxprofessional.com\/fr-be\/blanchisserie\/systemes-logiciels\/","og_locale":"fr_FR","og_type":"article","og_title":"Syst\u00e8mes et logiciels - Electrolux Professional Belgique","og_description":"Electrolux Professional propose une vaste gamme de syst\u00e8mes et de logiciels de gestion des lessives qui r\u00e9pondent aux normes de qualit\u00e9 les plus \u00e9lev\u00e9es.","og_url":"https:\/\/www.electroluxprofessional.com\/fr-be\/blanchisserie\/systemes-logiciels\/","og_site_name":"Electrolux Professional Belgique","article_modified_time":"2025-11-05T16:39:57+00:00","twitter_card":"summary_large_image","twitter_misc":{"Dur\u00e9e de lecture est.":"2 minutes"},"schema":{"@context":"https:\/\/schema.org","@graph":[{"@type":"WebPage","@id":"https:\/\/www.electroluxprofessional.com\/fr-be\/blanchisserie\/systemes-logiciels\/","url":"https:\/\/www.electroluxprofessional.com\/fr-be\/blanchisserie\/systemes-logiciels\/","name":"Syst\u00e8mes et logiciels - Electrolux Professional Belgique","isPartOf":{"@id":"https:\/\/www.electroluxprofessional.com\/fr-be\/#website"},"datePublished":"2017-06-07T14:00:09+00:00","dateModified":"2025-11-05T16:39:57+00:00","description":"Electrolux Professional propose une vaste gamme de syst\u00e8mes et de logiciels de gestion des lessives qui r\u00e9pondent aux normes de qualit\u00e9 les plus \u00e9lev\u00e9es.","breadcrumb":{"@id":"https:\/\/www.electroluxprofessional.com\/fr-be\/blanchisserie\/systemes-logiciels\/#breadcrumb"},"inLanguage":"fr-BE","potentialAction":[{"@type":"ReadAction","target":["https:\/\/www.electroluxprofessional.com\/fr-be\/blanchisserie\/systemes-logiciels\/"]}]},{"@type":"BreadcrumbList","@id":"https:\/\/www.electroluxprofessional.com\/fr-be\/blanchisserie\/systemes-logiciels\/#breadcrumb","itemListElement":[{"@type":"ListItem","position":1,"name":"Home","item":"https:\/\/www.electroluxprofessional.com\/fr-be\/"},{"@type":"ListItem","position":2,"name":"Blanchisserie","item":"https:\/\/www.electroluxprofessional.com\/fr-be\/blanchisserie\/"},{"@type":"ListItem","position":3,"name":"Syst\u00e8mes et logiciels"}]},{"@type":"WebSite","@id":"https:\/\/www.electroluxprofessional.com\/fr-be\/#website","url":"https:\/\/www.electroluxprofessional.com\/fr-be\/","name":"Electrolux Professional Belgique","description":"Electrolux Professional est le leader mondial en mati\u00e8re d&#039;\u00e9quipements de cuisines et de blanchisseries professionnelles.","potentialAction":[{"@type":"SearchAction","target":{"@type":"EntryPoint","urlTemplate":"https:\/\/www.electroluxprofessional.com\/fr-be\/?src={search_term_string}"},"query-input":"required name=search_term_string"}],"inLanguage":"fr-BE"}]}},"_links":{"self":[{"href":"https:\/\/www.electroluxprofessional.com\/fr-be\/wp-json\/wp\/v2\/pages\/2674"}],"collection":[{"href":"https:\/\/www.electroluxprofessional.com\/fr-be\/wp-json\/wp\/v2\/pages"}],"about":[{"href":"https:\/\/www.electroluxprofessional.com\/fr-be\/wp-json\/wp\/v2\/types\/page"}],"author":[{"embeddable":true,"href":"https:\/\/www.electroluxprofessional.com\/fr-be\/wp-json\/wp\/v2\/users\/3"}],"replies":[{"embeddable":true,"href":"https:\/\/www.electroluxprofessional.com\/fr-be\/wp-json\/wp\/v2\/comments?post=2674"}],"version-history":[{"count":5,"href":"https:\/\/www.electroluxprofessional.com\/fr-be\/wp-json\/wp\/v2\/pages\/2674\/revisions"}],"predecessor-version":[{"id":14114,"href":"https:\/\/www.electroluxprofessional.com\/fr-be\/wp-json\/wp\/v2\/pages\/2674\/revisions\/14114"}],"up":[{"embeddable":true,"href":"https:\/\/www.electroluxprofessional.com\/fr-be\/wp-json\/wp\/v2\/pages\/2648"}],"wp:attachment":[{"href":"https:\/\/www.electroluxprofessional.com\/fr-be\/wp-json\/wp\/v2\/media?parent=2674"}],"curies":[{"name":"wp","href":"https:\/\/api.w.org\/{rel}","templated":true}]}}