{"id":2654,"date":"2017-06-02T14:59:23","date_gmt":"2017-06-02T14:59:23","guid":{"rendered":"https:\/\/www.electroluxprofessional.com\/fr-be\/?page_id=2654"},"modified":"2025-11-05T16:39:41","modified_gmt":"2025-11-05T16:39:41","slug":"efficient-dosing","status":"publish","type":"page","link":"https:\/\/www.electroluxprofessional.com\/fr-be\/blanchisserie\/efficient-dosing\/","title":{"rendered":"Efficient Dosing"},"content":{"rendered":"<p>[vc_row full_width=&#8221;electroluxpro-full-width-no-padding&#8221;][vc_column][elx_hero_slider label_text_color=&#8221;inherit&#8221; images=&#8221;815&#8243;][elx_heading font_container=&#8221;h1&#8243; font_size=&#8221;h3&#8243; text_color=&#8221;inherit&#8221;]Efficient Dosing System[\/elx_heading][vc_column_text]<\/p>\n<h4>Faites jusqu\u2019\u00e0 40\u00a0% d\u2019\u00e9conomies de d\u00e9tergent<\/h4>\n<h4>Les textiles vous remercieront. Votre portefeuille aussi.<\/h4>\n<p>[\/vc_column_text][\/elx_hero_slider][\/vc_column][\/vc_row][vc_row][vc_column][vc_empty_space height=&#8221;50px&#8221;][\/vc_column][\/vc_row][vc_row][vc_column width=&#8221;1\/2&#8243;][vc_empty_space][elx_heading font_container=&#8221;h3&#8243; font_size=&#8221;h3&#8243; text_color=&#8221;inherit&#8221; css=&#8221;.vc_custom_1505831264488{margin-bottom: 0px !important;border-bottom-width: 0px !important;padding-bottom: 0px !important;}&#8221;]Dopez vos activit\u00e9s gr\u00e2ce \u00e0 des \u00e9conomies consid\u00e9rables[\/elx_heading][vc_empty_space][vc_column_text]Avec l\u2019Efficient Dosing System d\u2019Electrolux Professional, votre solution de laverie sera plus rentable que jamais.<\/p>\n<p>Vous ma\u00eetrisez enti\u00e8rement le processus de lavage\u00a0: dites au revoir au linge endommag\u00e9 qui provoque des irritations cutan\u00e9es \u00e0 cause d\u2019un surdosage de d\u00e9tergent.[\/vc_column_text][\/vc_column][vc_column width=&#8221;1\/2&#8243;][vc_single_image image=&#8221;813&#8243; img_size=&#8221;full&#8221;][\/vc_column][\/vc_row][vc_row][vc_column][vc_empty_space height=&#8221;50px&#8221;][elx_heading font_size=&#8221;h3&#8243; text_color=&#8221;inherit&#8221;]L\u2019Efficient Dosing System vous garantit les meilleurs r\u00e9sultats de lavage au co\u00fbt par cycle le plus bas.[\/elx_heading][\/vc_column][\/vc_row][vc_row content_placement=&#8221;middle&#8221;][vc_column width=&#8221;1\/2&#8243; css=&#8221;.vc_custom_1473755632352{padding-top: 50px !important;}&#8221;][vc_column_text]<\/p>\n<h4>Conna\u00eetre le poids exact est crucial<\/h4>\n<p>L\u2019Automatic Saving System d\u00e9termine le poids du linge au d\u00e9but de chaque cycle et ajoute la bonne quantit\u00e9 d\u2019eau.<\/p>\n<h4>L\u2019Efficient Dosing System<\/h4>\n<p>Ce syst\u00e8me permet aux distributeurs de lave-linge et de d\u00e9tergents de communiquer efficacement et de d\u00e9terminer avec pr\u00e9cision la quantit\u00e9 de lessive n\u00e9cessaire sur la base du poids du linge et du programme choisi.<\/p>\n<h4>Statistiques et contr\u00f4le des co\u00fbts<\/h4>\n<p>Le syst\u00e8me vous donne \u00e9galement acc\u00e8s \u00e0 des statistiques qui vous permettront de contr\u00f4ler vos co\u00fbts \u00e0 travers une connexion USB.[\/vc_column_text][\/vc_column][vc_column width=&#8221;1\/2&#8243; css=&#8221;.vc_custom_1473758266855{padding-top: 50px !important;}&#8221;][vc_single_image image=&#8221;814&#8243; img_size=&#8221;full&#8221;][\/vc_column][\/vc_row][vc_row][vc_column][vc_empty_space height=&#8221;50px&#8221;][\/vc_column][\/vc_row][vc_row][vc_column width=&#8221;1\/3&#8243;][elx_download_block text=&#8221;D\u00e9pliant Efficient Dosing&#8221; link=&#8221;files.professional.electrolux.com\/docs\/?n=CLF-9JE00056&amp;b=5&amp;l=1&#8243; reveal_effect=&#8221;&#8221; reveal_duration=&#8221;&#8221; reveal_delay=&#8221;&#8221;][\/vc_column][vc_column width=&#8221;1\/3&#8243;][elx_download_block text=&#8221;Fiche technique&#8221; link=&#8221;http:\/\/tools.professional.electrolux.com\/Mirror\/Doc\/ELS\/PDS\/PS_438919468EN_EDS%20Efficient%20Dosing%20System_EN.pdf&#8221; reveal_effect=&#8221;&#8221; reveal_duration=&#8221;&#8221; reveal_delay=&#8221;&#8221;][\/vc_column][vc_column width=&#8221;1\/3&#8243;][elx_video_block background_image=&#8221;1681&#8243; video_link=&#8221;https:\/\/www.youtube.com\/watch?v=6-wCdqDR9I8&#8243; minimum_height=&#8221;260px&#8221;][vc_column_text]<\/p>\n<div id=\"watch7-headline\" class=\"clearfix\">\n<div id=\"watch-headline-title\">\n<p class=\"watch-title-container\"><span id=\"eow-title\" class=\"watch-title\" dir=\"ltr\" title=\"Save up to 40% on detergent costs with Efficient Dosing\">Efficient Dosing System<\/span><\/p>\n<\/div>\n<\/div>\n<p>[\/vc_column_text][\/vc_column][\/vc_row][vc_row][vc_column][elx_heading text_color=&#8221;inherit&#8221; text_align=&#8221;text-center&#8221;]D\u00e9couvrez les avantages d&#8217;Efficient Dosing pour votre business[\/elx_heading][elx_o2000_contact_us r=&#8221;Je souhaite plus d&#8217;info \u00e0 propos d&#8217;Efficient Dosing. Veuillez me contacter.&#8221; s=&#8221;Demande d&#8217;info: Efficient Dosing&#8221; e=&#8221;professional@electrolux.be&#8221; country=&#8221;Belgium&#8221; l=&#8221;fr-be&#8221; b=&#8221;laundry&#8221; container=&#8221;elxcontactus1473756279&#8243;][vc_empty_space height=&#8221;50px&#8221;][\/vc_column][\/vc_row][vc_row][vc_column][elx_heading font_size=&#8221;h3&#8243; text_color=&#8221;inherit&#8221; text_align=&#8221;text-center&#8221;]D\u00e9couvrez notre solution compl\u00e8te pour votre busines[\/elx_heading][\/vc_column][\/vc_row][vc_row][vc_column width=&#8221;1\/3&#8243;][elx_maylike_box id_box=&#8221;2963&#8243;][\/vc_column][vc_column width=&#8221;1\/3&#8243;][elx_maylike_box id_box=&#8221;3209&#8243;][\/vc_column][vc_column width=&#8221;1\/3&#8243;][elx_maylike_box id_box=&#8221;2761&#8243;][\/vc_column][\/vc_row][vc_row][vc_column][vc_empty_space height=&#8221;50px&#8221;][\/vc_column][\/vc_row]<\/p>\n","protected":false},"excerpt":{"rendered":"<p>[vc_row full_width=&#8221;electroluxpro-full-width-no-padding&#8221;][vc_column][elx_hero_slider label_text_color=&#8221;inherit&#8221; images=&#8221;815&#8243;][elx_heading font_container=&#8221;h1&#8243; font_size=&#8221;h3&#8243; text_color=&#8221;inherit&#8221;]Efficient Dosing System[\/elx_heading][vc_column_text] Faites jusqu\u2019\u00e0 40\u00a0% d\u2019\u00e9conomies de d\u00e9tergent Les textiles vous remercieront. Votre portefeuille aussi. [\/vc_column_text][\/elx_hero_slider][\/vc_column][\/vc_row][vc_row][vc_column][vc_empty_space height=&#8221;50px&#8221;][\/vc_column][\/vc_row][vc_row][vc_column width=&#8221;1\/2&#8243;][vc_empty_space][elx_heading font_container=&#8221;h3&#8243; font_size=&#8221;h3&#8243; text_color=&#8221;inherit&#8221; css=&#8221;.vc_custom_1505831264488{margin-bottom: 0px !important;border-bottom-width: 0px !important;padding-bottom: 0px !important;}&#8221;]Dopez vos activit\u00e9s gr\u00e2ce \u00e0 des \u00e9conomies consid\u00e9rables[\/elx_heading][vc_empty_space][vc_column_text]Avec l\u2019Efficient Dosing System d\u2019Electrolux Professional, votre solution de laverie sera plus rentable que [&hellip;]<\/p>\n","protected":false},"author":3,"featured_media":0,"parent":2648,"menu_order":0,"comment_status":"closed","ping_status":"closed","template":"","meta":{"footnotes":""},"class_list":["post-2654","page","type-page","status-publish","hentry"],"acf":[],"yoast_head":"<!-- This site is optimized with the Yoast SEO plugin v23.3 - https:\/\/yoast.com\/wordpress\/plugins\/seo\/ -->\n<title>Efficient Dosing - Electrolux Professional Belgique<\/title>\n<meta name=\"robots\" content=\"index, follow, max-snippet:-1, max-image-preview:large, max-video-preview:-1\" \/>\n<link rel=\"canonical\" href=\"https:\/\/www.electroluxprofessional.com\/fr-be\/blanchisserie\/efficient-dosing\/\" \/>\n<meta property=\"og:locale\" content=\"fr_FR\" \/>\n<meta property=\"og:type\" content=\"article\" \/>\n<meta property=\"og:title\" content=\"Efficient Dosing - Electrolux Professional Belgique\" \/>\n<meta property=\"og:description\" content=\"[vc_row full_width=&#8221;electroluxpro-full-width-no-padding&#8221;][vc_column][elx_hero_slider label_text_color=&#8221;inherit&#8221; images=&#8221;815&#8243;][elx_heading font_container=&#8221;h1&#8243; font_size=&#8221;h3&#8243; text_color=&#8221;inherit&#8221;]Efficient Dosing System[\/elx_heading][vc_column_text] Faites jusqu\u2019\u00e0 40\u00a0% d\u2019\u00e9conomies de d\u00e9tergent Les textiles vous remercieront. Votre portefeuille aussi. [\/vc_column_text][\/elx_hero_slider][\/vc_column][\/vc_row][vc_row][vc_column][vc_empty_space height=&#8221;50px&#8221;][\/vc_column][\/vc_row][vc_row][vc_column width=&#8221;1\/2&#8243;][vc_empty_space][elx_heading font_container=&#8221;h3&#8243; font_size=&#8221;h3&#8243; text_color=&#8221;inherit&#8221; css=&#8221;.vc_custom_1505831264488{margin-bottom: 0px !important;border-bottom-width: 0px !important;padding-bottom: 0px !important;}&#8221;]Dopez vos activit\u00e9s gr\u00e2ce \u00e0 des \u00e9conomies consid\u00e9rables[\/elx_heading][vc_empty_space][vc_column_text]Avec l\u2019Efficient Dosing System d\u2019Electrolux Professional, votre solution de laverie sera plus rentable que [&hellip;]\" \/>\n<meta property=\"og:url\" content=\"https:\/\/www.electroluxprofessional.com\/fr-be\/blanchisserie\/efficient-dosing\/\" \/>\n<meta property=\"og:site_name\" content=\"Electrolux Professional Belgique\" \/>\n<meta property=\"article:modified_time\" content=\"2025-11-05T16:39:41+00:00\" \/>\n<meta name=\"twitter:card\" content=\"summary_large_image\" \/>\n<meta name=\"twitter:label1\" content=\"Dur\u00e9e de lecture est.\" \/>\n\t<meta name=\"twitter:data1\" content=\"2 minutes\" \/>\n<script type=\"application\/ld+json\" class=\"yoast-schema-graph\">{\"@context\":\"https:\/\/schema.org\",\"@graph\":[{\"@type\":\"WebPage\",\"@id\":\"https:\/\/www.electroluxprofessional.com\/fr-be\/blanchisserie\/efficient-dosing\/\",\"url\":\"https:\/\/www.electroluxprofessional.com\/fr-be\/blanchisserie\/efficient-dosing\/\",\"name\":\"Efficient Dosing - Electrolux Professional Belgique\",\"isPartOf\":{\"@id\":\"https:\/\/www.electroluxprofessional.com\/fr-be\/#website\"},\"datePublished\":\"2017-06-02T14:59:23+00:00\",\"dateModified\":\"2025-11-05T16:39:41+00:00\",\"breadcrumb\":{\"@id\":\"https:\/\/www.electroluxprofessional.com\/fr-be\/blanchisserie\/efficient-dosing\/#breadcrumb\"},\"inLanguage\":\"fr-BE\",\"potentialAction\":[{\"@type\":\"ReadAction\",\"target\":[\"https:\/\/www.electroluxprofessional.com\/fr-be\/blanchisserie\/efficient-dosing\/\"]}]},{\"@type\":\"BreadcrumbList\",\"@id\":\"https:\/\/www.electroluxprofessional.com\/fr-be\/blanchisserie\/efficient-dosing\/#breadcrumb\",\"itemListElement\":[{\"@type\":\"ListItem\",\"position\":1,\"name\":\"Home\",\"item\":\"https:\/\/www.electroluxprofessional.com\/fr-be\/\"},{\"@type\":\"ListItem\",\"position\":2,\"name\":\"Blanchisserie\",\"item\":\"https:\/\/www.electroluxprofessional.com\/fr-be\/blanchisserie\/\"},{\"@type\":\"ListItem\",\"position\":3,\"name\":\"Efficient Dosing\"}]},{\"@type\":\"WebSite\",\"@id\":\"https:\/\/www.electroluxprofessional.com\/fr-be\/#website\",\"url\":\"https:\/\/www.electroluxprofessional.com\/fr-be\/\",\"name\":\"Electrolux Professional Belgique\",\"description\":\"Electrolux Professional est le leader mondial en mati\u00e8re d&#039;\u00e9quipements de cuisines et de blanchisseries professionnelles.\",\"potentialAction\":[{\"@type\":\"SearchAction\",\"target\":{\"@type\":\"EntryPoint\",\"urlTemplate\":\"https:\/\/www.electroluxprofessional.com\/fr-be\/?src={search_term_string}\"},\"query-input\":\"required name=search_term_string\"}],\"inLanguage\":\"fr-BE\"}]}<\/script>\n<!-- \/ Yoast SEO plugin. -->","yoast_head_json":{"title":"Efficient Dosing - Electrolux Professional Belgique","robots":{"index":"index","follow":"follow","max-snippet":"max-snippet:-1","max-image-preview":"max-image-preview:large","max-video-preview":"max-video-preview:-1"},"canonical":"https:\/\/www.electroluxprofessional.com\/fr-be\/blanchisserie\/efficient-dosing\/","og_locale":"fr_FR","og_type":"article","og_title":"Efficient Dosing - Electrolux Professional Belgique","og_description":"[vc_row full_width=&#8221;electroluxpro-full-width-no-padding&#8221;][vc_column][elx_hero_slider label_text_color=&#8221;inherit&#8221; images=&#8221;815&#8243;][elx_heading font_container=&#8221;h1&#8243; font_size=&#8221;h3&#8243; text_color=&#8221;inherit&#8221;]Efficient Dosing System[\/elx_heading][vc_column_text] Faites jusqu\u2019\u00e0 40\u00a0% d\u2019\u00e9conomies de d\u00e9tergent Les textiles vous remercieront. Votre portefeuille aussi. [\/vc_column_text][\/elx_hero_slider][\/vc_column][\/vc_row][vc_row][vc_column][vc_empty_space height=&#8221;50px&#8221;][\/vc_column][\/vc_row][vc_row][vc_column width=&#8221;1\/2&#8243;][vc_empty_space][elx_heading font_container=&#8221;h3&#8243; font_size=&#8221;h3&#8243; text_color=&#8221;inherit&#8221; css=&#8221;.vc_custom_1505831264488{margin-bottom: 0px !important;border-bottom-width: 0px !important;padding-bottom: 0px !important;}&#8221;]Dopez vos activit\u00e9s gr\u00e2ce \u00e0 des \u00e9conomies consid\u00e9rables[\/elx_heading][vc_empty_space][vc_column_text]Avec l\u2019Efficient Dosing System d\u2019Electrolux Professional, votre solution de laverie sera plus rentable que [&hellip;]","og_url":"https:\/\/www.electroluxprofessional.com\/fr-be\/blanchisserie\/efficient-dosing\/","og_site_name":"Electrolux Professional Belgique","article_modified_time":"2025-11-05T16:39:41+00:00","twitter_card":"summary_large_image","twitter_misc":{"Dur\u00e9e de lecture est.":"2 minutes"},"schema":{"@context":"https:\/\/schema.org","@graph":[{"@type":"WebPage","@id":"https:\/\/www.electroluxprofessional.com\/fr-be\/blanchisserie\/efficient-dosing\/","url":"https:\/\/www.electroluxprofessional.com\/fr-be\/blanchisserie\/efficient-dosing\/","name":"Efficient Dosing - Electrolux Professional Belgique","isPartOf":{"@id":"https:\/\/www.electroluxprofessional.com\/fr-be\/#website"},"datePublished":"2017-06-02T14:59:23+00:00","dateModified":"2025-11-05T16:39:41+00:00","breadcrumb":{"@id":"https:\/\/www.electroluxprofessional.com\/fr-be\/blanchisserie\/efficient-dosing\/#breadcrumb"},"inLanguage":"fr-BE","potentialAction":[{"@type":"ReadAction","target":["https:\/\/www.electroluxprofessional.com\/fr-be\/blanchisserie\/efficient-dosing\/"]}]},{"@type":"BreadcrumbList","@id":"https:\/\/www.electroluxprofessional.com\/fr-be\/blanchisserie\/efficient-dosing\/#breadcrumb","itemListElement":[{"@type":"ListItem","position":1,"name":"Home","item":"https:\/\/www.electroluxprofessional.com\/fr-be\/"},{"@type":"ListItem","position":2,"name":"Blanchisserie","item":"https:\/\/www.electroluxprofessional.com\/fr-be\/blanchisserie\/"},{"@type":"ListItem","position":3,"name":"Efficient Dosing"}]},{"@type":"WebSite","@id":"https:\/\/www.electroluxprofessional.com\/fr-be\/#website","url":"https:\/\/www.electroluxprofessional.com\/fr-be\/","name":"Electrolux Professional Belgique","description":"Electrolux Professional est le leader mondial en mati\u00e8re d&#039;\u00e9quipements de cuisines et de blanchisseries professionnelles.","potentialAction":[{"@type":"SearchAction","target":{"@type":"EntryPoint","urlTemplate":"https:\/\/www.electroluxprofessional.com\/fr-be\/?src={search_term_string}"},"query-input":"required name=search_term_string"}],"inLanguage":"fr-BE"}]}},"_links":{"self":[{"href":"https:\/\/www.electroluxprofessional.com\/fr-be\/wp-json\/wp\/v2\/pages\/2654"}],"collection":[{"href":"https:\/\/www.electroluxprofessional.com\/fr-be\/wp-json\/wp\/v2\/pages"}],"about":[{"href":"https:\/\/www.electroluxprofessional.com\/fr-be\/wp-json\/wp\/v2\/types\/page"}],"author":[{"embeddable":true,"href":"https:\/\/www.electroluxprofessional.com\/fr-be\/wp-json\/wp\/v2\/users\/3"}],"replies":[{"embeddable":true,"href":"https:\/\/www.electroluxprofessional.com\/fr-be\/wp-json\/wp\/v2\/comments?post=2654"}],"version-history":[{"count":5,"href":"https:\/\/www.electroluxprofessional.com\/fr-be\/wp-json\/wp\/v2\/pages\/2654\/revisions"}],"predecessor-version":[{"id":14112,"href":"https:\/\/www.electroluxprofessional.com\/fr-be\/wp-json\/wp\/v2\/pages\/2654\/revisions\/14112"}],"up":[{"embeddable":true,"href":"https:\/\/www.electroluxprofessional.com\/fr-be\/wp-json\/wp\/v2\/pages\/2648"}],"wp:attachment":[{"href":"https:\/\/www.electroluxprofessional.com\/fr-be\/wp-json\/wp\/v2\/media?parent=2654"}],"curies":[{"name":"wp","href":"https:\/\/api.w.org\/{rel}","templated":true}]}}