{"id":2644,"date":"2017-06-02T14:56:55","date_gmt":"2017-06-02T14:56:55","guid":{"rendered":"https:\/\/www.electroluxprofessional.com\/fr-be\/?page_id=2644"},"modified":"2017-10-20T07:59:43","modified_gmt":"2017-10-20T07:59:43","slug":"hopitaux","status":"publish","type":"page","link":"https:\/\/www.electroluxprofessional.com\/fr-be\/hopitaux\/","title":{"rendered":"H\u00f4pitaux"},"content":{"rendered":"<p>[vc_row full_width=&#8221;electroluxpro-full-width-no-padding&#8221; equal_height=&#8221;yes&#8221; content_placement=&#8221;top&#8221;][vc_column reveal_effect=&#8221;&#8221; width=&#8221;1\/2&#8243;][elx_citation name=&#8221;Daniel Bertrand &#8211; Collaborateur blanchisserie&#8221; company=&#8221;Bourges, France&#8221;][elx_heading font_container=&#8221;h1&#8243; font_size=&#8221;h2&#8243; text_color=&#8221;inherit&#8221;]Nous voyons la diff\u00e9rence. Nos patients la ressentent. Personne mieux qu\u2019Electrolux ne comprend nos exigences si sp\u00e9cifiques en sant\u00e9 et ne nous apporte des solutions aussi excellentes.[\/elx_heading][\/elx_citation][\/vc_column][vc_column reveal_effect=&#8221;&#8221; width=&#8221;1\/2&#8243;][elx_image_block background_image=&#8221;573&#8243; minimum_height=&#8221;670px&#8221;][\/vc_column][\/vc_row][vc_row full_width=&#8221;electroluxpro-container-no-padding&#8221;][vc_column][elx_heading text_color=&#8221;inherit&#8221; text_align=&#8221;text-center&#8221;]<strong>H\u00f4pitaux:<\/strong> une hygi\u00e8ne exempte de toute bact\u00e9rie,<br \/>\nsans compromis<br \/>\n[\/elx_heading][vc_column_text]<\/p>\n<p style=\"text-align: center;\">En mati\u00e8re d\u2019hygi\u00e8ne, les h\u00f4pitaux et les centres de jour appliquent<span style=\"color: #019bbf;\">\u00a0une r\u00e9glementation tr\u00e8s stricte,<br \/>\n<\/span>y compris ce qui est du traitement et <span style=\"color: #019bbf;\">du nettoyage du linge, de la lessive, des serviettes et des v\u00eatements du personnel.\u00a0<\/span><\/p>\n<p>[\/vc_column_text][vc_empty_space height=&#8221;50px&#8221;][\/vc_column][\/vc_row][vc_row full_width=&#8221;electroluxpro-full-width-no-padding&#8221; equal_height=&#8221;yes&#8221; content_placement=&#8221;middle&#8221; video_bg=&#8221;yes&#8221; video_bg_parallax=&#8221;content-moving&#8221;][vc_column reveal_effect=&#8221;&#8221; width=&#8221;1\/2&#8243;][elx_image_block background_image=&#8221;1528&#8243; minimum_height=&#8221;600px&#8221;][\/vc_column][vc_column width=&#8221;1\/2&#8243;][elx_simple_block background_color=&#8221;inherit&#8221;][vc_column_text]<\/p>\n<ul>\n<li>Des solutions de laverie professionnelles qui satisfont aux exigences les plus strictes en mati\u00e8re d\u2019hygi\u00e8ne<\/li>\n<li>Leader mondial dans le domaine des solutions barri\u00e8res avec plus de 500 installations par an<\/li>\n<li>Des propri\u00e9t\u00e9s intelligentes dont le syst\u00e8me unique Certus Management\u2122 Information System pour une ma\u00eetrise et une tra\u00e7abilit\u00e9 maximales de tous les processus de lavage<\/li>\n<li>Une efficacit\u00e9 et une productivit\u00e9 accrues gr\u00e2ce \u00e0 plusieurs chargements par jour<\/li>\n<li>Service Excellence\u00a0: le plus vaste r\u00e9seau d\u2019installation, de pi\u00e8ces de rechange et d\u2019entretien au monde<\/li>\n<\/ul>\n<p>[\/vc_column_text][\/elx_simple_block][\/vc_column][\/vc_row][vc_row full_width=&#8221;electroluxpro-full-width-no-padding&#8221; equal_height=&#8221;yes&#8221;][vc_column width=&#8221;1\/2&#8243;][elx_simple_block background_color=&#8221;inherit&#8221;][elx_heading font_container=&#8221;h3&#8243; text_color=&#8221;inherit&#8221;]L\u2019h\u00f4pital Peking Union Medical College[\/elx_heading][vc_column_text]Compte tenu de la vitesse des \u00e9volutions sociales et urbaines de tout le pays, le PUMCH souhaite rester ultra moderne, y compris dans le domaine du traitement du linge.[\/vc_column_text][\/elx_simple_block][\/vc_column][vc_column width=&#8221;1\/2&#8243;][elx_video_block background_image=&#8221;575&#8243; video_link=&#8221;https:\/\/www.youtube.com\/watch?v=dsOhbvScsz8&#8243; minimum_height=&#8221;600px&#8221;][\/vc_column][\/vc_row][vc_row][vc_column][vc_empty_space height=&#8221;100px&#8221;][elx_heading font_container=&#8221;h3&#8243; text_color=&#8221;inherit&#8221; text_align=&#8221;text-center&#8221;]<strong>Flux du linge<\/strong>[\/elx_heading][vc_empty_space height=&#8221;20px&#8221;][vc_column_text]<\/p>\n<h4>Une solution efficace pour vous. Un style de vie confortable pour vos patients et clients.<\/h4>\n<p>Offrez \u00e0 vos occupants et patients le maximum du confort, de la s\u00e9curit\u00e9 et de l\u2019hygi\u00e8ne tout en conservant la ma\u00eetrise totale des co\u00fbts. Le linge de lit, les serviettes de toilette et les v\u00eatements n\u00e9cessitent des solutions de nettoyage sp\u00e9ciales qui \u00e9cartent les risques de contamination (crois\u00e9e).[\/vc_column_text][vc_empty_space][elx_heading font_container=&#8221;h4&#8243; font_size=&#8221;h4&#8243; text_color=&#8221;inherit&#8221;]Prenez contact avec nos experts[\/elx_heading][elx_o2000_contact_us r=&#8221;Je souhaite plus d&#8217;info \u00e0 propos des solutions de blanchisserie pour les h\u00f4pitaux. Veuillez me contacter. &#8221; s=&#8221;Demande d&#8217;info sur les solutions de buanderie pour les h\u00f4pitaux&#8221; e=&#8221;professional@electrolux.be&#8221; country=&#8221;Belgium&#8221; l=&#8221;fr-be&#8221; b=&#8221;laundry&#8221; container=&#8221;elxcontactus1480952722&#8243;][\/vc_column][\/vc_row][vc_row][vc_column][\/vc_column][\/vc_row][vc_row][vc_column][vc_empty_space height=&#8221;100px&#8221;][elx_heading font_container=&#8221;h3&#8243; text_color=&#8221;inherit&#8221; text_align=&#8221;text-center&#8221;]<strong>Pr\u00e9paration et distribution des repas<\/strong>[\/elx_heading][vc_empty_space height=&#8221;20px&#8221;][vc_column_text]<\/p>\n<h4>Electrolux Professional fournit \u00e9galement d\u2019excellentes solutions pour la pr\u00e9paration et la distribution des repas dans les environnements \u00e0 risque.<\/h4>\n<p>Les chambres d\u2019h\u00f4pital sont souvent \u00e9loign\u00e9es de la cuisine, ce qui rend la logistique d\u2019autant plus complexe et renforce le risque de retards entre la production, le service et la consommation.<\/p>\n<p>Aux c\u00f4t\u00e9s de nos experts en flux de travail, nous vous aidons \u00e0 planifier ce processus au maximum et, ainsi, \u00e0 \u00e9viter ces risques dans les grands espaces fonctionnels tels que les lieux de stockage, de r\u00e9frig\u00e9ration et de service.<\/p>\n<h4><\/h4>\n<p>[\/vc_column_text][vc_empty_space height=&#8221;20px&#8221;][vc_single_image image=&#8221;1624&#8243; img_size=&#8221;full&#8221; alignment=&#8221;center&#8221;][elx_heading font_container=&#8221;h4&#8243; text_color=&#8221;inherit&#8221;]Prenez contact avec nos experts[\/elx_heading][elx_o2000_contact_us r=&#8221;Je souhaite plus d&#8217;info \u00e0 propos des solutions de cuisine pour les h\u00f4pitaux&#8221; s=&#8221;Demande d&#8217;info sur les solutions de cuisine pour les h\u00f4pitaux&#8221; e=&#8221;professional@electrolux.be&#8221; country=&#8221;Belgium&#8221; l=&#8221;fr-be&#8221; container=&#8221;elxcontactus14809527222&#8243;][\/vc_column][\/vc_row][vc_row][vc_column][vc_empty_space height=&#8221;100px&#8221;][\/vc_column][\/vc_row][vc_row][vc_column][vc_tta_tabs active_section=&#8221;1&#8243; title=&#8221;Des solutions pour les h\u00f4pitaux&#8221;][vc_tta_section title=&#8221;Blanchisserie&#8221; tab_id=&#8221;1465542896542-38a9f91e-2d02&#8243;][vc_row_inner][vc_column_inner width=&#8221;1\/2&#8243;][vc_single_image image=&#8221;1437&#8243; img_size=&#8221;large&#8221;][\/vc_column_inner][vc_column_inner width=&#8221;1\/2&#8243;][elx_heading font_container=&#8221;h3&#8243; text_color=&#8221;orange&#8221;]L&#8217;h\u00f4pital Beijing Union, China[\/elx_heading][vc_column_text]De 7 \u00e0 10 tonnes par shift<\/p>\n<p>L&#8217;installation comprend:<\/p>\n<ul>\n<li>14 x Laveuses essoreuses Pullman Barrier<\/li>\n<li>13 x\u00a0S\u00e8che-linges<\/li>\n<li>2 x calandres C-Flex 930-2<\/li>\n<\/ul>\n<p>[\/vc_column_text][\/vc_column_inner][\/vc_row_inner][\/vc_tta_section][vc_tta_section title=&#8221;Cuisine&#8221; tab_id=&#8221;hospital-kitchen-package&#8221;][vc_row_inner][vc_column_inner width=&#8221;1\/2&#8243;][vc_single_image image=&#8221;578&#8243; img_size=&#8221;large&#8221;][\/vc_column_inner][vc_column_inner width=&#8221;1\/2&#8243;][elx_heading font_container=&#8221;h3&#8243; text_color=&#8221;orange&#8221;]Burgos, France[\/elx_heading][vc_column_text]1000 lits<\/p>\n<p>L&#8217;installation comprend:<\/p>\n<ul>\n<li>Cuisson modulaire XP.<\/li>\n<li>Fours mixtes Electrolux air-o-steam Touchline, pour un total de\u00a0800 menus par shift<\/li>\n<\/ul>\n<p>[\/vc_column_text][\/vc_column_inner][\/vc_row_inner][\/vc_tta_section][\/vc_tta_tabs][\/vc_column][\/vc_row][vc_row][vc_column][elx_heading text_color=&#8221;inherit&#8221;]Prenez contact avec nos experts[\/elx_heading][elx_o2000_contact_us r=&#8221;Je souhaite plus d&#8217;info \u00e0 propos des solutions pour les h\u00f4pitaux. Veuillez me contacter. &#8221; s=&#8221;Demande d&#8217;info: solutions pour h\u00f4pitaux&#8221; e=&#8221;professional@electrolux.be&#8221; country=&#8221;Belgium&#8221; l=&#8221;fr-be&#8221; container=&#8221;elxcontactus1466429981&#8243;][\/vc_column][\/vc_row][vc_row][vc_column][vc_empty_space height=&#8221;100px&#8221;][\/vc_column][\/vc_row][vc_row][vc_column][elx_heading font_container=&#8221;h3&#8243; font_size=&#8221;h3&#8243; text_color=&#8221;inherit&#8221;]D\u00e9couvrez plus[\/elx_heading][\/vc_column][\/vc_row][vc_row][vc_column width=&#8221;1\/3&#8243;][elx_download_block text=&#8221;Soins &amp; Sant\u00e9<br \/>\nBrochure blanchisserie&#8221; link=&#8221;http:\/\/files.professional.electrolux.com\/docs\/?n=A0004&amp;t=BR&amp;l=1&#8243; background_color=&#8221;orange&#8221; reveal_effect=&#8221;fadeIn&#8221; reveal_duration=&#8221;&#8221; reveal_delay=&#8221;&#8221;][\/vc_column][vc_column width=&#8221;1\/3&#8243;][elx_download_block text=&#8221;Brochure laveuse barri\u00e8re Hyvolution&#8221; link=&#8221;files.professional.electrolux.com\/docs\/?n=A0016&amp;t=BR&amp;l=1&#8243; background_color=&#8221;orange&#8221; reveal_effect=&#8221;fadeIn&#8221; reveal_duration=&#8221;&#8221; reveal_delay=&#8221;&#8221;][\/vc_column][vc_column width=&#8221;1\/3&#8243;][elx_download_block text=&#8221;Range Overview<br \/>\nBlanchisserie Hygi\u00e8ne&#8221; link=&#8221;http:\/\/tools.professional.electrolux.com\/Mirror\/Doc\/ELS\/RO\/RO_Hygiene%20Laundry_ENG_lo.pdf&#8221; background_color=&#8221;orange&#8221; reveal_effect=&#8221;fadeIn&#8221; reveal_duration=&#8221;&#8221; reveal_delay=&#8221;&#8221;][\/vc_column][\/vc_row]<\/p>\n","protected":false},"excerpt":{"rendered":"<p>[vc_row full_width=&#8221;electroluxpro-full-width-no-padding&#8221; equal_height=&#8221;yes&#8221; content_placement=&#8221;top&#8221;][vc_column reveal_effect=&#8221;&#8221; width=&#8221;1\/2&#8243;][elx_citation name=&#8221;Daniel Bertrand &#8211; Collaborateur blanchisserie&#8221; company=&#8221;Bourges, France&#8221;][elx_heading font_container=&#8221;h1&#8243; font_size=&#8221;h2&#8243; text_color=&#8221;inherit&#8221;]Nous voyons la diff\u00e9rence. Nos patients la ressentent. Personne mieux qu\u2019Electrolux ne comprend nos exigences si sp\u00e9cifiques en sant\u00e9 et ne nous apporte des solutions aussi excellentes.[\/elx_heading][\/elx_citation][\/vc_column][vc_column reveal_effect=&#8221;&#8221; width=&#8221;1\/2&#8243;][elx_image_block background_image=&#8221;573&#8243; minimum_height=&#8221;670px&#8221;][\/vc_column][\/vc_row][vc_row full_width=&#8221;electroluxpro-container-no-padding&#8221;][vc_column][elx_heading text_color=&#8221;inherit&#8221; text_align=&#8221;text-center&#8221;]H\u00f4pitaux: une hygi\u00e8ne exempte de toute bact\u00e9rie, [&hellip;]<\/p>\n","protected":false},"author":3,"featured_media":0,"parent":0,"menu_order":0,"comment_status":"closed","ping_status":"closed","template":"","meta":{"footnotes":""},"class_list":["post-2644","page","type-page","status-publish","hentry"],"acf":[],"yoast_head":"<!-- This site is optimized with the Yoast SEO plugin v23.3 - https:\/\/yoast.com\/wordpress\/plugins\/seo\/ -->\n<title>H\u00f4pitaux - Electrolux Professional Belgique<\/title>\n<meta name=\"robots\" content=\"index, follow, max-snippet:-1, max-image-preview:large, max-video-preview:-1\" \/>\n<link rel=\"canonical\" href=\"https:\/\/www.electroluxprofessional.com\/fr-be\/hopitaux\/\" \/>\n<meta property=\"og:locale\" content=\"fr_FR\" \/>\n<meta property=\"og:type\" content=\"article\" \/>\n<meta property=\"og:title\" content=\"H\u00f4pitaux - Electrolux Professional Belgique\" \/>\n<meta property=\"og:description\" content=\"[vc_row full_width=&#8221;electroluxpro-full-width-no-padding&#8221; equal_height=&#8221;yes&#8221; content_placement=&#8221;top&#8221;][vc_column reveal_effect=&#8221;&#8221; width=&#8221;1\/2&#8243;][elx_citation name=&#8221;Daniel Bertrand &#8211; Collaborateur blanchisserie&#8221; company=&#8221;Bourges, France&#8221;][elx_heading font_container=&#8221;h1&#8243; font_size=&#8221;h2&#8243; text_color=&#8221;inherit&#8221;]Nous voyons la diff\u00e9rence. Nos patients la ressentent. Personne mieux qu\u2019Electrolux ne comprend nos exigences si sp\u00e9cifiques en sant\u00e9 et ne nous apporte des solutions aussi excellentes.[\/elx_heading][\/elx_citation][\/vc_column][vc_column reveal_effect=&#8221;&#8221; width=&#8221;1\/2&#8243;][elx_image_block background_image=&#8221;573&#8243; minimum_height=&#8221;670px&#8221;][\/vc_column][\/vc_row][vc_row full_width=&#8221;electroluxpro-container-no-padding&#8221;][vc_column][elx_heading text_color=&#8221;inherit&#8221; text_align=&#8221;text-center&#8221;]H\u00f4pitaux: une hygi\u00e8ne exempte de toute bact\u00e9rie, [&hellip;]\" \/>\n<meta property=\"og:url\" content=\"https:\/\/www.electroluxprofessional.com\/fr-be\/hopitaux\/\" \/>\n<meta property=\"og:site_name\" content=\"Electrolux Professional Belgique\" \/>\n<meta property=\"article:modified_time\" content=\"2017-10-20T07:59:43+00:00\" \/>\n<meta name=\"twitter:card\" content=\"summary_large_image\" \/>\n<meta name=\"twitter:label1\" content=\"Dur\u00e9e de lecture est.\" \/>\n\t<meta name=\"twitter:data1\" content=\"6 minutes\" \/>\n<script type=\"application\/ld+json\" class=\"yoast-schema-graph\">{\"@context\":\"https:\/\/schema.org\",\"@graph\":[{\"@type\":\"WebPage\",\"@id\":\"https:\/\/www.electroluxprofessional.com\/fr-be\/hopitaux\/\",\"url\":\"https:\/\/www.electroluxprofessional.com\/fr-be\/hopitaux\/\",\"name\":\"H\u00f4pitaux - Electrolux Professional Belgique\",\"isPartOf\":{\"@id\":\"https:\/\/www.electroluxprofessional.com\/fr-be\/#website\"},\"datePublished\":\"2017-06-02T14:56:55+00:00\",\"dateModified\":\"2017-10-20T07:59:43+00:00\",\"breadcrumb\":{\"@id\":\"https:\/\/www.electroluxprofessional.com\/fr-be\/hopitaux\/#breadcrumb\"},\"inLanguage\":\"fr-BE\",\"potentialAction\":[{\"@type\":\"ReadAction\",\"target\":[\"https:\/\/www.electroluxprofessional.com\/fr-be\/hopitaux\/\"]}]},{\"@type\":\"BreadcrumbList\",\"@id\":\"https:\/\/www.electroluxprofessional.com\/fr-be\/hopitaux\/#breadcrumb\",\"itemListElement\":[{\"@type\":\"ListItem\",\"position\":1,\"name\":\"Home\",\"item\":\"https:\/\/www.electroluxprofessional.com\/fr-be\/\"},{\"@type\":\"ListItem\",\"position\":2,\"name\":\"H\u00f4pitaux\"}]},{\"@type\":\"WebSite\",\"@id\":\"https:\/\/www.electroluxprofessional.com\/fr-be\/#website\",\"url\":\"https:\/\/www.electroluxprofessional.com\/fr-be\/\",\"name\":\"Electrolux Professional Belgique\",\"description\":\"Electrolux Professional est le leader mondial en mati\u00e8re d&#039;\u00e9quipements de cuisines et de blanchisseries professionnelles.\",\"potentialAction\":[{\"@type\":\"SearchAction\",\"target\":{\"@type\":\"EntryPoint\",\"urlTemplate\":\"https:\/\/www.electroluxprofessional.com\/fr-be\/?src={search_term_string}\"},\"query-input\":\"required name=search_term_string\"}],\"inLanguage\":\"fr-BE\"}]}<\/script>\n<!-- \/ Yoast SEO plugin. -->","yoast_head_json":{"title":"H\u00f4pitaux - Electrolux Professional Belgique","robots":{"index":"index","follow":"follow","max-snippet":"max-snippet:-1","max-image-preview":"max-image-preview:large","max-video-preview":"max-video-preview:-1"},"canonical":"https:\/\/www.electroluxprofessional.com\/fr-be\/hopitaux\/","og_locale":"fr_FR","og_type":"article","og_title":"H\u00f4pitaux - Electrolux Professional Belgique","og_description":"[vc_row full_width=&#8221;electroluxpro-full-width-no-padding&#8221; equal_height=&#8221;yes&#8221; content_placement=&#8221;top&#8221;][vc_column reveal_effect=&#8221;&#8221; width=&#8221;1\/2&#8243;][elx_citation name=&#8221;Daniel Bertrand &#8211; Collaborateur blanchisserie&#8221; company=&#8221;Bourges, France&#8221;][elx_heading font_container=&#8221;h1&#8243; font_size=&#8221;h2&#8243; text_color=&#8221;inherit&#8221;]Nous voyons la diff\u00e9rence. Nos patients la ressentent. Personne mieux qu\u2019Electrolux ne comprend nos exigences si sp\u00e9cifiques en sant\u00e9 et ne nous apporte des solutions aussi excellentes.[\/elx_heading][\/elx_citation][\/vc_column][vc_column reveal_effect=&#8221;&#8221; width=&#8221;1\/2&#8243;][elx_image_block background_image=&#8221;573&#8243; minimum_height=&#8221;670px&#8221;][\/vc_column][\/vc_row][vc_row full_width=&#8221;electroluxpro-container-no-padding&#8221;][vc_column][elx_heading text_color=&#8221;inherit&#8221; text_align=&#8221;text-center&#8221;]H\u00f4pitaux: une hygi\u00e8ne exempte de toute bact\u00e9rie, [&hellip;]","og_url":"https:\/\/www.electroluxprofessional.com\/fr-be\/hopitaux\/","og_site_name":"Electrolux Professional Belgique","article_modified_time":"2017-10-20T07:59:43+00:00","twitter_card":"summary_large_image","twitter_misc":{"Dur\u00e9e de lecture est.":"6 minutes"},"schema":{"@context":"https:\/\/schema.org","@graph":[{"@type":"WebPage","@id":"https:\/\/www.electroluxprofessional.com\/fr-be\/hopitaux\/","url":"https:\/\/www.electroluxprofessional.com\/fr-be\/hopitaux\/","name":"H\u00f4pitaux - Electrolux Professional Belgique","isPartOf":{"@id":"https:\/\/www.electroluxprofessional.com\/fr-be\/#website"},"datePublished":"2017-06-02T14:56:55+00:00","dateModified":"2017-10-20T07:59:43+00:00","breadcrumb":{"@id":"https:\/\/www.electroluxprofessional.com\/fr-be\/hopitaux\/#breadcrumb"},"inLanguage":"fr-BE","potentialAction":[{"@type":"ReadAction","target":["https:\/\/www.electroluxprofessional.com\/fr-be\/hopitaux\/"]}]},{"@type":"BreadcrumbList","@id":"https:\/\/www.electroluxprofessional.com\/fr-be\/hopitaux\/#breadcrumb","itemListElement":[{"@type":"ListItem","position":1,"name":"Home","item":"https:\/\/www.electroluxprofessional.com\/fr-be\/"},{"@type":"ListItem","position":2,"name":"H\u00f4pitaux"}]},{"@type":"WebSite","@id":"https:\/\/www.electroluxprofessional.com\/fr-be\/#website","url":"https:\/\/www.electroluxprofessional.com\/fr-be\/","name":"Electrolux Professional Belgique","description":"Electrolux Professional est le leader mondial en mati\u00e8re d&#039;\u00e9quipements de cuisines et de blanchisseries professionnelles.","potentialAction":[{"@type":"SearchAction","target":{"@type":"EntryPoint","urlTemplate":"https:\/\/www.electroluxprofessional.com\/fr-be\/?src={search_term_string}"},"query-input":"required name=search_term_string"}],"inLanguage":"fr-BE"}]}},"_links":{"self":[{"href":"https:\/\/www.electroluxprofessional.com\/fr-be\/wp-json\/wp\/v2\/pages\/2644"}],"collection":[{"href":"https:\/\/www.electroluxprofessional.com\/fr-be\/wp-json\/wp\/v2\/pages"}],"about":[{"href":"https:\/\/www.electroluxprofessional.com\/fr-be\/wp-json\/wp\/v2\/types\/page"}],"author":[{"embeddable":true,"href":"https:\/\/www.electroluxprofessional.com\/fr-be\/wp-json\/wp\/v2\/users\/3"}],"replies":[{"embeddable":true,"href":"https:\/\/www.electroluxprofessional.com\/fr-be\/wp-json\/wp\/v2\/comments?post=2644"}],"version-history":[{"count":5,"href":"https:\/\/www.electroluxprofessional.com\/fr-be\/wp-json\/wp\/v2\/pages\/2644\/revisions"}],"predecessor-version":[{"id":5007,"href":"https:\/\/www.electroluxprofessional.com\/fr-be\/wp-json\/wp\/v2\/pages\/2644\/revisions\/5007"}],"wp:attachment":[{"href":"https:\/\/www.electroluxprofessional.com\/fr-be\/wp-json\/wp\/v2\/media?parent=2644"}],"curies":[{"name":"wp","href":"https:\/\/api.w.org\/{rel}","templated":true}]}}