{"id":2606,"date":"2017-06-02T14:48:46","date_gmt":"2017-06-02T14:48:46","guid":{"rendered":"https:\/\/www.electroluxprofessional.com\/fr-be\/?page_id=2606"},"modified":"2025-11-05T16:18:17","modified_gmt":"2025-11-05T16:18:17","slug":"900xp-700xp-cuisson-modulaire","status":"publish","type":"page","link":"https:\/\/www.electroluxprofessional.com\/fr-be\/cuisine-2\/900xp-700xp-cuisson-modulaire\/","title":{"rendered":"900XP et 700XP &#8211; cuisson modulaire"},"content":{"rendered":"<p>[vc_row full_width=&#8221;electroluxpro-full-width-no-padding&#8221;][vc_column][vc_single_image image=&#8221;7562&#8243; img_size=&#8221;full&#8221;][\/vc_column][\/vc_row][vc_row][vc_column][vc_empty_space][elx_heading font_container=&#8221;h1&#8243; font_size=&#8221;h2&#8243; text_color=&#8221;inherit&#8221;]900XP et 700XP cuisson modulaire<br \/>\nFaites confiance \u00e0 l\u2019eXP\u00e9rience[\/elx_heading][vc_empty_space][\/vc_column][\/vc_row][vc_row][vc_column][elx_heading font_container=&#8221;h3&#8243; text_color=&#8221;inherit&#8221;]<\/p>\n<p style=\"text-align: center;\">Les gammes <strong>900XP et 700XP<\/strong>\u00a0s\u2019adaptent parfaitement \u00e0 tous les types de restaurants<\/p>\n<p>[\/elx_heading][vc_single_image image=&#8221;862&#8243; img_size=&#8221;full&#8221; alignment=&#8221;center&#8221;][elx_heading font_container=&#8221;h3&#8243; text_color=&#8221;inherit&#8221;]<\/p>\n<p style=\"text-align: center;\">\u00a0La gamme 900XP<\/p>\n<p>[\/elx_heading][vc_column_text]<\/p>\n<ul>\n<li><strong>Le cuiseur \u00e0 p\u00e2tes HP<\/strong> automatique est extr\u00eamement polyvalent. En plus des p\u00e2tes, il permet de pr\u00e9parer de la viande, des l\u00e9gumes, des pommes de terre, du riz, des c\u00e9r\u00e9ales&#8230;<\/li>\n<li><strong>PowerGrill\u00a0<\/strong>: syst\u00e8me de grill de haute performance et r\u00e9partition de la chaleur sup\u00e9rieure.<\/li>\n<li><strong>Plaque de cuisson HP de 1200\u00a0mm de large<\/strong>\u00a0: une productivit\u00e9 et une qualit\u00e9 de pr\u00e9paration excellentes.<\/li>\n<li><strong>Four \u00e0 convection au gaz<\/strong>\u00a0: productivit\u00e9 accrue gr\u00e2ce \u00e0 une cuisson sur deux niveaux. Exploitez tout le potentiel de votre cuisine\u00a0!<\/li>\n<li><strong>Br\u00fbleurs \u00ab\u00a0flower flame\u00a0\u00bb<\/strong>\u00a0: la flamme s\u2019adapte au diam\u00e8tre des casseroles et des po\u00eales pour \u00e9viter la dispersion de chaleur.<\/li>\n<li><strong>Profondeur<\/strong> standard de 900 mm<\/li>\n<\/ul>\n<p>[\/vc_column_text][\/vc_column][\/vc_row][vc_row][vc_column][vc_single_image image=&#8221;863&#8243; img_size=&#8221;full&#8221; alignment=&#8221;center&#8221;][elx_heading font_container=&#8221;h3&#8243; text_color=&#8221;inherit&#8221;]<\/p>\n<p style=\"text-align: center;\">La gamme 700XP<\/p>\n<p>[\/elx_heading][vc_column_text]La nouvelle gamme <strong>700XP<\/strong> comprend un ensemble d\u2019innovations intelligentes qui am\u00e9liorent l\u2019efficacit\u00e9 et la productivit\u00e9\u00a0:<\/p>\n<ul>\n<li>De haute puissance, <strong>la plaque et le wok \u00e0 induction<\/strong> renforcent les prestations et garantissent une dispersion limit\u00e9e de la chaleur, ce qui vous permet de r\u00e9aliser des \u00e9conomies et de b\u00e9n\u00e9ficier d\u2019un environnement de travail plus confortable.<\/li>\n<li><strong>La plaque de cuisson \u00e9lectrique,<\/strong> en version top\u00a0offre aux cuisines petites et intensives une productivit\u00e9 accrue par rapport aux plaques \u00e9lectriques classiques.<\/li>\n<li><strong>Les br\u00fbleurs \u00ab\u00a0flower flame\u00a0\u00bb<\/strong> exclusifs garantissent flexibilit\u00e9 et haute performance. Gr\u00e2ce \u00e0 leur forme unique, la flamme s\u2019adapte au diam\u00e8tre de toute casserole ou po\u00eale.<\/li>\n<li><strong>Profondeur<\/strong> standard de 700 mm<\/li>\n<\/ul>\n<p>[\/vc_column_text][vc_empty_space][elx_heading text_color=&#8221;inherit&#8221;]Les fonctions phares de la gamme XP[\/elx_heading][vc_empty_space][\/vc_column][\/vc_row][vc_row][vc_column width=&#8221;1\/4&#8243;][elx_video_block background_image=&#8221;863&#8243; minimum_height=&#8221;260px&#8221; video_link=&#8221;https:\/\/www.youtube.com\/watch?v=EziYOEzRN3o&#8221;][vc_column_text]Competition de cuisson[\/vc_column_text][\/vc_column][vc_column width=&#8221;1\/4&#8243;][elx_video_block background_image=&#8221;371&#8243; minimum_height=&#8221;260px&#8221; video_link=&#8221;https:\/\/www.youtube.com\/watch?v=gInEICEb3BM&#8221;][vc_column_text]<\/p>\n<div id=\"watch7-headline\" class=\"clearfix\">\n<div id=\"watch-headline-title\">\n<p class=\"watch-title-container\">Flower flame<\/p>\n<\/div>\n<\/div>\n<p>[\/vc_column_text][\/vc_column][vc_column width=&#8221;1\/4&#8243;][elx_video_block background_image=&#8221;789&#8243; minimum_height=&#8221;260px&#8221; video_link=&#8221;https:\/\/www.youtube.com\/watch?v=aKQRPw9_TwY&#8221;][vc_column_text]Cuiseur \u00e0 p\u00e2tes[\/vc_column_text][\/vc_column][vc_column width=&#8221;1\/4&#8243;][elx_video_block background_image=&#8221;1726&#8243; video_link=&#8221;https:\/\/www.youtube.com\/watch?v=aKQRPw9_TwY&#8221; minimum_height=&#8221;260px&#8221;][vc_column_text]Cuisson modulaire[\/vc_column_text][\/vc_column][\/vc_row][vc_row disable_element=&#8221;yes&#8221;][vc_column][vc_empty_space height=&#8221;50px&#8221;][elx_heading font_size=&#8221;h3&#8243; text_color=&#8221;inherit&#8221; text_align=&#8221;text-center&#8221;]D\u00e9couvrez votre solution compl\u00e8te[\/elx_heading][\/vc_column][\/vc_row][vc_row disable_element=&#8221;yes&#8221;][vc_column width=&#8221;1\/3&#8243;][elx_maylike_box id_box=&#8221;3183&#8243;][\/vc_column][vc_column width=&#8221;1\/3&#8243;][elx_maylike_box id_box=&#8221;3209&#8243;][\/vc_column][vc_column width=&#8221;1\/3&#8243;][elx_maylike_box id_box=&#8221;4739&#8243;][\/vc_column][\/vc_row][vc_row][vc_column][vc_empty_space height=&#8221;50px&#8221;][elx_heading text_color=&#8221;inherit&#8221; text_align=&#8221;text-center&#8221;]D\u00e9couvrez les avantages de nos gammes 900XP et 700XP pour votre business[\/elx_heading][elx_o2000_contact_us s=&#8221;Demande d&#8217;info: cuisson modulaire 900XP et 700XP&#8221; country=&#8221;Belgium&#8221; container=&#8221;elxcontactus1466427977&#8243; r=&#8221;Je souhaite plus d&#8217;info \u00e0 propos des gammes 900XP et 700XP. Veuillez me contacter.&#8221; l=&#8221;fr-be&#8221; e=&#8221;professional@electrolux.be&#8221;][vc_empty_space height=&#8221;50px&#8221;][\/vc_column][\/vc_row]<\/p>\n","protected":false},"excerpt":{"rendered":"<p>[vc_row full_width=&#8221;electroluxpro-full-width-no-padding&#8221;][vc_column][vc_single_image image=&#8221;7562&#8243; img_size=&#8221;full&#8221;][\/vc_column][\/vc_row][vc_row][vc_column][vc_empty_space][elx_heading font_container=&#8221;h1&#8243; font_size=&#8221;h2&#8243; text_color=&#8221;inherit&#8221;]900XP et 700XP cuisson modulaire Faites confiance \u00e0 l\u2019eXP\u00e9rience[\/elx_heading][vc_empty_space][\/vc_column][\/vc_row][vc_row][vc_column][elx_heading font_container=&#8221;h3&#8243; text_color=&#8221;inherit&#8221;] Les gammes 900XP et 700XP\u00a0s\u2019adaptent parfaitement \u00e0 tous les types de restaurants [\/elx_heading][vc_single_image image=&#8221;862&#8243; img_size=&#8221;full&#8221; alignment=&#8221;center&#8221;][elx_heading font_container=&#8221;h3&#8243; text_color=&#8221;inherit&#8221;] \u00a0La gamme 900XP [\/elx_heading][vc_column_text] Le cuiseur \u00e0 p\u00e2tes HP automatique est extr\u00eamement polyvalent. En plus des p\u00e2tes, il permet de [&hellip;]<\/p>\n","protected":false},"author":3,"featured_media":0,"parent":9308,"menu_order":0,"comment_status":"closed","ping_status":"closed","template":"","meta":{"footnotes":""},"class_list":["post-2606","page","type-page","status-publish","hentry"],"acf":[],"yoast_head":"<!-- This site is optimized with the Yoast SEO plugin v23.3 - https:\/\/yoast.com\/wordpress\/plugins\/seo\/ -->\n<title>900XP et 700XP - cuisson modulaire - Electrolux Professional Belgique<\/title>\n<meta name=\"description\" content=\"Faites confiance \u00e0 l\u2019eXP\u00e9rience. Les gammes 900XP et 700XP s\u2019adaptent parfaitement \u00e0 tous les types de restaurants.\" \/>\n<meta name=\"robots\" content=\"index, follow, max-snippet:-1, max-image-preview:large, max-video-preview:-1\" \/>\n<link rel=\"canonical\" href=\"https:\/\/www.electroluxprofessional.com\/fr-be\/cuisine-2\/900xp-700xp-cuisson-modulaire\/\" \/>\n<meta property=\"og:locale\" content=\"fr_FR\" \/>\n<meta property=\"og:type\" content=\"article\" \/>\n<meta property=\"og:title\" content=\"900XP et 700XP - cuisson modulaire - Electrolux Professional Belgique\" \/>\n<meta property=\"og:description\" content=\"Faites confiance \u00e0 l\u2019eXP\u00e9rience. Les gammes 900XP et 700XP s\u2019adaptent parfaitement \u00e0 tous les types de restaurants.\" \/>\n<meta property=\"og:url\" content=\"https:\/\/www.electroluxprofessional.com\/fr-be\/cuisine-2\/900xp-700xp-cuisson-modulaire\/\" \/>\n<meta property=\"og:site_name\" content=\"Electrolux Professional Belgique\" \/>\n<meta property=\"article:modified_time\" content=\"2025-11-05T16:18:17+00:00\" \/>\n<meta name=\"twitter:card\" content=\"summary_large_image\" \/>\n<meta name=\"twitter:label1\" content=\"Dur\u00e9e de lecture est.\" \/>\n\t<meta name=\"twitter:data1\" content=\"4 minutes\" \/>\n<script type=\"application\/ld+json\" class=\"yoast-schema-graph\">{\"@context\":\"https:\/\/schema.org\",\"@graph\":[{\"@type\":\"WebPage\",\"@id\":\"https:\/\/www.electroluxprofessional.com\/fr-be\/cuisine-2\/900xp-700xp-cuisson-modulaire\/\",\"url\":\"https:\/\/www.electroluxprofessional.com\/fr-be\/cuisine-2\/900xp-700xp-cuisson-modulaire\/\",\"name\":\"900XP et 700XP - cuisson modulaire - Electrolux Professional Belgique\",\"isPartOf\":{\"@id\":\"https:\/\/www.electroluxprofessional.com\/fr-be\/#website\"},\"datePublished\":\"2017-06-02T14:48:46+00:00\",\"dateModified\":\"2025-11-05T16:18:17+00:00\",\"description\":\"Faites confiance \u00e0 l\u2019eXP\u00e9rience. Les gammes 900XP et 700XP s\u2019adaptent parfaitement \u00e0 tous les types de restaurants.\",\"breadcrumb\":{\"@id\":\"https:\/\/www.electroluxprofessional.com\/fr-be\/cuisine-2\/900xp-700xp-cuisson-modulaire\/#breadcrumb\"},\"inLanguage\":\"fr-BE\",\"potentialAction\":[{\"@type\":\"ReadAction\",\"target\":[\"https:\/\/www.electroluxprofessional.com\/fr-be\/cuisine-2\/900xp-700xp-cuisson-modulaire\/\"]}]},{\"@type\":\"BreadcrumbList\",\"@id\":\"https:\/\/www.electroluxprofessional.com\/fr-be\/cuisine-2\/900xp-700xp-cuisson-modulaire\/#breadcrumb\",\"itemListElement\":[{\"@type\":\"ListItem\",\"position\":1,\"name\":\"Home\",\"item\":\"https:\/\/www.electroluxprofessional.com\/fr-be\/\"},{\"@type\":\"ListItem\",\"position\":2,\"name\":\"Cuisine\",\"item\":\"https:\/\/www.electroluxprofessional.com\/fr-be\/cuisine-2\/\"},{\"@type\":\"ListItem\",\"position\":3,\"name\":\"900XP et 700XP &#8211; cuisson modulaire\"}]},{\"@type\":\"WebSite\",\"@id\":\"https:\/\/www.electroluxprofessional.com\/fr-be\/#website\",\"url\":\"https:\/\/www.electroluxprofessional.com\/fr-be\/\",\"name\":\"Electrolux Professional Belgique\",\"description\":\"Electrolux Professional est le leader mondial en mati\u00e8re d&#039;\u00e9quipements de cuisines et de blanchisseries professionnelles.\",\"potentialAction\":[{\"@type\":\"SearchAction\",\"target\":{\"@type\":\"EntryPoint\",\"urlTemplate\":\"https:\/\/www.electroluxprofessional.com\/fr-be\/?src={search_term_string}\"},\"query-input\":\"required name=search_term_string\"}],\"inLanguage\":\"fr-BE\"}]}<\/script>\n<!-- \/ Yoast SEO plugin. -->","yoast_head_json":{"title":"900XP et 700XP - cuisson modulaire - Electrolux Professional Belgique","description":"Faites confiance \u00e0 l\u2019eXP\u00e9rience. Les gammes 900XP et 700XP s\u2019adaptent parfaitement \u00e0 tous les types de restaurants.","robots":{"index":"index","follow":"follow","max-snippet":"max-snippet:-1","max-image-preview":"max-image-preview:large","max-video-preview":"max-video-preview:-1"},"canonical":"https:\/\/www.electroluxprofessional.com\/fr-be\/cuisine-2\/900xp-700xp-cuisson-modulaire\/","og_locale":"fr_FR","og_type":"article","og_title":"900XP et 700XP - cuisson modulaire - Electrolux Professional Belgique","og_description":"Faites confiance \u00e0 l\u2019eXP\u00e9rience. Les gammes 900XP et 700XP s\u2019adaptent parfaitement \u00e0 tous les types de restaurants.","og_url":"https:\/\/www.electroluxprofessional.com\/fr-be\/cuisine-2\/900xp-700xp-cuisson-modulaire\/","og_site_name":"Electrolux Professional Belgique","article_modified_time":"2025-11-05T16:18:17+00:00","twitter_card":"summary_large_image","twitter_misc":{"Dur\u00e9e de lecture est.":"4 minutes"},"schema":{"@context":"https:\/\/schema.org","@graph":[{"@type":"WebPage","@id":"https:\/\/www.electroluxprofessional.com\/fr-be\/cuisine-2\/900xp-700xp-cuisson-modulaire\/","url":"https:\/\/www.electroluxprofessional.com\/fr-be\/cuisine-2\/900xp-700xp-cuisson-modulaire\/","name":"900XP et 700XP - cuisson modulaire - Electrolux Professional Belgique","isPartOf":{"@id":"https:\/\/www.electroluxprofessional.com\/fr-be\/#website"},"datePublished":"2017-06-02T14:48:46+00:00","dateModified":"2025-11-05T16:18:17+00:00","description":"Faites confiance \u00e0 l\u2019eXP\u00e9rience. Les gammes 900XP et 700XP s\u2019adaptent parfaitement \u00e0 tous les types de restaurants.","breadcrumb":{"@id":"https:\/\/www.electroluxprofessional.com\/fr-be\/cuisine-2\/900xp-700xp-cuisson-modulaire\/#breadcrumb"},"inLanguage":"fr-BE","potentialAction":[{"@type":"ReadAction","target":["https:\/\/www.electroluxprofessional.com\/fr-be\/cuisine-2\/900xp-700xp-cuisson-modulaire\/"]}]},{"@type":"BreadcrumbList","@id":"https:\/\/www.electroluxprofessional.com\/fr-be\/cuisine-2\/900xp-700xp-cuisson-modulaire\/#breadcrumb","itemListElement":[{"@type":"ListItem","position":1,"name":"Home","item":"https:\/\/www.electroluxprofessional.com\/fr-be\/"},{"@type":"ListItem","position":2,"name":"Cuisine","item":"https:\/\/www.electroluxprofessional.com\/fr-be\/cuisine-2\/"},{"@type":"ListItem","position":3,"name":"900XP et 700XP &#8211; cuisson modulaire"}]},{"@type":"WebSite","@id":"https:\/\/www.electroluxprofessional.com\/fr-be\/#website","url":"https:\/\/www.electroluxprofessional.com\/fr-be\/","name":"Electrolux Professional Belgique","description":"Electrolux Professional est le leader mondial en mati\u00e8re d&#039;\u00e9quipements de cuisines et de blanchisseries professionnelles.","potentialAction":[{"@type":"SearchAction","target":{"@type":"EntryPoint","urlTemplate":"https:\/\/www.electroluxprofessional.com\/fr-be\/?src={search_term_string}"},"query-input":"required name=search_term_string"}],"inLanguage":"fr-BE"}]}},"_links":{"self":[{"href":"https:\/\/www.electroluxprofessional.com\/fr-be\/wp-json\/wp\/v2\/pages\/2606"}],"collection":[{"href":"https:\/\/www.electroluxprofessional.com\/fr-be\/wp-json\/wp\/v2\/pages"}],"about":[{"href":"https:\/\/www.electroluxprofessional.com\/fr-be\/wp-json\/wp\/v2\/types\/page"}],"author":[{"embeddable":true,"href":"https:\/\/www.electroluxprofessional.com\/fr-be\/wp-json\/wp\/v2\/users\/3"}],"replies":[{"embeddable":true,"href":"https:\/\/www.electroluxprofessional.com\/fr-be\/wp-json\/wp\/v2\/comments?post=2606"}],"version-history":[{"count":14,"href":"https:\/\/www.electroluxprofessional.com\/fr-be\/wp-json\/wp\/v2\/pages\/2606\/revisions"}],"predecessor-version":[{"id":14066,"href":"https:\/\/www.electroluxprofessional.com\/fr-be\/wp-json\/wp\/v2\/pages\/2606\/revisions\/14066"}],"up":[{"embeddable":true,"href":"https:\/\/www.electroluxprofessional.com\/fr-be\/wp-json\/wp\/v2\/pages\/9308"}],"wp:attachment":[{"href":"https:\/\/www.electroluxprofessional.com\/fr-be\/wp-json\/wp\/v2\/media?parent=2606"}],"curies":[{"name":"wp","href":"https:\/\/api.w.org\/{rel}","templated":true}]}}