{"id":2600,"date":"2017-06-02T14:47:41","date_gmt":"2017-06-02T14:47:41","guid":{"rendered":"https:\/\/www.electroluxprofessional.com\/fr-be\/?page_id=2600"},"modified":"2025-11-05T16:26:38","modified_gmt":"2025-11-05T16:26:38","slug":"chambres-froides","status":"publish","type":"page","link":"https:\/\/www.electroluxprofessional.com\/fr-be\/cuisine-2\/chambres-froides\/","title":{"rendered":"Chambres froides"},"content":{"rendered":"<p>[vc_row full_width=&#8221;electroluxpro-full-width-no-padding&#8221;][vc_column][elx_image_block background_image=&#8221;1870&#8243; minimum_height=&#8221;400px&#8221;][\/vc_column][\/vc_row][vc_row][vc_column][vc_empty_space][elx_heading font_container=&#8221;h1&#8243; font_size=&#8221;h2&#8243; text_color=&#8221;inherit&#8221; text_align=&#8221;text-center&#8221;]Chambres froides[\/elx_heading][vc_empty_space height=&#8221;50px&#8221;][\/vc_column][\/vc_row][vc_row][vc_column width=&#8221;2\/3&#8243;][vc_column_text]Les chambres froides d\u2019Electrolux Professional sont disponibles en diff\u00e9rentes tailles et pour diverses fonctions. Elles sont con\u00e7ues pour fonctionner dans des temp\u00e9ratures extr\u00eames (+43\u00b0\u00a0C).<\/p>\n<p>La gamme se compose de chambres de r\u00e9frig\u00e9ration et de cong\u00e9lation (-18\/-20\u00b0\u00a0C) <strong>standards ou avec groupes \u00e0 distance<\/strong>.<\/p>\n<p>Nos chambres froides assurent <strong>la d\u00e9cong\u00e9lation au moyen de gaz r\u00e9chauff\u00e9<\/strong> et de l\u2019\u00e9vaporation de l\u2019eau de d\u00e9cong\u00e9lation. Cette technologie permet de <strong>r\u00e9duire la consommation globale d\u2019\u00e9nergie<\/strong>, puisque le temps de d\u00e9cong\u00e9lation est acc\u00e9l\u00e9r\u00e9 et le chauffage de la chambre est limit\u00e9.[\/vc_column_text][\/vc_column][vc_column width=&#8221;1\/3&#8243;][vc_single_image image=&#8221;1871&#8243; img_size=&#8221;full&#8221;][\/vc_column][\/vc_row][vc_row][vc_column][elx_heading font_size=&#8221;h3&#8243; text_color=&#8221;inherit&#8221; text_align=&#8221;text-center&#8221;]D\u00e9couvrez les avantages de nos chambres froides pour votre business[\/elx_heading][\/vc_column][\/vc_row][vc_row][vc_column width=&#8221;1\/3&#8243;][elx_maylike_box id_box=&#8221;3183&#8243;][\/vc_column][vc_column width=&#8221;1\/3&#8243;][elx_maylike_box id_box=&#8221;3209&#8243;][\/vc_column][vc_column width=&#8221;1\/3&#8243;][elx_maylike_box id_box=&#8221;3236&#8243;][\/vc_column][\/vc_row][vc_row][vc_column][vc_empty_space height=&#8221;50px&#8221;][elx_heading text_color=&#8221;inherit&#8221; text_align=&#8221;text-center&#8221;]D\u00e9couvrez les avantages de nos chambres froides pour votre business[\/elx_heading][elx_o2000_contact_us r=&#8221;Je souhaite plus d&#8217;info \u00e0 propos des chambres froides. Veuilez me contacter.&#8221; s=&#8221;Demande d&#8217;info \u00e0 propos des chambres froides&#8221; country=&#8221;Belgium&#8221; l=&#8221;fr-be&#8221; e=&#8221;professional@electrolux.be&#8221; container=&#8221;elxcontactus1480430220&#8243;][vc_empty_space height=&#8221;50px&#8221;][\/vc_column][\/vc_row][vc_row][vc_column]<div class=\"com21-product-filter-container 23\">[\/vc_column][\/vc_row]<\/p>\n","protected":false},"excerpt":{"rendered":"<p>[vc_row full_width=&#8221;electroluxpro-full-width-no-padding&#8221;][vc_column][elx_image_block background_image=&#8221;1870&#8243; minimum_height=&#8221;400px&#8221;][\/vc_column][\/vc_row][vc_row][vc_column][vc_empty_space][elx_heading font_container=&#8221;h1&#8243; font_size=&#8221;h2&#8243; text_color=&#8221;inherit&#8221; text_align=&#8221;text-center&#8221;]Chambres froides[\/elx_heading][vc_empty_space height=&#8221;50px&#8221;][\/vc_column][\/vc_row][vc_row][vc_column width=&#8221;2\/3&#8243;][vc_column_text]Les chambres froides d\u2019Electrolux Professional sont disponibles en diff\u00e9rentes tailles et pour diverses fonctions. Elles sont con\u00e7ues pour fonctionner dans des temp\u00e9ratures extr\u00eames (+43\u00b0\u00a0C). La gamme se compose de chambres de r\u00e9frig\u00e9ration et de cong\u00e9lation (-18\/-20\u00b0\u00a0C) standards ou avec groupes \u00e0 distance. Nos chambres froides [&hellip;]<\/p>\n","protected":false},"author":3,"featured_media":0,"parent":9308,"menu_order":0,"comment_status":"closed","ping_status":"closed","template":"","meta":{"footnotes":""},"class_list":["post-2600","page","type-page","status-publish","hentry"],"acf":[],"yoast_head":"<!-- This site is optimized with the Yoast SEO plugin v23.3 - https:\/\/yoast.com\/wordpress\/plugins\/seo\/ -->\n<title>Chambres froides - Electrolux Professional Belgique<\/title>\n<meta name=\"description\" content=\"Les chambres froides d\u2019Electrolux Professional sont disponibles en diff\u00e9rentes tailles et pour diverses fonctions. Elles sont con\u00e7ues pour fonctionner dans des temp\u00e9ratures extr\u00eames (+43\u00b0\u00a0C).\" \/>\n<meta name=\"robots\" content=\"index, follow, max-snippet:-1, max-image-preview:large, max-video-preview:-1\" \/>\n<link rel=\"canonical\" href=\"https:\/\/www.electroluxprofessional.com\/fr-be\/cuisine-2\/chambres-froides\/\" \/>\n<meta property=\"og:locale\" content=\"fr_FR\" \/>\n<meta property=\"og:type\" content=\"article\" \/>\n<meta property=\"og:title\" content=\"Chambres froides - Electrolux Professional Belgique\" \/>\n<meta property=\"og:description\" content=\"Les chambres froides d\u2019Electrolux Professional sont disponibles en diff\u00e9rentes tailles et pour diverses fonctions. Elles sont con\u00e7ues pour fonctionner dans des temp\u00e9ratures extr\u00eames (+43\u00b0\u00a0C).\" \/>\n<meta property=\"og:url\" content=\"https:\/\/www.electroluxprofessional.com\/fr-be\/cuisine-2\/chambres-froides\/\" \/>\n<meta property=\"og:site_name\" content=\"Electrolux Professional Belgique\" \/>\n<meta property=\"article:modified_time\" content=\"2025-11-05T16:26:38+00:00\" \/>\n<meta name=\"twitter:card\" content=\"summary_large_image\" \/>\n<meta name=\"twitter:label1\" content=\"Dur\u00e9e de lecture est.\" \/>\n\t<meta name=\"twitter:data1\" content=\"1 minute\" \/>\n<script type=\"application\/ld+json\" class=\"yoast-schema-graph\">{\"@context\":\"https:\/\/schema.org\",\"@graph\":[{\"@type\":\"WebPage\",\"@id\":\"https:\/\/www.electroluxprofessional.com\/fr-be\/cuisine-2\/chambres-froides\/\",\"url\":\"https:\/\/www.electroluxprofessional.com\/fr-be\/cuisine-2\/chambres-froides\/\",\"name\":\"Chambres froides - Electrolux Professional Belgique\",\"isPartOf\":{\"@id\":\"https:\/\/www.electroluxprofessional.com\/fr-be\/#website\"},\"datePublished\":\"2017-06-02T14:47:41+00:00\",\"dateModified\":\"2025-11-05T16:26:38+00:00\",\"description\":\"Les chambres froides d\u2019Electrolux Professional sont disponibles en diff\u00e9rentes tailles et pour diverses fonctions. Elles sont con\u00e7ues pour fonctionner dans des temp\u00e9ratures extr\u00eames (+43\u00b0\u00a0C).\",\"breadcrumb\":{\"@id\":\"https:\/\/www.electroluxprofessional.com\/fr-be\/cuisine-2\/chambres-froides\/#breadcrumb\"},\"inLanguage\":\"fr-BE\",\"potentialAction\":[{\"@type\":\"ReadAction\",\"target\":[\"https:\/\/www.electroluxprofessional.com\/fr-be\/cuisine-2\/chambres-froides\/\"]}]},{\"@type\":\"BreadcrumbList\",\"@id\":\"https:\/\/www.electroluxprofessional.com\/fr-be\/cuisine-2\/chambres-froides\/#breadcrumb\",\"itemListElement\":[{\"@type\":\"ListItem\",\"position\":1,\"name\":\"Home\",\"item\":\"https:\/\/www.electroluxprofessional.com\/fr-be\/\"},{\"@type\":\"ListItem\",\"position\":2,\"name\":\"Cuisine\",\"item\":\"https:\/\/www.electroluxprofessional.com\/fr-be\/cuisine-2\/\"},{\"@type\":\"ListItem\",\"position\":3,\"name\":\"Chambres froides\"}]},{\"@type\":\"WebSite\",\"@id\":\"https:\/\/www.electroluxprofessional.com\/fr-be\/#website\",\"url\":\"https:\/\/www.electroluxprofessional.com\/fr-be\/\",\"name\":\"Electrolux Professional Belgique\",\"description\":\"Electrolux Professional est le leader mondial en mati\u00e8re d&#039;\u00e9quipements de cuisines et de blanchisseries professionnelles.\",\"potentialAction\":[{\"@type\":\"SearchAction\",\"target\":{\"@type\":\"EntryPoint\",\"urlTemplate\":\"https:\/\/www.electroluxprofessional.com\/fr-be\/?src={search_term_string}\"},\"query-input\":\"required name=search_term_string\"}],\"inLanguage\":\"fr-BE\"}]}<\/script>\n<!-- \/ Yoast SEO plugin. -->","yoast_head_json":{"title":"Chambres froides - Electrolux Professional Belgique","description":"Les chambres froides d\u2019Electrolux Professional sont disponibles en diff\u00e9rentes tailles et pour diverses fonctions. Elles sont con\u00e7ues pour fonctionner dans des temp\u00e9ratures extr\u00eames (+43\u00b0\u00a0C).","robots":{"index":"index","follow":"follow","max-snippet":"max-snippet:-1","max-image-preview":"max-image-preview:large","max-video-preview":"max-video-preview:-1"},"canonical":"https:\/\/www.electroluxprofessional.com\/fr-be\/cuisine-2\/chambres-froides\/","og_locale":"fr_FR","og_type":"article","og_title":"Chambres froides - Electrolux Professional Belgique","og_description":"Les chambres froides d\u2019Electrolux Professional sont disponibles en diff\u00e9rentes tailles et pour diverses fonctions. Elles sont con\u00e7ues pour fonctionner dans des temp\u00e9ratures extr\u00eames (+43\u00b0\u00a0C).","og_url":"https:\/\/www.electroluxprofessional.com\/fr-be\/cuisine-2\/chambres-froides\/","og_site_name":"Electrolux Professional Belgique","article_modified_time":"2025-11-05T16:26:38+00:00","twitter_card":"summary_large_image","twitter_misc":{"Dur\u00e9e de lecture est.":"1 minute"},"schema":{"@context":"https:\/\/schema.org","@graph":[{"@type":"WebPage","@id":"https:\/\/www.electroluxprofessional.com\/fr-be\/cuisine-2\/chambres-froides\/","url":"https:\/\/www.electroluxprofessional.com\/fr-be\/cuisine-2\/chambres-froides\/","name":"Chambres froides - Electrolux Professional Belgique","isPartOf":{"@id":"https:\/\/www.electroluxprofessional.com\/fr-be\/#website"},"datePublished":"2017-06-02T14:47:41+00:00","dateModified":"2025-11-05T16:26:38+00:00","description":"Les chambres froides d\u2019Electrolux Professional sont disponibles en diff\u00e9rentes tailles et pour diverses fonctions. Elles sont con\u00e7ues pour fonctionner dans des temp\u00e9ratures extr\u00eames (+43\u00b0\u00a0C).","breadcrumb":{"@id":"https:\/\/www.electroluxprofessional.com\/fr-be\/cuisine-2\/chambres-froides\/#breadcrumb"},"inLanguage":"fr-BE","potentialAction":[{"@type":"ReadAction","target":["https:\/\/www.electroluxprofessional.com\/fr-be\/cuisine-2\/chambres-froides\/"]}]},{"@type":"BreadcrumbList","@id":"https:\/\/www.electroluxprofessional.com\/fr-be\/cuisine-2\/chambres-froides\/#breadcrumb","itemListElement":[{"@type":"ListItem","position":1,"name":"Home","item":"https:\/\/www.electroluxprofessional.com\/fr-be\/"},{"@type":"ListItem","position":2,"name":"Cuisine","item":"https:\/\/www.electroluxprofessional.com\/fr-be\/cuisine-2\/"},{"@type":"ListItem","position":3,"name":"Chambres froides"}]},{"@type":"WebSite","@id":"https:\/\/www.electroluxprofessional.com\/fr-be\/#website","url":"https:\/\/www.electroluxprofessional.com\/fr-be\/","name":"Electrolux Professional Belgique","description":"Electrolux Professional est le leader mondial en mati\u00e8re d&#039;\u00e9quipements de cuisines et de blanchisseries professionnelles.","potentialAction":[{"@type":"SearchAction","target":{"@type":"EntryPoint","urlTemplate":"https:\/\/www.electroluxprofessional.com\/fr-be\/?src={search_term_string}"},"query-input":"required name=search_term_string"}],"inLanguage":"fr-BE"}]}},"_links":{"self":[{"href":"https:\/\/www.electroluxprofessional.com\/fr-be\/wp-json\/wp\/v2\/pages\/2600"}],"collection":[{"href":"https:\/\/www.electroluxprofessional.com\/fr-be\/wp-json\/wp\/v2\/pages"}],"about":[{"href":"https:\/\/www.electroluxprofessional.com\/fr-be\/wp-json\/wp\/v2\/types\/page"}],"author":[{"embeddable":true,"href":"https:\/\/www.electroluxprofessional.com\/fr-be\/wp-json\/wp\/v2\/users\/3"}],"replies":[{"embeddable":true,"href":"https:\/\/www.electroluxprofessional.com\/fr-be\/wp-json\/wp\/v2\/comments?post=2600"}],"version-history":[{"count":6,"href":"https:\/\/www.electroluxprofessional.com\/fr-be\/wp-json\/wp\/v2\/pages\/2600\/revisions"}],"predecessor-version":[{"id":14087,"href":"https:\/\/www.electroluxprofessional.com\/fr-be\/wp-json\/wp\/v2\/pages\/2600\/revisions\/14087"}],"up":[{"embeddable":true,"href":"https:\/\/www.electroluxprofessional.com\/fr-be\/wp-json\/wp\/v2\/pages\/9308"}],"wp:attachment":[{"href":"https:\/\/www.electroluxprofessional.com\/fr-be\/wp-json\/wp\/v2\/media?parent=2600"}],"curies":[{"name":"wp","href":"https:\/\/api.w.org\/{rel}","templated":true}]}}