{"id":2584,"date":"2017-06-02T14:45:14","date_gmt":"2017-06-02T14:45:14","guid":{"rendered":"https:\/\/www.electroluxprofessional.com\/fr-be\/?page_id=2584"},"modified":"2025-10-21T11:45:48","modified_gmt":"2025-10-21T11:45:48","slug":"electrolux-chef-academy","status":"publish","type":"page","link":"https:\/\/www.electroluxprofessional.com\/fr-be\/chefs-hub\/electrolux-chef-academy\/","title":{"rendered":"Electrolux Professional chef academy"},"content":{"rendered":"<p>[vc_row full_width=&#8221;electroluxpro-full-width-no-padding&#8221;][vc_column][elx_hero_title label=&#8221;&#8221; background_image=&#8221;1921&#8243;][elx_heading font_container=&#8221;h1&#8243; text_color=&#8221;white&#8221;]Electrolux Chef Academy[\/elx_heading][\/elx_hero_title][\/vc_column][\/vc_row][vc_row][vc_column][vc_empty_space][elx_image_block background_image=&#8221;1922&#8243; minimum_height=&#8221;500px&#8221;][\/vc_column][\/vc_row][vc_row][vc_column][elx_heading text_color=&#8221;inherit&#8221;]D\u00e9couvrez notre r\u00e9seau de professionnels unique et internationale [\/elx_heading][vc_empty_space height=&#8221;20px&#8221;][\/vc_column][\/vc_row][vc_row][vc_column width=&#8221;1\/2&#8243;][elx_image_block background_image=&#8221;581&#8243; minimum_height=&#8221;400px&#8221;][elx_heading font_size=&#8221;h4&#8243; text_color=&#8221;inherit&#8221;]L&#8217;esprit du Chef Academy,<br \/>\nune culture de d\u00e9vouement au client[\/elx_heading][vc_column_text]Electrolux offre un service unique, avec 60 chefs dans le monde entier. Ils vous\u00a0<strong>\u00e9coutent, donnent des avis et des formations<\/strong>\u00a0pendant des s\u00e9minaires. Ainsi, ils peuvent aider les\u00a0<strong>startups<\/strong>\u00a0et les nouveaux concepts. Ensemble avec le client, ils d\u00e9veloppent des id\u00e9es et des nouveaux produits.[\/vc_column_text][vc_column_text]<\/p>\n<h3>Imaginez-vous &#8230;<br \/>\nMembres du Chef Academy, compl\u00e8tement d\u00e9vou\u00e9s \u00e0 vos besoins<\/h3>\n<p>[\/vc_column_text][\/vc_column][vc_column width=&#8221;1\/2&#8243;][elx_image_block background_image=&#8221;1923&#8243; minimum_height=&#8221;400px&#8221;][elx_heading font_size=&#8221;h4&#8243; text_color=&#8221;inherit&#8221;]Des id\u00e9es &amp; des amis,<br \/>\ninspirer et s&#8217;inspirer[\/elx_heading][vc_column_text]Le Chef Academy est une source d&#8217;<strong>inspiration<\/strong>. Ce r\u00e9seau unique et mondial est dirig\u00e9e par des mentors exp\u00e9riment\u00e9s culinaires du monde entier. Ils \u00e9coutent vos id\u00e9es et cr\u00e9ent des solutions pour vos besoins, \u00e9videmment toujours dans un environnement confidentiel et professionnel.<\/p>\n<p>&#8216;Des id\u00e9es &amp; des amis&#8217; est une attitude, c&#8217;est notre fa\u00e7on travailler. \u00c0 notre &#8216;table ronde&#8217;, tout le monde peut partager ses ide\u00e9s et ses d\u00e9fis et peut tester des\u00a0<strong>solutions<\/strong>. \u00a0Boostez votre business avec nous &#8230;[\/vc_column_text][\/vc_column][\/vc_row][vc_row][vc_column][vc_empty_space][elx_heading font_container=&#8221;h3&#8243; text_color=&#8221;inherit&#8221;]N&#8217;h\u00e9sitez pas \u00e0 contacter notre Chef Academy[\/elx_heading][elx_o2000_contact_us s=&#8221;Demande d&#8217;info \u00e0 propos du Chef Academy&#8221; country=&#8221;Belgium&#8221; container=&#8221;elxcontactus1482162874&#8243; r=&#8221;J&#8217;ai une question pour le Chef Academy. Veuillez me contacter.&#8221; e=&#8221;professional@electrolux.be&#8221; l=&#8221;fr-be&#8221;][vc_empty_space][\/vc_column][\/vc_row][vc_row][vc_column width=&#8221;1\/3&#8243;][elx_maylike_box id_box=&#8221;4481&#8243;][\/vc_column][vc_column width=&#8221;1\/3&#8243;][elx_maylike_box id_box=&#8221;4717&#8243;][\/vc_column][vc_column width=&#8221;1\/3&#8243;][\/vc_column][\/vc_row]<\/p>\n","protected":false},"excerpt":{"rendered":"<p>[vc_row full_width=&#8221;electroluxpro-full-width-no-padding&#8221;][vc_column][elx_hero_title label=&#8221;&#8221; background_image=&#8221;1921&#8243;][elx_heading font_container=&#8221;h1&#8243; text_color=&#8221;white&#8221;]Electrolux Chef Academy[\/elx_heading][\/elx_hero_title][\/vc_column][\/vc_row][vc_row][vc_column][vc_empty_space][elx_image_block background_image=&#8221;1922&#8243; minimum_height=&#8221;500px&#8221;][\/vc_column][\/vc_row][vc_row][vc_column][elx_heading text_color=&#8221;inherit&#8221;]D\u00e9couvrez notre r\u00e9seau de professionnels unique et internationale [\/elx_heading][vc_empty_space height=&#8221;20px&#8221;][\/vc_column][\/vc_row][vc_row][vc_column width=&#8221;1\/2&#8243;][elx_image_block background_image=&#8221;581&#8243; minimum_height=&#8221;400px&#8221;][elx_heading font_size=&#8221;h4&#8243; text_color=&#8221;inherit&#8221;]L&#8217;esprit du Chef Academy, une culture de d\u00e9vouement au client[\/elx_heading][vc_column_text]Electrolux offre un service unique, avec 60 chefs dans le monde entier. Ils vous\u00a0\u00e9coutent, donnent des avis et des formations\u00a0pendant des s\u00e9minaires. [&hellip;]<\/p>\n","protected":false},"author":3,"featured_media":0,"parent":2580,"menu_order":0,"comment_status":"closed","ping_status":"closed","template":"","meta":{"footnotes":""},"class_list":["post-2584","page","type-page","status-publish","hentry"],"acf":[],"yoast_head":"<!-- This site is optimized with the Yoast SEO plugin v23.3 - https:\/\/yoast.com\/wordpress\/plugins\/seo\/ -->\n<title>Electrolux Chef Academy - Electrolux Professional Belgique<\/title>\n<meta name=\"robots\" content=\"index, follow, max-snippet:-1, max-image-preview:large, max-video-preview:-1\" \/>\n<link rel=\"canonical\" href=\"https:\/\/www.electroluxprofessional.com\/fr-be\/chefs-hub\/electrolux-chef-academy\/\" \/>\n<meta property=\"og:locale\" content=\"fr_FR\" \/>\n<meta property=\"og:type\" content=\"article\" \/>\n<meta property=\"og:title\" content=\"Electrolux Chef Academy - Electrolux Professional Belgique\" \/>\n<meta property=\"og:description\" content=\"[vc_row full_width=&#8221;electroluxpro-full-width-no-padding&#8221;][vc_column][elx_hero_title label=&#8221;&#8221; background_image=&#8221;1921&#8243;][elx_heading font_container=&#8221;h1&#8243; text_color=&#8221;white&#8221;]Electrolux Chef Academy[\/elx_heading][\/elx_hero_title][\/vc_column][\/vc_row][vc_row][vc_column][vc_empty_space][elx_image_block background_image=&#8221;1922&#8243; minimum_height=&#8221;500px&#8221;][\/vc_column][\/vc_row][vc_row][vc_column][elx_heading text_color=&#8221;inherit&#8221;]D\u00e9couvrez notre r\u00e9seau de professionnels unique et internationale [\/elx_heading][vc_empty_space height=&#8221;20px&#8221;][\/vc_column][\/vc_row][vc_row][vc_column width=&#8221;1\/2&#8243;][elx_image_block background_image=&#8221;581&#8243; minimum_height=&#8221;400px&#8221;][elx_heading font_size=&#8221;h4&#8243; text_color=&#8221;inherit&#8221;]L&#8217;esprit du Chef Academy, une culture de d\u00e9vouement au client[\/elx_heading][vc_column_text]Electrolux offre un service unique, avec 60 chefs dans le monde entier. Ils vous\u00a0\u00e9coutent, donnent des avis et des formations\u00a0pendant des s\u00e9minaires. [&hellip;]\" \/>\n<meta property=\"og:url\" content=\"https:\/\/www.electroluxprofessional.com\/fr-be\/chefs-hub\/electrolux-chef-academy\/\" \/>\n<meta property=\"og:site_name\" content=\"Electrolux Professional Belgique\" \/>\n<meta property=\"article:modified_time\" content=\"2025-10-21T11:45:48+00:00\" \/>\n<meta name=\"twitter:card\" content=\"summary_large_image\" \/>\n<meta name=\"twitter:label1\" content=\"Dur\u00e9e de lecture est.\" \/>\n\t<meta name=\"twitter:data1\" content=\"2 minutes\" \/>\n<script type=\"application\/ld+json\" class=\"yoast-schema-graph\">{\"@context\":\"https:\/\/schema.org\",\"@graph\":[{\"@type\":\"WebPage\",\"@id\":\"https:\/\/www.electroluxprofessional.com\/fr-be\/chefs-hub\/electrolux-chef-academy\/\",\"url\":\"https:\/\/www.electroluxprofessional.com\/fr-be\/chefs-hub\/electrolux-chef-academy\/\",\"name\":\"Electrolux Chef Academy - Electrolux Professional Belgique\",\"isPartOf\":{\"@id\":\"https:\/\/www.electroluxprofessional.com\/fr-be\/#website\"},\"datePublished\":\"2017-06-02T14:45:14+00:00\",\"dateModified\":\"2025-10-21T11:45:48+00:00\",\"breadcrumb\":{\"@id\":\"https:\/\/www.electroluxprofessional.com\/fr-be\/chefs-hub\/electrolux-chef-academy\/#breadcrumb\"},\"inLanguage\":\"fr-BE\",\"potentialAction\":[{\"@type\":\"ReadAction\",\"target\":[\"https:\/\/www.electroluxprofessional.com\/fr-be\/chefs-hub\/electrolux-chef-academy\/\"]}]},{\"@type\":\"BreadcrumbList\",\"@id\":\"https:\/\/www.electroluxprofessional.com\/fr-be\/chefs-hub\/electrolux-chef-academy\/#breadcrumb\",\"itemListElement\":[{\"@type\":\"ListItem\",\"position\":1,\"name\":\"Home\",\"item\":\"https:\/\/www.electroluxprofessional.com\/fr-be\/\"},{\"@type\":\"ListItem\",\"position\":2,\"name\":\"Chef&#8217;s Hub\",\"item\":\"https:\/\/www.electroluxprofessional.com\/fr-be\/chefs-hub\/\"},{\"@type\":\"ListItem\",\"position\":3,\"name\":\"Electrolux Professional chef academy\"}]},{\"@type\":\"WebSite\",\"@id\":\"https:\/\/www.electroluxprofessional.com\/fr-be\/#website\",\"url\":\"https:\/\/www.electroluxprofessional.com\/fr-be\/\",\"name\":\"Electrolux Professional Belgique\",\"description\":\"Electrolux Professional est le leader mondial en mati\u00e8re d&#039;\u00e9quipements de cuisines et de blanchisseries professionnelles.\",\"potentialAction\":[{\"@type\":\"SearchAction\",\"target\":{\"@type\":\"EntryPoint\",\"urlTemplate\":\"https:\/\/www.electroluxprofessional.com\/fr-be\/?src={search_term_string}\"},\"query-input\":\"required name=search_term_string\"}],\"inLanguage\":\"fr-BE\"}]}<\/script>\n<!-- \/ Yoast SEO plugin. -->","yoast_head_json":{"title":"Electrolux Chef Academy - Electrolux Professional Belgique","robots":{"index":"index","follow":"follow","max-snippet":"max-snippet:-1","max-image-preview":"max-image-preview:large","max-video-preview":"max-video-preview:-1"},"canonical":"https:\/\/www.electroluxprofessional.com\/fr-be\/chefs-hub\/electrolux-chef-academy\/","og_locale":"fr_FR","og_type":"article","og_title":"Electrolux Chef Academy - Electrolux Professional Belgique","og_description":"[vc_row full_width=&#8221;electroluxpro-full-width-no-padding&#8221;][vc_column][elx_hero_title label=&#8221;&#8221; background_image=&#8221;1921&#8243;][elx_heading font_container=&#8221;h1&#8243; text_color=&#8221;white&#8221;]Electrolux Chef Academy[\/elx_heading][\/elx_hero_title][\/vc_column][\/vc_row][vc_row][vc_column][vc_empty_space][elx_image_block background_image=&#8221;1922&#8243; minimum_height=&#8221;500px&#8221;][\/vc_column][\/vc_row][vc_row][vc_column][elx_heading text_color=&#8221;inherit&#8221;]D\u00e9couvrez notre r\u00e9seau de professionnels unique et internationale [\/elx_heading][vc_empty_space height=&#8221;20px&#8221;][\/vc_column][\/vc_row][vc_row][vc_column width=&#8221;1\/2&#8243;][elx_image_block background_image=&#8221;581&#8243; minimum_height=&#8221;400px&#8221;][elx_heading font_size=&#8221;h4&#8243; text_color=&#8221;inherit&#8221;]L&#8217;esprit du Chef Academy, une culture de d\u00e9vouement au client[\/elx_heading][vc_column_text]Electrolux offre un service unique, avec 60 chefs dans le monde entier. Ils vous\u00a0\u00e9coutent, donnent des avis et des formations\u00a0pendant des s\u00e9minaires. [&hellip;]","og_url":"https:\/\/www.electroluxprofessional.com\/fr-be\/chefs-hub\/electrolux-chef-academy\/","og_site_name":"Electrolux Professional Belgique","article_modified_time":"2025-10-21T11:45:48+00:00","twitter_card":"summary_large_image","twitter_misc":{"Dur\u00e9e de lecture est.":"2 minutes"},"schema":{"@context":"https:\/\/schema.org","@graph":[{"@type":"WebPage","@id":"https:\/\/www.electroluxprofessional.com\/fr-be\/chefs-hub\/electrolux-chef-academy\/","url":"https:\/\/www.electroluxprofessional.com\/fr-be\/chefs-hub\/electrolux-chef-academy\/","name":"Electrolux Chef Academy - Electrolux Professional Belgique","isPartOf":{"@id":"https:\/\/www.electroluxprofessional.com\/fr-be\/#website"},"datePublished":"2017-06-02T14:45:14+00:00","dateModified":"2025-10-21T11:45:48+00:00","breadcrumb":{"@id":"https:\/\/www.electroluxprofessional.com\/fr-be\/chefs-hub\/electrolux-chef-academy\/#breadcrumb"},"inLanguage":"fr-BE","potentialAction":[{"@type":"ReadAction","target":["https:\/\/www.electroluxprofessional.com\/fr-be\/chefs-hub\/electrolux-chef-academy\/"]}]},{"@type":"BreadcrumbList","@id":"https:\/\/www.electroluxprofessional.com\/fr-be\/chefs-hub\/electrolux-chef-academy\/#breadcrumb","itemListElement":[{"@type":"ListItem","position":1,"name":"Home","item":"https:\/\/www.electroluxprofessional.com\/fr-be\/"},{"@type":"ListItem","position":2,"name":"Chef&#8217;s Hub","item":"https:\/\/www.electroluxprofessional.com\/fr-be\/chefs-hub\/"},{"@type":"ListItem","position":3,"name":"Electrolux Professional chef academy"}]},{"@type":"WebSite","@id":"https:\/\/www.electroluxprofessional.com\/fr-be\/#website","url":"https:\/\/www.electroluxprofessional.com\/fr-be\/","name":"Electrolux Professional Belgique","description":"Electrolux Professional est le leader mondial en mati\u00e8re d&#039;\u00e9quipements de cuisines et de blanchisseries professionnelles.","potentialAction":[{"@type":"SearchAction","target":{"@type":"EntryPoint","urlTemplate":"https:\/\/www.electroluxprofessional.com\/fr-be\/?src={search_term_string}"},"query-input":"required name=search_term_string"}],"inLanguage":"fr-BE"}]}},"_links":{"self":[{"href":"https:\/\/www.electroluxprofessional.com\/fr-be\/wp-json\/wp\/v2\/pages\/2584"}],"collection":[{"href":"https:\/\/www.electroluxprofessional.com\/fr-be\/wp-json\/wp\/v2\/pages"}],"about":[{"href":"https:\/\/www.electroluxprofessional.com\/fr-be\/wp-json\/wp\/v2\/types\/page"}],"author":[{"embeddable":true,"href":"https:\/\/www.electroluxprofessional.com\/fr-be\/wp-json\/wp\/v2\/users\/3"}],"replies":[{"embeddable":true,"href":"https:\/\/www.electroluxprofessional.com\/fr-be\/wp-json\/wp\/v2\/comments?post=2584"}],"version-history":[{"count":6,"href":"https:\/\/www.electroluxprofessional.com\/fr-be\/wp-json\/wp\/v2\/pages\/2584\/revisions"}],"predecessor-version":[{"id":13974,"href":"https:\/\/www.electroluxprofessional.com\/fr-be\/wp-json\/wp\/v2\/pages\/2584\/revisions\/13974"}],"up":[{"embeddable":true,"href":"https:\/\/www.electroluxprofessional.com\/fr-be\/wp-json\/wp\/v2\/pages\/2580"}],"wp:attachment":[{"href":"https:\/\/www.electroluxprofessional.com\/fr-be\/wp-json\/wp\/v2\/media?parent=2584"}],"curies":[{"name":"wp","href":"https:\/\/api.w.org\/{rel}","templated":true}]}}