{"id":2582,"date":"2017-06-02T14:44:49","date_gmt":"2017-06-02T14:44:49","guid":{"rendered":"https:\/\/www.electroluxprofessional.com\/fr-be\/?page_id=2582"},"modified":"2017-10-18T13:44:05","modified_gmt":"2017-10-18T13:44:05","slug":"centers-of-excellence","status":"publish","type":"page","link":"https:\/\/www.electroluxprofessional.com\/fr-be\/chefs-hub\/centers-of-excellence\/","title":{"rendered":"Centers of Excellence"},"content":{"rendered":"<p>[vc_row full_width=&#8221;electroluxpro-full-width-no-padding&#8221;][vc_column][elx_hero_title label=&#8221;&#8221; background_image=&#8221;598&#8243;][elx_heading font_container=&#8221;h1&#8243; text_color=&#8221;white&#8221;]Centers of Excellence[\/elx_heading][\/elx_hero_title][\/vc_column][\/vc_row][vc_row][vc_column][\/vc_column][\/vc_row][vc_row][vc_column][elx_heading font_container=&#8221;h3&#8243; font_size=&#8221;h2&#8243; text_color=&#8221;inherit&#8221;]20 Centers of Excellence internationales<br \/>\navec plus de 15.000 visiteurs par an[\/elx_heading][vc_column_text]Plus de 60 Chefs de l&#8217;<strong>Electrolux Chef Academy\u00a0<\/strong>et un tas d&#8217;experts en\u00a0<strong>buanderie professionnelle<\/strong>\u00a0donnent des formations et des avis \u00e0 nos clients.\u00a0Ils combinent leur exp\u00e9rience mondiale avec un savoir-faire tr\u00e8s avanc\u00e9 en mati\u00e8re de cuisine et blanchisserie.[\/vc_column_text][vc_single_image image=&#8221;1932&#8243; img_size=&#8221;full&#8221;][\/vc_column][\/vc_row][vc_row][vc_column][elx_heading text_color=&#8221;inherit&#8221;]The Center of Excellence en Italie[\/elx_heading][\/vc_column][\/vc_row][vc_row][vc_column width=&#8221;2\/3&#8243;][vc_column_text]Le Center of Excellence en Italie est un showroom moderne et fonctionnel qui offre une exp\u00e9rience unique aux professionnels des secteur Catering &amp; Hospitality.[\/vc_column_text][\/vc_column][vc_column width=&#8221;1\/3&#8243;][vc_single_image image=&#8221;1933&#8243; img_size=&#8221;full&#8221;][\/vc_column][\/vc_row][vc_row][vc_column][vc_column_text]<\/p>\n<ul>\n<li>3.500 m2 pour vos s\u00e9minaires, ateliers, formations, d\u00e9monstrations, \u00e9v\u00e9nements<\/li>\n<li><a href=\"https:\/\/www.electroluxprofessional.com\/fr-be\/chefs-hub\/electrolux-chef-academy\/\">Electrolux Chef Academy<\/a><\/li>\n<li>4 cuisines de d\u00e9monstration<\/li>\n<li>un restaurant d&#8217;entreprise \u00e9quip\u00e9 comme un &#8220;laboratoire visuel\u201d<\/li>\n<li>plus de 6.000 visiteurs par an<\/li>\n<\/ul>\n<p>[\/vc_column_text][\/vc_column][\/vc_row][vc_row][vc_column][elx_heading font_container=&#8221;h3&#8243; text_color=&#8221;inherit&#8221;]Faites un tour virtuel dans notre Center of Execellence en Italie[\/elx_heading][vc_column_text]<span style=\"color: #ff6600;\">Img virtual tour<\/span>[\/vc_column_text][\/vc_column][\/vc_row][vc_row][vc_column][vc_empty_space][\/vc_column][\/vc_row][vc_row][vc_column width=&#8221;1\/3&#8243;][elx_maylike_box id_box=&#8221;4485&#8243;][\/vc_column][vc_column width=&#8221;1\/3&#8243;][elx_maylike_box id_box=&#8221;4717&#8243;][\/vc_column][vc_column width=&#8221;1\/3&#8243;][\/vc_column][\/vc_row]<\/p>\n","protected":false},"excerpt":{"rendered":"<p>[vc_row full_width=&#8221;electroluxpro-full-width-no-padding&#8221;][vc_column][elx_hero_title label=&#8221;&#8221; background_image=&#8221;598&#8243;][elx_heading font_container=&#8221;h1&#8243; text_color=&#8221;white&#8221;]Centers of Excellence[\/elx_heading][\/elx_hero_title][\/vc_column][\/vc_row][vc_row][vc_column][\/vc_column][\/vc_row][vc_row][vc_column][elx_heading font_container=&#8221;h3&#8243; font_size=&#8221;h2&#8243; text_color=&#8221;inherit&#8221;]20 Centers of Excellence internationales avec plus de 15.000 visiteurs par an[\/elx_heading][vc_column_text]Plus de 60 Chefs de l&#8217;Electrolux Chef Academy\u00a0et un tas d&#8217;experts en\u00a0buanderie professionnelle\u00a0donnent des formations et des avis \u00e0 nos clients.\u00a0Ils combinent leur exp\u00e9rience mondiale avec un savoir-faire tr\u00e8s avanc\u00e9 en mati\u00e8re de cuisine [&hellip;]<\/p>\n","protected":false},"author":3,"featured_media":0,"parent":2580,"menu_order":0,"comment_status":"closed","ping_status":"closed","template":"","meta":{"footnotes":""},"class_list":["post-2582","page","type-page","status-publish","hentry"],"acf":[],"yoast_head":"<!-- This site is optimized with the Yoast SEO plugin v23.3 - https:\/\/yoast.com\/wordpress\/plugins\/seo\/ -->\n<title>Centers of Excellence - Electrolux Professional Belgique<\/title>\n<meta name=\"robots\" content=\"index, follow, max-snippet:-1, max-image-preview:large, max-video-preview:-1\" \/>\n<link rel=\"canonical\" href=\"https:\/\/www.electroluxprofessional.com\/fr-be\/chefs-hub\/centers-of-excellence\/\" \/>\n<meta property=\"og:locale\" content=\"fr_FR\" \/>\n<meta property=\"og:type\" content=\"article\" \/>\n<meta property=\"og:title\" content=\"Centers of Excellence - Electrolux Professional Belgique\" \/>\n<meta property=\"og:description\" content=\"[vc_row full_width=&#8221;electroluxpro-full-width-no-padding&#8221;][vc_column][elx_hero_title label=&#8221;&#8221; background_image=&#8221;598&#8243;][elx_heading font_container=&#8221;h1&#8243; text_color=&#8221;white&#8221;]Centers of Excellence[\/elx_heading][\/elx_hero_title][\/vc_column][\/vc_row][vc_row][vc_column][\/vc_column][\/vc_row][vc_row][vc_column][elx_heading font_container=&#8221;h3&#8243; font_size=&#8221;h2&#8243; text_color=&#8221;inherit&#8221;]20 Centers of Excellence internationales avec plus de 15.000 visiteurs par an[\/elx_heading][vc_column_text]Plus de 60 Chefs de l&#8217;Electrolux Chef Academy\u00a0et un tas d&#8217;experts en\u00a0buanderie professionnelle\u00a0donnent des formations et des avis \u00e0 nos clients.\u00a0Ils combinent leur exp\u00e9rience mondiale avec un savoir-faire tr\u00e8s avanc\u00e9 en mati\u00e8re de cuisine [&hellip;]\" \/>\n<meta property=\"og:url\" content=\"https:\/\/www.electroluxprofessional.com\/fr-be\/chefs-hub\/centers-of-excellence\/\" \/>\n<meta property=\"og:site_name\" content=\"Electrolux Professional Belgique\" \/>\n<meta property=\"article:modified_time\" content=\"2017-10-18T13:44:05+00:00\" \/>\n<meta name=\"twitter:card\" content=\"summary_large_image\" \/>\n<meta name=\"twitter:label1\" content=\"Dur\u00e9e de lecture est.\" \/>\n\t<meta name=\"twitter:data1\" content=\"2 minutes\" \/>\n<script type=\"application\/ld+json\" class=\"yoast-schema-graph\">{\"@context\":\"https:\/\/schema.org\",\"@graph\":[{\"@type\":\"WebPage\",\"@id\":\"https:\/\/www.electroluxprofessional.com\/fr-be\/chefs-hub\/centers-of-excellence\/\",\"url\":\"https:\/\/www.electroluxprofessional.com\/fr-be\/chefs-hub\/centers-of-excellence\/\",\"name\":\"Centers of Excellence - Electrolux Professional Belgique\",\"isPartOf\":{\"@id\":\"https:\/\/www.electroluxprofessional.com\/fr-be\/#website\"},\"datePublished\":\"2017-06-02T14:44:49+00:00\",\"dateModified\":\"2017-10-18T13:44:05+00:00\",\"breadcrumb\":{\"@id\":\"https:\/\/www.electroluxprofessional.com\/fr-be\/chefs-hub\/centers-of-excellence\/#breadcrumb\"},\"inLanguage\":\"fr-BE\",\"potentialAction\":[{\"@type\":\"ReadAction\",\"target\":[\"https:\/\/www.electroluxprofessional.com\/fr-be\/chefs-hub\/centers-of-excellence\/\"]}]},{\"@type\":\"BreadcrumbList\",\"@id\":\"https:\/\/www.electroluxprofessional.com\/fr-be\/chefs-hub\/centers-of-excellence\/#breadcrumb\",\"itemListElement\":[{\"@type\":\"ListItem\",\"position\":1,\"name\":\"Home\",\"item\":\"https:\/\/www.electroluxprofessional.com\/fr-be\/\"},{\"@type\":\"ListItem\",\"position\":2,\"name\":\"Chef&#8217;s Hub\",\"item\":\"https:\/\/www.electroluxprofessional.com\/fr-be\/chefs-hub\/\"},{\"@type\":\"ListItem\",\"position\":3,\"name\":\"Centers of Excellence\"}]},{\"@type\":\"WebSite\",\"@id\":\"https:\/\/www.electroluxprofessional.com\/fr-be\/#website\",\"url\":\"https:\/\/www.electroluxprofessional.com\/fr-be\/\",\"name\":\"Electrolux Professional Belgique\",\"description\":\"Electrolux Professional est le leader mondial en mati\u00e8re d&#039;\u00e9quipements de cuisines et de blanchisseries professionnelles.\",\"potentialAction\":[{\"@type\":\"SearchAction\",\"target\":{\"@type\":\"EntryPoint\",\"urlTemplate\":\"https:\/\/www.electroluxprofessional.com\/fr-be\/?src={search_term_string}\"},\"query-input\":\"required name=search_term_string\"}],\"inLanguage\":\"fr-BE\"}]}<\/script>\n<!-- \/ Yoast SEO plugin. -->","yoast_head_json":{"title":"Centers of Excellence - Electrolux Professional Belgique","robots":{"index":"index","follow":"follow","max-snippet":"max-snippet:-1","max-image-preview":"max-image-preview:large","max-video-preview":"max-video-preview:-1"},"canonical":"https:\/\/www.electroluxprofessional.com\/fr-be\/chefs-hub\/centers-of-excellence\/","og_locale":"fr_FR","og_type":"article","og_title":"Centers of Excellence - Electrolux Professional Belgique","og_description":"[vc_row full_width=&#8221;electroluxpro-full-width-no-padding&#8221;][vc_column][elx_hero_title label=&#8221;&#8221; background_image=&#8221;598&#8243;][elx_heading font_container=&#8221;h1&#8243; text_color=&#8221;white&#8221;]Centers of Excellence[\/elx_heading][\/elx_hero_title][\/vc_column][\/vc_row][vc_row][vc_column][\/vc_column][\/vc_row][vc_row][vc_column][elx_heading font_container=&#8221;h3&#8243; font_size=&#8221;h2&#8243; text_color=&#8221;inherit&#8221;]20 Centers of Excellence internationales avec plus de 15.000 visiteurs par an[\/elx_heading][vc_column_text]Plus de 60 Chefs de l&#8217;Electrolux Chef Academy\u00a0et un tas d&#8217;experts en\u00a0buanderie professionnelle\u00a0donnent des formations et des avis \u00e0 nos clients.\u00a0Ils combinent leur exp\u00e9rience mondiale avec un savoir-faire tr\u00e8s avanc\u00e9 en mati\u00e8re de cuisine [&hellip;]","og_url":"https:\/\/www.electroluxprofessional.com\/fr-be\/chefs-hub\/centers-of-excellence\/","og_site_name":"Electrolux Professional Belgique","article_modified_time":"2017-10-18T13:44:05+00:00","twitter_card":"summary_large_image","twitter_misc":{"Dur\u00e9e de lecture est.":"2 minutes"},"schema":{"@context":"https:\/\/schema.org","@graph":[{"@type":"WebPage","@id":"https:\/\/www.electroluxprofessional.com\/fr-be\/chefs-hub\/centers-of-excellence\/","url":"https:\/\/www.electroluxprofessional.com\/fr-be\/chefs-hub\/centers-of-excellence\/","name":"Centers of Excellence - Electrolux Professional Belgique","isPartOf":{"@id":"https:\/\/www.electroluxprofessional.com\/fr-be\/#website"},"datePublished":"2017-06-02T14:44:49+00:00","dateModified":"2017-10-18T13:44:05+00:00","breadcrumb":{"@id":"https:\/\/www.electroluxprofessional.com\/fr-be\/chefs-hub\/centers-of-excellence\/#breadcrumb"},"inLanguage":"fr-BE","potentialAction":[{"@type":"ReadAction","target":["https:\/\/www.electroluxprofessional.com\/fr-be\/chefs-hub\/centers-of-excellence\/"]}]},{"@type":"BreadcrumbList","@id":"https:\/\/www.electroluxprofessional.com\/fr-be\/chefs-hub\/centers-of-excellence\/#breadcrumb","itemListElement":[{"@type":"ListItem","position":1,"name":"Home","item":"https:\/\/www.electroluxprofessional.com\/fr-be\/"},{"@type":"ListItem","position":2,"name":"Chef&#8217;s Hub","item":"https:\/\/www.electroluxprofessional.com\/fr-be\/chefs-hub\/"},{"@type":"ListItem","position":3,"name":"Centers of Excellence"}]},{"@type":"WebSite","@id":"https:\/\/www.electroluxprofessional.com\/fr-be\/#website","url":"https:\/\/www.electroluxprofessional.com\/fr-be\/","name":"Electrolux Professional Belgique","description":"Electrolux Professional est le leader mondial en mati\u00e8re d&#039;\u00e9quipements de cuisines et de blanchisseries professionnelles.","potentialAction":[{"@type":"SearchAction","target":{"@type":"EntryPoint","urlTemplate":"https:\/\/www.electroluxprofessional.com\/fr-be\/?src={search_term_string}"},"query-input":"required name=search_term_string"}],"inLanguage":"fr-BE"}]}},"_links":{"self":[{"href":"https:\/\/www.electroluxprofessional.com\/fr-be\/wp-json\/wp\/v2\/pages\/2582"}],"collection":[{"href":"https:\/\/www.electroluxprofessional.com\/fr-be\/wp-json\/wp\/v2\/pages"}],"about":[{"href":"https:\/\/www.electroluxprofessional.com\/fr-be\/wp-json\/wp\/v2\/types\/page"}],"author":[{"embeddable":true,"href":"https:\/\/www.electroluxprofessional.com\/fr-be\/wp-json\/wp\/v2\/users\/3"}],"replies":[{"embeddable":true,"href":"https:\/\/www.electroluxprofessional.com\/fr-be\/wp-json\/wp\/v2\/comments?post=2582"}],"version-history":[{"count":5,"href":"https:\/\/www.electroluxprofessional.com\/fr-be\/wp-json\/wp\/v2\/pages\/2582\/revisions"}],"predecessor-version":[{"id":4864,"href":"https:\/\/www.electroluxprofessional.com\/fr-be\/wp-json\/wp\/v2\/pages\/2582\/revisions\/4864"}],"up":[{"embeddable":true,"href":"https:\/\/www.electroluxprofessional.com\/fr-be\/wp-json\/wp\/v2\/pages\/2580"}],"wp:attachment":[{"href":"https:\/\/www.electroluxprofessional.com\/fr-be\/wp-json\/wp\/v2\/media?parent=2582"}],"curies":[{"name":"wp","href":"https:\/\/api.w.org\/{rel}","templated":true}]}}