{"id":2578,"date":"2017-06-02T14:31:23","date_gmt":"2017-06-02T14:31:23","guid":{"rendered":"https:\/\/www.electroluxprofessional.com\/fr-be\/?page_id=2578"},"modified":"2017-10-20T08:31:07","modified_gmt":"2017-10-20T08:31:07","slug":"maisons-de-repos-et-de-soins","status":"publish","type":"page","link":"https:\/\/www.electroluxprofessional.com\/fr-be\/maisons-de-repos-et-de-soins\/","title":{"rendered":"Maisons de repos et de soins"},"content":{"rendered":"<p>[vc_row full_width=&#8221;electroluxpro-full-width-no-padding&#8221; equal_height=&#8221;yes&#8221;][vc_column reveal_effect=&#8221;&#8221; width=&#8221;1\/2&#8243;][elx_citation name=&#8221;Elke Nekes, Laundry Manager&#8221; company=&#8221;Carolinenhohe &#8211; Ingelhelm, Germany&#8221;][elx_heading font_container=&#8221;h1&#8243; font_size=&#8221;h2&#8243; text_color=&#8221;inherit&#8221;]Nous recherchons avant tout des appareils compacts et simples d\u2019utilisation fournissant d\u2019excellents r\u00e9sultats.[\/elx_heading][\/elx_citation][\/vc_column][vc_column reveal_effect=&#8221;&#8221; width=&#8221;1\/2&#8243;][elx_image_block background_image=&#8221;585&#8243; minimum_height=&#8221;650px&#8221;][\/vc_column][\/vc_row][vc_row full_width=&#8221;electroluxpro-container-no-padding&#8221; parallax=&#8221;content-moving-fade&#8221;][vc_column reveal_effect=&#8221;&#8221;][vc_empty_space][elx_heading text_color=&#8221;inherit&#8221; text_align=&#8221;text-center&#8221;]<strong>Maisons de repos et de soins:<\/strong> une ma\u00eetrise totale de l\u2019hygi\u00e8ne[\/elx_heading][vc_column_text]<\/p>\n<h5 style=\"text-align: center;\">Dans les maisons de repos et de soins, la ma\u00eetrise totale de l\u2019hygi\u00e8ne pour le traitement du linge est fondamentale<\/h5>\n<p>[\/vc_column_text][\/vc_column][\/vc_row][vc_row full_width=&#8221;electroluxpro-full-width-no-padding&#8221;][vc_column width=&#8221;1\/2&#8243;][elx_image_block background_image=&#8221;1256&#8243; minimum_height=&#8221;500px&#8221;][\/vc_column][vc_column width=&#8221;1\/2&#8243;][elx_simple_block background_color=&#8221;inherit&#8221;][vc_column_text css_animation=&#8221;left-to-right&#8221; css=&#8221;.vc_custom_1505810786797{padding-top: 20px !important;}&#8221;]<\/p>\n<ul>\n<li>Plus de 500 lave-linges barri\u00e8res install\u00e9s chaque ann\u00e9e<\/li>\n<li>Des solutions de laverie hygi\u00e9niques et sur mesure adapt\u00e9es \u00e0 vos besoins individuels<\/li>\n<li>Ma\u00eetrise maximale et tra\u00e7abilit\u00e9 de tous les processus de lavage<\/li>\n<li>Enti\u00e8rement conformes aux normes d\u2019hygi\u00e8ne les plus strictes<\/li>\n<li>Traitement du linge d\u00e9licat avec lagoon\u00ae, le premier syst\u00e8me de nettoyage \u00e0 l\u2019eau approuv\u00e9 par The Woolmark\u00ae Company<\/li>\n<\/ul>\n<p>[\/vc_column_text][\/elx_simple_block][\/vc_column][\/vc_row][vc_row full_width=&#8221;electroluxpro-full-width-no-padding&#8221; equal_height=&#8221;yes&#8221;][vc_column width=&#8221;1\/2&#8243;][elx_simple_block background_color=&#8221;inherit&#8221;][elx_heading font_container=&#8221;h3&#8243; text_color=&#8221;inherit&#8221;]Jo Watson, aide-m\u00e9nag\u00e8re en chef de Belong Warrington[\/elx_heading][vc_column_text]<em>&#8220;L\u2019aspect le plus remarquable de ces appareils, c\u2019est leur facilit\u00e9 d\u2019utilisation. Bien que la technologie qui sous-tend chaque processus soit tr\u00e8s sophistiqu\u00e9e, le panneau de commande est tr\u00e8s simple \u00e0 utiliser et chaque cycle peut \u00eatre lanc\u00e9 en appuyant sur quelques boutons.\u00a0&#8220;.<\/em>[\/vc_column_text][\/elx_simple_block][\/vc_column][vc_column width=&#8221;1\/2&#8243;][elx_video_block background_image=&#8221;587&#8243; src=&#8221;&#8220;https:\/\/www.youtube.com\/embed\/sbx4q3sJ_Uk&#8220;&#8221; width=&#8221;300&#8243; height=&#8221;&#8220;600&#8220;&#8221; frameborder=&#8221;&#8220;0&#8220;&#8221; minimum_height=&#8221;600px&#8221; video_link=&#8221;https:\/\/www.youtube.com\/watch?v=sbx4q3sJ_Uk&#8221;][\/vc_column][\/vc_row][vc_row][vc_column][vc_empty_space height=&#8221;100px&#8221;][\/vc_column][\/vc_row][vc_row][vc_column][elx_heading font_container=&#8221;h3&#8243; text_color=&#8221;inherit&#8221; text_align=&#8221;text-center&#8221;]<strong>Flux du linge<\/strong><\/p>\n<p>[\/elx_heading][vc_column_text]<\/p>\n<h4>Une solution efficace pour vous. Un style de vie confortable pour vos patients et clients.<\/h4>\n<p>Offrez \u00e0 vos occupants le meilleur <strong>du confort, de la s\u00e9curit\u00e9 et de l\u2019hygi\u00e8ne<\/strong> tout en conservant la ma\u00eetrise totale des co\u00fbts. Le linge de lit, les serviettes de toilette et les v\u00eatements n\u00e9cessitent des solutions de nettoyage sp\u00e9ciales qui \u00e9cartent les risques de contamination (crois\u00e9e).[\/vc_column_text][vc_empty_space height=&#8221;15px&#8221;][vc_row_inner][vc_column_inner][vc_empty_space height=&#8221;70px&#8221;][\/vc_column_inner][\/vc_row_inner][\/vc_column][\/vc_row][vc_row][vc_column][elx_heading text_color=&#8221;inherit&#8221;]Prenez contact avec notre expert[\/elx_heading][elx_o2000_contact_us r=&#8221;Je souhaite des infos suppl\u00e8mentaires \u00e0 propos des solutions pour les maisons de repos et soins. Veuillez me contacter. &#8221; s=&#8221;Votre demande: solutions pour maison de repos et de soins&#8221; e=&#8221;professional@electrolux.be&#8221; country=&#8221;Belgium&#8221; l=&#8221;fr-be&#8221; b=&#8221;laundry&#8221; container=&#8221;elxcontactus1466166272&#8243;][\/vc_column][\/vc_row][vc_row][vc_column][vc_empty_space height=&#8221;60px&#8221;][elx_heading font_container=&#8221;h3&#8243; text_color=&#8221;inherit&#8221; text_align=&#8221;text-center&#8221;]<strong>Pr\u00e9paration et distribution des repas<\/strong><\/p>\n<p>[\/elx_heading][vc_column_text]<\/p>\n<h4>Electrolux Professional fournit \u00e9galement d\u2019excellentes solutions pour la pr\u00e9paration et la distribution de repas dans un environnement \u00e0 risque.<\/h4>\n<h4>De nombreux r\u00e9sidents pr\u00e9sentent un risque plus \u00e9lev\u00e9 de souffrir d\u2019intoxications alimentaires en raison de la maladie ou de la vieillesse. Les personnes \u00e2g\u00e9es ou les occupants ayant des besoins particuliers sont plus expos\u00e9s en cas de d\u00e9faillances dans la s\u00e9curit\u00e9 alimentaire.<\/h4>\n<p>Les valeurs nutritionnelles sont mieux pr\u00e9serv\u00e9es dans les aliments qui sont bien conserv\u00e9s et servis pr\u00e9par\u00e9s.<\/p>\n<p>Nous pouvons vous aider dans la planification des \u00e9tapes essentielles du flux de travail, de l\u2019achat \u00e0 la r\u00e9ception, la conservation, la pr\u00e9paration, la r\u00e9frig\u00e9ration et le r\u00e9chauffage des aliments.[\/vc_column_text][vc_empty_space][vc_row_inner][vc_column_inner][vc_single_image image=&#8221;576&#8243; img_size=&#8221;full&#8221; alignment=&#8221;center&#8221;][vc_empty_space height=&#8221;40px&#8221;][\/vc_column_inner][\/vc_row_inner][\/vc_column][\/vc_row][vc_row][vc_column][elx_heading text_color=&#8221;inherit&#8221;]Prenez contact avec nos experts[\/elx_heading][elx_o2000_contact_us r=&#8221;Je souhaite des infos suppl\u00e9mentaires \u00e0 propos des solutions pour des maisons de repos et de soins. Veuillez me contacter. &#8221; s=&#8221;Votre demande: des solutions pour des maisons de repos et de soins&#8221; e=&#8221;professional@electrolux.be&#8221; country=&#8221;Belgium&#8221; l=&#8221;fr-be&#8221; container=&#8221;elxcontactus146616627212&#8243;][\/vc_column][\/vc_row][vc_row][vc_column][vc_empty_space height=&#8221;100px&#8221;][\/vc_column][\/vc_row][vc_row][vc_column width=&#8221;1\/3&#8243;][elx_image_block background_image=&#8221;590&#8243; minimum_height=&#8221;400px&#8221;][elx_heading font_size=&#8221;h5&#8243; text_color=&#8221;inherit&#8221;]<strong>Kingfisher Court applique les normes d\u2019hygi\u00e8ne les plus strictes<\/strong>[\/elx_heading][vc_column_text]<b>Hertfordshire, Royaume-Uni<\/b><\/p>\n<p><em>&#8220;Nous savions quel type de syst\u00e8me nous recherchions et Electrolux Professional correspond parfaitement \u00e0 nos crit\u00e8res sp\u00e9cifiques. Nos lave-linges barri\u00e8res sont notre principale caract\u00e9ristique\u00a0: ils assurent un nettoyage complet et permettent \u00e0 notre personnel de travailler en toute s\u00e9r\u00e9nit\u00e9.\u00a0<\/em>&#8221;<\/p>\n<p>Lisa \u00a0Wellings, Responsable de projet[\/vc_column_text][\/vc_column][vc_column width=&#8221;1\/3&#8243;][elx_image_block background_image=&#8221;591&#8243; minimum_height=&#8221;400px&#8221;][elx_heading font_size=&#8221;h5&#8243; text_color=&#8221;inherit&#8221;]<strong>Trifoglio, la maison de repos et de soins la plus moderne d\u2019Italie<\/strong>[\/elx_heading][vc_column_text]<strong>Turin, Italie<\/strong><\/p>\n<p><em>&#8220;Chaque espace a \u00e9t\u00e9 \u00e9quip\u00e9 de solutions sp\u00e9cifiques qui tiennent compte des besoins de cette maison de repos et de soins, de nos occupants et des utilisateurs des appareils.\u00a0&#8220;<\/em><\/p>\n<p>Danilo Garri,\u00a0Executive Chef[\/vc_column_text][\/vc_column][vc_column width=&#8221;1\/3&#8243;][elx_image_block background_image=&#8221;592&#8243; minimum_height=&#8221;401px&#8221;][elx_heading font_size=&#8221;h5&#8243; text_color=&#8221;inherit&#8221;]<strong>DPS Syrena conserve la ma\u00eetrise de son linge<\/strong>[\/elx_heading][vc_column_text]<strong>Varsovie, Pologne<\/strong><\/p>\n<p><em>&#8220;J\u2019ai commenc\u00e9 \u00e0 r\u00e9nover cet \u00e9tablissement de soins il y a quelques ann\u00e9es. Mon objectif \u00e9tait de cr\u00e9er un endroit chaleureux et accueillant pour nos occupants, dans un cadre moderne&#8221;.<\/em><\/p>\n<p>Mme Malgorzata Slomian, directrice de DPS Syrena[\/vc_column_text][\/vc_column][\/vc_row][vc_row][vc_column][vc_tta_tabs active_section=&#8221;1&#8243; title=&#8221;Solutions pour la blanchisserie&#8221;][vc_tta_section title=&#8221;V\u00eatements des occupants&#8221; tab_id=&#8221;care-home-package&#8221;][vc_row_inner][vc_column_inner width=&#8221;1\/2&#8243;][elx_image_block background_image=&#8221;588&#8243; minimum_height=&#8221;300px&#8221;][\/vc_column_inner][vc_column_inner width=&#8221;1\/2&#8243;][elx_heading font_container=&#8221;h3&#8243; text_color=&#8221;inherit&#8221;]Carolinenhohe, Allemagne[\/elx_heading][vc_column_text]<strong>100 occupants<\/strong><\/p>\n<p><strong>L&#8217;installation comprend:<\/strong><\/p>\n<ul>\n<li>2 x laveuses essoreuses barri\u00e8res\u00a0(13 kg)<\/li>\n<li>2 x s\u00e9che-linges avec pompe \u00e0 chaleur(13 kg)<\/li>\n<li>1 x table de repassage<\/li>\n<\/ul>\n<p>[\/vc_column_text][\/vc_column_inner][\/vc_row_inner][\/vc_tta_section][vc_tta_section title=&#8221;Blanchisserie&#8221; tab_id=&#8221;small-care-package&#8221;][vc_row_inner][vc_column_inner width=&#8221;1\/2&#8243;][vc_single_image image=&#8221;593&#8243; img_size=&#8221;large&#8221;][\/vc_column_inner][vc_column_inner width=&#8221;1\/2&#8243;][elx_heading font_container=&#8221;h3&#8243; text_color=&#8221;inherit&#8221;]Fondazione San Rocco, Italie[\/elx_heading][vc_column_text]<strong>50 lits<\/strong><\/p>\n<p>L&#8217;installation comprend:<\/p>\n<ul>\n<li>2 x Laveuses essoreuses barri\u00e8res<\/li>\n<li>1 x S\u00e8che-linges<\/li>\n<\/ul>\n<p>[\/vc_column_text][\/vc_column_inner][\/vc_row_inner][\/vc_tta_section][vc_tta_section title=&#8221;Lagoon pour maisons de repos et de soins&#8221; tab_id=&#8221;nursing-package&#8221;][vc_row_inner][vc_column_inner width=&#8221;1\/2&#8243;][elx_image_block background_image=&#8221;629&#8243; minimum_height=&#8221;300px&#8221;][\/vc_column_inner][vc_column_inner width=&#8221;1\/2&#8243;][elx_heading font_container=&#8221;h3&#8243; text_color=&#8221;inherit&#8221;]lagoon\u00ae Advanced Care[\/elx_heading][vc_empty_space height=&#8221;20px&#8221;][vc_column_text]Un processus sans solvants doux pour le linge d\u00e9licat et bon pour l\u2019environnement.<br \/>\nVos clients verront la diff\u00e9rence \u00e0 l\u2019\u0153il, au nez et au toucher.<br \/>\nVotre personnel sera satisfait des processus s\u00e9curis\u00e9s et simples.[\/vc_column_text][\/vc_column_inner][\/vc_row_inner][\/vc_tta_section][\/vc_tta_tabs][\/vc_column][\/vc_row][vc_row][vc_column][vc_tta_tabs active_section=&#8221;1&#8243; title=&#8221;Solutions pour cuisine&#8221;][vc_tta_section title=&#8221;Cuisine centrale&#8221; tab_id=&#8221;1481902811203-834c8375-1942&#8243;][vc_row_inner][vc_column_inner width=&#8221;1\/2&#8243;][elx_image_block background_image=&#8221;1168&#8243; minimum_height=&#8221;400px&#8221;][\/vc_column_inner][vc_column_inner width=&#8221;1\/2&#8243;][elx_heading font_container=&#8221;h3&#8243; text_color=&#8221;inherit&#8221;]Altenzentrum<br \/>\nWilhelmshilfe, Allemagne[\/elx_heading][vc_column_text]<strong>1000 repas par jour<\/strong><\/p>\n<p><strong>L&#8217;installation comprend:<\/strong><\/p>\n<ul>\n<li>therma<em>line<\/em> flexible &#8211; cuisson modulaire<\/li>\n<li>therma<em>line<\/em>\u00a0marmites et braisi\u00e8res basculantes<\/li>\n<li>Mixeur plongeant (pr\u00e9paration dynamique)<\/li>\n<\/ul>\n<p>[\/vc_column_text][\/vc_column_inner][\/vc_row_inner][\/vc_tta_section][vc_tta_section title=&#8221;\u00c9tablissement de soins&#8221; tab_id=&#8221;1481902811997-87c734cd-1746&#8243;][vc_row_inner][vc_column_inner width=&#8221;1\/2&#8243;][elx_image_block background_image=&#8221;589&#8243; minimum_height=&#8221;350px&#8221;][\/vc_column_inner][vc_column_inner width=&#8221;1\/2&#8243;][elx_heading font_container=&#8221;h3&#8243; text_color=&#8221;inherit&#8221;]Trifoglio, Italie[\/elx_heading][vc_column_text]<strong>200 lits<\/strong><\/p>\n<p><strong>L&#8217;installation comprend:<\/strong><\/p>\n<ul>\n<li>Armoires \u00e0 provisions pour ingr\u00e9dients p\u00e9rissables et non p\u00e9rissables<\/li>\n<li>Espace de travail pour le traitement des l\u00e9gumes, des plats froids et de la viande<\/li>\n<li>Espace de cuisine, y compris trolleys et coin vaisselle<\/li>\n<\/ul>\n<p>[\/vc_column_text][\/vc_column_inner][\/vc_row_inner][\/vc_tta_section][\/vc_tta_tabs][\/vc_column][\/vc_row][vc_row][vc_column][vc_empty_space height=&#8221;70px&#8221;][\/vc_column][\/vc_row][vc_row][vc_column][vc_empty_space height=&#8221;70px&#8221;][elx_heading text_color=&#8221;inherit&#8221;]Entrez en contact avec des clients du monde entier : voici leur histoire[\/elx_heading][\/vc_column][\/vc_row][vc_row][vc_column][vc_column_text css_animation=&#8221;appear&#8221;]<\/p>\n<h3>Si vous souhaitez en savoir plus sur nos solutions destin\u00e9es aux maisons de repos et de soins, cliquez sur les boutons ci-dessous\u00a0:<\/h3>\n<p>[\/vc_column_text][\/vc_column][\/vc_row][vc_row][vc_column width=&#8221;1\/3&#8243;][elx_download_block text=&#8221;Brochures<br \/>\nMaisons de repos&#8221; link=&#8221;files.professional.electrolux.com\/docs\/?n=A0022&amp;t=BR&amp;l=1&#8243; background_color=&#8221;orange&#8221; reveal_effect=&#8221;fadeIn&#8221; reveal_duration=&#8221;&#8221; reveal_delay=&#8221;&#8221;][\/vc_column][vc_column width=&#8221;1\/3&#8243;][elx_download_block text=&#8221;Brochure laveuse barri\u00e8re Hyvolution &#8221; link=&#8221;files.professional.electrolux.com\/docs\/?n=A0016&amp;t=BR&amp;l=1&#8243; background_color=&#8221;orange&#8221; reveal_effect=&#8221;fadeIn&#8221; reveal_duration=&#8221;&#8221; reveal_delay=&#8221;&#8221;][\/vc_column][\/vc_row][vc_row][vc_column][elx_heading text_color=&#8221;inherit&#8221;]D\u00e9couvrez ce que Electrolux peut faire pour votre business[\/elx_heading][elx_o2000_contact_us r=&#8221;Je souhaites plus d&#8217;infos \u00e0 propos des solutions pour des maisons de repos et de soins. Veuillez me contacter. &#8221; s=&#8221;Votre demande: solutions pour des maisons de repos et de soins&#8221; e=&#8221;professional@electrolux.be&#8221; country=&#8221;Belgium&#8221; l=&#8221;fr-be&#8221; container=&#8221;elxcontactus1466166319&#8243;][\/vc_column][\/vc_row]<\/p>\n","protected":false},"excerpt":{"rendered":"<p>[vc_row full_width=&#8221;electroluxpro-full-width-no-padding&#8221; equal_height=&#8221;yes&#8221;][vc_column reveal_effect=&#8221;&#8221; width=&#8221;1\/2&#8243;][elx_citation name=&#8221;Elke Nekes, Laundry Manager&#8221; company=&#8221;Carolinenhohe &#8211; Ingelhelm, Germany&#8221;][elx_heading font_container=&#8221;h1&#8243; font_size=&#8221;h2&#8243; text_color=&#8221;inherit&#8221;]Nous recherchons avant tout des appareils compacts et simples d\u2019utilisation fournissant d\u2019excellents r\u00e9sultats.[\/elx_heading][\/elx_citation][\/vc_column][vc_column reveal_effect=&#8221;&#8221; width=&#8221;1\/2&#8243;][elx_image_block background_image=&#8221;585&#8243; minimum_height=&#8221;650px&#8221;][\/vc_column][\/vc_row][vc_row full_width=&#8221;electroluxpro-container-no-padding&#8221; parallax=&#8221;content-moving-fade&#8221;][vc_column reveal_effect=&#8221;&#8221;][vc_empty_space][elx_heading text_color=&#8221;inherit&#8221; text_align=&#8221;text-center&#8221;]Maisons de repos et de soins: une ma\u00eetrise totale de l\u2019hygi\u00e8ne[\/elx_heading][vc_column_text] Dans les maisons de repos et de soins, [&hellip;]<\/p>\n","protected":false},"author":3,"featured_media":0,"parent":0,"menu_order":0,"comment_status":"closed","ping_status":"closed","template":"","meta":{"footnotes":""},"class_list":["post-2578","page","type-page","status-publish","hentry"],"acf":[],"yoast_head":"<!-- This site is optimized with the Yoast SEO plugin v23.3 - https:\/\/yoast.com\/wordpress\/plugins\/seo\/ -->\n<title>Maisons de repos et de soins - Electrolux Professional Belgique<\/title>\n<meta name=\"description\" content=\"Dans les maisons de repos et de soins, la ma\u00eetrise totale de l\u2019hygi\u00e8ne est fondamentale. D\u00e9couvrez nos solutions de cuisine et de blanchisserie\" \/>\n<meta name=\"robots\" content=\"index, follow, max-snippet:-1, max-image-preview:large, max-video-preview:-1\" \/>\n<link rel=\"canonical\" href=\"https:\/\/www.electroluxprofessional.com\/fr-be\/maisons-de-repos-et-de-soins\/\" \/>\n<meta property=\"og:locale\" content=\"fr_FR\" \/>\n<meta property=\"og:type\" content=\"article\" \/>\n<meta property=\"og:title\" content=\"Maisons de repos et de soins - Electrolux Professional Belgique\" \/>\n<meta property=\"og:description\" content=\"Dans les maisons de repos et de soins, la ma\u00eetrise totale de l\u2019hygi\u00e8ne est fondamentale. D\u00e9couvrez nos solutions de cuisine et de blanchisserie\" \/>\n<meta property=\"og:url\" content=\"https:\/\/www.electroluxprofessional.com\/fr-be\/maisons-de-repos-et-de-soins\/\" \/>\n<meta property=\"og:site_name\" content=\"Electrolux Professional Belgique\" \/>\n<meta property=\"article:modified_time\" content=\"2017-10-20T08:31:07+00:00\" \/>\n<meta name=\"twitter:card\" content=\"summary_large_image\" \/>\n<meta name=\"twitter:label1\" content=\"Dur\u00e9e de lecture est.\" \/>\n\t<meta name=\"twitter:data1\" content=\"9 minutes\" \/>\n<script type=\"application\/ld+json\" class=\"yoast-schema-graph\">{\"@context\":\"https:\/\/schema.org\",\"@graph\":[{\"@type\":\"WebPage\",\"@id\":\"https:\/\/www.electroluxprofessional.com\/fr-be\/maisons-de-repos-et-de-soins\/\",\"url\":\"https:\/\/www.electroluxprofessional.com\/fr-be\/maisons-de-repos-et-de-soins\/\",\"name\":\"Maisons de repos et de soins - Electrolux Professional Belgique\",\"isPartOf\":{\"@id\":\"https:\/\/www.electroluxprofessional.com\/fr-be\/#website\"},\"datePublished\":\"2017-06-02T14:31:23+00:00\",\"dateModified\":\"2017-10-20T08:31:07+00:00\",\"description\":\"Dans les maisons de repos et de soins, la ma\u00eetrise totale de l\u2019hygi\u00e8ne est fondamentale. D\u00e9couvrez nos solutions de cuisine et de blanchisserie\",\"breadcrumb\":{\"@id\":\"https:\/\/www.electroluxprofessional.com\/fr-be\/maisons-de-repos-et-de-soins\/#breadcrumb\"},\"inLanguage\":\"fr-BE\",\"potentialAction\":[{\"@type\":\"ReadAction\",\"target\":[\"https:\/\/www.electroluxprofessional.com\/fr-be\/maisons-de-repos-et-de-soins\/\"]}]},{\"@type\":\"BreadcrumbList\",\"@id\":\"https:\/\/www.electroluxprofessional.com\/fr-be\/maisons-de-repos-et-de-soins\/#breadcrumb\",\"itemListElement\":[{\"@type\":\"ListItem\",\"position\":1,\"name\":\"Home\",\"item\":\"https:\/\/www.electroluxprofessional.com\/fr-be\/\"},{\"@type\":\"ListItem\",\"position\":2,\"name\":\"Maisons de repos et de soins\"}]},{\"@type\":\"WebSite\",\"@id\":\"https:\/\/www.electroluxprofessional.com\/fr-be\/#website\",\"url\":\"https:\/\/www.electroluxprofessional.com\/fr-be\/\",\"name\":\"Electrolux Professional Belgique\",\"description\":\"Electrolux Professional est le leader mondial en mati\u00e8re d&#039;\u00e9quipements de cuisines et de blanchisseries professionnelles.\",\"potentialAction\":[{\"@type\":\"SearchAction\",\"target\":{\"@type\":\"EntryPoint\",\"urlTemplate\":\"https:\/\/www.electroluxprofessional.com\/fr-be\/?src={search_term_string}\"},\"query-input\":\"required name=search_term_string\"}],\"inLanguage\":\"fr-BE\"}]}<\/script>\n<!-- \/ Yoast SEO plugin. -->","yoast_head_json":{"title":"Maisons de repos et de soins - Electrolux Professional Belgique","description":"Dans les maisons de repos et de soins, la ma\u00eetrise totale de l\u2019hygi\u00e8ne est fondamentale. D\u00e9couvrez nos solutions de cuisine et de blanchisserie","robots":{"index":"index","follow":"follow","max-snippet":"max-snippet:-1","max-image-preview":"max-image-preview:large","max-video-preview":"max-video-preview:-1"},"canonical":"https:\/\/www.electroluxprofessional.com\/fr-be\/maisons-de-repos-et-de-soins\/","og_locale":"fr_FR","og_type":"article","og_title":"Maisons de repos et de soins - Electrolux Professional Belgique","og_description":"Dans les maisons de repos et de soins, la ma\u00eetrise totale de l\u2019hygi\u00e8ne est fondamentale. D\u00e9couvrez nos solutions de cuisine et de blanchisserie","og_url":"https:\/\/www.electroluxprofessional.com\/fr-be\/maisons-de-repos-et-de-soins\/","og_site_name":"Electrolux Professional Belgique","article_modified_time":"2017-10-20T08:31:07+00:00","twitter_card":"summary_large_image","twitter_misc":{"Dur\u00e9e de lecture est.":"9 minutes"},"schema":{"@context":"https:\/\/schema.org","@graph":[{"@type":"WebPage","@id":"https:\/\/www.electroluxprofessional.com\/fr-be\/maisons-de-repos-et-de-soins\/","url":"https:\/\/www.electroluxprofessional.com\/fr-be\/maisons-de-repos-et-de-soins\/","name":"Maisons de repos et de soins - Electrolux Professional Belgique","isPartOf":{"@id":"https:\/\/www.electroluxprofessional.com\/fr-be\/#website"},"datePublished":"2017-06-02T14:31:23+00:00","dateModified":"2017-10-20T08:31:07+00:00","description":"Dans les maisons de repos et de soins, la ma\u00eetrise totale de l\u2019hygi\u00e8ne est fondamentale. D\u00e9couvrez nos solutions de cuisine et de blanchisserie","breadcrumb":{"@id":"https:\/\/www.electroluxprofessional.com\/fr-be\/maisons-de-repos-et-de-soins\/#breadcrumb"},"inLanguage":"fr-BE","potentialAction":[{"@type":"ReadAction","target":["https:\/\/www.electroluxprofessional.com\/fr-be\/maisons-de-repos-et-de-soins\/"]}]},{"@type":"BreadcrumbList","@id":"https:\/\/www.electroluxprofessional.com\/fr-be\/maisons-de-repos-et-de-soins\/#breadcrumb","itemListElement":[{"@type":"ListItem","position":1,"name":"Home","item":"https:\/\/www.electroluxprofessional.com\/fr-be\/"},{"@type":"ListItem","position":2,"name":"Maisons de repos et de soins"}]},{"@type":"WebSite","@id":"https:\/\/www.electroluxprofessional.com\/fr-be\/#website","url":"https:\/\/www.electroluxprofessional.com\/fr-be\/","name":"Electrolux Professional Belgique","description":"Electrolux Professional est le leader mondial en mati\u00e8re d&#039;\u00e9quipements de cuisines et de blanchisseries professionnelles.","potentialAction":[{"@type":"SearchAction","target":{"@type":"EntryPoint","urlTemplate":"https:\/\/www.electroluxprofessional.com\/fr-be\/?src={search_term_string}"},"query-input":"required name=search_term_string"}],"inLanguage":"fr-BE"}]}},"_links":{"self":[{"href":"https:\/\/www.electroluxprofessional.com\/fr-be\/wp-json\/wp\/v2\/pages\/2578"}],"collection":[{"href":"https:\/\/www.electroluxprofessional.com\/fr-be\/wp-json\/wp\/v2\/pages"}],"about":[{"href":"https:\/\/www.electroluxprofessional.com\/fr-be\/wp-json\/wp\/v2\/types\/page"}],"author":[{"embeddable":true,"href":"https:\/\/www.electroluxprofessional.com\/fr-be\/wp-json\/wp\/v2\/users\/3"}],"replies":[{"embeddable":true,"href":"https:\/\/www.electroluxprofessional.com\/fr-be\/wp-json\/wp\/v2\/comments?post=2578"}],"version-history":[{"count":5,"href":"https:\/\/www.electroluxprofessional.com\/fr-be\/wp-json\/wp\/v2\/pages\/2578\/revisions"}],"predecessor-version":[{"id":5008,"href":"https:\/\/www.electroluxprofessional.com\/fr-be\/wp-json\/wp\/v2\/pages\/2578\/revisions\/5008"}],"wp:attachment":[{"href":"https:\/\/www.electroluxprofessional.com\/fr-be\/wp-json\/wp\/v2\/media?parent=2578"}],"curies":[{"name":"wp","href":"https:\/\/api.w.org\/{rel}","templated":true}]}}