{"id":14713,"date":"2026-03-22T16:25:44","date_gmt":"2026-03-22T16:25:44","guid":{"rendered":"https:\/\/www.electroluxprofessional.com\/fr-be\/?page_id=14713"},"modified":"2026-03-22T16:26:12","modified_gmt":"2026-03-22T16:26:12","slug":"cuisson-modulaire-e-xp-700-900","status":"publish","type":"page","link":"https:\/\/www.electroluxprofessional.com\/fr-be\/cuisson-modulaire-e-xp-700-900\/","title":{"rendered":"Cuisson modulaire e-XP 700 &#038; 900"},"content":{"rendered":"<p>[vc_row el_id=&#8221;contact-us&#8221;][vc_column][elx_heading font_size=&#8221;h3&#8243; text_color=&#8221;inherit&#8221; text_align=&#8221;text-center&#8221;]Contactez-nous pour recevoir plus d\u2019informations<br \/>\nsur la Cuisson modulaire e-XP<br \/>\n[\/elx_heading][elx_o2000_contact_us s=&#8221;Demander des informations: e-XP Modular Cooking&#8221; request_type=&#8221;&#8221; country=&#8221;France&#8221; b=&#8221;food&#8221; container=&#8221;elxcontactus1466429401&#8243; r=&#8221;Je souhaiterais en savoir plus sur les solutions de cuisson modulaire e-XP, veuillez me contacter.&#8221;][\/vc_column][\/vc_row][vc_row matched_labels=&#8221;&#8221; css=&#8221;.vc_custom_1765531786914{margin-top: 150px !important;}&#8221; el_id=&#8221;products-filter&#8221;][vc_column][elx_heading font_size=&#8221;h3&#8243; text_color=&#8221;inherit&#8221; text_align=&#8221;text-center&#8221;]Cuisson Modulaire e-XP 700 &amp; 900<br \/>\nS\u00e9lectionnez votre produit [\/elx_heading][\/vc_column][\/vc_row]<\/p>\n","protected":false},"excerpt":{"rendered":"<p>[vc_row el_id=&#8221;contact-us&#8221;][vc_column][elx_heading font_size=&#8221;h3&#8243; text_color=&#8221;inherit&#8221; text_align=&#8221;text-center&#8221;]Contactez-nous pour recevoir plus d\u2019informations sur la Cuisson modulaire e-XP [\/elx_heading][elx_o2000_contact_us s=&#8221;Demander des informations: e-XP Modular Cooking&#8221; request_type=&#8221;&#8221; country=&#8221;France&#8221; b=&#8221;food&#8221; container=&#8221;elxcontactus1466429401&#8243; r=&#8221;Je souhaiterais en savoir plus sur les solutions de cuisson modulaire e-XP, veuillez me contacter.&#8221;][\/vc_column][\/vc_row][vc_row matched_labels=&#8221;&#8221; css=&#8221;.vc_custom_1765531786914{margin-top: 150px !important;}&#8221; el_id=&#8221;products-filter&#8221;][vc_column][elx_heading font_size=&#8221;h3&#8243; text_color=&#8221;inherit&#8221; text_align=&#8221;text-center&#8221;]Cuisson Modulaire e-XP 700 &amp; 900 S\u00e9lectionnez votre [&hellip;]<\/p>\n","protected":false},"author":125,"featured_media":0,"parent":0,"menu_order":0,"comment_status":"closed","ping_status":"closed","template":"template-exp.php","meta":{"footnotes":""},"class_list":["post-14713","page","type-page","status-publish","hentry"],"acf":[],"yoast_head":"<!-- This site is optimized with the Yoast SEO plugin v23.3 - https:\/\/yoast.com\/wordpress\/plugins\/seo\/ -->\n<title>Cuisson modulaire e-XP 700 &amp; 900 - Electrolux Professional Belgique<\/title>\n<meta name=\"description\" content=\"D\u00e9couvrez la ligne de cuisson modulaire professionnelle e-XP avec induction free-zone, friteuse haute efficacit\u00e9 et cuiseur \u00e0 p\u00e2tes.\" \/>\n<meta name=\"robots\" content=\"index, follow, max-snippet:-1, max-image-preview:large, max-video-preview:-1\" \/>\n<link rel=\"canonical\" href=\"https:\/\/www.electroluxprofessional.com\/fr-be\/cuisson-modulaire-e-xp-700-900\/\" \/>\n<meta property=\"og:locale\" content=\"fr_FR\" \/>\n<meta property=\"og:type\" content=\"article\" \/>\n<meta property=\"og:title\" content=\"Cuisson modulaire e-XP 700 &amp; 900 - Electrolux Professional Belgique\" \/>\n<meta property=\"og:description\" content=\"D\u00e9couvrez la ligne de cuisson modulaire professionnelle e-XP avec induction free-zone, friteuse haute efficacit\u00e9 et cuiseur \u00e0 p\u00e2tes.\" \/>\n<meta property=\"og:url\" content=\"https:\/\/www.electroluxprofessional.com\/fr-be\/cuisson-modulaire-e-xp-700-900\/\" \/>\n<meta property=\"og:site_name\" content=\"Electrolux Professional Belgique\" \/>\n<meta property=\"article:modified_time\" content=\"2026-03-22T16:26:12+00:00\" \/>\n<meta name=\"twitter:card\" content=\"summary_large_image\" \/>\n<meta name=\"twitter:label1\" content=\"Dur\u00e9e de lecture est.\" \/>\n\t<meta name=\"twitter:data1\" content=\"1 minute\" \/>\n<script type=\"application\/ld+json\" class=\"yoast-schema-graph\">{\"@context\":\"https:\/\/schema.org\",\"@graph\":[{\"@type\":\"WebPage\",\"@id\":\"https:\/\/www.electroluxprofessional.com\/fr-be\/cuisson-modulaire-e-xp-700-900\/\",\"url\":\"https:\/\/www.electroluxprofessional.com\/fr-be\/cuisson-modulaire-e-xp-700-900\/\",\"name\":\"Cuisson modulaire e-XP 700 & 900 - Electrolux Professional Belgique\",\"isPartOf\":{\"@id\":\"https:\/\/www.electroluxprofessional.com\/fr-be\/#website\"},\"datePublished\":\"2026-03-22T16:25:44+00:00\",\"dateModified\":\"2026-03-22T16:26:12+00:00\",\"description\":\"D\u00e9couvrez la ligne de cuisson modulaire professionnelle e-XP avec induction free-zone, friteuse haute efficacit\u00e9 et cuiseur \u00e0 p\u00e2tes.\",\"breadcrumb\":{\"@id\":\"https:\/\/www.electroluxprofessional.com\/fr-be\/cuisson-modulaire-e-xp-700-900\/#breadcrumb\"},\"inLanguage\":\"fr-BE\",\"potentialAction\":[{\"@type\":\"ReadAction\",\"target\":[\"https:\/\/www.electroluxprofessional.com\/fr-be\/cuisson-modulaire-e-xp-700-900\/\"]}]},{\"@type\":\"BreadcrumbList\",\"@id\":\"https:\/\/www.electroluxprofessional.com\/fr-be\/cuisson-modulaire-e-xp-700-900\/#breadcrumb\",\"itemListElement\":[{\"@type\":\"ListItem\",\"position\":1,\"name\":\"Home\",\"item\":\"https:\/\/www.electroluxprofessional.com\/fr-be\/\"},{\"@type\":\"ListItem\",\"position\":2,\"name\":\"Cuisson modulaire e-XP 700 &#038; 900\"}]},{\"@type\":\"WebSite\",\"@id\":\"https:\/\/www.electroluxprofessional.com\/fr-be\/#website\",\"url\":\"https:\/\/www.electroluxprofessional.com\/fr-be\/\",\"name\":\"Electrolux Professional Belgique\",\"description\":\"Electrolux Professional est le leader mondial en mati\u00e8re d&#039;\u00e9quipements de cuisines et de blanchisseries professionnelles.\",\"potentialAction\":[{\"@type\":\"SearchAction\",\"target\":{\"@type\":\"EntryPoint\",\"urlTemplate\":\"https:\/\/www.electroluxprofessional.com\/fr-be\/?src={search_term_string}\"},\"query-input\":\"required name=search_term_string\"}],\"inLanguage\":\"fr-BE\"}]}<\/script>\n<!-- \/ Yoast SEO plugin. -->","yoast_head_json":{"title":"Cuisson modulaire e-XP 700 & 900 - Electrolux Professional Belgique","description":"D\u00e9couvrez la ligne de cuisson modulaire professionnelle e-XP avec induction free-zone, friteuse haute efficacit\u00e9 et cuiseur \u00e0 p\u00e2tes.","robots":{"index":"index","follow":"follow","max-snippet":"max-snippet:-1","max-image-preview":"max-image-preview:large","max-video-preview":"max-video-preview:-1"},"canonical":"https:\/\/www.electroluxprofessional.com\/fr-be\/cuisson-modulaire-e-xp-700-900\/","og_locale":"fr_FR","og_type":"article","og_title":"Cuisson modulaire e-XP 700 & 900 - Electrolux Professional Belgique","og_description":"D\u00e9couvrez la ligne de cuisson modulaire professionnelle e-XP avec induction free-zone, friteuse haute efficacit\u00e9 et cuiseur \u00e0 p\u00e2tes.","og_url":"https:\/\/www.electroluxprofessional.com\/fr-be\/cuisson-modulaire-e-xp-700-900\/","og_site_name":"Electrolux Professional Belgique","article_modified_time":"2026-03-22T16:26:12+00:00","twitter_card":"summary_large_image","twitter_misc":{"Dur\u00e9e de lecture est.":"1 minute"},"schema":{"@context":"https:\/\/schema.org","@graph":[{"@type":"WebPage","@id":"https:\/\/www.electroluxprofessional.com\/fr-be\/cuisson-modulaire-e-xp-700-900\/","url":"https:\/\/www.electroluxprofessional.com\/fr-be\/cuisson-modulaire-e-xp-700-900\/","name":"Cuisson modulaire e-XP 700 & 900 - Electrolux Professional Belgique","isPartOf":{"@id":"https:\/\/www.electroluxprofessional.com\/fr-be\/#website"},"datePublished":"2026-03-22T16:25:44+00:00","dateModified":"2026-03-22T16:26:12+00:00","description":"D\u00e9couvrez la ligne de cuisson modulaire professionnelle e-XP avec induction free-zone, friteuse haute efficacit\u00e9 et cuiseur \u00e0 p\u00e2tes.","breadcrumb":{"@id":"https:\/\/www.electroluxprofessional.com\/fr-be\/cuisson-modulaire-e-xp-700-900\/#breadcrumb"},"inLanguage":"fr-BE","potentialAction":[{"@type":"ReadAction","target":["https:\/\/www.electroluxprofessional.com\/fr-be\/cuisson-modulaire-e-xp-700-900\/"]}]},{"@type":"BreadcrumbList","@id":"https:\/\/www.electroluxprofessional.com\/fr-be\/cuisson-modulaire-e-xp-700-900\/#breadcrumb","itemListElement":[{"@type":"ListItem","position":1,"name":"Home","item":"https:\/\/www.electroluxprofessional.com\/fr-be\/"},{"@type":"ListItem","position":2,"name":"Cuisson modulaire e-XP 700 &#038; 900"}]},{"@type":"WebSite","@id":"https:\/\/www.electroluxprofessional.com\/fr-be\/#website","url":"https:\/\/www.electroluxprofessional.com\/fr-be\/","name":"Electrolux Professional Belgique","description":"Electrolux Professional est le leader mondial en mati\u00e8re d&#039;\u00e9quipements de cuisines et de blanchisseries professionnelles.","potentialAction":[{"@type":"SearchAction","target":{"@type":"EntryPoint","urlTemplate":"https:\/\/www.electroluxprofessional.com\/fr-be\/?src={search_term_string}"},"query-input":"required name=search_term_string"}],"inLanguage":"fr-BE"}]}},"_links":{"self":[{"href":"https:\/\/www.electroluxprofessional.com\/fr-be\/wp-json\/wp\/v2\/pages\/14713"}],"collection":[{"href":"https:\/\/www.electroluxprofessional.com\/fr-be\/wp-json\/wp\/v2\/pages"}],"about":[{"href":"https:\/\/www.electroluxprofessional.com\/fr-be\/wp-json\/wp\/v2\/types\/page"}],"author":[{"embeddable":true,"href":"https:\/\/www.electroluxprofessional.com\/fr-be\/wp-json\/wp\/v2\/users\/125"}],"replies":[{"embeddable":true,"href":"https:\/\/www.electroluxprofessional.com\/fr-be\/wp-json\/wp\/v2\/comments?post=14713"}],"version-history":[{"count":1,"href":"https:\/\/www.electroluxprofessional.com\/fr-be\/wp-json\/wp\/v2\/pages\/14713\/revisions"}],"predecessor-version":[{"id":14714,"href":"https:\/\/www.electroluxprofessional.com\/fr-be\/wp-json\/wp\/v2\/pages\/14713\/revisions\/14714"}],"wp:attachment":[{"href":"https:\/\/www.electroluxprofessional.com\/fr-be\/wp-json\/wp\/v2\/media?parent=14713"}],"curies":[{"name":"wp","href":"https:\/\/api.w.org\/{rel}","templated":true}]}}