{"id":14425,"date":"2026-02-23T15:10:11","date_gmt":"2026-02-23T15:10:11","guid":{"rendered":"https:\/\/www.electroluxprofessional.com\/fr-be\/?page_id=14425"},"modified":"2026-03-17T10:42:31","modified_gmt":"2026-03-17T10:42:31","slug":"solutions-durables","status":"publish","type":"page","link":"https:\/\/www.electroluxprofessional.com\/fr-be\/solutions-durables\/","title":{"rendered":"Solutions durables"},"content":{"rendered":"<p>[vc_row full_width=&#8221;electroluxpro-full-width-no-padding&#8221; el_id=&#8221;banner&#8221; min_height=&#8221;500px&#8221;][vc_column][elx_hero_video text_position=&#8221;hero_video_text_align_left&#8221; width_box=&#8221;none&#8221; background_video_mp4=&#8221;https:\/\/www.electroluxprofessional.com\/fr\/wp-content\/uploads\/2026\/02\/Sustainability-video-electrolux-professional_HERO_ULTRA_2MB.mp4&#8243;][\/elx_hero_video][\/vc_column][\/vc_row][vc_row][vc_column][vc_empty_space height=&#8221;50px&#8221;][elx_heading font_container=&#8221;h1&#8243; font_size=&#8221;h2&#8243; text_color=&#8221;inherit&#8221; text_align=&#8221;text-center&#8221;]Des solutions durables pour vous offrir une v\u00e9ritable valeur \u00e0 long terme.[\/elx_heading][vc_empty_space height=&#8221;20px&#8221;][vc_column_text]<\/p>\n<p style=\"text-align: center;\">Electrolux Professional souhaite imposer le rythme dans les secteurs professionnels de la restauration, de la blanchisserie et de la boisson, gr\u00e2ce \u00e0 nos innovations en mati\u00e8re de durabilit\u00e9 et d&#8217;efficacit\u00e9 \u00e9nerg\u00e9tique, soutenues par une plateforme connect\u00e9e et num\u00e9rique pour r\u00e9pondre aux besoins de nos clients.<\/p>\n<p>[\/vc_column_text][vc_empty_space height=&#8221;50px&#8221;][\/vc_column][\/vc_row][vc_row content_placement=&#8221;middle&#8221; css=&#8221;.vc_custom_1758178561518{background-color: #F6F6F6 !important;}&#8221;][vc_column][vc_empty_space height=&#8221;40px&#8221;][\/vc_column][\/vc_row][vc_row equal_height=&#8221;yes&#8221; content_placement=&#8221;middle&#8221; css=&#8221;.vc_custom_1759215775499{background-color: #F6F6F6 !important;}&#8221;][vc_column el_class=&#8221;align-vertical-center&#8221;][elx_heading text_color=&#8221;inherit&#8221;]Leader de la durabilit\u00e9 \u2013 pour r\u00e9pondre aux besoins de demain[\/elx_heading][vc_empty_space][\/vc_column][\/vc_row][vc_row content_placement=&#8221;middle&#8221; css=&#8221;.vc_custom_1758178561518{background-color: #F6F6F6 !important;}&#8221;][vc_column][vc_empty_space height=&#8221;40px&#8221;][\/vc_column][\/vc_row][vc_row equal_height=&#8221;yes&#8221; content_placement=&#8221;middle&#8221; css=&#8221;.vc_custom_1759215775499{background-color: #F6F6F6 !important;}&#8221;][vc_column width=&#8221;2\/3&#8243;][vc_column_text css=&#8221;.vc_custom_1772621962594{background-color: #f6f6f6 !important;}&#8221;]Chez Electrolux Professional Group, la durabilit\u00e9 fait partie int\u00e9grante de notre ADN et de chacune de nos op\u00e9rations. Nous visons \u00e0 avoir un impact positif sur les secteurs professionnels de la restauration, de la blanchisserie et de la boisson en aidant les\u00a0 entreprises &amp; collectivit\u00e9s \u00e0 prosp\u00e9rer, les institutions \u00e0 devenir plus efficaces et les lieux de travail plus s\u00fbrs, tout en r\u00e9duisant la consommation d&#8217;\u00e9nergie, d&#8217;eau et de d\u00e9tergent.<\/p>\n<p>Notre strat\u00e9gie se concentre sur l&#8217;environnement, la sant\u00e9 &amp; s\u00e9curit\u00e9, et la diversit\u00e9, avec pour objectif d&#8217;\u00eatre neutre en carbone d&#8217;ici 2030, reposant sur trois piliers : Solutions durables, Op\u00e9rations durables, et \u00c9thique &amp; Relations.<\/p>\n<p>Nous sommes fiers d&#8217;\u00eatre reconnus comme le leader de la durabilit\u00e9 de notre industrie. Cette reconnaissance apporte \u00e0 la fois fiert\u00e9 et responsabilit\u00e9 \u2013 pour continuer \u00e0 nous am\u00e9liorer et r\u00e9pondre aux besoins de demain.[\/vc_column_text][vc_empty_space height=&#8221;20px&#8221;][vc_column_text]<strong><em>Alberto Zanata, Pr\u00e9sident et CEO<\/em><\/strong>[\/vc_column_text][\/vc_column][vc_column width=&#8221;1\/3&#8243;][vc_row_inner][vc_column_inner offset=&#8221;vc_hidden-lg vc_hidden-md vc_hidden-sm&#8221;][vc_empty_space][\/vc_column_inner][\/vc_row_inner][vc_empty_space height=&#8221;45px&#8221;][vc_single_image image=&#8221;14422&#8243; img_size=&#8221;full&#8221; alignment=&#8221;center&#8221;][\/vc_column][\/vc_row][vc_row content_placement=&#8221;middle&#8221; css=&#8221;.vc_custom_1758178561518{background-color: #F6F6F6 !important;}&#8221;][vc_column][vc_empty_space height=&#8221;40px&#8221;][\/vc_column][\/vc_row][vc_row][vc_column][vc_empty_space height=&#8221;50px&#8221;][\/vc_column][\/vc_row][vc_row][vc_column][elx_double_banner_sust tag_title=&#8221;h2&#8243; class_title=&#8221;h2&#8243; left_title=&#8221;Solutions durables en cuisine professionnelle&#8221; left_image_media_library=&#8221;14445&#8243; right_title=&#8221;Solutions durables pour la blanchisserie&#8221; right_image_media_library=&#8221;14446&#8243; left_link=&#8221;url:https%3A%2F%2Fwww.electroluxprofessional.com%2Ffr-be%2Fsolutions-durables%2Fsolutions-alimentaires-durables%2F|title:En%20savoir%20plus&#8221; right_link=&#8221;url:https%3A%2F%2Fwww.electroluxprofessional.com%2Ffr-be%2Fsolutions-durables%2Fsolutions-durables-pour-la-blanchisserie%2F|title:En%20savoir%20plus&#8221;][\/vc_column][\/vc_row][vc_row][vc_column][vc_empty_space height=&#8221;50px&#8221;][\/vc_column][\/vc_row][vc_row content_placement=&#8221;middle&#8221; css=&#8221;.vc_custom_1758178561518{background-color: #F6F6F6 !important;}&#8221;][vc_column][vc_empty_space height=&#8221;40px&#8221;][\/vc_column][\/vc_row][vc_row content_placement=&#8221;middle&#8221; css=&#8221;.vc_custom_1758187212823{background-color: #F6F6F6 !important;}&#8221;][vc_column width=&#8221;3\/5&#8243;][vc_row_inner][vc_column_inner offset=&#8221;vc_hidden-sm vc_hidden-xs&#8221;][vc_empty_space][\/vc_column_inner][\/vc_row_inner][vc_column_text]<\/p>\n<h3>Nous sommes fiers d&#8217;avoir re\u00e7u la prestigieuse Gold Sustainability Rating d&#8217;EcoVadis, nous pla\u00e7ant parmi les 5 % des entreprises les mieux not\u00e9es au niveau mondial, en mati\u00e8re de durabilit\u00e9.<\/h3>\n<p>[\/vc_column_text][vc_row_inner][vc_column_inner offset=&#8221;vc_hidden-lg vc_hidden-md vc_hidden-sm&#8221;][vc_empty_space][\/vc_column_inner][\/vc_row_inner][\/vc_column][vc_column width=&#8221;2\/5&#8243;][vc_column_text css=&#8221;.vc_custom_1759216097926{background-color: #F6F6F6 !important;}&#8221;]<span style=\"color: #f6f6f6;\">.<\/span>[\/vc_column_text][vc_single_image image=&#8221;14423&#8243; img_size=&#8221;200&#215;200&#8243; alignment=&#8221;center&#8221;][\/vc_column][\/vc_row][vc_row content_placement=&#8221;middle&#8221; css=&#8221;.vc_custom_1758178561518{background-color: #F6F6F6 !important;}&#8221;][vc_column][vc_empty_space height=&#8221;40px&#8221;][\/vc_column][\/vc_row][vc_row][vc_column][vc_empty_space height=&#8221;50px&#8221;][\/vc_column][\/vc_row][vc_row css=&#8221;.vc_custom_1769764393796{background-image: url(https:\/\/eprdev.comunicazione21.com\/wp-content\/uploads\/2025\/09\/Screenshot-2025-09-25-115810.jpg?id=56214) !important;background-position: center !important;background-repeat: no-repeat !important;background-size: cover !important;}&#8221; el_class=&#8221;text-center&#8221;][vc_column][vc_empty_space height=&#8221;64px&#8221;][vc_row_inner][vc_column_inner][vc_column_text]<\/p>\n<p style=\"text-align: center;\"><span style=\"color: #ffffff;\">CE QUE NOUS AVONS ACCOMPLI JUSQU&#8217;\u00c0 PR\u00c9SENT<\/span><\/p>\n<p>[\/vc_column_text][vc_empty_space][elx_heading text_color=&#8221;white&#8221; text_align=&#8221;text-center&#8221;]En 2024, nous avons pu r\u00e9aliser des progr\u00e8s significatifs<br \/>\ndans tous les domaines de la durabilit\u00e9 depuis 2019.<br \/>\n[\/elx_heading][vc_empty_space][\/vc_column_inner][\/vc_row_inner][vc_row_inner][vc_column_inner width=&#8221;1\/3&#8243;][vc_column_text]<\/p>\n<p style=\"font-size: 83px; text-align: center;\"><span style=\"color: #ffffff;\"><strong>-61%<\/strong><\/span><\/p>\n<p>[\/vc_column_text][elx_heading font_container=&#8221;h3&#8243; font_size=&#8221;p&#8221; text_color=&#8221;white&#8221; text_align=&#8221;text-center&#8221;]\u00c9missions de CO2<br \/>\nscope 1&amp;2[\/elx_heading][vc_empty_space][\/vc_column_inner][vc_column_inner width=&#8221;1\/3&#8243;][vc_column_text]<\/p>\n<p style=\"font-size: 83px; text-align: center;\"><span style=\"color: #ffffff;\"><strong>51%<\/strong><\/span><\/p>\n<p>[\/vc_column_text][elx_heading font_container=&#8221;h3&#8243; font_size=&#8221;p&#8221; text_color=&#8221;white&#8221; text_align=&#8221;text-center&#8221;]\u00c9nergie<br \/>\nrenouvelable[\/elx_heading][vc_empty_space][\/vc_column_inner][vc_column_inner width=&#8221;1\/3&#8243;][vc_column_text]<\/p>\n<p style=\"font-size: 83px; text-align: center;\"><span style=\"color: #ffffff;\"><strong>-35%<\/strong><\/span><\/p>\n<p>[\/vc_column_text][elx_heading font_container=&#8221;h3&#8243; font_size=&#8221;p&#8221; text_color=&#8221;white&#8221; text_align=&#8221;text-center&#8221;]\u00c9missions de CO2<br \/>\nscope 3[\/elx_heading][vc_empty_space][\/vc_column_inner][\/vc_row_inner][vc_empty_space height=&#8221;70px&#8221;][elx_button button_text=&#8221;D\u00c9COUVREZ NOS R\u00c9ALISATIONS&#8221; button_style=&#8221;primary-white-bordered&#8221; button_link=&#8221;url:https%3A%2F%2Fwww.electroluxprofessional.com%2Ffr-be%2Fsolutions-durables%2Fclassements-et-certificats-de-durabilite%2F|title:D%C3%89COUVREZ%20NOS%20R%C3%89ALISATIONS&#8221;][vc_empty_space height=&#8221;50px&#8221;][\/vc_column][\/vc_row][vc_row el_class=&#8221;text-center&#8221;][vc_column][vc_empty_space height=&#8221;55px&#8221;][\/vc_column][\/vc_row][vc_row][vc_column width=&#8221;1\/2&#8243;][vc_single_image image=&#8221;14401&#8243; img_size=&#8221;577&#215;540&#8243; alignment=&#8221;center&#8221;][vc_empty_space height=&#8221;20px&#8221;][elx_heading font_container=&#8221;h3&#8243; font_size=&#8221;h3&#8243; text_color=&#8221;inherit&#8221; text_align=&#8221;text-left&#8221;]De bons choix pour la plan\u00e8te[\/elx_heading][vc_empty_space height=&#8221;10px&#8221;][vc_column_text]Electrolux Professional est l\u00e0 pour vous aider \u00e0 opter pour des solutions vers un avenir durable. Il existe de nombreuses opportunit\u00e9s pour contribuer positivement en choisissant des \u00e9quipements plus efficaces et \u00e9conomes en \u00e9nergie \u2013 ce qui est non seulement une bonne nouvelle pour la plan\u00e8te, mais aussi pour la rentabilit\u00e9 de votre entreprise.[\/vc_column_text][vc_empty_space][\/vc_column][vc_column width=&#8221;1\/2&#8243;][vc_single_image image=&#8221;14424&#8243; img_size=&#8221;577&#215;540&#8243; alignment=&#8221;center&#8221;][vc_empty_space height=&#8221;20px&#8221;][elx_heading font_container=&#8221;h3&#8243; font_size=&#8221;h3&#8243; text_color=&#8221;inherit&#8221; text_align=&#8221;text-left&#8221;]Une approche durable[\/elx_heading][vc_empty_space height=&#8221;10px&#8221;][vc_column_text]Notre mission est de faciliter la vie professionnelle de nos clients, de la rendre plus rentable \u2013 et v\u00e9ritablement durable au quotidien. La durabilit\u00e9 est une composante cl\u00e9 de notre strat\u00e9gie,\u00a0 de notre culture et de nos op\u00e9rations.<br \/>\nNous utilisons les Sustainable Development Goals (SDGs) comme boussole. Chaque jour, nous nous effor\u00e7ons d&#8217;am\u00e9liorer la durabilit\u00e9 dans la cha\u00eene de valeur de nos clients.[\/vc_column_text][vc_empty_space][\/vc_column][\/vc_row][vc_row el_class=&#8221;text-center&#8221;][vc_column][vc_empty_space][elx_button button_text=&#8221;NOTRE \u00c9THIQUE&#8221; button_link=&#8221;url:https%3A%2F%2Fwww.electroluxprofessionalgroup.com%2Fen%2Fsustainability%2Four-ethics%2F|title:NOTRE%20%C3%89THIQUE|target:_blank&#8221;][vc_empty_space][\/vc_column][\/vc_row][vc_row custom_color_row=&#8221;bg-row-light-blue&#8221;][vc_column][elx_last_references title=&#8221;R\u00e9f\u00e9rences&#8221; extra_class=&#8221;h4&#8243;][\/vc_column][\/vc_row][vc_row][vc_column][vc_empty_space height=&#8221;60px&#8221;][\/vc_column][\/vc_row]<\/p>\n","protected":false},"excerpt":{"rendered":"<p>[vc_row full_width=&#8221;electroluxpro-full-width-no-padding&#8221; el_id=&#8221;banner&#8221; min_height=&#8221;500px&#8221;][vc_column][elx_hero_video text_position=&#8221;hero_video_text_align_left&#8221; width_box=&#8221;none&#8221; background_video_mp4=&#8221;https:\/\/www.electroluxprofessional.com\/fr\/wp-content\/uploads\/2026\/02\/Sustainability-video-electrolux-professional_HERO_ULTRA_2MB.mp4&#8243;][\/elx_hero_video][\/vc_column][\/vc_row][vc_row][vc_column][vc_empty_space height=&#8221;50px&#8221;][elx_heading font_container=&#8221;h1&#8243; font_size=&#8221;h2&#8243; text_color=&#8221;inherit&#8221; text_align=&#8221;text-center&#8221;]Des solutions durables pour vous offrir une v\u00e9ritable valeur \u00e0 long terme.[\/elx_heading][vc_empty_space height=&#8221;20px&#8221;][vc_column_text] Electrolux Professional souhaite imposer le rythme dans les secteurs professionnels de la restauration, de la blanchisserie et de la boisson, gr\u00e2ce \u00e0 nos innovations en mati\u00e8re de durabilit\u00e9 et d&#8217;efficacit\u00e9 \u00e9nerg\u00e9tique, [&hellip;]<\/p>\n","protected":false},"author":1,"featured_media":14401,"parent":0,"menu_order":0,"comment_status":"closed","ping_status":"closed","template":"","meta":{"footnotes":""},"class_list":["post-14425","page","type-page","status-publish","has-post-thumbnail","hentry"],"acf":[],"yoast_head":"<!-- This site is optimized with the Yoast SEO plugin v23.3 - https:\/\/yoast.com\/wordpress\/plugins\/seo\/ -->\n<title>Solutions durables - Electrolux Professional Belgique<\/title>\n<meta name=\"description\" content=\"Solutions durables Electrolux Professional. \u00c9quipements \u00e0 haute efficacit\u00e9 \u00e9nerg\u00e9tique con\u00e7us pour r\u00e9duire la consommation de ressources et am\u00e9liorer les performances, pour un avenir v\u00e9ritablement durable.\" \/>\n<meta name=\"robots\" content=\"index, follow, max-snippet:-1, max-image-preview:large, max-video-preview:-1\" \/>\n<link rel=\"canonical\" href=\"https:\/\/www.electroluxprofessional.com\/fr-be\/solutions-durables\/\" \/>\n<meta property=\"og:locale\" content=\"fr_FR\" \/>\n<meta property=\"og:type\" content=\"article\" \/>\n<meta property=\"og:title\" content=\"Solutions durables - Electrolux Professional Belgique\" \/>\n<meta property=\"og:description\" content=\"Solutions durables Electrolux Professional. \u00c9quipements \u00e0 haute efficacit\u00e9 \u00e9nerg\u00e9tique con\u00e7us pour r\u00e9duire la consommation de ressources et am\u00e9liorer les performances, pour un avenir v\u00e9ritablement durable.\" \/>\n<meta property=\"og:url\" content=\"https:\/\/www.electroluxprofessional.com\/fr-be\/solutions-durables\/\" \/>\n<meta property=\"og:site_name\" content=\"Electrolux Professional Belgique\" \/>\n<meta property=\"article:modified_time\" content=\"2026-03-17T10:42:31+00:00\" \/>\n<meta property=\"og:image\" content=\"https:\/\/www.electroluxprofessional.com\/fr-be\/wp-content\/uploads\/2026\/02\/A-sustainable-approach_1.jpeg\" \/>\n\t<meta property=\"og:image:width\" content=\"577\" \/>\n\t<meta property=\"og:image:height\" content=\"540\" \/>\n\t<meta property=\"og:image:type\" content=\"image\/jpeg\" \/>\n<meta name=\"twitter:card\" content=\"summary_large_image\" \/>\n<meta name=\"twitter:label1\" content=\"Dur\u00e9e de lecture est.\" \/>\n\t<meta name=\"twitter:data1\" content=\"4 minutes\" \/>\n<script type=\"application\/ld+json\" class=\"yoast-schema-graph\">{\"@context\":\"https:\/\/schema.org\",\"@graph\":[{\"@type\":\"WebPage\",\"@id\":\"https:\/\/www.electroluxprofessional.com\/fr-be\/solutions-durables\/\",\"url\":\"https:\/\/www.electroluxprofessional.com\/fr-be\/solutions-durables\/\",\"name\":\"Solutions durables - Electrolux Professional Belgique\",\"isPartOf\":{\"@id\":\"https:\/\/www.electroluxprofessional.com\/fr-be\/#website\"},\"primaryImageOfPage\":{\"@id\":\"https:\/\/www.electroluxprofessional.com\/fr-be\/solutions-durables\/#primaryimage\"},\"image\":{\"@id\":\"https:\/\/www.electroluxprofessional.com\/fr-be\/solutions-durables\/#primaryimage\"},\"thumbnailUrl\":\"https:\/\/www.electroluxprofessional.com\/fr-be\/wp-content\/uploads\/2026\/02\/A-sustainable-approach_1.jpeg\",\"datePublished\":\"2026-02-23T15:10:11+00:00\",\"dateModified\":\"2026-03-17T10:42:31+00:00\",\"description\":\"Solutions durables Electrolux Professional. \u00c9quipements \u00e0 haute efficacit\u00e9 \u00e9nerg\u00e9tique con\u00e7us pour r\u00e9duire la consommation de ressources et am\u00e9liorer les performances, pour un avenir v\u00e9ritablement durable.\",\"breadcrumb\":{\"@id\":\"https:\/\/www.electroluxprofessional.com\/fr-be\/solutions-durables\/#breadcrumb\"},\"inLanguage\":\"fr-BE\",\"potentialAction\":[{\"@type\":\"ReadAction\",\"target\":[\"https:\/\/www.electroluxprofessional.com\/fr-be\/solutions-durables\/\"]}]},{\"@type\":\"ImageObject\",\"inLanguage\":\"fr-BE\",\"@id\":\"https:\/\/www.electroluxprofessional.com\/fr-be\/solutions-durables\/#primaryimage\",\"url\":\"https:\/\/www.electroluxprofessional.com\/fr-be\/wp-content\/uploads\/2026\/02\/A-sustainable-approach_1.jpeg\",\"contentUrl\":\"https:\/\/www.electroluxprofessional.com\/fr-be\/wp-content\/uploads\/2026\/02\/A-sustainable-approach_1.jpeg\",\"width\":577,\"height\":540},{\"@type\":\"BreadcrumbList\",\"@id\":\"https:\/\/www.electroluxprofessional.com\/fr-be\/solutions-durables\/#breadcrumb\",\"itemListElement\":[{\"@type\":\"ListItem\",\"position\":1,\"name\":\"Home\",\"item\":\"https:\/\/www.electroluxprofessional.com\/fr-be\/\"},{\"@type\":\"ListItem\",\"position\":2,\"name\":\"Solutions durables\"}]},{\"@type\":\"WebSite\",\"@id\":\"https:\/\/www.electroluxprofessional.com\/fr-be\/#website\",\"url\":\"https:\/\/www.electroluxprofessional.com\/fr-be\/\",\"name\":\"Electrolux Professional Belgique\",\"description\":\"Electrolux Professional est le leader mondial en mati\u00e8re d&#039;\u00e9quipements de cuisines et de blanchisseries professionnelles.\",\"potentialAction\":[{\"@type\":\"SearchAction\",\"target\":{\"@type\":\"EntryPoint\",\"urlTemplate\":\"https:\/\/www.electroluxprofessional.com\/fr-be\/?src={search_term_string}\"},\"query-input\":\"required name=search_term_string\"}],\"inLanguage\":\"fr-BE\"}]}<\/script>\n<!-- \/ Yoast SEO plugin. -->","yoast_head_json":{"title":"Solutions durables - Electrolux Professional Belgique","description":"Solutions durables Electrolux Professional. \u00c9quipements \u00e0 haute efficacit\u00e9 \u00e9nerg\u00e9tique con\u00e7us pour r\u00e9duire la consommation de ressources et am\u00e9liorer les performances, pour un avenir v\u00e9ritablement durable.","robots":{"index":"index","follow":"follow","max-snippet":"max-snippet:-1","max-image-preview":"max-image-preview:large","max-video-preview":"max-video-preview:-1"},"canonical":"https:\/\/www.electroluxprofessional.com\/fr-be\/solutions-durables\/","og_locale":"fr_FR","og_type":"article","og_title":"Solutions durables - Electrolux Professional Belgique","og_description":"Solutions durables Electrolux Professional. \u00c9quipements \u00e0 haute efficacit\u00e9 \u00e9nerg\u00e9tique con\u00e7us pour r\u00e9duire la consommation de ressources et am\u00e9liorer les performances, pour un avenir v\u00e9ritablement durable.","og_url":"https:\/\/www.electroluxprofessional.com\/fr-be\/solutions-durables\/","og_site_name":"Electrolux Professional Belgique","article_modified_time":"2026-03-17T10:42:31+00:00","og_image":[{"width":577,"height":540,"url":"https:\/\/www.electroluxprofessional.com\/fr-be\/wp-content\/uploads\/2026\/02\/A-sustainable-approach_1.jpeg","type":"image\/jpeg"}],"twitter_card":"summary_large_image","twitter_misc":{"Dur\u00e9e de lecture est.":"4 minutes"},"schema":{"@context":"https:\/\/schema.org","@graph":[{"@type":"WebPage","@id":"https:\/\/www.electroluxprofessional.com\/fr-be\/solutions-durables\/","url":"https:\/\/www.electroluxprofessional.com\/fr-be\/solutions-durables\/","name":"Solutions durables - Electrolux Professional Belgique","isPartOf":{"@id":"https:\/\/www.electroluxprofessional.com\/fr-be\/#website"},"primaryImageOfPage":{"@id":"https:\/\/www.electroluxprofessional.com\/fr-be\/solutions-durables\/#primaryimage"},"image":{"@id":"https:\/\/www.electroluxprofessional.com\/fr-be\/solutions-durables\/#primaryimage"},"thumbnailUrl":"https:\/\/www.electroluxprofessional.com\/fr-be\/wp-content\/uploads\/2026\/02\/A-sustainable-approach_1.jpeg","datePublished":"2026-02-23T15:10:11+00:00","dateModified":"2026-03-17T10:42:31+00:00","description":"Solutions durables Electrolux Professional. \u00c9quipements \u00e0 haute efficacit\u00e9 \u00e9nerg\u00e9tique con\u00e7us pour r\u00e9duire la consommation de ressources et am\u00e9liorer les performances, pour un avenir v\u00e9ritablement durable.","breadcrumb":{"@id":"https:\/\/www.electroluxprofessional.com\/fr-be\/solutions-durables\/#breadcrumb"},"inLanguage":"fr-BE","potentialAction":[{"@type":"ReadAction","target":["https:\/\/www.electroluxprofessional.com\/fr-be\/solutions-durables\/"]}]},{"@type":"ImageObject","inLanguage":"fr-BE","@id":"https:\/\/www.electroluxprofessional.com\/fr-be\/solutions-durables\/#primaryimage","url":"https:\/\/www.electroluxprofessional.com\/fr-be\/wp-content\/uploads\/2026\/02\/A-sustainable-approach_1.jpeg","contentUrl":"https:\/\/www.electroluxprofessional.com\/fr-be\/wp-content\/uploads\/2026\/02\/A-sustainable-approach_1.jpeg","width":577,"height":540},{"@type":"BreadcrumbList","@id":"https:\/\/www.electroluxprofessional.com\/fr-be\/solutions-durables\/#breadcrumb","itemListElement":[{"@type":"ListItem","position":1,"name":"Home","item":"https:\/\/www.electroluxprofessional.com\/fr-be\/"},{"@type":"ListItem","position":2,"name":"Solutions durables"}]},{"@type":"WebSite","@id":"https:\/\/www.electroluxprofessional.com\/fr-be\/#website","url":"https:\/\/www.electroluxprofessional.com\/fr-be\/","name":"Electrolux Professional Belgique","description":"Electrolux Professional est le leader mondial en mati\u00e8re d&#039;\u00e9quipements de cuisines et de blanchisseries professionnelles.","potentialAction":[{"@type":"SearchAction","target":{"@type":"EntryPoint","urlTemplate":"https:\/\/www.electroluxprofessional.com\/fr-be\/?src={search_term_string}"},"query-input":"required name=search_term_string"}],"inLanguage":"fr-BE"}]}},"_links":{"self":[{"href":"https:\/\/www.electroluxprofessional.com\/fr-be\/wp-json\/wp\/v2\/pages\/14425"}],"collection":[{"href":"https:\/\/www.electroluxprofessional.com\/fr-be\/wp-json\/wp\/v2\/pages"}],"about":[{"href":"https:\/\/www.electroluxprofessional.com\/fr-be\/wp-json\/wp\/v2\/types\/page"}],"author":[{"embeddable":true,"href":"https:\/\/www.electroluxprofessional.com\/fr-be\/wp-json\/wp\/v2\/users\/1"}],"replies":[{"embeddable":true,"href":"https:\/\/www.electroluxprofessional.com\/fr-be\/wp-json\/wp\/v2\/comments?post=14425"}],"version-history":[{"count":12,"href":"https:\/\/www.electroluxprofessional.com\/fr-be\/wp-json\/wp\/v2\/pages\/14425\/revisions"}],"predecessor-version":[{"id":14555,"href":"https:\/\/www.electroluxprofessional.com\/fr-be\/wp-json\/wp\/v2\/pages\/14425\/revisions\/14555"}],"wp:featuredmedia":[{"embeddable":true,"href":"https:\/\/www.electroluxprofessional.com\/fr-be\/wp-json\/wp\/v2\/media\/14401"}],"wp:attachment":[{"href":"https:\/\/www.electroluxprofessional.com\/fr-be\/wp-json\/wp\/v2\/media?parent=14425"}],"curies":[{"name":"wp","href":"https:\/\/api.w.org\/{rel}","templated":true}]}}