{"id":14373,"date":"2026-01-22T08:43:18","date_gmt":"2026-01-22T08:43:18","guid":{"rendered":"https:\/\/www.electroluxprofessional.com\/fr-be\/?page_id=14373"},"modified":"2026-02-10T08:03:33","modified_gmt":"2026-02-10T08:03:33","slug":"tables-refrigerees","status":"publish","type":"page","link":"https:\/\/www.electroluxprofessional.com\/fr-be\/tables-refrigerees\/","title":{"rendered":"Tables r\u00e9frig\u00e9r\u00e9es professionnelles ecostoreHP Classe A"},"content":{"rendered":"<p>[vc_row full_width=&#8221;electroluxpro-full-width-no-padding&#8221;][vc_column][elx_full_banner title=&#8221;Tables r\u00e9frig\u00e9r\u00e9es professionnelles ecostoreHP Classe A&#8221; link=&#8221;url:https%3A%2F%2Fwww.electroluxprofessional.com%2Ffr-be%2Fequipement-cuisine%2Frefrigeration%2Ftables-refrigerees%2F%23contact|title:%C3%8Atre%20recontact%C3%A9&#8243; background_image_media_library=&#8221;14371&#8243; background_image_media_library_mobile=&#8221;14372&#8243;][\/vc_column][\/vc_row][vc_row][vc_column][vc_empty_space][vc_column_text]<span style=\"font-weight: 400;\">Electrolux Professional booste votre efficacit\u00e9 en cuisine avec la gamme de tables r\u00e9frig\u00e9r\u00e9es ecostoreHP.<\/span>[\/vc_column_text][elx_heading text_color=&#8221;inherit&#8221;]Tables r\u00e9frig\u00e9r\u00e9es hautement performantes et durables[\/elx_heading][vc_empty_space][\/vc_column][\/vc_row][vc_row][vc_column][vc_single_image image=&#8221;14393&#8243; img_size=&#8221;large&#8221; alignment=&#8221;center&#8221;][vc_empty_space][vc_empty_space][\/vc_column][\/vc_row][vc_row][vc_column][vc_empty_space][elx_heading text_color=&#8221;inherit&#8221;]Con\u00e7ues pour s\u2019adapter \u00e0 toutes les cuisines professionnelles[\/elx_heading][vc_empty_space][\/vc_column][\/vc_row][vc_row][vc_column width=&#8221;1\/3&#8243;][vc_single_image image=&#8221;14361&#8243; img_size=&#8221;full&#8221; alignment=&#8221;center&#8221;][elx_heading font_container=&#8221;h3&#8243; text_color=&#8221;inherit&#8221; text_align=&#8221;text-center&#8221;]Capacit\u00e9 de stockage \u00e9lev\u00e9e[\/elx_heading][vc_column_text]<\/p>\n<p style=\"text-align: center;\"><span style=\"font-weight: 400;\"><strong>50 litres de capacit\u00e9 de r\u00e9frig\u00e9ration suppl\u00e9mentaire,<\/strong> soit 20% de stockage en plus en comparaison avec les tables de m\u00eame encombrement.<\/span><\/p>\n<p>[\/vc_column_text][\/vc_column][vc_column width=&#8221;1\/3&#8243;][vc_single_image image=&#8221;14362&#8243; img_size=&#8221;full&#8221; alignment=&#8221;center&#8221;][elx_heading font_container=&#8221;h3&#8243; text_color=&#8221;inherit&#8221; text_align=&#8221;text-center&#8221;]Design harmonieux[\/elx_heading][vc_column_text]<\/p>\n<p style=\"text-align: center;\"><span style=\"font-weight: 400;\">Les tables r\u00e9frig\u00e9r\u00e9es ecostoreHP peuvent \u00eatre install\u00e9es ou en<strong> pose libre ou encastr\u00e9es<\/strong>. Elles ont le m\u00eame design que les meubles de pr\u00e9paration statique inox pour cr\u00e9er une synergie parfaite dans votre cuisine.<\/span><\/p>\n<p>[\/vc_column_text][\/vc_column][vc_column width=&#8221;1\/3&#8243;][vc_single_image image=&#8221;14363&#8243; img_size=&#8221;full&#8221; alignment=&#8221;center&#8221;][elx_heading font_container=&#8221;h3&#8243; text_color=&#8221;inherit&#8221; text_align=&#8221;text-center&#8221;]Gain de place consid\u00e9rable[\/elx_heading][vc_column_text]<\/p>\n<p style=\"text-align: center;\"><span style=\"font-weight: 400;\">Parfaites pour les petites cuisines ou quand l\u2019espace est une denr\u00e9e rare, les tables r\u00e9frig\u00e9r\u00e9es ecostoreHP sont con\u00e7ues avec des dimensions extracompactes et une isolation optimale.\u00a0<\/span><br \/>\n<b>\u00a0<\/b><b>271 litres en \u00e0 peine plus d\u20191 m\u00b2.<\/b>[\/vc_column_text][\/vc_column][\/vc_row][vc_row][vc_column width=&#8221;1\/3&#8243;][vc_single_image image=&#8221;14364&#8243; img_size=&#8221;full&#8221; alignment=&#8221;center&#8221;][elx_heading font_container=&#8221;h3&#8243; text_color=&#8221;inherit&#8221; text_align=&#8221;text-center&#8221;]S\u00e9curit\u00e9 alimentaire[\/elx_heading][vc_column_text]<\/p>\n<p style=\"text-align: center;\">Equip\u00e9e d\u2019<b>Optiflow<\/b>, un syst\u00e8me intelligent de circulation d\u2019air qui s\u2019adapte \u00e0 votre charge pour assurer une uniformit\u00e9 optimale de la temp\u00e9rature en toutes conditions. Conservation des denr\u00e9es et r\u00e9duction du gaspillage alimentaire garantis.<\/p>\n<p>[\/vc_column_text][\/vc_column][vc_column width=&#8221;1\/3&#8243;][vc_empty_space height=&#8221;15px&#8221;][vc_single_image image=&#8221;14365&#8243; img_size=&#8221;full&#8221; alignment=&#8221;center&#8221;][vc_empty_space height=&#8221;14px&#8221;][elx_heading font_container=&#8221;h3&#8243; text_color=&#8221;inherit&#8221; text_align=&#8221;text-center&#8221;]Personnalisation disponible[\/elx_heading][vc_column_text]<\/p>\n<p style=\"text-align: center;\"><span style=\"font-weight: 400;\">Avec les innombrables options de personnalisation, Electrolux Professional peut concevoir la table dont vous avez besoin, pour une solution id\u00e9ale.<\/span><\/p>\n<p>[\/vc_column_text][\/vc_column][vc_column width=&#8221;1\/3&#8243;][vc_single_image image=&#8221;14366&#8243; img_size=&#8221;full&#8221; alignment=&#8221;center&#8221;][elx_heading font_container=&#8221;h3&#8243; text_color=&#8221;inherit&#8221; text_align=&#8221;text-center&#8221;]\u00c9conomies suppl\u00e9mentaires avec la classe A[\/elx_heading][vc_column_text]<\/p>\n<p style=\"text-align: center;\">La classe d&#8217;efficacit\u00e9 \u00e9nerg\u00e9tique A fait une r\u00e9elle diff\u00e9rence sur votre facture \u00e9nerg\u00e9tique. Demandez \u00e0 votre expert Electrolux Professional de calculer les \u00e9conomies que votre entreprise peut r\u00e9aliser.<\/p>\n<p>[\/vc_column_text][\/vc_column][\/vc_row][vc_row][vc_column][vc_empty_space height=&#8221;50px&#8221;][elx_heading text_color=&#8221;inherit&#8221;]D\u00e9couvrez combien vous pourriez \u00e9conomiser sur votre facture d&#8217;\u00e9nergie[\/elx_heading][vc_empty_space][elx_o2000_ecostore_energy_saving_calculator language=&#8221;fr&#8221; country=&#8221;France&#8221; type=&#8221;counter&#8221;][\/vc_column][\/vc_row][vc_row][vc_column][vc_empty_space][elx_heading text_color=&#8221;inherit&#8221;]Performances, durabilit\u00e9 et \u00e9conomies[\/elx_heading][vc_empty_space height=&#8221;15px&#8221;][\/vc_column][\/vc_row][vc_row][vc_column width=&#8221;2\/3&#8243;][elx_heading font_container=&#8221;h3&#8243; text_color=&#8221;inherit&#8221; text_align=&#8221;text-left&#8221;]Meilleure de leur cat\u00e9gorie[\/elx_heading][vc_column_text]<span style=\"font-weight: 400;\">Le terme HP est synonyme de <\/span><b>Hautes Performances<\/b><span style=\"font-weight: 400;\">, Ecostore \u00e9tant la table r\u00e9frig\u00e9r\u00e9e la plus performante et la plus \u00e9co\u00e9nerg\u00e9tique, ce qui garantit une s\u00e9curit\u00e9 alimentaire et une capacit\u00e9 de stockage suppl\u00e9mentaire.<\/span>[\/vc_column_text][vc_empty_space height=&#8221;12px&#8221;][elx_heading font_container=&#8221;h3&#8243; text_color=&#8221;inherit&#8221; text_align=&#8221;text-left&#8221;]Performances \u00e9nerg\u00e9tiques \u00e9lev\u00e9es[\/elx_heading][vc_column_text]<span style=\"font-weight: 400;\">Cette gamme de tables r\u00e9frig\u00e9r\u00e9es b\u00e9n\u00e9ficie de la <\/span><b>classe climatique 5 <\/b><span style=\"font-weight: 400;\">et de <\/span><b>l\u2019efficacit\u00e9 \u00e9nerg\u00e9tique classe A<\/b><span style=\"font-weight: 400;\">, les deux meilleures cat\u00e9gories du march\u00e9 en termes de performance, d\u2019efficacit\u00e9 dans la pr\u00e9servation des denr\u00e9es alimentaires et d\u2019\u00e9conomies d\u2019\u00e9nergie.\u00a0<\/span>[\/vc_column_text][vc_empty_space height=&#8221;12px&#8221;][\/vc_column][vc_column width=&#8221;1\/3&#8243;][vc_single_image image=&#8221;14367&#8243; img_size=&#8221;large&#8221; alignment=&#8221;center&#8221;][\/vc_column][\/vc_row][vc_row][vc_column][vc_empty_space][elx_heading text_color=&#8221;electrolux-blue&#8221;]L&#8217;un des premiers sur le march\u00e9 \u00e0 proposer des solutions R290 \u00e0 haute efficacit\u00e9[\/elx_heading][vc_empty_space][\/vc_column][\/vc_row][vc_row][vc_column width=&#8221;1\/4&#8243;][vc_single_image image=&#8221;14368&#8243; img_size=&#8221;medium&#8221; alignment=&#8221;center&#8221;][vc_empty_space][\/vc_column][vc_column width=&#8221;3\/4&#8243;][vc_column_text]<strong>Le gaz R290 r\u00e9duit l\u2019impact environnemental<\/strong> et a un effet moins agressif sur les composants du r\u00e9frig\u00e9rateur que l\u2019ancien gaz traditionnel.[\/vc_column_text][vc_empty_space][\/vc_column][\/vc_row][vc_row][vc_column width=&#8221;1\/4&#8243;][vc_empty_space][vc_single_image image=&#8221;14369&#8243; img_size=&#8221;medium&#8221; alignment=&#8221;center&#8221;][\/vc_column][vc_column width=&#8221;3\/4&#8243;][vc_column_text]<strong>Le CO2 est un r\u00e9frig\u00e9rant naturel*<\/strong>, sans danger pour l&#8217;environnement. Il est ininflammable, non toxique et 20 % plus \u00e9conome en \u00e9nergie**, avec un \u00e9change thermique 5 fois sup\u00e9rieur** \u00e0 celui d&#8217;un syst\u00e8me HFC standard. Le CO2 est respectueux du climat, n&#8217;a pas de potentiel d&#8217;appauvrissement de la couche d&#8217;ozone et son potentiel de r\u00e9chauffement climatique est de un.<\/p>\n<p><em>* disponible sur certains mod\u00e8les \u00e0 distance<\/em><br \/>\n<em>** comparaison bas\u00e9e sur un circuit de refroidissement utilisant le HFC R404A, parmi les meilleurs fluides frigorig\u00e8nes utilis\u00e9s en r\u00e9frig\u00e9ration<\/em>[\/vc_column_text][vc_empty_space][\/vc_column][\/vc_row][vc_row][vc_column][vc_empty_space][\/vc_column][\/vc_row][vc_row][vc_column width=&#8221;3\/4&#8243;][elx_heading font_size=&#8221;h3&#8243; text_color=&#8221;electrolux-blue&#8221;]Pr\u00e9servation des denr\u00e9es avec ecostore<sup>HP<\/sup>[\/elx_heading][vc_empty_space height=&#8221;45px&#8221;][vc_column_text]R\u00e9duisez le gaspillage alimentaire gr\u00e2ce au syst\u00e8me Optiflow et la classe \u00e9nerg\u00e9tique. La classe climatique 5 vous garantit des performances exceptionnelles m\u00eame dans des conditions climatiques extr\u00eames, et pour les aliments n\u00e9cessitant des niveaux de temp\u00e9rature et d\u2019humidit\u00e9 sp\u00e9cifiques.[\/vc_column_text][\/vc_column][vc_column width=&#8221;1\/4&#8243;][vc_single_image image=&#8221;14370&#8243; img_size=&#8221;medium&#8221; alignment=&#8221;center&#8221;][\/vc_column][\/vc_row][vc_row][vc_column][vc_empty_space height=&#8221;50px&#8221;][\/vc_column][\/vc_row][vc_row][vc_column][elx_download_block text=&#8221;D\u00e9couvrez les tables r\u00e9frig\u00e9r\u00e9es ecostore HP<br \/>\nClasse A&#8221; document_type=&#8221;brochures&#8221; file_picker=&#8221;17383&#8243; link=&#8221;https:\/\/www.electroluxprofessional.com\/fr-be\/equipement-cuisine\/refrigeration\/armoires-refrigerees-positives-et-negatives\/&#8221; background_color=&#8221;cat-cool&#8221; background_hover_color=&#8221;lighter-hover&#8221; background_image=&#8221;14359&#8243; reveal_effect=&#8221;&#8221; reveal_duration=&#8221;&#8221; reveal_delay=&#8221;&#8221;][\/vc_column][\/vc_row][vc_row][vc_column][vc_empty_space height=&#8221;50px&#8221;][\/vc_column][\/vc_row][vc_row el_id=&#8221;contact&#8221;][vc_column][elx_heading text_color=&#8221;inherit&#8221; text_align=&#8221;text-center&#8221;]Vous souhaitez plus d&#8217;informations ?[\/elx_heading][elx_heading font_container=&#8221;h6&#8243; text_color=&#8221;inherit&#8221; text_align=&#8221;text-center&#8221;]Contactez-nous via notre formulaire :[\/elx_heading][elx_o2000_contact_us s=&#8221;Demande d&#8217;information : tables r\u00e9frig\u00e9r\u00e9es ecostore HP&#8221; country=&#8221;France&#8221; container=&#8221;elxcontactus1480090979&#8243; r=&#8221;Je souhaite avoir davantage d&#8217;informations \u00e0 propos des tables r\u00e9frig\u00e9r\u00e9es ecostore HP&#8221; l=&#8221;fr&#8221;][vc_empty_space height=&#8221;50px&#8221;][\/vc_column][\/vc_row][vc_row][vc_column][vc_empty_space height=&#8221;50px&#8221;][elx_heading text_color=&#8221;inherit&#8221;]Questions Fr\u00e9quemment Pos\u00e9es (FAQ) :[\/elx_heading]<div class=\"elx-accordion \">    <div class=\"elx-accordion-heading\">        <a class=\"elx-accordion-link elx-accordion-close\">            <h4 class=\" elx-accordion-title\">                Quelles tables r\u00e9frig\u00e9r\u00e9es choisir pour r\u00e9aliser des \u00e9conomies d'\u00e9nergie ?                <img decoding=\"async\" src=\"https:\/\/www.electroluxprofessional.com\/fr-be\/wp-content\/themes\/electroluxpro\/assets\/epr-icon-minus-blue.svg\" class=\"elx-minus elx-hidden\" \/>                <img decoding=\"async\" src=\"https:\/\/www.electroluxprofessional.com\/fr-be\/wp-content\/themes\/electroluxpro\/assets\/epr-icon-plus-blue.svg\" class=\"elx-plus\" \/>            <\/h4>        <\/a>    <\/div>    <div class=\"elx-accordion-body elx-accordion-close\"><p>[vc_column_text]<span style=\"font-weight: 400;\">Les tables ecostoreHP sont cat\u00e9goris\u00e9es classe A en termes d&#8217;efficacit\u00e9 \u00e9nerg\u00e9tique, ce qui garantit une faible consommation d&#8217;\u00e9nergie et vous permet de r\u00e9duire l&#8217;empreinte carbone de votre activit\u00e9. Par ailleurs, elles b\u00e9n\u00e9ficient \u00e9galement de la classe climatique 5, assurant une performance optimale m\u00eame en environnements chauds. Leur conception durable et l&#8217;utilisation de mat\u00e9riaux de haute qualit\u00e9 prolongent leur dur\u00e9e de vie, diminuant ainsi la n\u00e9cessit\u00e9 de remplacements fr\u00e9quents. En r\u00e9sum\u00e9, les tables r\u00e9frig\u00e9r\u00e9es ecostoreHP sont une solution \u00e9cologique et durable pour les cuisines professionnelles.<\/span>[\/vc_column_text]<\/p>\n    <\/div><\/div><div class=\"elx-accordion \">    <div class=\"elx-accordion-heading\">        <a class=\"elx-accordion-link elx-accordion-close\">            <h4 class=\" elx-accordion-title\">                Quels sont les crit\u00e8res \u00e0 consid\u00e9rer lors du choix d'une table r\u00e9frig\u00e9r\u00e9e ?                <img decoding=\"async\" src=\"https:\/\/www.electroluxprofessional.com\/fr-be\/wp-content\/themes\/electroluxpro\/assets\/epr-icon-minus-blue.svg\" class=\"elx-minus elx-hidden\" \/>                <img decoding=\"async\" src=\"https:\/\/www.electroluxprofessional.com\/fr-be\/wp-content\/themes\/electroluxpro\/assets\/epr-icon-plus-blue.svg\" class=\"elx-plus\" \/>            <\/h4>        <\/a>    <\/div>    <div class=\"elx-accordion-body elx-accordion-close\"><p>[vc_column_text]<span style=\"font-weight: 400;\">L\u2019efficacit\u00e9 \u00e9nerg\u00e9tique, la capacit\u00e9 de stockage, la performance de la conservation des aliments, la compatibilit\u00e9 avec l&#8217;espace disponible, les options de personnalisation, et la facilit\u00e9 d&#8217;entretien sont autant de crit\u00e8res auxquels pr\u00eater attention lors du choix de votre table r\u00e9frig\u00e9r\u00e9e.\u00a0<\/span>[\/vc_column_text]<\/p>\n    <\/div><\/div><div class=\"elx-accordion \">    <div class=\"elx-accordion-heading\">        <a class=\"elx-accordion-link elx-accordion-close\">            <h4 class=\" elx-accordion-title\">                Les tables r\u00e9frig\u00e9r\u00e9es ecostoreHP : pour quel type de cuisine professionnelle ?                <img decoding=\"async\" src=\"https:\/\/www.electroluxprofessional.com\/fr-be\/wp-content\/themes\/electroluxpro\/assets\/epr-icon-minus-blue.svg\" class=\"elx-minus elx-hidden\" \/>                <img decoding=\"async\" src=\"https:\/\/www.electroluxprofessional.com\/fr-be\/wp-content\/themes\/electroluxpro\/assets\/epr-icon-plus-blue.svg\" class=\"elx-plus\" \/>            <\/h4>        <\/a>    <\/div>    <div class=\"elx-accordion-body elx-accordion-close\"><p>[vc_column_text]<span style=\"font-weight: 400;\">Les cuisines de restaurants, les cuisines d&#8217;h\u00f4tels, les services de traiteur, les \u00e9tablissements scolaires et hospitaliers, ainsi que les cuisines d&#8217;entreprise peuvent b\u00e9n\u00e9ficier des tables r\u00e9frig\u00e9r\u00e9es ecostoreHP gr\u00e2ce \u00e0 leur haute performance et leur adaptabilit\u00e9 \u00e0 diff\u00e9rents espaces.<\/span>[\/vc_column_text]<\/p>\n    <\/div><\/div>[\/vc_column][\/vc_row][vc_row full_width=&#8221;electroluxpro-full-width-no-padding&#8221;][vc_column]<div class=\"com21-product-filter-container 26\">[vc_empty_space][\/vc_column][\/vc_row]<\/p>\n","protected":false},"excerpt":{"rendered":"<p>[vc_row full_width=&#8221;electroluxpro-full-width-no-padding&#8221;][vc_column][elx_full_banner title=&#8221;Tables r\u00e9frig\u00e9r\u00e9es professionnelles ecostoreHP Classe A&#8221; link=&#8221;url:https%3A%2F%2Fwww.electroluxprofessional.com%2Ffr-be%2Fequipement-cuisine%2Frefrigeration%2Ftables-refrigerees%2F%23contact|title:%C3%8Atre%20recontact%C3%A9&#8243; background_image_media_library=&#8221;14371&#8243; background_image_media_library_mobile=&#8221;14372&#8243;][\/vc_column][\/vc_row][vc_row][vc_column][vc_empty_space][vc_column_text]Electrolux Professional booste votre efficacit\u00e9 en cuisine avec la gamme de tables r\u00e9frig\u00e9r\u00e9es ecostoreHP.[\/vc_column_text][elx_heading text_color=&#8221;inherit&#8221;]Tables r\u00e9frig\u00e9r\u00e9es hautement performantes et durables[\/elx_heading][vc_empty_space][\/vc_column][\/vc_row][vc_row][vc_column][vc_single_image image=&#8221;14393&#8243; img_size=&#8221;large&#8221; alignment=&#8221;center&#8221;][vc_empty_space][vc_empty_space][\/vc_column][\/vc_row][vc_row][vc_column][vc_empty_space][elx_heading text_color=&#8221;inherit&#8221;]Con\u00e7ues pour s\u2019adapter \u00e0 toutes les cuisines professionnelles[\/elx_heading][vc_empty_space][\/vc_column][\/vc_row][vc_row][vc_column width=&#8221;1\/3&#8243;][vc_single_image image=&#8221;14361&#8243; img_size=&#8221;full&#8221; alignment=&#8221;center&#8221;][elx_heading font_container=&#8221;h3&#8243; text_color=&#8221;inherit&#8221; text_align=&#8221;text-center&#8221;]Capacit\u00e9 de stockage \u00e9lev\u00e9e[\/elx_heading][vc_column_text] 50 litres de capacit\u00e9 [&hellip;]<\/p>\n","protected":false},"author":125,"featured_media":0,"parent":0,"menu_order":0,"comment_status":"closed","ping_status":"closed","template":"","meta":{"footnotes":""},"class_list":["post-14373","page","type-page","status-publish","hentry"],"acf":[],"yoast_head":"<!-- This site is optimized with the Yoast SEO plugin v23.3 - https:\/\/yoast.com\/wordpress\/plugins\/seo\/ -->\n<title>Tables r\u00e9frig\u00e9r\u00e9es professionnelles ecostoreHP Classe A - Electrolux Professional Belgique<\/title>\n<meta name=\"description\" content=\"R\u00e9frig\u00e9rateurs industriels Electrolux Professional, mod\u00e8les ecostore HP avec efficacit\u00e9 \u00e9nerg\u00e9tique et conception durable.\" \/>\n<meta name=\"robots\" content=\"index, follow, max-snippet:-1, max-image-preview:large, max-video-preview:-1\" \/>\n<link rel=\"canonical\" href=\"https:\/\/www.electroluxprofessional.com\/fr-be\/tables-refrigerees\/\" \/>\n<meta property=\"og:locale\" content=\"fr_FR\" \/>\n<meta property=\"og:type\" content=\"article\" \/>\n<meta property=\"og:title\" content=\"Tables r\u00e9frig\u00e9r\u00e9es professionnelles ecostoreHP Classe A - Electrolux Professional Belgique\" \/>\n<meta property=\"og:description\" content=\"R\u00e9frig\u00e9rateurs industriels Electrolux Professional, mod\u00e8les ecostore HP avec efficacit\u00e9 \u00e9nerg\u00e9tique et conception durable.\" \/>\n<meta property=\"og:url\" content=\"https:\/\/www.electroluxprofessional.com\/fr-be\/tables-refrigerees\/\" \/>\n<meta property=\"og:site_name\" content=\"Electrolux Professional Belgique\" \/>\n<meta property=\"article:modified_time\" content=\"2026-02-10T08:03:33+00:00\" \/>\n<meta name=\"twitter:card\" content=\"summary_large_image\" \/>\n<meta name=\"twitter:label1\" content=\"Dur\u00e9e de lecture est.\" \/>\n\t<meta name=\"twitter:data1\" content=\"5 minutes\" \/>\n<script type=\"application\/ld+json\" class=\"yoast-schema-graph\">{\"@context\":\"https:\/\/schema.org\",\"@graph\":[{\"@type\":\"WebPage\",\"@id\":\"https:\/\/www.electroluxprofessional.com\/fr-be\/tables-refrigerees\/\",\"url\":\"https:\/\/www.electroluxprofessional.com\/fr-be\/tables-refrigerees\/\",\"name\":\"Tables r\u00e9frig\u00e9r\u00e9es professionnelles ecostoreHP Classe A - Electrolux Professional Belgique\",\"isPartOf\":{\"@id\":\"https:\/\/www.electroluxprofessional.com\/fr-be\/#website\"},\"datePublished\":\"2026-01-22T08:43:18+00:00\",\"dateModified\":\"2026-02-10T08:03:33+00:00\",\"description\":\"R\u00e9frig\u00e9rateurs industriels Electrolux Professional, mod\u00e8les ecostore HP avec efficacit\u00e9 \u00e9nerg\u00e9tique et conception durable.\",\"breadcrumb\":{\"@id\":\"https:\/\/www.electroluxprofessional.com\/fr-be\/tables-refrigerees\/#breadcrumb\"},\"inLanguage\":\"fr-BE\",\"potentialAction\":[{\"@type\":\"ReadAction\",\"target\":[\"https:\/\/www.electroluxprofessional.com\/fr-be\/tables-refrigerees\/\"]}]},{\"@type\":\"BreadcrumbList\",\"@id\":\"https:\/\/www.electroluxprofessional.com\/fr-be\/tables-refrigerees\/#breadcrumb\",\"itemListElement\":[{\"@type\":\"ListItem\",\"position\":1,\"name\":\"Home\",\"item\":\"https:\/\/www.electroluxprofessional.com\/fr-be\/\"},{\"@type\":\"ListItem\",\"position\":2,\"name\":\"Tables r\u00e9frig\u00e9r\u00e9es professionnelles ecostoreHP Classe A\"}]},{\"@type\":\"WebSite\",\"@id\":\"https:\/\/www.electroluxprofessional.com\/fr-be\/#website\",\"url\":\"https:\/\/www.electroluxprofessional.com\/fr-be\/\",\"name\":\"Electrolux Professional Belgique\",\"description\":\"Electrolux Professional est le leader mondial en mati\u00e8re d&#039;\u00e9quipements de cuisines et de blanchisseries professionnelles.\",\"potentialAction\":[{\"@type\":\"SearchAction\",\"target\":{\"@type\":\"EntryPoint\",\"urlTemplate\":\"https:\/\/www.electroluxprofessional.com\/fr-be\/?src={search_term_string}\"},\"query-input\":\"required name=search_term_string\"}],\"inLanguage\":\"fr-BE\"}]}<\/script>\n<!-- \/ Yoast SEO plugin. -->","yoast_head_json":{"title":"Tables r\u00e9frig\u00e9r\u00e9es professionnelles ecostoreHP Classe A - Electrolux Professional Belgique","description":"R\u00e9frig\u00e9rateurs industriels Electrolux Professional, mod\u00e8les ecostore HP avec efficacit\u00e9 \u00e9nerg\u00e9tique et conception durable.","robots":{"index":"index","follow":"follow","max-snippet":"max-snippet:-1","max-image-preview":"max-image-preview:large","max-video-preview":"max-video-preview:-1"},"canonical":"https:\/\/www.electroluxprofessional.com\/fr-be\/tables-refrigerees\/","og_locale":"fr_FR","og_type":"article","og_title":"Tables r\u00e9frig\u00e9r\u00e9es professionnelles ecostoreHP Classe A - Electrolux Professional Belgique","og_description":"R\u00e9frig\u00e9rateurs industriels Electrolux Professional, mod\u00e8les ecostore HP avec efficacit\u00e9 \u00e9nerg\u00e9tique et conception durable.","og_url":"https:\/\/www.electroluxprofessional.com\/fr-be\/tables-refrigerees\/","og_site_name":"Electrolux Professional Belgique","article_modified_time":"2026-02-10T08:03:33+00:00","twitter_card":"summary_large_image","twitter_misc":{"Dur\u00e9e de lecture est.":"5 minutes"},"schema":{"@context":"https:\/\/schema.org","@graph":[{"@type":"WebPage","@id":"https:\/\/www.electroluxprofessional.com\/fr-be\/tables-refrigerees\/","url":"https:\/\/www.electroluxprofessional.com\/fr-be\/tables-refrigerees\/","name":"Tables r\u00e9frig\u00e9r\u00e9es professionnelles ecostoreHP Classe A - Electrolux Professional Belgique","isPartOf":{"@id":"https:\/\/www.electroluxprofessional.com\/fr-be\/#website"},"datePublished":"2026-01-22T08:43:18+00:00","dateModified":"2026-02-10T08:03:33+00:00","description":"R\u00e9frig\u00e9rateurs industriels Electrolux Professional, mod\u00e8les ecostore HP avec efficacit\u00e9 \u00e9nerg\u00e9tique et conception durable.","breadcrumb":{"@id":"https:\/\/www.electroluxprofessional.com\/fr-be\/tables-refrigerees\/#breadcrumb"},"inLanguage":"fr-BE","potentialAction":[{"@type":"ReadAction","target":["https:\/\/www.electroluxprofessional.com\/fr-be\/tables-refrigerees\/"]}]},{"@type":"BreadcrumbList","@id":"https:\/\/www.electroluxprofessional.com\/fr-be\/tables-refrigerees\/#breadcrumb","itemListElement":[{"@type":"ListItem","position":1,"name":"Home","item":"https:\/\/www.electroluxprofessional.com\/fr-be\/"},{"@type":"ListItem","position":2,"name":"Tables r\u00e9frig\u00e9r\u00e9es professionnelles ecostoreHP Classe A"}]},{"@type":"WebSite","@id":"https:\/\/www.electroluxprofessional.com\/fr-be\/#website","url":"https:\/\/www.electroluxprofessional.com\/fr-be\/","name":"Electrolux Professional Belgique","description":"Electrolux Professional est le leader mondial en mati\u00e8re d&#039;\u00e9quipements de cuisines et de blanchisseries professionnelles.","potentialAction":[{"@type":"SearchAction","target":{"@type":"EntryPoint","urlTemplate":"https:\/\/www.electroluxprofessional.com\/fr-be\/?src={search_term_string}"},"query-input":"required name=search_term_string"}],"inLanguage":"fr-BE"}]}},"_links":{"self":[{"href":"https:\/\/www.electroluxprofessional.com\/fr-be\/wp-json\/wp\/v2\/pages\/14373"}],"collection":[{"href":"https:\/\/www.electroluxprofessional.com\/fr-be\/wp-json\/wp\/v2\/pages"}],"about":[{"href":"https:\/\/www.electroluxprofessional.com\/fr-be\/wp-json\/wp\/v2\/types\/page"}],"author":[{"embeddable":true,"href":"https:\/\/www.electroluxprofessional.com\/fr-be\/wp-json\/wp\/v2\/users\/125"}],"replies":[{"embeddable":true,"href":"https:\/\/www.electroluxprofessional.com\/fr-be\/wp-json\/wp\/v2\/comments?post=14373"}],"version-history":[{"count":2,"href":"https:\/\/www.electroluxprofessional.com\/fr-be\/wp-json\/wp\/v2\/pages\/14373\/revisions"}],"predecessor-version":[{"id":14394,"href":"https:\/\/www.electroluxprofessional.com\/fr-be\/wp-json\/wp\/v2\/pages\/14373\/revisions\/14394"}],"wp:attachment":[{"href":"https:\/\/www.electroluxprofessional.com\/fr-be\/wp-json\/wp\/v2\/media?parent=14373"}],"curies":[{"name":"wp","href":"https:\/\/api.w.org\/{rel}","templated":true}]}}