{"id":13676,"date":"2025-07-07T08:18:39","date_gmt":"2025-07-07T08:18:39","guid":{"rendered":"https:\/\/www.electroluxprofessional.com\/fr-be\/?page_id=13676"},"modified":"2026-02-19T10:32:29","modified_gmt":"2026-02-19T10:32:29","slug":"neoblue-lave-verres","status":"publish","type":"page","link":"https:\/\/www.electroluxprofessional.com\/fr-be\/cuisine-2\/neoblue-lave-verres\/","title":{"rendered":"Lave-verres NeoBlue"},"content":{"rendered":"<p>[vc_row full_width=&#8221;electroluxpro-full-width-no-padding&#8221; el_id=&#8221;banner&#8221;][vc_column][elx_image_block is_full_height=&#8221;full-height&#8221; background_image=&#8221;13670&#8243; minimum_height=&#8221;350px&#8221;][\/vc_column][\/vc_row][vc_row][vc_column][vc_empty_space][elx_text_image tag_title=&#8221;h1&#8243; number_images=&#8221;2&#8243; style_image=&#8221;image_square&#8221; bg_row=&#8221;bg-download-white&#8221; title=&#8221;Lave-verres NeoBlue :<br \/>\nmaximiser les r\u00e9sultats dans un minimum d&#8217;espace&#8221; lists=&#8221;%5B%7B%7D%5D&#8221; values=&#8221;%5B%5D&#8221; double_image_1=&#8221;13669&#8243;]Le <strong>lave-verres NeoBlue <\/strong>Electrolux Professional est con\u00e7u sp\u00e9cifiquement pour les petites structures. Ce <strong>mod\u00e8le simple paroi<\/strong> n&#8217;a pas peur des contraintes d&#8217;espace. Avec une hauteur de chargement de 290 mm, il peut accueillir facilement des verres de grande taille.<\/p>\n<p>Avec le lave-verres NeoBlue, les op\u00e9rations sont plus simples que jamais. Une <strong>formation minimale<\/strong> est requise, gr\u00e2ce \u00e0 sa <strong>conception et son ergonomie<\/strong>. Choisissez parmi <strong>quatre programmes s\u00e9lectionnables<\/strong> en fonction de vos besoins, offrant une plus grande flexibilit\u00e9. Surveillez facilement l&#8217;\u00e9tat de l&#8217;appareil <strong>avec le bouton principal \u00e0 code couleur<\/strong>, tandis que les voyants suppl\u00e9mentaires sur l&#8217;\u00e9cran offrent un contr\u00f4le complet.[\/elx_text_image][elx_o2000_contact_us s=&#8221;Demande infos laverie vaisselle&#8221; country=&#8221;Belgium&#8221; b=&#8221;food&#8221;][vc_empty_space][\/vc_column][\/vc_row][vc_row css=&#8221;.vc_custom_1721651804739{background-color: #e9eff5 !important;}&#8221;][vc_column][elx_features_download title=&#8221;Flexible et performant&#8221; title_download=&#8221;T\u00e9l\u00e9charger&#8221; title_discover=&#8221;D\u00e9couvrir&#8221; bg_discover_color=&#8221;bg-download-white&#8221; link_discover_color=&#8221;download-text-blue&#8221; title_position=&#8221;top&#8221; bg_row=&#8221;bg-row-light-blue&#8221; values=&#8221;%5B%7B%22select_type%22%3A%22pride%22%2C%22link_download%22%3A%22title%3ANeoBlue%2520Touch%2520Undercounter%2520Dishwasher%2520and%2520Glasswasher%2520brochure%7Ctarget%3A_blank%22%2C%22label_pride_document%22%3A%22Brochure%20lave-vaisselle%20NeoBlue%20Touch%20et%20le%20lave-verres%20NeoBlue%22%2C%22document_type%22%3A%22brochures%22%2C%22br_document_number%22%3A%22BR-9JE00236%22%7D%5D&#8221; discover=&#8221;%5B%7B%22link_discover%22%3A%22url%3Ahttps%253A%252F%252Fwww.electroluxprofessional.com%252Ffr%252Faccessoires-consommables%252Fequipements-lavage%252F%7Ctitle%3AAccessoires%7Ctarget%3A_blank%22%7D%5D&#8221; features=&#8221;%5B%7B%22icon_electroluxpro%22%3A%22elx-icon%20icon-circle-star-perfomance-blue%22%2C%22title_icon%22%3A%22R%C3%A9sultats%20de%20lavage%20et%20de%20rin%C3%A7age%20parfaits%22%2C%22tag_icon_title%22%3A%22h4%22%2C%22text_icon%22%3A%22Assurez%20une%20propret%C3%A9%20totale%20gr%C3%A2ce%20%C3%A0%20la%20conception%20des%20puissants%20bras%20de%20rin%C3%A7age%20sup%C3%A9rieurs%20et%20inf%C3%A9rieurs.%22%7D%2C%7B%22icon_electroluxpro%22%3A%22elx-icon%20icon-circle-easy-blue%22%2C%22title_icon%22%3A%22Cycles%20silencieux%22%2C%22tag_icon_title%22%3A%22h4%22%2C%22text_icon%22%3A%22Profitez%20d&#8217;un%20environnement%20calme%20derri%C3%A8re%20votre%20comptoir%20ou%20dans%20votre%20cuisine%2C%20gr%C3%A2ce%20%C3%A0%20la%20porte%20%C3%A0%20double%20paroi%20et%20au%20fonctionnement%20fluide%20assur%C3%A9%20par%20la%20porte%20%C3%A0%20ouverture%20douce.%22%7D%2C%7B%22icon_electroluxpro%22%3A%22elx-icon%20icon-circle-clean-blue%22%2C%22title_icon%22%3A%22Fiable%20et%20durable%22%2C%22tag_icon_title%22%3A%22h4%22%2C%22text_icon%22%3A%22Ajoutez%20une%20solution%20durable%20%C3%A0%20votre%20structure%20avec%20le%20lave-verres%20NeoBlue.%20Son%20corps%20en%20acier%20inoxydable%20assure%20sa%20fiabilit%C3%A9.%20La%20version%20Pr%C3%AAt%20%C3%A0%20Brancher%20comprend%20une%20pompe%20%C3%A0%20d%C3%A9tergent%2C%20une%20pompe%20de%20vidange%20et%20des%20filtres.%20Profitez%20d&#8217;une%20utilisation%20facile%20et%20d&#8217;un%20entretien%20simple%20avec%20des%20composants%20accessibles.%22%7D%5D&#8221;][\/elx_features_download][vc_empty_space][\/vc_column][\/vc_row][vc_row el_id=&#8221;Accessories&#8221;][vc_column]<div class=\"elx-accordion \">    <div class=\"elx-accordion-heading\">        <a class=\"elx-accordion-link elx-accordion-open\">            <h4 class=\" elx-accordion-title\">                Accessoires et d\u00e9tergents                <img decoding=\"async\" src=\"https:\/\/www.electroluxprofessional.com\/fr-be\/wp-content\/themes\/electroluxpro\/assets\/epr-icon-minus-blue.svg\" class=\"elx-minus\" \/>                <img decoding=\"async\" src=\"https:\/\/www.electroluxprofessional.com\/fr-be\/wp-content\/themes\/electroluxpro\/assets\/epr-icon-plus-blue.svg\" class=\"elx-plus elx-hidden\" \/>            <\/h4>        <\/a>    <\/div>    <div class=\"elx-accordion-body elx-accordion-open\"><p>[vc_row_inner][vc_column_inner width=&#8221;1\/2&#8243;][elx_heading font_size=&#8221;h5&#8243; text_color=&#8221;inherit&#8221;]Des paniers pour tous les besoins[\/elx_heading][vc_column_text]Les lave-verres NeoBlue mod\u00e8le S conviennent aux paniers de 400&#215;400 mm. Choisissez ceux qui conviennent le mieux parmi notre gamme d&#8217;accessoires.[\/vc_column_text][vc_empty_space][elx_shop_now button_text=&#8221;ACHETEZ MAINTENANT&#8221; button_display_block=&#8221;display_block_on&#8221; button_alignment=&#8221;align_center&#8221; button_link=&#8221;url:https%3A%2F%2Fbuy.electroluxprofessional.com%2Fparts%3Fq%3Dbaskets&#8221;][vc_empty_space height=&#8221;80px&#8221;][\/vc_column_inner][vc_column_inner width=&#8221;1\/2&#8243;][vc_single_image image=&#8221;13671&#8243; img_size=&#8221;300*250&#8243; alignment=&#8221;center&#8221; css_animation=&#8221;none&#8221;][\/vc_column_inner][\/vc_row_inner][vc_row_inner][vc_column_inner width=&#8221;1\/2&#8243;][vc_single_image image=&#8221;13672&#8243; img_size=&#8221;530*285&#8243; alignment=&#8221;center&#8221; css_animation=&#8221;none&#8221;][\/vc_column_inner][vc_column_inner width=&#8221;1\/2&#8243;][elx_heading font_size=&#8221;h5&#8243; text_color=&#8221;inherit&#8221;]D\u00e9tergents liquides pour lave-verres professionnels[\/elx_heading][vc_column_text]Ces d\u00e9tergents \u00e9liminent les gouttes et les taches pour les verres brillants, laissant le tout parfaitement sec et propre. Gr\u00e2ce \u00e0 une formule sp\u00e9cifique nous \u00e9vitons la formation de calcaire.[\/vc_column_text][vc_empty_space][elx_shop_now button_text=&#8221;ACHETEZ MAINTENANT&#8221; button_display_block=&#8221;display_block_on&#8221; button_alignment=&#8221;align_center&#8221; button_link=&#8221;url:https%3A%2F%2Fbuy.electroluxprofessional.com%2Felectrolux-professional%2Fcleaners-detergents%2Fparts|||&#8221;][vc_empty_space][\/vc_column_inner][\/vc_row_inner]<\/p>\n    <\/div><\/div>[\/vc_column][\/vc_row][vc_row][vc_column][vc_empty_space height=&#8221;50px&#8221;][elx_heading text_color=&#8221;inherit&#8221; text_align=&#8221;text-center&#8221;]Contactez-nous pour recevoir plus d&#8217;informations sur le<br \/>\nLave-verres NeoBlue[\/elx_heading][vc_empty_space][elx_o2000_contact_us s=&#8221;Demande infos laverie vaisselle&#8221; country=&#8221;Belgium&#8221; b=&#8221;food&#8221;][vc_empty_space height=&#8221;50px&#8221;][\/vc_column][\/vc_row][vc_row][vc_column][vc_empty_space height=&#8221;50px&#8221;][elx_multiple_columns number_columns=&#8221;4&#8243; bg_row=&#8221;bg-download-white&#8221; title=&#8221;Trouvez votre solution compl\u00e8te&#8221; values=&#8221;%5B%7B%22image_section%22%3A%2213673%22%2C%22title_section%22%3A%22Caf%C3%A9%20et%20boulangerie%22%2C%22text_section%22%3A%22Pour%20les%20activit%C3%A9s%20qui%20servent%20de%20la%20nourriture%20toute%20la%20journ%C3%A9e.%22%2C%22link_section%22%3A%22url%3Ahttps%253A%252F%252Fwww.electroluxprofessional.com%252Ffr%252Fsolutions%252Fequipements-cuisine-pro-restauration-snacking%252F%7Ctitle%3ATROUVEZ%2520LES%2520SOLUTIONS%2520%7Ctarget%3A_blank%22%2C%22button_style%22%3A%22secondary-bordered%22%7D%2C%7B%22image_section%22%3A%2213674%22%2C%22title_section%22%3A%22Bars%20et%20pubs%22%2C%22text_section%22%3A%22Soyez%20plus%20rapide.%20Rendez%20la%20pause%20de%20vos%20clients%20agr%C3%A9able.%22%2C%22link_section%22%3A%22url%3Ahttps%253A%252F%252Fwww.electroluxprofessional.com%252Ffr%252Fintegrer-lave-vaisselle-hotel%252F%7Ctitle%3AACCELEREZ%2520VOTRE%2520CUISINE%7Ctarget%3A_blank%22%2C%22button_style%22%3A%22secondary-bordered%22%7D%2C%7B%22image_section%22%3A%2213675%22%2C%22title_section%22%3A%22D%C3%AEner%20d%C3%A9contract%C3%A9%22%2C%22text_section%22%3A%22G%C3%A9rez%20les%20heures%20de%20pointe%20et%20augmentez%20le%20nombre%20de%20commandes.%22%2C%22link_section%22%3A%22url%3Ahttps%253A%252F%252Fwww.electroluxprofessional.com%252Ffr%252Fequipement-cuisine%252Fequipement-lavage%252Flave-vaisselle-frontal%252F%7Ctitle%3AD%25C3%2589COUVREZ%2520NOTRE%2520GAMME%7Ctarget%3A_blank%22%2C%22button_style%22%3A%22secondary-bordered%22%7D%5D&#8221;][\/elx_multiple_columns][\/vc_column][\/vc_row]<\/p>\n","protected":false},"excerpt":{"rendered":"<p>[vc_row full_width=&#8221;electroluxpro-full-width-no-padding&#8221; el_id=&#8221;banner&#8221;][vc_column][elx_image_block is_full_height=&#8221;full-height&#8221; background_image=&#8221;13670&#8243; minimum_height=&#8221;350px&#8221;][\/vc_column][\/vc_row][vc_row][vc_column][vc_empty_space][elx_text_image tag_title=&#8221;h1&#8243; number_images=&#8221;2&#8243; style_image=&#8221;image_square&#8221; bg_row=&#8221;bg-download-white&#8221; title=&#8221;Lave-verres NeoBlue : maximiser les r\u00e9sultats dans un minimum d&#8217;espace&#8221; lists=&#8221;%5B%7B%7D%5D&#8221; values=&#8221;%5B%5D&#8221; double_image_1=&#8221;13669&#8243;]Le lave-verres NeoBlue Electrolux Professional est con\u00e7u sp\u00e9cifiquement pour les petites structures. Ce mod\u00e8le simple paroi n&#8217;a pas peur des contraintes d&#8217;espace. Avec une hauteur de chargement de 290 mm, il peut accueillir [&hellip;]<\/p>\n","protected":false},"author":125,"featured_media":13669,"parent":9308,"menu_order":0,"comment_status":"closed","ping_status":"closed","template":"","meta":{"footnotes":""},"class_list":["post-13676","page","type-page","status-publish","has-post-thumbnail","hentry"],"acf":[],"yoast_head":"<!-- This site is optimized with the Yoast SEO plugin v23.3 - https:\/\/yoast.com\/wordpress\/plugins\/seo\/ -->\n<title>Lave-verres NeoBlue - Electrolux Professional Belgique<\/title>\n<meta name=\"description\" content=\"D\u00e9couvrez le lave-verres NeoBlue : id\u00e9al pour les petites entreprises, facile \u00e0 utiliser avec 4 programmes et commande intuitive.\" \/>\n<meta name=\"robots\" content=\"index, follow, max-snippet:-1, max-image-preview:large, max-video-preview:-1\" \/>\n<link rel=\"canonical\" href=\"https:\/\/www.electroluxprofessional.com\/fr-be\/cuisine-2\/neoblue-lave-verres\/\" \/>\n<meta property=\"og:locale\" content=\"fr_FR\" \/>\n<meta property=\"og:type\" content=\"article\" \/>\n<meta property=\"og:title\" content=\"Lave-verres NeoBlue - Electrolux Professional Belgique\" \/>\n<meta property=\"og:description\" content=\"D\u00e9couvrez le lave-verres NeoBlue : id\u00e9al pour les petites entreprises, facile \u00e0 utiliser avec 4 programmes et commande intuitive.\" \/>\n<meta property=\"og:url\" content=\"https:\/\/www.electroluxprofessional.com\/fr-be\/cuisine-2\/neoblue-lave-verres\/\" \/>\n<meta property=\"og:site_name\" content=\"Electrolux Professional Belgique\" \/>\n<meta property=\"article:modified_time\" content=\"2026-02-19T10:32:29+00:00\" \/>\n<meta property=\"og:image\" content=\"https:\/\/www.electroluxprofessional.com\/fr-be\/wp-content\/uploads\/2025\/07\/glasswasher-600x600-1.jpg\" \/>\n\t<meta property=\"og:image:width\" content=\"600\" \/>\n\t<meta property=\"og:image:height\" content=\"600\" \/>\n\t<meta property=\"og:image:type\" content=\"image\/jpeg\" \/>\n<meta name=\"twitter:card\" content=\"summary_large_image\" \/>\n<meta name=\"twitter:label1\" content=\"Dur\u00e9e de lecture est.\" \/>\n\t<meta name=\"twitter:data1\" content=\"2 minutes\" \/>\n<script type=\"application\/ld+json\" class=\"yoast-schema-graph\">{\"@context\":\"https:\/\/schema.org\",\"@graph\":[{\"@type\":\"WebPage\",\"@id\":\"https:\/\/www.electroluxprofessional.com\/fr-be\/cuisine-2\/neoblue-lave-verres\/\",\"url\":\"https:\/\/www.electroluxprofessional.com\/fr-be\/cuisine-2\/neoblue-lave-verres\/\",\"name\":\"Lave-verres NeoBlue - Electrolux Professional Belgique\",\"isPartOf\":{\"@id\":\"https:\/\/www.electroluxprofessional.com\/fr-be\/#website\"},\"primaryImageOfPage\":{\"@id\":\"https:\/\/www.electroluxprofessional.com\/fr-be\/cuisine-2\/neoblue-lave-verres\/#primaryimage\"},\"image\":{\"@id\":\"https:\/\/www.electroluxprofessional.com\/fr-be\/cuisine-2\/neoblue-lave-verres\/#primaryimage\"},\"thumbnailUrl\":\"https:\/\/www.electroluxprofessional.com\/fr-be\/wp-content\/uploads\/2025\/07\/glasswasher-600x600-1.jpg\",\"datePublished\":\"2025-07-07T08:18:39+00:00\",\"dateModified\":\"2026-02-19T10:32:29+00:00\",\"description\":\"D\u00e9couvrez le lave-verres NeoBlue : id\u00e9al pour les petites entreprises, facile \u00e0 utiliser avec 4 programmes et commande intuitive.\",\"breadcrumb\":{\"@id\":\"https:\/\/www.electroluxprofessional.com\/fr-be\/cuisine-2\/neoblue-lave-verres\/#breadcrumb\"},\"inLanguage\":\"fr-BE\",\"potentialAction\":[{\"@type\":\"ReadAction\",\"target\":[\"https:\/\/www.electroluxprofessional.com\/fr-be\/cuisine-2\/neoblue-lave-verres\/\"]}]},{\"@type\":\"ImageObject\",\"inLanguage\":\"fr-BE\",\"@id\":\"https:\/\/www.electroluxprofessional.com\/fr-be\/cuisine-2\/neoblue-lave-verres\/#primaryimage\",\"url\":\"https:\/\/www.electroluxprofessional.com\/fr-be\/wp-content\/uploads\/2025\/07\/glasswasher-600x600-1.jpg\",\"contentUrl\":\"https:\/\/www.electroluxprofessional.com\/fr-be\/wp-content\/uploads\/2025\/07\/glasswasher-600x600-1.jpg\",\"width\":600,\"height\":600},{\"@type\":\"BreadcrumbList\",\"@id\":\"https:\/\/www.electroluxprofessional.com\/fr-be\/cuisine-2\/neoblue-lave-verres\/#breadcrumb\",\"itemListElement\":[{\"@type\":\"ListItem\",\"position\":1,\"name\":\"Home\",\"item\":\"https:\/\/www.electroluxprofessional.com\/fr-be\/\"},{\"@type\":\"ListItem\",\"position\":2,\"name\":\"Cuisine\",\"item\":\"https:\/\/www.electroluxprofessional.com\/fr-be\/cuisine-2\/\"},{\"@type\":\"ListItem\",\"position\":3,\"name\":\"Lave-verres NeoBlue\"}]},{\"@type\":\"WebSite\",\"@id\":\"https:\/\/www.electroluxprofessional.com\/fr-be\/#website\",\"url\":\"https:\/\/www.electroluxprofessional.com\/fr-be\/\",\"name\":\"Electrolux Professional Belgique\",\"description\":\"Electrolux Professional est le leader mondial en mati\u00e8re d&#039;\u00e9quipements de cuisines et de blanchisseries professionnelles.\",\"potentialAction\":[{\"@type\":\"SearchAction\",\"target\":{\"@type\":\"EntryPoint\",\"urlTemplate\":\"https:\/\/www.electroluxprofessional.com\/fr-be\/?src={search_term_string}\"},\"query-input\":\"required name=search_term_string\"}],\"inLanguage\":\"fr-BE\"}]}<\/script>\n<!-- \/ Yoast SEO plugin. -->","yoast_head_json":{"title":"Lave-verres NeoBlue - Electrolux Professional Belgique","description":"D\u00e9couvrez le lave-verres NeoBlue : id\u00e9al pour les petites entreprises, facile \u00e0 utiliser avec 4 programmes et commande intuitive.","robots":{"index":"index","follow":"follow","max-snippet":"max-snippet:-1","max-image-preview":"max-image-preview:large","max-video-preview":"max-video-preview:-1"},"canonical":"https:\/\/www.electroluxprofessional.com\/fr-be\/cuisine-2\/neoblue-lave-verres\/","og_locale":"fr_FR","og_type":"article","og_title":"Lave-verres NeoBlue - Electrolux Professional Belgique","og_description":"D\u00e9couvrez le lave-verres NeoBlue : id\u00e9al pour les petites entreprises, facile \u00e0 utiliser avec 4 programmes et commande intuitive.","og_url":"https:\/\/www.electroluxprofessional.com\/fr-be\/cuisine-2\/neoblue-lave-verres\/","og_site_name":"Electrolux Professional Belgique","article_modified_time":"2026-02-19T10:32:29+00:00","og_image":[{"width":600,"height":600,"url":"https:\/\/www.electroluxprofessional.com\/fr-be\/wp-content\/uploads\/2025\/07\/glasswasher-600x600-1.jpg","type":"image\/jpeg"}],"twitter_card":"summary_large_image","twitter_misc":{"Dur\u00e9e de lecture est.":"2 minutes"},"schema":{"@context":"https:\/\/schema.org","@graph":[{"@type":"WebPage","@id":"https:\/\/www.electroluxprofessional.com\/fr-be\/cuisine-2\/neoblue-lave-verres\/","url":"https:\/\/www.electroluxprofessional.com\/fr-be\/cuisine-2\/neoblue-lave-verres\/","name":"Lave-verres NeoBlue - Electrolux Professional Belgique","isPartOf":{"@id":"https:\/\/www.electroluxprofessional.com\/fr-be\/#website"},"primaryImageOfPage":{"@id":"https:\/\/www.electroluxprofessional.com\/fr-be\/cuisine-2\/neoblue-lave-verres\/#primaryimage"},"image":{"@id":"https:\/\/www.electroluxprofessional.com\/fr-be\/cuisine-2\/neoblue-lave-verres\/#primaryimage"},"thumbnailUrl":"https:\/\/www.electroluxprofessional.com\/fr-be\/wp-content\/uploads\/2025\/07\/glasswasher-600x600-1.jpg","datePublished":"2025-07-07T08:18:39+00:00","dateModified":"2026-02-19T10:32:29+00:00","description":"D\u00e9couvrez le lave-verres NeoBlue : id\u00e9al pour les petites entreprises, facile \u00e0 utiliser avec 4 programmes et commande intuitive.","breadcrumb":{"@id":"https:\/\/www.electroluxprofessional.com\/fr-be\/cuisine-2\/neoblue-lave-verres\/#breadcrumb"},"inLanguage":"fr-BE","potentialAction":[{"@type":"ReadAction","target":["https:\/\/www.electroluxprofessional.com\/fr-be\/cuisine-2\/neoblue-lave-verres\/"]}]},{"@type":"ImageObject","inLanguage":"fr-BE","@id":"https:\/\/www.electroluxprofessional.com\/fr-be\/cuisine-2\/neoblue-lave-verres\/#primaryimage","url":"https:\/\/www.electroluxprofessional.com\/fr-be\/wp-content\/uploads\/2025\/07\/glasswasher-600x600-1.jpg","contentUrl":"https:\/\/www.electroluxprofessional.com\/fr-be\/wp-content\/uploads\/2025\/07\/glasswasher-600x600-1.jpg","width":600,"height":600},{"@type":"BreadcrumbList","@id":"https:\/\/www.electroluxprofessional.com\/fr-be\/cuisine-2\/neoblue-lave-verres\/#breadcrumb","itemListElement":[{"@type":"ListItem","position":1,"name":"Home","item":"https:\/\/www.electroluxprofessional.com\/fr-be\/"},{"@type":"ListItem","position":2,"name":"Cuisine","item":"https:\/\/www.electroluxprofessional.com\/fr-be\/cuisine-2\/"},{"@type":"ListItem","position":3,"name":"Lave-verres NeoBlue"}]},{"@type":"WebSite","@id":"https:\/\/www.electroluxprofessional.com\/fr-be\/#website","url":"https:\/\/www.electroluxprofessional.com\/fr-be\/","name":"Electrolux Professional Belgique","description":"Electrolux Professional est le leader mondial en mati\u00e8re d&#039;\u00e9quipements de cuisines et de blanchisseries professionnelles.","potentialAction":[{"@type":"SearchAction","target":{"@type":"EntryPoint","urlTemplate":"https:\/\/www.electroluxprofessional.com\/fr-be\/?src={search_term_string}"},"query-input":"required name=search_term_string"}],"inLanguage":"fr-BE"}]}},"_links":{"self":[{"href":"https:\/\/www.electroluxprofessional.com\/fr-be\/wp-json\/wp\/v2\/pages\/13676"}],"collection":[{"href":"https:\/\/www.electroluxprofessional.com\/fr-be\/wp-json\/wp\/v2\/pages"}],"about":[{"href":"https:\/\/www.electroluxprofessional.com\/fr-be\/wp-json\/wp\/v2\/types\/page"}],"author":[{"embeddable":true,"href":"https:\/\/www.electroluxprofessional.com\/fr-be\/wp-json\/wp\/v2\/users\/125"}],"replies":[{"embeddable":true,"href":"https:\/\/www.electroluxprofessional.com\/fr-be\/wp-json\/wp\/v2\/comments?post=13676"}],"version-history":[{"count":6,"href":"https:\/\/www.electroluxprofessional.com\/fr-be\/wp-json\/wp\/v2\/pages\/13676\/revisions"}],"predecessor-version":[{"id":14400,"href":"https:\/\/www.electroluxprofessional.com\/fr-be\/wp-json\/wp\/v2\/pages\/13676\/revisions\/14400"}],"up":[{"embeddable":true,"href":"https:\/\/www.electroluxprofessional.com\/fr-be\/wp-json\/wp\/v2\/pages\/9308"}],"wp:featuredmedia":[{"embeddable":true,"href":"https:\/\/www.electroluxprofessional.com\/fr-be\/wp-json\/wp\/v2\/media\/13669"}],"wp:attachment":[{"href":"https:\/\/www.electroluxprofessional.com\/fr-be\/wp-json\/wp\/v2\/media?parent=13676"}],"curies":[{"name":"wp","href":"https:\/\/api.w.org\/{rel}","templated":true}]}}